{"id":105548,"date":"2026-04-17T18:29:55","date_gmt":"2026-04-17T15:29:55","guid":{"rendered":"https:\/\/kidsplay.lt\/produktas\/viga-medines-geometrines-kaladeles-delione\/"},"modified":"2026-04-17T18:30:04","modified_gmt":"2026-04-17T15:30:04","slug":"viga-medines-geometrines-kaladeles-delione","status":"publish","type":"product","link":"https:\/\/kidsplay.lt\/lv\/products\/viga-medines-geometrines-kaladeles-delione\/","title":{"rendered":"VIGA medin\u0117s geometrin\u0117s kalad\u0117l\u0117s \u2013 d\u0117lion\u0117."},"content":{"rendered":"<p>Tradicin\u0117s kalad\u0117l\u0117s \u201esuper form\u0173\u201c ir moderni, spalvinga Viga versija leis j\u016bs\u0173 vaikui \u012fveikti vis sud\u0117tingesnius i\u0161\u0161\u016bkius. Vaikai gali atrasti kalad\u0117li\u0173 savybes, susipa\u017einti su dyd\u017eiais, formomis, spalv\u0173 deriniais ir ra\u0161tais. Galimyb\u0117s kurti yra berib\u0117s net ir i\u0161 keli\u0173 kalad\u0117li\u0173. Statykite \u012fsp\u016bdingas kalad\u0117li\u0173 bok\u0161tus naudodamiesi kortel\u0117mis arba savo vaizduote. Lavinamas pusiausvyros poj\u016btis ir praktiniai \u012fg\u016bd\u017eiai, vaizduot\u0117 bei k\u016brybi\u0161kumas, ugdomas loginis m\u0105stymas.<br \/>\nRaksturojums:<\/p>\n<p> \t\u017eaislas nuo 3 met\u0173,<br \/>\n \tkalad\u0117l\u0117s puikiai telpa \u012f ma\u017eas vaik\u0173 rankas,<br \/>\n \trinkinyje esan\u010dios kortel\u0117s turi tris sud\u0117tingumo lygius,<br \/>\n \t\u017eaidimo taisykl\u0117s paprastos: pasirink 1 kortel\u0119 su i\u0161d\u0117stymu ir sud\u0117liok taip pat!,<br \/>\n \t\u017eaidim\u0105 galima pa\u012fvairinti var\u017eybomis su draugais arba laikui skirtomis u\u017eduotimis,<br \/>\n \tpagaminta i\u0161 auk\u0161\u010diausios kokyb\u0117s med\u017eiag\u0173,<br \/>\n \tmedin\u0117s kalad\u0117l\u0117s nuda\u017eytos vaikams saugiais ir ekologi\u0161kais da\u017eais.<\/p>","protected":false},"excerpt":{"rendered":"<p>Tradicin\u0117s kalad\u0117l\u0117s \u201esuper form\u0173\u201c ir moderni, spalvinga Viga versija leis j\u016bs\u0173 vaikui \u012fveikti vis sud\u0117tingesnius i\u0161\u0161\u016bkius. Vaikai gali atrasti kalad\u0117li\u0173<\/p>","protected":false},"featured_media":105550,"template":"","meta":{"_acf_changed":false,"_glsr_average":0,"_glsr_ranking":0,"_glsr_reviews":0},"product_brand":[],"product_cat":[1043,1042],"product_tag":[],"class_list":{"0":"post-105548","1":"product","2":"type-product","3":"status-publish","4":"has-post-thumbnail","6":"product_cat-medines-deliones","7":"product_cat-mediniai-zaislai","8":"\"style=\"background-color: #2ecc711c;\"","10":"first","11":"instock","12":"purchasable","13":"product-type-simple"},"acf":[],"yoast_head":"<!-- This site is optimized with the Yoast SEO plugin v27.4 - https:\/\/yoast.com\/product\/yoast-seo-wordpress\/ -->\n<title>VIGA medin\u0117s geometrin\u0117s kalad\u0117l\u0117s \u2013 d\u0117lion\u0117.<\/title>\n<meta name=\"description\" content=\"VIGA medin\u0117s geometrin\u0117s kalad\u0117l\u0117s \u2013 d\u0117lion\u0117. - KidsPlay. Did\u017eiausias vaik\u0173 \u017eaisl\u0173 pasirinkimas.\" \/>\n<meta name=\"robots\" content=\"index, follow, max-snippet:-1, max-image-preview:large, max-video-preview:-1\" \/>\n<link rel=\"canonical\" href=\"https:\/\/kidsplay.lt\/lv\/products\/viga-medines-geometrines-kaladeles-delione\/\" \/>\n<meta property=\"og:locale\" content=\"lv_LV\" \/>\n<meta property=\"og:type\" content=\"article\" \/>\n<meta property=\"og:title\" content=\"VIGA medin\u0117s geometrin\u0117s kalad\u0117l\u0117s \u2013 d\u0117lion\u0117.\" \/>\n<meta property=\"og:description\" content=\"VIGA medin\u0117s geometrin\u0117s kalad\u0117l\u0117s \u2013 d\u0117lion\u0117. - KidsPlay. Did\u017eiausias vaik\u0173 \u017eaisl\u0173 pasirinkimas.\" \/>\n<meta property=\"og:url\" content=\"https:\/\/kidsplay.lt\/lv\/products\/viga-medines-geometrines-kaladeles-delione\/\" \/>\n<meta property=\"og:site_name\" content=\"KidsPlay\" \/>\n<meta property=\"article:publisher\" content=\"https:\/\/www.facebook.com\/www.kidsplay.lt\" \/>\n<meta property=\"article:modified_time\" content=\"2026-04-17T15:30:04+00:00\" \/>\n<meta property=\"og:image\" content=\"https:\/\/kidsplay.lt\/wp-content\/uploads\/2026\/04\/VIGA-medines-geometrines-kaladeles-\u2013-delione.jpg\" \/>\n\t<meta property=\"og:image:width\" content=\"1600\" \/>\n\t<meta property=\"og:image:height\" content=\"1600\" \/>\n\t<meta property=\"og:image:type\" content=\"image\/jpeg\" \/>\n<meta name=\"twitter:card\" content=\"summary_large_image\" \/>\n<meta name=\"twitter:label1\" content=\"Est. reading time\" \/>\n\t<meta name=\"twitter:data1\" content=\"1 min\u016bte\" \/>\n<script type=\"application\/ld+json\" class=\"yoast-schema-graph\">{\"@context\":\"https:\\\/\\\/schema.org\",\"@graph\":[{\"@type\":\"WebPage\",\"@id\":\"https:\\\/\\\/kidsplay.lt\\\/produktas\\\/viga-medines-geometrines-kaladeles-delione\\\/\",\"url\":\"https:\\\/\\\/kidsplay.lt\\\/produktas\\\/viga-medines-geometrines-kaladeles-delione\\\/\",\"name\":\"VIGA medin\u0117s geometrin\u0117s kalad\u0117l\u0117s \u2013 d\u0117lion\u0117.\",\"isPartOf\":{\"@id\":\"https:\\\/\\\/kidsplay.lt\\\/#website\"},\"primaryImageOfPage\":{\"@id\":\"https:\\\/\\\/kidsplay.lt\\\/produktas\\\/viga-medines-geometrines-kaladeles-delione\\\/#primaryimage\"},\"image\":{\"@id\":\"https:\\\/\\\/kidsplay.lt\\\/produktas\\\/viga-medines-geometrines-kaladeles-delione\\\/#primaryimage\"},\"thumbnailUrl\":\"https:\\\/\\\/kidsplay.lt\\\/wp-content\\\/uploads\\\/2026\\\/04\\\/VIGA-medines-geometrines-kaladeles-\u2013-delione.jpg\",\"datePublished\":\"2026-04-17T15:29:55+00:00\",\"dateModified\":\"2026-04-17T15:30:04+00:00\",\"description\":\"VIGA medin\u0117s geometrin\u0117s kalad\u0117l\u0117s \u2013 d\u0117lion\u0117. - KidsPlay. Did\u017eiausias vaik\u0173 \u017eaisl\u0173 pasirinkimas.\",\"breadcrumb\":{\"@id\":\"https:\\\/\\\/kidsplay.lt\\\/produktas\\\/viga-medines-geometrines-kaladeles-delione\\\/#breadcrumb\"},\"inLanguage\":\"lv-LV\",\"potentialAction\":[{\"@type\":\"ReadAction\",\"target\":[\"https:\\\/\\\/kidsplay.lt\\\/produktas\\\/viga-medines-geometrines-kaladeles-delione\\\/\"]}]},{\"@type\":\"ImageObject\",\"inLanguage\":\"lv-LV\",\"@id\":\"https:\\\/\\\/kidsplay.lt\\\/produktas\\\/viga-medines-geometrines-kaladeles-delione\\\/#primaryimage\",\"url\":\"https:\\\/\\\/kidsplay.lt\\\/wp-content\\\/uploads\\\/2026\\\/04\\\/VIGA-medines-geometrines-kaladeles-\u2013-delione.jpg\",\"contentUrl\":\"https:\\\/\\\/kidsplay.lt\\\/wp-content\\\/uploads\\\/2026\\\/04\\\/VIGA-medines-geometrines-kaladeles-\u2013-delione.jpg\",\"width\":1600,\"height\":1600,\"caption\":\"VIGA medin\u0117s geometrin\u0117s kalad\u0117l\u0117s \u2013 d\u0117lion\u0117.\"},{\"@type\":\"BreadcrumbList\",\"@id\":\"https:\\\/\\\/kidsplay.lt\\\/produktas\\\/viga-medines-geometrines-kaladeles-delione\\\/#breadcrumb\",\"itemListElement\":[{\"@type\":\"ListItem\",\"position\":1,\"name\":\"Pagrindinis\",\"item\":\"https:\\\/\\\/kidsplay.lt\\\/\"},{\"@type\":\"ListItem\",\"position\":2,\"name\":\"Parduotuv\u0117\",\"item\":\"https:\\\/\\\/kidsplay.lt\\\/parduotuve\\\/\"},{\"@type\":\"ListItem\",\"position\":3,\"name\":\"VIGA medin\u0117s geometrin\u0117s kalad\u0117l\u0117s \u2013 d\u0117lion\u0117.\"}]},{\"@type\":\"WebSite\",\"@id\":\"https:\\\/\\\/kidsplay.lt\\\/#website\",\"url\":\"https:\\\/\\\/kidsplay.lt\\\/\",\"name\":\"Kidsplay.lt\",\"description\":\"\u012evairios prek\u0117s vaikams\",\"publisher\":{\"@id\":\"https:\\\/\\\/kidsplay.lt\\\/#organization\"},\"alternateName\":\"Kidsplay\",\"potentialAction\":[{\"@type\":\"SearchAction\",\"target\":{\"@type\":\"EntryPoint\",\"urlTemplate\":\"https:\\\/\\\/kidsplay.lt\\\/?s={search_term_string}\"},\"query-input\":{\"@type\":\"PropertyValueSpecification\",\"valueRequired\":true,\"valueName\":\"search_term_string\"}}],\"inLanguage\":\"lv-LV\"},{\"@type\":\"Organization\",\"@id\":\"https:\\\/\\\/kidsplay.lt\\\/#organization\",\"name\":\"KidsPlay\",\"url\":\"https:\\\/\\\/kidsplay.lt\\\/\",\"logo\":{\"@type\":\"ImageObject\",\"inLanguage\":\"lv-LV\",\"@id\":\"https:\\\/\\\/kidsplay.lt\\\/#\\\/schema\\\/logo\\\/image\\\/\",\"url\":\"https:\\\/\\\/kidsplay.lt\\\/wp-content\\\/uploads\\\/2023\\\/07\\\/kidsplay-logo.png\",\"contentUrl\":\"https:\\\/\\\/kidsplay.lt\\\/wp-content\\\/uploads\\\/2023\\\/07\\\/kidsplay-logo.png\",\"width\":451,\"height\":98,\"caption\":\"KidsPlay\"},\"image\":{\"@id\":\"https:\\\/\\\/kidsplay.lt\\\/#\\\/schema\\\/logo\\\/image\\\/\"},\"sameAs\":[\"https:\\\/\\\/www.facebook.com\\\/www.kidsplay.lt\"]}]}<\/script>\n<!-- \/ Yoast SEO plugin. -->","yoast_head_json":{"title":"VIGA medin\u0117s geometrin\u0117s kalad\u0117l\u0117s \u2013 d\u0117lion\u0117.","description":"VIGA medin\u0117s geometrin\u0117s kalad\u0117l\u0117s \u2013 d\u0117lion\u0117. - KidsPlay. Did\u017eiausias vaik\u0173 \u017eaisl\u0173 pasirinkimas.","robots":{"index":"index","follow":"follow","max-snippet":"max-snippet:-1","max-image-preview":"max-image-preview:large","max-video-preview":"max-video-preview:-1"},"canonical":"https:\/\/kidsplay.lt\/lv\/products\/viga-medines-geometrines-kaladeles-delione\/","og_locale":"lv_LV","og_type":"article","og_title":"VIGA medin\u0117s geometrin\u0117s kalad\u0117l\u0117s \u2013 d\u0117lion\u0117.","og_description":"VIGA medin\u0117s geometrin\u0117s kalad\u0117l\u0117s \u2013 d\u0117lion\u0117. - KidsPlay. Did\u017eiausias vaik\u0173 \u017eaisl\u0173 pasirinkimas.","og_url":"https:\/\/kidsplay.lt\/lv\/products\/viga-medines-geometrines-kaladeles-delione\/","og_site_name":"KidsPlay","article_publisher":"https:\/\/www.facebook.com\/www.kidsplay.lt","article_modified_time":"2026-04-17T15:30:04+00:00","og_image":[{"width":1600,"height":1600,"url":"https:\/\/kidsplay.lt\/wp-content\/uploads\/2026\/04\/VIGA-medines-geometrines-kaladeles-\u2013-delione.jpg","type":"image\/jpeg"}],"twitter_card":"summary_large_image","twitter_misc":{"Est. reading time":"1 min\u016bte"},"schema":{"@context":"https:\/\/schema.org","@graph":[{"@type":"WebPage","@id":"https:\/\/kidsplay.lt\/produktas\/viga-medines-geometrines-kaladeles-delione\/","url":"https:\/\/kidsplay.lt\/produktas\/viga-medines-geometrines-kaladeles-delione\/","name":"VIGA medin\u0117s geometrin\u0117s kalad\u0117l\u0117s \u2013 d\u0117lion\u0117.","isPartOf":{"@id":"https:\/\/kidsplay.lt\/#website"},"primaryImageOfPage":{"@id":"https:\/\/kidsplay.lt\/produktas\/viga-medines-geometrines-kaladeles-delione\/#primaryimage"},"image":{"@id":"https:\/\/kidsplay.lt\/produktas\/viga-medines-geometrines-kaladeles-delione\/#primaryimage"},"thumbnailUrl":"https:\/\/kidsplay.lt\/wp-content\/uploads\/2026\/04\/VIGA-medines-geometrines-kaladeles-\u2013-delione.jpg","datePublished":"2026-04-17T15:29:55+00:00","dateModified":"2026-04-17T15:30:04+00:00","description":"VIGA medin\u0117s geometrin\u0117s kalad\u0117l\u0117s \u2013 d\u0117lion\u0117. - KidsPlay. Did\u017eiausias vaik\u0173 \u017eaisl\u0173 pasirinkimas.","breadcrumb":{"@id":"https:\/\/kidsplay.lt\/produktas\/viga-medines-geometrines-kaladeles-delione\/#breadcrumb"},"inLanguage":"lv-LV","potentialAction":[{"@type":"ReadAction","target":["https:\/\/kidsplay.lt\/produktas\/viga-medines-geometrines-kaladeles-delione\/"]}]},{"@type":"ImageObject","inLanguage":"lv-LV","@id":"https:\/\/kidsplay.lt\/produktas\/viga-medines-geometrines-kaladeles-delione\/#primaryimage","url":"https:\/\/kidsplay.lt\/wp-content\/uploads\/2026\/04\/VIGA-medines-geometrines-kaladeles-\u2013-delione.jpg","contentUrl":"https:\/\/kidsplay.lt\/wp-content\/uploads\/2026\/04\/VIGA-medines-geometrines-kaladeles-\u2013-delione.jpg","width":1600,"height":1600,"caption":"VIGA medin\u0117s geometrin\u0117s kalad\u0117l\u0117s \u2013 d\u0117lion\u0117."},{"@type":"BreadcrumbList","@id":"https:\/\/kidsplay.lt\/produktas\/viga-medines-geometrines-kaladeles-delione\/#breadcrumb","itemListElement":[{"@type":"ListItem","position":1,"name":"Pagrindinis","item":"https:\/\/kidsplay.lt\/"},{"@type":"ListItem","position":2,"name":"Parduotuv\u0117","item":"https:\/\/kidsplay.lt\/parduotuve\/"},{"@type":"ListItem","position":3,"name":"VIGA medin\u0117s geometrin\u0117s kalad\u0117l\u0117s \u2013 d\u0117lion\u0117."}]},{"@type":"WebSite","@id":"https:\/\/kidsplay.lt\/#website","url":"https:\/\/kidsplay.lt\/","name":"B\u0113rnu sp\u0113les.lv","description":"\u012evairios prek\u0117s vaikams","publisher":{"@id":"https:\/\/kidsplay.lt\/#organization"},"alternateName":"Kidsplay","potentialAction":[{"@type":"SearchAction","target":{"@type":"EntryPoint","urlTemplate":"https:\/\/kidsplay.lt\/?s={search_term_string}"},"query-input":{"@type":"PropertyValueSpecification","valueRequired":true,"valueName":"search_term_string"}}],"inLanguage":"lv-LV"},{"@type":"Organization","@id":"https:\/\/kidsplay.lt\/#organization","name":"B\u0113rnu sp\u0113le","url":"https:\/\/kidsplay.lt\/","logo":{"@type":"ImageObject","inLanguage":"lv-LV","@id":"https:\/\/kidsplay.lt\/#\/schema\/logo\/image\/","url":"https:\/\/kidsplay.lt\/wp-content\/uploads\/2023\/07\/kidsplay-logo.png","contentUrl":"https:\/\/kidsplay.lt\/wp-content\/uploads\/2023\/07\/kidsplay-logo.png","width":451,"height":98,"caption":"KidsPlay"},"image":{"@id":"https:\/\/kidsplay.lt\/#\/schema\/logo\/image\/"},"sameAs":["https:\/\/www.facebook.com\/www.kidsplay.lt"]}]}},"_links":{"self":[{"href":"https:\/\/kidsplay.lt\/lv\/wp-json\/wp\/v2\/product\/105548","targetHints":{"allow":["GET"]}}],"collection":[{"href":"https:\/\/kidsplay.lt\/lv\/wp-json\/wp\/v2\/product"}],"about":[{"href":"https:\/\/kidsplay.lt\/lv\/wp-json\/wp\/v2\/types\/product"}],"version-history":[{"count":1,"href":"https:\/\/kidsplay.lt\/lv\/wp-json\/wp\/v2\/product\/105548\/revisions"}],"predecessor-version":[{"id":105549,"href":"https:\/\/kidsplay.lt\/lv\/wp-json\/wp\/v2\/product\/105548\/revisions\/105549"}],"wp:featuredmedia":[{"embeddable":true,"href":"https:\/\/kidsplay.lt\/lv\/wp-json\/wp\/v2\/media\/105550"}],"wp:attachment":[{"href":"https:\/\/kidsplay.lt\/lv\/wp-json\/wp\/v2\/media?parent=105548"}],"wp:term":[{"taxonomy":"product_brand","embeddable":true,"href":"https:\/\/kidsplay.lt\/lv\/wp-json\/wp\/v2\/product_brand?post=105548"},{"taxonomy":"product_cat","embeddable":true,"href":"https:\/\/kidsplay.lt\/lv\/wp-json\/wp\/v2\/product_cat?post=105548"},{"taxonomy":"product_tag","embeddable":true,"href":"https:\/\/kidsplay.lt\/lv\/wp-json\/wp\/v2\/product_tag?post=105548"}],"curies":[{"name":"wp","href":"https:\/\/api.w.org\/{rel}","templated":true}]}}