{"id":105555,"date":"2026-04-17T18:30:04","date_gmt":"2026-04-17T15:30:04","guid":{"rendered":"https:\/\/kidsplay.lt\/produktas\/viga-medine-piramides-formos-delione-su-kaladelemis-montessori-rusiuoklis\/"},"modified":"2026-04-17T18:30:15","modified_gmt":"2026-04-17T15:30:15","slug":"viga-medine-piramides-formos-delione-su-kaladelemis-montessori-rusiuoklis","status":"publish","type":"product","link":"https:\/\/kidsplay.lt\/lv\/products\/viga-medine-piramides-formos-delione-su-kaladelemis-montessori-rusiuoklis\/","title":{"rendered":"VIGA medin\u0117 piramid\u0117s formos d\u0117lion\u0117 su kalad\u0117l\u0117mis \u2013 Montessori r\u016b\u0161iuoklis"},"content":{"rendered":"<p>Piramid\u0117 \u2013 puikus \u017eaislas, leid\u017eiantis vaikams lavinti koordinacij\u0105 ir miklum\u0105. Svarbiausia, kad su juo galima \u017eaisti \u012fvairiais b\u016bdais. \u0160is funkcionalus \u017eaislas taip pat padeda vaikams ugdyti loginio m\u0105stymo \u012fg\u016bd\u017eius, nes kalad\u0117les galima sud\u0117ti vien\u0105 \u012f kit\u0105 (taip u\u017eimant minimaliai vietos) arba statyti \u012f auk\u0161t\u0105 bok\u0161t\u0105.<br \/>\nRaksturojums:<\/p>\n<p> \trinkin\u012f sudaro \u0161e\u0161ios skirting\u0173 dyd\u017ei\u0173 kalad\u0117l\u0117s,<br \/>\n \tkiekviena kalad\u0117l\u0117s pus\u0117 turi skirting\u0105 motyv\u0105,<br \/>\n \tvaikai mokosi skai\u010di\u0173, form\u0173, spalv\u0173, dyd\u017ei\u0173 ir gyv\u016bn\u0173,<br \/>\n \tkalad\u0117les galima sud\u0117ti vien\u0105 \u012f kit\u0105 arba statyti viena ant kitos,<br \/>\n \tspalvotos plastikin\u0117s sienel\u0117s suteikia dar daugiau \u017eaidimo galimybi\u0173 \u2013 spalvos atsispindi, vaikas gali \u017ei\u016br\u0117ti pro jas ir steb\u0117ti, kaip kei\u010diasi pasaulis.<\/p>","protected":false},"excerpt":{"rendered":"<p>Piramid\u0117 \u2013 puikus \u017eaislas, leid\u017eiantis vaikams lavinti koordinacij\u0105 ir miklum\u0105. Svarbiausia, kad su juo galima \u017eaisti \u012fvairiais b\u016bdais. \u0160is funkcionalus<\/p>","protected":false},"featured_media":105557,"template":"","meta":{"_acf_changed":false,"_glsr_average":0,"_glsr_ranking":0,"_glsr_reviews":0},"product_brand":[],"product_cat":[388,229],"product_tag":[],"class_list":{"0":"post-105555","1":"product","2":"type-product","3":"status-publish","4":"has-post-thumbnail","6":"product_cat-edukaciniai-lavinamieji-zaislai","7":"product_cat-zaislai-vaikams","8":"\"style=\"background-color: #2ecc711c;\"","10":"first","11":"instock","12":"purchasable","13":"product-type-simple"},"acf":[],"yoast_head":"<!-- This site is optimized with the Yoast SEO plugin v27.4 - https:\/\/yoast.com\/product\/yoast-seo-wordpress\/ -->\n<title>VIGA medin\u0117 piramid\u0117s formos d\u0117lion\u0117 su kalad\u0117l\u0117mis \u2013 Montessori r\u016b\u0161iuoklis<\/title>\n<meta name=\"description\" content=\"VIGA medin\u0117 piramid\u0117s formos d\u0117lion\u0117 su kalad\u0117l\u0117mis \u2013 Montessori r\u016b\u0161iuoklis - KidsPlay. Did\u017eiausias vaik\u0173 \u017eaisl\u0173 pasirinkimas.\" \/>\n<meta name=\"robots\" content=\"index, follow, max-snippet:-1, max-image-preview:large, max-video-preview:-1\" \/>\n<link rel=\"canonical\" href=\"https:\/\/kidsplay.lt\/lv\/products\/viga-medine-piramides-formos-delione-su-kaladelemis-montessori-rusiuoklis\/\" \/>\n<meta property=\"og:locale\" content=\"lv_LV\" \/>\n<meta property=\"og:type\" content=\"article\" \/>\n<meta property=\"og:title\" content=\"VIGA medin\u0117 piramid\u0117s formos d\u0117lion\u0117 su kalad\u0117l\u0117mis \u2013 Montessori r\u016b\u0161iuoklis\" \/>\n<meta property=\"og:description\" content=\"VIGA medin\u0117 piramid\u0117s formos d\u0117lion\u0117 su kalad\u0117l\u0117mis \u2013 Montessori r\u016b\u0161iuoklis - KidsPlay. Did\u017eiausias vaik\u0173 \u017eaisl\u0173 pasirinkimas.\" \/>\n<meta property=\"og:url\" content=\"https:\/\/kidsplay.lt\/lv\/products\/viga-medine-piramides-formos-delione-su-kaladelemis-montessori-rusiuoklis\/\" \/>\n<meta property=\"og:site_name\" content=\"KidsPlay\" \/>\n<meta property=\"article:publisher\" content=\"https:\/\/www.facebook.com\/www.kidsplay.lt\" \/>\n<meta property=\"article:modified_time\" content=\"2026-04-17T15:30:15+00:00\" \/>\n<meta property=\"og:image\" content=\"https:\/\/kidsplay.lt\/wp-content\/uploads\/2026\/04\/VIGA-medine-piramides-formos-delione-su-kaladelemis-\u2013-Montessori-rusiuoklis.jpg\" \/>\n\t<meta property=\"og:image:width\" content=\"2560\" \/>\n\t<meta property=\"og:image:height\" content=\"2560\" \/>\n\t<meta property=\"og:image:type\" content=\"image\/jpeg\" \/>\n<meta name=\"twitter:card\" content=\"summary_large_image\" \/>\n<meta name=\"twitter:label1\" content=\"Est. reading time\" \/>\n\t<meta name=\"twitter:data1\" content=\"1 min\u016bte\" \/>\n<script type=\"application\/ld+json\" class=\"yoast-schema-graph\">{\"@context\":\"https:\\\/\\\/schema.org\",\"@graph\":[{\"@type\":\"WebPage\",\"@id\":\"https:\\\/\\\/kidsplay.lt\\\/produktas\\\/viga-medine-piramides-formos-delione-su-kaladelemis-montessori-rusiuoklis\\\/\",\"url\":\"https:\\\/\\\/kidsplay.lt\\\/produktas\\\/viga-medine-piramides-formos-delione-su-kaladelemis-montessori-rusiuoklis\\\/\",\"name\":\"VIGA medin\u0117 piramid\u0117s formos d\u0117lion\u0117 su kalad\u0117l\u0117mis \u2013 Montessori r\u016b\u0161iuoklis\",\"isPartOf\":{\"@id\":\"https:\\\/\\\/kidsplay.lt\\\/#website\"},\"primaryImageOfPage\":{\"@id\":\"https:\\\/\\\/kidsplay.lt\\\/produktas\\\/viga-medine-piramides-formos-delione-su-kaladelemis-montessori-rusiuoklis\\\/#primaryimage\"},\"image\":{\"@id\":\"https:\\\/\\\/kidsplay.lt\\\/produktas\\\/viga-medine-piramides-formos-delione-su-kaladelemis-montessori-rusiuoklis\\\/#primaryimage\"},\"thumbnailUrl\":\"https:\\\/\\\/kidsplay.lt\\\/wp-content\\\/uploads\\\/2026\\\/04\\\/VIGA-medine-piramides-formos-delione-su-kaladelemis-\u2013-Montessori-rusiuoklis.jpg\",\"datePublished\":\"2026-04-17T15:30:04+00:00\",\"dateModified\":\"2026-04-17T15:30:15+00:00\",\"description\":\"VIGA medin\u0117 piramid\u0117s formos d\u0117lion\u0117 su kalad\u0117l\u0117mis \u2013 Montessori r\u016b\u0161iuoklis - KidsPlay. Did\u017eiausias vaik\u0173 \u017eaisl\u0173 pasirinkimas.\",\"breadcrumb\":{\"@id\":\"https:\\\/\\\/kidsplay.lt\\\/produktas\\\/viga-medine-piramides-formos-delione-su-kaladelemis-montessori-rusiuoklis\\\/#breadcrumb\"},\"inLanguage\":\"lv-LV\",\"potentialAction\":[{\"@type\":\"ReadAction\",\"target\":[\"https:\\\/\\\/kidsplay.lt\\\/produktas\\\/viga-medine-piramides-formos-delione-su-kaladelemis-montessori-rusiuoklis\\\/\"]}]},{\"@type\":\"ImageObject\",\"inLanguage\":\"lv-LV\",\"@id\":\"https:\\\/\\\/kidsplay.lt\\\/produktas\\\/viga-medine-piramides-formos-delione-su-kaladelemis-montessori-rusiuoklis\\\/#primaryimage\",\"url\":\"https:\\\/\\\/kidsplay.lt\\\/wp-content\\\/uploads\\\/2026\\\/04\\\/VIGA-medine-piramides-formos-delione-su-kaladelemis-\u2013-Montessori-rusiuoklis.jpg\",\"contentUrl\":\"https:\\\/\\\/kidsplay.lt\\\/wp-content\\\/uploads\\\/2026\\\/04\\\/VIGA-medine-piramides-formos-delione-su-kaladelemis-\u2013-Montessori-rusiuoklis.jpg\",\"width\":2560,\"height\":2560,\"caption\":\"VIGA medin\u0117 piramid\u0117s formos d\u0117lion\u0117 su kalad\u0117l\u0117mis \u2013 Montessori r\u016b\u0161iuoklis\"},{\"@type\":\"BreadcrumbList\",\"@id\":\"https:\\\/\\\/kidsplay.lt\\\/produktas\\\/viga-medine-piramides-formos-delione-su-kaladelemis-montessori-rusiuoklis\\\/#breadcrumb\",\"itemListElement\":[{\"@type\":\"ListItem\",\"position\":1,\"name\":\"Pagrindinis\",\"item\":\"https:\\\/\\\/kidsplay.lt\\\/\"},{\"@type\":\"ListItem\",\"position\":2,\"name\":\"Parduotuv\u0117\",\"item\":\"https:\\\/\\\/kidsplay.lt\\\/parduotuve\\\/\"},{\"@type\":\"ListItem\",\"position\":3,\"name\":\"VIGA medin\u0117 piramid\u0117s formos d\u0117lion\u0117 su kalad\u0117l\u0117mis \u2013 Montessori r\u016b\u0161iuoklis\"}]},{\"@type\":\"WebSite\",\"@id\":\"https:\\\/\\\/kidsplay.lt\\\/#website\",\"url\":\"https:\\\/\\\/kidsplay.lt\\\/\",\"name\":\"Kidsplay.lt\",\"description\":\"\u012evairios prek\u0117s vaikams\",\"publisher\":{\"@id\":\"https:\\\/\\\/kidsplay.lt\\\/#organization\"},\"alternateName\":\"Kidsplay\",\"potentialAction\":[{\"@type\":\"SearchAction\",\"target\":{\"@type\":\"EntryPoint\",\"urlTemplate\":\"https:\\\/\\\/kidsplay.lt\\\/?s={search_term_string}\"},\"query-input\":{\"@type\":\"PropertyValueSpecification\",\"valueRequired\":true,\"valueName\":\"search_term_string\"}}],\"inLanguage\":\"lv-LV\"},{\"@type\":\"Organization\",\"@id\":\"https:\\\/\\\/kidsplay.lt\\\/#organization\",\"name\":\"KidsPlay\",\"url\":\"https:\\\/\\\/kidsplay.lt\\\/\",\"logo\":{\"@type\":\"ImageObject\",\"inLanguage\":\"lv-LV\",\"@id\":\"https:\\\/\\\/kidsplay.lt\\\/#\\\/schema\\\/logo\\\/image\\\/\",\"url\":\"https:\\\/\\\/kidsplay.lt\\\/wp-content\\\/uploads\\\/2023\\\/07\\\/kidsplay-logo.png\",\"contentUrl\":\"https:\\\/\\\/kidsplay.lt\\\/wp-content\\\/uploads\\\/2023\\\/07\\\/kidsplay-logo.png\",\"width\":451,\"height\":98,\"caption\":\"KidsPlay\"},\"image\":{\"@id\":\"https:\\\/\\\/kidsplay.lt\\\/#\\\/schema\\\/logo\\\/image\\\/\"},\"sameAs\":[\"https:\\\/\\\/www.facebook.com\\\/www.kidsplay.lt\"]}]}<\/script>\n<!-- \/ Yoast SEO plugin. -->","yoast_head_json":{"title":"VIGA medin\u0117 piramid\u0117s formos d\u0117lion\u0117 su kalad\u0117l\u0117mis \u2013 Montessori r\u016b\u0161iuoklis","description":"VIGA medin\u0117 piramid\u0117s formos d\u0117lion\u0117 su kalad\u0117l\u0117mis \u2013 Montessori r\u016b\u0161iuoklis - KidsPlay. Did\u017eiausias vaik\u0173 \u017eaisl\u0173 pasirinkimas.","robots":{"index":"index","follow":"follow","max-snippet":"max-snippet:-1","max-image-preview":"max-image-preview:large","max-video-preview":"max-video-preview:-1"},"canonical":"https:\/\/kidsplay.lt\/lv\/products\/viga-medine-piramides-formos-delione-su-kaladelemis-montessori-rusiuoklis\/","og_locale":"lv_LV","og_type":"article","og_title":"VIGA medin\u0117 piramid\u0117s formos d\u0117lion\u0117 su kalad\u0117l\u0117mis \u2013 Montessori r\u016b\u0161iuoklis","og_description":"VIGA medin\u0117 piramid\u0117s formos d\u0117lion\u0117 su kalad\u0117l\u0117mis \u2013 Montessori r\u016b\u0161iuoklis - KidsPlay. Did\u017eiausias vaik\u0173 \u017eaisl\u0173 pasirinkimas.","og_url":"https:\/\/kidsplay.lt\/lv\/products\/viga-medine-piramides-formos-delione-su-kaladelemis-montessori-rusiuoklis\/","og_site_name":"KidsPlay","article_publisher":"https:\/\/www.facebook.com\/www.kidsplay.lt","article_modified_time":"2026-04-17T15:30:15+00:00","og_image":[{"width":2560,"height":2560,"url":"https:\/\/kidsplay.lt\/wp-content\/uploads\/2026\/04\/VIGA-medine-piramides-formos-delione-su-kaladelemis-\u2013-Montessori-rusiuoklis.jpg","type":"image\/jpeg"}],"twitter_card":"summary_large_image","twitter_misc":{"Est. reading time":"1 min\u016bte"},"schema":{"@context":"https:\/\/schema.org","@graph":[{"@type":"WebPage","@id":"https:\/\/kidsplay.lt\/produktas\/viga-medine-piramides-formos-delione-su-kaladelemis-montessori-rusiuoklis\/","url":"https:\/\/kidsplay.lt\/produktas\/viga-medine-piramides-formos-delione-su-kaladelemis-montessori-rusiuoklis\/","name":"VIGA medin\u0117 piramid\u0117s formos d\u0117lion\u0117 su kalad\u0117l\u0117mis \u2013 Montessori r\u016b\u0161iuoklis","isPartOf":{"@id":"https:\/\/kidsplay.lt\/#website"},"primaryImageOfPage":{"@id":"https:\/\/kidsplay.lt\/produktas\/viga-medine-piramides-formos-delione-su-kaladelemis-montessori-rusiuoklis\/#primaryimage"},"image":{"@id":"https:\/\/kidsplay.lt\/produktas\/viga-medine-piramides-formos-delione-su-kaladelemis-montessori-rusiuoklis\/#primaryimage"},"thumbnailUrl":"https:\/\/kidsplay.lt\/wp-content\/uploads\/2026\/04\/VIGA-medine-piramides-formos-delione-su-kaladelemis-\u2013-Montessori-rusiuoklis.jpg","datePublished":"2026-04-17T15:30:04+00:00","dateModified":"2026-04-17T15:30:15+00:00","description":"VIGA medin\u0117 piramid\u0117s formos d\u0117lion\u0117 su kalad\u0117l\u0117mis \u2013 Montessori r\u016b\u0161iuoklis - KidsPlay. Did\u017eiausias vaik\u0173 \u017eaisl\u0173 pasirinkimas.","breadcrumb":{"@id":"https:\/\/kidsplay.lt\/produktas\/viga-medine-piramides-formos-delione-su-kaladelemis-montessori-rusiuoklis\/#breadcrumb"},"inLanguage":"lv-LV","potentialAction":[{"@type":"ReadAction","target":["https:\/\/kidsplay.lt\/produktas\/viga-medine-piramides-formos-delione-su-kaladelemis-montessori-rusiuoklis\/"]}]},{"@type":"ImageObject","inLanguage":"lv-LV","@id":"https:\/\/kidsplay.lt\/produktas\/viga-medine-piramides-formos-delione-su-kaladelemis-montessori-rusiuoklis\/#primaryimage","url":"https:\/\/kidsplay.lt\/wp-content\/uploads\/2026\/04\/VIGA-medine-piramides-formos-delione-su-kaladelemis-\u2013-Montessori-rusiuoklis.jpg","contentUrl":"https:\/\/kidsplay.lt\/wp-content\/uploads\/2026\/04\/VIGA-medine-piramides-formos-delione-su-kaladelemis-\u2013-Montessori-rusiuoklis.jpg","width":2560,"height":2560,"caption":"VIGA medin\u0117 piramid\u0117s formos d\u0117lion\u0117 su kalad\u0117l\u0117mis \u2013 Montessori r\u016b\u0161iuoklis"},{"@type":"BreadcrumbList","@id":"https:\/\/kidsplay.lt\/produktas\/viga-medine-piramides-formos-delione-su-kaladelemis-montessori-rusiuoklis\/#breadcrumb","itemListElement":[{"@type":"ListItem","position":1,"name":"Pagrindinis","item":"https:\/\/kidsplay.lt\/"},{"@type":"ListItem","position":2,"name":"Parduotuv\u0117","item":"https:\/\/kidsplay.lt\/parduotuve\/"},{"@type":"ListItem","position":3,"name":"VIGA medin\u0117 piramid\u0117s formos d\u0117lion\u0117 su kalad\u0117l\u0117mis \u2013 Montessori r\u016b\u0161iuoklis"}]},{"@type":"WebSite","@id":"https:\/\/kidsplay.lt\/#website","url":"https:\/\/kidsplay.lt\/","name":"B\u0113rnu sp\u0113les.lv","description":"\u012evairios prek\u0117s vaikams","publisher":{"@id":"https:\/\/kidsplay.lt\/#organization"},"alternateName":"Kidsplay","potentialAction":[{"@type":"SearchAction","target":{"@type":"EntryPoint","urlTemplate":"https:\/\/kidsplay.lt\/?s={search_term_string}"},"query-input":{"@type":"PropertyValueSpecification","valueRequired":true,"valueName":"search_term_string"}}],"inLanguage":"lv-LV"},{"@type":"Organization","@id":"https:\/\/kidsplay.lt\/#organization","name":"B\u0113rnu sp\u0113le","url":"https:\/\/kidsplay.lt\/","logo":{"@type":"ImageObject","inLanguage":"lv-LV","@id":"https:\/\/kidsplay.lt\/#\/schema\/logo\/image\/","url":"https:\/\/kidsplay.lt\/wp-content\/uploads\/2023\/07\/kidsplay-logo.png","contentUrl":"https:\/\/kidsplay.lt\/wp-content\/uploads\/2023\/07\/kidsplay-logo.png","width":451,"height":98,"caption":"KidsPlay"},"image":{"@id":"https:\/\/kidsplay.lt\/#\/schema\/logo\/image\/"},"sameAs":["https:\/\/www.facebook.com\/www.kidsplay.lt"]}]}},"_links":{"self":[{"href":"https:\/\/kidsplay.lt\/lv\/wp-json\/wp\/v2\/product\/105555","targetHints":{"allow":["GET"]}}],"collection":[{"href":"https:\/\/kidsplay.lt\/lv\/wp-json\/wp\/v2\/product"}],"about":[{"href":"https:\/\/kidsplay.lt\/lv\/wp-json\/wp\/v2\/types\/product"}],"version-history":[{"count":1,"href":"https:\/\/kidsplay.lt\/lv\/wp-json\/wp\/v2\/product\/105555\/revisions"}],"predecessor-version":[{"id":105556,"href":"https:\/\/kidsplay.lt\/lv\/wp-json\/wp\/v2\/product\/105555\/revisions\/105556"}],"wp:featuredmedia":[{"embeddable":true,"href":"https:\/\/kidsplay.lt\/lv\/wp-json\/wp\/v2\/media\/105557"}],"wp:attachment":[{"href":"https:\/\/kidsplay.lt\/lv\/wp-json\/wp\/v2\/media?parent=105555"}],"wp:term":[{"taxonomy":"product_brand","embeddable":true,"href":"https:\/\/kidsplay.lt\/lv\/wp-json\/wp\/v2\/product_brand?post=105555"},{"taxonomy":"product_cat","embeddable":true,"href":"https:\/\/kidsplay.lt\/lv\/wp-json\/wp\/v2\/product_cat?post=105555"},{"taxonomy":"product_tag","embeddable":true,"href":"https:\/\/kidsplay.lt\/lv\/wp-json\/wp\/v2\/product_tag?post=105555"}],"curies":[{"name":"wp","href":"https:\/\/api.w.org\/{rel}","templated":true}]}}