{"id":105562,"date":"2026-04-17T18:30:16","date_gmt":"2026-04-17T15:30:16","guid":{"rendered":"https:\/\/kidsplay.lt\/produktas\/tooky-toy-medinis-rusiavimo-centras-edukacinis-rusiuoklis\/"},"modified":"2026-04-17T18:30:59","modified_gmt":"2026-04-17T15:30:59","slug":"tooky-toy-medinis-rusiavimo-centras-edukacinis-rusiuoklis","status":"publish","type":"product","link":"https:\/\/kidsplay.lt\/lv\/products\/tooky-toy-medinis-rusiavimo-centras-edukacinis-rusiuoklis\/","title":{"rendered":"TOOKY TOY medinis r\u016b\u0161iavimo centras \u2013 edukacinis r\u016b\u0161iuoklis"},"content":{"rendered":"<p>Medinis perdirbimo centras \u2013 Montessori edukacinis r\u016b\u0161iuoklis i\u0161 Tooky Toy!<br \/>\nAtraskite \u012fdom\u0173 ekologijos pasaul\u012f ir mokykite vaik\u0105 r\u016bpintis m\u016bs\u0173 planeta per smag\u0173 \u017eaidim\u0105! \u0160is unikalus medinis perdirbimo centras leid\u017eia vaikams tapti ma\u017eaisiais gamtos saugotojais, r\u016b\u0161iuojant atliekas naudojant spalvotas korteles. Pagamintas i\u0161 auk\u0161\u010diausios kokyb\u0117s medienos ir nuda\u017eytas saugiais, netoksi\u0161kais da\u017eais, jis u\u017etikrina ilgaam\u017ei\u0161kum\u0105 ir saugum\u0105 naudojimo metu. \u0160is \u017eaislas paprastai ir suprantamai supa\u017eindina su perdirbimo tema, kartu lavindamas svarbius \u012fpro\u010dius ir login\u012f m\u0105stym\u0105. Tai puikus pasirinkimas t\u0117vams, ie\u0161kantiems prasmingos dovanos, kuri, supakuota esteti\u0161koje d\u0117\u017eut\u0117je, prad\u017eiugins kiekvien\u0105 ma\u017e\u0105j\u012f tyrin\u0117toj\u0105 nuo trej\u0173 met\u0173!<br \/>\nRaksturojums:<\/p>\n<p> \tPuikiai tinka vaikams nuo 3 met\u0173.<br \/>\n \tPerdirbimo centras pagamintas i\u0161 auk\u0161tos kokyb\u0117s medienos.<br \/>\n \tProduktas nuda\u017eytas netoksi\u0161kais da\u017eais, saugiais vaikui.<br \/>\n \tKompakti\u0161ki matmenys (30 x 5,5 x 22,5 cm) leid\u017eia patogiai \u017eaisti ant stalo ar kilimo.<br \/>\n \t\u017daislas supakuotas \u012f spalving\u0105 kartonin\u0119 d\u0117\u017eut\u0119 \u2013 puikiai tinka dovanai!<\/p>\n<p>Komplekt\u0101 ietilpst:<\/p>\n<p> \tMedin\u0117 spintel\u0117 \u2013 tvirtas viso perdirbimo centro pagrindas.<br \/>\n \t4 spalvoti konteineriai, padedantys mokytis r\u016b\u0161iuoti (metalas, plastikas, kompostas, popierius).<br \/>\n \tAtliek\u0173 kortel\u0117s \u2013 paveiksl\u0117liai su \u012fvairi\u0173 med\u017eiag\u0173 objektais.<br \/>\n \tTransporto priemon\u0117s ir priedai \u2013 medinis \u0161iuk\u0161liave\u017eis, r\u016b\u0161iavimo \u012frenginys ir kelio \u017eenklas.<\/p>","protected":false},"excerpt":{"rendered":"<p>Medinis perdirbimo centras \u2013 Montessori edukacinis r\u016b\u0161iuoklis i\u0161 Tooky Toy! Atraskite \u012fdom\u0173 ekologijos pasaul\u012f ir mokykite vaik\u0105 r\u016bpintis m\u016bs\u0173 planeta<\/p>","protected":false},"featured_media":105564,"template":"","meta":{"_acf_changed":false,"_glsr_average":0,"_glsr_ranking":0,"_glsr_reviews":0},"product_brand":[],"product_cat":[1044,1042],"product_tag":[],"class_list":{"0":"post-105562","1":"product","2":"type-product","3":"status-publish","4":"has-post-thumbnail","6":"product_cat-edukaciniai-lavinamieji-mediniai-zaislai-mediniai-zaislai","7":"product_cat-mediniai-zaislai","8":"\"style=\"background-color: #2ecc711c;\"","10":"first","11":"instock","12":"purchasable","13":"product-type-simple"},"acf":[],"yoast_head":"<!-- This site is optimized with the Yoast SEO plugin v27.4 - https:\/\/yoast.com\/product\/yoast-seo-wordpress\/ -->\n<title>TOOKY TOY medinis r\u016b\u0161iavimo centras \u2013 edukacinis r\u016b\u0161iuoklis<\/title>\n<meta name=\"description\" content=\"TOOKY TOY medinis r\u016b\u0161iavimo centras \u2013 edukacinis r\u016b\u0161iuoklis - KidsPlay. Did\u017eiausias vaik\u0173 \u017eaisl\u0173 pasirinkimas.\" \/>\n<meta name=\"robots\" content=\"index, follow, max-snippet:-1, max-image-preview:large, max-video-preview:-1\" \/>\n<link rel=\"canonical\" href=\"https:\/\/kidsplay.lt\/lv\/products\/tooky-toy-medinis-rusiavimo-centras-edukacinis-rusiuoklis\/\" \/>\n<meta property=\"og:locale\" content=\"lv_LV\" \/>\n<meta property=\"og:type\" content=\"article\" \/>\n<meta property=\"og:title\" content=\"TOOKY TOY medinis r\u016b\u0161iavimo centras \u2013 edukacinis r\u016b\u0161iuoklis\" \/>\n<meta property=\"og:description\" content=\"TOOKY TOY medinis r\u016b\u0161iavimo centras \u2013 edukacinis r\u016b\u0161iuoklis - KidsPlay. Did\u017eiausias vaik\u0173 \u017eaisl\u0173 pasirinkimas.\" \/>\n<meta property=\"og:url\" content=\"https:\/\/kidsplay.lt\/lv\/products\/tooky-toy-medinis-rusiavimo-centras-edukacinis-rusiuoklis\/\" \/>\n<meta property=\"og:site_name\" content=\"KidsPlay\" \/>\n<meta property=\"article:publisher\" content=\"https:\/\/www.facebook.com\/www.kidsplay.lt\" \/>\n<meta property=\"article:modified_time\" content=\"2026-04-17T15:30:59+00:00\" \/>\n<meta property=\"og:image\" content=\"https:\/\/kidsplay.lt\/wp-content\/uploads\/2026\/04\/TOOKY-TOY-medinis-rusiavimo-centras-\u2013-edukacinis-rusiuoklis-800x800.png\" \/>\n\t<meta property=\"og:image:width\" content=\"800\" \/>\n\t<meta property=\"og:image:height\" content=\"800\" \/>\n\t<meta property=\"og:image:type\" content=\"image\/png\" \/>\n<meta name=\"twitter:card\" content=\"summary_large_image\" \/>\n<meta name=\"twitter:label1\" content=\"Est. reading time\" \/>\n\t<meta name=\"twitter:data1\" content=\"1 min\u016bte\" \/>\n<script type=\"application\/ld+json\" class=\"yoast-schema-graph\">{\"@context\":\"https:\\\/\\\/schema.org\",\"@graph\":[{\"@type\":\"WebPage\",\"@id\":\"https:\\\/\\\/kidsplay.lt\\\/produktas\\\/tooky-toy-medinis-rusiavimo-centras-edukacinis-rusiuoklis\\\/\",\"url\":\"https:\\\/\\\/kidsplay.lt\\\/produktas\\\/tooky-toy-medinis-rusiavimo-centras-edukacinis-rusiuoklis\\\/\",\"name\":\"TOOKY TOY medinis r\u016b\u0161iavimo centras \u2013 edukacinis r\u016b\u0161iuoklis\",\"isPartOf\":{\"@id\":\"https:\\\/\\\/kidsplay.lt\\\/#website\"},\"primaryImageOfPage\":{\"@id\":\"https:\\\/\\\/kidsplay.lt\\\/produktas\\\/tooky-toy-medinis-rusiavimo-centras-edukacinis-rusiuoklis\\\/#primaryimage\"},\"image\":{\"@id\":\"https:\\\/\\\/kidsplay.lt\\\/produktas\\\/tooky-toy-medinis-rusiavimo-centras-edukacinis-rusiuoklis\\\/#primaryimage\"},\"thumbnailUrl\":\"https:\\\/\\\/kidsplay.lt\\\/wp-content\\\/uploads\\\/2026\\\/04\\\/TOOKY-TOY-medinis-rusiavimo-centras-\u2013-edukacinis-rusiuoklis.png\",\"datePublished\":\"2026-04-17T15:30:16+00:00\",\"dateModified\":\"2026-04-17T15:30:59+00:00\",\"description\":\"TOOKY TOY medinis r\u016b\u0161iavimo centras \u2013 edukacinis r\u016b\u0161iuoklis - KidsPlay. Did\u017eiausias vaik\u0173 \u017eaisl\u0173 pasirinkimas.\",\"breadcrumb\":{\"@id\":\"https:\\\/\\\/kidsplay.lt\\\/produktas\\\/tooky-toy-medinis-rusiavimo-centras-edukacinis-rusiuoklis\\\/#breadcrumb\"},\"inLanguage\":\"lv-LV\",\"potentialAction\":[{\"@type\":\"ReadAction\",\"target\":[\"https:\\\/\\\/kidsplay.lt\\\/produktas\\\/tooky-toy-medinis-rusiavimo-centras-edukacinis-rusiuoklis\\\/\"]}]},{\"@type\":\"ImageObject\",\"inLanguage\":\"lv-LV\",\"@id\":\"https:\\\/\\\/kidsplay.lt\\\/produktas\\\/tooky-toy-medinis-rusiavimo-centras-edukacinis-rusiuoklis\\\/#primaryimage\",\"url\":\"https:\\\/\\\/kidsplay.lt\\\/wp-content\\\/uploads\\\/2026\\\/04\\\/TOOKY-TOY-medinis-rusiavimo-centras-\u2013-edukacinis-rusiuoklis.png\",\"contentUrl\":\"https:\\\/\\\/kidsplay.lt\\\/wp-content\\\/uploads\\\/2026\\\/04\\\/TOOKY-TOY-medinis-rusiavimo-centras-\u2013-edukacinis-rusiuoklis.png\",\"width\":2560,\"height\":2560,\"caption\":\"TOOKY TOY medinis r\u016b\u0161iavimo centras \u2013 edukacinis r\u016b\u0161iuoklis\"},{\"@type\":\"BreadcrumbList\",\"@id\":\"https:\\\/\\\/kidsplay.lt\\\/produktas\\\/tooky-toy-medinis-rusiavimo-centras-edukacinis-rusiuoklis\\\/#breadcrumb\",\"itemListElement\":[{\"@type\":\"ListItem\",\"position\":1,\"name\":\"Pagrindinis\",\"item\":\"https:\\\/\\\/kidsplay.lt\\\/\"},{\"@type\":\"ListItem\",\"position\":2,\"name\":\"Parduotuv\u0117\",\"item\":\"https:\\\/\\\/kidsplay.lt\\\/parduotuve\\\/\"},{\"@type\":\"ListItem\",\"position\":3,\"name\":\"TOOKY TOY medinis r\u016b\u0161iavimo centras \u2013 edukacinis r\u016b\u0161iuoklis\"}]},{\"@type\":\"WebSite\",\"@id\":\"https:\\\/\\\/kidsplay.lt\\\/#website\",\"url\":\"https:\\\/\\\/kidsplay.lt\\\/\",\"name\":\"Kidsplay.lt\",\"description\":\"\u012evairios prek\u0117s vaikams\",\"publisher\":{\"@id\":\"https:\\\/\\\/kidsplay.lt\\\/#organization\"},\"alternateName\":\"Kidsplay\",\"potentialAction\":[{\"@type\":\"SearchAction\",\"target\":{\"@type\":\"EntryPoint\",\"urlTemplate\":\"https:\\\/\\\/kidsplay.lt\\\/?s={search_term_string}\"},\"query-input\":{\"@type\":\"PropertyValueSpecification\",\"valueRequired\":true,\"valueName\":\"search_term_string\"}}],\"inLanguage\":\"lv-LV\"},{\"@type\":\"Organization\",\"@id\":\"https:\\\/\\\/kidsplay.lt\\\/#organization\",\"name\":\"KidsPlay\",\"url\":\"https:\\\/\\\/kidsplay.lt\\\/\",\"logo\":{\"@type\":\"ImageObject\",\"inLanguage\":\"lv-LV\",\"@id\":\"https:\\\/\\\/kidsplay.lt\\\/#\\\/schema\\\/logo\\\/image\\\/\",\"url\":\"https:\\\/\\\/kidsplay.lt\\\/wp-content\\\/uploads\\\/2023\\\/07\\\/kidsplay-logo.png\",\"contentUrl\":\"https:\\\/\\\/kidsplay.lt\\\/wp-content\\\/uploads\\\/2023\\\/07\\\/kidsplay-logo.png\",\"width\":451,\"height\":98,\"caption\":\"KidsPlay\"},\"image\":{\"@id\":\"https:\\\/\\\/kidsplay.lt\\\/#\\\/schema\\\/logo\\\/image\\\/\"},\"sameAs\":[\"https:\\\/\\\/www.facebook.com\\\/www.kidsplay.lt\"]}]}<\/script>\n<!-- \/ Yoast SEO plugin. -->","yoast_head_json":{"title":"TOOKY TOY medinis r\u016b\u0161iavimo centras \u2013 edukacinis r\u016b\u0161iuoklis","description":"TOOKY TOY medinis r\u016b\u0161iavimo centras \u2013 edukacinis r\u016b\u0161iuoklis - KidsPlay. Did\u017eiausias vaik\u0173 \u017eaisl\u0173 pasirinkimas.","robots":{"index":"index","follow":"follow","max-snippet":"max-snippet:-1","max-image-preview":"max-image-preview:large","max-video-preview":"max-video-preview:-1"},"canonical":"https:\/\/kidsplay.lt\/lv\/products\/tooky-toy-medinis-rusiavimo-centras-edukacinis-rusiuoklis\/","og_locale":"lv_LV","og_type":"article","og_title":"TOOKY TOY medinis r\u016b\u0161iavimo centras \u2013 edukacinis r\u016b\u0161iuoklis","og_description":"TOOKY TOY medinis r\u016b\u0161iavimo centras \u2013 edukacinis r\u016b\u0161iuoklis - KidsPlay. Did\u017eiausias vaik\u0173 \u017eaisl\u0173 pasirinkimas.","og_url":"https:\/\/kidsplay.lt\/lv\/products\/tooky-toy-medinis-rusiavimo-centras-edukacinis-rusiuoklis\/","og_site_name":"KidsPlay","article_publisher":"https:\/\/www.facebook.com\/www.kidsplay.lt","article_modified_time":"2026-04-17T15:30:59+00:00","og_image":[{"width":800,"height":800,"url":"https:\/\/kidsplay.lt\/wp-content\/uploads\/2026\/04\/TOOKY-TOY-medinis-rusiavimo-centras-\u2013-edukacinis-rusiuoklis-800x800.png","type":"image\/png"}],"twitter_card":"summary_large_image","twitter_misc":{"Est. reading time":"1 min\u016bte"},"schema":{"@context":"https:\/\/schema.org","@graph":[{"@type":"WebPage","@id":"https:\/\/kidsplay.lt\/produktas\/tooky-toy-medinis-rusiavimo-centras-edukacinis-rusiuoklis\/","url":"https:\/\/kidsplay.lt\/produktas\/tooky-toy-medinis-rusiavimo-centras-edukacinis-rusiuoklis\/","name":"TOOKY TOY medinis r\u016b\u0161iavimo centras \u2013 edukacinis r\u016b\u0161iuoklis","isPartOf":{"@id":"https:\/\/kidsplay.lt\/#website"},"primaryImageOfPage":{"@id":"https:\/\/kidsplay.lt\/produktas\/tooky-toy-medinis-rusiavimo-centras-edukacinis-rusiuoklis\/#primaryimage"},"image":{"@id":"https:\/\/kidsplay.lt\/produktas\/tooky-toy-medinis-rusiavimo-centras-edukacinis-rusiuoklis\/#primaryimage"},"thumbnailUrl":"https:\/\/kidsplay.lt\/wp-content\/uploads\/2026\/04\/TOOKY-TOY-medinis-rusiavimo-centras-\u2013-edukacinis-rusiuoklis.png","datePublished":"2026-04-17T15:30:16+00:00","dateModified":"2026-04-17T15:30:59+00:00","description":"TOOKY TOY medinis r\u016b\u0161iavimo centras \u2013 edukacinis r\u016b\u0161iuoklis - KidsPlay. Did\u017eiausias vaik\u0173 \u017eaisl\u0173 pasirinkimas.","breadcrumb":{"@id":"https:\/\/kidsplay.lt\/produktas\/tooky-toy-medinis-rusiavimo-centras-edukacinis-rusiuoklis\/#breadcrumb"},"inLanguage":"lv-LV","potentialAction":[{"@type":"ReadAction","target":["https:\/\/kidsplay.lt\/produktas\/tooky-toy-medinis-rusiavimo-centras-edukacinis-rusiuoklis\/"]}]},{"@type":"ImageObject","inLanguage":"lv-LV","@id":"https:\/\/kidsplay.lt\/produktas\/tooky-toy-medinis-rusiavimo-centras-edukacinis-rusiuoklis\/#primaryimage","url":"https:\/\/kidsplay.lt\/wp-content\/uploads\/2026\/04\/TOOKY-TOY-medinis-rusiavimo-centras-\u2013-edukacinis-rusiuoklis.png","contentUrl":"https:\/\/kidsplay.lt\/wp-content\/uploads\/2026\/04\/TOOKY-TOY-medinis-rusiavimo-centras-\u2013-edukacinis-rusiuoklis.png","width":2560,"height":2560,"caption":"TOOKY TOY medinis r\u016b\u0161iavimo centras \u2013 edukacinis r\u016b\u0161iuoklis"},{"@type":"BreadcrumbList","@id":"https:\/\/kidsplay.lt\/produktas\/tooky-toy-medinis-rusiavimo-centras-edukacinis-rusiuoklis\/#breadcrumb","itemListElement":[{"@type":"ListItem","position":1,"name":"Pagrindinis","item":"https:\/\/kidsplay.lt\/"},{"@type":"ListItem","position":2,"name":"Parduotuv\u0117","item":"https:\/\/kidsplay.lt\/parduotuve\/"},{"@type":"ListItem","position":3,"name":"TOOKY TOY medinis r\u016b\u0161iavimo centras \u2013 edukacinis r\u016b\u0161iuoklis"}]},{"@type":"WebSite","@id":"https:\/\/kidsplay.lt\/#website","url":"https:\/\/kidsplay.lt\/","name":"B\u0113rnu sp\u0113les.lv","description":"\u012evairios prek\u0117s vaikams","publisher":{"@id":"https:\/\/kidsplay.lt\/#organization"},"alternateName":"Kidsplay","potentialAction":[{"@type":"SearchAction","target":{"@type":"EntryPoint","urlTemplate":"https:\/\/kidsplay.lt\/?s={search_term_string}"},"query-input":{"@type":"PropertyValueSpecification","valueRequired":true,"valueName":"search_term_string"}}],"inLanguage":"lv-LV"},{"@type":"Organization","@id":"https:\/\/kidsplay.lt\/#organization","name":"B\u0113rnu sp\u0113le","url":"https:\/\/kidsplay.lt\/","logo":{"@type":"ImageObject","inLanguage":"lv-LV","@id":"https:\/\/kidsplay.lt\/#\/schema\/logo\/image\/","url":"https:\/\/kidsplay.lt\/wp-content\/uploads\/2023\/07\/kidsplay-logo.png","contentUrl":"https:\/\/kidsplay.lt\/wp-content\/uploads\/2023\/07\/kidsplay-logo.png","width":451,"height":98,"caption":"KidsPlay"},"image":{"@id":"https:\/\/kidsplay.lt\/#\/schema\/logo\/image\/"},"sameAs":["https:\/\/www.facebook.com\/www.kidsplay.lt"]}]}},"_links":{"self":[{"href":"https:\/\/kidsplay.lt\/lv\/wp-json\/wp\/v2\/product\/105562","targetHints":{"allow":["GET"]}}],"collection":[{"href":"https:\/\/kidsplay.lt\/lv\/wp-json\/wp\/v2\/product"}],"about":[{"href":"https:\/\/kidsplay.lt\/lv\/wp-json\/wp\/v2\/types\/product"}],"version-history":[{"count":1,"href":"https:\/\/kidsplay.lt\/lv\/wp-json\/wp\/v2\/product\/105562\/revisions"}],"predecessor-version":[{"id":105563,"href":"https:\/\/kidsplay.lt\/lv\/wp-json\/wp\/v2\/product\/105562\/revisions\/105563"}],"wp:featuredmedia":[{"embeddable":true,"href":"https:\/\/kidsplay.lt\/lv\/wp-json\/wp\/v2\/media\/105564"}],"wp:attachment":[{"href":"https:\/\/kidsplay.lt\/lv\/wp-json\/wp\/v2\/media?parent=105562"}],"wp:term":[{"taxonomy":"product_brand","embeddable":true,"href":"https:\/\/kidsplay.lt\/lv\/wp-json\/wp\/v2\/product_brand?post=105562"},{"taxonomy":"product_cat","embeddable":true,"href":"https:\/\/kidsplay.lt\/lv\/wp-json\/wp\/v2\/product_cat?post=105562"},{"taxonomy":"product_tag","embeddable":true,"href":"https:\/\/kidsplay.lt\/lv\/wp-json\/wp\/v2\/product_tag?post=105562"}],"curies":[{"name":"wp","href":"https:\/\/api.w.org\/{rel}","templated":true}]}}