{"id":106155,"date":"2026-04-20T06:57:39","date_gmt":"2026-04-20T03:57:39","guid":{"rendered":"https:\/\/kidsplay.lt\/produktas\/viga-medinis-muzikos-lentos-rinkinys-12-perkusiniu-instrumentu\/"},"modified":"2026-04-20T18:29:55","modified_gmt":"2026-04-20T15:29:55","slug":"viga-medinis-muzikos-lentos-rinkinys-12-perkusiniu-instrumentu","status":"publish","type":"product","link":"https:\/\/kidsplay.lt\/lv\/products\/viga-medinis-muzikos-lentos-rinkinys-12-perkusiniu-instrumentu\/","title":{"rendered":"VIGA medinis muzikos lentos rinkinys \u2013 12 perkusini\u0173 instrument\u0173"},"content":{"rendered":"<p>\u201eViga\u201c muzikos lenta yra unikali \u012franga kiekvienai klasei. Ji leid\u017eia vaikams laisvai eksperimentuoti su 12 skirting\u0173 instrument\u0173, taip skatinant klausos ir muzikini\u0173 geb\u0117jim\u0173 vystym\u0105si. Ant lentos pakabinti instrumentai yra lengvai pasiekiami vaikams, tod\u0117l jie skatinami aktyviai dalyvauti muzikin\u0117je veikloje ir visapusi\u0161kai tobul\u0117ti.<br \/>\nFunkcijas:<\/p>\n<p> \t\u017eaislas skirtas vaikams nuo 3 met\u0173 am\u017eiaus<br \/>\n \tpuikus edukacin\u0117s erdv\u0117s papildymas<br \/>\n \tturi 12 skirting\u0173 instrument\u0173: ksilofon\u0105, b\u016bgn\u0105, trikamp\u012f ir kitus perkusinius instrumentus<br \/>\n \tskatina muzikin\u012f ugdym\u0105<br \/>\n \tlengvai surenkamas<br \/>\n \tpagamintas i\u0161 auk\u0161tos kokyb\u0117s med\u017eio<\/p>","protected":false},"excerpt":{"rendered":"<p>\u201eViga\u201c muzikos lenta yra unikali \u012franga kiekvienai klasei. Ji leid\u017eia vaikams laisvai eksperimentuoti su 12 skirting\u0173 instrument\u0173, taip skatinant klausos<\/p>","protected":false},"featured_media":106157,"template":"","meta":{"_acf_changed":false,"_glsr_average":0,"_glsr_ranking":0,"_glsr_reviews":0},"product_brand":[],"product_cat":[449,229],"product_tag":[],"class_list":{"0":"post-106155","1":"product","2":"type-product","3":"status-publish","4":"has-post-thumbnail","6":"product_cat-muzikiniai","7":"product_cat-zaislai-vaikams","8":"\"style=\"background-color: #2ecc711c;\"","10":"first","11":"instock","12":"purchasable","13":"product-type-simple"},"acf":[],"yoast_head":"<!-- This site is optimized with the Yoast SEO plugin v27.4 - https:\/\/yoast.com\/product\/yoast-seo-wordpress\/ -->\n<title>VIGA medinis muzikos lentos rinkinys \u2013 12 perkusini\u0173 instrument\u0173<\/title>\n<meta name=\"description\" content=\"VIGA medinis muzikos lentos rinkinys \u2013 12 perkusini\u0173 instrument\u0173 - KidsPlay. Did\u017eiausias vaik\u0173 \u017eaisl\u0173 pasirinkimas.\" \/>\n<meta name=\"robots\" content=\"index, follow, max-snippet:-1, max-image-preview:large, max-video-preview:-1\" \/>\n<link rel=\"canonical\" href=\"https:\/\/kidsplay.lt\/lv\/products\/viga-medinis-muzikos-lentos-rinkinys-12-perkusiniu-instrumentu\/\" \/>\n<meta property=\"og:locale\" content=\"lv_LV\" \/>\n<meta property=\"og:type\" content=\"article\" \/>\n<meta property=\"og:title\" content=\"VIGA medinis muzikos lentos rinkinys \u2013 12 perkusini\u0173 instrument\u0173\" \/>\n<meta property=\"og:description\" content=\"VIGA medinis muzikos lentos rinkinys \u2013 12 perkusini\u0173 instrument\u0173 - KidsPlay. Did\u017eiausias vaik\u0173 \u017eaisl\u0173 pasirinkimas.\" \/>\n<meta property=\"og:url\" content=\"https:\/\/kidsplay.lt\/lv\/products\/viga-medinis-muzikos-lentos-rinkinys-12-perkusiniu-instrumentu\/\" \/>\n<meta property=\"og:site_name\" content=\"KidsPlay\" \/>\n<meta property=\"article:publisher\" content=\"https:\/\/www.facebook.com\/www.kidsplay.lt\" \/>\n<meta property=\"article:modified_time\" content=\"2026-04-20T15:29:55+00:00\" \/>\n<meta property=\"og:image\" content=\"https:\/\/kidsplay.lt\/wp-content\/uploads\/2026\/04\/VIGA-medinis-muzikos-lentos-rinkinys-\u2013-12-perkusiniu-instrumentu.jpg\" \/>\n\t<meta property=\"og:image:width\" content=\"2560\" \/>\n\t<meta property=\"og:image:height\" content=\"2560\" \/>\n\t<meta property=\"og:image:type\" content=\"image\/jpeg\" \/>\n<meta name=\"twitter:card\" content=\"summary_large_image\" \/>\n<script type=\"application\/ld+json\" class=\"yoast-schema-graph\">{\"@context\":\"https:\\\/\\\/schema.org\",\"@graph\":[{\"@type\":\"WebPage\",\"@id\":\"https:\\\/\\\/kidsplay.lt\\\/produktas\\\/viga-medinis-muzikos-lentos-rinkinys-12-perkusiniu-instrumentu\\\/\",\"url\":\"https:\\\/\\\/kidsplay.lt\\\/produktas\\\/viga-medinis-muzikos-lentos-rinkinys-12-perkusiniu-instrumentu\\\/\",\"name\":\"VIGA medinis muzikos lentos rinkinys \u2013 12 perkusini\u0173 instrument\u0173\",\"isPartOf\":{\"@id\":\"https:\\\/\\\/kidsplay.lt\\\/#website\"},\"primaryImageOfPage\":{\"@id\":\"https:\\\/\\\/kidsplay.lt\\\/produktas\\\/viga-medinis-muzikos-lentos-rinkinys-12-perkusiniu-instrumentu\\\/#primaryimage\"},\"image\":{\"@id\":\"https:\\\/\\\/kidsplay.lt\\\/produktas\\\/viga-medinis-muzikos-lentos-rinkinys-12-perkusiniu-instrumentu\\\/#primaryimage\"},\"thumbnailUrl\":\"https:\\\/\\\/kidsplay.lt\\\/wp-content\\\/uploads\\\/2026\\\/04\\\/VIGA-medinis-muzikos-lentos-rinkinys-\u2013-12-perkusiniu-instrumentu.jpg\",\"datePublished\":\"2026-04-20T03:57:39+00:00\",\"dateModified\":\"2026-04-20T15:29:55+00:00\",\"description\":\"VIGA medinis muzikos lentos rinkinys \u2013 12 perkusini\u0173 instrument\u0173 - KidsPlay. Did\u017eiausias vaik\u0173 \u017eaisl\u0173 pasirinkimas.\",\"breadcrumb\":{\"@id\":\"https:\\\/\\\/kidsplay.lt\\\/produktas\\\/viga-medinis-muzikos-lentos-rinkinys-12-perkusiniu-instrumentu\\\/#breadcrumb\"},\"inLanguage\":\"lv-LV\",\"potentialAction\":[{\"@type\":\"ReadAction\",\"target\":[\"https:\\\/\\\/kidsplay.lt\\\/produktas\\\/viga-medinis-muzikos-lentos-rinkinys-12-perkusiniu-instrumentu\\\/\"]}]},{\"@type\":\"ImageObject\",\"inLanguage\":\"lv-LV\",\"@id\":\"https:\\\/\\\/kidsplay.lt\\\/produktas\\\/viga-medinis-muzikos-lentos-rinkinys-12-perkusiniu-instrumentu\\\/#primaryimage\",\"url\":\"https:\\\/\\\/kidsplay.lt\\\/wp-content\\\/uploads\\\/2026\\\/04\\\/VIGA-medinis-muzikos-lentos-rinkinys-\u2013-12-perkusiniu-instrumentu.jpg\",\"contentUrl\":\"https:\\\/\\\/kidsplay.lt\\\/wp-content\\\/uploads\\\/2026\\\/04\\\/VIGA-medinis-muzikos-lentos-rinkinys-\u2013-12-perkusiniu-instrumentu.jpg\",\"width\":2560,\"height\":2560,\"caption\":\"VIGA medinis muzikos lentos rinkinys \u2013 12 perkusini\u0173 instrument\u0173\"},{\"@type\":\"BreadcrumbList\",\"@id\":\"https:\\\/\\\/kidsplay.lt\\\/produktas\\\/viga-medinis-muzikos-lentos-rinkinys-12-perkusiniu-instrumentu\\\/#breadcrumb\",\"itemListElement\":[{\"@type\":\"ListItem\",\"position\":1,\"name\":\"Pagrindinis\",\"item\":\"https:\\\/\\\/kidsplay.lt\\\/\"},{\"@type\":\"ListItem\",\"position\":2,\"name\":\"Parduotuv\u0117\",\"item\":\"https:\\\/\\\/kidsplay.lt\\\/parduotuve\\\/\"},{\"@type\":\"ListItem\",\"position\":3,\"name\":\"VIGA medinis muzikos lentos rinkinys \u2013 12 perkusini\u0173 instrument\u0173\"}]},{\"@type\":\"WebSite\",\"@id\":\"https:\\\/\\\/kidsplay.lt\\\/#website\",\"url\":\"https:\\\/\\\/kidsplay.lt\\\/\",\"name\":\"Kidsplay.lt\",\"description\":\"\u012evairios prek\u0117s vaikams\",\"publisher\":{\"@id\":\"https:\\\/\\\/kidsplay.lt\\\/#organization\"},\"alternateName\":\"Kidsplay\",\"potentialAction\":[{\"@type\":\"SearchAction\",\"target\":{\"@type\":\"EntryPoint\",\"urlTemplate\":\"https:\\\/\\\/kidsplay.lt\\\/?s={search_term_string}\"},\"query-input\":{\"@type\":\"PropertyValueSpecification\",\"valueRequired\":true,\"valueName\":\"search_term_string\"}}],\"inLanguage\":\"lv-LV\"},{\"@type\":\"Organization\",\"@id\":\"https:\\\/\\\/kidsplay.lt\\\/#organization\",\"name\":\"KidsPlay\",\"url\":\"https:\\\/\\\/kidsplay.lt\\\/\",\"logo\":{\"@type\":\"ImageObject\",\"inLanguage\":\"lv-LV\",\"@id\":\"https:\\\/\\\/kidsplay.lt\\\/#\\\/schema\\\/logo\\\/image\\\/\",\"url\":\"https:\\\/\\\/kidsplay.lt\\\/wp-content\\\/uploads\\\/2023\\\/07\\\/kidsplay-logo.png\",\"contentUrl\":\"https:\\\/\\\/kidsplay.lt\\\/wp-content\\\/uploads\\\/2023\\\/07\\\/kidsplay-logo.png\",\"width\":451,\"height\":98,\"caption\":\"KidsPlay\"},\"image\":{\"@id\":\"https:\\\/\\\/kidsplay.lt\\\/#\\\/schema\\\/logo\\\/image\\\/\"},\"sameAs\":[\"https:\\\/\\\/www.facebook.com\\\/www.kidsplay.lt\"]}]}<\/script>\n<!-- \/ Yoast SEO plugin. -->","yoast_head_json":{"title":"VIGA medinis muzikos lentos rinkinys \u2013 12 perkusini\u0173 instrument\u0173","description":"VIGA medinis muzikos lentos rinkinys \u2013 12 perkusini\u0173 instrument\u0173 - KidsPlay. Did\u017eiausias vaik\u0173 \u017eaisl\u0173 pasirinkimas.","robots":{"index":"index","follow":"follow","max-snippet":"max-snippet:-1","max-image-preview":"max-image-preview:large","max-video-preview":"max-video-preview:-1"},"canonical":"https:\/\/kidsplay.lt\/lv\/products\/viga-medinis-muzikos-lentos-rinkinys-12-perkusiniu-instrumentu\/","og_locale":"lv_LV","og_type":"article","og_title":"VIGA medinis muzikos lentos rinkinys \u2013 12 perkusini\u0173 instrument\u0173","og_description":"VIGA medinis muzikos lentos rinkinys \u2013 12 perkusini\u0173 instrument\u0173 - KidsPlay. Did\u017eiausias vaik\u0173 \u017eaisl\u0173 pasirinkimas.","og_url":"https:\/\/kidsplay.lt\/lv\/products\/viga-medinis-muzikos-lentos-rinkinys-12-perkusiniu-instrumentu\/","og_site_name":"KidsPlay","article_publisher":"https:\/\/www.facebook.com\/www.kidsplay.lt","article_modified_time":"2026-04-20T15:29:55+00:00","og_image":[{"width":2560,"height":2560,"url":"https:\/\/kidsplay.lt\/wp-content\/uploads\/2026\/04\/VIGA-medinis-muzikos-lentos-rinkinys-\u2013-12-perkusiniu-instrumentu.jpg","type":"image\/jpeg"}],"twitter_card":"summary_large_image","schema":{"@context":"https:\/\/schema.org","@graph":[{"@type":"WebPage","@id":"https:\/\/kidsplay.lt\/produktas\/viga-medinis-muzikos-lentos-rinkinys-12-perkusiniu-instrumentu\/","url":"https:\/\/kidsplay.lt\/produktas\/viga-medinis-muzikos-lentos-rinkinys-12-perkusiniu-instrumentu\/","name":"VIGA medinis muzikos lentos rinkinys \u2013 12 perkusini\u0173 instrument\u0173","isPartOf":{"@id":"https:\/\/kidsplay.lt\/#website"},"primaryImageOfPage":{"@id":"https:\/\/kidsplay.lt\/produktas\/viga-medinis-muzikos-lentos-rinkinys-12-perkusiniu-instrumentu\/#primaryimage"},"image":{"@id":"https:\/\/kidsplay.lt\/produktas\/viga-medinis-muzikos-lentos-rinkinys-12-perkusiniu-instrumentu\/#primaryimage"},"thumbnailUrl":"https:\/\/kidsplay.lt\/wp-content\/uploads\/2026\/04\/VIGA-medinis-muzikos-lentos-rinkinys-\u2013-12-perkusiniu-instrumentu.jpg","datePublished":"2026-04-20T03:57:39+00:00","dateModified":"2026-04-20T15:29:55+00:00","description":"VIGA medinis muzikos lentos rinkinys \u2013 12 perkusini\u0173 instrument\u0173 - KidsPlay. Did\u017eiausias vaik\u0173 \u017eaisl\u0173 pasirinkimas.","breadcrumb":{"@id":"https:\/\/kidsplay.lt\/produktas\/viga-medinis-muzikos-lentos-rinkinys-12-perkusiniu-instrumentu\/#breadcrumb"},"inLanguage":"lv-LV","potentialAction":[{"@type":"ReadAction","target":["https:\/\/kidsplay.lt\/produktas\/viga-medinis-muzikos-lentos-rinkinys-12-perkusiniu-instrumentu\/"]}]},{"@type":"ImageObject","inLanguage":"lv-LV","@id":"https:\/\/kidsplay.lt\/produktas\/viga-medinis-muzikos-lentos-rinkinys-12-perkusiniu-instrumentu\/#primaryimage","url":"https:\/\/kidsplay.lt\/wp-content\/uploads\/2026\/04\/VIGA-medinis-muzikos-lentos-rinkinys-\u2013-12-perkusiniu-instrumentu.jpg","contentUrl":"https:\/\/kidsplay.lt\/wp-content\/uploads\/2026\/04\/VIGA-medinis-muzikos-lentos-rinkinys-\u2013-12-perkusiniu-instrumentu.jpg","width":2560,"height":2560,"caption":"VIGA medinis muzikos lentos rinkinys \u2013 12 perkusini\u0173 instrument\u0173"},{"@type":"BreadcrumbList","@id":"https:\/\/kidsplay.lt\/produktas\/viga-medinis-muzikos-lentos-rinkinys-12-perkusiniu-instrumentu\/#breadcrumb","itemListElement":[{"@type":"ListItem","position":1,"name":"Pagrindinis","item":"https:\/\/kidsplay.lt\/"},{"@type":"ListItem","position":2,"name":"Parduotuv\u0117","item":"https:\/\/kidsplay.lt\/parduotuve\/"},{"@type":"ListItem","position":3,"name":"VIGA medinis muzikos lentos rinkinys \u2013 12 perkusini\u0173 instrument\u0173"}]},{"@type":"WebSite","@id":"https:\/\/kidsplay.lt\/#website","url":"https:\/\/kidsplay.lt\/","name":"B\u0113rnu sp\u0113les.lv","description":"\u012evairios prek\u0117s vaikams","publisher":{"@id":"https:\/\/kidsplay.lt\/#organization"},"alternateName":"Kidsplay","potentialAction":[{"@type":"SearchAction","target":{"@type":"EntryPoint","urlTemplate":"https:\/\/kidsplay.lt\/?s={search_term_string}"},"query-input":{"@type":"PropertyValueSpecification","valueRequired":true,"valueName":"search_term_string"}}],"inLanguage":"lv-LV"},{"@type":"Organization","@id":"https:\/\/kidsplay.lt\/#organization","name":"B\u0113rnu sp\u0113le","url":"https:\/\/kidsplay.lt\/","logo":{"@type":"ImageObject","inLanguage":"lv-LV","@id":"https:\/\/kidsplay.lt\/#\/schema\/logo\/image\/","url":"https:\/\/kidsplay.lt\/wp-content\/uploads\/2023\/07\/kidsplay-logo.png","contentUrl":"https:\/\/kidsplay.lt\/wp-content\/uploads\/2023\/07\/kidsplay-logo.png","width":451,"height":98,"caption":"KidsPlay"},"image":{"@id":"https:\/\/kidsplay.lt\/#\/schema\/logo\/image\/"},"sameAs":["https:\/\/www.facebook.com\/www.kidsplay.lt"]}]}},"_links":{"self":[{"href":"https:\/\/kidsplay.lt\/lv\/wp-json\/wp\/v2\/product\/106155","targetHints":{"allow":["GET"]}}],"collection":[{"href":"https:\/\/kidsplay.lt\/lv\/wp-json\/wp\/v2\/product"}],"about":[{"href":"https:\/\/kidsplay.lt\/lv\/wp-json\/wp\/v2\/types\/product"}],"version-history":[{"count":1,"href":"https:\/\/kidsplay.lt\/lv\/wp-json\/wp\/v2\/product\/106155\/revisions"}],"predecessor-version":[{"id":106156,"href":"https:\/\/kidsplay.lt\/lv\/wp-json\/wp\/v2\/product\/106155\/revisions\/106156"}],"wp:featuredmedia":[{"embeddable":true,"href":"https:\/\/kidsplay.lt\/lv\/wp-json\/wp\/v2\/media\/106157"}],"wp:attachment":[{"href":"https:\/\/kidsplay.lt\/lv\/wp-json\/wp\/v2\/media?parent=106155"}],"wp:term":[{"taxonomy":"product_brand","embeddable":true,"href":"https:\/\/kidsplay.lt\/lv\/wp-json\/wp\/v2\/product_brand?post=106155"},{"taxonomy":"product_cat","embeddable":true,"href":"https:\/\/kidsplay.lt\/lv\/wp-json\/wp\/v2\/product_cat?post=106155"},{"taxonomy":"product_tag","embeddable":true,"href":"https:\/\/kidsplay.lt\/lv\/wp-json\/wp\/v2\/product_tag?post=106155"}],"curies":[{"name":"wp","href":"https:\/\/api.w.org\/{rel}","templated":true}]}}