{"id":106173,"date":"2026-04-20T06:58:25","date_gmt":"2026-04-20T03:58:25","guid":{"rendered":"https:\/\/kidsplay.lt\/produktas\/viga-polarb-medinis-vaziuoklis-stumdukas-lape-su-minkstais-ratukais\/"},"modified":"2026-04-20T06:58:43","modified_gmt":"2026-04-20T03:58:43","slug":"viga-polarb-medinis-vaziuoklis-stumdukas-lape-su-minkstais-ratukais","status":"publish","type":"product","link":"https:\/\/kidsplay.lt\/lv\/products\/viga-polarb-medinis-vaziuoklis-stumdukas-lape-su-minkstais-ratukais\/","title":{"rendered":"VIGA PolarB medinis va\u017eiuoklis\u2013stumdukas \u201eLap\u0117\u201c su mink\u0161tais ratukais"},"content":{"rendered":"<p>VIGA PolarB medinis va\u017eiuoklis \u201eLap\u0117\u201c yra mielas \u201eVIGA\u201c prek\u0117s \u017eenklo \u017eaislas. Tai puiki transporto priemon\u0117, padedanti vaikams \u017eaid\u017eiant lavinti raumen\u0173 j\u0117g\u0105 ir motorin\u0119 koordinacij\u0105. \u0160is pastelini\u0173 spalv\u0173 lap\u0117s formos va\u017eiuoklis skatina ma\u017eyl\u012f b\u016bti fizi\u0161kai aktyviam ir tyrin\u0117ti pasaul\u012f. Spalvinga transporto priemon\u0117 yra puikus \u017eaislas, suteikiantis daug d\u017eiaugsming\u0173 \u017eaidimo valand\u0173.<br \/>\nFunkcijas:<\/p>\n<p> \tskirtas vaikams nuo 12 m\u0117nesi\u0173 am\u017eiaus<br \/>\n \tturi vairo u\u017erakt\u0105 papildomam saugumui<br \/>\n \tketuri EVA ratukai u\u017etikrina stabilum\u0105 ir ilgaam\u017ei\u0161kum\u0105<br \/>\n \tpagamintas i\u0161 med\u017eio su pastelin\u0117s spalvos detal\u0117mis<br \/>\n \tsuapvalinti kampai u\u017etikrina saugum\u0105 vaikams<br \/>\n \tnaudojamos saugios med\u017eiagos, nekenksmingos k\u016bdikio sveikatai<\/p>","protected":false},"excerpt":{"rendered":"<p>VIGA PolarB medinis va\u017eiuoklis \u201eLap\u0117\u201c yra mielas \u201eVIGA\u201c prek\u0117s \u017eenklo \u017eaislas. Tai puiki transporto priemon\u0117, padedanti vaikams \u017eaid\u017eiant lavinti raumen\u0173<\/p>","protected":false},"featured_media":106175,"template":"","meta":{"_acf_changed":false,"_glsr_average":0,"_glsr_ranking":0,"_glsr_reviews":0},"product_brand":[],"product_cat":[240,237],"product_tag":[],"class_list":{"0":"post-106173","1":"product","2":"type-product","3":"status-publish","4":"has-post-thumbnail","6":"product_cat-balansiniai-dviratukai","7":"product_cat-judejimo-priemones","8":"\"style=\"background-color: #2ecc711c;\"","10":"first","11":"instock","12":"purchasable","13":"product-type-simple"},"acf":[],"yoast_head":"<!-- This site is optimized with the Yoast SEO plugin v27.4 - https:\/\/yoast.com\/product\/yoast-seo-wordpress\/ -->\n<title>VIGA PolarB medinis va\u017eiuoklis\u2013stumdukas \u201eLap\u0117\u201c su mink\u0161tais ratukais<\/title>\n<meta name=\"description\" content=\"VIGA PolarB medinis va\u017eiuoklis\u2013stumdukas \u201eLap\u0117\u201c su mink\u0161tais ratukais - KidsPlay. Did\u017eiausias vaik\u0173 \u017eaisl\u0173 pasirinkimas.\" \/>\n<meta name=\"robots\" content=\"index, follow, max-snippet:-1, max-image-preview:large, max-video-preview:-1\" \/>\n<link rel=\"canonical\" href=\"https:\/\/kidsplay.lt\/lv\/products\/viga-polarb-medinis-vaziuoklis-stumdukas-lape-su-minkstais-ratukais\/\" \/>\n<meta property=\"og:locale\" content=\"lv_LV\" \/>\n<meta property=\"og:type\" content=\"article\" \/>\n<meta property=\"og:title\" content=\"VIGA PolarB medinis va\u017eiuoklis\u2013stumdukas \u201eLap\u0117\u201c su mink\u0161tais ratukais\" \/>\n<meta property=\"og:description\" content=\"VIGA PolarB medinis va\u017eiuoklis\u2013stumdukas \u201eLap\u0117\u201c su mink\u0161tais ratukais - KidsPlay. Did\u017eiausias vaik\u0173 \u017eaisl\u0173 pasirinkimas.\" \/>\n<meta property=\"og:url\" content=\"https:\/\/kidsplay.lt\/lv\/products\/viga-polarb-medinis-vaziuoklis-stumdukas-lape-su-minkstais-ratukais\/\" \/>\n<meta property=\"og:site_name\" content=\"KidsPlay\" \/>\n<meta property=\"article:publisher\" content=\"https:\/\/www.facebook.com\/www.kidsplay.lt\" \/>\n<meta property=\"article:modified_time\" content=\"2026-04-20T03:58:43+00:00\" \/>\n<meta property=\"og:image\" content=\"https:\/\/kidsplay.lt\/wp-content\/uploads\/2026\/04\/VIGA-PolarB-medinis-vaziuoklis\u2013stumdukas-\u201eLape-su-minkstais-ratukais.jpg\" \/>\n\t<meta property=\"og:image:width\" content=\"2560\" \/>\n\t<meta property=\"og:image:height\" content=\"2560\" \/>\n\t<meta property=\"og:image:type\" content=\"image\/jpeg\" \/>\n<meta name=\"twitter:card\" content=\"summary_large_image\" \/>\n<meta name=\"twitter:label1\" content=\"Est. reading time\" \/>\n\t<meta name=\"twitter:data1\" content=\"1 min\u016bte\" \/>\n<script type=\"application\/ld+json\" class=\"yoast-schema-graph\">{\"@context\":\"https:\\\/\\\/schema.org\",\"@graph\":[{\"@type\":\"WebPage\",\"@id\":\"https:\\\/\\\/kidsplay.lt\\\/produktas\\\/viga-polarb-medinis-vaziuoklis-stumdukas-lape-su-minkstais-ratukais\\\/\",\"url\":\"https:\\\/\\\/kidsplay.lt\\\/produktas\\\/viga-polarb-medinis-vaziuoklis-stumdukas-lape-su-minkstais-ratukais\\\/\",\"name\":\"VIGA PolarB medinis va\u017eiuoklis\u2013stumdukas \u201eLap\u0117\u201c su mink\u0161tais ratukais\",\"isPartOf\":{\"@id\":\"https:\\\/\\\/kidsplay.lt\\\/#website\"},\"primaryImageOfPage\":{\"@id\":\"https:\\\/\\\/kidsplay.lt\\\/produktas\\\/viga-polarb-medinis-vaziuoklis-stumdukas-lape-su-minkstais-ratukais\\\/#primaryimage\"},\"image\":{\"@id\":\"https:\\\/\\\/kidsplay.lt\\\/produktas\\\/viga-polarb-medinis-vaziuoklis-stumdukas-lape-su-minkstais-ratukais\\\/#primaryimage\"},\"thumbnailUrl\":\"https:\\\/\\\/kidsplay.lt\\\/wp-content\\\/uploads\\\/2026\\\/04\\\/VIGA-PolarB-medinis-vaziuoklis\u2013stumdukas-\u201eLape-su-minkstais-ratukais.jpg\",\"datePublished\":\"2026-04-20T03:58:25+00:00\",\"dateModified\":\"2026-04-20T03:58:43+00:00\",\"description\":\"VIGA PolarB medinis va\u017eiuoklis\u2013stumdukas \u201eLap\u0117\u201c su mink\u0161tais ratukais - KidsPlay. Did\u017eiausias vaik\u0173 \u017eaisl\u0173 pasirinkimas.\",\"breadcrumb\":{\"@id\":\"https:\\\/\\\/kidsplay.lt\\\/produktas\\\/viga-polarb-medinis-vaziuoklis-stumdukas-lape-su-minkstais-ratukais\\\/#breadcrumb\"},\"inLanguage\":\"lv-LV\",\"potentialAction\":[{\"@type\":\"ReadAction\",\"target\":[\"https:\\\/\\\/kidsplay.lt\\\/produktas\\\/viga-polarb-medinis-vaziuoklis-stumdukas-lape-su-minkstais-ratukais\\\/\"]}]},{\"@type\":\"ImageObject\",\"inLanguage\":\"lv-LV\",\"@id\":\"https:\\\/\\\/kidsplay.lt\\\/produktas\\\/viga-polarb-medinis-vaziuoklis-stumdukas-lape-su-minkstais-ratukais\\\/#primaryimage\",\"url\":\"https:\\\/\\\/kidsplay.lt\\\/wp-content\\\/uploads\\\/2026\\\/04\\\/VIGA-PolarB-medinis-vaziuoklis\u2013stumdukas-\u201eLape-su-minkstais-ratukais.jpg\",\"contentUrl\":\"https:\\\/\\\/kidsplay.lt\\\/wp-content\\\/uploads\\\/2026\\\/04\\\/VIGA-PolarB-medinis-vaziuoklis\u2013stumdukas-\u201eLape-su-minkstais-ratukais.jpg\",\"width\":2560,\"height\":2560,\"caption\":\"VIGA PolarB medinis va\u017eiuoklis\u2013stumdukas \u201eLap\u0117\u201c su mink\u0161tais ratukais\"},{\"@type\":\"BreadcrumbList\",\"@id\":\"https:\\\/\\\/kidsplay.lt\\\/produktas\\\/viga-polarb-medinis-vaziuoklis-stumdukas-lape-su-minkstais-ratukais\\\/#breadcrumb\",\"itemListElement\":[{\"@type\":\"ListItem\",\"position\":1,\"name\":\"Pagrindinis\",\"item\":\"https:\\\/\\\/kidsplay.lt\\\/\"},{\"@type\":\"ListItem\",\"position\":2,\"name\":\"Parduotuv\u0117\",\"item\":\"https:\\\/\\\/kidsplay.lt\\\/parduotuve\\\/\"},{\"@type\":\"ListItem\",\"position\":3,\"name\":\"VIGA PolarB medinis va\u017eiuoklis\u2013stumdukas \u201eLap\u0117\u201c su mink\u0161tais ratukais\"}]},{\"@type\":\"WebSite\",\"@id\":\"https:\\\/\\\/kidsplay.lt\\\/#website\",\"url\":\"https:\\\/\\\/kidsplay.lt\\\/\",\"name\":\"Kidsplay.lt\",\"description\":\"\u012evairios prek\u0117s vaikams\",\"publisher\":{\"@id\":\"https:\\\/\\\/kidsplay.lt\\\/#organization\"},\"alternateName\":\"Kidsplay\",\"potentialAction\":[{\"@type\":\"SearchAction\",\"target\":{\"@type\":\"EntryPoint\",\"urlTemplate\":\"https:\\\/\\\/kidsplay.lt\\\/?s={search_term_string}\"},\"query-input\":{\"@type\":\"PropertyValueSpecification\",\"valueRequired\":true,\"valueName\":\"search_term_string\"}}],\"inLanguage\":\"lv-LV\"},{\"@type\":\"Organization\",\"@id\":\"https:\\\/\\\/kidsplay.lt\\\/#organization\",\"name\":\"KidsPlay\",\"url\":\"https:\\\/\\\/kidsplay.lt\\\/\",\"logo\":{\"@type\":\"ImageObject\",\"inLanguage\":\"lv-LV\",\"@id\":\"https:\\\/\\\/kidsplay.lt\\\/#\\\/schema\\\/logo\\\/image\\\/\",\"url\":\"https:\\\/\\\/kidsplay.lt\\\/wp-content\\\/uploads\\\/2023\\\/07\\\/kidsplay-logo.png\",\"contentUrl\":\"https:\\\/\\\/kidsplay.lt\\\/wp-content\\\/uploads\\\/2023\\\/07\\\/kidsplay-logo.png\",\"width\":451,\"height\":98,\"caption\":\"KidsPlay\"},\"image\":{\"@id\":\"https:\\\/\\\/kidsplay.lt\\\/#\\\/schema\\\/logo\\\/image\\\/\"},\"sameAs\":[\"https:\\\/\\\/www.facebook.com\\\/www.kidsplay.lt\"]}]}<\/script>\n<!-- \/ Yoast SEO plugin. -->","yoast_head_json":{"title":"VIGA PolarB medinis va\u017eiuoklis\u2013stumdukas \u201eLap\u0117\u201c su mink\u0161tais ratukais","description":"VIGA PolarB medinis va\u017eiuoklis\u2013stumdukas \u201eLap\u0117\u201c su mink\u0161tais ratukais - KidsPlay. Did\u017eiausias vaik\u0173 \u017eaisl\u0173 pasirinkimas.","robots":{"index":"index","follow":"follow","max-snippet":"max-snippet:-1","max-image-preview":"max-image-preview:large","max-video-preview":"max-video-preview:-1"},"canonical":"https:\/\/kidsplay.lt\/lv\/products\/viga-polarb-medinis-vaziuoklis-stumdukas-lape-su-minkstais-ratukais\/","og_locale":"lv_LV","og_type":"article","og_title":"VIGA PolarB medinis va\u017eiuoklis\u2013stumdukas \u201eLap\u0117\u201c su mink\u0161tais ratukais","og_description":"VIGA PolarB medinis va\u017eiuoklis\u2013stumdukas \u201eLap\u0117\u201c su mink\u0161tais ratukais - KidsPlay. Did\u017eiausias vaik\u0173 \u017eaisl\u0173 pasirinkimas.","og_url":"https:\/\/kidsplay.lt\/lv\/products\/viga-polarb-medinis-vaziuoklis-stumdukas-lape-su-minkstais-ratukais\/","og_site_name":"KidsPlay","article_publisher":"https:\/\/www.facebook.com\/www.kidsplay.lt","article_modified_time":"2026-04-20T03:58:43+00:00","og_image":[{"width":2560,"height":2560,"url":"https:\/\/kidsplay.lt\/wp-content\/uploads\/2026\/04\/VIGA-PolarB-medinis-vaziuoklis\u2013stumdukas-\u201eLape-su-minkstais-ratukais.jpg","type":"image\/jpeg"}],"twitter_card":"summary_large_image","twitter_misc":{"Est. reading time":"1 min\u016bte"},"schema":{"@context":"https:\/\/schema.org","@graph":[{"@type":"WebPage","@id":"https:\/\/kidsplay.lt\/produktas\/viga-polarb-medinis-vaziuoklis-stumdukas-lape-su-minkstais-ratukais\/","url":"https:\/\/kidsplay.lt\/produktas\/viga-polarb-medinis-vaziuoklis-stumdukas-lape-su-minkstais-ratukais\/","name":"VIGA PolarB medinis va\u017eiuoklis\u2013stumdukas \u201eLap\u0117\u201c su mink\u0161tais ratukais","isPartOf":{"@id":"https:\/\/kidsplay.lt\/#website"},"primaryImageOfPage":{"@id":"https:\/\/kidsplay.lt\/produktas\/viga-polarb-medinis-vaziuoklis-stumdukas-lape-su-minkstais-ratukais\/#primaryimage"},"image":{"@id":"https:\/\/kidsplay.lt\/produktas\/viga-polarb-medinis-vaziuoklis-stumdukas-lape-su-minkstais-ratukais\/#primaryimage"},"thumbnailUrl":"https:\/\/kidsplay.lt\/wp-content\/uploads\/2026\/04\/VIGA-PolarB-medinis-vaziuoklis\u2013stumdukas-\u201eLape-su-minkstais-ratukais.jpg","datePublished":"2026-04-20T03:58:25+00:00","dateModified":"2026-04-20T03:58:43+00:00","description":"VIGA PolarB medinis va\u017eiuoklis\u2013stumdukas \u201eLap\u0117\u201c su mink\u0161tais ratukais - KidsPlay. Did\u017eiausias vaik\u0173 \u017eaisl\u0173 pasirinkimas.","breadcrumb":{"@id":"https:\/\/kidsplay.lt\/produktas\/viga-polarb-medinis-vaziuoklis-stumdukas-lape-su-minkstais-ratukais\/#breadcrumb"},"inLanguage":"lv-LV","potentialAction":[{"@type":"ReadAction","target":["https:\/\/kidsplay.lt\/produktas\/viga-polarb-medinis-vaziuoklis-stumdukas-lape-su-minkstais-ratukais\/"]}]},{"@type":"ImageObject","inLanguage":"lv-LV","@id":"https:\/\/kidsplay.lt\/produktas\/viga-polarb-medinis-vaziuoklis-stumdukas-lape-su-minkstais-ratukais\/#primaryimage","url":"https:\/\/kidsplay.lt\/wp-content\/uploads\/2026\/04\/VIGA-PolarB-medinis-vaziuoklis\u2013stumdukas-\u201eLape-su-minkstais-ratukais.jpg","contentUrl":"https:\/\/kidsplay.lt\/wp-content\/uploads\/2026\/04\/VIGA-PolarB-medinis-vaziuoklis\u2013stumdukas-\u201eLape-su-minkstais-ratukais.jpg","width":2560,"height":2560,"caption":"VIGA PolarB medinis va\u017eiuoklis\u2013stumdukas \u201eLap\u0117\u201c su mink\u0161tais ratukais"},{"@type":"BreadcrumbList","@id":"https:\/\/kidsplay.lt\/produktas\/viga-polarb-medinis-vaziuoklis-stumdukas-lape-su-minkstais-ratukais\/#breadcrumb","itemListElement":[{"@type":"ListItem","position":1,"name":"Pagrindinis","item":"https:\/\/kidsplay.lt\/"},{"@type":"ListItem","position":2,"name":"Parduotuv\u0117","item":"https:\/\/kidsplay.lt\/parduotuve\/"},{"@type":"ListItem","position":3,"name":"VIGA PolarB medinis va\u017eiuoklis\u2013stumdukas \u201eLap\u0117\u201c su mink\u0161tais ratukais"}]},{"@type":"WebSite","@id":"https:\/\/kidsplay.lt\/#website","url":"https:\/\/kidsplay.lt\/","name":"B\u0113rnu sp\u0113les.lv","description":"\u012evairios prek\u0117s vaikams","publisher":{"@id":"https:\/\/kidsplay.lt\/#organization"},"alternateName":"Kidsplay","potentialAction":[{"@type":"SearchAction","target":{"@type":"EntryPoint","urlTemplate":"https:\/\/kidsplay.lt\/?s={search_term_string}"},"query-input":{"@type":"PropertyValueSpecification","valueRequired":true,"valueName":"search_term_string"}}],"inLanguage":"lv-LV"},{"@type":"Organization","@id":"https:\/\/kidsplay.lt\/#organization","name":"B\u0113rnu sp\u0113le","url":"https:\/\/kidsplay.lt\/","logo":{"@type":"ImageObject","inLanguage":"lv-LV","@id":"https:\/\/kidsplay.lt\/#\/schema\/logo\/image\/","url":"https:\/\/kidsplay.lt\/wp-content\/uploads\/2023\/07\/kidsplay-logo.png","contentUrl":"https:\/\/kidsplay.lt\/wp-content\/uploads\/2023\/07\/kidsplay-logo.png","width":451,"height":98,"caption":"KidsPlay"},"image":{"@id":"https:\/\/kidsplay.lt\/#\/schema\/logo\/image\/"},"sameAs":["https:\/\/www.facebook.com\/www.kidsplay.lt"]}]}},"_links":{"self":[{"href":"https:\/\/kidsplay.lt\/lv\/wp-json\/wp\/v2\/product\/106173","targetHints":{"allow":["GET"]}}],"collection":[{"href":"https:\/\/kidsplay.lt\/lv\/wp-json\/wp\/v2\/product"}],"about":[{"href":"https:\/\/kidsplay.lt\/lv\/wp-json\/wp\/v2\/types\/product"}],"version-history":[{"count":1,"href":"https:\/\/kidsplay.lt\/lv\/wp-json\/wp\/v2\/product\/106173\/revisions"}],"predecessor-version":[{"id":106174,"href":"https:\/\/kidsplay.lt\/lv\/wp-json\/wp\/v2\/product\/106173\/revisions\/106174"}],"wp:featuredmedia":[{"embeddable":true,"href":"https:\/\/kidsplay.lt\/lv\/wp-json\/wp\/v2\/media\/106175"}],"wp:attachment":[{"href":"https:\/\/kidsplay.lt\/lv\/wp-json\/wp\/v2\/media?parent=106173"}],"wp:term":[{"taxonomy":"product_brand","embeddable":true,"href":"https:\/\/kidsplay.lt\/lv\/wp-json\/wp\/v2\/product_brand?post=106173"},{"taxonomy":"product_cat","embeddable":true,"href":"https:\/\/kidsplay.lt\/lv\/wp-json\/wp\/v2\/product_cat?post=106173"},{"taxonomy":"product_tag","embeddable":true,"href":"https:\/\/kidsplay.lt\/lv\/wp-json\/wp\/v2\/product_tag?post=106173"}],"curies":[{"name":"wp","href":"https:\/\/api.w.org\/{rel}","templated":true}]}}