{"id":106180,"date":"2026-04-20T06:58:46","date_gmt":"2026-04-20T03:58:46","guid":{"rendered":"https:\/\/kidsplay.lt\/produktas\/viga-polarb-medinis-stumdukas-vaziuoklis-baltasis-lokys-su-minkstais-ratukais\/"},"modified":"2026-04-20T06:59:04","modified_gmt":"2026-04-20T03:59:04","slug":"viga-polarb-medinis-stumdukas-vaziuoklis-baltasis-lokys-su-minkstais-ratukais","status":"publish","type":"product","link":"https:\/\/kidsplay.lt\/lv\/products\/viga-polarb-medinis-stumdukas-vaziuoklis-baltasis-lokys-su-minkstais-ratukais\/","title":{"rendered":"VIGA PolarB medinis stumdukas\u2013va\u017eiuoklis \u201eBaltasis lokys\u201c su mink\u0161tais ratukais"},"content":{"rendered":"<p>VIGA PolarB medinis balansinis dviratukas yra saugi ir auk\u0161tos kokyb\u0117s priemon\u0117, kuri j\u016bs\u0173 vaikui suteiks daug d\u017eiaugsmo ilgam laikui. Jis turi saug\u0173 vairo u\u017erakt\u0105, papildom\u0105 saugos atram\u0105 bei keturias EVA padangas, kurios yra tyliai riedan\u010dios ir patvarios \u2013 tai svarbu tiek t\u0117vams, tiek vaikams. Be to, dviratukas pagamintas i\u0161 auk\u0161\u010diausios kokyb\u0117s medienos. Vairo rankena suformuota kaip mielas me\u0161kiukas \u2013 visi \u0161ie elementai sukuria vientis\u0105 dizain\u0105, kuris patinka tiek vaikams, tiek t\u0117vams.<br \/>\nFunkcijas:<\/p>\n<p> \t\u017eaislas skirtas vaikams nuo 12 m\u0117nesi\u0173 am\u017eiaus<br \/>\n \tauk\u0161\u010diausia gamybos kokyb\u0117<br \/>\n \tpapildoma s\u0117dyn\u0117s atrama neleid\u017eia vaikui kristi atgal<br \/>\n \tvairo u\u017eraktas padeda i\u0161vengti staigi\u0173 pos\u016bki\u0173 ir u\u017etikrina stabilum\u0105<br \/>\n \tmielas, patrauklus dizainas<\/p>","protected":false},"excerpt":{"rendered":"<p>VIGA PolarB medinis balansinis dviratukas yra saugi ir auk\u0161tos kokyb\u0117s priemon\u0117, kuri j\u016bs\u0173 vaikui suteiks daug d\u017eiaugsmo ilgam laikui. Jis<\/p>","protected":false},"featured_media":106182,"template":"","meta":{"_acf_changed":false,"_glsr_average":0,"_glsr_ranking":0,"_glsr_reviews":0},"product_brand":[],"product_cat":[240,237],"product_tag":[],"class_list":{"0":"post-106180","1":"product","2":"type-product","3":"status-publish","4":"has-post-thumbnail","6":"product_cat-balansiniai-dviratukai","7":"product_cat-judejimo-priemones","8":"\"style=\"background-color: #2ecc711c;\"","10":"first","11":"instock","12":"purchasable","13":"product-type-simple"},"acf":[],"yoast_head":"<!-- This site is optimized with the Yoast SEO plugin v27.4 - https:\/\/yoast.com\/product\/yoast-seo-wordpress\/ -->\n<title>VIGA PolarB medinis stumdukas\u2013va\u017eiuoklis \u201eBaltasis lokys\u201c su mink\u0161tais ratukais<\/title>\n<meta name=\"description\" content=\"VIGA PolarB medinis stumdukas\u2013va\u017eiuoklis \u201eBaltasis lokys\u201c su mink\u0161tais ratukais - KidsPlay. Did\u017eiausias vaik\u0173 \u017eaisl\u0173 pasirinkimas.\" \/>\n<meta name=\"robots\" content=\"index, follow, max-snippet:-1, max-image-preview:large, max-video-preview:-1\" \/>\n<link rel=\"canonical\" href=\"https:\/\/kidsplay.lt\/lv\/products\/viga-polarb-medinis-stumdukas-vaziuoklis-baltasis-lokys-su-minkstais-ratukais\/\" \/>\n<meta property=\"og:locale\" content=\"lv_LV\" \/>\n<meta property=\"og:type\" content=\"article\" \/>\n<meta property=\"og:title\" content=\"VIGA PolarB medinis stumdukas\u2013va\u017eiuoklis \u201eBaltasis lokys\u201c su mink\u0161tais ratukais\" \/>\n<meta property=\"og:description\" content=\"VIGA PolarB medinis stumdukas\u2013va\u017eiuoklis \u201eBaltasis lokys\u201c su mink\u0161tais ratukais - KidsPlay. Did\u017eiausias vaik\u0173 \u017eaisl\u0173 pasirinkimas.\" \/>\n<meta property=\"og:url\" content=\"https:\/\/kidsplay.lt\/lv\/products\/viga-polarb-medinis-stumdukas-vaziuoklis-baltasis-lokys-su-minkstais-ratukais\/\" \/>\n<meta property=\"og:site_name\" content=\"KidsPlay\" \/>\n<meta property=\"article:publisher\" content=\"https:\/\/www.facebook.com\/www.kidsplay.lt\" \/>\n<meta property=\"article:modified_time\" content=\"2026-04-20T03:59:04+00:00\" \/>\n<meta property=\"og:image\" content=\"https:\/\/kidsplay.lt\/wp-content\/uploads\/2026\/04\/VIGA-PolarB-medinis-stumdukas\u2013vaziuoklis-\u201eBaltasis-lokys-su-minkstais-ratukais.jpg\" \/>\n\t<meta property=\"og:image:width\" content=\"2560\" \/>\n\t<meta property=\"og:image:height\" content=\"2560\" \/>\n\t<meta property=\"og:image:type\" content=\"image\/jpeg\" \/>\n<meta name=\"twitter:card\" content=\"summary_large_image\" \/>\n<meta name=\"twitter:label1\" content=\"Est. reading time\" \/>\n\t<meta name=\"twitter:data1\" content=\"1 min\u016bte\" \/>\n<script type=\"application\/ld+json\" class=\"yoast-schema-graph\">{\"@context\":\"https:\\\/\\\/schema.org\",\"@graph\":[{\"@type\":\"WebPage\",\"@id\":\"https:\\\/\\\/kidsplay.lt\\\/produktas\\\/viga-polarb-medinis-stumdukas-vaziuoklis-baltasis-lokys-su-minkstais-ratukais\\\/\",\"url\":\"https:\\\/\\\/kidsplay.lt\\\/produktas\\\/viga-polarb-medinis-stumdukas-vaziuoklis-baltasis-lokys-su-minkstais-ratukais\\\/\",\"name\":\"VIGA PolarB medinis stumdukas\u2013va\u017eiuoklis \u201eBaltasis lokys\u201c su mink\u0161tais ratukais\",\"isPartOf\":{\"@id\":\"https:\\\/\\\/kidsplay.lt\\\/#website\"},\"primaryImageOfPage\":{\"@id\":\"https:\\\/\\\/kidsplay.lt\\\/produktas\\\/viga-polarb-medinis-stumdukas-vaziuoklis-baltasis-lokys-su-minkstais-ratukais\\\/#primaryimage\"},\"image\":{\"@id\":\"https:\\\/\\\/kidsplay.lt\\\/produktas\\\/viga-polarb-medinis-stumdukas-vaziuoklis-baltasis-lokys-su-minkstais-ratukais\\\/#primaryimage\"},\"thumbnailUrl\":\"https:\\\/\\\/kidsplay.lt\\\/wp-content\\\/uploads\\\/2026\\\/04\\\/VIGA-PolarB-medinis-stumdukas\u2013vaziuoklis-\u201eBaltasis-lokys-su-minkstais-ratukais.jpg\",\"datePublished\":\"2026-04-20T03:58:46+00:00\",\"dateModified\":\"2026-04-20T03:59:04+00:00\",\"description\":\"VIGA PolarB medinis stumdukas\u2013va\u017eiuoklis \u201eBaltasis lokys\u201c su mink\u0161tais ratukais - KidsPlay. Did\u017eiausias vaik\u0173 \u017eaisl\u0173 pasirinkimas.\",\"breadcrumb\":{\"@id\":\"https:\\\/\\\/kidsplay.lt\\\/produktas\\\/viga-polarb-medinis-stumdukas-vaziuoklis-baltasis-lokys-su-minkstais-ratukais\\\/#breadcrumb\"},\"inLanguage\":\"lv-LV\",\"potentialAction\":[{\"@type\":\"ReadAction\",\"target\":[\"https:\\\/\\\/kidsplay.lt\\\/produktas\\\/viga-polarb-medinis-stumdukas-vaziuoklis-baltasis-lokys-su-minkstais-ratukais\\\/\"]}]},{\"@type\":\"ImageObject\",\"inLanguage\":\"lv-LV\",\"@id\":\"https:\\\/\\\/kidsplay.lt\\\/produktas\\\/viga-polarb-medinis-stumdukas-vaziuoklis-baltasis-lokys-su-minkstais-ratukais\\\/#primaryimage\",\"url\":\"https:\\\/\\\/kidsplay.lt\\\/wp-content\\\/uploads\\\/2026\\\/04\\\/VIGA-PolarB-medinis-stumdukas\u2013vaziuoklis-\u201eBaltasis-lokys-su-minkstais-ratukais.jpg\",\"contentUrl\":\"https:\\\/\\\/kidsplay.lt\\\/wp-content\\\/uploads\\\/2026\\\/04\\\/VIGA-PolarB-medinis-stumdukas\u2013vaziuoklis-\u201eBaltasis-lokys-su-minkstais-ratukais.jpg\",\"width\":2560,\"height\":2560,\"caption\":\"VIGA PolarB medinis stumdukas\u2013va\u017eiuoklis \u201eBaltasis lokys\u201c su mink\u0161tais ratukais\"},{\"@type\":\"BreadcrumbList\",\"@id\":\"https:\\\/\\\/kidsplay.lt\\\/produktas\\\/viga-polarb-medinis-stumdukas-vaziuoklis-baltasis-lokys-su-minkstais-ratukais\\\/#breadcrumb\",\"itemListElement\":[{\"@type\":\"ListItem\",\"position\":1,\"name\":\"Pagrindinis\",\"item\":\"https:\\\/\\\/kidsplay.lt\\\/\"},{\"@type\":\"ListItem\",\"position\":2,\"name\":\"Parduotuv\u0117\",\"item\":\"https:\\\/\\\/kidsplay.lt\\\/parduotuve\\\/\"},{\"@type\":\"ListItem\",\"position\":3,\"name\":\"VIGA PolarB medinis stumdukas\u2013va\u017eiuoklis \u201eBaltasis lokys\u201c su mink\u0161tais ratukais\"}]},{\"@type\":\"WebSite\",\"@id\":\"https:\\\/\\\/kidsplay.lt\\\/#website\",\"url\":\"https:\\\/\\\/kidsplay.lt\\\/\",\"name\":\"Kidsplay.lt\",\"description\":\"\u012evairios prek\u0117s vaikams\",\"publisher\":{\"@id\":\"https:\\\/\\\/kidsplay.lt\\\/#organization\"},\"alternateName\":\"Kidsplay\",\"potentialAction\":[{\"@type\":\"SearchAction\",\"target\":{\"@type\":\"EntryPoint\",\"urlTemplate\":\"https:\\\/\\\/kidsplay.lt\\\/?s={search_term_string}\"},\"query-input\":{\"@type\":\"PropertyValueSpecification\",\"valueRequired\":true,\"valueName\":\"search_term_string\"}}],\"inLanguage\":\"lv-LV\"},{\"@type\":\"Organization\",\"@id\":\"https:\\\/\\\/kidsplay.lt\\\/#organization\",\"name\":\"KidsPlay\",\"url\":\"https:\\\/\\\/kidsplay.lt\\\/\",\"logo\":{\"@type\":\"ImageObject\",\"inLanguage\":\"lv-LV\",\"@id\":\"https:\\\/\\\/kidsplay.lt\\\/#\\\/schema\\\/logo\\\/image\\\/\",\"url\":\"https:\\\/\\\/kidsplay.lt\\\/wp-content\\\/uploads\\\/2023\\\/07\\\/kidsplay-logo.png\",\"contentUrl\":\"https:\\\/\\\/kidsplay.lt\\\/wp-content\\\/uploads\\\/2023\\\/07\\\/kidsplay-logo.png\",\"width\":451,\"height\":98,\"caption\":\"KidsPlay\"},\"image\":{\"@id\":\"https:\\\/\\\/kidsplay.lt\\\/#\\\/schema\\\/logo\\\/image\\\/\"},\"sameAs\":[\"https:\\\/\\\/www.facebook.com\\\/www.kidsplay.lt\"]}]}<\/script>\n<!-- \/ Yoast SEO plugin. -->","yoast_head_json":{"title":"VIGA PolarB medinis stumdukas\u2013va\u017eiuoklis \u201eBaltasis lokys\u201c su mink\u0161tais ratukais","description":"VIGA PolarB medinis stumdukas\u2013va\u017eiuoklis \u201eBaltasis lokys\u201c su mink\u0161tais ratukais - KidsPlay. Did\u017eiausias vaik\u0173 \u017eaisl\u0173 pasirinkimas.","robots":{"index":"index","follow":"follow","max-snippet":"max-snippet:-1","max-image-preview":"max-image-preview:large","max-video-preview":"max-video-preview:-1"},"canonical":"https:\/\/kidsplay.lt\/lv\/products\/viga-polarb-medinis-stumdukas-vaziuoklis-baltasis-lokys-su-minkstais-ratukais\/","og_locale":"lv_LV","og_type":"article","og_title":"VIGA PolarB medinis stumdukas\u2013va\u017eiuoklis \u201eBaltasis lokys\u201c su mink\u0161tais ratukais","og_description":"VIGA PolarB medinis stumdukas\u2013va\u017eiuoklis \u201eBaltasis lokys\u201c su mink\u0161tais ratukais - KidsPlay. Did\u017eiausias vaik\u0173 \u017eaisl\u0173 pasirinkimas.","og_url":"https:\/\/kidsplay.lt\/lv\/products\/viga-polarb-medinis-stumdukas-vaziuoklis-baltasis-lokys-su-minkstais-ratukais\/","og_site_name":"KidsPlay","article_publisher":"https:\/\/www.facebook.com\/www.kidsplay.lt","article_modified_time":"2026-04-20T03:59:04+00:00","og_image":[{"width":2560,"height":2560,"url":"https:\/\/kidsplay.lt\/wp-content\/uploads\/2026\/04\/VIGA-PolarB-medinis-stumdukas\u2013vaziuoklis-\u201eBaltasis-lokys-su-minkstais-ratukais.jpg","type":"image\/jpeg"}],"twitter_card":"summary_large_image","twitter_misc":{"Est. reading time":"1 min\u016bte"},"schema":{"@context":"https:\/\/schema.org","@graph":[{"@type":"WebPage","@id":"https:\/\/kidsplay.lt\/produktas\/viga-polarb-medinis-stumdukas-vaziuoklis-baltasis-lokys-su-minkstais-ratukais\/","url":"https:\/\/kidsplay.lt\/produktas\/viga-polarb-medinis-stumdukas-vaziuoklis-baltasis-lokys-su-minkstais-ratukais\/","name":"VIGA PolarB medinis stumdukas\u2013va\u017eiuoklis \u201eBaltasis lokys\u201c su mink\u0161tais ratukais","isPartOf":{"@id":"https:\/\/kidsplay.lt\/#website"},"primaryImageOfPage":{"@id":"https:\/\/kidsplay.lt\/produktas\/viga-polarb-medinis-stumdukas-vaziuoklis-baltasis-lokys-su-minkstais-ratukais\/#primaryimage"},"image":{"@id":"https:\/\/kidsplay.lt\/produktas\/viga-polarb-medinis-stumdukas-vaziuoklis-baltasis-lokys-su-minkstais-ratukais\/#primaryimage"},"thumbnailUrl":"https:\/\/kidsplay.lt\/wp-content\/uploads\/2026\/04\/VIGA-PolarB-medinis-stumdukas\u2013vaziuoklis-\u201eBaltasis-lokys-su-minkstais-ratukais.jpg","datePublished":"2026-04-20T03:58:46+00:00","dateModified":"2026-04-20T03:59:04+00:00","description":"VIGA PolarB medinis stumdukas\u2013va\u017eiuoklis \u201eBaltasis lokys\u201c su mink\u0161tais ratukais - KidsPlay. Did\u017eiausias vaik\u0173 \u017eaisl\u0173 pasirinkimas.","breadcrumb":{"@id":"https:\/\/kidsplay.lt\/produktas\/viga-polarb-medinis-stumdukas-vaziuoklis-baltasis-lokys-su-minkstais-ratukais\/#breadcrumb"},"inLanguage":"lv-LV","potentialAction":[{"@type":"ReadAction","target":["https:\/\/kidsplay.lt\/produktas\/viga-polarb-medinis-stumdukas-vaziuoklis-baltasis-lokys-su-minkstais-ratukais\/"]}]},{"@type":"ImageObject","inLanguage":"lv-LV","@id":"https:\/\/kidsplay.lt\/produktas\/viga-polarb-medinis-stumdukas-vaziuoklis-baltasis-lokys-su-minkstais-ratukais\/#primaryimage","url":"https:\/\/kidsplay.lt\/wp-content\/uploads\/2026\/04\/VIGA-PolarB-medinis-stumdukas\u2013vaziuoklis-\u201eBaltasis-lokys-su-minkstais-ratukais.jpg","contentUrl":"https:\/\/kidsplay.lt\/wp-content\/uploads\/2026\/04\/VIGA-PolarB-medinis-stumdukas\u2013vaziuoklis-\u201eBaltasis-lokys-su-minkstais-ratukais.jpg","width":2560,"height":2560,"caption":"VIGA PolarB medinis stumdukas\u2013va\u017eiuoklis \u201eBaltasis lokys\u201c su mink\u0161tais ratukais"},{"@type":"BreadcrumbList","@id":"https:\/\/kidsplay.lt\/produktas\/viga-polarb-medinis-stumdukas-vaziuoklis-baltasis-lokys-su-minkstais-ratukais\/#breadcrumb","itemListElement":[{"@type":"ListItem","position":1,"name":"Pagrindinis","item":"https:\/\/kidsplay.lt\/"},{"@type":"ListItem","position":2,"name":"Parduotuv\u0117","item":"https:\/\/kidsplay.lt\/parduotuve\/"},{"@type":"ListItem","position":3,"name":"VIGA PolarB medinis stumdukas\u2013va\u017eiuoklis \u201eBaltasis lokys\u201c su mink\u0161tais ratukais"}]},{"@type":"WebSite","@id":"https:\/\/kidsplay.lt\/#website","url":"https:\/\/kidsplay.lt\/","name":"B\u0113rnu sp\u0113les.lv","description":"\u012evairios prek\u0117s vaikams","publisher":{"@id":"https:\/\/kidsplay.lt\/#organization"},"alternateName":"Kidsplay","potentialAction":[{"@type":"SearchAction","target":{"@type":"EntryPoint","urlTemplate":"https:\/\/kidsplay.lt\/?s={search_term_string}"},"query-input":{"@type":"PropertyValueSpecification","valueRequired":true,"valueName":"search_term_string"}}],"inLanguage":"lv-LV"},{"@type":"Organization","@id":"https:\/\/kidsplay.lt\/#organization","name":"B\u0113rnu sp\u0113le","url":"https:\/\/kidsplay.lt\/","logo":{"@type":"ImageObject","inLanguage":"lv-LV","@id":"https:\/\/kidsplay.lt\/#\/schema\/logo\/image\/","url":"https:\/\/kidsplay.lt\/wp-content\/uploads\/2023\/07\/kidsplay-logo.png","contentUrl":"https:\/\/kidsplay.lt\/wp-content\/uploads\/2023\/07\/kidsplay-logo.png","width":451,"height":98,"caption":"KidsPlay"},"image":{"@id":"https:\/\/kidsplay.lt\/#\/schema\/logo\/image\/"},"sameAs":["https:\/\/www.facebook.com\/www.kidsplay.lt"]}]}},"_links":{"self":[{"href":"https:\/\/kidsplay.lt\/lv\/wp-json\/wp\/v2\/product\/106180","targetHints":{"allow":["GET"]}}],"collection":[{"href":"https:\/\/kidsplay.lt\/lv\/wp-json\/wp\/v2\/product"}],"about":[{"href":"https:\/\/kidsplay.lt\/lv\/wp-json\/wp\/v2\/types\/product"}],"version-history":[{"count":1,"href":"https:\/\/kidsplay.lt\/lv\/wp-json\/wp\/v2\/product\/106180\/revisions"}],"predecessor-version":[{"id":106181,"href":"https:\/\/kidsplay.lt\/lv\/wp-json\/wp\/v2\/product\/106180\/revisions\/106181"}],"wp:featuredmedia":[{"embeddable":true,"href":"https:\/\/kidsplay.lt\/lv\/wp-json\/wp\/v2\/media\/106182"}],"wp:attachment":[{"href":"https:\/\/kidsplay.lt\/lv\/wp-json\/wp\/v2\/media?parent=106180"}],"wp:term":[{"taxonomy":"product_brand","embeddable":true,"href":"https:\/\/kidsplay.lt\/lv\/wp-json\/wp\/v2\/product_brand?post=106180"},{"taxonomy":"product_cat","embeddable":true,"href":"https:\/\/kidsplay.lt\/lv\/wp-json\/wp\/v2\/product_cat?post=106180"},{"taxonomy":"product_tag","embeddable":true,"href":"https:\/\/kidsplay.lt\/lv\/wp-json\/wp\/v2\/product_tag?post=106180"}],"curies":[{"name":"wp","href":"https:\/\/api.w.org\/{rel}","templated":true}]}}