{"id":106187,"date":"2026-04-20T06:59:07","date_gmt":"2026-04-20T03:59:07","guid":{"rendered":"https:\/\/kidsplay.lt\/produktas\/viga-medinis-ksilofonas-su-cimbolais-atraskite-savo-mazylio-muzikini-talenta\/"},"modified":"2026-04-20T18:29:56","modified_gmt":"2026-04-20T15:29:56","slug":"viga-medinis-ksilofonas-su-cimbolais-atraskite-savo-mazylio-muzikini-talenta","status":"publish","type":"product","link":"https:\/\/kidsplay.lt\/lv\/products\/viga-medinis-ksilofonas-su-cimbolais-atraskite-savo-mazylio-muzikini-talenta\/","title":{"rendered":"VIGA koka ksilofons ar cimbol\u0113m - atkl\u0101jiet sava mazu\u013ca muzik\u0101lo talantu!"},"content":{"rendered":"<p>\u0160is spalvingas medinis ksilofonas yra puikus pirmasis muzikinis \u017eaislas vaikams nuo 18 m\u0117nesi\u0173 am\u017eiaus. Jis skleid\u017eia a\u0161tuonis \u0161varius garsus, kurie supa\u017eindina ma\u017eyl\u012f su muzikos ir ritmo pasauliu. Vaivoryk\u0161t\u0117s spalvos pritraukia d\u0117mes\u012f ir skatina \u017eaisti, lavindamos k\u016brybi\u0161kum\u0105 bei koncentracij\u0105. Integruota plaktuk\u0173 laikymo vieta ir \u0161onin\u0117 rankena leid\u017eia lengvai laikyti bei ne\u0161ioti ksilofon\u0105. Tai puiki dovana, jungianti \u017eaidim\u0105, muzikin\u012f mokym\u0105si ir smulki\u0105j\u0105 motorik\u0105.<br \/>\n\u25b6\ufe0f Savyb\u0117s:<\/p>\n<p> \t8 \u0161var\u016bs tonai \u2013 pirmiesiems muzikiniams eksperimentams<br \/>\n \tsaugus vaikams nuo 18 m\u0117n. \u2013 plaktukai su suapvalintomis galvut\u0117mis<br \/>\n \tvaivoryk\u0161t\u0117s spalvos, traukian\u010dios d\u0117mes\u012f<br \/>\n \tintegruota plaktuk\u0173 laikymo vieta \u2013 tvarka po \u017eaidimo<br \/>\n \t\u0161onin\u0117s rankenos \u2013 lengva ne\u0161ti \u017eaisl\u0105<br \/>\n \ttvirta medin\u0117 konstrukcija<br \/>\n \ti\u0161matavimai: 14,4 \u00d7 22 \u00d7 2 cm<br \/>\n \tpakuot\u0117 su langeliu \u2013 tinka dovanai<\/p>","protected":false},"excerpt":{"rendered":"<p>\u0160is spalvingas medinis ksilofonas yra puikus pirmasis muzikinis \u017eaislas vaikams nuo 18 m\u0117nesi\u0173 am\u017eiaus. Jis skleid\u017eia a\u0161tuonis \u0161varius garsus, kurie<\/p>","protected":false},"featured_media":106189,"template":"","meta":{"_acf_changed":false,"_glsr_average":0,"_glsr_ranking":0,"_glsr_reviews":0},"product_brand":[],"product_cat":[449,229],"product_tag":[],"class_list":{"0":"post-106187","1":"product","2":"type-product","3":"status-publish","4":"has-post-thumbnail","6":"product_cat-muzikiniai","7":"product_cat-zaislai-vaikams","8":"\"style=\"background-color: #2ecc711c;\"","10":"first","11":"instock","12":"purchasable","13":"product-type-simple"},"acf":[],"yoast_head":"<!-- This site is optimized with the Yoast SEO plugin v27.4 - https:\/\/yoast.com\/product\/yoast-seo-wordpress\/ -->\n<title>VIGA medinis ksilofonas su cimbolais \u2013 atraskite savo ma\u017eylio muzikin\u012f talent\u0105!<\/title>\n<meta name=\"description\" content=\"VIGA medinis ksilofonas su cimbolais \u2013 atraskite savo ma\u017eylio muzikin\u012f talent\u0105! - KidsPlay. Did\u017eiausias vaik\u0173 \u017eaisl\u0173 pasirinkimas.\" \/>\n<meta name=\"robots\" content=\"index, follow, max-snippet:-1, max-image-preview:large, max-video-preview:-1\" \/>\n<link rel=\"canonical\" href=\"https:\/\/kidsplay.lt\/lv\/products\/viga-medinis-ksilofonas-su-cimbolais-atraskite-savo-mazylio-muzikini-talenta\/\" \/>\n<meta property=\"og:locale\" content=\"lv_LV\" \/>\n<meta property=\"og:type\" content=\"article\" \/>\n<meta property=\"og:title\" content=\"VIGA medinis ksilofonas su cimbolais \u2013 atraskite savo ma\u017eylio muzikin\u012f talent\u0105!\" \/>\n<meta property=\"og:description\" content=\"VIGA medinis ksilofonas su cimbolais \u2013 atraskite savo ma\u017eylio muzikin\u012f talent\u0105! - KidsPlay. Did\u017eiausias vaik\u0173 \u017eaisl\u0173 pasirinkimas.\" \/>\n<meta property=\"og:url\" content=\"https:\/\/kidsplay.lt\/lv\/products\/viga-medinis-ksilofonas-su-cimbolais-atraskite-savo-mazylio-muzikini-talenta\/\" \/>\n<meta property=\"og:site_name\" content=\"KidsPlay\" \/>\n<meta property=\"article:publisher\" content=\"https:\/\/www.facebook.com\/www.kidsplay.lt\" \/>\n<meta property=\"article:modified_time\" content=\"2026-04-20T15:29:56+00:00\" \/>\n<meta property=\"og:image\" content=\"https:\/\/kidsplay.lt\/wp-content\/uploads\/2026\/04\/VIGA-medinis-ksilofonas-su-cimbolais-\u2013-atraskite-savo-mazylio-muzikini-talenta.jpg\" \/>\n\t<meta property=\"og:image:width\" content=\"1000\" \/>\n\t<meta property=\"og:image:height\" content=\"1000\" \/>\n\t<meta property=\"og:image:type\" content=\"image\/jpeg\" \/>\n<meta name=\"twitter:card\" content=\"summary_large_image\" \/>\n<meta name=\"twitter:label1\" content=\"Est. reading time\" \/>\n\t<meta name=\"twitter:data1\" content=\"1 min\u016bte\" \/>\n<script type=\"application\/ld+json\" class=\"yoast-schema-graph\">{\"@context\":\"https:\\\/\\\/schema.org\",\"@graph\":[{\"@type\":\"WebPage\",\"@id\":\"https:\\\/\\\/kidsplay.lt\\\/produktas\\\/viga-medinis-ksilofonas-su-cimbolais-atraskite-savo-mazylio-muzikini-talenta\\\/\",\"url\":\"https:\\\/\\\/kidsplay.lt\\\/produktas\\\/viga-medinis-ksilofonas-su-cimbolais-atraskite-savo-mazylio-muzikini-talenta\\\/\",\"name\":\"VIGA medinis ksilofonas su cimbolais \u2013 atraskite savo ma\u017eylio muzikin\u012f talent\u0105!\",\"isPartOf\":{\"@id\":\"https:\\\/\\\/kidsplay.lt\\\/#website\"},\"primaryImageOfPage\":{\"@id\":\"https:\\\/\\\/kidsplay.lt\\\/produktas\\\/viga-medinis-ksilofonas-su-cimbolais-atraskite-savo-mazylio-muzikini-talenta\\\/#primaryimage\"},\"image\":{\"@id\":\"https:\\\/\\\/kidsplay.lt\\\/produktas\\\/viga-medinis-ksilofonas-su-cimbolais-atraskite-savo-mazylio-muzikini-talenta\\\/#primaryimage\"},\"thumbnailUrl\":\"https:\\\/\\\/kidsplay.lt\\\/wp-content\\\/uploads\\\/2026\\\/04\\\/VIGA-medinis-ksilofonas-su-cimbolais-\u2013-atraskite-savo-mazylio-muzikini-talenta.jpg\",\"datePublished\":\"2026-04-20T03:59:07+00:00\",\"dateModified\":\"2026-04-20T15:29:56+00:00\",\"description\":\"VIGA medinis ksilofonas su cimbolais \u2013 atraskite savo ma\u017eylio muzikin\u012f talent\u0105! - KidsPlay. Did\u017eiausias vaik\u0173 \u017eaisl\u0173 pasirinkimas.\",\"breadcrumb\":{\"@id\":\"https:\\\/\\\/kidsplay.lt\\\/produktas\\\/viga-medinis-ksilofonas-su-cimbolais-atraskite-savo-mazylio-muzikini-talenta\\\/#breadcrumb\"},\"inLanguage\":\"lv-LV\",\"potentialAction\":[{\"@type\":\"ReadAction\",\"target\":[\"https:\\\/\\\/kidsplay.lt\\\/produktas\\\/viga-medinis-ksilofonas-su-cimbolais-atraskite-savo-mazylio-muzikini-talenta\\\/\"]}]},{\"@type\":\"ImageObject\",\"inLanguage\":\"lv-LV\",\"@id\":\"https:\\\/\\\/kidsplay.lt\\\/produktas\\\/viga-medinis-ksilofonas-su-cimbolais-atraskite-savo-mazylio-muzikini-talenta\\\/#primaryimage\",\"url\":\"https:\\\/\\\/kidsplay.lt\\\/wp-content\\\/uploads\\\/2026\\\/04\\\/VIGA-medinis-ksilofonas-su-cimbolais-\u2013-atraskite-savo-mazylio-muzikini-talenta.jpg\",\"contentUrl\":\"https:\\\/\\\/kidsplay.lt\\\/wp-content\\\/uploads\\\/2026\\\/04\\\/VIGA-medinis-ksilofonas-su-cimbolais-\u2013-atraskite-savo-mazylio-muzikini-talenta.jpg\",\"width\":1000,\"height\":1000,\"caption\":\"VIGA medinis ksilofonas su cimbolais \u2013 atraskite savo ma\u017eylio muzikin\u012f talent\u0105!\"},{\"@type\":\"BreadcrumbList\",\"@id\":\"https:\\\/\\\/kidsplay.lt\\\/produktas\\\/viga-medinis-ksilofonas-su-cimbolais-atraskite-savo-mazylio-muzikini-talenta\\\/#breadcrumb\",\"itemListElement\":[{\"@type\":\"ListItem\",\"position\":1,\"name\":\"Pagrindinis\",\"item\":\"https:\\\/\\\/kidsplay.lt\\\/\"},{\"@type\":\"ListItem\",\"position\":2,\"name\":\"Parduotuv\u0117\",\"item\":\"https:\\\/\\\/kidsplay.lt\\\/parduotuve\\\/\"},{\"@type\":\"ListItem\",\"position\":3,\"name\":\"VIGA medinis ksilofonas su cimbolais \u2013 atraskite savo ma\u017eylio muzikin\u012f talent\u0105!\"}]},{\"@type\":\"WebSite\",\"@id\":\"https:\\\/\\\/kidsplay.lt\\\/#website\",\"url\":\"https:\\\/\\\/kidsplay.lt\\\/\",\"name\":\"Kidsplay.lt\",\"description\":\"\u012evairios prek\u0117s vaikams\",\"publisher\":{\"@id\":\"https:\\\/\\\/kidsplay.lt\\\/#organization\"},\"alternateName\":\"Kidsplay\",\"potentialAction\":[{\"@type\":\"SearchAction\",\"target\":{\"@type\":\"EntryPoint\",\"urlTemplate\":\"https:\\\/\\\/kidsplay.lt\\\/?s={search_term_string}\"},\"query-input\":{\"@type\":\"PropertyValueSpecification\",\"valueRequired\":true,\"valueName\":\"search_term_string\"}}],\"inLanguage\":\"lv-LV\"},{\"@type\":\"Organization\",\"@id\":\"https:\\\/\\\/kidsplay.lt\\\/#organization\",\"name\":\"KidsPlay\",\"url\":\"https:\\\/\\\/kidsplay.lt\\\/\",\"logo\":{\"@type\":\"ImageObject\",\"inLanguage\":\"lv-LV\",\"@id\":\"https:\\\/\\\/kidsplay.lt\\\/#\\\/schema\\\/logo\\\/image\\\/\",\"url\":\"https:\\\/\\\/kidsplay.lt\\\/wp-content\\\/uploads\\\/2023\\\/07\\\/kidsplay-logo.png\",\"contentUrl\":\"https:\\\/\\\/kidsplay.lt\\\/wp-content\\\/uploads\\\/2023\\\/07\\\/kidsplay-logo.png\",\"width\":451,\"height\":98,\"caption\":\"KidsPlay\"},\"image\":{\"@id\":\"https:\\\/\\\/kidsplay.lt\\\/#\\\/schema\\\/logo\\\/image\\\/\"},\"sameAs\":[\"https:\\\/\\\/www.facebook.com\\\/www.kidsplay.lt\"]}]}<\/script>\n<!-- \/ Yoast SEO plugin. -->","yoast_head_json":{"title":"VIGA koka ksilofons ar cimbol\u0113m - atkl\u0101jiet sava mazu\u013ca muzik\u0101lo talantu!","description":"VIGA medinis ksilofonas su cimbolais \u2013 atraskite savo ma\u017eylio muzikin\u012f talent\u0105! - KidsPlay. Did\u017eiausias vaik\u0173 \u017eaisl\u0173 pasirinkimas.","robots":{"index":"index","follow":"follow","max-snippet":"max-snippet:-1","max-image-preview":"max-image-preview:large","max-video-preview":"max-video-preview:-1"},"canonical":"https:\/\/kidsplay.lt\/lv\/products\/viga-medinis-ksilofonas-su-cimbolais-atraskite-savo-mazylio-muzikini-talenta\/","og_locale":"lv_LV","og_type":"article","og_title":"VIGA medinis ksilofonas su cimbolais \u2013 atraskite savo ma\u017eylio muzikin\u012f talent\u0105!","og_description":"VIGA medinis ksilofonas su cimbolais \u2013 atraskite savo ma\u017eylio muzikin\u012f talent\u0105! - KidsPlay. Did\u017eiausias vaik\u0173 \u017eaisl\u0173 pasirinkimas.","og_url":"https:\/\/kidsplay.lt\/lv\/products\/viga-medinis-ksilofonas-su-cimbolais-atraskite-savo-mazylio-muzikini-talenta\/","og_site_name":"KidsPlay","article_publisher":"https:\/\/www.facebook.com\/www.kidsplay.lt","article_modified_time":"2026-04-20T15:29:56+00:00","og_image":[{"width":1000,"height":1000,"url":"https:\/\/kidsplay.lt\/wp-content\/uploads\/2026\/04\/VIGA-medinis-ksilofonas-su-cimbolais-\u2013-atraskite-savo-mazylio-muzikini-talenta.jpg","type":"image\/jpeg"}],"twitter_card":"summary_large_image","twitter_misc":{"Est. reading time":"1 min\u016bte"},"schema":{"@context":"https:\/\/schema.org","@graph":[{"@type":"WebPage","@id":"https:\/\/kidsplay.lt\/produktas\/viga-medinis-ksilofonas-su-cimbolais-atraskite-savo-mazylio-muzikini-talenta\/","url":"https:\/\/kidsplay.lt\/produktas\/viga-medinis-ksilofonas-su-cimbolais-atraskite-savo-mazylio-muzikini-talenta\/","name":"VIGA koka ksilofons ar cimbol\u0113m - atkl\u0101jiet sava mazu\u013ca muzik\u0101lo talantu!","isPartOf":{"@id":"https:\/\/kidsplay.lt\/#website"},"primaryImageOfPage":{"@id":"https:\/\/kidsplay.lt\/produktas\/viga-medinis-ksilofonas-su-cimbolais-atraskite-savo-mazylio-muzikini-talenta\/#primaryimage"},"image":{"@id":"https:\/\/kidsplay.lt\/produktas\/viga-medinis-ksilofonas-su-cimbolais-atraskite-savo-mazylio-muzikini-talenta\/#primaryimage"},"thumbnailUrl":"https:\/\/kidsplay.lt\/wp-content\/uploads\/2026\/04\/VIGA-medinis-ksilofonas-su-cimbolais-\u2013-atraskite-savo-mazylio-muzikini-talenta.jpg","datePublished":"2026-04-20T03:59:07+00:00","dateModified":"2026-04-20T15:29:56+00:00","description":"VIGA medinis ksilofonas su cimbolais \u2013 atraskite savo ma\u017eylio muzikin\u012f talent\u0105! - KidsPlay. Did\u017eiausias vaik\u0173 \u017eaisl\u0173 pasirinkimas.","breadcrumb":{"@id":"https:\/\/kidsplay.lt\/produktas\/viga-medinis-ksilofonas-su-cimbolais-atraskite-savo-mazylio-muzikini-talenta\/#breadcrumb"},"inLanguage":"lv-LV","potentialAction":[{"@type":"ReadAction","target":["https:\/\/kidsplay.lt\/produktas\/viga-medinis-ksilofonas-su-cimbolais-atraskite-savo-mazylio-muzikini-talenta\/"]}]},{"@type":"ImageObject","inLanguage":"lv-LV","@id":"https:\/\/kidsplay.lt\/produktas\/viga-medinis-ksilofonas-su-cimbolais-atraskite-savo-mazylio-muzikini-talenta\/#primaryimage","url":"https:\/\/kidsplay.lt\/wp-content\/uploads\/2026\/04\/VIGA-medinis-ksilofonas-su-cimbolais-\u2013-atraskite-savo-mazylio-muzikini-talenta.jpg","contentUrl":"https:\/\/kidsplay.lt\/wp-content\/uploads\/2026\/04\/VIGA-medinis-ksilofonas-su-cimbolais-\u2013-atraskite-savo-mazylio-muzikini-talenta.jpg","width":1000,"height":1000,"caption":"VIGA medinis ksilofonas su cimbolais \u2013 atraskite savo ma\u017eylio muzikin\u012f talent\u0105!"},{"@type":"BreadcrumbList","@id":"https:\/\/kidsplay.lt\/produktas\/viga-medinis-ksilofonas-su-cimbolais-atraskite-savo-mazylio-muzikini-talenta\/#breadcrumb","itemListElement":[{"@type":"ListItem","position":1,"name":"Pagrindinis","item":"https:\/\/kidsplay.lt\/"},{"@type":"ListItem","position":2,"name":"Parduotuv\u0117","item":"https:\/\/kidsplay.lt\/parduotuve\/"},{"@type":"ListItem","position":3,"name":"VIGA medinis ksilofonas su cimbolais \u2013 atraskite savo ma\u017eylio muzikin\u012f talent\u0105!"}]},{"@type":"WebSite","@id":"https:\/\/kidsplay.lt\/#website","url":"https:\/\/kidsplay.lt\/","name":"B\u0113rnu sp\u0113les.lv","description":"\u012evairios prek\u0117s vaikams","publisher":{"@id":"https:\/\/kidsplay.lt\/#organization"},"alternateName":"Kidsplay","potentialAction":[{"@type":"SearchAction","target":{"@type":"EntryPoint","urlTemplate":"https:\/\/kidsplay.lt\/?s={search_term_string}"},"query-input":{"@type":"PropertyValueSpecification","valueRequired":true,"valueName":"search_term_string"}}],"inLanguage":"lv-LV"},{"@type":"Organization","@id":"https:\/\/kidsplay.lt\/#organization","name":"B\u0113rnu sp\u0113le","url":"https:\/\/kidsplay.lt\/","logo":{"@type":"ImageObject","inLanguage":"lv-LV","@id":"https:\/\/kidsplay.lt\/#\/schema\/logo\/image\/","url":"https:\/\/kidsplay.lt\/wp-content\/uploads\/2023\/07\/kidsplay-logo.png","contentUrl":"https:\/\/kidsplay.lt\/wp-content\/uploads\/2023\/07\/kidsplay-logo.png","width":451,"height":98,"caption":"KidsPlay"},"image":{"@id":"https:\/\/kidsplay.lt\/#\/schema\/logo\/image\/"},"sameAs":["https:\/\/www.facebook.com\/www.kidsplay.lt"]}]}},"_links":{"self":[{"href":"https:\/\/kidsplay.lt\/lv\/wp-json\/wp\/v2\/product\/106187","targetHints":{"allow":["GET"]}}],"collection":[{"href":"https:\/\/kidsplay.lt\/lv\/wp-json\/wp\/v2\/product"}],"about":[{"href":"https:\/\/kidsplay.lt\/lv\/wp-json\/wp\/v2\/types\/product"}],"version-history":[{"count":1,"href":"https:\/\/kidsplay.lt\/lv\/wp-json\/wp\/v2\/product\/106187\/revisions"}],"predecessor-version":[{"id":106188,"href":"https:\/\/kidsplay.lt\/lv\/wp-json\/wp\/v2\/product\/106187\/revisions\/106188"}],"wp:featuredmedia":[{"embeddable":true,"href":"https:\/\/kidsplay.lt\/lv\/wp-json\/wp\/v2\/media\/106189"}],"wp:attachment":[{"href":"https:\/\/kidsplay.lt\/lv\/wp-json\/wp\/v2\/media?parent=106187"}],"wp:term":[{"taxonomy":"product_brand","embeddable":true,"href":"https:\/\/kidsplay.lt\/lv\/wp-json\/wp\/v2\/product_brand?post=106187"},{"taxonomy":"product_cat","embeddable":true,"href":"https:\/\/kidsplay.lt\/lv\/wp-json\/wp\/v2\/product_cat?post=106187"},{"taxonomy":"product_tag","embeddable":true,"href":"https:\/\/kidsplay.lt\/lv\/wp-json\/wp\/v2\/product_tag?post=106187"}],"curies":[{"name":"wp","href":"https:\/\/api.w.org\/{rel}","templated":true}]}}