{"id":106194,"date":"2026-04-20T06:59:26","date_gmt":"2026-04-20T03:59:26","guid":{"rendered":"https:\/\/kidsplay.lt\/produktas\/viga-polarb-medinis-leliu-maitinimo-rinkinys-su-buteliuku-ir-seilinuku\/"},"modified":"2026-04-20T06:59:44","modified_gmt":"2026-04-20T03:59:44","slug":"viga-polarb-medinis-leliu-maitinimo-rinkinys-su-buteliuku-ir-seilinuku","status":"publish","type":"product","link":"https:\/\/kidsplay.lt\/lv\/products\/viga-polarb-medinis-leliu-maitinimo-rinkinys-su-buteliuku-ir-seilinuku\/","title":{"rendered":"VIGA PolarB medinis l\u0117li\u0173 maitinimo rinkinys \u2013 su buteliuku ir seilinuku"},"content":{"rendered":"<p>\u0160is \u017eavingas medinis l\u0117li\u0173 maitinimo rinkinys i\u0161 \u201eViga\u201c prek\u0117s \u017eenklo, \u201ePolarB\u201c serijos, yra puikus b\u016bdas ugdyti vaik\u0173 meil\u0117s ir r\u016bpes\u010dio jausm\u0105 per vaidmen\u0173 \u017eaidimus. Tai ne tik \u017eaislas, bet ir priemon\u0117, padedanti ma\u017eylio emocinei ir socialinei raidai. Rinkin\u012f sudaro gra\u017eiai pagaminti aksesuarai, kruop\u0161\u010diai sukurti atsi\u017evelgiant \u012f ma\u017eiausi\u0173j\u0173 poreikius. Visos dalys patogiai sud\u0117tos \u012f u\u017etraukiam\u0105 mai\u0161el\u012f, kad b\u016bt\u0173 lengva laikyti ir transportuoti. Mai\u0161elyje yra viskas, ko reikia r\u016bpintis mylima l\u0117le \u2013 nuo seilinuko iki buteliuko. Su \u0161iuo rinkiniu ma\u017eyliai gali r\u016bpintis l\u0117l\u0117mis, mokydamiesi atsakomyb\u0117s, empatijos ir r\u016bpinimosi kitais. Tai puikus b\u016bdas lavinti vaizduot\u0119 ir k\u016brybi\u0161kum\u0105 kuriant \u012fvairias \u017eaidimo situacijas.<br \/>\nFunkcijas:<\/p>\n<p> \t\u017eaislas skirtas vaikams nuo 3 met\u0173 am\u017eiaus<br \/>\n \t\u017eavinga i\u0161vaizda, kokybi\u0161ki mediniai elementai<br \/>\n \trinkin\u012f sudaro: l\u0117k\u0161t\u0117, \u0161auk\u0161tas, \u0161akut\u0117, \u010diulptukas, 2 buteliukai, seilinukas ir u\u017etraukiamas mai\u0161elis<br \/>\n \tvaidmen\u0173 \u017eaidimas skatina vaizduot\u0119 ir \u012fvairi\u0173 scenarij\u0173 k\u016brim\u0105<br \/>\n \tr\u016bpinimasis l\u0117le moko atsakomyb\u0117s ir ugdo empatij\u0105, svarbi\u0105 socialinei raidai<\/p>","protected":false},"excerpt":{"rendered":"<p>\u0160is \u017eavingas medinis l\u0117li\u0173 maitinimo rinkinys i\u0161 \u201eViga\u201c prek\u0117s \u017eenklo, \u201ePolarB\u201c serijos, yra puikus b\u016bdas ugdyti vaik\u0173 meil\u0117s ir r\u016bpes\u010dio<\/p>","protected":false},"featured_media":106196,"template":"","meta":{"_acf_changed":false,"_glsr_average":0,"_glsr_ranking":0,"_glsr_reviews":0},"product_brand":[],"product_cat":[443,229],"product_tag":[],"class_list":{"0":"post-106194","1":"product","2":"type-product","3":"status-publish","4":"has-post-thumbnail","6":"product_cat-leles-ir-priedai","7":"product_cat-zaislai-vaikams","8":"\"style=\"background-color: #2ecc711c;\"","10":"first","11":"instock","12":"purchasable","13":"product-type-simple"},"acf":[],"yoast_head":"<!-- This site is optimized with the Yoast SEO plugin v27.4 - https:\/\/yoast.com\/product\/yoast-seo-wordpress\/ -->\n<title>VIGA PolarB medinis l\u0117li\u0173 maitinimo rinkinys \u2013 su buteliuku ir seilinuku<\/title>\n<meta name=\"description\" content=\"VIGA PolarB medinis l\u0117li\u0173 maitinimo rinkinys \u2013 su buteliuku ir seilinuku - KidsPlay. Did\u017eiausias vaik\u0173 \u017eaisl\u0173 pasirinkimas.\" \/>\n<meta name=\"robots\" content=\"index, follow, max-snippet:-1, max-image-preview:large, max-video-preview:-1\" \/>\n<link rel=\"canonical\" href=\"https:\/\/kidsplay.lt\/lv\/products\/viga-polarb-medinis-leliu-maitinimo-rinkinys-su-buteliuku-ir-seilinuku\/\" \/>\n<meta property=\"og:locale\" content=\"lv_LV\" \/>\n<meta property=\"og:type\" content=\"article\" \/>\n<meta property=\"og:title\" content=\"VIGA PolarB medinis l\u0117li\u0173 maitinimo rinkinys \u2013 su buteliuku ir seilinuku\" \/>\n<meta property=\"og:description\" content=\"VIGA PolarB medinis l\u0117li\u0173 maitinimo rinkinys \u2013 su buteliuku ir seilinuku - KidsPlay. Did\u017eiausias vaik\u0173 \u017eaisl\u0173 pasirinkimas.\" \/>\n<meta property=\"og:url\" content=\"https:\/\/kidsplay.lt\/lv\/products\/viga-polarb-medinis-leliu-maitinimo-rinkinys-su-buteliuku-ir-seilinuku\/\" \/>\n<meta property=\"og:site_name\" content=\"KidsPlay\" \/>\n<meta property=\"article:publisher\" content=\"https:\/\/www.facebook.com\/www.kidsplay.lt\" \/>\n<meta property=\"article:modified_time\" content=\"2026-04-20T03:59:44+00:00\" \/>\n<meta property=\"og:image\" content=\"https:\/\/kidsplay.lt\/wp-content\/uploads\/2026\/04\/VIGA-PolarB-medinis-leliu-maitinimo-rinkinys-\u2013-su-buteliuku-ir-seilinuku.jpg\" \/>\n\t<meta property=\"og:image:width\" content=\"2560\" \/>\n\t<meta property=\"og:image:height\" content=\"2560\" \/>\n\t<meta property=\"og:image:type\" content=\"image\/jpeg\" \/>\n<meta name=\"twitter:card\" content=\"summary_large_image\" \/>\n<meta name=\"twitter:label1\" content=\"Est. reading time\" \/>\n\t<meta name=\"twitter:data1\" content=\"1 min\u016bte\" \/>\n<script type=\"application\/ld+json\" class=\"yoast-schema-graph\">{\"@context\":\"https:\\\/\\\/schema.org\",\"@graph\":[{\"@type\":\"WebPage\",\"@id\":\"https:\\\/\\\/kidsplay.lt\\\/produktas\\\/viga-polarb-medinis-leliu-maitinimo-rinkinys-su-buteliuku-ir-seilinuku\\\/\",\"url\":\"https:\\\/\\\/kidsplay.lt\\\/produktas\\\/viga-polarb-medinis-leliu-maitinimo-rinkinys-su-buteliuku-ir-seilinuku\\\/\",\"name\":\"VIGA PolarB medinis l\u0117li\u0173 maitinimo rinkinys \u2013 su buteliuku ir seilinuku\",\"isPartOf\":{\"@id\":\"https:\\\/\\\/kidsplay.lt\\\/#website\"},\"primaryImageOfPage\":{\"@id\":\"https:\\\/\\\/kidsplay.lt\\\/produktas\\\/viga-polarb-medinis-leliu-maitinimo-rinkinys-su-buteliuku-ir-seilinuku\\\/#primaryimage\"},\"image\":{\"@id\":\"https:\\\/\\\/kidsplay.lt\\\/produktas\\\/viga-polarb-medinis-leliu-maitinimo-rinkinys-su-buteliuku-ir-seilinuku\\\/#primaryimage\"},\"thumbnailUrl\":\"https:\\\/\\\/kidsplay.lt\\\/wp-content\\\/uploads\\\/2026\\\/04\\\/VIGA-PolarB-medinis-leliu-maitinimo-rinkinys-\u2013-su-buteliuku-ir-seilinuku.jpg\",\"datePublished\":\"2026-04-20T03:59:26+00:00\",\"dateModified\":\"2026-04-20T03:59:44+00:00\",\"description\":\"VIGA PolarB medinis l\u0117li\u0173 maitinimo rinkinys \u2013 su buteliuku ir seilinuku - KidsPlay. Did\u017eiausias vaik\u0173 \u017eaisl\u0173 pasirinkimas.\",\"breadcrumb\":{\"@id\":\"https:\\\/\\\/kidsplay.lt\\\/produktas\\\/viga-polarb-medinis-leliu-maitinimo-rinkinys-su-buteliuku-ir-seilinuku\\\/#breadcrumb\"},\"inLanguage\":\"lv-LV\",\"potentialAction\":[{\"@type\":\"ReadAction\",\"target\":[\"https:\\\/\\\/kidsplay.lt\\\/produktas\\\/viga-polarb-medinis-leliu-maitinimo-rinkinys-su-buteliuku-ir-seilinuku\\\/\"]}]},{\"@type\":\"ImageObject\",\"inLanguage\":\"lv-LV\",\"@id\":\"https:\\\/\\\/kidsplay.lt\\\/produktas\\\/viga-polarb-medinis-leliu-maitinimo-rinkinys-su-buteliuku-ir-seilinuku\\\/#primaryimage\",\"url\":\"https:\\\/\\\/kidsplay.lt\\\/wp-content\\\/uploads\\\/2026\\\/04\\\/VIGA-PolarB-medinis-leliu-maitinimo-rinkinys-\u2013-su-buteliuku-ir-seilinuku.jpg\",\"contentUrl\":\"https:\\\/\\\/kidsplay.lt\\\/wp-content\\\/uploads\\\/2026\\\/04\\\/VIGA-PolarB-medinis-leliu-maitinimo-rinkinys-\u2013-su-buteliuku-ir-seilinuku.jpg\",\"width\":2560,\"height\":2560,\"caption\":\"VIGA PolarB medinis l\u0117li\u0173 maitinimo rinkinys \u2013 su buteliuku ir seilinuku\"},{\"@type\":\"BreadcrumbList\",\"@id\":\"https:\\\/\\\/kidsplay.lt\\\/produktas\\\/viga-polarb-medinis-leliu-maitinimo-rinkinys-su-buteliuku-ir-seilinuku\\\/#breadcrumb\",\"itemListElement\":[{\"@type\":\"ListItem\",\"position\":1,\"name\":\"Pagrindinis\",\"item\":\"https:\\\/\\\/kidsplay.lt\\\/\"},{\"@type\":\"ListItem\",\"position\":2,\"name\":\"Parduotuv\u0117\",\"item\":\"https:\\\/\\\/kidsplay.lt\\\/parduotuve\\\/\"},{\"@type\":\"ListItem\",\"position\":3,\"name\":\"VIGA PolarB medinis l\u0117li\u0173 maitinimo rinkinys \u2013 su buteliuku ir seilinuku\"}]},{\"@type\":\"WebSite\",\"@id\":\"https:\\\/\\\/kidsplay.lt\\\/#website\",\"url\":\"https:\\\/\\\/kidsplay.lt\\\/\",\"name\":\"Kidsplay.lt\",\"description\":\"\u012evairios prek\u0117s vaikams\",\"publisher\":{\"@id\":\"https:\\\/\\\/kidsplay.lt\\\/#organization\"},\"alternateName\":\"Kidsplay\",\"potentialAction\":[{\"@type\":\"SearchAction\",\"target\":{\"@type\":\"EntryPoint\",\"urlTemplate\":\"https:\\\/\\\/kidsplay.lt\\\/?s={search_term_string}\"},\"query-input\":{\"@type\":\"PropertyValueSpecification\",\"valueRequired\":true,\"valueName\":\"search_term_string\"}}],\"inLanguage\":\"lv-LV\"},{\"@type\":\"Organization\",\"@id\":\"https:\\\/\\\/kidsplay.lt\\\/#organization\",\"name\":\"KidsPlay\",\"url\":\"https:\\\/\\\/kidsplay.lt\\\/\",\"logo\":{\"@type\":\"ImageObject\",\"inLanguage\":\"lv-LV\",\"@id\":\"https:\\\/\\\/kidsplay.lt\\\/#\\\/schema\\\/logo\\\/image\\\/\",\"url\":\"https:\\\/\\\/kidsplay.lt\\\/wp-content\\\/uploads\\\/2023\\\/07\\\/kidsplay-logo.png\",\"contentUrl\":\"https:\\\/\\\/kidsplay.lt\\\/wp-content\\\/uploads\\\/2023\\\/07\\\/kidsplay-logo.png\",\"width\":451,\"height\":98,\"caption\":\"KidsPlay\"},\"image\":{\"@id\":\"https:\\\/\\\/kidsplay.lt\\\/#\\\/schema\\\/logo\\\/image\\\/\"},\"sameAs\":[\"https:\\\/\\\/www.facebook.com\\\/www.kidsplay.lt\"]}]}<\/script>\n<!-- \/ Yoast SEO plugin. -->","yoast_head_json":{"title":"VIGA PolarB medinis l\u0117li\u0173 maitinimo rinkinys \u2013 su buteliuku ir seilinuku","description":"VIGA PolarB medinis l\u0117li\u0173 maitinimo rinkinys \u2013 su buteliuku ir seilinuku - KidsPlay. Did\u017eiausias vaik\u0173 \u017eaisl\u0173 pasirinkimas.","robots":{"index":"index","follow":"follow","max-snippet":"max-snippet:-1","max-image-preview":"max-image-preview:large","max-video-preview":"max-video-preview:-1"},"canonical":"https:\/\/kidsplay.lt\/lv\/products\/viga-polarb-medinis-leliu-maitinimo-rinkinys-su-buteliuku-ir-seilinuku\/","og_locale":"lv_LV","og_type":"article","og_title":"VIGA PolarB medinis l\u0117li\u0173 maitinimo rinkinys \u2013 su buteliuku ir seilinuku","og_description":"VIGA PolarB medinis l\u0117li\u0173 maitinimo rinkinys \u2013 su buteliuku ir seilinuku - KidsPlay. Did\u017eiausias vaik\u0173 \u017eaisl\u0173 pasirinkimas.","og_url":"https:\/\/kidsplay.lt\/lv\/products\/viga-polarb-medinis-leliu-maitinimo-rinkinys-su-buteliuku-ir-seilinuku\/","og_site_name":"KidsPlay","article_publisher":"https:\/\/www.facebook.com\/www.kidsplay.lt","article_modified_time":"2026-04-20T03:59:44+00:00","og_image":[{"width":2560,"height":2560,"url":"https:\/\/kidsplay.lt\/wp-content\/uploads\/2026\/04\/VIGA-PolarB-medinis-leliu-maitinimo-rinkinys-\u2013-su-buteliuku-ir-seilinuku.jpg","type":"image\/jpeg"}],"twitter_card":"summary_large_image","twitter_misc":{"Est. reading time":"1 min\u016bte"},"schema":{"@context":"https:\/\/schema.org","@graph":[{"@type":"WebPage","@id":"https:\/\/kidsplay.lt\/produktas\/viga-polarb-medinis-leliu-maitinimo-rinkinys-su-buteliuku-ir-seilinuku\/","url":"https:\/\/kidsplay.lt\/produktas\/viga-polarb-medinis-leliu-maitinimo-rinkinys-su-buteliuku-ir-seilinuku\/","name":"VIGA PolarB medinis l\u0117li\u0173 maitinimo rinkinys \u2013 su buteliuku ir seilinuku","isPartOf":{"@id":"https:\/\/kidsplay.lt\/#website"},"primaryImageOfPage":{"@id":"https:\/\/kidsplay.lt\/produktas\/viga-polarb-medinis-leliu-maitinimo-rinkinys-su-buteliuku-ir-seilinuku\/#primaryimage"},"image":{"@id":"https:\/\/kidsplay.lt\/produktas\/viga-polarb-medinis-leliu-maitinimo-rinkinys-su-buteliuku-ir-seilinuku\/#primaryimage"},"thumbnailUrl":"https:\/\/kidsplay.lt\/wp-content\/uploads\/2026\/04\/VIGA-PolarB-medinis-leliu-maitinimo-rinkinys-\u2013-su-buteliuku-ir-seilinuku.jpg","datePublished":"2026-04-20T03:59:26+00:00","dateModified":"2026-04-20T03:59:44+00:00","description":"VIGA PolarB medinis l\u0117li\u0173 maitinimo rinkinys \u2013 su buteliuku ir seilinuku - KidsPlay. Did\u017eiausias vaik\u0173 \u017eaisl\u0173 pasirinkimas.","breadcrumb":{"@id":"https:\/\/kidsplay.lt\/produktas\/viga-polarb-medinis-leliu-maitinimo-rinkinys-su-buteliuku-ir-seilinuku\/#breadcrumb"},"inLanguage":"lv-LV","potentialAction":[{"@type":"ReadAction","target":["https:\/\/kidsplay.lt\/produktas\/viga-polarb-medinis-leliu-maitinimo-rinkinys-su-buteliuku-ir-seilinuku\/"]}]},{"@type":"ImageObject","inLanguage":"lv-LV","@id":"https:\/\/kidsplay.lt\/produktas\/viga-polarb-medinis-leliu-maitinimo-rinkinys-su-buteliuku-ir-seilinuku\/#primaryimage","url":"https:\/\/kidsplay.lt\/wp-content\/uploads\/2026\/04\/VIGA-PolarB-medinis-leliu-maitinimo-rinkinys-\u2013-su-buteliuku-ir-seilinuku.jpg","contentUrl":"https:\/\/kidsplay.lt\/wp-content\/uploads\/2026\/04\/VIGA-PolarB-medinis-leliu-maitinimo-rinkinys-\u2013-su-buteliuku-ir-seilinuku.jpg","width":2560,"height":2560,"caption":"VIGA PolarB medinis l\u0117li\u0173 maitinimo rinkinys \u2013 su buteliuku ir seilinuku"},{"@type":"BreadcrumbList","@id":"https:\/\/kidsplay.lt\/produktas\/viga-polarb-medinis-leliu-maitinimo-rinkinys-su-buteliuku-ir-seilinuku\/#breadcrumb","itemListElement":[{"@type":"ListItem","position":1,"name":"Pagrindinis","item":"https:\/\/kidsplay.lt\/"},{"@type":"ListItem","position":2,"name":"Parduotuv\u0117","item":"https:\/\/kidsplay.lt\/parduotuve\/"},{"@type":"ListItem","position":3,"name":"VIGA PolarB medinis l\u0117li\u0173 maitinimo rinkinys \u2013 su buteliuku ir seilinuku"}]},{"@type":"WebSite","@id":"https:\/\/kidsplay.lt\/#website","url":"https:\/\/kidsplay.lt\/","name":"B\u0113rnu sp\u0113les.lv","description":"\u012evairios prek\u0117s vaikams","publisher":{"@id":"https:\/\/kidsplay.lt\/#organization"},"alternateName":"Kidsplay","potentialAction":[{"@type":"SearchAction","target":{"@type":"EntryPoint","urlTemplate":"https:\/\/kidsplay.lt\/?s={search_term_string}"},"query-input":{"@type":"PropertyValueSpecification","valueRequired":true,"valueName":"search_term_string"}}],"inLanguage":"lv-LV"},{"@type":"Organization","@id":"https:\/\/kidsplay.lt\/#organization","name":"B\u0113rnu sp\u0113le","url":"https:\/\/kidsplay.lt\/","logo":{"@type":"ImageObject","inLanguage":"lv-LV","@id":"https:\/\/kidsplay.lt\/#\/schema\/logo\/image\/","url":"https:\/\/kidsplay.lt\/wp-content\/uploads\/2023\/07\/kidsplay-logo.png","contentUrl":"https:\/\/kidsplay.lt\/wp-content\/uploads\/2023\/07\/kidsplay-logo.png","width":451,"height":98,"caption":"KidsPlay"},"image":{"@id":"https:\/\/kidsplay.lt\/#\/schema\/logo\/image\/"},"sameAs":["https:\/\/www.facebook.com\/www.kidsplay.lt"]}]}},"_links":{"self":[{"href":"https:\/\/kidsplay.lt\/lv\/wp-json\/wp\/v2\/product\/106194","targetHints":{"allow":["GET"]}}],"collection":[{"href":"https:\/\/kidsplay.lt\/lv\/wp-json\/wp\/v2\/product"}],"about":[{"href":"https:\/\/kidsplay.lt\/lv\/wp-json\/wp\/v2\/types\/product"}],"version-history":[{"count":1,"href":"https:\/\/kidsplay.lt\/lv\/wp-json\/wp\/v2\/product\/106194\/revisions"}],"predecessor-version":[{"id":106195,"href":"https:\/\/kidsplay.lt\/lv\/wp-json\/wp\/v2\/product\/106194\/revisions\/106195"}],"wp:featuredmedia":[{"embeddable":true,"href":"https:\/\/kidsplay.lt\/lv\/wp-json\/wp\/v2\/media\/106196"}],"wp:attachment":[{"href":"https:\/\/kidsplay.lt\/lv\/wp-json\/wp\/v2\/media?parent=106194"}],"wp:term":[{"taxonomy":"product_brand","embeddable":true,"href":"https:\/\/kidsplay.lt\/lv\/wp-json\/wp\/v2\/product_brand?post=106194"},{"taxonomy":"product_cat","embeddable":true,"href":"https:\/\/kidsplay.lt\/lv\/wp-json\/wp\/v2\/product_cat?post=106194"},{"taxonomy":"product_tag","embeddable":true,"href":"https:\/\/kidsplay.lt\/lv\/wp-json\/wp\/v2\/product_tag?post=106194"}],"curies":[{"name":"wp","href":"https:\/\/api.w.org\/{rel}","templated":true}]}}