{"id":106201,"date":"2026-04-20T06:59:47","date_gmt":"2026-04-20T03:59:47","guid":{"rendered":"https:\/\/kidsplay.lt\/produktas\/tooky-toy-mediniai-magnetiniai-vagoneliai\/"},"modified":"2026-04-20T18:29:56","modified_gmt":"2026-04-20T15:29:56","slug":"tooky-toy-mediniai-magnetiniai-vagoneliai","status":"publish","type":"product","link":"https:\/\/kidsplay.lt\/lv\/products\/tooky-toy-mediniai-magnetiniai-vagoneliai\/","title":{"rendered":"TOOKY TOY mediniai magnetiniai vagon\u0117liai"},"content":{"rendered":"<p>Visi \u012f ekspresin\u012f traukin\u012f! J\u016bs\u0173 vaikas tur\u0117s daug smagaus laiko su \u0161iuo 12 dali\u0173 magnetiniu traukinio ir vagon\u0173 rinkiniu i\u0161 \u201eTooky Toy\u201c. Kiekviename rinkinyje yra 3 traukiniai ir 9 vagonai, kurie jungiasi magnetais. Nesvarbu, ar ve\u017eamas anglis, benzinas ar \u017emon\u0117s \u2013 \u0161is traukinio rinkinys ilgai i\u0161laikys vaik\u0173 susidom\u0117jim\u0105. Nenaudojant, rinkin\u012f galima tvarkingai sud\u0117ti ir laikyti medin\u0117je d\u0117\u017eut\u0117je, kurioje jis pateikiamas. Kiekvienas \u201eTooky Toy\u201c medinis traukinio ir vagon\u0173 rinkinys yra pagamintas i\u0161 medienos ir kruop\u0161\u010diai u\u017ebaigtas auk\u0161\u010diausios kokyb\u0117s.<br \/>\nFunkcijas:<\/p>\n<p> \tskirtas vaikams nuo 3 met\u0173 am\u017eiaus<br \/>\n \t\u017eaisl\u0105 sudaro 12 dali\u0173 (3 traukiniai ir 9 vagonai)<br \/>\n \tvisos dalys jungiasi magnetais<br \/>\n \tkruop\u0161\u010diai supakuotas d\u0117\u017eut\u0117je, kuri\u0105 galima naudoti laikymui po \u017eaidimo<br \/>\n \tnuda\u017eyta netoksi\u0161kais, vaikams saugiais da\u017eais<\/p>\n<p>Rinkinyje n\u0117ra b\u0117gi\u0173.<\/p>","protected":false},"excerpt":{"rendered":"<p>Visi \u012f ekspresin\u012f traukin\u012f! J\u016bs\u0173 vaikas tur\u0117s daug smagaus laiko su \u0161iuo 12 dali\u0173 magnetiniu traukinio ir vagon\u0173 rinkiniu i\u0161<\/p>","protected":false},"featured_media":106203,"template":"","meta":{"_acf_changed":false,"_glsr_average":0,"_glsr_ranking":0,"_glsr_reviews":0},"product_brand":[],"product_cat":[448,229],"product_tag":[],"class_list":{"0":"post-106201","1":"product","2":"type-product","3":"status-publish","4":"has-post-thumbnail","6":"product_cat-automobiliai-ir-transportas","7":"product_cat-zaislai-vaikams","8":"\"style=\"background-color: #2ecc711c;\"","10":"first","11":"instock","12":"purchasable","13":"product-type-simple"},"acf":[],"yoast_head":"<!-- This site is optimized with the Yoast SEO plugin v27.4 - https:\/\/yoast.com\/product\/yoast-seo-wordpress\/ -->\n<title>TOOKY TOY mediniai magnetiniai vagon\u0117liai<\/title>\n<meta name=\"description\" content=\"TOOKY TOY mediniai magnetiniai vagon\u0117liai - KidsPlay. Did\u017eiausias vaik\u0173 \u017eaisl\u0173 pasirinkimas.\" \/>\n<meta name=\"robots\" content=\"index, follow, max-snippet:-1, max-image-preview:large, max-video-preview:-1\" \/>\n<link rel=\"canonical\" href=\"https:\/\/kidsplay.lt\/lv\/products\/tooky-toy-mediniai-magnetiniai-vagoneliai\/\" \/>\n<meta property=\"og:locale\" content=\"lv_LV\" \/>\n<meta property=\"og:type\" content=\"article\" \/>\n<meta property=\"og:title\" content=\"TOOKY TOY mediniai magnetiniai vagon\u0117liai\" \/>\n<meta property=\"og:description\" content=\"TOOKY TOY mediniai magnetiniai vagon\u0117liai - KidsPlay. Did\u017eiausias vaik\u0173 \u017eaisl\u0173 pasirinkimas.\" \/>\n<meta property=\"og:url\" content=\"https:\/\/kidsplay.lt\/lv\/products\/tooky-toy-mediniai-magnetiniai-vagoneliai\/\" \/>\n<meta property=\"og:site_name\" content=\"KidsPlay\" \/>\n<meta property=\"article:publisher\" content=\"https:\/\/www.facebook.com\/www.kidsplay.lt\" \/>\n<meta property=\"article:modified_time\" content=\"2026-04-20T15:29:56+00:00\" \/>\n<meta property=\"og:image\" content=\"https:\/\/kidsplay.lt\/wp-content\/uploads\/2026\/04\/TOOKY-TOY-mediniai-magnetiniai-vagoneliai.jpg\" \/>\n\t<meta property=\"og:image:width\" content=\"2560\" \/>\n\t<meta property=\"og:image:height\" content=\"2560\" \/>\n\t<meta property=\"og:image:type\" content=\"image\/jpeg\" \/>\n<meta name=\"twitter:card\" content=\"summary_large_image\" \/>\n<meta name=\"twitter:label1\" content=\"Est. reading time\" \/>\n\t<meta name=\"twitter:data1\" content=\"1 min\u016bte\" \/>\n<script type=\"application\/ld+json\" class=\"yoast-schema-graph\">{\"@context\":\"https:\\\/\\\/schema.org\",\"@graph\":[{\"@type\":\"WebPage\",\"@id\":\"https:\\\/\\\/kidsplay.lt\\\/produktas\\\/tooky-toy-mediniai-magnetiniai-vagoneliai\\\/\",\"url\":\"https:\\\/\\\/kidsplay.lt\\\/produktas\\\/tooky-toy-mediniai-magnetiniai-vagoneliai\\\/\",\"name\":\"TOOKY TOY mediniai magnetiniai vagon\u0117liai\",\"isPartOf\":{\"@id\":\"https:\\\/\\\/kidsplay.lt\\\/#website\"},\"primaryImageOfPage\":{\"@id\":\"https:\\\/\\\/kidsplay.lt\\\/produktas\\\/tooky-toy-mediniai-magnetiniai-vagoneliai\\\/#primaryimage\"},\"image\":{\"@id\":\"https:\\\/\\\/kidsplay.lt\\\/produktas\\\/tooky-toy-mediniai-magnetiniai-vagoneliai\\\/#primaryimage\"},\"thumbnailUrl\":\"https:\\\/\\\/kidsplay.lt\\\/wp-content\\\/uploads\\\/2026\\\/04\\\/TOOKY-TOY-mediniai-magnetiniai-vagoneliai.jpg\",\"datePublished\":\"2026-04-20T03:59:47+00:00\",\"dateModified\":\"2026-04-20T15:29:56+00:00\",\"description\":\"TOOKY TOY mediniai magnetiniai vagon\u0117liai - KidsPlay. Did\u017eiausias vaik\u0173 \u017eaisl\u0173 pasirinkimas.\",\"breadcrumb\":{\"@id\":\"https:\\\/\\\/kidsplay.lt\\\/produktas\\\/tooky-toy-mediniai-magnetiniai-vagoneliai\\\/#breadcrumb\"},\"inLanguage\":\"lv-LV\",\"potentialAction\":[{\"@type\":\"ReadAction\",\"target\":[\"https:\\\/\\\/kidsplay.lt\\\/produktas\\\/tooky-toy-mediniai-magnetiniai-vagoneliai\\\/\"]}]},{\"@type\":\"ImageObject\",\"inLanguage\":\"lv-LV\",\"@id\":\"https:\\\/\\\/kidsplay.lt\\\/produktas\\\/tooky-toy-mediniai-magnetiniai-vagoneliai\\\/#primaryimage\",\"url\":\"https:\\\/\\\/kidsplay.lt\\\/wp-content\\\/uploads\\\/2026\\\/04\\\/TOOKY-TOY-mediniai-magnetiniai-vagoneliai.jpg\",\"contentUrl\":\"https:\\\/\\\/kidsplay.lt\\\/wp-content\\\/uploads\\\/2026\\\/04\\\/TOOKY-TOY-mediniai-magnetiniai-vagoneliai.jpg\",\"width\":2560,\"height\":2560,\"caption\":\"TOOKY TOY mediniai magnetiniai vagon\u0117liai\"},{\"@type\":\"BreadcrumbList\",\"@id\":\"https:\\\/\\\/kidsplay.lt\\\/produktas\\\/tooky-toy-mediniai-magnetiniai-vagoneliai\\\/#breadcrumb\",\"itemListElement\":[{\"@type\":\"ListItem\",\"position\":1,\"name\":\"Pagrindinis\",\"item\":\"https:\\\/\\\/kidsplay.lt\\\/\"},{\"@type\":\"ListItem\",\"position\":2,\"name\":\"Parduotuv\u0117\",\"item\":\"https:\\\/\\\/kidsplay.lt\\\/parduotuve\\\/\"},{\"@type\":\"ListItem\",\"position\":3,\"name\":\"TOOKY TOY mediniai magnetiniai vagon\u0117liai\"}]},{\"@type\":\"WebSite\",\"@id\":\"https:\\\/\\\/kidsplay.lt\\\/#website\",\"url\":\"https:\\\/\\\/kidsplay.lt\\\/\",\"name\":\"Kidsplay.lt\",\"description\":\"\u012evairios prek\u0117s vaikams\",\"publisher\":{\"@id\":\"https:\\\/\\\/kidsplay.lt\\\/#organization\"},\"alternateName\":\"Kidsplay\",\"potentialAction\":[{\"@type\":\"SearchAction\",\"target\":{\"@type\":\"EntryPoint\",\"urlTemplate\":\"https:\\\/\\\/kidsplay.lt\\\/?s={search_term_string}\"},\"query-input\":{\"@type\":\"PropertyValueSpecification\",\"valueRequired\":true,\"valueName\":\"search_term_string\"}}],\"inLanguage\":\"lv-LV\"},{\"@type\":\"Organization\",\"@id\":\"https:\\\/\\\/kidsplay.lt\\\/#organization\",\"name\":\"KidsPlay\",\"url\":\"https:\\\/\\\/kidsplay.lt\\\/\",\"logo\":{\"@type\":\"ImageObject\",\"inLanguage\":\"lv-LV\",\"@id\":\"https:\\\/\\\/kidsplay.lt\\\/#\\\/schema\\\/logo\\\/image\\\/\",\"url\":\"https:\\\/\\\/kidsplay.lt\\\/wp-content\\\/uploads\\\/2023\\\/07\\\/kidsplay-logo.png\",\"contentUrl\":\"https:\\\/\\\/kidsplay.lt\\\/wp-content\\\/uploads\\\/2023\\\/07\\\/kidsplay-logo.png\",\"width\":451,\"height\":98,\"caption\":\"KidsPlay\"},\"image\":{\"@id\":\"https:\\\/\\\/kidsplay.lt\\\/#\\\/schema\\\/logo\\\/image\\\/\"},\"sameAs\":[\"https:\\\/\\\/www.facebook.com\\\/www.kidsplay.lt\"]}]}<\/script>\n<!-- \/ Yoast SEO plugin. -->","yoast_head_json":{"title":"TOOKY TOY mediniai magnetiniai vagon\u0117liai","description":"TOOKY TOY mediniai magnetiniai vagon\u0117liai - KidsPlay. Did\u017eiausias vaik\u0173 \u017eaisl\u0173 pasirinkimas.","robots":{"index":"index","follow":"follow","max-snippet":"max-snippet:-1","max-image-preview":"max-image-preview:large","max-video-preview":"max-video-preview:-1"},"canonical":"https:\/\/kidsplay.lt\/lv\/products\/tooky-toy-mediniai-magnetiniai-vagoneliai\/","og_locale":"lv_LV","og_type":"article","og_title":"TOOKY TOY mediniai magnetiniai vagon\u0117liai","og_description":"TOOKY TOY mediniai magnetiniai vagon\u0117liai - KidsPlay. Did\u017eiausias vaik\u0173 \u017eaisl\u0173 pasirinkimas.","og_url":"https:\/\/kidsplay.lt\/lv\/products\/tooky-toy-mediniai-magnetiniai-vagoneliai\/","og_site_name":"KidsPlay","article_publisher":"https:\/\/www.facebook.com\/www.kidsplay.lt","article_modified_time":"2026-04-20T15:29:56+00:00","og_image":[{"width":2560,"height":2560,"url":"https:\/\/kidsplay.lt\/wp-content\/uploads\/2026\/04\/TOOKY-TOY-mediniai-magnetiniai-vagoneliai.jpg","type":"image\/jpeg"}],"twitter_card":"summary_large_image","twitter_misc":{"Est. reading time":"1 min\u016bte"},"schema":{"@context":"https:\/\/schema.org","@graph":[{"@type":"WebPage","@id":"https:\/\/kidsplay.lt\/produktas\/tooky-toy-mediniai-magnetiniai-vagoneliai\/","url":"https:\/\/kidsplay.lt\/produktas\/tooky-toy-mediniai-magnetiniai-vagoneliai\/","name":"TOOKY TOY mediniai magnetiniai vagon\u0117liai","isPartOf":{"@id":"https:\/\/kidsplay.lt\/#website"},"primaryImageOfPage":{"@id":"https:\/\/kidsplay.lt\/produktas\/tooky-toy-mediniai-magnetiniai-vagoneliai\/#primaryimage"},"image":{"@id":"https:\/\/kidsplay.lt\/produktas\/tooky-toy-mediniai-magnetiniai-vagoneliai\/#primaryimage"},"thumbnailUrl":"https:\/\/kidsplay.lt\/wp-content\/uploads\/2026\/04\/TOOKY-TOY-mediniai-magnetiniai-vagoneliai.jpg","datePublished":"2026-04-20T03:59:47+00:00","dateModified":"2026-04-20T15:29:56+00:00","description":"TOOKY TOY mediniai magnetiniai vagon\u0117liai - KidsPlay. Did\u017eiausias vaik\u0173 \u017eaisl\u0173 pasirinkimas.","breadcrumb":{"@id":"https:\/\/kidsplay.lt\/produktas\/tooky-toy-mediniai-magnetiniai-vagoneliai\/#breadcrumb"},"inLanguage":"lv-LV","potentialAction":[{"@type":"ReadAction","target":["https:\/\/kidsplay.lt\/produktas\/tooky-toy-mediniai-magnetiniai-vagoneliai\/"]}]},{"@type":"ImageObject","inLanguage":"lv-LV","@id":"https:\/\/kidsplay.lt\/produktas\/tooky-toy-mediniai-magnetiniai-vagoneliai\/#primaryimage","url":"https:\/\/kidsplay.lt\/wp-content\/uploads\/2026\/04\/TOOKY-TOY-mediniai-magnetiniai-vagoneliai.jpg","contentUrl":"https:\/\/kidsplay.lt\/wp-content\/uploads\/2026\/04\/TOOKY-TOY-mediniai-magnetiniai-vagoneliai.jpg","width":2560,"height":2560,"caption":"TOOKY TOY mediniai magnetiniai vagon\u0117liai"},{"@type":"BreadcrumbList","@id":"https:\/\/kidsplay.lt\/produktas\/tooky-toy-mediniai-magnetiniai-vagoneliai\/#breadcrumb","itemListElement":[{"@type":"ListItem","position":1,"name":"Pagrindinis","item":"https:\/\/kidsplay.lt\/"},{"@type":"ListItem","position":2,"name":"Parduotuv\u0117","item":"https:\/\/kidsplay.lt\/parduotuve\/"},{"@type":"ListItem","position":3,"name":"TOOKY TOY mediniai magnetiniai vagon\u0117liai"}]},{"@type":"WebSite","@id":"https:\/\/kidsplay.lt\/#website","url":"https:\/\/kidsplay.lt\/","name":"B\u0113rnu sp\u0113les.lv","description":"\u012evairios prek\u0117s vaikams","publisher":{"@id":"https:\/\/kidsplay.lt\/#organization"},"alternateName":"Kidsplay","potentialAction":[{"@type":"SearchAction","target":{"@type":"EntryPoint","urlTemplate":"https:\/\/kidsplay.lt\/?s={search_term_string}"},"query-input":{"@type":"PropertyValueSpecification","valueRequired":true,"valueName":"search_term_string"}}],"inLanguage":"lv-LV"},{"@type":"Organization","@id":"https:\/\/kidsplay.lt\/#organization","name":"B\u0113rnu sp\u0113le","url":"https:\/\/kidsplay.lt\/","logo":{"@type":"ImageObject","inLanguage":"lv-LV","@id":"https:\/\/kidsplay.lt\/#\/schema\/logo\/image\/","url":"https:\/\/kidsplay.lt\/wp-content\/uploads\/2023\/07\/kidsplay-logo.png","contentUrl":"https:\/\/kidsplay.lt\/wp-content\/uploads\/2023\/07\/kidsplay-logo.png","width":451,"height":98,"caption":"KidsPlay"},"image":{"@id":"https:\/\/kidsplay.lt\/#\/schema\/logo\/image\/"},"sameAs":["https:\/\/www.facebook.com\/www.kidsplay.lt"]}]}},"_links":{"self":[{"href":"https:\/\/kidsplay.lt\/lv\/wp-json\/wp\/v2\/product\/106201","targetHints":{"allow":["GET"]}}],"collection":[{"href":"https:\/\/kidsplay.lt\/lv\/wp-json\/wp\/v2\/product"}],"about":[{"href":"https:\/\/kidsplay.lt\/lv\/wp-json\/wp\/v2\/types\/product"}],"version-history":[{"count":1,"href":"https:\/\/kidsplay.lt\/lv\/wp-json\/wp\/v2\/product\/106201\/revisions"}],"predecessor-version":[{"id":106202,"href":"https:\/\/kidsplay.lt\/lv\/wp-json\/wp\/v2\/product\/106201\/revisions\/106202"}],"wp:featuredmedia":[{"embeddable":true,"href":"https:\/\/kidsplay.lt\/lv\/wp-json\/wp\/v2\/media\/106203"}],"wp:attachment":[{"href":"https:\/\/kidsplay.lt\/lv\/wp-json\/wp\/v2\/media?parent=106201"}],"wp:term":[{"taxonomy":"product_brand","embeddable":true,"href":"https:\/\/kidsplay.lt\/lv\/wp-json\/wp\/v2\/product_brand?post=106201"},{"taxonomy":"product_cat","embeddable":true,"href":"https:\/\/kidsplay.lt\/lv\/wp-json\/wp\/v2\/product_cat?post=106201"},{"taxonomy":"product_tag","embeddable":true,"href":"https:\/\/kidsplay.lt\/lv\/wp-json\/wp\/v2\/product_tag?post=106201"}],"curies":[{"name":"wp","href":"https:\/\/api.w.org\/{rel}","templated":true}]}}