{"id":106215,"date":"2026-04-20T07:00:33","date_gmt":"2026-04-20T04:00:33","guid":{"rendered":"https:\/\/kidsplay.lt\/produktas\/tooky-toy-spalvinga-automobiliu-ciuozimo-trasa\/"},"modified":"2026-04-20T07:00:48","modified_gmt":"2026-04-20T04:00:48","slug":"tooky-toy-spalvinga-automobiliu-ciuozimo-trasa","status":"publish","type":"product","link":"https:\/\/kidsplay.lt\/lv\/products\/tooky-toy-spalvinga-automobiliu-ciuozimo-trasa\/","title":{"rendered":"TOOKY TOY spalvinga automobili\u0173 \u010diuo\u017eimo trasa"},"content":{"rendered":"<p>\u0160i spalvinga \u010diuo\u017eimo trasa i\u0161 \u017einomo \u201eTooky Toy\u201c prek\u0117s \u017eenklo yra puikus \u017eaislas kiekvienam ma\u017eajam automobili\u0173 entuziastui. \u0160i medin\u0117 kaskadin\u0117 trasa suteikia dinami\u0161k\u0105 \u017eaidim\u0105 \u2013 vaikai gali paleisti automobiliukus nuo vir\u0161utinio lygio ir steb\u0117ti, kaip jie greitai nusileid\u017eia spalvingomis platformomis iki pat apa\u010dios. \u017daislo dizainas sukurtas taip, kad patraukt\u0173 vaik\u0173 d\u0117mes\u012f ry\u0161kiomis spalvomis ir skatint\u0173 \u017eaisti pakartotinai. Produktas pasi\u017eymi auk\u0161ta kokybe \u2013 pagamintas i\u0161 nat\u016bralios medienos ir saugi\u0173 plastikini\u0173 element\u0173. Visa konstrukcija nuda\u017eyta saugiais da\u017eais, u\u017etikrinan\u010diais visi\u0161k\u0105 saugum\u0105 naudojimo metu. D\u0117l stabilios konstrukcijos ir kruop\u0161\u010diai suformuot\u0173 takeli\u0173 automobiliai skland\u017eiai slysta tarp lygi\u0173, suteikdami daug smagumo ir mokydami prie\u017easties bei pasekm\u0117s principo.<br \/>\nFunkcijas:<\/p>\n<p> \t\u017eaislas skirtas vaikams nuo 18 m\u0117nesi\u0173 am\u017eiaus<br \/>\n \tspalvinga trasa su keturiais lygiais<br \/>\n \tpagaminta i\u0161 auk\u0161tos kokyb\u0117s medienos ir saugi\u0173 med\u017eiag\u0173<br \/>\n \tnuda\u017eyta netoksi\u0161kais, vaikams saugiais da\u017eais<br \/>\n \tn\u0117ra a\u0161tri\u0173 kamp\u0173 \u2013 saugus \u017eaidimas<br \/>\n \ttvirta ir patvari konstrukcija<\/p>\n<p>Komplekt\u0101 ietilpst:<\/p>\n<p> \tmedin\u0117 kaskadin\u0117s trasos konstrukcija<br \/>\n \t6 spalvingi mediniai automobiliukai<\/p>","protected":false},"excerpt":{"rendered":"<p>\u0160i spalvinga \u010diuo\u017eimo trasa i\u0161 \u017einomo \u201eTooky Toy\u201c prek\u0117s \u017eenklo yra puikus \u017eaislas kiekvienam ma\u017eajam automobili\u0173 entuziastui. \u0160i medin\u0117 kaskadin\u0117<\/p>","protected":false},"featured_media":106217,"template":"","meta":{"_acf_changed":false,"_glsr_average":0,"_glsr_ranking":0,"_glsr_reviews":0},"product_brand":[],"product_cat":[448,229],"product_tag":[],"class_list":{"0":"post-106215","1":"product","2":"type-product","3":"status-publish","4":"has-post-thumbnail","6":"product_cat-automobiliai-ir-transportas","7":"product_cat-zaislai-vaikams","8":"\"style=\"background-color: #2ecc711c;\"","10":"first","11":"instock","12":"purchasable","13":"product-type-simple"},"acf":[],"yoast_head":"<!-- This site is optimized with the Yoast SEO plugin v27.4 - https:\/\/yoast.com\/product\/yoast-seo-wordpress\/ -->\n<title>TOOKY TOY spalvinga automobili\u0173 \u010diuo\u017eimo trasa<\/title>\n<meta name=\"description\" content=\"TOOKY TOY spalvinga automobili\u0173 \u010diuo\u017eimo trasa - KidsPlay. Did\u017eiausias vaik\u0173 \u017eaisl\u0173 pasirinkimas.\" \/>\n<meta name=\"robots\" content=\"index, follow, max-snippet:-1, max-image-preview:large, max-video-preview:-1\" \/>\n<link rel=\"canonical\" href=\"https:\/\/kidsplay.lt\/lv\/products\/tooky-toy-spalvinga-automobiliu-ciuozimo-trasa\/\" \/>\n<meta property=\"og:locale\" content=\"lv_LV\" \/>\n<meta property=\"og:type\" content=\"article\" \/>\n<meta property=\"og:title\" content=\"TOOKY TOY spalvinga automobili\u0173 \u010diuo\u017eimo trasa\" \/>\n<meta property=\"og:description\" content=\"TOOKY TOY spalvinga automobili\u0173 \u010diuo\u017eimo trasa - KidsPlay. Did\u017eiausias vaik\u0173 \u017eaisl\u0173 pasirinkimas.\" \/>\n<meta property=\"og:url\" content=\"https:\/\/kidsplay.lt\/lv\/products\/tooky-toy-spalvinga-automobiliu-ciuozimo-trasa\/\" \/>\n<meta property=\"og:site_name\" content=\"KidsPlay\" \/>\n<meta property=\"article:publisher\" content=\"https:\/\/www.facebook.com\/www.kidsplay.lt\" \/>\n<meta property=\"article:modified_time\" content=\"2026-04-20T04:00:48+00:00\" \/>\n<meta property=\"og:image\" content=\"https:\/\/kidsplay.lt\/wp-content\/uploads\/2026\/04\/TOOKY-TOY-spalvinga-automobiliu-ciuozimo-trasa.jpg\" \/>\n\t<meta property=\"og:image:width\" content=\"1000\" \/>\n\t<meta property=\"og:image:height\" content=\"1000\" \/>\n\t<meta property=\"og:image:type\" content=\"image\/jpeg\" \/>\n<meta name=\"twitter:card\" content=\"summary_large_image\" \/>\n<meta name=\"twitter:label1\" content=\"Est. reading time\" \/>\n\t<meta name=\"twitter:data1\" content=\"1 min\u016bte\" \/>\n<script type=\"application\/ld+json\" class=\"yoast-schema-graph\">{\"@context\":\"https:\\\/\\\/schema.org\",\"@graph\":[{\"@type\":\"WebPage\",\"@id\":\"https:\\\/\\\/kidsplay.lt\\\/produktas\\\/tooky-toy-spalvinga-automobiliu-ciuozimo-trasa\\\/\",\"url\":\"https:\\\/\\\/kidsplay.lt\\\/produktas\\\/tooky-toy-spalvinga-automobiliu-ciuozimo-trasa\\\/\",\"name\":\"TOOKY TOY spalvinga automobili\u0173 \u010diuo\u017eimo trasa\",\"isPartOf\":{\"@id\":\"https:\\\/\\\/kidsplay.lt\\\/#website\"},\"primaryImageOfPage\":{\"@id\":\"https:\\\/\\\/kidsplay.lt\\\/produktas\\\/tooky-toy-spalvinga-automobiliu-ciuozimo-trasa\\\/#primaryimage\"},\"image\":{\"@id\":\"https:\\\/\\\/kidsplay.lt\\\/produktas\\\/tooky-toy-spalvinga-automobiliu-ciuozimo-trasa\\\/#primaryimage\"},\"thumbnailUrl\":\"https:\\\/\\\/kidsplay.lt\\\/wp-content\\\/uploads\\\/2026\\\/04\\\/TOOKY-TOY-spalvinga-automobiliu-ciuozimo-trasa.jpg\",\"datePublished\":\"2026-04-20T04:00:33+00:00\",\"dateModified\":\"2026-04-20T04:00:48+00:00\",\"description\":\"TOOKY TOY spalvinga automobili\u0173 \u010diuo\u017eimo trasa - KidsPlay. Did\u017eiausias vaik\u0173 \u017eaisl\u0173 pasirinkimas.\",\"breadcrumb\":{\"@id\":\"https:\\\/\\\/kidsplay.lt\\\/produktas\\\/tooky-toy-spalvinga-automobiliu-ciuozimo-trasa\\\/#breadcrumb\"},\"inLanguage\":\"lv-LV\",\"potentialAction\":[{\"@type\":\"ReadAction\",\"target\":[\"https:\\\/\\\/kidsplay.lt\\\/produktas\\\/tooky-toy-spalvinga-automobiliu-ciuozimo-trasa\\\/\"]}]},{\"@type\":\"ImageObject\",\"inLanguage\":\"lv-LV\",\"@id\":\"https:\\\/\\\/kidsplay.lt\\\/produktas\\\/tooky-toy-spalvinga-automobiliu-ciuozimo-trasa\\\/#primaryimage\",\"url\":\"https:\\\/\\\/kidsplay.lt\\\/wp-content\\\/uploads\\\/2026\\\/04\\\/TOOKY-TOY-spalvinga-automobiliu-ciuozimo-trasa.jpg\",\"contentUrl\":\"https:\\\/\\\/kidsplay.lt\\\/wp-content\\\/uploads\\\/2026\\\/04\\\/TOOKY-TOY-spalvinga-automobiliu-ciuozimo-trasa.jpg\",\"width\":1000,\"height\":1000,\"caption\":\"TOOKY TOY spalvinga automobili\u0173 \u010diuo\u017eimo trasa\"},{\"@type\":\"BreadcrumbList\",\"@id\":\"https:\\\/\\\/kidsplay.lt\\\/produktas\\\/tooky-toy-spalvinga-automobiliu-ciuozimo-trasa\\\/#breadcrumb\",\"itemListElement\":[{\"@type\":\"ListItem\",\"position\":1,\"name\":\"Pagrindinis\",\"item\":\"https:\\\/\\\/kidsplay.lt\\\/\"},{\"@type\":\"ListItem\",\"position\":2,\"name\":\"Parduotuv\u0117\",\"item\":\"https:\\\/\\\/kidsplay.lt\\\/parduotuve\\\/\"},{\"@type\":\"ListItem\",\"position\":3,\"name\":\"TOOKY TOY spalvinga automobili\u0173 \u010diuo\u017eimo trasa\"}]},{\"@type\":\"WebSite\",\"@id\":\"https:\\\/\\\/kidsplay.lt\\\/#website\",\"url\":\"https:\\\/\\\/kidsplay.lt\\\/\",\"name\":\"Kidsplay.lt\",\"description\":\"\u012evairios prek\u0117s vaikams\",\"publisher\":{\"@id\":\"https:\\\/\\\/kidsplay.lt\\\/#organization\"},\"alternateName\":\"Kidsplay\",\"potentialAction\":[{\"@type\":\"SearchAction\",\"target\":{\"@type\":\"EntryPoint\",\"urlTemplate\":\"https:\\\/\\\/kidsplay.lt\\\/?s={search_term_string}\"},\"query-input\":{\"@type\":\"PropertyValueSpecification\",\"valueRequired\":true,\"valueName\":\"search_term_string\"}}],\"inLanguage\":\"lv-LV\"},{\"@type\":\"Organization\",\"@id\":\"https:\\\/\\\/kidsplay.lt\\\/#organization\",\"name\":\"KidsPlay\",\"url\":\"https:\\\/\\\/kidsplay.lt\\\/\",\"logo\":{\"@type\":\"ImageObject\",\"inLanguage\":\"lv-LV\",\"@id\":\"https:\\\/\\\/kidsplay.lt\\\/#\\\/schema\\\/logo\\\/image\\\/\",\"url\":\"https:\\\/\\\/kidsplay.lt\\\/wp-content\\\/uploads\\\/2023\\\/07\\\/kidsplay-logo.png\",\"contentUrl\":\"https:\\\/\\\/kidsplay.lt\\\/wp-content\\\/uploads\\\/2023\\\/07\\\/kidsplay-logo.png\",\"width\":451,\"height\":98,\"caption\":\"KidsPlay\"},\"image\":{\"@id\":\"https:\\\/\\\/kidsplay.lt\\\/#\\\/schema\\\/logo\\\/image\\\/\"},\"sameAs\":[\"https:\\\/\\\/www.facebook.com\\\/www.kidsplay.lt\"]}]}<\/script>\n<!-- \/ Yoast SEO plugin. -->","yoast_head_json":{"title":"TOOKY TOY spalvinga automobili\u0173 \u010diuo\u017eimo trasa","description":"TOOKY TOY spalvinga automobili\u0173 \u010diuo\u017eimo trasa - KidsPlay. Did\u017eiausias vaik\u0173 \u017eaisl\u0173 pasirinkimas.","robots":{"index":"index","follow":"follow","max-snippet":"max-snippet:-1","max-image-preview":"max-image-preview:large","max-video-preview":"max-video-preview:-1"},"canonical":"https:\/\/kidsplay.lt\/lv\/products\/tooky-toy-spalvinga-automobiliu-ciuozimo-trasa\/","og_locale":"lv_LV","og_type":"article","og_title":"TOOKY TOY spalvinga automobili\u0173 \u010diuo\u017eimo trasa","og_description":"TOOKY TOY spalvinga automobili\u0173 \u010diuo\u017eimo trasa - KidsPlay. Did\u017eiausias vaik\u0173 \u017eaisl\u0173 pasirinkimas.","og_url":"https:\/\/kidsplay.lt\/lv\/products\/tooky-toy-spalvinga-automobiliu-ciuozimo-trasa\/","og_site_name":"KidsPlay","article_publisher":"https:\/\/www.facebook.com\/www.kidsplay.lt","article_modified_time":"2026-04-20T04:00:48+00:00","og_image":[{"width":1000,"height":1000,"url":"https:\/\/kidsplay.lt\/wp-content\/uploads\/2026\/04\/TOOKY-TOY-spalvinga-automobiliu-ciuozimo-trasa.jpg","type":"image\/jpeg"}],"twitter_card":"summary_large_image","twitter_misc":{"Est. reading time":"1 min\u016bte"},"schema":{"@context":"https:\/\/schema.org","@graph":[{"@type":"WebPage","@id":"https:\/\/kidsplay.lt\/produktas\/tooky-toy-spalvinga-automobiliu-ciuozimo-trasa\/","url":"https:\/\/kidsplay.lt\/produktas\/tooky-toy-spalvinga-automobiliu-ciuozimo-trasa\/","name":"TOOKY TOY spalvinga automobili\u0173 \u010diuo\u017eimo trasa","isPartOf":{"@id":"https:\/\/kidsplay.lt\/#website"},"primaryImageOfPage":{"@id":"https:\/\/kidsplay.lt\/produktas\/tooky-toy-spalvinga-automobiliu-ciuozimo-trasa\/#primaryimage"},"image":{"@id":"https:\/\/kidsplay.lt\/produktas\/tooky-toy-spalvinga-automobiliu-ciuozimo-trasa\/#primaryimage"},"thumbnailUrl":"https:\/\/kidsplay.lt\/wp-content\/uploads\/2026\/04\/TOOKY-TOY-spalvinga-automobiliu-ciuozimo-trasa.jpg","datePublished":"2026-04-20T04:00:33+00:00","dateModified":"2026-04-20T04:00:48+00:00","description":"TOOKY TOY spalvinga automobili\u0173 \u010diuo\u017eimo trasa - KidsPlay. Did\u017eiausias vaik\u0173 \u017eaisl\u0173 pasirinkimas.","breadcrumb":{"@id":"https:\/\/kidsplay.lt\/produktas\/tooky-toy-spalvinga-automobiliu-ciuozimo-trasa\/#breadcrumb"},"inLanguage":"lv-LV","potentialAction":[{"@type":"ReadAction","target":["https:\/\/kidsplay.lt\/produktas\/tooky-toy-spalvinga-automobiliu-ciuozimo-trasa\/"]}]},{"@type":"ImageObject","inLanguage":"lv-LV","@id":"https:\/\/kidsplay.lt\/produktas\/tooky-toy-spalvinga-automobiliu-ciuozimo-trasa\/#primaryimage","url":"https:\/\/kidsplay.lt\/wp-content\/uploads\/2026\/04\/TOOKY-TOY-spalvinga-automobiliu-ciuozimo-trasa.jpg","contentUrl":"https:\/\/kidsplay.lt\/wp-content\/uploads\/2026\/04\/TOOKY-TOY-spalvinga-automobiliu-ciuozimo-trasa.jpg","width":1000,"height":1000,"caption":"TOOKY TOY spalvinga automobili\u0173 \u010diuo\u017eimo trasa"},{"@type":"BreadcrumbList","@id":"https:\/\/kidsplay.lt\/produktas\/tooky-toy-spalvinga-automobiliu-ciuozimo-trasa\/#breadcrumb","itemListElement":[{"@type":"ListItem","position":1,"name":"Pagrindinis","item":"https:\/\/kidsplay.lt\/"},{"@type":"ListItem","position":2,"name":"Parduotuv\u0117","item":"https:\/\/kidsplay.lt\/parduotuve\/"},{"@type":"ListItem","position":3,"name":"TOOKY TOY spalvinga automobili\u0173 \u010diuo\u017eimo trasa"}]},{"@type":"WebSite","@id":"https:\/\/kidsplay.lt\/#website","url":"https:\/\/kidsplay.lt\/","name":"B\u0113rnu sp\u0113les.lv","description":"\u012evairios prek\u0117s vaikams","publisher":{"@id":"https:\/\/kidsplay.lt\/#organization"},"alternateName":"Kidsplay","potentialAction":[{"@type":"SearchAction","target":{"@type":"EntryPoint","urlTemplate":"https:\/\/kidsplay.lt\/?s={search_term_string}"},"query-input":{"@type":"PropertyValueSpecification","valueRequired":true,"valueName":"search_term_string"}}],"inLanguage":"lv-LV"},{"@type":"Organization","@id":"https:\/\/kidsplay.lt\/#organization","name":"B\u0113rnu sp\u0113le","url":"https:\/\/kidsplay.lt\/","logo":{"@type":"ImageObject","inLanguage":"lv-LV","@id":"https:\/\/kidsplay.lt\/#\/schema\/logo\/image\/","url":"https:\/\/kidsplay.lt\/wp-content\/uploads\/2023\/07\/kidsplay-logo.png","contentUrl":"https:\/\/kidsplay.lt\/wp-content\/uploads\/2023\/07\/kidsplay-logo.png","width":451,"height":98,"caption":"KidsPlay"},"image":{"@id":"https:\/\/kidsplay.lt\/#\/schema\/logo\/image\/"},"sameAs":["https:\/\/www.facebook.com\/www.kidsplay.lt"]}]}},"_links":{"self":[{"href":"https:\/\/kidsplay.lt\/lv\/wp-json\/wp\/v2\/product\/106215","targetHints":{"allow":["GET"]}}],"collection":[{"href":"https:\/\/kidsplay.lt\/lv\/wp-json\/wp\/v2\/product"}],"about":[{"href":"https:\/\/kidsplay.lt\/lv\/wp-json\/wp\/v2\/types\/product"}],"version-history":[{"count":1,"href":"https:\/\/kidsplay.lt\/lv\/wp-json\/wp\/v2\/product\/106215\/revisions"}],"predecessor-version":[{"id":106216,"href":"https:\/\/kidsplay.lt\/lv\/wp-json\/wp\/v2\/product\/106215\/revisions\/106216"}],"wp:featuredmedia":[{"embeddable":true,"href":"https:\/\/kidsplay.lt\/lv\/wp-json\/wp\/v2\/media\/106217"}],"wp:attachment":[{"href":"https:\/\/kidsplay.lt\/lv\/wp-json\/wp\/v2\/media?parent=106215"}],"wp:term":[{"taxonomy":"product_brand","embeddable":true,"href":"https:\/\/kidsplay.lt\/lv\/wp-json\/wp\/v2\/product_brand?post=106215"},{"taxonomy":"product_cat","embeddable":true,"href":"https:\/\/kidsplay.lt\/lv\/wp-json\/wp\/v2\/product_cat?post=106215"},{"taxonomy":"product_tag","embeddable":true,"href":"https:\/\/kidsplay.lt\/lv\/wp-json\/wp\/v2\/product_tag?post=106215"}],"curies":[{"name":"wp","href":"https:\/\/api.w.org\/{rel}","templated":true}]}}