{"id":106229,"date":"2026-04-20T07:01:18","date_gmt":"2026-04-20T04:01:18","guid":{"rendered":"https:\/\/kidsplay.lt\/produktas\/woopie-green-medine-sodo-virtuve-su-stogeliu-kriaukle-ir-ciaupu\/"},"modified":"2026-04-20T18:29:58","modified_gmt":"2026-04-20T15:29:58","slug":"woopie-green-medine-sodo-virtuve-su-stogeliu-kriaukle-ir-ciaupu","status":"publish","type":"product","link":"https:\/\/kidsplay.lt\/lv\/products\/woopie-green-medine-sodo-virtuve-su-stogeliu-kriaukle-ir-ciaupu\/","title":{"rendered":"WOOPIE GREEN koka d\u0101rza virtuve ar nojumi, izlietni un kr\u0101nu"},"content":{"rendered":"<p>Medin\u0117 sodo virtuv\u0117 i\u0161 WOOPIE \u2013 tai unikalus rinkinys, kuris j\u016bs\u0173 sod\u0105, teras\u0105 ar balkon\u0105 pavers tikru kulinarini\u0173 eksperiment\u0173 centru. \u0160i tvirta konstrukcija, pagaminta i\u0161 masyvios egl\u0117s medienos, leid\u017eia vaikams saugiai \u017eaisti su vandeniu, sm\u0117liu ir purvu \u2013 tuo, kas jiems labiausiai patinka. Virtuv\u0117je yra veikiantis vandens rezervuaras su \u010diaupu, tod\u0117l \u017eaidimas tampa dar realisti\u0161kesnis ir \u012ftraukiantis. Stilingas dry\u017euotas audinio stogelis vir\u0161 stalvir\u0161io apsaugo ma\u017eus \u0161efus nuo saul\u0117s kar\u0161tomis dienomis. Rinkinyje taip pat yra kriaukl\u0117, kaitlent\u0117s, kreidin\u0117 lenta meniu ra\u0161ymui bei lentynos ir kabliukai \u012frankiams laikyti. Pridedami priedai, sujungiantys virtuv\u0117s ir sodininkyst\u0117s pasaulius, leid\u017eia \u012fvairiapus\u012f \u017eaidim\u0105 \u2013 nuo \u201e\u017eol\u0117s sriubos\u201c gaminimo iki tikr\u0173 g\u0117li\u0173 sodinimo \u012f prid\u0117t\u0105 vazon\u0105.<br \/>\nFunkcijas:<\/p>\n<p> \t\u017eaislas skirtas vaikams nuo 3 met\u0173 am\u017eiaus<br \/>\n \tpagamintas i\u0161 patvarios, oro s\u0105lygoms atsparios masyvios medienos<br \/>\n \tturi nuimam\u0105 vandens rezervuar\u0105 su \u010diaupu (gravitacin\u0117 vandens cirkuliacija)<br \/>\n \tturi apsaugin\u012f stogel\u012f nuo saul\u0117s<br \/>\n \tkomplekte yra kreidin\u0117 lenta k\u016brybiniam pie\u0161imui ir ra\u0161ymui<br \/>\n \tturi nuimam\u0105 plastikin\u0119 kriaukl\u0119, lengvai valom\u0105<br \/>\n \tdidel\u0117 apatin\u0117 ir vir\u0161utin\u0117 lentynos suteikia daug vietos laikymui<br \/>\n \tsaug\u016bs, apvalinti kra\u0161tai ir stabili konstrukcija<\/p>\n<p>Komplekt\u0101 ietilpst:<\/p>\n<p> \tmedin\u0117 virtuv\u0117 su stogeliu<br \/>\n \tvandens rezervuaras su \u010diaupu<br \/>\n \tnuimamas dubuo (kriaukl\u0117)<br \/>\n \tpuodas su dang\u010diu ir keptuv\u0117<br \/>\n \tvirtuv\u0117s \u012frankiai: plaktuvas ir mentel\u0117<br \/>\n \tsodininko rinkinys: kastuv\u0117lis ir gr\u0117bliukas<br \/>\n \tg\u0117li\u0173 vazonas<\/p>","protected":false},"excerpt":{"rendered":"<p>Medin\u0117 sodo virtuv\u0117 i\u0161 WOOPIE \u2013 tai unikalus rinkinys, kuris j\u016bs\u0173 sod\u0105, teras\u0105 ar balkon\u0105 pavers tikru kulinarini\u0173 eksperiment\u0173 centru.<\/p>","protected":false},"featured_media":106231,"template":"","meta":{"_acf_changed":false,"_glsr_average":0,"_glsr_ranking":0,"_glsr_reviews":0},"product_brand":[],"product_cat":[399,229],"product_tag":[],"class_list":{"0":"post-106229","1":"product","2":"type-product","3":"status-publish","4":"has-post-thumbnail","6":"product_cat-vaidmenu-zaidimai-2","7":"product_cat-zaislai-vaikams","8":"\"style=\"background-color: #2ecc711c;\"","10":"first","11":"instock","12":"purchasable","13":"product-type-simple"},"acf":[],"yoast_head":"<!-- This site is optimized with the Yoast SEO plugin v27.4 - https:\/\/yoast.com\/product\/yoast-seo-wordpress\/ -->\n<title>WOOPIE GREEN medin\u0117 sodo virtuv\u0117 su stogeliu, kriaukle ir \u010diaupu<\/title>\n<meta name=\"description\" content=\"WOOPIE GREEN medin\u0117 sodo virtuv\u0117 su stogeliu, kriaukle ir \u010diaupu - KidsPlay. Did\u017eiausias vaik\u0173 \u017eaisl\u0173 pasirinkimas.\" \/>\n<meta name=\"robots\" content=\"index, follow, max-snippet:-1, max-image-preview:large, max-video-preview:-1\" \/>\n<link rel=\"canonical\" href=\"https:\/\/kidsplay.lt\/lv\/products\/woopie-green-medine-sodo-virtuve-su-stogeliu-kriaukle-ir-ciaupu\/\" \/>\n<meta property=\"og:locale\" content=\"lv_LV\" \/>\n<meta property=\"og:type\" content=\"article\" \/>\n<meta property=\"og:title\" content=\"WOOPIE GREEN medin\u0117 sodo virtuv\u0117 su stogeliu, kriaukle ir \u010diaupu\" \/>\n<meta property=\"og:description\" content=\"WOOPIE GREEN medin\u0117 sodo virtuv\u0117 su stogeliu, kriaukle ir \u010diaupu - KidsPlay. Did\u017eiausias vaik\u0173 \u017eaisl\u0173 pasirinkimas.\" \/>\n<meta property=\"og:url\" content=\"https:\/\/kidsplay.lt\/lv\/products\/woopie-green-medine-sodo-virtuve-su-stogeliu-kriaukle-ir-ciaupu\/\" \/>\n<meta property=\"og:site_name\" content=\"KidsPlay\" \/>\n<meta property=\"article:publisher\" content=\"https:\/\/www.facebook.com\/www.kidsplay.lt\" \/>\n<meta property=\"article:modified_time\" content=\"2026-04-20T15:29:58+00:00\" \/>\n<meta property=\"og:image\" content=\"https:\/\/kidsplay.lt\/wp-content\/uploads\/2026\/04\/WOOPIE-GREEN-medine-sodo-virtuve-su-stogeliu-kriaukle-ir-ciaupu.jpg\" \/>\n\t<meta property=\"og:image:width\" content=\"1000\" \/>\n\t<meta property=\"og:image:height\" content=\"1000\" \/>\n\t<meta property=\"og:image:type\" content=\"image\/jpeg\" \/>\n<meta name=\"twitter:card\" content=\"summary_large_image\" \/>\n<meta name=\"twitter:label1\" content=\"Est. reading time\" \/>\n\t<meta name=\"twitter:data1\" content=\"1 min\u016bte\" \/>\n<script type=\"application\/ld+json\" class=\"yoast-schema-graph\">{\"@context\":\"https:\\\/\\\/schema.org\",\"@graph\":[{\"@type\":\"WebPage\",\"@id\":\"https:\\\/\\\/kidsplay.lt\\\/produktas\\\/woopie-green-medine-sodo-virtuve-su-stogeliu-kriaukle-ir-ciaupu\\\/\",\"url\":\"https:\\\/\\\/kidsplay.lt\\\/produktas\\\/woopie-green-medine-sodo-virtuve-su-stogeliu-kriaukle-ir-ciaupu\\\/\",\"name\":\"WOOPIE GREEN medin\u0117 sodo virtuv\u0117 su stogeliu, kriaukle ir \u010diaupu\",\"isPartOf\":{\"@id\":\"https:\\\/\\\/kidsplay.lt\\\/#website\"},\"primaryImageOfPage\":{\"@id\":\"https:\\\/\\\/kidsplay.lt\\\/produktas\\\/woopie-green-medine-sodo-virtuve-su-stogeliu-kriaukle-ir-ciaupu\\\/#primaryimage\"},\"image\":{\"@id\":\"https:\\\/\\\/kidsplay.lt\\\/produktas\\\/woopie-green-medine-sodo-virtuve-su-stogeliu-kriaukle-ir-ciaupu\\\/#primaryimage\"},\"thumbnailUrl\":\"https:\\\/\\\/kidsplay.lt\\\/wp-content\\\/uploads\\\/2026\\\/04\\\/WOOPIE-GREEN-medine-sodo-virtuve-su-stogeliu-kriaukle-ir-ciaupu.jpg\",\"datePublished\":\"2026-04-20T04:01:18+00:00\",\"dateModified\":\"2026-04-20T15:29:58+00:00\",\"description\":\"WOOPIE GREEN medin\u0117 sodo virtuv\u0117 su stogeliu, kriaukle ir \u010diaupu - KidsPlay. Did\u017eiausias vaik\u0173 \u017eaisl\u0173 pasirinkimas.\",\"breadcrumb\":{\"@id\":\"https:\\\/\\\/kidsplay.lt\\\/produktas\\\/woopie-green-medine-sodo-virtuve-su-stogeliu-kriaukle-ir-ciaupu\\\/#breadcrumb\"},\"inLanguage\":\"lv-LV\",\"potentialAction\":[{\"@type\":\"ReadAction\",\"target\":[\"https:\\\/\\\/kidsplay.lt\\\/produktas\\\/woopie-green-medine-sodo-virtuve-su-stogeliu-kriaukle-ir-ciaupu\\\/\"]}]},{\"@type\":\"ImageObject\",\"inLanguage\":\"lv-LV\",\"@id\":\"https:\\\/\\\/kidsplay.lt\\\/produktas\\\/woopie-green-medine-sodo-virtuve-su-stogeliu-kriaukle-ir-ciaupu\\\/#primaryimage\",\"url\":\"https:\\\/\\\/kidsplay.lt\\\/wp-content\\\/uploads\\\/2026\\\/04\\\/WOOPIE-GREEN-medine-sodo-virtuve-su-stogeliu-kriaukle-ir-ciaupu.jpg\",\"contentUrl\":\"https:\\\/\\\/kidsplay.lt\\\/wp-content\\\/uploads\\\/2026\\\/04\\\/WOOPIE-GREEN-medine-sodo-virtuve-su-stogeliu-kriaukle-ir-ciaupu.jpg\",\"width\":1000,\"height\":1000,\"caption\":\"WOOPIE GREEN medin\u0117 sodo virtuv\u0117 su stogeliu\"},{\"@type\":\"BreadcrumbList\",\"@id\":\"https:\\\/\\\/kidsplay.lt\\\/produktas\\\/woopie-green-medine-sodo-virtuve-su-stogeliu-kriaukle-ir-ciaupu\\\/#breadcrumb\",\"itemListElement\":[{\"@type\":\"ListItem\",\"position\":1,\"name\":\"Pagrindinis\",\"item\":\"https:\\\/\\\/kidsplay.lt\\\/\"},{\"@type\":\"ListItem\",\"position\":2,\"name\":\"Parduotuv\u0117\",\"item\":\"https:\\\/\\\/kidsplay.lt\\\/parduotuve\\\/\"},{\"@type\":\"ListItem\",\"position\":3,\"name\":\"WOOPIE GREEN medin\u0117 sodo virtuv\u0117 su stogeliu, kriaukle ir \u010diaupu\"}]},{\"@type\":\"WebSite\",\"@id\":\"https:\\\/\\\/kidsplay.lt\\\/#website\",\"url\":\"https:\\\/\\\/kidsplay.lt\\\/\",\"name\":\"Kidsplay.lt\",\"description\":\"\u012evairios prek\u0117s vaikams\",\"publisher\":{\"@id\":\"https:\\\/\\\/kidsplay.lt\\\/#organization\"},\"alternateName\":\"Kidsplay\",\"potentialAction\":[{\"@type\":\"SearchAction\",\"target\":{\"@type\":\"EntryPoint\",\"urlTemplate\":\"https:\\\/\\\/kidsplay.lt\\\/?s={search_term_string}\"},\"query-input\":{\"@type\":\"PropertyValueSpecification\",\"valueRequired\":true,\"valueName\":\"search_term_string\"}}],\"inLanguage\":\"lv-LV\"},{\"@type\":\"Organization\",\"@id\":\"https:\\\/\\\/kidsplay.lt\\\/#organization\",\"name\":\"KidsPlay\",\"url\":\"https:\\\/\\\/kidsplay.lt\\\/\",\"logo\":{\"@type\":\"ImageObject\",\"inLanguage\":\"lv-LV\",\"@id\":\"https:\\\/\\\/kidsplay.lt\\\/#\\\/schema\\\/logo\\\/image\\\/\",\"url\":\"https:\\\/\\\/kidsplay.lt\\\/wp-content\\\/uploads\\\/2023\\\/07\\\/kidsplay-logo.png\",\"contentUrl\":\"https:\\\/\\\/kidsplay.lt\\\/wp-content\\\/uploads\\\/2023\\\/07\\\/kidsplay-logo.png\",\"width\":451,\"height\":98,\"caption\":\"KidsPlay\"},\"image\":{\"@id\":\"https:\\\/\\\/kidsplay.lt\\\/#\\\/schema\\\/logo\\\/image\\\/\"},\"sameAs\":[\"https:\\\/\\\/www.facebook.com\\\/www.kidsplay.lt\"]}]}<\/script>\n<!-- \/ Yoast SEO plugin. -->","yoast_head_json":{"title":"WOOPIE GREEN koka d\u0101rza virtuve ar nojumi, izlietni un kr\u0101nu","description":"WOOPIE GREEN medin\u0117 sodo virtuv\u0117 su stogeliu, kriaukle ir \u010diaupu - KidsPlay. Did\u017eiausias vaik\u0173 \u017eaisl\u0173 pasirinkimas.","robots":{"index":"index","follow":"follow","max-snippet":"max-snippet:-1","max-image-preview":"max-image-preview:large","max-video-preview":"max-video-preview:-1"},"canonical":"https:\/\/kidsplay.lt\/lv\/products\/woopie-green-medine-sodo-virtuve-su-stogeliu-kriaukle-ir-ciaupu\/","og_locale":"lv_LV","og_type":"article","og_title":"WOOPIE GREEN medin\u0117 sodo virtuv\u0117 su stogeliu, kriaukle ir \u010diaupu","og_description":"WOOPIE GREEN medin\u0117 sodo virtuv\u0117 su stogeliu, kriaukle ir \u010diaupu - KidsPlay. Did\u017eiausias vaik\u0173 \u017eaisl\u0173 pasirinkimas.","og_url":"https:\/\/kidsplay.lt\/lv\/products\/woopie-green-medine-sodo-virtuve-su-stogeliu-kriaukle-ir-ciaupu\/","og_site_name":"KidsPlay","article_publisher":"https:\/\/www.facebook.com\/www.kidsplay.lt","article_modified_time":"2026-04-20T15:29:58+00:00","og_image":[{"width":1000,"height":1000,"url":"https:\/\/kidsplay.lt\/wp-content\/uploads\/2026\/04\/WOOPIE-GREEN-medine-sodo-virtuve-su-stogeliu-kriaukle-ir-ciaupu.jpg","type":"image\/jpeg"}],"twitter_card":"summary_large_image","twitter_misc":{"Est. reading time":"1 min\u016bte"},"schema":{"@context":"https:\/\/schema.org","@graph":[{"@type":"WebPage","@id":"https:\/\/kidsplay.lt\/produktas\/woopie-green-medine-sodo-virtuve-su-stogeliu-kriaukle-ir-ciaupu\/","url":"https:\/\/kidsplay.lt\/produktas\/woopie-green-medine-sodo-virtuve-su-stogeliu-kriaukle-ir-ciaupu\/","name":"WOOPIE GREEN koka d\u0101rza virtuve ar nojumi, izlietni un kr\u0101nu","isPartOf":{"@id":"https:\/\/kidsplay.lt\/#website"},"primaryImageOfPage":{"@id":"https:\/\/kidsplay.lt\/produktas\/woopie-green-medine-sodo-virtuve-su-stogeliu-kriaukle-ir-ciaupu\/#primaryimage"},"image":{"@id":"https:\/\/kidsplay.lt\/produktas\/woopie-green-medine-sodo-virtuve-su-stogeliu-kriaukle-ir-ciaupu\/#primaryimage"},"thumbnailUrl":"https:\/\/kidsplay.lt\/wp-content\/uploads\/2026\/04\/WOOPIE-GREEN-medine-sodo-virtuve-su-stogeliu-kriaukle-ir-ciaupu.jpg","datePublished":"2026-04-20T04:01:18+00:00","dateModified":"2026-04-20T15:29:58+00:00","description":"WOOPIE GREEN medin\u0117 sodo virtuv\u0117 su stogeliu, kriaukle ir \u010diaupu - KidsPlay. Did\u017eiausias vaik\u0173 \u017eaisl\u0173 pasirinkimas.","breadcrumb":{"@id":"https:\/\/kidsplay.lt\/produktas\/woopie-green-medine-sodo-virtuve-su-stogeliu-kriaukle-ir-ciaupu\/#breadcrumb"},"inLanguage":"lv-LV","potentialAction":[{"@type":"ReadAction","target":["https:\/\/kidsplay.lt\/produktas\/woopie-green-medine-sodo-virtuve-su-stogeliu-kriaukle-ir-ciaupu\/"]}]},{"@type":"ImageObject","inLanguage":"lv-LV","@id":"https:\/\/kidsplay.lt\/produktas\/woopie-green-medine-sodo-virtuve-su-stogeliu-kriaukle-ir-ciaupu\/#primaryimage","url":"https:\/\/kidsplay.lt\/wp-content\/uploads\/2026\/04\/WOOPIE-GREEN-medine-sodo-virtuve-su-stogeliu-kriaukle-ir-ciaupu.jpg","contentUrl":"https:\/\/kidsplay.lt\/wp-content\/uploads\/2026\/04\/WOOPIE-GREEN-medine-sodo-virtuve-su-stogeliu-kriaukle-ir-ciaupu.jpg","width":1000,"height":1000,"caption":"WOOPIE GREEN medin\u0117 sodo virtuv\u0117 su stogeliu"},{"@type":"BreadcrumbList","@id":"https:\/\/kidsplay.lt\/produktas\/woopie-green-medine-sodo-virtuve-su-stogeliu-kriaukle-ir-ciaupu\/#breadcrumb","itemListElement":[{"@type":"ListItem","position":1,"name":"Pagrindinis","item":"https:\/\/kidsplay.lt\/"},{"@type":"ListItem","position":2,"name":"Parduotuv\u0117","item":"https:\/\/kidsplay.lt\/parduotuve\/"},{"@type":"ListItem","position":3,"name":"WOOPIE GREEN medin\u0117 sodo virtuv\u0117 su stogeliu, kriaukle ir \u010diaupu"}]},{"@type":"WebSite","@id":"https:\/\/kidsplay.lt\/#website","url":"https:\/\/kidsplay.lt\/","name":"B\u0113rnu sp\u0113les.lv","description":"\u012evairios prek\u0117s vaikams","publisher":{"@id":"https:\/\/kidsplay.lt\/#organization"},"alternateName":"Kidsplay","potentialAction":[{"@type":"SearchAction","target":{"@type":"EntryPoint","urlTemplate":"https:\/\/kidsplay.lt\/?s={search_term_string}"},"query-input":{"@type":"PropertyValueSpecification","valueRequired":true,"valueName":"search_term_string"}}],"inLanguage":"lv-LV"},{"@type":"Organization","@id":"https:\/\/kidsplay.lt\/#organization","name":"B\u0113rnu sp\u0113le","url":"https:\/\/kidsplay.lt\/","logo":{"@type":"ImageObject","inLanguage":"lv-LV","@id":"https:\/\/kidsplay.lt\/#\/schema\/logo\/image\/","url":"https:\/\/kidsplay.lt\/wp-content\/uploads\/2023\/07\/kidsplay-logo.png","contentUrl":"https:\/\/kidsplay.lt\/wp-content\/uploads\/2023\/07\/kidsplay-logo.png","width":451,"height":98,"caption":"KidsPlay"},"image":{"@id":"https:\/\/kidsplay.lt\/#\/schema\/logo\/image\/"},"sameAs":["https:\/\/www.facebook.com\/www.kidsplay.lt"]}]}},"_links":{"self":[{"href":"https:\/\/kidsplay.lt\/lv\/wp-json\/wp\/v2\/product\/106229","targetHints":{"allow":["GET"]}}],"collection":[{"href":"https:\/\/kidsplay.lt\/lv\/wp-json\/wp\/v2\/product"}],"about":[{"href":"https:\/\/kidsplay.lt\/lv\/wp-json\/wp\/v2\/types\/product"}],"version-history":[{"count":1,"href":"https:\/\/kidsplay.lt\/lv\/wp-json\/wp\/v2\/product\/106229\/revisions"}],"predecessor-version":[{"id":106230,"href":"https:\/\/kidsplay.lt\/lv\/wp-json\/wp\/v2\/product\/106229\/revisions\/106230"}],"wp:featuredmedia":[{"embeddable":true,"href":"https:\/\/kidsplay.lt\/lv\/wp-json\/wp\/v2\/media\/106231"}],"wp:attachment":[{"href":"https:\/\/kidsplay.lt\/lv\/wp-json\/wp\/v2\/media?parent=106229"}],"wp:term":[{"taxonomy":"product_brand","embeddable":true,"href":"https:\/\/kidsplay.lt\/lv\/wp-json\/wp\/v2\/product_brand?post=106229"},{"taxonomy":"product_cat","embeddable":true,"href":"https:\/\/kidsplay.lt\/lv\/wp-json\/wp\/v2\/product_cat?post=106229"},{"taxonomy":"product_tag","embeddable":true,"href":"https:\/\/kidsplay.lt\/lv\/wp-json\/wp\/v2\/product_tag?post=106229"}],"curies":[{"name":"wp","href":"https:\/\/api.w.org\/{rel}","templated":true}]}}