{"id":106243,"date":"2026-04-20T07:01:55","date_gmt":"2026-04-20T04:01:55","guid":{"rendered":"https:\/\/kidsplay.lt\/produktas\/viga-medine-montessori-edukacine-delione-pjaustomi-vaisiai\/"},"modified":"2026-04-24T08:14:33","modified_gmt":"2026-04-24T05:14:33","slug":"viga-medine-montessori-edukacine-delione-pjaustomi-vaisiai","status":"publish","type":"product","link":"https:\/\/kidsplay.lt\/lv\/products\/viga-medine-montessori-edukacine-delione-pjaustomi-vaisiai\/","title":{"rendered":"VIGA medin\u0117 Montessori edukacin\u0117 d\u0117lion\u0117 \u201ePjaustomi vaisiai\u201c"},"content":{"rendered":"<p>\u0160i unikali medin\u0117 vaisi\u0173 d\u0117lion\u0117 \u2013 puikus \u017eaislas vaizduot\u0119 lavinan\u010diam gaminimui ir suaugusi\u0173j\u0173 vaidmen\u0173 \u017eaidimui. Vaisiai sujungti \u201eVelcro\u201c jungtimis, tod\u0117l juos galima realisti\u0161kai \u201epjaustyti\u201c su prid\u0117tu mediniu peiliu, suteikiant daug smagaus \u017eaidimo. D\u0117lion\u0117 puikiai papildo virtuv\u0117s rinkinius ir lavina smulki\u0105j\u0105 motorik\u0105 bei rank\u0173 ir aki\u0173 koordinacij\u0105. Tai puikus \u017eaislas, kuris \u012ftraukia vaikus ir skatina mokym\u0105si per veikl\u0105.<br \/>\nFunkcijas:<\/p>\n<p> \t\u017eaislas skirtas vaikams nuo 18 m\u0117nesi\u0173 am\u017eiaus<br \/>\n \trinkin\u012f sudaro 4 vaisiai, peilis ir pjaustymo lentel\u0117<br \/>\n \telementai sujungti \u201eVelcro\u201c, tod\u0117l juos lengva pjaustyti<br \/>\n \tpagaminta i\u0161 med\u017eio, saugu vaikams<br \/>\n \tpuikiai tinka vaidmen\u0173 \u017eaidimams<br \/>\n \tskatina t\u0117v\u0173 ir vaik\u0173 bendravim\u0105 \u017eaid\u017eiant kartu<\/p>\n<p>Komplekt\u0101 ietilpst:<\/p>\n<p> \tmedin\u0117 pjaustymo lentel\u0117<br \/>\n \tmedinis peilis<br \/>\n \t4 pjaustomi vaisiai: bra\u0161k\u0117, kriau\u0161\u0117, apelsinas, bananas<\/p>","protected":false},"excerpt":{"rendered":"<p>\u0160i unikali medin\u0117 vaisi\u0173 d\u0117lion\u0117 \u2013 puikus \u017eaislas vaizduot\u0119 lavinan\u010diam gaminimui ir suaugusi\u0173j\u0173 vaidmen\u0173 \u017eaidimui. Vaisiai sujungti \u201eVelcro\u201c jungtimis, tod\u0117l<\/p>","protected":false},"featured_media":106245,"template":"","meta":{"_acf_changed":false,"_glsr_average":0,"_glsr_ranking":0,"_glsr_reviews":0},"product_brand":[],"product_cat":[399,229],"product_tag":[],"class_list":{"0":"post-106243","1":"product","2":"type-product","3":"status-publish","4":"has-post-thumbnail","6":"product_cat-vaidmenu-zaidimai-2","7":"product_cat-zaislai-vaikams","8":"\"style=\"background-color: #2ecc711c;\"","10":"first","11":"instock","12":"purchasable","13":"product-type-simple"},"acf":[],"yoast_head":"<!-- This site is optimized with the Yoast SEO plugin v27.4 - https:\/\/yoast.com\/product\/yoast-seo-wordpress\/ -->\n<title>VIGA medin\u0117 Montessori edukacin\u0117 d\u0117lion\u0117 \u201ePjaustomi vaisiai\u201c<\/title>\n<meta name=\"description\" content=\"VIGA medin\u0117 Montessori edukacin\u0117 d\u0117lion\u0117 \u201ePjaustomi vaisiai\u201c - KidsPlay. Did\u017eiausias vaik\u0173 \u017eaisl\u0173 pasirinkimas.\" \/>\n<meta name=\"robots\" content=\"index, follow, max-snippet:-1, max-image-preview:large, max-video-preview:-1\" \/>\n<link rel=\"canonical\" href=\"https:\/\/kidsplay.lt\/lv\/products\/viga-medine-montessori-edukacine-delione-pjaustomi-vaisiai\/\" \/>\n<meta property=\"og:locale\" content=\"lv_LV\" \/>\n<meta property=\"og:type\" content=\"article\" \/>\n<meta property=\"og:title\" content=\"VIGA medin\u0117 Montessori edukacin\u0117 d\u0117lion\u0117 \u201ePjaustomi vaisiai\u201c\" \/>\n<meta property=\"og:description\" content=\"VIGA medin\u0117 Montessori edukacin\u0117 d\u0117lion\u0117 \u201ePjaustomi vaisiai\u201c - KidsPlay. Did\u017eiausias vaik\u0173 \u017eaisl\u0173 pasirinkimas.\" \/>\n<meta property=\"og:url\" content=\"https:\/\/kidsplay.lt\/lv\/products\/viga-medine-montessori-edukacine-delione-pjaustomi-vaisiai\/\" \/>\n<meta property=\"og:site_name\" content=\"KidsPlay\" \/>\n<meta property=\"article:publisher\" content=\"https:\/\/www.facebook.com\/www.kidsplay.lt\" \/>\n<meta property=\"article:modified_time\" content=\"2026-04-24T05:14:33+00:00\" \/>\n<meta property=\"og:image\" content=\"https:\/\/kidsplay.lt\/wp-content\/uploads\/2026\/04\/VIGA-medine-Montessori-edukacine-delione-\u201ePjaustomi-vaisiai.jpg\" \/>\n\t<meta property=\"og:image:width\" content=\"1000\" \/>\n\t<meta property=\"og:image:height\" content=\"1000\" \/>\n\t<meta property=\"og:image:type\" content=\"image\/jpeg\" \/>\n<meta name=\"twitter:card\" content=\"summary_large_image\" \/>\n<meta name=\"twitter:label1\" content=\"Est. reading time\" \/>\n\t<meta name=\"twitter:data1\" content=\"1 min\u016bte\" \/>\n<script type=\"application\/ld+json\" class=\"yoast-schema-graph\">{\"@context\":\"https:\\\/\\\/schema.org\",\"@graph\":[{\"@type\":\"WebPage\",\"@id\":\"https:\\\/\\\/kidsplay.lt\\\/produktas\\\/viga-medine-montessori-edukacine-delione-pjaustomi-vaisiai\\\/\",\"url\":\"https:\\\/\\\/kidsplay.lt\\\/produktas\\\/viga-medine-montessori-edukacine-delione-pjaustomi-vaisiai\\\/\",\"name\":\"VIGA medin\u0117 Montessori edukacin\u0117 d\u0117lion\u0117 \u201ePjaustomi vaisiai\u201c\",\"isPartOf\":{\"@id\":\"https:\\\/\\\/kidsplay.lt\\\/#website\"},\"primaryImageOfPage\":{\"@id\":\"https:\\\/\\\/kidsplay.lt\\\/produktas\\\/viga-medine-montessori-edukacine-delione-pjaustomi-vaisiai\\\/#primaryimage\"},\"image\":{\"@id\":\"https:\\\/\\\/kidsplay.lt\\\/produktas\\\/viga-medine-montessori-edukacine-delione-pjaustomi-vaisiai\\\/#primaryimage\"},\"thumbnailUrl\":\"https:\\\/\\\/kidsplay.lt\\\/wp-content\\\/uploads\\\/2026\\\/04\\\/VIGA-medine-Montessori-edukacine-delione-\u201ePjaustomi-vaisiai.jpg\",\"datePublished\":\"2026-04-20T04:01:55+00:00\",\"dateModified\":\"2026-04-24T05:14:33+00:00\",\"description\":\"VIGA medin\u0117 Montessori edukacin\u0117 d\u0117lion\u0117 \u201ePjaustomi vaisiai\u201c - KidsPlay. Did\u017eiausias vaik\u0173 \u017eaisl\u0173 pasirinkimas.\",\"breadcrumb\":{\"@id\":\"https:\\\/\\\/kidsplay.lt\\\/produktas\\\/viga-medine-montessori-edukacine-delione-pjaustomi-vaisiai\\\/#breadcrumb\"},\"inLanguage\":\"lv-LV\",\"potentialAction\":[{\"@type\":\"ReadAction\",\"target\":[\"https:\\\/\\\/kidsplay.lt\\\/produktas\\\/viga-medine-montessori-edukacine-delione-pjaustomi-vaisiai\\\/\"]}]},{\"@type\":\"ImageObject\",\"inLanguage\":\"lv-LV\",\"@id\":\"https:\\\/\\\/kidsplay.lt\\\/produktas\\\/viga-medine-montessori-edukacine-delione-pjaustomi-vaisiai\\\/#primaryimage\",\"url\":\"https:\\\/\\\/kidsplay.lt\\\/wp-content\\\/uploads\\\/2026\\\/04\\\/VIGA-medine-Montessori-edukacine-delione-\u201ePjaustomi-vaisiai.jpg\",\"contentUrl\":\"https:\\\/\\\/kidsplay.lt\\\/wp-content\\\/uploads\\\/2026\\\/04\\\/VIGA-medine-Montessori-edukacine-delione-\u201ePjaustomi-vaisiai.jpg\",\"width\":1000,\"height\":1000,\"caption\":\"VIGA medin\u0117 Montessori edukacin\u0117 d\u0117lion\u0117 \u201ePjaustomi vaisiai\u201c\"},{\"@type\":\"BreadcrumbList\",\"@id\":\"https:\\\/\\\/kidsplay.lt\\\/produktas\\\/viga-medine-montessori-edukacine-delione-pjaustomi-vaisiai\\\/#breadcrumb\",\"itemListElement\":[{\"@type\":\"ListItem\",\"position\":1,\"name\":\"Pagrindinis\",\"item\":\"https:\\\/\\\/kidsplay.lt\\\/\"},{\"@type\":\"ListItem\",\"position\":2,\"name\":\"Parduotuv\u0117\",\"item\":\"https:\\\/\\\/kidsplay.lt\\\/parduotuve\\\/\"},{\"@type\":\"ListItem\",\"position\":3,\"name\":\"VIGA medin\u0117 Montessori edukacin\u0117 d\u0117lion\u0117 \u201ePjaustomi vaisiai\u201c\"}]},{\"@type\":\"WebSite\",\"@id\":\"https:\\\/\\\/kidsplay.lt\\\/#website\",\"url\":\"https:\\\/\\\/kidsplay.lt\\\/\",\"name\":\"Kidsplay.lt\",\"description\":\"\u012evairios prek\u0117s vaikams\",\"publisher\":{\"@id\":\"https:\\\/\\\/kidsplay.lt\\\/#organization\"},\"alternateName\":\"Kidsplay\",\"potentialAction\":[{\"@type\":\"SearchAction\",\"target\":{\"@type\":\"EntryPoint\",\"urlTemplate\":\"https:\\\/\\\/kidsplay.lt\\\/?s={search_term_string}\"},\"query-input\":{\"@type\":\"PropertyValueSpecification\",\"valueRequired\":true,\"valueName\":\"search_term_string\"}}],\"inLanguage\":\"lv-LV\"},{\"@type\":\"Organization\",\"@id\":\"https:\\\/\\\/kidsplay.lt\\\/#organization\",\"name\":\"KidsPlay\",\"url\":\"https:\\\/\\\/kidsplay.lt\\\/\",\"logo\":{\"@type\":\"ImageObject\",\"inLanguage\":\"lv-LV\",\"@id\":\"https:\\\/\\\/kidsplay.lt\\\/#\\\/schema\\\/logo\\\/image\\\/\",\"url\":\"https:\\\/\\\/kidsplay.lt\\\/wp-content\\\/uploads\\\/2023\\\/07\\\/kidsplay-logo.png\",\"contentUrl\":\"https:\\\/\\\/kidsplay.lt\\\/wp-content\\\/uploads\\\/2023\\\/07\\\/kidsplay-logo.png\",\"width\":451,\"height\":98,\"caption\":\"KidsPlay\"},\"image\":{\"@id\":\"https:\\\/\\\/kidsplay.lt\\\/#\\\/schema\\\/logo\\\/image\\\/\"},\"sameAs\":[\"https:\\\/\\\/www.facebook.com\\\/www.kidsplay.lt\"]}]}<\/script>\n<!-- \/ Yoast SEO plugin. -->","yoast_head_json":{"title":"VIGA medin\u0117 Montessori edukacin\u0117 d\u0117lion\u0117 \u201ePjaustomi vaisiai\u201c","description":"VIGA medin\u0117 Montessori edukacin\u0117 d\u0117lion\u0117 \u201ePjaustomi vaisiai\u201c - KidsPlay. Did\u017eiausias vaik\u0173 \u017eaisl\u0173 pasirinkimas.","robots":{"index":"index","follow":"follow","max-snippet":"max-snippet:-1","max-image-preview":"max-image-preview:large","max-video-preview":"max-video-preview:-1"},"canonical":"https:\/\/kidsplay.lt\/lv\/products\/viga-medine-montessori-edukacine-delione-pjaustomi-vaisiai\/","og_locale":"lv_LV","og_type":"article","og_title":"VIGA medin\u0117 Montessori edukacin\u0117 d\u0117lion\u0117 \u201ePjaustomi vaisiai\u201c","og_description":"VIGA medin\u0117 Montessori edukacin\u0117 d\u0117lion\u0117 \u201ePjaustomi vaisiai\u201c - KidsPlay. Did\u017eiausias vaik\u0173 \u017eaisl\u0173 pasirinkimas.","og_url":"https:\/\/kidsplay.lt\/lv\/products\/viga-medine-montessori-edukacine-delione-pjaustomi-vaisiai\/","og_site_name":"KidsPlay","article_publisher":"https:\/\/www.facebook.com\/www.kidsplay.lt","article_modified_time":"2026-04-24T05:14:33+00:00","og_image":[{"width":1000,"height":1000,"url":"https:\/\/kidsplay.lt\/wp-content\/uploads\/2026\/04\/VIGA-medine-Montessori-edukacine-delione-\u201ePjaustomi-vaisiai.jpg","type":"image\/jpeg"}],"twitter_card":"summary_large_image","twitter_misc":{"Est. reading time":"1 min\u016bte"},"schema":{"@context":"https:\/\/schema.org","@graph":[{"@type":"WebPage","@id":"https:\/\/kidsplay.lt\/produktas\/viga-medine-montessori-edukacine-delione-pjaustomi-vaisiai\/","url":"https:\/\/kidsplay.lt\/produktas\/viga-medine-montessori-edukacine-delione-pjaustomi-vaisiai\/","name":"VIGA medin\u0117 Montessori edukacin\u0117 d\u0117lion\u0117 \u201ePjaustomi vaisiai\u201c","isPartOf":{"@id":"https:\/\/kidsplay.lt\/#website"},"primaryImageOfPage":{"@id":"https:\/\/kidsplay.lt\/produktas\/viga-medine-montessori-edukacine-delione-pjaustomi-vaisiai\/#primaryimage"},"image":{"@id":"https:\/\/kidsplay.lt\/produktas\/viga-medine-montessori-edukacine-delione-pjaustomi-vaisiai\/#primaryimage"},"thumbnailUrl":"https:\/\/kidsplay.lt\/wp-content\/uploads\/2026\/04\/VIGA-medine-Montessori-edukacine-delione-\u201ePjaustomi-vaisiai.jpg","datePublished":"2026-04-20T04:01:55+00:00","dateModified":"2026-04-24T05:14:33+00:00","description":"VIGA medin\u0117 Montessori edukacin\u0117 d\u0117lion\u0117 \u201ePjaustomi vaisiai\u201c - KidsPlay. Did\u017eiausias vaik\u0173 \u017eaisl\u0173 pasirinkimas.","breadcrumb":{"@id":"https:\/\/kidsplay.lt\/produktas\/viga-medine-montessori-edukacine-delione-pjaustomi-vaisiai\/#breadcrumb"},"inLanguage":"lv-LV","potentialAction":[{"@type":"ReadAction","target":["https:\/\/kidsplay.lt\/produktas\/viga-medine-montessori-edukacine-delione-pjaustomi-vaisiai\/"]}]},{"@type":"ImageObject","inLanguage":"lv-LV","@id":"https:\/\/kidsplay.lt\/produktas\/viga-medine-montessori-edukacine-delione-pjaustomi-vaisiai\/#primaryimage","url":"https:\/\/kidsplay.lt\/wp-content\/uploads\/2026\/04\/VIGA-medine-Montessori-edukacine-delione-\u201ePjaustomi-vaisiai.jpg","contentUrl":"https:\/\/kidsplay.lt\/wp-content\/uploads\/2026\/04\/VIGA-medine-Montessori-edukacine-delione-\u201ePjaustomi-vaisiai.jpg","width":1000,"height":1000,"caption":"VIGA medin\u0117 Montessori edukacin\u0117 d\u0117lion\u0117 \u201ePjaustomi vaisiai\u201c"},{"@type":"BreadcrumbList","@id":"https:\/\/kidsplay.lt\/produktas\/viga-medine-montessori-edukacine-delione-pjaustomi-vaisiai\/#breadcrumb","itemListElement":[{"@type":"ListItem","position":1,"name":"Pagrindinis","item":"https:\/\/kidsplay.lt\/"},{"@type":"ListItem","position":2,"name":"Parduotuv\u0117","item":"https:\/\/kidsplay.lt\/parduotuve\/"},{"@type":"ListItem","position":3,"name":"VIGA medin\u0117 Montessori edukacin\u0117 d\u0117lion\u0117 \u201ePjaustomi vaisiai\u201c"}]},{"@type":"WebSite","@id":"https:\/\/kidsplay.lt\/#website","url":"https:\/\/kidsplay.lt\/","name":"B\u0113rnu sp\u0113les.lv","description":"\u012evairios prek\u0117s vaikams","publisher":{"@id":"https:\/\/kidsplay.lt\/#organization"},"alternateName":"Kidsplay","potentialAction":[{"@type":"SearchAction","target":{"@type":"EntryPoint","urlTemplate":"https:\/\/kidsplay.lt\/?s={search_term_string}"},"query-input":{"@type":"PropertyValueSpecification","valueRequired":true,"valueName":"search_term_string"}}],"inLanguage":"lv-LV"},{"@type":"Organization","@id":"https:\/\/kidsplay.lt\/#organization","name":"B\u0113rnu sp\u0113le","url":"https:\/\/kidsplay.lt\/","logo":{"@type":"ImageObject","inLanguage":"lv-LV","@id":"https:\/\/kidsplay.lt\/#\/schema\/logo\/image\/","url":"https:\/\/kidsplay.lt\/wp-content\/uploads\/2023\/07\/kidsplay-logo.png","contentUrl":"https:\/\/kidsplay.lt\/wp-content\/uploads\/2023\/07\/kidsplay-logo.png","width":451,"height":98,"caption":"KidsPlay"},"image":{"@id":"https:\/\/kidsplay.lt\/#\/schema\/logo\/image\/"},"sameAs":["https:\/\/www.facebook.com\/www.kidsplay.lt"]}]}},"_links":{"self":[{"href":"https:\/\/kidsplay.lt\/lv\/wp-json\/wp\/v2\/product\/106243","targetHints":{"allow":["GET"]}}],"collection":[{"href":"https:\/\/kidsplay.lt\/lv\/wp-json\/wp\/v2\/product"}],"about":[{"href":"https:\/\/kidsplay.lt\/lv\/wp-json\/wp\/v2\/types\/product"}],"version-history":[{"count":1,"href":"https:\/\/kidsplay.lt\/lv\/wp-json\/wp\/v2\/product\/106243\/revisions"}],"predecessor-version":[{"id":106244,"href":"https:\/\/kidsplay.lt\/lv\/wp-json\/wp\/v2\/product\/106243\/revisions\/106244"}],"wp:featuredmedia":[{"embeddable":true,"href":"https:\/\/kidsplay.lt\/lv\/wp-json\/wp\/v2\/media\/106245"}],"wp:attachment":[{"href":"https:\/\/kidsplay.lt\/lv\/wp-json\/wp\/v2\/media?parent=106243"}],"wp:term":[{"taxonomy":"product_brand","embeddable":true,"href":"https:\/\/kidsplay.lt\/lv\/wp-json\/wp\/v2\/product_brand?post=106243"},{"taxonomy":"product_cat","embeddable":true,"href":"https:\/\/kidsplay.lt\/lv\/wp-json\/wp\/v2\/product_cat?post=106243"},{"taxonomy":"product_tag","embeddable":true,"href":"https:\/\/kidsplay.lt\/lv\/wp-json\/wp\/v2\/product_tag?post=106243"}],"curies":[{"name":"wp","href":"https:\/\/api.w.org\/{rel}","templated":true}]}}