{"id":106250,"date":"2026-04-20T07:02:14","date_gmt":"2026-04-20T04:02:14","guid":{"rendered":"https:\/\/kidsplay.lt\/produktas\/tooky-toy-medine-virtuve-su-priedais-mazojo-sefo-rinkinys\/"},"modified":"2026-04-20T07:02:50","modified_gmt":"2026-04-20T04:02:50","slug":"tooky-toy-medine-virtuve-su-priedais-mazojo-sefo-rinkinys","status":"publish","type":"product","link":"https:\/\/kidsplay.lt\/lv\/products\/tooky-toy-medine-virtuve-su-priedais-mazojo-sefo-rinkinys\/","title":{"rendered":"TOOKY TOY medin\u0117 virtuv\u0117 su priedais \u2013 ma\u017eojo \u0161efo rinkinys"},"content":{"rendered":"<p>\u0160i fantasti\u0161ka virtuv\u0117 yra pilnas kulinarinis rinkinys, kuris sujungia maisto gaminimo mokym\u0105si su vaiko smulkiosios motorikos lavinimu. Rinkinyje yra realisti\u0161ka kaitlent\u0117 su judan\u010diomis ranken\u0117l\u0117mis, kriaukl\u0117 su \u010diaupu bei form\u0173 r\u016b\u0161iuoklis, mokantis derinti elementus, tokius kaip morka, bakla\u017eanas ir \u017euvis. Tvirta medin\u0117 konstrukcija u\u017etikrina saugum\u0105 ir ilgaam\u017ei\u0161kum\u0105, o pastelin\u0117s spalvos puikiai dera prie modernaus vaik\u0173 kambario interjero.<br \/>\nFunkcijas:<\/p>\n<p> \t\u017eaislas skirtas vaikams nuo 3 met\u0173 am\u017eiaus<br \/>\n \t\u017eaislas sujungia klasikin\u012f form\u0173 r\u016b\u0161iuokl\u012f ir mini virtuv\u0119<br \/>\n \tkomplekte yra realisti\u0161ka dviej\u0173 degikli\u0173 kaitlent\u0117s imitacija<br \/>\n \tatskira kriaukl\u0117s zona (vandens grafika) su \u010diaupu<br \/>\n \tvir\u0161utin\u0117je dalyje \u2013 6 skirting\u0173 maisto produkt\u0173 form\u0173 angos: krabas, bakla\u017eanas, pomidoras, \u017euvis, svog\u016bnas ir morka<br \/>\n \tmaisto elementai sudaryti i\u0161 dviej\u0173 dali\u0173, sujungt\u0173 \u201eVelcro\u201c, leid\u017eian\u010di\u0173 \u201epjaustyti\u201c su mediniu peiliu ant pateiktos lentel\u0117s<br \/>\n \trinkinyje yra visi reikalingi priedai<br \/>\n \tpagaminta i\u0161 nat\u016bralaus med\u017eio, maloni\u0173 pastelini\u0173 spalv\u0173, kruop\u0161\u010diai nu\u0161lifuotais kra\u0161tais<br \/>\n \tlavina rank\u0173 ir aki\u0173 koordinacij\u0105, spalv\u0173 bei form\u0173 atpa\u017einim\u0105, vaizduot\u0119 per vaidmen\u0173 \u017eaidim\u0105<\/p>\n<p>Komplekt\u0101 ietilpst:<\/p>\n<p> \t1 pjaustymo lentel\u0117<br \/>\n \t1 keptuv\u0117<br \/>\n \t1 mentel\u0117<br \/>\n \t1 virtuvinis peilis<br \/>\n \t1 krabas (perpjaunamas per pus\u0119)<br \/>\n \t1 \u017euvis<br \/>\n \t1 morka (pjaustymui)<br \/>\n \t1 svog\u016bnas (pjaustymui)<br \/>\n \t1 bakla\u017eanas (pjaustymui)<br \/>\n \t1 pomidoras (pjaustymui)<br \/>\n \t1 druskin\u0117<br \/>\n \t1 pipirin\u0117<br \/>\n \t1 virykl\u0117 \/ pagrindas su degikliais, kriaukle ir vieta priedams<\/p>","protected":false},"excerpt":{"rendered":"<p>\u0160i fantasti\u0161ka virtuv\u0117 yra pilnas kulinarinis rinkinys, kuris sujungia maisto gaminimo mokym\u0105si su vaiko smulkiosios motorikos lavinimu. Rinkinyje yra realisti\u0161ka<\/p>","protected":false},"featured_media":106252,"template":"","meta":{"_acf_changed":false,"_glsr_average":0,"_glsr_ranking":0,"_glsr_reviews":0},"product_brand":[],"product_cat":[399,229],"product_tag":[],"class_list":{"0":"post-106250","1":"product","2":"type-product","3":"status-publish","4":"has-post-thumbnail","6":"product_cat-vaidmenu-zaidimai-2","7":"product_cat-zaislai-vaikams","8":"\"style=\"background-color: #2ecc711c;\"","10":"first","11":"instock","12":"purchasable","13":"product-type-simple"},"acf":[],"yoast_head":"<!-- This site is optimized with the Yoast SEO plugin v27.4 - https:\/\/yoast.com\/product\/yoast-seo-wordpress\/ -->\n<title>TOOKY TOY medin\u0117 virtuv\u0117 su priedais \u2013 ma\u017eojo \u0161efo rinkinys<\/title>\n<meta name=\"description\" content=\"TOOKY TOY medin\u0117 virtuv\u0117 su priedais \u2013 ma\u017eojo \u0161efo rinkinys - KidsPlay. Did\u017eiausias vaik\u0173 \u017eaisl\u0173 pasirinkimas.\" \/>\n<meta name=\"robots\" content=\"index, follow, max-snippet:-1, max-image-preview:large, max-video-preview:-1\" \/>\n<link rel=\"canonical\" href=\"https:\/\/kidsplay.lt\/lv\/products\/tooky-toy-medine-virtuve-su-priedais-mazojo-sefo-rinkinys\/\" \/>\n<meta property=\"og:locale\" content=\"lv_LV\" \/>\n<meta property=\"og:type\" content=\"article\" \/>\n<meta property=\"og:title\" content=\"TOOKY TOY medin\u0117 virtuv\u0117 su priedais \u2013 ma\u017eojo \u0161efo rinkinys\" \/>\n<meta property=\"og:description\" content=\"TOOKY TOY medin\u0117 virtuv\u0117 su priedais \u2013 ma\u017eojo \u0161efo rinkinys - KidsPlay. Did\u017eiausias vaik\u0173 \u017eaisl\u0173 pasirinkimas.\" \/>\n<meta property=\"og:url\" content=\"https:\/\/kidsplay.lt\/lv\/products\/tooky-toy-medine-virtuve-su-priedais-mazojo-sefo-rinkinys\/\" \/>\n<meta property=\"og:site_name\" content=\"KidsPlay\" \/>\n<meta property=\"article:publisher\" content=\"https:\/\/www.facebook.com\/www.kidsplay.lt\" \/>\n<meta property=\"article:modified_time\" content=\"2026-04-20T04:02:50+00:00\" \/>\n<meta property=\"og:image\" content=\"https:\/\/kidsplay.lt\/wp-content\/uploads\/2026\/04\/TOOKY-TOY-medine-virtuve-su-priedais-\u2013-mazojo-sefo-rinkinys.jpg\" \/>\n\t<meta property=\"og:image:width\" content=\"1000\" \/>\n\t<meta property=\"og:image:height\" content=\"1000\" \/>\n\t<meta property=\"og:image:type\" content=\"image\/jpeg\" \/>\n<meta name=\"twitter:card\" content=\"summary_large_image\" \/>\n<meta name=\"twitter:label1\" content=\"Est. reading time\" \/>\n\t<meta name=\"twitter:data1\" content=\"1 min\u016bte\" \/>\n<script type=\"application\/ld+json\" class=\"yoast-schema-graph\">{\"@context\":\"https:\\\/\\\/schema.org\",\"@graph\":[{\"@type\":\"WebPage\",\"@id\":\"https:\\\/\\\/kidsplay.lt\\\/produktas\\\/tooky-toy-medine-virtuve-su-priedais-mazojo-sefo-rinkinys\\\/\",\"url\":\"https:\\\/\\\/kidsplay.lt\\\/produktas\\\/tooky-toy-medine-virtuve-su-priedais-mazojo-sefo-rinkinys\\\/\",\"name\":\"TOOKY TOY medin\u0117 virtuv\u0117 su priedais \u2013 ma\u017eojo \u0161efo rinkinys\",\"isPartOf\":{\"@id\":\"https:\\\/\\\/kidsplay.lt\\\/#website\"},\"primaryImageOfPage\":{\"@id\":\"https:\\\/\\\/kidsplay.lt\\\/produktas\\\/tooky-toy-medine-virtuve-su-priedais-mazojo-sefo-rinkinys\\\/#primaryimage\"},\"image\":{\"@id\":\"https:\\\/\\\/kidsplay.lt\\\/produktas\\\/tooky-toy-medine-virtuve-su-priedais-mazojo-sefo-rinkinys\\\/#primaryimage\"},\"thumbnailUrl\":\"https:\\\/\\\/kidsplay.lt\\\/wp-content\\\/uploads\\\/2026\\\/04\\\/TOOKY-TOY-medine-virtuve-su-priedais-\u2013-mazojo-sefo-rinkinys.jpg\",\"datePublished\":\"2026-04-20T04:02:14+00:00\",\"dateModified\":\"2026-04-20T04:02:50+00:00\",\"description\":\"TOOKY TOY medin\u0117 virtuv\u0117 su priedais \u2013 ma\u017eojo \u0161efo rinkinys - KidsPlay. Did\u017eiausias vaik\u0173 \u017eaisl\u0173 pasirinkimas.\",\"breadcrumb\":{\"@id\":\"https:\\\/\\\/kidsplay.lt\\\/produktas\\\/tooky-toy-medine-virtuve-su-priedais-mazojo-sefo-rinkinys\\\/#breadcrumb\"},\"inLanguage\":\"lv-LV\",\"potentialAction\":[{\"@type\":\"ReadAction\",\"target\":[\"https:\\\/\\\/kidsplay.lt\\\/produktas\\\/tooky-toy-medine-virtuve-su-priedais-mazojo-sefo-rinkinys\\\/\"]}]},{\"@type\":\"ImageObject\",\"inLanguage\":\"lv-LV\",\"@id\":\"https:\\\/\\\/kidsplay.lt\\\/produktas\\\/tooky-toy-medine-virtuve-su-priedais-mazojo-sefo-rinkinys\\\/#primaryimage\",\"url\":\"https:\\\/\\\/kidsplay.lt\\\/wp-content\\\/uploads\\\/2026\\\/04\\\/TOOKY-TOY-medine-virtuve-su-priedais-\u2013-mazojo-sefo-rinkinys.jpg\",\"contentUrl\":\"https:\\\/\\\/kidsplay.lt\\\/wp-content\\\/uploads\\\/2026\\\/04\\\/TOOKY-TOY-medine-virtuve-su-priedais-\u2013-mazojo-sefo-rinkinys.jpg\",\"width\":1000,\"height\":1000,\"caption\":\"TOOKY TOY medin\u0117 virtuv\u0117 su priedais \u2013 ma\u017eojo \u0161efo rinkinys\"},{\"@type\":\"BreadcrumbList\",\"@id\":\"https:\\\/\\\/kidsplay.lt\\\/produktas\\\/tooky-toy-medine-virtuve-su-priedais-mazojo-sefo-rinkinys\\\/#breadcrumb\",\"itemListElement\":[{\"@type\":\"ListItem\",\"position\":1,\"name\":\"Pagrindinis\",\"item\":\"https:\\\/\\\/kidsplay.lt\\\/\"},{\"@type\":\"ListItem\",\"position\":2,\"name\":\"Parduotuv\u0117\",\"item\":\"https:\\\/\\\/kidsplay.lt\\\/parduotuve\\\/\"},{\"@type\":\"ListItem\",\"position\":3,\"name\":\"TOOKY TOY medin\u0117 virtuv\u0117 su priedais \u2013 ma\u017eojo \u0161efo rinkinys\"}]},{\"@type\":\"WebSite\",\"@id\":\"https:\\\/\\\/kidsplay.lt\\\/#website\",\"url\":\"https:\\\/\\\/kidsplay.lt\\\/\",\"name\":\"Kidsplay.lt\",\"description\":\"\u012evairios prek\u0117s vaikams\",\"publisher\":{\"@id\":\"https:\\\/\\\/kidsplay.lt\\\/#organization\"},\"alternateName\":\"Kidsplay\",\"potentialAction\":[{\"@type\":\"SearchAction\",\"target\":{\"@type\":\"EntryPoint\",\"urlTemplate\":\"https:\\\/\\\/kidsplay.lt\\\/?s={search_term_string}\"},\"query-input\":{\"@type\":\"PropertyValueSpecification\",\"valueRequired\":true,\"valueName\":\"search_term_string\"}}],\"inLanguage\":\"lv-LV\"},{\"@type\":\"Organization\",\"@id\":\"https:\\\/\\\/kidsplay.lt\\\/#organization\",\"name\":\"KidsPlay\",\"url\":\"https:\\\/\\\/kidsplay.lt\\\/\",\"logo\":{\"@type\":\"ImageObject\",\"inLanguage\":\"lv-LV\",\"@id\":\"https:\\\/\\\/kidsplay.lt\\\/#\\\/schema\\\/logo\\\/image\\\/\",\"url\":\"https:\\\/\\\/kidsplay.lt\\\/wp-content\\\/uploads\\\/2023\\\/07\\\/kidsplay-logo.png\",\"contentUrl\":\"https:\\\/\\\/kidsplay.lt\\\/wp-content\\\/uploads\\\/2023\\\/07\\\/kidsplay-logo.png\",\"width\":451,\"height\":98,\"caption\":\"KidsPlay\"},\"image\":{\"@id\":\"https:\\\/\\\/kidsplay.lt\\\/#\\\/schema\\\/logo\\\/image\\\/\"},\"sameAs\":[\"https:\\\/\\\/www.facebook.com\\\/www.kidsplay.lt\"]}]}<\/script>\n<!-- \/ Yoast SEO plugin. -->","yoast_head_json":{"title":"TOOKY TOY medin\u0117 virtuv\u0117 su priedais \u2013 ma\u017eojo \u0161efo rinkinys","description":"TOOKY TOY medin\u0117 virtuv\u0117 su priedais \u2013 ma\u017eojo \u0161efo rinkinys - KidsPlay. Did\u017eiausias vaik\u0173 \u017eaisl\u0173 pasirinkimas.","robots":{"index":"index","follow":"follow","max-snippet":"max-snippet:-1","max-image-preview":"max-image-preview:large","max-video-preview":"max-video-preview:-1"},"canonical":"https:\/\/kidsplay.lt\/lv\/products\/tooky-toy-medine-virtuve-su-priedais-mazojo-sefo-rinkinys\/","og_locale":"lv_LV","og_type":"article","og_title":"TOOKY TOY medin\u0117 virtuv\u0117 su priedais \u2013 ma\u017eojo \u0161efo rinkinys","og_description":"TOOKY TOY medin\u0117 virtuv\u0117 su priedais \u2013 ma\u017eojo \u0161efo rinkinys - KidsPlay. Did\u017eiausias vaik\u0173 \u017eaisl\u0173 pasirinkimas.","og_url":"https:\/\/kidsplay.lt\/lv\/products\/tooky-toy-medine-virtuve-su-priedais-mazojo-sefo-rinkinys\/","og_site_name":"KidsPlay","article_publisher":"https:\/\/www.facebook.com\/www.kidsplay.lt","article_modified_time":"2026-04-20T04:02:50+00:00","og_image":[{"width":1000,"height":1000,"url":"https:\/\/kidsplay.lt\/wp-content\/uploads\/2026\/04\/TOOKY-TOY-medine-virtuve-su-priedais-\u2013-mazojo-sefo-rinkinys.jpg","type":"image\/jpeg"}],"twitter_card":"summary_large_image","twitter_misc":{"Est. reading time":"1 min\u016bte"},"schema":{"@context":"https:\/\/schema.org","@graph":[{"@type":"WebPage","@id":"https:\/\/kidsplay.lt\/produktas\/tooky-toy-medine-virtuve-su-priedais-mazojo-sefo-rinkinys\/","url":"https:\/\/kidsplay.lt\/produktas\/tooky-toy-medine-virtuve-su-priedais-mazojo-sefo-rinkinys\/","name":"TOOKY TOY medin\u0117 virtuv\u0117 su priedais \u2013 ma\u017eojo \u0161efo rinkinys","isPartOf":{"@id":"https:\/\/kidsplay.lt\/#website"},"primaryImageOfPage":{"@id":"https:\/\/kidsplay.lt\/produktas\/tooky-toy-medine-virtuve-su-priedais-mazojo-sefo-rinkinys\/#primaryimage"},"image":{"@id":"https:\/\/kidsplay.lt\/produktas\/tooky-toy-medine-virtuve-su-priedais-mazojo-sefo-rinkinys\/#primaryimage"},"thumbnailUrl":"https:\/\/kidsplay.lt\/wp-content\/uploads\/2026\/04\/TOOKY-TOY-medine-virtuve-su-priedais-\u2013-mazojo-sefo-rinkinys.jpg","datePublished":"2026-04-20T04:02:14+00:00","dateModified":"2026-04-20T04:02:50+00:00","description":"TOOKY TOY medin\u0117 virtuv\u0117 su priedais \u2013 ma\u017eojo \u0161efo rinkinys - KidsPlay. Did\u017eiausias vaik\u0173 \u017eaisl\u0173 pasirinkimas.","breadcrumb":{"@id":"https:\/\/kidsplay.lt\/produktas\/tooky-toy-medine-virtuve-su-priedais-mazojo-sefo-rinkinys\/#breadcrumb"},"inLanguage":"lv-LV","potentialAction":[{"@type":"ReadAction","target":["https:\/\/kidsplay.lt\/produktas\/tooky-toy-medine-virtuve-su-priedais-mazojo-sefo-rinkinys\/"]}]},{"@type":"ImageObject","inLanguage":"lv-LV","@id":"https:\/\/kidsplay.lt\/produktas\/tooky-toy-medine-virtuve-su-priedais-mazojo-sefo-rinkinys\/#primaryimage","url":"https:\/\/kidsplay.lt\/wp-content\/uploads\/2026\/04\/TOOKY-TOY-medine-virtuve-su-priedais-\u2013-mazojo-sefo-rinkinys.jpg","contentUrl":"https:\/\/kidsplay.lt\/wp-content\/uploads\/2026\/04\/TOOKY-TOY-medine-virtuve-su-priedais-\u2013-mazojo-sefo-rinkinys.jpg","width":1000,"height":1000,"caption":"TOOKY TOY medin\u0117 virtuv\u0117 su priedais \u2013 ma\u017eojo \u0161efo rinkinys"},{"@type":"BreadcrumbList","@id":"https:\/\/kidsplay.lt\/produktas\/tooky-toy-medine-virtuve-su-priedais-mazojo-sefo-rinkinys\/#breadcrumb","itemListElement":[{"@type":"ListItem","position":1,"name":"Pagrindinis","item":"https:\/\/kidsplay.lt\/"},{"@type":"ListItem","position":2,"name":"Parduotuv\u0117","item":"https:\/\/kidsplay.lt\/parduotuve\/"},{"@type":"ListItem","position":3,"name":"TOOKY TOY medin\u0117 virtuv\u0117 su priedais \u2013 ma\u017eojo \u0161efo rinkinys"}]},{"@type":"WebSite","@id":"https:\/\/kidsplay.lt\/#website","url":"https:\/\/kidsplay.lt\/","name":"B\u0113rnu sp\u0113les.lv","description":"\u012evairios prek\u0117s vaikams","publisher":{"@id":"https:\/\/kidsplay.lt\/#organization"},"alternateName":"Kidsplay","potentialAction":[{"@type":"SearchAction","target":{"@type":"EntryPoint","urlTemplate":"https:\/\/kidsplay.lt\/?s={search_term_string}"},"query-input":{"@type":"PropertyValueSpecification","valueRequired":true,"valueName":"search_term_string"}}],"inLanguage":"lv-LV"},{"@type":"Organization","@id":"https:\/\/kidsplay.lt\/#organization","name":"B\u0113rnu sp\u0113le","url":"https:\/\/kidsplay.lt\/","logo":{"@type":"ImageObject","inLanguage":"lv-LV","@id":"https:\/\/kidsplay.lt\/#\/schema\/logo\/image\/","url":"https:\/\/kidsplay.lt\/wp-content\/uploads\/2023\/07\/kidsplay-logo.png","contentUrl":"https:\/\/kidsplay.lt\/wp-content\/uploads\/2023\/07\/kidsplay-logo.png","width":451,"height":98,"caption":"KidsPlay"},"image":{"@id":"https:\/\/kidsplay.lt\/#\/schema\/logo\/image\/"},"sameAs":["https:\/\/www.facebook.com\/www.kidsplay.lt"]}]}},"_links":{"self":[{"href":"https:\/\/kidsplay.lt\/lv\/wp-json\/wp\/v2\/product\/106250","targetHints":{"allow":["GET"]}}],"collection":[{"href":"https:\/\/kidsplay.lt\/lv\/wp-json\/wp\/v2\/product"}],"about":[{"href":"https:\/\/kidsplay.lt\/lv\/wp-json\/wp\/v2\/types\/product"}],"version-history":[{"count":1,"href":"https:\/\/kidsplay.lt\/lv\/wp-json\/wp\/v2\/product\/106250\/revisions"}],"predecessor-version":[{"id":106251,"href":"https:\/\/kidsplay.lt\/lv\/wp-json\/wp\/v2\/product\/106250\/revisions\/106251"}],"wp:featuredmedia":[{"embeddable":true,"href":"https:\/\/kidsplay.lt\/lv\/wp-json\/wp\/v2\/media\/106252"}],"wp:attachment":[{"href":"https:\/\/kidsplay.lt\/lv\/wp-json\/wp\/v2\/media?parent=106250"}],"wp:term":[{"taxonomy":"product_brand","embeddable":true,"href":"https:\/\/kidsplay.lt\/lv\/wp-json\/wp\/v2\/product_brand?post=106250"},{"taxonomy":"product_cat","embeddable":true,"href":"https:\/\/kidsplay.lt\/lv\/wp-json\/wp\/v2\/product_cat?post=106250"},{"taxonomy":"product_tag","embeddable":true,"href":"https:\/\/kidsplay.lt\/lv\/wp-json\/wp\/v2\/product_tag?post=106250"}],"curies":[{"name":"wp","href":"https:\/\/api.w.org\/{rel}","templated":true}]}}