{"id":106264,"date":"2026-04-20T07:03:15","date_gmt":"2026-04-20T04:03:15","guid":{"rendered":"https:\/\/kidsplay.lt\/produktas\/woopie-green-medinis-virtuves-mikseris-blenderis-su-priedais\/"},"modified":"2026-04-24T08:14:43","modified_gmt":"2026-04-24T05:14:43","slug":"woopie-green-medinis-virtuves-mikseris-blenderis-su-priedais","status":"publish","type":"product","link":"https:\/\/kidsplay.lt\/lv\/products\/woopie-green-medinis-virtuves-mikseris-blenderis-su-priedais\/","title":{"rendered":"WOOPIE GREEN medinis virtuv\u0117s mikseris\u2013blenderis su priedais"},"content":{"rendered":"<p>Pastelinis medinis mikseris yra puikus pasirinkimas ma\u017eiesiems maisto gaminimo entuziastams! \u0160is \u017eavingas \u017eaislas ne tik suteiks vaikams daugyb\u0119 smagi\u0173 akimirk\u0173, bet ir leis jiems \u012fsijausti \u012f tikro konditerio vaidmen\u012f. Laikas ka\u017ekam saldaus! \u017daidimas skatina vaizduot\u0119, lavina k\u016brybi\u0161kum\u0105 ir padeda imituoti suaugusi\u0173j\u0173 veiksmus. Medin\u0117s detal\u0117s yra saugios ir malonios liesti, o pastelin\u0117s spalvos suteikia \u017eavesio kiekvienai vaik\u0173 virtuvei. Tai ne tik \u017eaislas \u2013 tai mokymasis per \u017eaidim\u0105! Su prid\u0117tu receptu vaikai gali mokytis naudotis gaminimo instrukcijomis, pa\u017einti ingredientus, veiksm\u0173 sek\u0105 bei lavinti login\u012f m\u0105stym\u0105. Turtingas pried\u0173 rinkinys praturtina \u017eaidim\u0105 ir skatina vaidmen\u0173 \u017eaidimus.<br \/>\nFunkcijas:<\/p>\n<p> \t\u017eaislas skirtas vaikams nuo 3 met\u0173 am\u017eiaus<br \/>\n \trinkin\u012f sudaro 11 element\u0173<br \/>\n \tturi judan\u010dias dalis, imituojan\u010dias tikro virtuv\u0117s roboto funkcijas<br \/>\n \tmoko vaik\u0105 naudotis gaminimo receptais<br \/>\n \tpuikiai tinka vaidmen\u0173 \u017eaidimams ir \u017eaidimui \u201ema\u017easis konditeris\u201c<br \/>\n \tsuapvalintos, saugios medin\u0117s detal\u0117s<\/p>\n<p>Komplekt\u0101 ietilpst:<\/p>\n<p> \tmikseris<br \/>\n \tmai\u0161ymo dubuo<br \/>\n \tmiltai<br \/>\n \tcukrus<br \/>\n \t\u201eVelcro\u201c kiau\u0161inis<br \/>\n \tko\u010d\u0117las<br \/>\n \tkepimo skarda<br \/>\n \t2 sausainiai<br \/>\n \treceptas<\/p>","protected":false},"excerpt":{"rendered":"<p>Pastelinis medinis mikseris yra puikus pasirinkimas ma\u017eiesiems maisto gaminimo entuziastams! \u0160is \u017eavingas \u017eaislas ne tik suteiks vaikams daugyb\u0119 smagi\u0173 akimirk\u0173,<\/p>","protected":false},"featured_media":106266,"template":"","meta":{"_acf_changed":false,"_glsr_average":0,"_glsr_ranking":0,"_glsr_reviews":0},"product_brand":[],"product_cat":[399,229],"product_tag":[],"class_list":{"0":"post-106264","1":"product","2":"type-product","3":"status-publish","4":"has-post-thumbnail","6":"product_cat-vaidmenu-zaidimai-2","7":"product_cat-zaislai-vaikams","8":"\"style=\"background-color: #2ecc711c;\"","10":"first","11":"instock","12":"purchasable","13":"product-type-simple"},"acf":[],"yoast_head":"<!-- This site is optimized with the Yoast SEO plugin v27.4 - https:\/\/yoast.com\/product\/yoast-seo-wordpress\/ -->\n<title>WOOPIE GREEN medinis virtuv\u0117s mikseris\u2013blenderis su priedais<\/title>\n<meta name=\"description\" content=\"WOOPIE GREEN medinis virtuv\u0117s mikseris\u2013blenderis su priedais - KidsPlay. Did\u017eiausias vaik\u0173 \u017eaisl\u0173 pasirinkimas.\" \/>\n<meta name=\"robots\" content=\"index, follow, max-snippet:-1, max-image-preview:large, max-video-preview:-1\" \/>\n<link rel=\"canonical\" href=\"https:\/\/kidsplay.lt\/lv\/products\/woopie-green-medinis-virtuves-mikseris-blenderis-su-priedais\/\" \/>\n<meta property=\"og:locale\" content=\"lv_LV\" \/>\n<meta property=\"og:type\" content=\"article\" \/>\n<meta property=\"og:title\" content=\"WOOPIE GREEN medinis virtuv\u0117s mikseris\u2013blenderis su priedais\" \/>\n<meta property=\"og:description\" content=\"WOOPIE GREEN medinis virtuv\u0117s mikseris\u2013blenderis su priedais - KidsPlay. Did\u017eiausias vaik\u0173 \u017eaisl\u0173 pasirinkimas.\" \/>\n<meta property=\"og:url\" content=\"https:\/\/kidsplay.lt\/lv\/products\/woopie-green-medinis-virtuves-mikseris-blenderis-su-priedais\/\" \/>\n<meta property=\"og:site_name\" content=\"KidsPlay\" \/>\n<meta property=\"article:publisher\" content=\"https:\/\/www.facebook.com\/www.kidsplay.lt\" \/>\n<meta property=\"article:modified_time\" content=\"2026-04-24T05:14:43+00:00\" \/>\n<meta property=\"og:image\" content=\"https:\/\/kidsplay.lt\/wp-content\/uploads\/2026\/04\/WOOPIE-GREEN-medinis-virtuves-mikseris\u2013blenderis-su-priedais.jpg\" \/>\n\t<meta property=\"og:image:width\" content=\"1000\" \/>\n\t<meta property=\"og:image:height\" content=\"1000\" \/>\n\t<meta property=\"og:image:type\" content=\"image\/jpeg\" \/>\n<meta name=\"twitter:card\" content=\"summary_large_image\" \/>\n<meta name=\"twitter:label1\" content=\"Est. reading time\" \/>\n\t<meta name=\"twitter:data1\" content=\"1 min\u016bte\" \/>\n<script type=\"application\/ld+json\" class=\"yoast-schema-graph\">{\"@context\":\"https:\\\/\\\/schema.org\",\"@graph\":[{\"@type\":\"WebPage\",\"@id\":\"https:\\\/\\\/kidsplay.lt\\\/produktas\\\/woopie-green-medinis-virtuves-mikseris-blenderis-su-priedais\\\/\",\"url\":\"https:\\\/\\\/kidsplay.lt\\\/produktas\\\/woopie-green-medinis-virtuves-mikseris-blenderis-su-priedais\\\/\",\"name\":\"WOOPIE GREEN medinis virtuv\u0117s mikseris\u2013blenderis su priedais\",\"isPartOf\":{\"@id\":\"https:\\\/\\\/kidsplay.lt\\\/#website\"},\"primaryImageOfPage\":{\"@id\":\"https:\\\/\\\/kidsplay.lt\\\/produktas\\\/woopie-green-medinis-virtuves-mikseris-blenderis-su-priedais\\\/#primaryimage\"},\"image\":{\"@id\":\"https:\\\/\\\/kidsplay.lt\\\/produktas\\\/woopie-green-medinis-virtuves-mikseris-blenderis-su-priedais\\\/#primaryimage\"},\"thumbnailUrl\":\"https:\\\/\\\/kidsplay.lt\\\/wp-content\\\/uploads\\\/2026\\\/04\\\/WOOPIE-GREEN-medinis-virtuves-mikseris\u2013blenderis-su-priedais.jpg\",\"datePublished\":\"2026-04-20T04:03:15+00:00\",\"dateModified\":\"2026-04-24T05:14:43+00:00\",\"description\":\"WOOPIE GREEN medinis virtuv\u0117s mikseris\u2013blenderis su priedais - KidsPlay. Did\u017eiausias vaik\u0173 \u017eaisl\u0173 pasirinkimas.\",\"breadcrumb\":{\"@id\":\"https:\\\/\\\/kidsplay.lt\\\/produktas\\\/woopie-green-medinis-virtuves-mikseris-blenderis-su-priedais\\\/#breadcrumb\"},\"inLanguage\":\"lv-LV\",\"potentialAction\":[{\"@type\":\"ReadAction\",\"target\":[\"https:\\\/\\\/kidsplay.lt\\\/produktas\\\/woopie-green-medinis-virtuves-mikseris-blenderis-su-priedais\\\/\"]}]},{\"@type\":\"ImageObject\",\"inLanguage\":\"lv-LV\",\"@id\":\"https:\\\/\\\/kidsplay.lt\\\/produktas\\\/woopie-green-medinis-virtuves-mikseris-blenderis-su-priedais\\\/#primaryimage\",\"url\":\"https:\\\/\\\/kidsplay.lt\\\/wp-content\\\/uploads\\\/2026\\\/04\\\/WOOPIE-GREEN-medinis-virtuves-mikseris\u2013blenderis-su-priedais.jpg\",\"contentUrl\":\"https:\\\/\\\/kidsplay.lt\\\/wp-content\\\/uploads\\\/2026\\\/04\\\/WOOPIE-GREEN-medinis-virtuves-mikseris\u2013blenderis-su-priedais.jpg\",\"width\":1000,\"height\":1000,\"caption\":\"WOOPIE GREEN medinis virtuv\u0117s mikseris\u2013blenderis su priedais\"},{\"@type\":\"BreadcrumbList\",\"@id\":\"https:\\\/\\\/kidsplay.lt\\\/produktas\\\/woopie-green-medinis-virtuves-mikseris-blenderis-su-priedais\\\/#breadcrumb\",\"itemListElement\":[{\"@type\":\"ListItem\",\"position\":1,\"name\":\"Pagrindinis\",\"item\":\"https:\\\/\\\/kidsplay.lt\\\/\"},{\"@type\":\"ListItem\",\"position\":2,\"name\":\"Parduotuv\u0117\",\"item\":\"https:\\\/\\\/kidsplay.lt\\\/parduotuve\\\/\"},{\"@type\":\"ListItem\",\"position\":3,\"name\":\"WOOPIE GREEN medinis virtuv\u0117s mikseris\u2013blenderis su priedais\"}]},{\"@type\":\"WebSite\",\"@id\":\"https:\\\/\\\/kidsplay.lt\\\/#website\",\"url\":\"https:\\\/\\\/kidsplay.lt\\\/\",\"name\":\"Kidsplay.lt\",\"description\":\"\u012evairios prek\u0117s vaikams\",\"publisher\":{\"@id\":\"https:\\\/\\\/kidsplay.lt\\\/#organization\"},\"alternateName\":\"Kidsplay\",\"potentialAction\":[{\"@type\":\"SearchAction\",\"target\":{\"@type\":\"EntryPoint\",\"urlTemplate\":\"https:\\\/\\\/kidsplay.lt\\\/?s={search_term_string}\"},\"query-input\":{\"@type\":\"PropertyValueSpecification\",\"valueRequired\":true,\"valueName\":\"search_term_string\"}}],\"inLanguage\":\"lv-LV\"},{\"@type\":\"Organization\",\"@id\":\"https:\\\/\\\/kidsplay.lt\\\/#organization\",\"name\":\"KidsPlay\",\"url\":\"https:\\\/\\\/kidsplay.lt\\\/\",\"logo\":{\"@type\":\"ImageObject\",\"inLanguage\":\"lv-LV\",\"@id\":\"https:\\\/\\\/kidsplay.lt\\\/#\\\/schema\\\/logo\\\/image\\\/\",\"url\":\"https:\\\/\\\/kidsplay.lt\\\/wp-content\\\/uploads\\\/2023\\\/07\\\/kidsplay-logo.png\",\"contentUrl\":\"https:\\\/\\\/kidsplay.lt\\\/wp-content\\\/uploads\\\/2023\\\/07\\\/kidsplay-logo.png\",\"width\":451,\"height\":98,\"caption\":\"KidsPlay\"},\"image\":{\"@id\":\"https:\\\/\\\/kidsplay.lt\\\/#\\\/schema\\\/logo\\\/image\\\/\"},\"sameAs\":[\"https:\\\/\\\/www.facebook.com\\\/www.kidsplay.lt\"]}]}<\/script>\n<!-- \/ Yoast SEO plugin. -->","yoast_head_json":{"title":"WOOPIE GREEN medinis virtuv\u0117s mikseris\u2013blenderis su priedais","description":"WOOPIE GREEN medinis virtuv\u0117s mikseris\u2013blenderis su priedais - KidsPlay. Did\u017eiausias vaik\u0173 \u017eaisl\u0173 pasirinkimas.","robots":{"index":"index","follow":"follow","max-snippet":"max-snippet:-1","max-image-preview":"max-image-preview:large","max-video-preview":"max-video-preview:-1"},"canonical":"https:\/\/kidsplay.lt\/lv\/products\/woopie-green-medinis-virtuves-mikseris-blenderis-su-priedais\/","og_locale":"lv_LV","og_type":"article","og_title":"WOOPIE GREEN medinis virtuv\u0117s mikseris\u2013blenderis su priedais","og_description":"WOOPIE GREEN medinis virtuv\u0117s mikseris\u2013blenderis su priedais - KidsPlay. Did\u017eiausias vaik\u0173 \u017eaisl\u0173 pasirinkimas.","og_url":"https:\/\/kidsplay.lt\/lv\/products\/woopie-green-medinis-virtuves-mikseris-blenderis-su-priedais\/","og_site_name":"KidsPlay","article_publisher":"https:\/\/www.facebook.com\/www.kidsplay.lt","article_modified_time":"2026-04-24T05:14:43+00:00","og_image":[{"width":1000,"height":1000,"url":"https:\/\/kidsplay.lt\/wp-content\/uploads\/2026\/04\/WOOPIE-GREEN-medinis-virtuves-mikseris\u2013blenderis-su-priedais.jpg","type":"image\/jpeg"}],"twitter_card":"summary_large_image","twitter_misc":{"Est. reading time":"1 min\u016bte"},"schema":{"@context":"https:\/\/schema.org","@graph":[{"@type":"WebPage","@id":"https:\/\/kidsplay.lt\/produktas\/woopie-green-medinis-virtuves-mikseris-blenderis-su-priedais\/","url":"https:\/\/kidsplay.lt\/produktas\/woopie-green-medinis-virtuves-mikseris-blenderis-su-priedais\/","name":"WOOPIE GREEN medinis virtuv\u0117s mikseris\u2013blenderis su priedais","isPartOf":{"@id":"https:\/\/kidsplay.lt\/#website"},"primaryImageOfPage":{"@id":"https:\/\/kidsplay.lt\/produktas\/woopie-green-medinis-virtuves-mikseris-blenderis-su-priedais\/#primaryimage"},"image":{"@id":"https:\/\/kidsplay.lt\/produktas\/woopie-green-medinis-virtuves-mikseris-blenderis-su-priedais\/#primaryimage"},"thumbnailUrl":"https:\/\/kidsplay.lt\/wp-content\/uploads\/2026\/04\/WOOPIE-GREEN-medinis-virtuves-mikseris\u2013blenderis-su-priedais.jpg","datePublished":"2026-04-20T04:03:15+00:00","dateModified":"2026-04-24T05:14:43+00:00","description":"WOOPIE GREEN medinis virtuv\u0117s mikseris\u2013blenderis su priedais - KidsPlay. Did\u017eiausias vaik\u0173 \u017eaisl\u0173 pasirinkimas.","breadcrumb":{"@id":"https:\/\/kidsplay.lt\/produktas\/woopie-green-medinis-virtuves-mikseris-blenderis-su-priedais\/#breadcrumb"},"inLanguage":"lv-LV","potentialAction":[{"@type":"ReadAction","target":["https:\/\/kidsplay.lt\/produktas\/woopie-green-medinis-virtuves-mikseris-blenderis-su-priedais\/"]}]},{"@type":"ImageObject","inLanguage":"lv-LV","@id":"https:\/\/kidsplay.lt\/produktas\/woopie-green-medinis-virtuves-mikseris-blenderis-su-priedais\/#primaryimage","url":"https:\/\/kidsplay.lt\/wp-content\/uploads\/2026\/04\/WOOPIE-GREEN-medinis-virtuves-mikseris\u2013blenderis-su-priedais.jpg","contentUrl":"https:\/\/kidsplay.lt\/wp-content\/uploads\/2026\/04\/WOOPIE-GREEN-medinis-virtuves-mikseris\u2013blenderis-su-priedais.jpg","width":1000,"height":1000,"caption":"WOOPIE GREEN medinis virtuv\u0117s mikseris\u2013blenderis su priedais"},{"@type":"BreadcrumbList","@id":"https:\/\/kidsplay.lt\/produktas\/woopie-green-medinis-virtuves-mikseris-blenderis-su-priedais\/#breadcrumb","itemListElement":[{"@type":"ListItem","position":1,"name":"Pagrindinis","item":"https:\/\/kidsplay.lt\/"},{"@type":"ListItem","position":2,"name":"Parduotuv\u0117","item":"https:\/\/kidsplay.lt\/parduotuve\/"},{"@type":"ListItem","position":3,"name":"WOOPIE GREEN medinis virtuv\u0117s mikseris\u2013blenderis su priedais"}]},{"@type":"WebSite","@id":"https:\/\/kidsplay.lt\/#website","url":"https:\/\/kidsplay.lt\/","name":"B\u0113rnu sp\u0113les.lv","description":"\u012evairios prek\u0117s vaikams","publisher":{"@id":"https:\/\/kidsplay.lt\/#organization"},"alternateName":"Kidsplay","potentialAction":[{"@type":"SearchAction","target":{"@type":"EntryPoint","urlTemplate":"https:\/\/kidsplay.lt\/?s={search_term_string}"},"query-input":{"@type":"PropertyValueSpecification","valueRequired":true,"valueName":"search_term_string"}}],"inLanguage":"lv-LV"},{"@type":"Organization","@id":"https:\/\/kidsplay.lt\/#organization","name":"B\u0113rnu sp\u0113le","url":"https:\/\/kidsplay.lt\/","logo":{"@type":"ImageObject","inLanguage":"lv-LV","@id":"https:\/\/kidsplay.lt\/#\/schema\/logo\/image\/","url":"https:\/\/kidsplay.lt\/wp-content\/uploads\/2023\/07\/kidsplay-logo.png","contentUrl":"https:\/\/kidsplay.lt\/wp-content\/uploads\/2023\/07\/kidsplay-logo.png","width":451,"height":98,"caption":"KidsPlay"},"image":{"@id":"https:\/\/kidsplay.lt\/#\/schema\/logo\/image\/"},"sameAs":["https:\/\/www.facebook.com\/www.kidsplay.lt"]}]}},"_links":{"self":[{"href":"https:\/\/kidsplay.lt\/lv\/wp-json\/wp\/v2\/product\/106264","targetHints":{"allow":["GET"]}}],"collection":[{"href":"https:\/\/kidsplay.lt\/lv\/wp-json\/wp\/v2\/product"}],"about":[{"href":"https:\/\/kidsplay.lt\/lv\/wp-json\/wp\/v2\/types\/product"}],"version-history":[{"count":1,"href":"https:\/\/kidsplay.lt\/lv\/wp-json\/wp\/v2\/product\/106264\/revisions"}],"predecessor-version":[{"id":106265,"href":"https:\/\/kidsplay.lt\/lv\/wp-json\/wp\/v2\/product\/106264\/revisions\/106265"}],"wp:featuredmedia":[{"embeddable":true,"href":"https:\/\/kidsplay.lt\/lv\/wp-json\/wp\/v2\/media\/106266"}],"wp:attachment":[{"href":"https:\/\/kidsplay.lt\/lv\/wp-json\/wp\/v2\/media?parent=106264"}],"wp:term":[{"taxonomy":"product_brand","embeddable":true,"href":"https:\/\/kidsplay.lt\/lv\/wp-json\/wp\/v2\/product_brand?post=106264"},{"taxonomy":"product_cat","embeddable":true,"href":"https:\/\/kidsplay.lt\/lv\/wp-json\/wp\/v2\/product_cat?post=106264"},{"taxonomy":"product_tag","embeddable":true,"href":"https:\/\/kidsplay.lt\/lv\/wp-json\/wp\/v2\/product_tag?post=106264"}],"curies":[{"name":"wp","href":"https:\/\/api.w.org\/{rel}","templated":true}]}}