{"id":106271,"date":"2026-04-20T07:03:32","date_gmt":"2026-04-20T04:03:32","guid":{"rendered":"https:\/\/kidsplay.lt\/produktas\/viga-polarb-medinis-virtuves-rinkinys-xl-skalbimo-masina-virykle-indaplove-zalias\/"},"modified":"2026-04-20T18:30:00","modified_gmt":"2026-04-20T15:30:00","slug":"viga-polarb-medinis-virtuves-rinkinys-xl-skalbimo-masina-virykle-indaplove-zalias","status":"publish","type":"product","link":"https:\/\/kidsplay.lt\/lv\/products\/viga-polarb-medinis-virtuves-rinkinys-xl-skalbimo-masina-virykle-indaplove-zalias\/","title":{"rendered":"VIGA PolarB koka virtuves komplekts XL \u2013 ve\u013cas ma\u0161\u012bna, pl\u012bts, trauku mazg\u0101jam\u0101 ma\u0161\u012bna \u2013 za\u013c\u0161"},"content":{"rendered":"<p>\u0160is didelis medinis virtuv\u0117s rinkinys ma\u017eyliams i\u0161 \u201eViga\u201c \u2013 tai specialiai sukurtas komplektas, kuris suteiks j\u016bs\u0173 vaikui nepamir\u0161tam\u0173 \u017eaidimo akimirk\u0173! Rinkin\u012f sudaro \u0161aldytuvas, virykl\u0117 su orkaite, kriaukl\u0117, indaplov\u0117 ir skalbimo ma\u0161ina. Stori ranken\u0117l\u0117s leid\u017eia lengvai atidaryti ir u\u017edaryti dureles, o visos ranken\u0117l\u0117s sukant skleid\u017eia spragtel\u0117jimo gars\u0105. Gra\u017eios pastelin\u0117s spalvos traukia vaik\u0173 d\u0117mes\u012f ir kartu puikiai tinka kaip kambario dekoracija. Rinkinys yra visi\u0161kai saugus ma\u017eiems vaikams, be a\u0161tri\u0173 kamp\u0173 ir briaun\u0173. \u0160i \u017eaislin\u0117 virtuv\u0117 \u2013 tai k\u016brybinio \u017eaidimo centras, lavinantis vaizduot\u0119, bendradarbiavimo \u012fg\u016bd\u017eius ir motorik\u0105. Ma\u017eyliai gali atkartoti suaugusi\u0173j\u0173 gyvenimo situacijas, ruo\u0161ti maist\u0105 artimiesiems ir mokytis savaranki\u0161kumo. Tai puikus b\u016bdas interaktyviai mokyti vaikus apie maist\u0105, maisto gaminim\u0105, skai\u010dius, spalvas ir formas. Be to, \u0161is \u017eaislas gali augti kartu su vaiku, o \u012fvair\u016bs priedai suteikia dar daugiau \u017eaidimo galimybi\u0173.<br \/>\nFunkcijas:<\/p>\n<p> \t\u017eaislas skirtas vaikams nuo 18 m\u0117nesi\u0173 am\u017eiaus<br \/>\n \tsaugus vaikams, be a\u0161tri\u0173 kamp\u0173<br \/>\n \tgra\u017eios pastelin\u0117s spalvos<br \/>\n \tdaug vietos daiktams laikyti<br \/>\n \tilgis iki 130 cm<br \/>\n \tsuteikia valand\u0173 valandas k\u016brybi\u0161ko \u017eaidimo<\/p>\n<p>Komplekt\u0101 ietilpst:<\/p>\n<p> \tskalbimo ma\u0161ina<br \/>\n \tkriaukl\u0117 su indaplove<br \/>\n \tvirykl\u0117 su orkaite<br \/>\n \t\u0161aldytuvas<br \/>\n \tma\u017eas spintel\u0117s skyrius<br \/>\n \tdaug vietos virtuv\u0117s stalvir\u0161yje<\/p>","protected":false},"excerpt":{"rendered":"<p>\u0160is didelis medinis virtuv\u0117s rinkinys ma\u017eyliams i\u0161 \u201eViga\u201c \u2013 tai specialiai sukurtas komplektas, kuris suteiks j\u016bs\u0173 vaikui nepamir\u0161tam\u0173 \u017eaidimo akimirk\u0173!<\/p>","protected":false},"featured_media":106273,"template":"","meta":{"_acf_changed":false,"_glsr_average":0,"_glsr_ranking":0,"_glsr_reviews":0},"product_brand":[],"product_cat":[399,229],"product_tag":[],"class_list":{"0":"post-106271","1":"product","2":"type-product","3":"status-publish","4":"has-post-thumbnail","6":"product_cat-vaidmenu-zaidimai-2","7":"product_cat-zaislai-vaikams","8":"\"style=\"background-color: #2ecc711c;\"","10":"first","11":"instock","12":"purchasable","13":"product-type-simple"},"acf":[],"yoast_head":"<!-- This site is optimized with the Yoast SEO plugin v27.4 - https:\/\/yoast.com\/product\/yoast-seo-wordpress\/ -->\n<title>VIGA PolarB medinis virtuv\u0117s rinkinys XL \u2013 skalbimo ma\u0161ina, virykl\u0117, indaplov\u0117 \u2013 \u017ealias<\/title>\n<meta name=\"description\" content=\"VIGA PolarB medinis virtuv\u0117s rinkinys XL \u2013 skalbimo ma\u0161ina, virykl\u0117, indaplov\u0117 \u2013 \u017ealias - KidsPlay. Did\u017eiausias vaik\u0173 \u017eaisl\u0173 pasirinkimas.\" \/>\n<meta name=\"robots\" content=\"index, follow, max-snippet:-1, max-image-preview:large, max-video-preview:-1\" \/>\n<link rel=\"canonical\" href=\"https:\/\/kidsplay.lt\/lv\/products\/viga-polarb-medinis-virtuves-rinkinys-xl-skalbimo-masina-virykle-indaplove-zalias\/\" \/>\n<meta property=\"og:locale\" content=\"lv_LV\" \/>\n<meta property=\"og:type\" content=\"article\" \/>\n<meta property=\"og:title\" content=\"VIGA PolarB medinis virtuv\u0117s rinkinys XL \u2013 skalbimo ma\u0161ina, virykl\u0117, indaplov\u0117 \u2013 \u017ealias\" \/>\n<meta property=\"og:description\" content=\"VIGA PolarB medinis virtuv\u0117s rinkinys XL \u2013 skalbimo ma\u0161ina, virykl\u0117, indaplov\u0117 \u2013 \u017ealias - KidsPlay. Did\u017eiausias vaik\u0173 \u017eaisl\u0173 pasirinkimas.\" \/>\n<meta property=\"og:url\" content=\"https:\/\/kidsplay.lt\/lv\/products\/viga-polarb-medinis-virtuves-rinkinys-xl-skalbimo-masina-virykle-indaplove-zalias\/\" \/>\n<meta property=\"og:site_name\" content=\"KidsPlay\" \/>\n<meta property=\"article:publisher\" content=\"https:\/\/www.facebook.com\/www.kidsplay.lt\" \/>\n<meta property=\"article:modified_time\" content=\"2026-04-20T15:30:00+00:00\" \/>\n<meta property=\"og:image\" content=\"https:\/\/kidsplay.lt\/wp-content\/uploads\/2026\/04\/VIGA-PolarB-medinis-virtuves-rinkinys-XL-\u2013-skalbimo-masina-virykle-indaplove-\u2013-zalias.jpg\" \/>\n\t<meta property=\"og:image:width\" content=\"1000\" \/>\n\t<meta property=\"og:image:height\" content=\"1000\" \/>\n\t<meta property=\"og:image:type\" content=\"image\/jpeg\" \/>\n<meta name=\"twitter:card\" content=\"summary_large_image\" \/>\n<meta name=\"twitter:label1\" content=\"Est. reading time\" \/>\n\t<meta name=\"twitter:data1\" content=\"1 min\u016bte\" \/>\n<script type=\"application\/ld+json\" class=\"yoast-schema-graph\">{\"@context\":\"https:\\\/\\\/schema.org\",\"@graph\":[{\"@type\":\"WebPage\",\"@id\":\"https:\\\/\\\/kidsplay.lt\\\/produktas\\\/viga-polarb-medinis-virtuves-rinkinys-xl-skalbimo-masina-virykle-indaplove-zalias\\\/\",\"url\":\"https:\\\/\\\/kidsplay.lt\\\/produktas\\\/viga-polarb-medinis-virtuves-rinkinys-xl-skalbimo-masina-virykle-indaplove-zalias\\\/\",\"name\":\"VIGA PolarB medinis virtuv\u0117s rinkinys XL \u2013 skalbimo ma\u0161ina, virykl\u0117, indaplov\u0117 \u2013 \u017ealias\",\"isPartOf\":{\"@id\":\"https:\\\/\\\/kidsplay.lt\\\/#website\"},\"primaryImageOfPage\":{\"@id\":\"https:\\\/\\\/kidsplay.lt\\\/produktas\\\/viga-polarb-medinis-virtuves-rinkinys-xl-skalbimo-masina-virykle-indaplove-zalias\\\/#primaryimage\"},\"image\":{\"@id\":\"https:\\\/\\\/kidsplay.lt\\\/produktas\\\/viga-polarb-medinis-virtuves-rinkinys-xl-skalbimo-masina-virykle-indaplove-zalias\\\/#primaryimage\"},\"thumbnailUrl\":\"https:\\\/\\\/kidsplay.lt\\\/wp-content\\\/uploads\\\/2026\\\/04\\\/VIGA-PolarB-medinis-virtuves-rinkinys-XL-\u2013-skalbimo-masina-virykle-indaplove-\u2013-zalias.jpg\",\"datePublished\":\"2026-04-20T04:03:32+00:00\",\"dateModified\":\"2026-04-20T15:30:00+00:00\",\"description\":\"VIGA PolarB medinis virtuv\u0117s rinkinys XL \u2013 skalbimo ma\u0161ina, virykl\u0117, indaplov\u0117 \u2013 \u017ealias - KidsPlay. Did\u017eiausias vaik\u0173 \u017eaisl\u0173 pasirinkimas.\",\"breadcrumb\":{\"@id\":\"https:\\\/\\\/kidsplay.lt\\\/produktas\\\/viga-polarb-medinis-virtuves-rinkinys-xl-skalbimo-masina-virykle-indaplove-zalias\\\/#breadcrumb\"},\"inLanguage\":\"lv-LV\",\"potentialAction\":[{\"@type\":\"ReadAction\",\"target\":[\"https:\\\/\\\/kidsplay.lt\\\/produktas\\\/viga-polarb-medinis-virtuves-rinkinys-xl-skalbimo-masina-virykle-indaplove-zalias\\\/\"]}]},{\"@type\":\"ImageObject\",\"inLanguage\":\"lv-LV\",\"@id\":\"https:\\\/\\\/kidsplay.lt\\\/produktas\\\/viga-polarb-medinis-virtuves-rinkinys-xl-skalbimo-masina-virykle-indaplove-zalias\\\/#primaryimage\",\"url\":\"https:\\\/\\\/kidsplay.lt\\\/wp-content\\\/uploads\\\/2026\\\/04\\\/VIGA-PolarB-medinis-virtuves-rinkinys-XL-\u2013-skalbimo-masina-virykle-indaplove-\u2013-zalias.jpg\",\"contentUrl\":\"https:\\\/\\\/kidsplay.lt\\\/wp-content\\\/uploads\\\/2026\\\/04\\\/VIGA-PolarB-medinis-virtuves-rinkinys-XL-\u2013-skalbimo-masina-virykle-indaplove-\u2013-zalias.jpg\",\"width\":1000,\"height\":1000,\"caption\":\"VIGA PolarB medinis virtuv\u0117s rinkinys XL \u2013 skalbimo ma\u0161ina\"},{\"@type\":\"BreadcrumbList\",\"@id\":\"https:\\\/\\\/kidsplay.lt\\\/produktas\\\/viga-polarb-medinis-virtuves-rinkinys-xl-skalbimo-masina-virykle-indaplove-zalias\\\/#breadcrumb\",\"itemListElement\":[{\"@type\":\"ListItem\",\"position\":1,\"name\":\"Pagrindinis\",\"item\":\"https:\\\/\\\/kidsplay.lt\\\/\"},{\"@type\":\"ListItem\",\"position\":2,\"name\":\"Parduotuv\u0117\",\"item\":\"https:\\\/\\\/kidsplay.lt\\\/parduotuve\\\/\"},{\"@type\":\"ListItem\",\"position\":3,\"name\":\"VIGA PolarB medinis virtuv\u0117s rinkinys XL \u2013 skalbimo ma\u0161ina, virykl\u0117, indaplov\u0117 \u2013 \u017ealias\"}]},{\"@type\":\"WebSite\",\"@id\":\"https:\\\/\\\/kidsplay.lt\\\/#website\",\"url\":\"https:\\\/\\\/kidsplay.lt\\\/\",\"name\":\"Kidsplay.lt\",\"description\":\"\u012evairios prek\u0117s vaikams\",\"publisher\":{\"@id\":\"https:\\\/\\\/kidsplay.lt\\\/#organization\"},\"alternateName\":\"Kidsplay\",\"potentialAction\":[{\"@type\":\"SearchAction\",\"target\":{\"@type\":\"EntryPoint\",\"urlTemplate\":\"https:\\\/\\\/kidsplay.lt\\\/?s={search_term_string}\"},\"query-input\":{\"@type\":\"PropertyValueSpecification\",\"valueRequired\":true,\"valueName\":\"search_term_string\"}}],\"inLanguage\":\"lv-LV\"},{\"@type\":\"Organization\",\"@id\":\"https:\\\/\\\/kidsplay.lt\\\/#organization\",\"name\":\"KidsPlay\",\"url\":\"https:\\\/\\\/kidsplay.lt\\\/\",\"logo\":{\"@type\":\"ImageObject\",\"inLanguage\":\"lv-LV\",\"@id\":\"https:\\\/\\\/kidsplay.lt\\\/#\\\/schema\\\/logo\\\/image\\\/\",\"url\":\"https:\\\/\\\/kidsplay.lt\\\/wp-content\\\/uploads\\\/2023\\\/07\\\/kidsplay-logo.png\",\"contentUrl\":\"https:\\\/\\\/kidsplay.lt\\\/wp-content\\\/uploads\\\/2023\\\/07\\\/kidsplay-logo.png\",\"width\":451,\"height\":98,\"caption\":\"KidsPlay\"},\"image\":{\"@id\":\"https:\\\/\\\/kidsplay.lt\\\/#\\\/schema\\\/logo\\\/image\\\/\"},\"sameAs\":[\"https:\\\/\\\/www.facebook.com\\\/www.kidsplay.lt\"]}]}<\/script>\n<!-- \/ Yoast SEO plugin. -->","yoast_head_json":{"title":"VIGA PolarB koka virtuves komplekts XL \u2013 ve\u013cas ma\u0161\u012bna, pl\u012bts, trauku mazg\u0101jam\u0101 ma\u0161\u012bna \u2013 za\u013c\u0161","description":"VIGA PolarB medinis virtuv\u0117s rinkinys XL \u2013 skalbimo ma\u0161ina, virykl\u0117, indaplov\u0117 \u2013 \u017ealias - KidsPlay. Did\u017eiausias vaik\u0173 \u017eaisl\u0173 pasirinkimas.","robots":{"index":"index","follow":"follow","max-snippet":"max-snippet:-1","max-image-preview":"max-image-preview:large","max-video-preview":"max-video-preview:-1"},"canonical":"https:\/\/kidsplay.lt\/lv\/products\/viga-polarb-medinis-virtuves-rinkinys-xl-skalbimo-masina-virykle-indaplove-zalias\/","og_locale":"lv_LV","og_type":"article","og_title":"VIGA PolarB medinis virtuv\u0117s rinkinys XL \u2013 skalbimo ma\u0161ina, virykl\u0117, indaplov\u0117 \u2013 \u017ealias","og_description":"VIGA PolarB medinis virtuv\u0117s rinkinys XL \u2013 skalbimo ma\u0161ina, virykl\u0117, indaplov\u0117 \u2013 \u017ealias - KidsPlay. Did\u017eiausias vaik\u0173 \u017eaisl\u0173 pasirinkimas.","og_url":"https:\/\/kidsplay.lt\/lv\/products\/viga-polarb-medinis-virtuves-rinkinys-xl-skalbimo-masina-virykle-indaplove-zalias\/","og_site_name":"KidsPlay","article_publisher":"https:\/\/www.facebook.com\/www.kidsplay.lt","article_modified_time":"2026-04-20T15:30:00+00:00","og_image":[{"width":1000,"height":1000,"url":"https:\/\/kidsplay.lt\/wp-content\/uploads\/2026\/04\/VIGA-PolarB-medinis-virtuves-rinkinys-XL-\u2013-skalbimo-masina-virykle-indaplove-\u2013-zalias.jpg","type":"image\/jpeg"}],"twitter_card":"summary_large_image","twitter_misc":{"Est. reading time":"1 min\u016bte"},"schema":{"@context":"https:\/\/schema.org","@graph":[{"@type":"WebPage","@id":"https:\/\/kidsplay.lt\/produktas\/viga-polarb-medinis-virtuves-rinkinys-xl-skalbimo-masina-virykle-indaplove-zalias\/","url":"https:\/\/kidsplay.lt\/produktas\/viga-polarb-medinis-virtuves-rinkinys-xl-skalbimo-masina-virykle-indaplove-zalias\/","name":"VIGA PolarB koka virtuves komplekts XL \u2013 ve\u013cas ma\u0161\u012bna, pl\u012bts, trauku mazg\u0101jam\u0101 ma\u0161\u012bna \u2013 za\u013c\u0161","isPartOf":{"@id":"https:\/\/kidsplay.lt\/#website"},"primaryImageOfPage":{"@id":"https:\/\/kidsplay.lt\/produktas\/viga-polarb-medinis-virtuves-rinkinys-xl-skalbimo-masina-virykle-indaplove-zalias\/#primaryimage"},"image":{"@id":"https:\/\/kidsplay.lt\/produktas\/viga-polarb-medinis-virtuves-rinkinys-xl-skalbimo-masina-virykle-indaplove-zalias\/#primaryimage"},"thumbnailUrl":"https:\/\/kidsplay.lt\/wp-content\/uploads\/2026\/04\/VIGA-PolarB-medinis-virtuves-rinkinys-XL-\u2013-skalbimo-masina-virykle-indaplove-\u2013-zalias.jpg","datePublished":"2026-04-20T04:03:32+00:00","dateModified":"2026-04-20T15:30:00+00:00","description":"VIGA PolarB medinis virtuv\u0117s rinkinys XL \u2013 skalbimo ma\u0161ina, virykl\u0117, indaplov\u0117 \u2013 \u017ealias - KidsPlay. Did\u017eiausias vaik\u0173 \u017eaisl\u0173 pasirinkimas.","breadcrumb":{"@id":"https:\/\/kidsplay.lt\/produktas\/viga-polarb-medinis-virtuves-rinkinys-xl-skalbimo-masina-virykle-indaplove-zalias\/#breadcrumb"},"inLanguage":"lv-LV","potentialAction":[{"@type":"ReadAction","target":["https:\/\/kidsplay.lt\/produktas\/viga-polarb-medinis-virtuves-rinkinys-xl-skalbimo-masina-virykle-indaplove-zalias\/"]}]},{"@type":"ImageObject","inLanguage":"lv-LV","@id":"https:\/\/kidsplay.lt\/produktas\/viga-polarb-medinis-virtuves-rinkinys-xl-skalbimo-masina-virykle-indaplove-zalias\/#primaryimage","url":"https:\/\/kidsplay.lt\/wp-content\/uploads\/2026\/04\/VIGA-PolarB-medinis-virtuves-rinkinys-XL-\u2013-skalbimo-masina-virykle-indaplove-\u2013-zalias.jpg","contentUrl":"https:\/\/kidsplay.lt\/wp-content\/uploads\/2026\/04\/VIGA-PolarB-medinis-virtuves-rinkinys-XL-\u2013-skalbimo-masina-virykle-indaplove-\u2013-zalias.jpg","width":1000,"height":1000,"caption":"VIGA PolarB medinis virtuv\u0117s rinkinys XL \u2013 skalbimo ma\u0161ina"},{"@type":"BreadcrumbList","@id":"https:\/\/kidsplay.lt\/produktas\/viga-polarb-medinis-virtuves-rinkinys-xl-skalbimo-masina-virykle-indaplove-zalias\/#breadcrumb","itemListElement":[{"@type":"ListItem","position":1,"name":"Pagrindinis","item":"https:\/\/kidsplay.lt\/"},{"@type":"ListItem","position":2,"name":"Parduotuv\u0117","item":"https:\/\/kidsplay.lt\/parduotuve\/"},{"@type":"ListItem","position":3,"name":"VIGA PolarB medinis virtuv\u0117s rinkinys XL \u2013 skalbimo ma\u0161ina, virykl\u0117, indaplov\u0117 \u2013 \u017ealias"}]},{"@type":"WebSite","@id":"https:\/\/kidsplay.lt\/#website","url":"https:\/\/kidsplay.lt\/","name":"B\u0113rnu sp\u0113les.lv","description":"\u012evairios prek\u0117s vaikams","publisher":{"@id":"https:\/\/kidsplay.lt\/#organization"},"alternateName":"Kidsplay","potentialAction":[{"@type":"SearchAction","target":{"@type":"EntryPoint","urlTemplate":"https:\/\/kidsplay.lt\/?s={search_term_string}"},"query-input":{"@type":"PropertyValueSpecification","valueRequired":true,"valueName":"search_term_string"}}],"inLanguage":"lv-LV"},{"@type":"Organization","@id":"https:\/\/kidsplay.lt\/#organization","name":"B\u0113rnu sp\u0113le","url":"https:\/\/kidsplay.lt\/","logo":{"@type":"ImageObject","inLanguage":"lv-LV","@id":"https:\/\/kidsplay.lt\/#\/schema\/logo\/image\/","url":"https:\/\/kidsplay.lt\/wp-content\/uploads\/2023\/07\/kidsplay-logo.png","contentUrl":"https:\/\/kidsplay.lt\/wp-content\/uploads\/2023\/07\/kidsplay-logo.png","width":451,"height":98,"caption":"KidsPlay"},"image":{"@id":"https:\/\/kidsplay.lt\/#\/schema\/logo\/image\/"},"sameAs":["https:\/\/www.facebook.com\/www.kidsplay.lt"]}]}},"_links":{"self":[{"href":"https:\/\/kidsplay.lt\/lv\/wp-json\/wp\/v2\/product\/106271","targetHints":{"allow":["GET"]}}],"collection":[{"href":"https:\/\/kidsplay.lt\/lv\/wp-json\/wp\/v2\/product"}],"about":[{"href":"https:\/\/kidsplay.lt\/lv\/wp-json\/wp\/v2\/types\/product"}],"version-history":[{"count":1,"href":"https:\/\/kidsplay.lt\/lv\/wp-json\/wp\/v2\/product\/106271\/revisions"}],"predecessor-version":[{"id":106272,"href":"https:\/\/kidsplay.lt\/lv\/wp-json\/wp\/v2\/product\/106271\/revisions\/106272"}],"wp:featuredmedia":[{"embeddable":true,"href":"https:\/\/kidsplay.lt\/lv\/wp-json\/wp\/v2\/media\/106273"}],"wp:attachment":[{"href":"https:\/\/kidsplay.lt\/lv\/wp-json\/wp\/v2\/media?parent=106271"}],"wp:term":[{"taxonomy":"product_brand","embeddable":true,"href":"https:\/\/kidsplay.lt\/lv\/wp-json\/wp\/v2\/product_brand?post=106271"},{"taxonomy":"product_cat","embeddable":true,"href":"https:\/\/kidsplay.lt\/lv\/wp-json\/wp\/v2\/product_cat?post=106271"},{"taxonomy":"product_tag","embeddable":true,"href":"https:\/\/kidsplay.lt\/lv\/wp-json\/wp\/v2\/product_tag?post=106271"}],"curies":[{"name":"wp","href":"https:\/\/api.w.org\/{rel}","templated":true}]}}