{"id":106278,"date":"2026-04-20T07:03:51","date_gmt":"2026-04-20T04:03:51","guid":{"rendered":"https:\/\/kidsplay.lt\/produktas\/viga-arbatos-ir-kavos-rinkinys-ant-padeklo\/"},"modified":"2026-04-20T18:30:00","modified_gmt":"2026-04-20T15:30:00","slug":"viga-arbatos-ir-kavos-rinkinys-ant-padeklo","status":"publish","type":"product","link":"https:\/\/kidsplay.lt\/lv\/products\/viga-arbatos-ir-kavos-rinkinys-ant-padeklo\/","title":{"rendered":"VIGA arbatos ir kavos rinkinys ant pad\u0117klo"},"content":{"rendered":"<p>\u0160is saugus ir k\u016brybi\u0161kas 12 dali\u0173 kavos ir arbatos rinkinys yra auk\u0161tos kokyb\u0117s \u017eaislas, kuris tarnaus ilgai ir suteiks vaikui daugyb\u0119 met\u0173 \u012ftraukian\u010dio, k\u016brybi\u0161ko \u017eaidimo. \u017daislas suteiks smagi\u0173 \u201esekmadienio popiet\u0117s\u201c \u017eaidim\u0173 ir lavins vaizduot\u0119. Rinkinys leid\u017eia patiekti arbat\u0105 ar kav\u0105 me\u0161kiukams ir l\u0117l\u0117ms.<br \/>\nFunkcijas:<\/p>\n<p> \trinkin\u012f sudaro 12 element\u0173: arbatinukas, \u0105sotis, cukrin\u0117, puodeliai, l\u0117k\u0161tut\u0117s, \u0161auk\u0161teliai ir pad\u0117klas<br \/>\n \tvisi elementai patogiai sud\u0117ti ant medinio pad\u0117klo \/ lentynos<br \/>\n \tvaikas gali ruo\u0161ti arbat\u0105 ar kav\u0105 savo me\u0161kiukams, l\u0117l\u0117ms ar mamai<br \/>\n \ti\u0161skirtinis, esteti\u0161kas dizainas<br \/>\n \tpagaminta i\u0161 buko medienos ir nuda\u017eyta netoksi\u0161kais da\u017eais<\/p>","protected":false},"excerpt":{"rendered":"<p>\u0160is saugus ir k\u016brybi\u0161kas 12 dali\u0173 kavos ir arbatos rinkinys yra auk\u0161tos kokyb\u0117s \u017eaislas, kuris tarnaus ilgai ir suteiks vaikui<\/p>","protected":false},"featured_media":106280,"template":"","meta":{"_acf_changed":false,"_glsr_average":0,"_glsr_ranking":0,"_glsr_reviews":0},"product_brand":[],"product_cat":[399,229],"product_tag":[],"class_list":{"0":"post-106278","1":"product","2":"type-product","3":"status-publish","4":"has-post-thumbnail","6":"product_cat-vaidmenu-zaidimai-2","7":"product_cat-zaislai-vaikams","8":"\"style=\"background-color: #2ecc711c;\"","10":"first","11":"instock","12":"purchasable","13":"product-type-simple"},"acf":[],"yoast_head":"<!-- This site is optimized with the Yoast SEO plugin v27.4 - https:\/\/yoast.com\/product\/yoast-seo-wordpress\/ -->\n<title>VIGA arbatos ir kavos rinkinys ant pad\u0117klo<\/title>\n<meta name=\"description\" content=\"VIGA arbatos ir kavos rinkinys ant pad\u0117klo - KidsPlay. Did\u017eiausias vaik\u0173 \u017eaisl\u0173 pasirinkimas.\" \/>\n<meta name=\"robots\" content=\"index, follow, max-snippet:-1, max-image-preview:large, max-video-preview:-1\" \/>\n<link rel=\"canonical\" href=\"https:\/\/kidsplay.lt\/lv\/products\/viga-arbatos-ir-kavos-rinkinys-ant-padeklo\/\" \/>\n<meta property=\"og:locale\" content=\"lv_LV\" \/>\n<meta property=\"og:type\" content=\"article\" \/>\n<meta property=\"og:title\" content=\"VIGA arbatos ir kavos rinkinys ant pad\u0117klo\" \/>\n<meta property=\"og:description\" content=\"VIGA arbatos ir kavos rinkinys ant pad\u0117klo - KidsPlay. Did\u017eiausias vaik\u0173 \u017eaisl\u0173 pasirinkimas.\" \/>\n<meta property=\"og:url\" content=\"https:\/\/kidsplay.lt\/lv\/products\/viga-arbatos-ir-kavos-rinkinys-ant-padeklo\/\" \/>\n<meta property=\"og:site_name\" content=\"KidsPlay\" \/>\n<meta property=\"article:publisher\" content=\"https:\/\/www.facebook.com\/www.kidsplay.lt\" \/>\n<meta property=\"article:modified_time\" content=\"2026-04-20T15:30:00+00:00\" \/>\n<meta property=\"og:image\" content=\"https:\/\/kidsplay.lt\/wp-content\/uploads\/2026\/04\/VIGA-arbatos-ir-kavos-rinkinys-ant-padeklo.jpg\" \/>\n\t<meta property=\"og:image:width\" content=\"2000\" \/>\n\t<meta property=\"og:image:height\" content=\"2042\" \/>\n\t<meta property=\"og:image:type\" content=\"image\/jpeg\" \/>\n<meta name=\"twitter:card\" content=\"summary_large_image\" \/>\n<meta name=\"twitter:label1\" content=\"Est. reading time\" \/>\n\t<meta name=\"twitter:data1\" content=\"1 min\u016bte\" \/>\n<script type=\"application\/ld+json\" class=\"yoast-schema-graph\">{\"@context\":\"https:\\\/\\\/schema.org\",\"@graph\":[{\"@type\":\"WebPage\",\"@id\":\"https:\\\/\\\/kidsplay.lt\\\/produktas\\\/viga-arbatos-ir-kavos-rinkinys-ant-padeklo\\\/\",\"url\":\"https:\\\/\\\/kidsplay.lt\\\/produktas\\\/viga-arbatos-ir-kavos-rinkinys-ant-padeklo\\\/\",\"name\":\"VIGA arbatos ir kavos rinkinys ant pad\u0117klo\",\"isPartOf\":{\"@id\":\"https:\\\/\\\/kidsplay.lt\\\/#website\"},\"primaryImageOfPage\":{\"@id\":\"https:\\\/\\\/kidsplay.lt\\\/produktas\\\/viga-arbatos-ir-kavos-rinkinys-ant-padeklo\\\/#primaryimage\"},\"image\":{\"@id\":\"https:\\\/\\\/kidsplay.lt\\\/produktas\\\/viga-arbatos-ir-kavos-rinkinys-ant-padeklo\\\/#primaryimage\"},\"thumbnailUrl\":\"https:\\\/\\\/kidsplay.lt\\\/wp-content\\\/uploads\\\/2026\\\/04\\\/VIGA-arbatos-ir-kavos-rinkinys-ant-padeklo.jpg\",\"datePublished\":\"2026-04-20T04:03:51+00:00\",\"dateModified\":\"2026-04-20T15:30:00+00:00\",\"description\":\"VIGA arbatos ir kavos rinkinys ant pad\u0117klo - KidsPlay. Did\u017eiausias vaik\u0173 \u017eaisl\u0173 pasirinkimas.\",\"breadcrumb\":{\"@id\":\"https:\\\/\\\/kidsplay.lt\\\/produktas\\\/viga-arbatos-ir-kavos-rinkinys-ant-padeklo\\\/#breadcrumb\"},\"inLanguage\":\"lv-LV\",\"potentialAction\":[{\"@type\":\"ReadAction\",\"target\":[\"https:\\\/\\\/kidsplay.lt\\\/produktas\\\/viga-arbatos-ir-kavos-rinkinys-ant-padeklo\\\/\"]}]},{\"@type\":\"ImageObject\",\"inLanguage\":\"lv-LV\",\"@id\":\"https:\\\/\\\/kidsplay.lt\\\/produktas\\\/viga-arbatos-ir-kavos-rinkinys-ant-padeklo\\\/#primaryimage\",\"url\":\"https:\\\/\\\/kidsplay.lt\\\/wp-content\\\/uploads\\\/2026\\\/04\\\/VIGA-arbatos-ir-kavos-rinkinys-ant-padeklo.jpg\",\"contentUrl\":\"https:\\\/\\\/kidsplay.lt\\\/wp-content\\\/uploads\\\/2026\\\/04\\\/VIGA-arbatos-ir-kavos-rinkinys-ant-padeklo.jpg\",\"width\":2000,\"height\":2042,\"caption\":\"VIGA arbatos ir kavos rinkinys ant pad\u0117klo\"},{\"@type\":\"BreadcrumbList\",\"@id\":\"https:\\\/\\\/kidsplay.lt\\\/produktas\\\/viga-arbatos-ir-kavos-rinkinys-ant-padeklo\\\/#breadcrumb\",\"itemListElement\":[{\"@type\":\"ListItem\",\"position\":1,\"name\":\"Pagrindinis\",\"item\":\"https:\\\/\\\/kidsplay.lt\\\/\"},{\"@type\":\"ListItem\",\"position\":2,\"name\":\"Parduotuv\u0117\",\"item\":\"https:\\\/\\\/kidsplay.lt\\\/parduotuve\\\/\"},{\"@type\":\"ListItem\",\"position\":3,\"name\":\"VIGA arbatos ir kavos rinkinys ant pad\u0117klo\"}]},{\"@type\":\"WebSite\",\"@id\":\"https:\\\/\\\/kidsplay.lt\\\/#website\",\"url\":\"https:\\\/\\\/kidsplay.lt\\\/\",\"name\":\"Kidsplay.lt\",\"description\":\"\u012evairios prek\u0117s vaikams\",\"publisher\":{\"@id\":\"https:\\\/\\\/kidsplay.lt\\\/#organization\"},\"alternateName\":\"Kidsplay\",\"potentialAction\":[{\"@type\":\"SearchAction\",\"target\":{\"@type\":\"EntryPoint\",\"urlTemplate\":\"https:\\\/\\\/kidsplay.lt\\\/?s={search_term_string}\"},\"query-input\":{\"@type\":\"PropertyValueSpecification\",\"valueRequired\":true,\"valueName\":\"search_term_string\"}}],\"inLanguage\":\"lv-LV\"},{\"@type\":\"Organization\",\"@id\":\"https:\\\/\\\/kidsplay.lt\\\/#organization\",\"name\":\"KidsPlay\",\"url\":\"https:\\\/\\\/kidsplay.lt\\\/\",\"logo\":{\"@type\":\"ImageObject\",\"inLanguage\":\"lv-LV\",\"@id\":\"https:\\\/\\\/kidsplay.lt\\\/#\\\/schema\\\/logo\\\/image\\\/\",\"url\":\"https:\\\/\\\/kidsplay.lt\\\/wp-content\\\/uploads\\\/2023\\\/07\\\/kidsplay-logo.png\",\"contentUrl\":\"https:\\\/\\\/kidsplay.lt\\\/wp-content\\\/uploads\\\/2023\\\/07\\\/kidsplay-logo.png\",\"width\":451,\"height\":98,\"caption\":\"KidsPlay\"},\"image\":{\"@id\":\"https:\\\/\\\/kidsplay.lt\\\/#\\\/schema\\\/logo\\\/image\\\/\"},\"sameAs\":[\"https:\\\/\\\/www.facebook.com\\\/www.kidsplay.lt\"]}]}<\/script>\n<!-- \/ Yoast SEO plugin. -->","yoast_head_json":{"title":"VIGA arbatos ir kavos rinkinys ant pad\u0117klo","description":"VIGA arbatos ir kavos rinkinys ant pad\u0117klo - KidsPlay. Did\u017eiausias vaik\u0173 \u017eaisl\u0173 pasirinkimas.","robots":{"index":"index","follow":"follow","max-snippet":"max-snippet:-1","max-image-preview":"max-image-preview:large","max-video-preview":"max-video-preview:-1"},"canonical":"https:\/\/kidsplay.lt\/lv\/products\/viga-arbatos-ir-kavos-rinkinys-ant-padeklo\/","og_locale":"lv_LV","og_type":"article","og_title":"VIGA arbatos ir kavos rinkinys ant pad\u0117klo","og_description":"VIGA arbatos ir kavos rinkinys ant pad\u0117klo - KidsPlay. Did\u017eiausias vaik\u0173 \u017eaisl\u0173 pasirinkimas.","og_url":"https:\/\/kidsplay.lt\/lv\/products\/viga-arbatos-ir-kavos-rinkinys-ant-padeklo\/","og_site_name":"KidsPlay","article_publisher":"https:\/\/www.facebook.com\/www.kidsplay.lt","article_modified_time":"2026-04-20T15:30:00+00:00","og_image":[{"width":2000,"height":2042,"url":"https:\/\/kidsplay.lt\/wp-content\/uploads\/2026\/04\/VIGA-arbatos-ir-kavos-rinkinys-ant-padeklo.jpg","type":"image\/jpeg"}],"twitter_card":"summary_large_image","twitter_misc":{"Est. reading time":"1 min\u016bte"},"schema":{"@context":"https:\/\/schema.org","@graph":[{"@type":"WebPage","@id":"https:\/\/kidsplay.lt\/produktas\/viga-arbatos-ir-kavos-rinkinys-ant-padeklo\/","url":"https:\/\/kidsplay.lt\/produktas\/viga-arbatos-ir-kavos-rinkinys-ant-padeklo\/","name":"VIGA arbatos ir kavos rinkinys ant pad\u0117klo","isPartOf":{"@id":"https:\/\/kidsplay.lt\/#website"},"primaryImageOfPage":{"@id":"https:\/\/kidsplay.lt\/produktas\/viga-arbatos-ir-kavos-rinkinys-ant-padeklo\/#primaryimage"},"image":{"@id":"https:\/\/kidsplay.lt\/produktas\/viga-arbatos-ir-kavos-rinkinys-ant-padeklo\/#primaryimage"},"thumbnailUrl":"https:\/\/kidsplay.lt\/wp-content\/uploads\/2026\/04\/VIGA-arbatos-ir-kavos-rinkinys-ant-padeklo.jpg","datePublished":"2026-04-20T04:03:51+00:00","dateModified":"2026-04-20T15:30:00+00:00","description":"VIGA arbatos ir kavos rinkinys ant pad\u0117klo - KidsPlay. Did\u017eiausias vaik\u0173 \u017eaisl\u0173 pasirinkimas.","breadcrumb":{"@id":"https:\/\/kidsplay.lt\/produktas\/viga-arbatos-ir-kavos-rinkinys-ant-padeklo\/#breadcrumb"},"inLanguage":"lv-LV","potentialAction":[{"@type":"ReadAction","target":["https:\/\/kidsplay.lt\/produktas\/viga-arbatos-ir-kavos-rinkinys-ant-padeklo\/"]}]},{"@type":"ImageObject","inLanguage":"lv-LV","@id":"https:\/\/kidsplay.lt\/produktas\/viga-arbatos-ir-kavos-rinkinys-ant-padeklo\/#primaryimage","url":"https:\/\/kidsplay.lt\/wp-content\/uploads\/2026\/04\/VIGA-arbatos-ir-kavos-rinkinys-ant-padeklo.jpg","contentUrl":"https:\/\/kidsplay.lt\/wp-content\/uploads\/2026\/04\/VIGA-arbatos-ir-kavos-rinkinys-ant-padeklo.jpg","width":2000,"height":2042,"caption":"VIGA arbatos ir kavos rinkinys ant pad\u0117klo"},{"@type":"BreadcrumbList","@id":"https:\/\/kidsplay.lt\/produktas\/viga-arbatos-ir-kavos-rinkinys-ant-padeklo\/#breadcrumb","itemListElement":[{"@type":"ListItem","position":1,"name":"Pagrindinis","item":"https:\/\/kidsplay.lt\/"},{"@type":"ListItem","position":2,"name":"Parduotuv\u0117","item":"https:\/\/kidsplay.lt\/parduotuve\/"},{"@type":"ListItem","position":3,"name":"VIGA arbatos ir kavos rinkinys ant pad\u0117klo"}]},{"@type":"WebSite","@id":"https:\/\/kidsplay.lt\/#website","url":"https:\/\/kidsplay.lt\/","name":"B\u0113rnu sp\u0113les.lv","description":"\u012evairios prek\u0117s vaikams","publisher":{"@id":"https:\/\/kidsplay.lt\/#organization"},"alternateName":"Kidsplay","potentialAction":[{"@type":"SearchAction","target":{"@type":"EntryPoint","urlTemplate":"https:\/\/kidsplay.lt\/?s={search_term_string}"},"query-input":{"@type":"PropertyValueSpecification","valueRequired":true,"valueName":"search_term_string"}}],"inLanguage":"lv-LV"},{"@type":"Organization","@id":"https:\/\/kidsplay.lt\/#organization","name":"B\u0113rnu sp\u0113le","url":"https:\/\/kidsplay.lt\/","logo":{"@type":"ImageObject","inLanguage":"lv-LV","@id":"https:\/\/kidsplay.lt\/#\/schema\/logo\/image\/","url":"https:\/\/kidsplay.lt\/wp-content\/uploads\/2023\/07\/kidsplay-logo.png","contentUrl":"https:\/\/kidsplay.lt\/wp-content\/uploads\/2023\/07\/kidsplay-logo.png","width":451,"height":98,"caption":"KidsPlay"},"image":{"@id":"https:\/\/kidsplay.lt\/#\/schema\/logo\/image\/"},"sameAs":["https:\/\/www.facebook.com\/www.kidsplay.lt"]}]}},"_links":{"self":[{"href":"https:\/\/kidsplay.lt\/lv\/wp-json\/wp\/v2\/product\/106278","targetHints":{"allow":["GET"]}}],"collection":[{"href":"https:\/\/kidsplay.lt\/lv\/wp-json\/wp\/v2\/product"}],"about":[{"href":"https:\/\/kidsplay.lt\/lv\/wp-json\/wp\/v2\/types\/product"}],"version-history":[{"count":1,"href":"https:\/\/kidsplay.lt\/lv\/wp-json\/wp\/v2\/product\/106278\/revisions"}],"predecessor-version":[{"id":106279,"href":"https:\/\/kidsplay.lt\/lv\/wp-json\/wp\/v2\/product\/106278\/revisions\/106279"}],"wp:featuredmedia":[{"embeddable":true,"href":"https:\/\/kidsplay.lt\/lv\/wp-json\/wp\/v2\/media\/106280"}],"wp:attachment":[{"href":"https:\/\/kidsplay.lt\/lv\/wp-json\/wp\/v2\/media?parent=106278"}],"wp:term":[{"taxonomy":"product_brand","embeddable":true,"href":"https:\/\/kidsplay.lt\/lv\/wp-json\/wp\/v2\/product_brand?post=106278"},{"taxonomy":"product_cat","embeddable":true,"href":"https:\/\/kidsplay.lt\/lv\/wp-json\/wp\/v2\/product_cat?post=106278"},{"taxonomy":"product_tag","embeddable":true,"href":"https:\/\/kidsplay.lt\/lv\/wp-json\/wp\/v2\/product_tag?post=106278"}],"curies":[{"name":"wp","href":"https:\/\/api.w.org\/{rel}","templated":true}]}}