{"id":106285,"date":"2026-04-20T07:04:05","date_gmt":"2026-04-20T04:04:05","guid":{"rendered":"https:\/\/kidsplay.lt\/produktas\/viga-magnetines-lentos-skaiciu-rasymo-mokymasis-montessori\/"},"modified":"2026-04-20T07:04:19","modified_gmt":"2026-04-20T04:04:19","slug":"viga-magnetines-lentos-skaiciu-rasymo-mokymasis-montessori","status":"publish","type":"product","link":"https:\/\/kidsplay.lt\/lv\/products\/viga-magnetines-lentos-skaiciu-rasymo-mokymasis-montessori\/","title":{"rendered":"VIGA magnetin\u0117s lentos \u201eSkai\u010di\u0173 ra\u0161ymo mokymasis\u201c Montessori"},"content":{"rendered":"<p>VIGA medin\u0117s skai\u010di\u0173 lentos \u2013 puiki priemon\u0117 mokytis pagrindin\u0117s matematikos. Padedami t\u0117v\u0173 ar pedagog\u0173, vaikai ne tik i\u0161moksta skai\u010dius ir j\u0173 sudarym\u0105, bet ir pradeda mokytis juos ra\u0161yti. Turint \u0161iek tiek vaizduot\u0117s, \u0161ias lentas galima naudoti ir kuriant paprastas matematines u\u017eduotis, taip \u017eaidim\u0105 i\u0161ple\u010diant iki sud\u0117ties, atimties ir net sud\u0117tingesni\u0173 skai\u010diavim\u0173 mokymosi.<br \/>\nFunkcijas:<\/p>\n<p> \trinkin\u012f sudaro 10 magnetini\u0173 skai\u010di\u0173 lent\u0173<br \/>\n \tkiekvienoje medin\u0117je lentoje yra magnetinis \u017eymeklis, kuriuo vaikas judina rutuliuk\u0105 u\u017e permatomo langelio<br \/>\n \tvisa pagaminta i\u0161 auk\u0161\u010diausios kokyb\u0117s, vaikams saugi\u0173 med\u017eiag\u0173<\/p>","protected":false},"excerpt":{"rendered":"<p>VIGA medin\u0117s skai\u010di\u0173 lentos \u2013 puiki priemon\u0117 mokytis pagrindin\u0117s matematikos. Padedami t\u0117v\u0173 ar pedagog\u0173, vaikai ne tik i\u0161moksta skai\u010dius ir<\/p>","protected":false},"featured_media":106287,"template":"","meta":{"_acf_changed":false,"_glsr_average":0,"_glsr_ranking":0,"_glsr_reviews":0},"product_brand":[],"product_cat":[1051,1050],"product_tag":[],"class_list":{"0":"post-106285","1":"product","2":"type-product","3":"status-publish","4":"has-post-thumbnail","6":"product_cat-edukaciniai-lavinamieji-mediniai-zaislai-mediniai-zaislai","7":"product_cat-mediniai-zaislai","8":"\"style=\"background-color: #2ecc711c;\"","10":"first","11":"instock","12":"purchasable","13":"product-type-simple"},"acf":[],"yoast_head":"<!-- This site is optimized with the Yoast SEO plugin v27.4 - https:\/\/yoast.com\/product\/yoast-seo-wordpress\/ -->\n<title>VIGA magnetin\u0117s lentos \u201eSkai\u010di\u0173 ra\u0161ymo mokymasis\u201c Montessori<\/title>\n<meta name=\"description\" content=\"VIGA magnetin\u0117s lentos \u201eSkai\u010di\u0173 ra\u0161ymo mokymasis\u201c Montessori - KidsPlay. Did\u017eiausias vaik\u0173 \u017eaisl\u0173 pasirinkimas.\" \/>\n<meta name=\"robots\" content=\"index, follow, max-snippet:-1, max-image-preview:large, max-video-preview:-1\" \/>\n<link rel=\"canonical\" href=\"https:\/\/kidsplay.lt\/lv\/products\/viga-magnetines-lentos-skaiciu-rasymo-mokymasis-montessori\/\" \/>\n<meta property=\"og:locale\" content=\"lv_LV\" \/>\n<meta property=\"og:type\" content=\"article\" \/>\n<meta property=\"og:title\" content=\"VIGA magnetin\u0117s lentos \u201eSkai\u010di\u0173 ra\u0161ymo mokymasis\u201c Montessori\" \/>\n<meta property=\"og:description\" content=\"VIGA magnetin\u0117s lentos \u201eSkai\u010di\u0173 ra\u0161ymo mokymasis\u201c Montessori - KidsPlay. Did\u017eiausias vaik\u0173 \u017eaisl\u0173 pasirinkimas.\" \/>\n<meta property=\"og:url\" content=\"https:\/\/kidsplay.lt\/lv\/products\/viga-magnetines-lentos-skaiciu-rasymo-mokymasis-montessori\/\" \/>\n<meta property=\"og:site_name\" content=\"KidsPlay\" \/>\n<meta property=\"article:publisher\" content=\"https:\/\/www.facebook.com\/www.kidsplay.lt\" \/>\n<meta property=\"article:modified_time\" content=\"2026-04-20T04:04:19+00:00\" \/>\n<meta property=\"og:image\" content=\"https:\/\/kidsplay.lt\/wp-content\/uploads\/2026\/04\/VIGA-magnetines-lentos-\u201eSkaiciu-rasymo-mokymasis-Montessori.jpg\" \/>\n\t<meta property=\"og:image:width\" content=\"2560\" \/>\n\t<meta property=\"og:image:height\" content=\"2560\" \/>\n\t<meta property=\"og:image:type\" content=\"image\/jpeg\" \/>\n<meta name=\"twitter:card\" content=\"summary_large_image\" \/>\n<script type=\"application\/ld+json\" class=\"yoast-schema-graph\">{\"@context\":\"https:\\\/\\\/schema.org\",\"@graph\":[{\"@type\":\"WebPage\",\"@id\":\"https:\\\/\\\/kidsplay.lt\\\/produktas\\\/viga-magnetines-lentos-skaiciu-rasymo-mokymasis-montessori\\\/\",\"url\":\"https:\\\/\\\/kidsplay.lt\\\/produktas\\\/viga-magnetines-lentos-skaiciu-rasymo-mokymasis-montessori\\\/\",\"name\":\"VIGA magnetin\u0117s lentos \u201eSkai\u010di\u0173 ra\u0161ymo mokymasis\u201c Montessori\",\"isPartOf\":{\"@id\":\"https:\\\/\\\/kidsplay.lt\\\/#website\"},\"primaryImageOfPage\":{\"@id\":\"https:\\\/\\\/kidsplay.lt\\\/produktas\\\/viga-magnetines-lentos-skaiciu-rasymo-mokymasis-montessori\\\/#primaryimage\"},\"image\":{\"@id\":\"https:\\\/\\\/kidsplay.lt\\\/produktas\\\/viga-magnetines-lentos-skaiciu-rasymo-mokymasis-montessori\\\/#primaryimage\"},\"thumbnailUrl\":\"https:\\\/\\\/kidsplay.lt\\\/wp-content\\\/uploads\\\/2026\\\/04\\\/VIGA-magnetines-lentos-\u201eSkaiciu-rasymo-mokymasis-Montessori.jpg\",\"datePublished\":\"2026-04-20T04:04:05+00:00\",\"dateModified\":\"2026-04-20T04:04:19+00:00\",\"description\":\"VIGA magnetin\u0117s lentos \u201eSkai\u010di\u0173 ra\u0161ymo mokymasis\u201c Montessori - KidsPlay. Did\u017eiausias vaik\u0173 \u017eaisl\u0173 pasirinkimas.\",\"breadcrumb\":{\"@id\":\"https:\\\/\\\/kidsplay.lt\\\/produktas\\\/viga-magnetines-lentos-skaiciu-rasymo-mokymasis-montessori\\\/#breadcrumb\"},\"inLanguage\":\"lv-LV\",\"potentialAction\":[{\"@type\":\"ReadAction\",\"target\":[\"https:\\\/\\\/kidsplay.lt\\\/produktas\\\/viga-magnetines-lentos-skaiciu-rasymo-mokymasis-montessori\\\/\"]}]},{\"@type\":\"ImageObject\",\"inLanguage\":\"lv-LV\",\"@id\":\"https:\\\/\\\/kidsplay.lt\\\/produktas\\\/viga-magnetines-lentos-skaiciu-rasymo-mokymasis-montessori\\\/#primaryimage\",\"url\":\"https:\\\/\\\/kidsplay.lt\\\/wp-content\\\/uploads\\\/2026\\\/04\\\/VIGA-magnetines-lentos-\u201eSkaiciu-rasymo-mokymasis-Montessori.jpg\",\"contentUrl\":\"https:\\\/\\\/kidsplay.lt\\\/wp-content\\\/uploads\\\/2026\\\/04\\\/VIGA-magnetines-lentos-\u201eSkaiciu-rasymo-mokymasis-Montessori.jpg\",\"width\":2560,\"height\":2560,\"caption\":\"VIGA magnetin\u0117s lentos \u201eSkai\u010di\u0173 ra\u0161ymo mokymasis\u201c Montessori\"},{\"@type\":\"BreadcrumbList\",\"@id\":\"https:\\\/\\\/kidsplay.lt\\\/produktas\\\/viga-magnetines-lentos-skaiciu-rasymo-mokymasis-montessori\\\/#breadcrumb\",\"itemListElement\":[{\"@type\":\"ListItem\",\"position\":1,\"name\":\"Pagrindinis\",\"item\":\"https:\\\/\\\/kidsplay.lt\\\/\"},{\"@type\":\"ListItem\",\"position\":2,\"name\":\"Parduotuv\u0117\",\"item\":\"https:\\\/\\\/kidsplay.lt\\\/parduotuve\\\/\"},{\"@type\":\"ListItem\",\"position\":3,\"name\":\"VIGA magnetin\u0117s lentos \u201eSkai\u010di\u0173 ra\u0161ymo mokymasis\u201c Montessori\"}]},{\"@type\":\"WebSite\",\"@id\":\"https:\\\/\\\/kidsplay.lt\\\/#website\",\"url\":\"https:\\\/\\\/kidsplay.lt\\\/\",\"name\":\"Kidsplay.lt\",\"description\":\"\u012evairios prek\u0117s vaikams\",\"publisher\":{\"@id\":\"https:\\\/\\\/kidsplay.lt\\\/#organization\"},\"alternateName\":\"Kidsplay\",\"potentialAction\":[{\"@type\":\"SearchAction\",\"target\":{\"@type\":\"EntryPoint\",\"urlTemplate\":\"https:\\\/\\\/kidsplay.lt\\\/?s={search_term_string}\"},\"query-input\":{\"@type\":\"PropertyValueSpecification\",\"valueRequired\":true,\"valueName\":\"search_term_string\"}}],\"inLanguage\":\"lv-LV\"},{\"@type\":\"Organization\",\"@id\":\"https:\\\/\\\/kidsplay.lt\\\/#organization\",\"name\":\"KidsPlay\",\"url\":\"https:\\\/\\\/kidsplay.lt\\\/\",\"logo\":{\"@type\":\"ImageObject\",\"inLanguage\":\"lv-LV\",\"@id\":\"https:\\\/\\\/kidsplay.lt\\\/#\\\/schema\\\/logo\\\/image\\\/\",\"url\":\"https:\\\/\\\/kidsplay.lt\\\/wp-content\\\/uploads\\\/2023\\\/07\\\/kidsplay-logo.png\",\"contentUrl\":\"https:\\\/\\\/kidsplay.lt\\\/wp-content\\\/uploads\\\/2023\\\/07\\\/kidsplay-logo.png\",\"width\":451,\"height\":98,\"caption\":\"KidsPlay\"},\"image\":{\"@id\":\"https:\\\/\\\/kidsplay.lt\\\/#\\\/schema\\\/logo\\\/image\\\/\"},\"sameAs\":[\"https:\\\/\\\/www.facebook.com\\\/www.kidsplay.lt\"]}]}<\/script>\n<!-- \/ Yoast SEO plugin. -->","yoast_head_json":{"title":"VIGA magnetin\u0117s lentos \u201eSkai\u010di\u0173 ra\u0161ymo mokymasis\u201c Montessori","description":"VIGA magnetin\u0117s lentos \u201eSkai\u010di\u0173 ra\u0161ymo mokymasis\u201c Montessori - KidsPlay. Did\u017eiausias vaik\u0173 \u017eaisl\u0173 pasirinkimas.","robots":{"index":"index","follow":"follow","max-snippet":"max-snippet:-1","max-image-preview":"max-image-preview:large","max-video-preview":"max-video-preview:-1"},"canonical":"https:\/\/kidsplay.lt\/lv\/products\/viga-magnetines-lentos-skaiciu-rasymo-mokymasis-montessori\/","og_locale":"lv_LV","og_type":"article","og_title":"VIGA magnetin\u0117s lentos \u201eSkai\u010di\u0173 ra\u0161ymo mokymasis\u201c Montessori","og_description":"VIGA magnetin\u0117s lentos \u201eSkai\u010di\u0173 ra\u0161ymo mokymasis\u201c Montessori - KidsPlay. Did\u017eiausias vaik\u0173 \u017eaisl\u0173 pasirinkimas.","og_url":"https:\/\/kidsplay.lt\/lv\/products\/viga-magnetines-lentos-skaiciu-rasymo-mokymasis-montessori\/","og_site_name":"KidsPlay","article_publisher":"https:\/\/www.facebook.com\/www.kidsplay.lt","article_modified_time":"2026-04-20T04:04:19+00:00","og_image":[{"width":2560,"height":2560,"url":"https:\/\/kidsplay.lt\/wp-content\/uploads\/2026\/04\/VIGA-magnetines-lentos-\u201eSkaiciu-rasymo-mokymasis-Montessori.jpg","type":"image\/jpeg"}],"twitter_card":"summary_large_image","schema":{"@context":"https:\/\/schema.org","@graph":[{"@type":"WebPage","@id":"https:\/\/kidsplay.lt\/produktas\/viga-magnetines-lentos-skaiciu-rasymo-mokymasis-montessori\/","url":"https:\/\/kidsplay.lt\/produktas\/viga-magnetines-lentos-skaiciu-rasymo-mokymasis-montessori\/","name":"VIGA magnetin\u0117s lentos \u201eSkai\u010di\u0173 ra\u0161ymo mokymasis\u201c Montessori","isPartOf":{"@id":"https:\/\/kidsplay.lt\/#website"},"primaryImageOfPage":{"@id":"https:\/\/kidsplay.lt\/produktas\/viga-magnetines-lentos-skaiciu-rasymo-mokymasis-montessori\/#primaryimage"},"image":{"@id":"https:\/\/kidsplay.lt\/produktas\/viga-magnetines-lentos-skaiciu-rasymo-mokymasis-montessori\/#primaryimage"},"thumbnailUrl":"https:\/\/kidsplay.lt\/wp-content\/uploads\/2026\/04\/VIGA-magnetines-lentos-\u201eSkaiciu-rasymo-mokymasis-Montessori.jpg","datePublished":"2026-04-20T04:04:05+00:00","dateModified":"2026-04-20T04:04:19+00:00","description":"VIGA magnetin\u0117s lentos \u201eSkai\u010di\u0173 ra\u0161ymo mokymasis\u201c Montessori - KidsPlay. Did\u017eiausias vaik\u0173 \u017eaisl\u0173 pasirinkimas.","breadcrumb":{"@id":"https:\/\/kidsplay.lt\/produktas\/viga-magnetines-lentos-skaiciu-rasymo-mokymasis-montessori\/#breadcrumb"},"inLanguage":"lv-LV","potentialAction":[{"@type":"ReadAction","target":["https:\/\/kidsplay.lt\/produktas\/viga-magnetines-lentos-skaiciu-rasymo-mokymasis-montessori\/"]}]},{"@type":"ImageObject","inLanguage":"lv-LV","@id":"https:\/\/kidsplay.lt\/produktas\/viga-magnetines-lentos-skaiciu-rasymo-mokymasis-montessori\/#primaryimage","url":"https:\/\/kidsplay.lt\/wp-content\/uploads\/2026\/04\/VIGA-magnetines-lentos-\u201eSkaiciu-rasymo-mokymasis-Montessori.jpg","contentUrl":"https:\/\/kidsplay.lt\/wp-content\/uploads\/2026\/04\/VIGA-magnetines-lentos-\u201eSkaiciu-rasymo-mokymasis-Montessori.jpg","width":2560,"height":2560,"caption":"VIGA magnetin\u0117s lentos \u201eSkai\u010di\u0173 ra\u0161ymo mokymasis\u201c Montessori"},{"@type":"BreadcrumbList","@id":"https:\/\/kidsplay.lt\/produktas\/viga-magnetines-lentos-skaiciu-rasymo-mokymasis-montessori\/#breadcrumb","itemListElement":[{"@type":"ListItem","position":1,"name":"Pagrindinis","item":"https:\/\/kidsplay.lt\/"},{"@type":"ListItem","position":2,"name":"Parduotuv\u0117","item":"https:\/\/kidsplay.lt\/parduotuve\/"},{"@type":"ListItem","position":3,"name":"VIGA magnetin\u0117s lentos \u201eSkai\u010di\u0173 ra\u0161ymo mokymasis\u201c Montessori"}]},{"@type":"WebSite","@id":"https:\/\/kidsplay.lt\/#website","url":"https:\/\/kidsplay.lt\/","name":"B\u0113rnu sp\u0113les.lv","description":"\u012evairios prek\u0117s vaikams","publisher":{"@id":"https:\/\/kidsplay.lt\/#organization"},"alternateName":"Kidsplay","potentialAction":[{"@type":"SearchAction","target":{"@type":"EntryPoint","urlTemplate":"https:\/\/kidsplay.lt\/?s={search_term_string}"},"query-input":{"@type":"PropertyValueSpecification","valueRequired":true,"valueName":"search_term_string"}}],"inLanguage":"lv-LV"},{"@type":"Organization","@id":"https:\/\/kidsplay.lt\/#organization","name":"B\u0113rnu sp\u0113le","url":"https:\/\/kidsplay.lt\/","logo":{"@type":"ImageObject","inLanguage":"lv-LV","@id":"https:\/\/kidsplay.lt\/#\/schema\/logo\/image\/","url":"https:\/\/kidsplay.lt\/wp-content\/uploads\/2023\/07\/kidsplay-logo.png","contentUrl":"https:\/\/kidsplay.lt\/wp-content\/uploads\/2023\/07\/kidsplay-logo.png","width":451,"height":98,"caption":"KidsPlay"},"image":{"@id":"https:\/\/kidsplay.lt\/#\/schema\/logo\/image\/"},"sameAs":["https:\/\/www.facebook.com\/www.kidsplay.lt"]}]}},"_links":{"self":[{"href":"https:\/\/kidsplay.lt\/lv\/wp-json\/wp\/v2\/product\/106285","targetHints":{"allow":["GET"]}}],"collection":[{"href":"https:\/\/kidsplay.lt\/lv\/wp-json\/wp\/v2\/product"}],"about":[{"href":"https:\/\/kidsplay.lt\/lv\/wp-json\/wp\/v2\/types\/product"}],"version-history":[{"count":1,"href":"https:\/\/kidsplay.lt\/lv\/wp-json\/wp\/v2\/product\/106285\/revisions"}],"predecessor-version":[{"id":106286,"href":"https:\/\/kidsplay.lt\/lv\/wp-json\/wp\/v2\/product\/106285\/revisions\/106286"}],"wp:featuredmedia":[{"embeddable":true,"href":"https:\/\/kidsplay.lt\/lv\/wp-json\/wp\/v2\/media\/106287"}],"wp:attachment":[{"href":"https:\/\/kidsplay.lt\/lv\/wp-json\/wp\/v2\/media?parent=106285"}],"wp:term":[{"taxonomy":"product_brand","embeddable":true,"href":"https:\/\/kidsplay.lt\/lv\/wp-json\/wp\/v2\/product_brand?post=106285"},{"taxonomy":"product_cat","embeddable":true,"href":"https:\/\/kidsplay.lt\/lv\/wp-json\/wp\/v2\/product_cat?post=106285"},{"taxonomy":"product_tag","embeddable":true,"href":"https:\/\/kidsplay.lt\/lv\/wp-json\/wp\/v2\/product_tag?post=106285"}],"curies":[{"name":"wp","href":"https:\/\/api.w.org\/{rel}","templated":true}]}}