{"id":106292,"date":"2026-04-20T07:04:26","date_gmt":"2026-04-20T04:04:26","guid":{"rendered":"https:\/\/kidsplay.lt\/produktas\/woopie-green-medines-deliones-kaladeles-gyvunai-montessori\/"},"modified":"2026-04-20T18:30:01","modified_gmt":"2026-04-20T15:30:01","slug":"woopie-green-medines-deliones-kaladeles-gyvunai-montessori","status":"publish","type":"product","link":"https:\/\/kidsplay.lt\/lv\/products\/woopie-green-medines-deliones-kaladeles-gyvunai-montessori\/","title":{"rendered":"WOOPIE GREEN medin\u0117s d\u0117lion\u0117s kalad\u0117l\u0117s \u201eGyv\u016bnai\u201c Montessori"},"content":{"rendered":"<p>Medin\u0117 gyv\u016bn\u0173 d\u0117lion\u0117 \u2013 tai unikalus edukacinis rinkinys, kuris apgalvotai sujungia laisv\u0105 \u017eaidim\u0105 ir mokym\u0105si. Pagrindin\u0117 ma\u017eyli\u0173 u\u017eduotis \u2013 suderinti dideles medines kalad\u0117les su joms skirtomis vietomis ant paruo\u0161t\u0173 korteli\u0173. Specialiai suformuotos \u012fdubos kortel\u0117se neleid\u017eia detal\u0117ms jud\u0117ti, tod\u0117l paveiksl\u0117li\u0173 sud\u0117jimas tampa lengvesnis ir ma\u017eiau varginantis, kartu lavinant tikslum\u0105.<br \/>\nFunkcijas:<\/p>\n<p> \t\u017eaislas skirtas vaikams nuo 12 m\u0117nesi\u0173 am\u017eiaus<br \/>\n \td\u0117lion\u0117s turi skirtingas formas ir spalvas, kurios tiksliai atitinka paveiksl\u0117lius<br \/>\n \tkalad\u0117l\u0117s pagamintos i\u0161 ekologi\u0161kos FSC sertifikuotos medienos<br \/>\n \tspecialios \u012fdubos kortel\u0117se u\u017etikrina sud\u0117t\u0173 element\u0173 stabilum\u0105<\/p>\n<p>Komplekt\u0101 ietilpst:<\/p>\n<p> \t34 dideli mediniai elementai<br \/>\n \t6 patvarios, spalvingos kortel\u0117s su paruo\u0161tais sud\u0117liojimui paveiksl\u0117liais<\/p>","protected":false},"excerpt":{"rendered":"<p>Medin\u0117 gyv\u016bn\u0173 d\u0117lion\u0117 \u2013 tai unikalus edukacinis rinkinys, kuris apgalvotai sujungia laisv\u0105 \u017eaidim\u0105 ir mokym\u0105si. Pagrindin\u0117 ma\u017eyli\u0173 u\u017eduotis \u2013 suderinti<\/p>","protected":false},"featured_media":106294,"template":"","meta":{"_acf_changed":false,"_glsr_average":0,"_glsr_ranking":0,"_glsr_reviews":0},"product_brand":[],"product_cat":[1052,1050],"product_tag":[],"class_list":{"0":"post-106292","1":"product","2":"type-product","3":"status-publish","4":"has-post-thumbnail","6":"product_cat-medines-deliones","7":"product_cat-mediniai-zaislai","8":"\"style=\"background-color: #2ecc711c;\"","10":"first","11":"instock","12":"purchasable","13":"product-type-simple"},"acf":[],"yoast_head":"<!-- This site is optimized with the Yoast SEO plugin v27.4 - https:\/\/yoast.com\/product\/yoast-seo-wordpress\/ -->\n<title>WOOPIE GREEN medin\u0117s d\u0117lion\u0117s kalad\u0117l\u0117s \u201eGyv\u016bnai\u201c Montessori<\/title>\n<meta name=\"description\" content=\"WOOPIE GREEN medin\u0117s d\u0117lion\u0117s kalad\u0117l\u0117s \u201eGyv\u016bnai\u201c Montessori - KidsPlay. Did\u017eiausias vaik\u0173 \u017eaisl\u0173 pasirinkimas.\" \/>\n<meta name=\"robots\" content=\"index, follow, max-snippet:-1, max-image-preview:large, max-video-preview:-1\" \/>\n<link rel=\"canonical\" href=\"https:\/\/kidsplay.lt\/lv\/products\/woopie-green-medines-deliones-kaladeles-gyvunai-montessori\/\" \/>\n<meta property=\"og:locale\" content=\"lv_LV\" \/>\n<meta property=\"og:type\" content=\"article\" \/>\n<meta property=\"og:title\" content=\"WOOPIE GREEN medin\u0117s d\u0117lion\u0117s kalad\u0117l\u0117s \u201eGyv\u016bnai\u201c Montessori\" \/>\n<meta property=\"og:description\" content=\"WOOPIE GREEN medin\u0117s d\u0117lion\u0117s kalad\u0117l\u0117s \u201eGyv\u016bnai\u201c Montessori - KidsPlay. Did\u017eiausias vaik\u0173 \u017eaisl\u0173 pasirinkimas.\" \/>\n<meta property=\"og:url\" content=\"https:\/\/kidsplay.lt\/lv\/products\/woopie-green-medines-deliones-kaladeles-gyvunai-montessori\/\" \/>\n<meta property=\"og:site_name\" content=\"KidsPlay\" \/>\n<meta property=\"article:publisher\" content=\"https:\/\/www.facebook.com\/www.kidsplay.lt\" \/>\n<meta property=\"article:modified_time\" content=\"2026-04-20T15:30:01+00:00\" \/>\n<meta property=\"og:image\" content=\"https:\/\/kidsplay.lt\/wp-content\/uploads\/2026\/04\/WOOPIE-GREEN-medines-deliones-kaladeles-\u201eGyvunai-Montessori-800x800.png\" \/>\n\t<meta property=\"og:image:width\" content=\"800\" \/>\n\t<meta property=\"og:image:height\" content=\"800\" \/>\n\t<meta property=\"og:image:type\" content=\"image\/png\" \/>\n<meta name=\"twitter:card\" content=\"summary_large_image\" \/>\n<meta name=\"twitter:label1\" content=\"Est. reading time\" \/>\n\t<meta name=\"twitter:data1\" content=\"1 min\u016bte\" \/>\n<script type=\"application\/ld+json\" class=\"yoast-schema-graph\">{\"@context\":\"https:\\\/\\\/schema.org\",\"@graph\":[{\"@type\":\"WebPage\",\"@id\":\"https:\\\/\\\/kidsplay.lt\\\/produktas\\\/woopie-green-medines-deliones-kaladeles-gyvunai-montessori\\\/\",\"url\":\"https:\\\/\\\/kidsplay.lt\\\/produktas\\\/woopie-green-medines-deliones-kaladeles-gyvunai-montessori\\\/\",\"name\":\"WOOPIE GREEN medin\u0117s d\u0117lion\u0117s kalad\u0117l\u0117s \u201eGyv\u016bnai\u201c Montessori\",\"isPartOf\":{\"@id\":\"https:\\\/\\\/kidsplay.lt\\\/#website\"},\"primaryImageOfPage\":{\"@id\":\"https:\\\/\\\/kidsplay.lt\\\/produktas\\\/woopie-green-medines-deliones-kaladeles-gyvunai-montessori\\\/#primaryimage\"},\"image\":{\"@id\":\"https:\\\/\\\/kidsplay.lt\\\/produktas\\\/woopie-green-medines-deliones-kaladeles-gyvunai-montessori\\\/#primaryimage\"},\"thumbnailUrl\":\"https:\\\/\\\/kidsplay.lt\\\/wp-content\\\/uploads\\\/2026\\\/04\\\/WOOPIE-GREEN-medines-deliones-kaladeles-\u201eGyvunai-Montessori.png\",\"datePublished\":\"2026-04-20T04:04:26+00:00\",\"dateModified\":\"2026-04-20T15:30:01+00:00\",\"description\":\"WOOPIE GREEN medin\u0117s d\u0117lion\u0117s kalad\u0117l\u0117s \u201eGyv\u016bnai\u201c Montessori - KidsPlay. Did\u017eiausias vaik\u0173 \u017eaisl\u0173 pasirinkimas.\",\"breadcrumb\":{\"@id\":\"https:\\\/\\\/kidsplay.lt\\\/produktas\\\/woopie-green-medines-deliones-kaladeles-gyvunai-montessori\\\/#breadcrumb\"},\"inLanguage\":\"lv-LV\",\"potentialAction\":[{\"@type\":\"ReadAction\",\"target\":[\"https:\\\/\\\/kidsplay.lt\\\/produktas\\\/woopie-green-medines-deliones-kaladeles-gyvunai-montessori\\\/\"]}]},{\"@type\":\"ImageObject\",\"inLanguage\":\"lv-LV\",\"@id\":\"https:\\\/\\\/kidsplay.lt\\\/produktas\\\/woopie-green-medines-deliones-kaladeles-gyvunai-montessori\\\/#primaryimage\",\"url\":\"https:\\\/\\\/kidsplay.lt\\\/wp-content\\\/uploads\\\/2026\\\/04\\\/WOOPIE-GREEN-medines-deliones-kaladeles-\u201eGyvunai-Montessori.png\",\"contentUrl\":\"https:\\\/\\\/kidsplay.lt\\\/wp-content\\\/uploads\\\/2026\\\/04\\\/WOOPIE-GREEN-medines-deliones-kaladeles-\u201eGyvunai-Montessori.png\",\"width\":2560,\"height\":2560,\"caption\":\"WOOPIE GREEN medin\u0117s d\u0117lion\u0117s kalad\u0117l\u0117s \u201eGyv\u016bnai\u201c Montessori\"},{\"@type\":\"BreadcrumbList\",\"@id\":\"https:\\\/\\\/kidsplay.lt\\\/produktas\\\/woopie-green-medines-deliones-kaladeles-gyvunai-montessori\\\/#breadcrumb\",\"itemListElement\":[{\"@type\":\"ListItem\",\"position\":1,\"name\":\"Pagrindinis\",\"item\":\"https:\\\/\\\/kidsplay.lt\\\/\"},{\"@type\":\"ListItem\",\"position\":2,\"name\":\"Parduotuv\u0117\",\"item\":\"https:\\\/\\\/kidsplay.lt\\\/parduotuve\\\/\"},{\"@type\":\"ListItem\",\"position\":3,\"name\":\"WOOPIE GREEN medin\u0117s d\u0117lion\u0117s kalad\u0117l\u0117s \u201eGyv\u016bnai\u201c Montessori\"}]},{\"@type\":\"WebSite\",\"@id\":\"https:\\\/\\\/kidsplay.lt\\\/#website\",\"url\":\"https:\\\/\\\/kidsplay.lt\\\/\",\"name\":\"Kidsplay.lt\",\"description\":\"\u012evairios prek\u0117s vaikams\",\"publisher\":{\"@id\":\"https:\\\/\\\/kidsplay.lt\\\/#organization\"},\"alternateName\":\"Kidsplay\",\"potentialAction\":[{\"@type\":\"SearchAction\",\"target\":{\"@type\":\"EntryPoint\",\"urlTemplate\":\"https:\\\/\\\/kidsplay.lt\\\/?s={search_term_string}\"},\"query-input\":{\"@type\":\"PropertyValueSpecification\",\"valueRequired\":true,\"valueName\":\"search_term_string\"}}],\"inLanguage\":\"lv-LV\"},{\"@type\":\"Organization\",\"@id\":\"https:\\\/\\\/kidsplay.lt\\\/#organization\",\"name\":\"KidsPlay\",\"url\":\"https:\\\/\\\/kidsplay.lt\\\/\",\"logo\":{\"@type\":\"ImageObject\",\"inLanguage\":\"lv-LV\",\"@id\":\"https:\\\/\\\/kidsplay.lt\\\/#\\\/schema\\\/logo\\\/image\\\/\",\"url\":\"https:\\\/\\\/kidsplay.lt\\\/wp-content\\\/uploads\\\/2023\\\/07\\\/kidsplay-logo.png\",\"contentUrl\":\"https:\\\/\\\/kidsplay.lt\\\/wp-content\\\/uploads\\\/2023\\\/07\\\/kidsplay-logo.png\",\"width\":451,\"height\":98,\"caption\":\"KidsPlay\"},\"image\":{\"@id\":\"https:\\\/\\\/kidsplay.lt\\\/#\\\/schema\\\/logo\\\/image\\\/\"},\"sameAs\":[\"https:\\\/\\\/www.facebook.com\\\/www.kidsplay.lt\"]}]}<\/script>\n<!-- \/ Yoast SEO plugin. -->","yoast_head_json":{"title":"WOOPIE GREEN medin\u0117s d\u0117lion\u0117s kalad\u0117l\u0117s \u201eGyv\u016bnai\u201c Montessori","description":"WOOPIE GREEN medin\u0117s d\u0117lion\u0117s kalad\u0117l\u0117s \u201eGyv\u016bnai\u201c Montessori - KidsPlay. Did\u017eiausias vaik\u0173 \u017eaisl\u0173 pasirinkimas.","robots":{"index":"index","follow":"follow","max-snippet":"max-snippet:-1","max-image-preview":"max-image-preview:large","max-video-preview":"max-video-preview:-1"},"canonical":"https:\/\/kidsplay.lt\/lv\/products\/woopie-green-medines-deliones-kaladeles-gyvunai-montessori\/","og_locale":"lv_LV","og_type":"article","og_title":"WOOPIE GREEN medin\u0117s d\u0117lion\u0117s kalad\u0117l\u0117s \u201eGyv\u016bnai\u201c Montessori","og_description":"WOOPIE GREEN medin\u0117s d\u0117lion\u0117s kalad\u0117l\u0117s \u201eGyv\u016bnai\u201c Montessori - KidsPlay. Did\u017eiausias vaik\u0173 \u017eaisl\u0173 pasirinkimas.","og_url":"https:\/\/kidsplay.lt\/lv\/products\/woopie-green-medines-deliones-kaladeles-gyvunai-montessori\/","og_site_name":"KidsPlay","article_publisher":"https:\/\/www.facebook.com\/www.kidsplay.lt","article_modified_time":"2026-04-20T15:30:01+00:00","og_image":[{"width":800,"height":800,"url":"https:\/\/kidsplay.lt\/wp-content\/uploads\/2026\/04\/WOOPIE-GREEN-medines-deliones-kaladeles-\u201eGyvunai-Montessori-800x800.png","type":"image\/png"}],"twitter_card":"summary_large_image","twitter_misc":{"Est. reading time":"1 min\u016bte"},"schema":{"@context":"https:\/\/schema.org","@graph":[{"@type":"WebPage","@id":"https:\/\/kidsplay.lt\/produktas\/woopie-green-medines-deliones-kaladeles-gyvunai-montessori\/","url":"https:\/\/kidsplay.lt\/produktas\/woopie-green-medines-deliones-kaladeles-gyvunai-montessori\/","name":"WOOPIE GREEN medin\u0117s d\u0117lion\u0117s kalad\u0117l\u0117s \u201eGyv\u016bnai\u201c Montessori","isPartOf":{"@id":"https:\/\/kidsplay.lt\/#website"},"primaryImageOfPage":{"@id":"https:\/\/kidsplay.lt\/produktas\/woopie-green-medines-deliones-kaladeles-gyvunai-montessori\/#primaryimage"},"image":{"@id":"https:\/\/kidsplay.lt\/produktas\/woopie-green-medines-deliones-kaladeles-gyvunai-montessori\/#primaryimage"},"thumbnailUrl":"https:\/\/kidsplay.lt\/wp-content\/uploads\/2026\/04\/WOOPIE-GREEN-medines-deliones-kaladeles-\u201eGyvunai-Montessori.png","datePublished":"2026-04-20T04:04:26+00:00","dateModified":"2026-04-20T15:30:01+00:00","description":"WOOPIE GREEN medin\u0117s d\u0117lion\u0117s kalad\u0117l\u0117s \u201eGyv\u016bnai\u201c Montessori - KidsPlay. Did\u017eiausias vaik\u0173 \u017eaisl\u0173 pasirinkimas.","breadcrumb":{"@id":"https:\/\/kidsplay.lt\/produktas\/woopie-green-medines-deliones-kaladeles-gyvunai-montessori\/#breadcrumb"},"inLanguage":"lv-LV","potentialAction":[{"@type":"ReadAction","target":["https:\/\/kidsplay.lt\/produktas\/woopie-green-medines-deliones-kaladeles-gyvunai-montessori\/"]}]},{"@type":"ImageObject","inLanguage":"lv-LV","@id":"https:\/\/kidsplay.lt\/produktas\/woopie-green-medines-deliones-kaladeles-gyvunai-montessori\/#primaryimage","url":"https:\/\/kidsplay.lt\/wp-content\/uploads\/2026\/04\/WOOPIE-GREEN-medines-deliones-kaladeles-\u201eGyvunai-Montessori.png","contentUrl":"https:\/\/kidsplay.lt\/wp-content\/uploads\/2026\/04\/WOOPIE-GREEN-medines-deliones-kaladeles-\u201eGyvunai-Montessori.png","width":2560,"height":2560,"caption":"WOOPIE GREEN medin\u0117s d\u0117lion\u0117s kalad\u0117l\u0117s \u201eGyv\u016bnai\u201c Montessori"},{"@type":"BreadcrumbList","@id":"https:\/\/kidsplay.lt\/produktas\/woopie-green-medines-deliones-kaladeles-gyvunai-montessori\/#breadcrumb","itemListElement":[{"@type":"ListItem","position":1,"name":"Pagrindinis","item":"https:\/\/kidsplay.lt\/"},{"@type":"ListItem","position":2,"name":"Parduotuv\u0117","item":"https:\/\/kidsplay.lt\/parduotuve\/"},{"@type":"ListItem","position":3,"name":"WOOPIE GREEN medin\u0117s d\u0117lion\u0117s kalad\u0117l\u0117s \u201eGyv\u016bnai\u201c Montessori"}]},{"@type":"WebSite","@id":"https:\/\/kidsplay.lt\/#website","url":"https:\/\/kidsplay.lt\/","name":"B\u0113rnu sp\u0113les.lv","description":"\u012evairios prek\u0117s vaikams","publisher":{"@id":"https:\/\/kidsplay.lt\/#organization"},"alternateName":"Kidsplay","potentialAction":[{"@type":"SearchAction","target":{"@type":"EntryPoint","urlTemplate":"https:\/\/kidsplay.lt\/?s={search_term_string}"},"query-input":{"@type":"PropertyValueSpecification","valueRequired":true,"valueName":"search_term_string"}}],"inLanguage":"lv-LV"},{"@type":"Organization","@id":"https:\/\/kidsplay.lt\/#organization","name":"B\u0113rnu sp\u0113le","url":"https:\/\/kidsplay.lt\/","logo":{"@type":"ImageObject","inLanguage":"lv-LV","@id":"https:\/\/kidsplay.lt\/#\/schema\/logo\/image\/","url":"https:\/\/kidsplay.lt\/wp-content\/uploads\/2023\/07\/kidsplay-logo.png","contentUrl":"https:\/\/kidsplay.lt\/wp-content\/uploads\/2023\/07\/kidsplay-logo.png","width":451,"height":98,"caption":"KidsPlay"},"image":{"@id":"https:\/\/kidsplay.lt\/#\/schema\/logo\/image\/"},"sameAs":["https:\/\/www.facebook.com\/www.kidsplay.lt"]}]}},"_links":{"self":[{"href":"https:\/\/kidsplay.lt\/lv\/wp-json\/wp\/v2\/product\/106292","targetHints":{"allow":["GET"]}}],"collection":[{"href":"https:\/\/kidsplay.lt\/lv\/wp-json\/wp\/v2\/product"}],"about":[{"href":"https:\/\/kidsplay.lt\/lv\/wp-json\/wp\/v2\/types\/product"}],"version-history":[{"count":1,"href":"https:\/\/kidsplay.lt\/lv\/wp-json\/wp\/v2\/product\/106292\/revisions"}],"predecessor-version":[{"id":106293,"href":"https:\/\/kidsplay.lt\/lv\/wp-json\/wp\/v2\/product\/106292\/revisions\/106293"}],"wp:featuredmedia":[{"embeddable":true,"href":"https:\/\/kidsplay.lt\/lv\/wp-json\/wp\/v2\/media\/106294"}],"wp:attachment":[{"href":"https:\/\/kidsplay.lt\/lv\/wp-json\/wp\/v2\/media?parent=106292"}],"wp:term":[{"taxonomy":"product_brand","embeddable":true,"href":"https:\/\/kidsplay.lt\/lv\/wp-json\/wp\/v2\/product_brand?post=106292"},{"taxonomy":"product_cat","embeddable":true,"href":"https:\/\/kidsplay.lt\/lv\/wp-json\/wp\/v2\/product_cat?post=106292"},{"taxonomy":"product_tag","embeddable":true,"href":"https:\/\/kidsplay.lt\/lv\/wp-json\/wp\/v2\/product_tag?post=106292"}],"curies":[{"name":"wp","href":"https:\/\/api.w.org\/{rel}","templated":true}]}}