{"id":106306,"date":"2026-04-20T07:05:22","date_gmt":"2026-04-20T04:05:22","guid":{"rendered":"https:\/\/kidsplay.lt\/produktas\/tooky-toy-formu-rusiuoklis-su-spalvingomis-montessori-kaladelemis\/"},"modified":"2026-04-20T07:05:37","modified_gmt":"2026-04-20T04:05:37","slug":"tooky-toy-formu-rusiuoklis-su-spalvingomis-montessori-kaladelemis","status":"publish","type":"product","link":"https:\/\/kidsplay.lt\/lv\/products\/tooky-toy-formu-rusiuoklis-su-spalvingomis-montessori-kaladelemis\/","title":{"rendered":"TOOKY TOY form\u0173 r\u016b\u0161iuoklis su spalvingomis Montessori kalad\u0117l\u0117mis"},"content":{"rendered":"<p>Atraskite skai\u010diavimo mokymosi d\u017eiaugsm\u0105 su \u201eTooky Toy\u201c!<br \/>\nIe\u0161kote \u017eaislo, kuris su\u017eadint\u0173 j\u016bs\u0173 ma\u017eylio smalsum\u0105 ir tarnaut\u0173 ilgus metus? \u0160is spalvingas form\u0173 r\u016b\u0161iuoklis \u2013 tai ne tik spalvota bok\u0161t\u0173 piramid\u0117, bet ir puiki priemon\u0117 lavinti ma\u017eas rankeles bei a\u0161tr\u0173 prot\u0105. Kalad\u0117li\u0173 d\u0117liojimas ant speciali\u0173 stulpeli\u0173 yra \u012ftraukiantis i\u0161\u0161\u016bkis, kuris kiekvien\u0105 bandym\u0105 paver\u010dia vaiko s\u0117kme. Pagamintas i\u0161 ekologi\u0161kos medienos ir padengtas saugiais da\u017eais, \u0161is \u017eaislas u\u017etikrina saug\u0173 \u017eaidim\u0105 pagal Montessori principus. Padovanokite vaikui \u017eaisl\u0105, kuris skatina nat\u016bral\u0173 jo vystym\u0105si.<br \/>\nFunkcijas:<\/p>\n<p> \tskirtas vaikams nuo 2 met\u0173 am\u017eiaus<br \/>\n \tpagamintas i\u0161 patvarios medienos ir nuda\u017eytas netoksi\u0161kais da\u017eais<br \/>\n \tdizainas skatina savaranki\u0161kum\u0105, login\u012f m\u0105stym\u0105 ir mokym\u0105si per \u017eaidim\u0105<br \/>\n \tpadeda mokytis form\u0173 ir spalv\u0173<br \/>\n \try\u0161kios spalvos stimuliuoja reg\u0117jim\u0105 ir skatina vaikus imti kalad\u0117les<\/p>\n<p>Komplekt\u0101 ietilpst:<\/p>\n<p> \ttvirtas medinis pagrindas su keturiais stulpeliais<br \/>\n \tspalving\u0173 \u012fvairi\u0173 form\u0173 kalad\u0117li\u0173 rinkinys (\u012fskaitant apskritimus, kvadratus, trikampius)<br \/>\n \toriginali, esteti\u0161ka pakuot\u0117, puikiai tinkanti dovanai<\/p>","protected":false},"excerpt":{"rendered":"<p>Atraskite skai\u010diavimo mokymosi d\u017eiaugsm\u0105 su \u201eTooky Toy\u201c! Ie\u0161kote \u017eaislo, kuris su\u017eadint\u0173 j\u016bs\u0173 ma\u017eylio smalsum\u0105 ir tarnaut\u0173 ilgus metus? \u0160is spalvingas<\/p>","protected":false},"featured_media":106308,"template":"","meta":{"_acf_changed":false,"_glsr_average":0,"_glsr_ranking":0,"_glsr_reviews":0},"product_brand":[],"product_cat":[1051,1050],"product_tag":[],"class_list":{"0":"post-106306","1":"product","2":"type-product","3":"status-publish","4":"has-post-thumbnail","6":"product_cat-edukaciniai-lavinamieji-mediniai-zaislai-mediniai-zaislai","7":"product_cat-mediniai-zaislai","8":"\"style=\"background-color: #2ecc711c;\"","10":"first","11":"instock","12":"purchasable","13":"product-type-simple"},"acf":[],"yoast_head":"<!-- This site is optimized with the Yoast SEO plugin v27.4 - https:\/\/yoast.com\/product\/yoast-seo-wordpress\/ -->\n<title>TOOKY TOY form\u0173 r\u016b\u0161iuoklis su spalvingomis Montessori kalad\u0117l\u0117mis<\/title>\n<meta name=\"description\" content=\"TOOKY TOY form\u0173 r\u016b\u0161iuoklis su spalvingomis Montessori kalad\u0117l\u0117mis - KidsPlay. Did\u017eiausias vaik\u0173 \u017eaisl\u0173 pasirinkimas.\" \/>\n<meta name=\"robots\" content=\"index, follow, max-snippet:-1, max-image-preview:large, max-video-preview:-1\" \/>\n<link rel=\"canonical\" href=\"https:\/\/kidsplay.lt\/lv\/products\/tooky-toy-formu-rusiuoklis-su-spalvingomis-montessori-kaladelemis\/\" \/>\n<meta property=\"og:locale\" content=\"lv_LV\" \/>\n<meta property=\"og:type\" content=\"article\" \/>\n<meta property=\"og:title\" content=\"TOOKY TOY form\u0173 r\u016b\u0161iuoklis su spalvingomis Montessori kalad\u0117l\u0117mis\" \/>\n<meta property=\"og:description\" content=\"TOOKY TOY form\u0173 r\u016b\u0161iuoklis su spalvingomis Montessori kalad\u0117l\u0117mis - KidsPlay. Did\u017eiausias vaik\u0173 \u017eaisl\u0173 pasirinkimas.\" \/>\n<meta property=\"og:url\" content=\"https:\/\/kidsplay.lt\/lv\/products\/tooky-toy-formu-rusiuoklis-su-spalvingomis-montessori-kaladelemis\/\" \/>\n<meta property=\"og:site_name\" content=\"KidsPlay\" \/>\n<meta property=\"article:publisher\" content=\"https:\/\/www.facebook.com\/www.kidsplay.lt\" \/>\n<meta property=\"article:modified_time\" content=\"2026-04-20T04:05:37+00:00\" \/>\n<meta property=\"og:image\" content=\"https:\/\/kidsplay.lt\/wp-content\/uploads\/2026\/04\/TOOKY-TOY-formu-rusiuoklis-su-spalvingomis-Montessori-kaladelemis.jpg\" \/>\n\t<meta property=\"og:image:width\" content=\"2560\" \/>\n\t<meta property=\"og:image:height\" content=\"2560\" \/>\n\t<meta property=\"og:image:type\" content=\"image\/jpeg\" \/>\n<meta name=\"twitter:card\" content=\"summary_large_image\" \/>\n<meta name=\"twitter:label1\" content=\"Est. reading time\" \/>\n\t<meta name=\"twitter:data1\" content=\"1 min\u016bte\" \/>\n<script type=\"application\/ld+json\" class=\"yoast-schema-graph\">{\"@context\":\"https:\\\/\\\/schema.org\",\"@graph\":[{\"@type\":\"WebPage\",\"@id\":\"https:\\\/\\\/kidsplay.lt\\\/produktas\\\/tooky-toy-formu-rusiuoklis-su-spalvingomis-montessori-kaladelemis\\\/\",\"url\":\"https:\\\/\\\/kidsplay.lt\\\/produktas\\\/tooky-toy-formu-rusiuoklis-su-spalvingomis-montessori-kaladelemis\\\/\",\"name\":\"TOOKY TOY form\u0173 r\u016b\u0161iuoklis su spalvingomis Montessori kalad\u0117l\u0117mis\",\"isPartOf\":{\"@id\":\"https:\\\/\\\/kidsplay.lt\\\/#website\"},\"primaryImageOfPage\":{\"@id\":\"https:\\\/\\\/kidsplay.lt\\\/produktas\\\/tooky-toy-formu-rusiuoklis-su-spalvingomis-montessori-kaladelemis\\\/#primaryimage\"},\"image\":{\"@id\":\"https:\\\/\\\/kidsplay.lt\\\/produktas\\\/tooky-toy-formu-rusiuoklis-su-spalvingomis-montessori-kaladelemis\\\/#primaryimage\"},\"thumbnailUrl\":\"https:\\\/\\\/kidsplay.lt\\\/wp-content\\\/uploads\\\/2026\\\/04\\\/TOOKY-TOY-formu-rusiuoklis-su-spalvingomis-Montessori-kaladelemis.jpg\",\"datePublished\":\"2026-04-20T04:05:22+00:00\",\"dateModified\":\"2026-04-20T04:05:37+00:00\",\"description\":\"TOOKY TOY form\u0173 r\u016b\u0161iuoklis su spalvingomis Montessori kalad\u0117l\u0117mis - KidsPlay. Did\u017eiausias vaik\u0173 \u017eaisl\u0173 pasirinkimas.\",\"breadcrumb\":{\"@id\":\"https:\\\/\\\/kidsplay.lt\\\/produktas\\\/tooky-toy-formu-rusiuoklis-su-spalvingomis-montessori-kaladelemis\\\/#breadcrumb\"},\"inLanguage\":\"lv-LV\",\"potentialAction\":[{\"@type\":\"ReadAction\",\"target\":[\"https:\\\/\\\/kidsplay.lt\\\/produktas\\\/tooky-toy-formu-rusiuoklis-su-spalvingomis-montessori-kaladelemis\\\/\"]}]},{\"@type\":\"ImageObject\",\"inLanguage\":\"lv-LV\",\"@id\":\"https:\\\/\\\/kidsplay.lt\\\/produktas\\\/tooky-toy-formu-rusiuoklis-su-spalvingomis-montessori-kaladelemis\\\/#primaryimage\",\"url\":\"https:\\\/\\\/kidsplay.lt\\\/wp-content\\\/uploads\\\/2026\\\/04\\\/TOOKY-TOY-formu-rusiuoklis-su-spalvingomis-Montessori-kaladelemis.jpg\",\"contentUrl\":\"https:\\\/\\\/kidsplay.lt\\\/wp-content\\\/uploads\\\/2026\\\/04\\\/TOOKY-TOY-formu-rusiuoklis-su-spalvingomis-Montessori-kaladelemis.jpg\",\"width\":2560,\"height\":2560,\"caption\":\"TOOKY TOY form\u0173 r\u016b\u0161iuoklis su spalvingomis Montessori kalad\u0117l\u0117mis\"},{\"@type\":\"BreadcrumbList\",\"@id\":\"https:\\\/\\\/kidsplay.lt\\\/produktas\\\/tooky-toy-formu-rusiuoklis-su-spalvingomis-montessori-kaladelemis\\\/#breadcrumb\",\"itemListElement\":[{\"@type\":\"ListItem\",\"position\":1,\"name\":\"Pagrindinis\",\"item\":\"https:\\\/\\\/kidsplay.lt\\\/\"},{\"@type\":\"ListItem\",\"position\":2,\"name\":\"Parduotuv\u0117\",\"item\":\"https:\\\/\\\/kidsplay.lt\\\/parduotuve\\\/\"},{\"@type\":\"ListItem\",\"position\":3,\"name\":\"TOOKY TOY form\u0173 r\u016b\u0161iuoklis su spalvingomis Montessori kalad\u0117l\u0117mis\"}]},{\"@type\":\"WebSite\",\"@id\":\"https:\\\/\\\/kidsplay.lt\\\/#website\",\"url\":\"https:\\\/\\\/kidsplay.lt\\\/\",\"name\":\"Kidsplay.lt\",\"description\":\"\u012evairios prek\u0117s vaikams\",\"publisher\":{\"@id\":\"https:\\\/\\\/kidsplay.lt\\\/#organization\"},\"alternateName\":\"Kidsplay\",\"potentialAction\":[{\"@type\":\"SearchAction\",\"target\":{\"@type\":\"EntryPoint\",\"urlTemplate\":\"https:\\\/\\\/kidsplay.lt\\\/?s={search_term_string}\"},\"query-input\":{\"@type\":\"PropertyValueSpecification\",\"valueRequired\":true,\"valueName\":\"search_term_string\"}}],\"inLanguage\":\"lv-LV\"},{\"@type\":\"Organization\",\"@id\":\"https:\\\/\\\/kidsplay.lt\\\/#organization\",\"name\":\"KidsPlay\",\"url\":\"https:\\\/\\\/kidsplay.lt\\\/\",\"logo\":{\"@type\":\"ImageObject\",\"inLanguage\":\"lv-LV\",\"@id\":\"https:\\\/\\\/kidsplay.lt\\\/#\\\/schema\\\/logo\\\/image\\\/\",\"url\":\"https:\\\/\\\/kidsplay.lt\\\/wp-content\\\/uploads\\\/2023\\\/07\\\/kidsplay-logo.png\",\"contentUrl\":\"https:\\\/\\\/kidsplay.lt\\\/wp-content\\\/uploads\\\/2023\\\/07\\\/kidsplay-logo.png\",\"width\":451,\"height\":98,\"caption\":\"KidsPlay\"},\"image\":{\"@id\":\"https:\\\/\\\/kidsplay.lt\\\/#\\\/schema\\\/logo\\\/image\\\/\"},\"sameAs\":[\"https:\\\/\\\/www.facebook.com\\\/www.kidsplay.lt\"]}]}<\/script>\n<!-- \/ Yoast SEO plugin. -->","yoast_head_json":{"title":"TOOKY TOY form\u0173 r\u016b\u0161iuoklis su spalvingomis Montessori kalad\u0117l\u0117mis","description":"TOOKY TOY form\u0173 r\u016b\u0161iuoklis su spalvingomis Montessori kalad\u0117l\u0117mis - KidsPlay. Did\u017eiausias vaik\u0173 \u017eaisl\u0173 pasirinkimas.","robots":{"index":"index","follow":"follow","max-snippet":"max-snippet:-1","max-image-preview":"max-image-preview:large","max-video-preview":"max-video-preview:-1"},"canonical":"https:\/\/kidsplay.lt\/lv\/products\/tooky-toy-formu-rusiuoklis-su-spalvingomis-montessori-kaladelemis\/","og_locale":"lv_LV","og_type":"article","og_title":"TOOKY TOY form\u0173 r\u016b\u0161iuoklis su spalvingomis Montessori kalad\u0117l\u0117mis","og_description":"TOOKY TOY form\u0173 r\u016b\u0161iuoklis su spalvingomis Montessori kalad\u0117l\u0117mis - KidsPlay. Did\u017eiausias vaik\u0173 \u017eaisl\u0173 pasirinkimas.","og_url":"https:\/\/kidsplay.lt\/lv\/products\/tooky-toy-formu-rusiuoklis-su-spalvingomis-montessori-kaladelemis\/","og_site_name":"KidsPlay","article_publisher":"https:\/\/www.facebook.com\/www.kidsplay.lt","article_modified_time":"2026-04-20T04:05:37+00:00","og_image":[{"width":2560,"height":2560,"url":"https:\/\/kidsplay.lt\/wp-content\/uploads\/2026\/04\/TOOKY-TOY-formu-rusiuoklis-su-spalvingomis-Montessori-kaladelemis.jpg","type":"image\/jpeg"}],"twitter_card":"summary_large_image","twitter_misc":{"Est. reading time":"1 min\u016bte"},"schema":{"@context":"https:\/\/schema.org","@graph":[{"@type":"WebPage","@id":"https:\/\/kidsplay.lt\/produktas\/tooky-toy-formu-rusiuoklis-su-spalvingomis-montessori-kaladelemis\/","url":"https:\/\/kidsplay.lt\/produktas\/tooky-toy-formu-rusiuoklis-su-spalvingomis-montessori-kaladelemis\/","name":"TOOKY TOY form\u0173 r\u016b\u0161iuoklis su spalvingomis Montessori kalad\u0117l\u0117mis","isPartOf":{"@id":"https:\/\/kidsplay.lt\/#website"},"primaryImageOfPage":{"@id":"https:\/\/kidsplay.lt\/produktas\/tooky-toy-formu-rusiuoklis-su-spalvingomis-montessori-kaladelemis\/#primaryimage"},"image":{"@id":"https:\/\/kidsplay.lt\/produktas\/tooky-toy-formu-rusiuoklis-su-spalvingomis-montessori-kaladelemis\/#primaryimage"},"thumbnailUrl":"https:\/\/kidsplay.lt\/wp-content\/uploads\/2026\/04\/TOOKY-TOY-formu-rusiuoklis-su-spalvingomis-Montessori-kaladelemis.jpg","datePublished":"2026-04-20T04:05:22+00:00","dateModified":"2026-04-20T04:05:37+00:00","description":"TOOKY TOY form\u0173 r\u016b\u0161iuoklis su spalvingomis Montessori kalad\u0117l\u0117mis - KidsPlay. Did\u017eiausias vaik\u0173 \u017eaisl\u0173 pasirinkimas.","breadcrumb":{"@id":"https:\/\/kidsplay.lt\/produktas\/tooky-toy-formu-rusiuoklis-su-spalvingomis-montessori-kaladelemis\/#breadcrumb"},"inLanguage":"lv-LV","potentialAction":[{"@type":"ReadAction","target":["https:\/\/kidsplay.lt\/produktas\/tooky-toy-formu-rusiuoklis-su-spalvingomis-montessori-kaladelemis\/"]}]},{"@type":"ImageObject","inLanguage":"lv-LV","@id":"https:\/\/kidsplay.lt\/produktas\/tooky-toy-formu-rusiuoklis-su-spalvingomis-montessori-kaladelemis\/#primaryimage","url":"https:\/\/kidsplay.lt\/wp-content\/uploads\/2026\/04\/TOOKY-TOY-formu-rusiuoklis-su-spalvingomis-Montessori-kaladelemis.jpg","contentUrl":"https:\/\/kidsplay.lt\/wp-content\/uploads\/2026\/04\/TOOKY-TOY-formu-rusiuoklis-su-spalvingomis-Montessori-kaladelemis.jpg","width":2560,"height":2560,"caption":"TOOKY TOY form\u0173 r\u016b\u0161iuoklis su spalvingomis Montessori kalad\u0117l\u0117mis"},{"@type":"BreadcrumbList","@id":"https:\/\/kidsplay.lt\/produktas\/tooky-toy-formu-rusiuoklis-su-spalvingomis-montessori-kaladelemis\/#breadcrumb","itemListElement":[{"@type":"ListItem","position":1,"name":"Pagrindinis","item":"https:\/\/kidsplay.lt\/"},{"@type":"ListItem","position":2,"name":"Parduotuv\u0117","item":"https:\/\/kidsplay.lt\/parduotuve\/"},{"@type":"ListItem","position":3,"name":"TOOKY TOY form\u0173 r\u016b\u0161iuoklis su spalvingomis Montessori kalad\u0117l\u0117mis"}]},{"@type":"WebSite","@id":"https:\/\/kidsplay.lt\/#website","url":"https:\/\/kidsplay.lt\/","name":"B\u0113rnu sp\u0113les.lv","description":"\u012evairios prek\u0117s vaikams","publisher":{"@id":"https:\/\/kidsplay.lt\/#organization"},"alternateName":"Kidsplay","potentialAction":[{"@type":"SearchAction","target":{"@type":"EntryPoint","urlTemplate":"https:\/\/kidsplay.lt\/?s={search_term_string}"},"query-input":{"@type":"PropertyValueSpecification","valueRequired":true,"valueName":"search_term_string"}}],"inLanguage":"lv-LV"},{"@type":"Organization","@id":"https:\/\/kidsplay.lt\/#organization","name":"B\u0113rnu sp\u0113le","url":"https:\/\/kidsplay.lt\/","logo":{"@type":"ImageObject","inLanguage":"lv-LV","@id":"https:\/\/kidsplay.lt\/#\/schema\/logo\/image\/","url":"https:\/\/kidsplay.lt\/wp-content\/uploads\/2023\/07\/kidsplay-logo.png","contentUrl":"https:\/\/kidsplay.lt\/wp-content\/uploads\/2023\/07\/kidsplay-logo.png","width":451,"height":98,"caption":"KidsPlay"},"image":{"@id":"https:\/\/kidsplay.lt\/#\/schema\/logo\/image\/"},"sameAs":["https:\/\/www.facebook.com\/www.kidsplay.lt"]}]}},"_links":{"self":[{"href":"https:\/\/kidsplay.lt\/lv\/wp-json\/wp\/v2\/product\/106306","targetHints":{"allow":["GET"]}}],"collection":[{"href":"https:\/\/kidsplay.lt\/lv\/wp-json\/wp\/v2\/product"}],"about":[{"href":"https:\/\/kidsplay.lt\/lv\/wp-json\/wp\/v2\/types\/product"}],"version-history":[{"count":1,"href":"https:\/\/kidsplay.lt\/lv\/wp-json\/wp\/v2\/product\/106306\/revisions"}],"predecessor-version":[{"id":106307,"href":"https:\/\/kidsplay.lt\/lv\/wp-json\/wp\/v2\/product\/106306\/revisions\/106307"}],"wp:featuredmedia":[{"embeddable":true,"href":"https:\/\/kidsplay.lt\/lv\/wp-json\/wp\/v2\/media\/106308"}],"wp:attachment":[{"href":"https:\/\/kidsplay.lt\/lv\/wp-json\/wp\/v2\/media?parent=106306"}],"wp:term":[{"taxonomy":"product_brand","embeddable":true,"href":"https:\/\/kidsplay.lt\/lv\/wp-json\/wp\/v2\/product_brand?post=106306"},{"taxonomy":"product_cat","embeddable":true,"href":"https:\/\/kidsplay.lt\/lv\/wp-json\/wp\/v2\/product_cat?post=106306"},{"taxonomy":"product_tag","embeddable":true,"href":"https:\/\/kidsplay.lt\/lv\/wp-json\/wp\/v2\/product_tag?post=106306"}],"curies":[{"name":"wp","href":"https:\/\/api.w.org\/{rel}","templated":true}]}}