{"id":106320,"date":"2026-04-20T07:06:04","date_gmt":"2026-04-20T04:06:04","guid":{"rendered":"https:\/\/kidsplay.lt\/produktas\/viga-klasikinis-medinis-kryziukai-nuliukai-zaidimas\/"},"modified":"2026-04-20T18:30:02","modified_gmt":"2026-04-20T15:30:02","slug":"viga-klasikinis-medinis-kryziukai-nuliukai-zaidimas","status":"publish","type":"product","link":"https:\/\/kidsplay.lt\/lv\/products\/viga-klasikinis-medinis-kryziukai-nuliukai-zaidimas\/","title":{"rendered":"VIGA klasikinis medinis \u201eKry\u017eiukai-nuliukai\u201c \u017eaidimas"},"content":{"rendered":"<p>VIGA \u201eKry\u017eiukai-nuliukai\u201c yra puikus pasirinkimas ma\u017eiesiems strategams! \u0160is erdvus ir spalvingas dizainas suteiks valand\u0173 valandas smagaus \u017eaidimo, lavinant login\u012f planavim\u0105 ir strategin\u012f m\u0105stym\u0105.<br \/>\nFunkcijas:<br \/>\n\u2714\ufe0f skirtas vaikams nuo 3 met\u0173\u2714\ufe0f pagamintas i\u0161 auk\u0161tos kokyb\u0117s med\u017eio\u2714\ufe0f erdvus \u017eaidimo pagrindas su ai\u0161kiai pa\u017eym\u0117tomis laukel\u0117mis\u2714\ufe0f malonios liesti, spalvingos X ir O fig\u016br\u0117l\u0117s, lengvai suimamos ma\u017eomis rankomis\u2714\ufe0f kruop\u0161\u010diai nu\u0161lifuoti kra\u0161tai u\u017etikrina saugum\u0105 \u017eaidimo metu<br \/>\nKomplekt\u0101 ietilpst:<\/p>\n<p> \tmedin\u0117 \u201eKry\u017eiukai-nuliukai\u201c \u017eaidimo lenta<br \/>\n \t4 m\u0117lyni mediniai \u201eX\u201c elementai<br \/>\n \t5 raudoni mediniai \u201eO\u201c elementai<\/p>","protected":false},"excerpt":{"rendered":"<p>VIGA \u201eKry\u017eiukai-nuliukai\u201c yra puikus pasirinkimas ma\u017eiesiems strategams! \u0160is erdvus ir spalvingas dizainas suteiks valand\u0173 valandas smagaus \u017eaidimo, lavinant login\u012f planavim\u0105<\/p>","protected":false},"featured_media":106322,"template":"","meta":{"_acf_changed":false,"_glsr_average":0,"_glsr_ranking":0,"_glsr_reviews":0},"product_brand":[],"product_cat":[445,229],"product_tag":[],"class_list":{"0":"post-106320","1":"product","2":"type-product","3":"status-publish","4":"has-post-thumbnail","6":"product_cat-stalo-zaidimai","7":"product_cat-zaislai-vaikams","8":"\"style=\"background-color: #2ecc711c;\"","10":"first","11":"instock","12":"purchasable","13":"product-type-simple"},"acf":[],"yoast_head":"<!-- This site is optimized with the Yoast SEO plugin v27.4 - https:\/\/yoast.com\/product\/yoast-seo-wordpress\/ -->\n<title>VIGA klasikinis medinis \u201eKry\u017eiukai-nuliukai\u201c \u017eaidimas<\/title>\n<meta name=\"description\" content=\"VIGA klasikinis medinis \u201eKry\u017eiukai-nuliukai\u201c \u017eaidimas - KidsPlay. Did\u017eiausias vaik\u0173 \u017eaisl\u0173 pasirinkimas.\" \/>\n<meta name=\"robots\" content=\"index, follow, max-snippet:-1, max-image-preview:large, max-video-preview:-1\" \/>\n<link rel=\"canonical\" href=\"https:\/\/kidsplay.lt\/lv\/products\/viga-klasikinis-medinis-kryziukai-nuliukai-zaidimas\/\" \/>\n<meta property=\"og:locale\" content=\"lv_LV\" \/>\n<meta property=\"og:type\" content=\"article\" \/>\n<meta property=\"og:title\" content=\"VIGA klasikinis medinis \u201eKry\u017eiukai-nuliukai\u201c \u017eaidimas\" \/>\n<meta property=\"og:description\" content=\"VIGA klasikinis medinis \u201eKry\u017eiukai-nuliukai\u201c \u017eaidimas - KidsPlay. Did\u017eiausias vaik\u0173 \u017eaisl\u0173 pasirinkimas.\" \/>\n<meta property=\"og:url\" content=\"https:\/\/kidsplay.lt\/lv\/products\/viga-klasikinis-medinis-kryziukai-nuliukai-zaidimas\/\" \/>\n<meta property=\"og:site_name\" content=\"KidsPlay\" \/>\n<meta property=\"article:publisher\" content=\"https:\/\/www.facebook.com\/www.kidsplay.lt\" \/>\n<meta property=\"article:modified_time\" content=\"2026-04-20T15:30:02+00:00\" \/>\n<meta property=\"og:image\" content=\"https:\/\/kidsplay.lt\/wp-content\/uploads\/2026\/04\/VIGA-klasikinis-medinis-\u201eKryziukai-nuliukai-zaidimas.jpg\" \/>\n\t<meta property=\"og:image:width\" content=\"2500\" \/>\n\t<meta property=\"og:image:height\" content=\"2500\" \/>\n\t<meta property=\"og:image:type\" content=\"image\/jpeg\" \/>\n<meta name=\"twitter:card\" content=\"summary_large_image\" \/>\n<script type=\"application\/ld+json\" class=\"yoast-schema-graph\">{\"@context\":\"https:\\\/\\\/schema.org\",\"@graph\":[{\"@type\":\"WebPage\",\"@id\":\"https:\\\/\\\/kidsplay.lt\\\/produktas\\\/viga-klasikinis-medinis-kryziukai-nuliukai-zaidimas\\\/\",\"url\":\"https:\\\/\\\/kidsplay.lt\\\/produktas\\\/viga-klasikinis-medinis-kryziukai-nuliukai-zaidimas\\\/\",\"name\":\"VIGA klasikinis medinis \u201eKry\u017eiukai-nuliukai\u201c \u017eaidimas\",\"isPartOf\":{\"@id\":\"https:\\\/\\\/kidsplay.lt\\\/#website\"},\"primaryImageOfPage\":{\"@id\":\"https:\\\/\\\/kidsplay.lt\\\/produktas\\\/viga-klasikinis-medinis-kryziukai-nuliukai-zaidimas\\\/#primaryimage\"},\"image\":{\"@id\":\"https:\\\/\\\/kidsplay.lt\\\/produktas\\\/viga-klasikinis-medinis-kryziukai-nuliukai-zaidimas\\\/#primaryimage\"},\"thumbnailUrl\":\"https:\\\/\\\/kidsplay.lt\\\/wp-content\\\/uploads\\\/2026\\\/04\\\/VIGA-klasikinis-medinis-\u201eKryziukai-nuliukai-zaidimas.jpg\",\"datePublished\":\"2026-04-20T04:06:04+00:00\",\"dateModified\":\"2026-04-20T15:30:02+00:00\",\"description\":\"VIGA klasikinis medinis \u201eKry\u017eiukai-nuliukai\u201c \u017eaidimas - KidsPlay. Did\u017eiausias vaik\u0173 \u017eaisl\u0173 pasirinkimas.\",\"breadcrumb\":{\"@id\":\"https:\\\/\\\/kidsplay.lt\\\/produktas\\\/viga-klasikinis-medinis-kryziukai-nuliukai-zaidimas\\\/#breadcrumb\"},\"inLanguage\":\"lv-LV\",\"potentialAction\":[{\"@type\":\"ReadAction\",\"target\":[\"https:\\\/\\\/kidsplay.lt\\\/produktas\\\/viga-klasikinis-medinis-kryziukai-nuliukai-zaidimas\\\/\"]}]},{\"@type\":\"ImageObject\",\"inLanguage\":\"lv-LV\",\"@id\":\"https:\\\/\\\/kidsplay.lt\\\/produktas\\\/viga-klasikinis-medinis-kryziukai-nuliukai-zaidimas\\\/#primaryimage\",\"url\":\"https:\\\/\\\/kidsplay.lt\\\/wp-content\\\/uploads\\\/2026\\\/04\\\/VIGA-klasikinis-medinis-\u201eKryziukai-nuliukai-zaidimas.jpg\",\"contentUrl\":\"https:\\\/\\\/kidsplay.lt\\\/wp-content\\\/uploads\\\/2026\\\/04\\\/VIGA-klasikinis-medinis-\u201eKryziukai-nuliukai-zaidimas.jpg\",\"width\":2500,\"height\":2500,\"caption\":\"VIGA klasikinis medinis \u201eKry\u017eiukai-nuliukai\u201c \u017eaidimas\"},{\"@type\":\"BreadcrumbList\",\"@id\":\"https:\\\/\\\/kidsplay.lt\\\/produktas\\\/viga-klasikinis-medinis-kryziukai-nuliukai-zaidimas\\\/#breadcrumb\",\"itemListElement\":[{\"@type\":\"ListItem\",\"position\":1,\"name\":\"Pagrindinis\",\"item\":\"https:\\\/\\\/kidsplay.lt\\\/\"},{\"@type\":\"ListItem\",\"position\":2,\"name\":\"Parduotuv\u0117\",\"item\":\"https:\\\/\\\/kidsplay.lt\\\/parduotuve\\\/\"},{\"@type\":\"ListItem\",\"position\":3,\"name\":\"VIGA klasikinis medinis \u201eKry\u017eiukai-nuliukai\u201c \u017eaidimas\"}]},{\"@type\":\"WebSite\",\"@id\":\"https:\\\/\\\/kidsplay.lt\\\/#website\",\"url\":\"https:\\\/\\\/kidsplay.lt\\\/\",\"name\":\"Kidsplay.lt\",\"description\":\"\u012evairios prek\u0117s vaikams\",\"publisher\":{\"@id\":\"https:\\\/\\\/kidsplay.lt\\\/#organization\"},\"alternateName\":\"Kidsplay\",\"potentialAction\":[{\"@type\":\"SearchAction\",\"target\":{\"@type\":\"EntryPoint\",\"urlTemplate\":\"https:\\\/\\\/kidsplay.lt\\\/?s={search_term_string}\"},\"query-input\":{\"@type\":\"PropertyValueSpecification\",\"valueRequired\":true,\"valueName\":\"search_term_string\"}}],\"inLanguage\":\"lv-LV\"},{\"@type\":\"Organization\",\"@id\":\"https:\\\/\\\/kidsplay.lt\\\/#organization\",\"name\":\"KidsPlay\",\"url\":\"https:\\\/\\\/kidsplay.lt\\\/\",\"logo\":{\"@type\":\"ImageObject\",\"inLanguage\":\"lv-LV\",\"@id\":\"https:\\\/\\\/kidsplay.lt\\\/#\\\/schema\\\/logo\\\/image\\\/\",\"url\":\"https:\\\/\\\/kidsplay.lt\\\/wp-content\\\/uploads\\\/2023\\\/07\\\/kidsplay-logo.png\",\"contentUrl\":\"https:\\\/\\\/kidsplay.lt\\\/wp-content\\\/uploads\\\/2023\\\/07\\\/kidsplay-logo.png\",\"width\":451,\"height\":98,\"caption\":\"KidsPlay\"},\"image\":{\"@id\":\"https:\\\/\\\/kidsplay.lt\\\/#\\\/schema\\\/logo\\\/image\\\/\"},\"sameAs\":[\"https:\\\/\\\/www.facebook.com\\\/www.kidsplay.lt\"]}]}<\/script>\n<!-- \/ Yoast SEO plugin. -->","yoast_head_json":{"title":"VIGA klasikinis medinis \u201eKry\u017eiukai-nuliukai\u201c \u017eaidimas","description":"VIGA klasikinis medinis \u201eKry\u017eiukai-nuliukai\u201c \u017eaidimas - KidsPlay. Did\u017eiausias vaik\u0173 \u017eaisl\u0173 pasirinkimas.","robots":{"index":"index","follow":"follow","max-snippet":"max-snippet:-1","max-image-preview":"max-image-preview:large","max-video-preview":"max-video-preview:-1"},"canonical":"https:\/\/kidsplay.lt\/lv\/products\/viga-klasikinis-medinis-kryziukai-nuliukai-zaidimas\/","og_locale":"lv_LV","og_type":"article","og_title":"VIGA klasikinis medinis \u201eKry\u017eiukai-nuliukai\u201c \u017eaidimas","og_description":"VIGA klasikinis medinis \u201eKry\u017eiukai-nuliukai\u201c \u017eaidimas - KidsPlay. Did\u017eiausias vaik\u0173 \u017eaisl\u0173 pasirinkimas.","og_url":"https:\/\/kidsplay.lt\/lv\/products\/viga-klasikinis-medinis-kryziukai-nuliukai-zaidimas\/","og_site_name":"KidsPlay","article_publisher":"https:\/\/www.facebook.com\/www.kidsplay.lt","article_modified_time":"2026-04-20T15:30:02+00:00","og_image":[{"width":2500,"height":2500,"url":"https:\/\/kidsplay.lt\/wp-content\/uploads\/2026\/04\/VIGA-klasikinis-medinis-\u201eKryziukai-nuliukai-zaidimas.jpg","type":"image\/jpeg"}],"twitter_card":"summary_large_image","schema":{"@context":"https:\/\/schema.org","@graph":[{"@type":"WebPage","@id":"https:\/\/kidsplay.lt\/produktas\/viga-klasikinis-medinis-kryziukai-nuliukai-zaidimas\/","url":"https:\/\/kidsplay.lt\/produktas\/viga-klasikinis-medinis-kryziukai-nuliukai-zaidimas\/","name":"VIGA klasikinis medinis \u201eKry\u017eiukai-nuliukai\u201c \u017eaidimas","isPartOf":{"@id":"https:\/\/kidsplay.lt\/#website"},"primaryImageOfPage":{"@id":"https:\/\/kidsplay.lt\/produktas\/viga-klasikinis-medinis-kryziukai-nuliukai-zaidimas\/#primaryimage"},"image":{"@id":"https:\/\/kidsplay.lt\/produktas\/viga-klasikinis-medinis-kryziukai-nuliukai-zaidimas\/#primaryimage"},"thumbnailUrl":"https:\/\/kidsplay.lt\/wp-content\/uploads\/2026\/04\/VIGA-klasikinis-medinis-\u201eKryziukai-nuliukai-zaidimas.jpg","datePublished":"2026-04-20T04:06:04+00:00","dateModified":"2026-04-20T15:30:02+00:00","description":"VIGA klasikinis medinis \u201eKry\u017eiukai-nuliukai\u201c \u017eaidimas - KidsPlay. Did\u017eiausias vaik\u0173 \u017eaisl\u0173 pasirinkimas.","breadcrumb":{"@id":"https:\/\/kidsplay.lt\/produktas\/viga-klasikinis-medinis-kryziukai-nuliukai-zaidimas\/#breadcrumb"},"inLanguage":"lv-LV","potentialAction":[{"@type":"ReadAction","target":["https:\/\/kidsplay.lt\/produktas\/viga-klasikinis-medinis-kryziukai-nuliukai-zaidimas\/"]}]},{"@type":"ImageObject","inLanguage":"lv-LV","@id":"https:\/\/kidsplay.lt\/produktas\/viga-klasikinis-medinis-kryziukai-nuliukai-zaidimas\/#primaryimage","url":"https:\/\/kidsplay.lt\/wp-content\/uploads\/2026\/04\/VIGA-klasikinis-medinis-\u201eKryziukai-nuliukai-zaidimas.jpg","contentUrl":"https:\/\/kidsplay.lt\/wp-content\/uploads\/2026\/04\/VIGA-klasikinis-medinis-\u201eKryziukai-nuliukai-zaidimas.jpg","width":2500,"height":2500,"caption":"VIGA klasikinis medinis \u201eKry\u017eiukai-nuliukai\u201c \u017eaidimas"},{"@type":"BreadcrumbList","@id":"https:\/\/kidsplay.lt\/produktas\/viga-klasikinis-medinis-kryziukai-nuliukai-zaidimas\/#breadcrumb","itemListElement":[{"@type":"ListItem","position":1,"name":"Pagrindinis","item":"https:\/\/kidsplay.lt\/"},{"@type":"ListItem","position":2,"name":"Parduotuv\u0117","item":"https:\/\/kidsplay.lt\/parduotuve\/"},{"@type":"ListItem","position":3,"name":"VIGA klasikinis medinis \u201eKry\u017eiukai-nuliukai\u201c \u017eaidimas"}]},{"@type":"WebSite","@id":"https:\/\/kidsplay.lt\/#website","url":"https:\/\/kidsplay.lt\/","name":"B\u0113rnu sp\u0113les.lv","description":"\u012evairios prek\u0117s vaikams","publisher":{"@id":"https:\/\/kidsplay.lt\/#organization"},"alternateName":"Kidsplay","potentialAction":[{"@type":"SearchAction","target":{"@type":"EntryPoint","urlTemplate":"https:\/\/kidsplay.lt\/?s={search_term_string}"},"query-input":{"@type":"PropertyValueSpecification","valueRequired":true,"valueName":"search_term_string"}}],"inLanguage":"lv-LV"},{"@type":"Organization","@id":"https:\/\/kidsplay.lt\/#organization","name":"B\u0113rnu sp\u0113le","url":"https:\/\/kidsplay.lt\/","logo":{"@type":"ImageObject","inLanguage":"lv-LV","@id":"https:\/\/kidsplay.lt\/#\/schema\/logo\/image\/","url":"https:\/\/kidsplay.lt\/wp-content\/uploads\/2023\/07\/kidsplay-logo.png","contentUrl":"https:\/\/kidsplay.lt\/wp-content\/uploads\/2023\/07\/kidsplay-logo.png","width":451,"height":98,"caption":"KidsPlay"},"image":{"@id":"https:\/\/kidsplay.lt\/#\/schema\/logo\/image\/"},"sameAs":["https:\/\/www.facebook.com\/www.kidsplay.lt"]}]}},"_links":{"self":[{"href":"https:\/\/kidsplay.lt\/lv\/wp-json\/wp\/v2\/product\/106320","targetHints":{"allow":["GET"]}}],"collection":[{"href":"https:\/\/kidsplay.lt\/lv\/wp-json\/wp\/v2\/product"}],"about":[{"href":"https:\/\/kidsplay.lt\/lv\/wp-json\/wp\/v2\/types\/product"}],"version-history":[{"count":1,"href":"https:\/\/kidsplay.lt\/lv\/wp-json\/wp\/v2\/product\/106320\/revisions"}],"predecessor-version":[{"id":106321,"href":"https:\/\/kidsplay.lt\/lv\/wp-json\/wp\/v2\/product\/106320\/revisions\/106321"}],"wp:featuredmedia":[{"embeddable":true,"href":"https:\/\/kidsplay.lt\/lv\/wp-json\/wp\/v2\/media\/106322"}],"wp:attachment":[{"href":"https:\/\/kidsplay.lt\/lv\/wp-json\/wp\/v2\/media?parent=106320"}],"wp:term":[{"taxonomy":"product_brand","embeddable":true,"href":"https:\/\/kidsplay.lt\/lv\/wp-json\/wp\/v2\/product_brand?post=106320"},{"taxonomy":"product_cat","embeddable":true,"href":"https:\/\/kidsplay.lt\/lv\/wp-json\/wp\/v2\/product_cat?post=106320"},{"taxonomy":"product_tag","embeddable":true,"href":"https:\/\/kidsplay.lt\/lv\/wp-json\/wp\/v2\/product_tag?post=106320"}],"curies":[{"name":"wp","href":"https:\/\/api.w.org\/{rel}","templated":true}]}}