{"id":106327,"date":"2026-04-20T07:06:29","date_gmt":"2026-04-20T04:06:29","guid":{"rendered":"https:\/\/kidsplay.lt\/produktas\/viga-medine-domino-2-in-1-gyvunai-ir-skaiciai\/"},"modified":"2026-04-24T08:15:20","modified_gmt":"2026-04-24T05:15:20","slug":"viga-medine-domino-2-in-1-gyvunai-ir-skaiciai","status":"publish","type":"product","link":"https:\/\/kidsplay.lt\/lv\/products\/viga-medine-domino-2-in-1-gyvunai-ir-skaiciai\/","title":{"rendered":"VIGA medin\u0117 domino 2 in 1 \u2013 gyv\u016bnai ir skai\u010diai"},"content":{"rendered":"<p>VIGA 2-in-1 medin\u0117 domino su gyv\u016bnais ir skai\u010diais yra puikus edukacinis \u017eaislas, kuris smagiu b\u016bdu moko vaikus loginio m\u0105stymo ir pagrindini\u0173 matematikos \u012fg\u016bd\u017ei\u0173. D\u0117l dvipusi\u0173 kalad\u0117li\u0173 ma\u017eieji gali \u017eaisti klasikin\u012f domino su ta\u0161kais arba mokytis derindami gyv\u016bn\u0173 paveiksl\u0117lius.<br \/>\n\u017daidimo esm\u0117 \u2013 d\u0117lioti kalad\u0117les vien\u0105 prie kitos, o pirmasis, kuris atsikrato vis\u0173 savo kalad\u0117li\u0173, laimi. Tvirta medin\u0117 d\u0117\u017eut\u0117 leid\u017eia patogiai laikyti rinkin\u012f ir pasiimti j\u012f su savimi \u012f kelion\u0119. Medinis domino yra puikus b\u016bdas mokytis per \u017eaidim\u0105 \u2013 tiek vienam, tiek \u017eaid\u017eiant su \u0161eima ar draugais.<br \/>\nFunkcijas:<\/p>\n<p> \tam\u017eius: nuo 3 met\u0173<br \/>\n \t28 dvipus\u0117s kalad\u0117l\u0117s: ta\u0161kai su skai\u010diais ir \u016bkio gyv\u016bnai<br \/>\n \tpaprastos taisykl\u0117s, puikiai tinka ma\u017eiesiems<br \/>\n \ttvirta medin\u0117 laikymo d\u0117\u017eut\u0117<\/p>","protected":false},"excerpt":{"rendered":"<p>VIGA 2-in-1 medin\u0117 domino su gyv\u016bnais ir skai\u010diais yra puikus edukacinis \u017eaislas, kuris smagiu b\u016bdu moko vaikus loginio m\u0105stymo ir<\/p>","protected":false},"featured_media":106329,"template":"","meta":{"_acf_changed":false,"_glsr_average":0,"_glsr_ranking":0,"_glsr_reviews":0},"product_brand":[],"product_cat":[884,883],"product_tag":[],"class_list":{"0":"post-106327","1":"product","2":"type-product","3":"status-publish","4":"has-post-thumbnail","6":"product_cat-edukaciniai-lavinamieji-mediniai-zaislai","7":"product_cat-mediniai-zaislai-2","8":"\"style=\"background-color: #2ecc711c;\"","10":"first","11":"instock","12":"purchasable","13":"product-type-simple"},"acf":[],"yoast_head":"<!-- This site is optimized with the Yoast SEO plugin v27.4 - https:\/\/yoast.com\/product\/yoast-seo-wordpress\/ -->\n<title>VIGA medin\u0117 domino 2 in 1 \u2013 gyv\u016bnai ir skai\u010diai<\/title>\n<meta name=\"description\" content=\"VIGA medin\u0117 domino 2 in 1 \u2013 gyv\u016bnai ir skai\u010diai - KidsPlay. Did\u017eiausias vaik\u0173 \u017eaisl\u0173 pasirinkimas.\" \/>\n<meta name=\"robots\" content=\"index, follow, max-snippet:-1, max-image-preview:large, max-video-preview:-1\" \/>\n<link rel=\"canonical\" href=\"https:\/\/kidsplay.lt\/lv\/products\/viga-medine-domino-2-in-1-gyvunai-ir-skaiciai\/\" \/>\n<meta property=\"og:locale\" content=\"lv_LV\" \/>\n<meta property=\"og:type\" content=\"article\" \/>\n<meta property=\"og:title\" content=\"VIGA medin\u0117 domino 2 in 1 \u2013 gyv\u016bnai ir skai\u010diai\" \/>\n<meta property=\"og:description\" content=\"VIGA medin\u0117 domino 2 in 1 \u2013 gyv\u016bnai ir skai\u010diai - KidsPlay. Did\u017eiausias vaik\u0173 \u017eaisl\u0173 pasirinkimas.\" \/>\n<meta property=\"og:url\" content=\"https:\/\/kidsplay.lt\/lv\/products\/viga-medine-domino-2-in-1-gyvunai-ir-skaiciai\/\" \/>\n<meta property=\"og:site_name\" content=\"KidsPlay\" \/>\n<meta property=\"article:publisher\" content=\"https:\/\/www.facebook.com\/www.kidsplay.lt\" \/>\n<meta property=\"article:modified_time\" content=\"2026-04-24T05:15:20+00:00\" \/>\n<meta property=\"og:image\" content=\"https:\/\/kidsplay.lt\/wp-content\/uploads\/2026\/04\/VIGA-medine-domino-2-in-1-\u2013-gyvunai-ir-skaiciai.jpg\" \/>\n\t<meta property=\"og:image:width\" content=\"2500\" \/>\n\t<meta property=\"og:image:height\" content=\"2500\" \/>\n\t<meta property=\"og:image:type\" content=\"image\/jpeg\" \/>\n<meta name=\"twitter:card\" content=\"summary_large_image\" \/>\n<meta name=\"twitter:label1\" content=\"Est. reading time\" \/>\n\t<meta name=\"twitter:data1\" content=\"1 min\u016bte\" \/>\n<script type=\"application\/ld+json\" class=\"yoast-schema-graph\">{\"@context\":\"https:\\\/\\\/schema.org\",\"@graph\":[{\"@type\":\"WebPage\",\"@id\":\"https:\\\/\\\/kidsplay.lt\\\/produktas\\\/viga-medine-domino-2-in-1-gyvunai-ir-skaiciai\\\/\",\"url\":\"https:\\\/\\\/kidsplay.lt\\\/produktas\\\/viga-medine-domino-2-in-1-gyvunai-ir-skaiciai\\\/\",\"name\":\"VIGA medin\u0117 domino 2 in 1 \u2013 gyv\u016bnai ir skai\u010diai\",\"isPartOf\":{\"@id\":\"https:\\\/\\\/kidsplay.lt\\\/#website\"},\"primaryImageOfPage\":{\"@id\":\"https:\\\/\\\/kidsplay.lt\\\/produktas\\\/viga-medine-domino-2-in-1-gyvunai-ir-skaiciai\\\/#primaryimage\"},\"image\":{\"@id\":\"https:\\\/\\\/kidsplay.lt\\\/produktas\\\/viga-medine-domino-2-in-1-gyvunai-ir-skaiciai\\\/#primaryimage\"},\"thumbnailUrl\":\"https:\\\/\\\/kidsplay.lt\\\/wp-content\\\/uploads\\\/2026\\\/04\\\/VIGA-medine-domino-2-in-1-\u2013-gyvunai-ir-skaiciai.jpg\",\"datePublished\":\"2026-04-20T04:06:29+00:00\",\"dateModified\":\"2026-04-24T05:15:20+00:00\",\"description\":\"VIGA medin\u0117 domino 2 in 1 \u2013 gyv\u016bnai ir skai\u010diai - KidsPlay. Did\u017eiausias vaik\u0173 \u017eaisl\u0173 pasirinkimas.\",\"breadcrumb\":{\"@id\":\"https:\\\/\\\/kidsplay.lt\\\/produktas\\\/viga-medine-domino-2-in-1-gyvunai-ir-skaiciai\\\/#breadcrumb\"},\"inLanguage\":\"lv-LV\",\"potentialAction\":[{\"@type\":\"ReadAction\",\"target\":[\"https:\\\/\\\/kidsplay.lt\\\/produktas\\\/viga-medine-domino-2-in-1-gyvunai-ir-skaiciai\\\/\"]}]},{\"@type\":\"ImageObject\",\"inLanguage\":\"lv-LV\",\"@id\":\"https:\\\/\\\/kidsplay.lt\\\/produktas\\\/viga-medine-domino-2-in-1-gyvunai-ir-skaiciai\\\/#primaryimage\",\"url\":\"https:\\\/\\\/kidsplay.lt\\\/wp-content\\\/uploads\\\/2026\\\/04\\\/VIGA-medine-domino-2-in-1-\u2013-gyvunai-ir-skaiciai.jpg\",\"contentUrl\":\"https:\\\/\\\/kidsplay.lt\\\/wp-content\\\/uploads\\\/2026\\\/04\\\/VIGA-medine-domino-2-in-1-\u2013-gyvunai-ir-skaiciai.jpg\",\"width\":2500,\"height\":2500,\"caption\":\"VIGA medin\u0117 domino 2 in 1 \u2013 gyv\u016bnai ir skai\u010diai\"},{\"@type\":\"BreadcrumbList\",\"@id\":\"https:\\\/\\\/kidsplay.lt\\\/produktas\\\/viga-medine-domino-2-in-1-gyvunai-ir-skaiciai\\\/#breadcrumb\",\"itemListElement\":[{\"@type\":\"ListItem\",\"position\":1,\"name\":\"Pagrindinis\",\"item\":\"https:\\\/\\\/kidsplay.lt\\\/\"},{\"@type\":\"ListItem\",\"position\":2,\"name\":\"Parduotuv\u0117\",\"item\":\"https:\\\/\\\/kidsplay.lt\\\/parduotuve\\\/\"},{\"@type\":\"ListItem\",\"position\":3,\"name\":\"VIGA medin\u0117 domino 2 in 1 \u2013 gyv\u016bnai ir skai\u010diai\"}]},{\"@type\":\"WebSite\",\"@id\":\"https:\\\/\\\/kidsplay.lt\\\/#website\",\"url\":\"https:\\\/\\\/kidsplay.lt\\\/\",\"name\":\"Kidsplay.lt\",\"description\":\"\u012evairios prek\u0117s vaikams\",\"publisher\":{\"@id\":\"https:\\\/\\\/kidsplay.lt\\\/#organization\"},\"alternateName\":\"Kidsplay\",\"potentialAction\":[{\"@type\":\"SearchAction\",\"target\":{\"@type\":\"EntryPoint\",\"urlTemplate\":\"https:\\\/\\\/kidsplay.lt\\\/?s={search_term_string}\"},\"query-input\":{\"@type\":\"PropertyValueSpecification\",\"valueRequired\":true,\"valueName\":\"search_term_string\"}}],\"inLanguage\":\"lv-LV\"},{\"@type\":\"Organization\",\"@id\":\"https:\\\/\\\/kidsplay.lt\\\/#organization\",\"name\":\"KidsPlay\",\"url\":\"https:\\\/\\\/kidsplay.lt\\\/\",\"logo\":{\"@type\":\"ImageObject\",\"inLanguage\":\"lv-LV\",\"@id\":\"https:\\\/\\\/kidsplay.lt\\\/#\\\/schema\\\/logo\\\/image\\\/\",\"url\":\"https:\\\/\\\/kidsplay.lt\\\/wp-content\\\/uploads\\\/2023\\\/07\\\/kidsplay-logo.png\",\"contentUrl\":\"https:\\\/\\\/kidsplay.lt\\\/wp-content\\\/uploads\\\/2023\\\/07\\\/kidsplay-logo.png\",\"width\":451,\"height\":98,\"caption\":\"KidsPlay\"},\"image\":{\"@id\":\"https:\\\/\\\/kidsplay.lt\\\/#\\\/schema\\\/logo\\\/image\\\/\"},\"sameAs\":[\"https:\\\/\\\/www.facebook.com\\\/www.kidsplay.lt\"]}]}<\/script>\n<!-- \/ Yoast SEO plugin. -->","yoast_head_json":{"title":"VIGA medin\u0117 domino 2 in 1 \u2013 gyv\u016bnai ir skai\u010diai","description":"VIGA medin\u0117 domino 2 in 1 \u2013 gyv\u016bnai ir skai\u010diai - KidsPlay. Did\u017eiausias vaik\u0173 \u017eaisl\u0173 pasirinkimas.","robots":{"index":"index","follow":"follow","max-snippet":"max-snippet:-1","max-image-preview":"max-image-preview:large","max-video-preview":"max-video-preview:-1"},"canonical":"https:\/\/kidsplay.lt\/lv\/products\/viga-medine-domino-2-in-1-gyvunai-ir-skaiciai\/","og_locale":"lv_LV","og_type":"article","og_title":"VIGA medin\u0117 domino 2 in 1 \u2013 gyv\u016bnai ir skai\u010diai","og_description":"VIGA medin\u0117 domino 2 in 1 \u2013 gyv\u016bnai ir skai\u010diai - KidsPlay. Did\u017eiausias vaik\u0173 \u017eaisl\u0173 pasirinkimas.","og_url":"https:\/\/kidsplay.lt\/lv\/products\/viga-medine-domino-2-in-1-gyvunai-ir-skaiciai\/","og_site_name":"KidsPlay","article_publisher":"https:\/\/www.facebook.com\/www.kidsplay.lt","article_modified_time":"2026-04-24T05:15:20+00:00","og_image":[{"width":2500,"height":2500,"url":"https:\/\/kidsplay.lt\/wp-content\/uploads\/2026\/04\/VIGA-medine-domino-2-in-1-\u2013-gyvunai-ir-skaiciai.jpg","type":"image\/jpeg"}],"twitter_card":"summary_large_image","twitter_misc":{"Est. reading time":"1 min\u016bte"},"schema":{"@context":"https:\/\/schema.org","@graph":[{"@type":"WebPage","@id":"https:\/\/kidsplay.lt\/produktas\/viga-medine-domino-2-in-1-gyvunai-ir-skaiciai\/","url":"https:\/\/kidsplay.lt\/produktas\/viga-medine-domino-2-in-1-gyvunai-ir-skaiciai\/","name":"VIGA medin\u0117 domino 2 in 1 \u2013 gyv\u016bnai ir skai\u010diai","isPartOf":{"@id":"https:\/\/kidsplay.lt\/#website"},"primaryImageOfPage":{"@id":"https:\/\/kidsplay.lt\/produktas\/viga-medine-domino-2-in-1-gyvunai-ir-skaiciai\/#primaryimage"},"image":{"@id":"https:\/\/kidsplay.lt\/produktas\/viga-medine-domino-2-in-1-gyvunai-ir-skaiciai\/#primaryimage"},"thumbnailUrl":"https:\/\/kidsplay.lt\/wp-content\/uploads\/2026\/04\/VIGA-medine-domino-2-in-1-\u2013-gyvunai-ir-skaiciai.jpg","datePublished":"2026-04-20T04:06:29+00:00","dateModified":"2026-04-24T05:15:20+00:00","description":"VIGA medin\u0117 domino 2 in 1 \u2013 gyv\u016bnai ir skai\u010diai - KidsPlay. Did\u017eiausias vaik\u0173 \u017eaisl\u0173 pasirinkimas.","breadcrumb":{"@id":"https:\/\/kidsplay.lt\/produktas\/viga-medine-domino-2-in-1-gyvunai-ir-skaiciai\/#breadcrumb"},"inLanguage":"lv-LV","potentialAction":[{"@type":"ReadAction","target":["https:\/\/kidsplay.lt\/produktas\/viga-medine-domino-2-in-1-gyvunai-ir-skaiciai\/"]}]},{"@type":"ImageObject","inLanguage":"lv-LV","@id":"https:\/\/kidsplay.lt\/produktas\/viga-medine-domino-2-in-1-gyvunai-ir-skaiciai\/#primaryimage","url":"https:\/\/kidsplay.lt\/wp-content\/uploads\/2026\/04\/VIGA-medine-domino-2-in-1-\u2013-gyvunai-ir-skaiciai.jpg","contentUrl":"https:\/\/kidsplay.lt\/wp-content\/uploads\/2026\/04\/VIGA-medine-domino-2-in-1-\u2013-gyvunai-ir-skaiciai.jpg","width":2500,"height":2500,"caption":"VIGA medin\u0117 domino 2 in 1 \u2013 gyv\u016bnai ir skai\u010diai"},{"@type":"BreadcrumbList","@id":"https:\/\/kidsplay.lt\/produktas\/viga-medine-domino-2-in-1-gyvunai-ir-skaiciai\/#breadcrumb","itemListElement":[{"@type":"ListItem","position":1,"name":"Pagrindinis","item":"https:\/\/kidsplay.lt\/"},{"@type":"ListItem","position":2,"name":"Parduotuv\u0117","item":"https:\/\/kidsplay.lt\/parduotuve\/"},{"@type":"ListItem","position":3,"name":"VIGA medin\u0117 domino 2 in 1 \u2013 gyv\u016bnai ir skai\u010diai"}]},{"@type":"WebSite","@id":"https:\/\/kidsplay.lt\/#website","url":"https:\/\/kidsplay.lt\/","name":"B\u0113rnu sp\u0113les.lv","description":"\u012evairios prek\u0117s vaikams","publisher":{"@id":"https:\/\/kidsplay.lt\/#organization"},"alternateName":"Kidsplay","potentialAction":[{"@type":"SearchAction","target":{"@type":"EntryPoint","urlTemplate":"https:\/\/kidsplay.lt\/?s={search_term_string}"},"query-input":{"@type":"PropertyValueSpecification","valueRequired":true,"valueName":"search_term_string"}}],"inLanguage":"lv-LV"},{"@type":"Organization","@id":"https:\/\/kidsplay.lt\/#organization","name":"B\u0113rnu sp\u0113le","url":"https:\/\/kidsplay.lt\/","logo":{"@type":"ImageObject","inLanguage":"lv-LV","@id":"https:\/\/kidsplay.lt\/#\/schema\/logo\/image\/","url":"https:\/\/kidsplay.lt\/wp-content\/uploads\/2023\/07\/kidsplay-logo.png","contentUrl":"https:\/\/kidsplay.lt\/wp-content\/uploads\/2023\/07\/kidsplay-logo.png","width":451,"height":98,"caption":"KidsPlay"},"image":{"@id":"https:\/\/kidsplay.lt\/#\/schema\/logo\/image\/"},"sameAs":["https:\/\/www.facebook.com\/www.kidsplay.lt"]}]}},"_links":{"self":[{"href":"https:\/\/kidsplay.lt\/lv\/wp-json\/wp\/v2\/product\/106327","targetHints":{"allow":["GET"]}}],"collection":[{"href":"https:\/\/kidsplay.lt\/lv\/wp-json\/wp\/v2\/product"}],"about":[{"href":"https:\/\/kidsplay.lt\/lv\/wp-json\/wp\/v2\/types\/product"}],"version-history":[{"count":1,"href":"https:\/\/kidsplay.lt\/lv\/wp-json\/wp\/v2\/product\/106327\/revisions"}],"predecessor-version":[{"id":106328,"href":"https:\/\/kidsplay.lt\/lv\/wp-json\/wp\/v2\/product\/106327\/revisions\/106328"}],"wp:featuredmedia":[{"embeddable":true,"href":"https:\/\/kidsplay.lt\/lv\/wp-json\/wp\/v2\/media\/106329"}],"wp:attachment":[{"href":"https:\/\/kidsplay.lt\/lv\/wp-json\/wp\/v2\/media?parent=106327"}],"wp:term":[{"taxonomy":"product_brand","embeddable":true,"href":"https:\/\/kidsplay.lt\/lv\/wp-json\/wp\/v2\/product_brand?post=106327"},{"taxonomy":"product_cat","embeddable":true,"href":"https:\/\/kidsplay.lt\/lv\/wp-json\/wp\/v2\/product_cat?post=106327"},{"taxonomy":"product_tag","embeddable":true,"href":"https:\/\/kidsplay.lt\/lv\/wp-json\/wp\/v2\/product_tag?post=106327"}],"curies":[{"name":"wp","href":"https:\/\/api.w.org\/{rel}","templated":true}]}}