{"id":106334,"date":"2026-04-20T07:06:50","date_gmt":"2026-04-20T04:06:50","guid":{"rendered":"https:\/\/kidsplay.lt\/produktas\/woopie-green-vovere-sode-seimos-stalo-zaidimas\/"},"modified":"2026-04-24T08:15:23","modified_gmt":"2026-04-24T05:15:23","slug":"woopie-green-vovere-sode-seimos-stalo-zaidimas","status":"publish","type":"product","link":"https:\/\/kidsplay.lt\/lv\/products\/woopie-green-vovere-sode-seimos-stalo-zaidimas\/","title":{"rendered":"WOOPIE GREEN \u201eVover\u0117 sode\u201c \u0161eimos stalo \u017eaidimas"},"content":{"rendered":"<p>Pasiruo\u0161kite \u012ftraukian\u010diam \u0161eimos \u017eaidimui spalvingame sode! \u201eWoopie Green\u201c stalo \u017eaidimas \u201eVover\u0117 sode\u201c puikiai tinka vaikams nuo 18 m\u0117nesi\u0173 am\u017eiaus, ta\u010diau juo gali m\u0117gautis ir vyresni vaikai bei suaugusieji. Tikslas paprastas \u2013 surinkti visus vaisius \u012f krep\u0161el\u012f, kol vover\u0117 nesp\u0117ja j\u0173 \u201epavogti\u201c nuo med\u017eio! \u0160is \u017eavingas \u017eaidimas moko bendradarbiavimo, planavimo ir koncentracijos, tuo pa\u010diu suteikdamas daug juoko ir azarto. Pagamintas i\u0161 auk\u0161tos kokyb\u0117s med\u017eio ir gra\u017eiai iliustruotas, jis padeda vaikams pa\u017einti stalo \u017eaidim\u0173 pasaul\u012f per \u017eaidim\u0105 ir veiksm\u0105.<br \/>\nFunkcijas:<\/p>\n<p> \t\u017eaidimas skirtas vaikams nuo 18 m\u0117nesi\u0173 am\u017eiaus<br \/>\n \tpaprastos taisykl\u0117s \u2013 puikiai tinka pirmajam stalo \u017eaidimui<br \/>\n \tiki 29 element\u0173 \u2013 spalvingos ir patvarios medin\u0117s detal\u0117s<br \/>\n \t\u017eaid\u017eiama kartu \u2013 kooperacinis, o ne var\u017eybinis \u017eaidimas<br \/>\n \tauk\u0161ta kokyb\u0117 ir saugumas \u2013 pagaminta i\u0161 nat\u016bralaus med\u017eio<\/p>\n<p>Komplekt\u0101 ietilpst:<\/p>\n<p> \tmed\u017eio formos \u017eaidimo lenta<br \/>\n \tvover\u0117s fig\u016br\u0117l\u0117<br \/>\n \t12 spalvot\u0173 vaisi\u0173<br \/>\n \t4 mediniai med\u017eiai<br \/>\n \tderliaus krep\u0161elis<br \/>\n \tkauliukas su vaisi\u0173 ir vover\u0117s simboliais<\/p>","protected":false},"excerpt":{"rendered":"<p>Pasiruo\u0161kite \u012ftraukian\u010diam \u0161eimos \u017eaidimui spalvingame sode! \u201eWoopie Green\u201c stalo \u017eaidimas \u201eVover\u0117 sode\u201c puikiai tinka vaikams nuo 18 m\u0117nesi\u0173 am\u017eiaus, ta\u010diau<\/p>","protected":false},"featured_media":106336,"template":"","meta":{"_acf_changed":false,"_glsr_average":0,"_glsr_ranking":0,"_glsr_reviews":0},"product_brand":[],"product_cat":[445,229],"product_tag":[],"class_list":{"0":"post-106334","1":"product","2":"type-product","3":"status-publish","4":"has-post-thumbnail","6":"product_cat-stalo-zaidimai","7":"product_cat-zaislai-vaikams","8":"\"style=\"background-color: #2ecc711c;\"","10":"first","11":"instock","12":"purchasable","13":"product-type-simple"},"acf":[],"yoast_head":"<!-- This site is optimized with the Yoast SEO plugin v27.4 - https:\/\/yoast.com\/product\/yoast-seo-wordpress\/ -->\n<title>WOOPIE GREEN \u201eVover\u0117 sode\u201c \u0161eimos stalo \u017eaidimas<\/title>\n<meta name=\"description\" content=\"WOOPIE GREEN \u201eVover\u0117 sode\u201c \u0161eimos stalo \u017eaidimas - KidsPlay. Did\u017eiausias vaik\u0173 \u017eaisl\u0173 pasirinkimas.\" \/>\n<meta name=\"robots\" content=\"index, follow, max-snippet:-1, max-image-preview:large, max-video-preview:-1\" \/>\n<link rel=\"canonical\" href=\"https:\/\/kidsplay.lt\/lv\/products\/woopie-green-vovere-sode-seimos-stalo-zaidimas\/\" \/>\n<meta property=\"og:locale\" content=\"lv_LV\" \/>\n<meta property=\"og:type\" content=\"article\" \/>\n<meta property=\"og:title\" content=\"WOOPIE GREEN \u201eVover\u0117 sode\u201c \u0161eimos stalo \u017eaidimas\" \/>\n<meta property=\"og:description\" content=\"WOOPIE GREEN \u201eVover\u0117 sode\u201c \u0161eimos stalo \u017eaidimas - KidsPlay. Did\u017eiausias vaik\u0173 \u017eaisl\u0173 pasirinkimas.\" \/>\n<meta property=\"og:url\" content=\"https:\/\/kidsplay.lt\/lv\/products\/woopie-green-vovere-sode-seimos-stalo-zaidimas\/\" \/>\n<meta property=\"og:site_name\" content=\"KidsPlay\" \/>\n<meta property=\"article:publisher\" content=\"https:\/\/www.facebook.com\/www.kidsplay.lt\" \/>\n<meta property=\"article:modified_time\" content=\"2026-04-24T05:15:23+00:00\" \/>\n<meta property=\"og:image\" content=\"https:\/\/kidsplay.lt\/wp-content\/uploads\/2026\/04\/WOOPIE-GREEN-\u201eVovere-sode-seimos-stalo-zaidimas.jpg\" \/>\n\t<meta property=\"og:image:width\" content=\"2500\" \/>\n\t<meta property=\"og:image:height\" content=\"2500\" \/>\n\t<meta property=\"og:image:type\" content=\"image\/jpeg\" \/>\n<meta name=\"twitter:card\" content=\"summary_large_image\" \/>\n<meta name=\"twitter:label1\" content=\"Est. reading time\" \/>\n\t<meta name=\"twitter:data1\" content=\"1 min\u016bte\" \/>\n<script type=\"application\/ld+json\" class=\"yoast-schema-graph\">{\"@context\":\"https:\\\/\\\/schema.org\",\"@graph\":[{\"@type\":\"WebPage\",\"@id\":\"https:\\\/\\\/kidsplay.lt\\\/produktas\\\/woopie-green-vovere-sode-seimos-stalo-zaidimas\\\/\",\"url\":\"https:\\\/\\\/kidsplay.lt\\\/produktas\\\/woopie-green-vovere-sode-seimos-stalo-zaidimas\\\/\",\"name\":\"WOOPIE GREEN \u201eVover\u0117 sode\u201c \u0161eimos stalo \u017eaidimas\",\"isPartOf\":{\"@id\":\"https:\\\/\\\/kidsplay.lt\\\/#website\"},\"primaryImageOfPage\":{\"@id\":\"https:\\\/\\\/kidsplay.lt\\\/produktas\\\/woopie-green-vovere-sode-seimos-stalo-zaidimas\\\/#primaryimage\"},\"image\":{\"@id\":\"https:\\\/\\\/kidsplay.lt\\\/produktas\\\/woopie-green-vovere-sode-seimos-stalo-zaidimas\\\/#primaryimage\"},\"thumbnailUrl\":\"https:\\\/\\\/kidsplay.lt\\\/wp-content\\\/uploads\\\/2026\\\/04\\\/WOOPIE-GREEN-\u201eVovere-sode-seimos-stalo-zaidimas.jpg\",\"datePublished\":\"2026-04-20T04:06:50+00:00\",\"dateModified\":\"2026-04-24T05:15:23+00:00\",\"description\":\"WOOPIE GREEN \u201eVover\u0117 sode\u201c \u0161eimos stalo \u017eaidimas - KidsPlay. Did\u017eiausias vaik\u0173 \u017eaisl\u0173 pasirinkimas.\",\"breadcrumb\":{\"@id\":\"https:\\\/\\\/kidsplay.lt\\\/produktas\\\/woopie-green-vovere-sode-seimos-stalo-zaidimas\\\/#breadcrumb\"},\"inLanguage\":\"lv-LV\",\"potentialAction\":[{\"@type\":\"ReadAction\",\"target\":[\"https:\\\/\\\/kidsplay.lt\\\/produktas\\\/woopie-green-vovere-sode-seimos-stalo-zaidimas\\\/\"]}]},{\"@type\":\"ImageObject\",\"inLanguage\":\"lv-LV\",\"@id\":\"https:\\\/\\\/kidsplay.lt\\\/produktas\\\/woopie-green-vovere-sode-seimos-stalo-zaidimas\\\/#primaryimage\",\"url\":\"https:\\\/\\\/kidsplay.lt\\\/wp-content\\\/uploads\\\/2026\\\/04\\\/WOOPIE-GREEN-\u201eVovere-sode-seimos-stalo-zaidimas.jpg\",\"contentUrl\":\"https:\\\/\\\/kidsplay.lt\\\/wp-content\\\/uploads\\\/2026\\\/04\\\/WOOPIE-GREEN-\u201eVovere-sode-seimos-stalo-zaidimas.jpg\",\"width\":2500,\"height\":2500,\"caption\":\"WOOPIE GREEN \u201eVover\u0117 sode\u201c \u0161eimos stalo \u017eaidimas\"},{\"@type\":\"BreadcrumbList\",\"@id\":\"https:\\\/\\\/kidsplay.lt\\\/produktas\\\/woopie-green-vovere-sode-seimos-stalo-zaidimas\\\/#breadcrumb\",\"itemListElement\":[{\"@type\":\"ListItem\",\"position\":1,\"name\":\"Pagrindinis\",\"item\":\"https:\\\/\\\/kidsplay.lt\\\/\"},{\"@type\":\"ListItem\",\"position\":2,\"name\":\"Parduotuv\u0117\",\"item\":\"https:\\\/\\\/kidsplay.lt\\\/parduotuve\\\/\"},{\"@type\":\"ListItem\",\"position\":3,\"name\":\"WOOPIE GREEN \u201eVover\u0117 sode\u201c \u0161eimos stalo \u017eaidimas\"}]},{\"@type\":\"WebSite\",\"@id\":\"https:\\\/\\\/kidsplay.lt\\\/#website\",\"url\":\"https:\\\/\\\/kidsplay.lt\\\/\",\"name\":\"Kidsplay.lt\",\"description\":\"\u012evairios prek\u0117s vaikams\",\"publisher\":{\"@id\":\"https:\\\/\\\/kidsplay.lt\\\/#organization\"},\"alternateName\":\"Kidsplay\",\"potentialAction\":[{\"@type\":\"SearchAction\",\"target\":{\"@type\":\"EntryPoint\",\"urlTemplate\":\"https:\\\/\\\/kidsplay.lt\\\/?s={search_term_string}\"},\"query-input\":{\"@type\":\"PropertyValueSpecification\",\"valueRequired\":true,\"valueName\":\"search_term_string\"}}],\"inLanguage\":\"lv-LV\"},{\"@type\":\"Organization\",\"@id\":\"https:\\\/\\\/kidsplay.lt\\\/#organization\",\"name\":\"KidsPlay\",\"url\":\"https:\\\/\\\/kidsplay.lt\\\/\",\"logo\":{\"@type\":\"ImageObject\",\"inLanguage\":\"lv-LV\",\"@id\":\"https:\\\/\\\/kidsplay.lt\\\/#\\\/schema\\\/logo\\\/image\\\/\",\"url\":\"https:\\\/\\\/kidsplay.lt\\\/wp-content\\\/uploads\\\/2023\\\/07\\\/kidsplay-logo.png\",\"contentUrl\":\"https:\\\/\\\/kidsplay.lt\\\/wp-content\\\/uploads\\\/2023\\\/07\\\/kidsplay-logo.png\",\"width\":451,\"height\":98,\"caption\":\"KidsPlay\"},\"image\":{\"@id\":\"https:\\\/\\\/kidsplay.lt\\\/#\\\/schema\\\/logo\\\/image\\\/\"},\"sameAs\":[\"https:\\\/\\\/www.facebook.com\\\/www.kidsplay.lt\"]}]}<\/script>\n<!-- \/ Yoast SEO plugin. -->","yoast_head_json":{"title":"WOOPIE GREEN \u201eVover\u0117 sode\u201c \u0161eimos stalo \u017eaidimas","description":"WOOPIE GREEN \u201eVover\u0117 sode\u201c \u0161eimos stalo \u017eaidimas - KidsPlay. Did\u017eiausias vaik\u0173 \u017eaisl\u0173 pasirinkimas.","robots":{"index":"index","follow":"follow","max-snippet":"max-snippet:-1","max-image-preview":"max-image-preview:large","max-video-preview":"max-video-preview:-1"},"canonical":"https:\/\/kidsplay.lt\/lv\/products\/woopie-green-vovere-sode-seimos-stalo-zaidimas\/","og_locale":"lv_LV","og_type":"article","og_title":"WOOPIE GREEN \u201eVover\u0117 sode\u201c \u0161eimos stalo \u017eaidimas","og_description":"WOOPIE GREEN \u201eVover\u0117 sode\u201c \u0161eimos stalo \u017eaidimas - KidsPlay. Did\u017eiausias vaik\u0173 \u017eaisl\u0173 pasirinkimas.","og_url":"https:\/\/kidsplay.lt\/lv\/products\/woopie-green-vovere-sode-seimos-stalo-zaidimas\/","og_site_name":"KidsPlay","article_publisher":"https:\/\/www.facebook.com\/www.kidsplay.lt","article_modified_time":"2026-04-24T05:15:23+00:00","og_image":[{"width":2500,"height":2500,"url":"https:\/\/kidsplay.lt\/wp-content\/uploads\/2026\/04\/WOOPIE-GREEN-\u201eVovere-sode-seimos-stalo-zaidimas.jpg","type":"image\/jpeg"}],"twitter_card":"summary_large_image","twitter_misc":{"Est. reading time":"1 min\u016bte"},"schema":{"@context":"https:\/\/schema.org","@graph":[{"@type":"WebPage","@id":"https:\/\/kidsplay.lt\/produktas\/woopie-green-vovere-sode-seimos-stalo-zaidimas\/","url":"https:\/\/kidsplay.lt\/produktas\/woopie-green-vovere-sode-seimos-stalo-zaidimas\/","name":"WOOPIE GREEN \u201eVover\u0117 sode\u201c \u0161eimos stalo \u017eaidimas","isPartOf":{"@id":"https:\/\/kidsplay.lt\/#website"},"primaryImageOfPage":{"@id":"https:\/\/kidsplay.lt\/produktas\/woopie-green-vovere-sode-seimos-stalo-zaidimas\/#primaryimage"},"image":{"@id":"https:\/\/kidsplay.lt\/produktas\/woopie-green-vovere-sode-seimos-stalo-zaidimas\/#primaryimage"},"thumbnailUrl":"https:\/\/kidsplay.lt\/wp-content\/uploads\/2026\/04\/WOOPIE-GREEN-\u201eVovere-sode-seimos-stalo-zaidimas.jpg","datePublished":"2026-04-20T04:06:50+00:00","dateModified":"2026-04-24T05:15:23+00:00","description":"WOOPIE GREEN \u201eVover\u0117 sode\u201c \u0161eimos stalo \u017eaidimas - KidsPlay. Did\u017eiausias vaik\u0173 \u017eaisl\u0173 pasirinkimas.","breadcrumb":{"@id":"https:\/\/kidsplay.lt\/produktas\/woopie-green-vovere-sode-seimos-stalo-zaidimas\/#breadcrumb"},"inLanguage":"lv-LV","potentialAction":[{"@type":"ReadAction","target":["https:\/\/kidsplay.lt\/produktas\/woopie-green-vovere-sode-seimos-stalo-zaidimas\/"]}]},{"@type":"ImageObject","inLanguage":"lv-LV","@id":"https:\/\/kidsplay.lt\/produktas\/woopie-green-vovere-sode-seimos-stalo-zaidimas\/#primaryimage","url":"https:\/\/kidsplay.lt\/wp-content\/uploads\/2026\/04\/WOOPIE-GREEN-\u201eVovere-sode-seimos-stalo-zaidimas.jpg","contentUrl":"https:\/\/kidsplay.lt\/wp-content\/uploads\/2026\/04\/WOOPIE-GREEN-\u201eVovere-sode-seimos-stalo-zaidimas.jpg","width":2500,"height":2500,"caption":"WOOPIE GREEN \u201eVover\u0117 sode\u201c \u0161eimos stalo \u017eaidimas"},{"@type":"BreadcrumbList","@id":"https:\/\/kidsplay.lt\/produktas\/woopie-green-vovere-sode-seimos-stalo-zaidimas\/#breadcrumb","itemListElement":[{"@type":"ListItem","position":1,"name":"Pagrindinis","item":"https:\/\/kidsplay.lt\/"},{"@type":"ListItem","position":2,"name":"Parduotuv\u0117","item":"https:\/\/kidsplay.lt\/parduotuve\/"},{"@type":"ListItem","position":3,"name":"WOOPIE GREEN \u201eVover\u0117 sode\u201c \u0161eimos stalo \u017eaidimas"}]},{"@type":"WebSite","@id":"https:\/\/kidsplay.lt\/#website","url":"https:\/\/kidsplay.lt\/","name":"B\u0113rnu sp\u0113les.lv","description":"\u012evairios prek\u0117s vaikams","publisher":{"@id":"https:\/\/kidsplay.lt\/#organization"},"alternateName":"Kidsplay","potentialAction":[{"@type":"SearchAction","target":{"@type":"EntryPoint","urlTemplate":"https:\/\/kidsplay.lt\/?s={search_term_string}"},"query-input":{"@type":"PropertyValueSpecification","valueRequired":true,"valueName":"search_term_string"}}],"inLanguage":"lv-LV"},{"@type":"Organization","@id":"https:\/\/kidsplay.lt\/#organization","name":"B\u0113rnu sp\u0113le","url":"https:\/\/kidsplay.lt\/","logo":{"@type":"ImageObject","inLanguage":"lv-LV","@id":"https:\/\/kidsplay.lt\/#\/schema\/logo\/image\/","url":"https:\/\/kidsplay.lt\/wp-content\/uploads\/2023\/07\/kidsplay-logo.png","contentUrl":"https:\/\/kidsplay.lt\/wp-content\/uploads\/2023\/07\/kidsplay-logo.png","width":451,"height":98,"caption":"KidsPlay"},"image":{"@id":"https:\/\/kidsplay.lt\/#\/schema\/logo\/image\/"},"sameAs":["https:\/\/www.facebook.com\/www.kidsplay.lt"]}]}},"_links":{"self":[{"href":"https:\/\/kidsplay.lt\/lv\/wp-json\/wp\/v2\/product\/106334","targetHints":{"allow":["GET"]}}],"collection":[{"href":"https:\/\/kidsplay.lt\/lv\/wp-json\/wp\/v2\/product"}],"about":[{"href":"https:\/\/kidsplay.lt\/lv\/wp-json\/wp\/v2\/types\/product"}],"version-history":[{"count":1,"href":"https:\/\/kidsplay.lt\/lv\/wp-json\/wp\/v2\/product\/106334\/revisions"}],"predecessor-version":[{"id":106335,"href":"https:\/\/kidsplay.lt\/lv\/wp-json\/wp\/v2\/product\/106334\/revisions\/106335"}],"wp:featuredmedia":[{"embeddable":true,"href":"https:\/\/kidsplay.lt\/lv\/wp-json\/wp\/v2\/media\/106336"}],"wp:attachment":[{"href":"https:\/\/kidsplay.lt\/lv\/wp-json\/wp\/v2\/media?parent=106334"}],"wp:term":[{"taxonomy":"product_brand","embeddable":true,"href":"https:\/\/kidsplay.lt\/lv\/wp-json\/wp\/v2\/product_brand?post=106334"},{"taxonomy":"product_cat","embeddable":true,"href":"https:\/\/kidsplay.lt\/lv\/wp-json\/wp\/v2\/product_cat?post=106334"},{"taxonomy":"product_tag","embeddable":true,"href":"https:\/\/kidsplay.lt\/lv\/wp-json\/wp\/v2\/product_tag?post=106334"}],"curies":[{"name":"wp","href":"https:\/\/api.w.org\/{rel}","templated":true}]}}