{"id":106341,"date":"2026-04-20T07:07:11","date_gmt":"2026-04-20T04:07:11","guid":{"rendered":"https:\/\/kidsplay.lt\/produktas\/viga-polarb-mediniai-sokinejantys-gyvunai-sokinejantis-sodas\/"},"modified":"2026-04-20T18:30:03","modified_gmt":"2026-04-20T15:30:03","slug":"viga-polarb-mediniai-sokinejantys-gyvunai-sokinejantis-sodas","status":"publish","type":"product","link":"https:\/\/kidsplay.lt\/lv\/products\/viga-polarb-mediniai-sokinejantys-gyvunai-sokinejantis-sodas\/","title":{"rendered":"VIGA PolarB mediniai \u0161okin\u0117jantys gyv\u016bnai \u201e\u0160okin\u0117jantis sodas\u201c"},"content":{"rendered":"<p>VIGA mediniai \u0161okin\u0117jantys gyv\u016bnai \u201e\u0160okin\u0117jantis sodas\u201c \u2013 tai visame pasaulyje \u017einomo \u201eViga\u201c prek\u0117s \u017eenklo \u017eaislas, kur\u012f pamils kiekvienas vaikas. Ry\u0161kios spalvos ir mieli gyv\u016bn\u0117liai skatina ma\u017eylius \u017eaisti ir tyrin\u0117ti.<br \/>\n\u0160is \u017eaislas padeda lavinti vaiko rank\u0173 ir aki\u0173 koordinacij\u0105. Vaiko u\u017eduotis \u2013 \u201ei\u0161\u0161auti\u201c gyv\u016bn\u0117lius paspaud\u017eiant j\u0173 galvutes, kurios \u012fstatytos \u012f spalving\u0105 medin\u012f pagrind\u0105. Drugelis, bit\u0117 ir boru\u017e\u0117l\u0117 \u0161ypsosi vaikui ir kvie\u010dia \u017eaisti. Taip pat vaikas gali mokytis atpa\u017einti, kuris gyv\u016bn\u0117lis yra ant konkre\u010dios vietos, bei mokytis spalv\u0173 pa\u017einimo.<br \/>\nD\u0117l esteti\u0161kos pakuot\u0117s \u0161is \u017eaislas puikiai tinka dovanai.<br \/>\nFunkcijas:<\/p>\n<p> \tpaspaudus gyv\u016bn\u0117lio galvut\u0119, jis i\u0161\u0161oka auk\u0161tyn<br \/>\n \tvaikas susipa\u017eins su boru\u017e\u0117le, bite ir drugeliu<br \/>\n \t\u017eaislas moko prie\u017easties\u2013pasekm\u0117s ry\u0161io<br \/>\n \try\u0161kios, intensyvios spalvos<br \/>\n \testeti\u0161ka pakuot\u0117<br \/>\n \trinkinyje yra pagrindas ir 3 mediniai gyv\u016bn\u0117liai<br \/>\n \tpagamintas i\u0161 auk\u0161\u010diausios kokyb\u0117s med\u017eiag\u0173<br \/>\n \tnuda\u017eytas netoksi\u0161kais, vaikams saugiais da\u017eais<\/p>","protected":false},"excerpt":{"rendered":"<p>VIGA mediniai \u0161okin\u0117jantys gyv\u016bnai \u201e\u0160okin\u0117jantis sodas\u201c \u2013 tai visame pasaulyje \u017einomo \u201eViga\u201c prek\u0117s \u017eenklo \u017eaislas, kur\u012f pamils kiekvienas vaikas. Ry\u0161kios<\/p>","protected":false},"featured_media":106343,"template":"","meta":{"_acf_changed":false,"_glsr_average":0,"_glsr_ranking":0,"_glsr_reviews":0},"product_brand":[],"product_cat":[884,883],"product_tag":[],"class_list":{"0":"post-106341","1":"product","2":"type-product","3":"status-publish","4":"has-post-thumbnail","6":"product_cat-edukaciniai-lavinamieji-mediniai-zaislai","7":"product_cat-mediniai-zaislai-2","8":"\"style=\"background-color: #2ecc711c;\"","10":"first","11":"instock","12":"purchasable","13":"product-type-simple"},"acf":[],"yoast_head":"<!-- This site is optimized with the Yoast SEO plugin v27.4 - https:\/\/yoast.com\/product\/yoast-seo-wordpress\/ -->\n<title>VIGA PolarB mediniai \u0161okin\u0117jantys gyv\u016bnai \u201e\u0160okin\u0117jantis sodas\u201c<\/title>\n<meta name=\"description\" content=\"VIGA PolarB mediniai \u0161okin\u0117jantys gyv\u016bnai \u201e\u0160okin\u0117jantis sodas\u201c - KidsPlay. Did\u017eiausias vaik\u0173 \u017eaisl\u0173 pasirinkimas.\" \/>\n<meta name=\"robots\" content=\"index, follow, max-snippet:-1, max-image-preview:large, max-video-preview:-1\" \/>\n<link rel=\"canonical\" href=\"https:\/\/kidsplay.lt\/lv\/products\/viga-polarb-mediniai-sokinejantys-gyvunai-sokinejantis-sodas\/\" \/>\n<meta property=\"og:locale\" content=\"lv_LV\" \/>\n<meta property=\"og:type\" content=\"article\" \/>\n<meta property=\"og:title\" content=\"VIGA PolarB mediniai \u0161okin\u0117jantys gyv\u016bnai \u201e\u0160okin\u0117jantis sodas\u201c\" \/>\n<meta property=\"og:description\" content=\"VIGA PolarB mediniai \u0161okin\u0117jantys gyv\u016bnai \u201e\u0160okin\u0117jantis sodas\u201c - KidsPlay. Did\u017eiausias vaik\u0173 \u017eaisl\u0173 pasirinkimas.\" \/>\n<meta property=\"og:url\" content=\"https:\/\/kidsplay.lt\/lv\/products\/viga-polarb-mediniai-sokinejantys-gyvunai-sokinejantis-sodas\/\" \/>\n<meta property=\"og:site_name\" content=\"KidsPlay\" \/>\n<meta property=\"article:publisher\" content=\"https:\/\/www.facebook.com\/www.kidsplay.lt\" \/>\n<meta property=\"article:modified_time\" content=\"2026-04-20T15:30:03+00:00\" \/>\n<meta property=\"og:image\" content=\"https:\/\/kidsplay.lt\/wp-content\/uploads\/2026\/04\/VIGA-PolarB-mediniai-sokinejantys-gyvunai-\u201eSokinejantis-sodas.jpg\" \/>\n\t<meta property=\"og:image:width\" content=\"2560\" \/>\n\t<meta property=\"og:image:height\" content=\"2560\" \/>\n\t<meta property=\"og:image:type\" content=\"image\/jpeg\" \/>\n<meta name=\"twitter:card\" content=\"summary_large_image\" \/>\n<meta name=\"twitter:label1\" content=\"Est. reading time\" \/>\n\t<meta name=\"twitter:data1\" content=\"1 min\u016bte\" \/>\n<script type=\"application\/ld+json\" class=\"yoast-schema-graph\">{\"@context\":\"https:\\\/\\\/schema.org\",\"@graph\":[{\"@type\":\"WebPage\",\"@id\":\"https:\\\/\\\/kidsplay.lt\\\/produktas\\\/viga-polarb-mediniai-sokinejantys-gyvunai-sokinejantis-sodas\\\/\",\"url\":\"https:\\\/\\\/kidsplay.lt\\\/produktas\\\/viga-polarb-mediniai-sokinejantys-gyvunai-sokinejantis-sodas\\\/\",\"name\":\"VIGA PolarB mediniai \u0161okin\u0117jantys gyv\u016bnai \u201e\u0160okin\u0117jantis sodas\u201c\",\"isPartOf\":{\"@id\":\"https:\\\/\\\/kidsplay.lt\\\/#website\"},\"primaryImageOfPage\":{\"@id\":\"https:\\\/\\\/kidsplay.lt\\\/produktas\\\/viga-polarb-mediniai-sokinejantys-gyvunai-sokinejantis-sodas\\\/#primaryimage\"},\"image\":{\"@id\":\"https:\\\/\\\/kidsplay.lt\\\/produktas\\\/viga-polarb-mediniai-sokinejantys-gyvunai-sokinejantis-sodas\\\/#primaryimage\"},\"thumbnailUrl\":\"https:\\\/\\\/kidsplay.lt\\\/wp-content\\\/uploads\\\/2026\\\/04\\\/VIGA-PolarB-mediniai-sokinejantys-gyvunai-\u201eSokinejantis-sodas.jpg\",\"datePublished\":\"2026-04-20T04:07:11+00:00\",\"dateModified\":\"2026-04-20T15:30:03+00:00\",\"description\":\"VIGA PolarB mediniai \u0161okin\u0117jantys gyv\u016bnai \u201e\u0160okin\u0117jantis sodas\u201c - KidsPlay. Did\u017eiausias vaik\u0173 \u017eaisl\u0173 pasirinkimas.\",\"breadcrumb\":{\"@id\":\"https:\\\/\\\/kidsplay.lt\\\/produktas\\\/viga-polarb-mediniai-sokinejantys-gyvunai-sokinejantis-sodas\\\/#breadcrumb\"},\"inLanguage\":\"lv-LV\",\"potentialAction\":[{\"@type\":\"ReadAction\",\"target\":[\"https:\\\/\\\/kidsplay.lt\\\/produktas\\\/viga-polarb-mediniai-sokinejantys-gyvunai-sokinejantis-sodas\\\/\"]}]},{\"@type\":\"ImageObject\",\"inLanguage\":\"lv-LV\",\"@id\":\"https:\\\/\\\/kidsplay.lt\\\/produktas\\\/viga-polarb-mediniai-sokinejantys-gyvunai-sokinejantis-sodas\\\/#primaryimage\",\"url\":\"https:\\\/\\\/kidsplay.lt\\\/wp-content\\\/uploads\\\/2026\\\/04\\\/VIGA-PolarB-mediniai-sokinejantys-gyvunai-\u201eSokinejantis-sodas.jpg\",\"contentUrl\":\"https:\\\/\\\/kidsplay.lt\\\/wp-content\\\/uploads\\\/2026\\\/04\\\/VIGA-PolarB-mediniai-sokinejantys-gyvunai-\u201eSokinejantis-sodas.jpg\",\"width\":2560,\"height\":2560,\"caption\":\"VIGA PolarB mediniai \u0161okin\u0117jantys gyv\u016bnai \u201e\u0160okin\u0117jantis sodas\u201c\"},{\"@type\":\"BreadcrumbList\",\"@id\":\"https:\\\/\\\/kidsplay.lt\\\/produktas\\\/viga-polarb-mediniai-sokinejantys-gyvunai-sokinejantis-sodas\\\/#breadcrumb\",\"itemListElement\":[{\"@type\":\"ListItem\",\"position\":1,\"name\":\"Pagrindinis\",\"item\":\"https:\\\/\\\/kidsplay.lt\\\/\"},{\"@type\":\"ListItem\",\"position\":2,\"name\":\"Parduotuv\u0117\",\"item\":\"https:\\\/\\\/kidsplay.lt\\\/parduotuve\\\/\"},{\"@type\":\"ListItem\",\"position\":3,\"name\":\"VIGA PolarB mediniai \u0161okin\u0117jantys gyv\u016bnai \u201e\u0160okin\u0117jantis sodas\u201c\"}]},{\"@type\":\"WebSite\",\"@id\":\"https:\\\/\\\/kidsplay.lt\\\/#website\",\"url\":\"https:\\\/\\\/kidsplay.lt\\\/\",\"name\":\"Kidsplay.lt\",\"description\":\"\u012evairios prek\u0117s vaikams\",\"publisher\":{\"@id\":\"https:\\\/\\\/kidsplay.lt\\\/#organization\"},\"alternateName\":\"Kidsplay\",\"potentialAction\":[{\"@type\":\"SearchAction\",\"target\":{\"@type\":\"EntryPoint\",\"urlTemplate\":\"https:\\\/\\\/kidsplay.lt\\\/?s={search_term_string}\"},\"query-input\":{\"@type\":\"PropertyValueSpecification\",\"valueRequired\":true,\"valueName\":\"search_term_string\"}}],\"inLanguage\":\"lv-LV\"},{\"@type\":\"Organization\",\"@id\":\"https:\\\/\\\/kidsplay.lt\\\/#organization\",\"name\":\"KidsPlay\",\"url\":\"https:\\\/\\\/kidsplay.lt\\\/\",\"logo\":{\"@type\":\"ImageObject\",\"inLanguage\":\"lv-LV\",\"@id\":\"https:\\\/\\\/kidsplay.lt\\\/#\\\/schema\\\/logo\\\/image\\\/\",\"url\":\"https:\\\/\\\/kidsplay.lt\\\/wp-content\\\/uploads\\\/2023\\\/07\\\/kidsplay-logo.png\",\"contentUrl\":\"https:\\\/\\\/kidsplay.lt\\\/wp-content\\\/uploads\\\/2023\\\/07\\\/kidsplay-logo.png\",\"width\":451,\"height\":98,\"caption\":\"KidsPlay\"},\"image\":{\"@id\":\"https:\\\/\\\/kidsplay.lt\\\/#\\\/schema\\\/logo\\\/image\\\/\"},\"sameAs\":[\"https:\\\/\\\/www.facebook.com\\\/www.kidsplay.lt\"]}]}<\/script>\n<!-- \/ Yoast SEO plugin. -->","yoast_head_json":{"title":"VIGA PolarB mediniai \u0161okin\u0117jantys gyv\u016bnai \u201e\u0160okin\u0117jantis sodas\u201c","description":"VIGA PolarB mediniai \u0161okin\u0117jantys gyv\u016bnai \u201e\u0160okin\u0117jantis sodas\u201c - KidsPlay. Did\u017eiausias vaik\u0173 \u017eaisl\u0173 pasirinkimas.","robots":{"index":"index","follow":"follow","max-snippet":"max-snippet:-1","max-image-preview":"max-image-preview:large","max-video-preview":"max-video-preview:-1"},"canonical":"https:\/\/kidsplay.lt\/lv\/products\/viga-polarb-mediniai-sokinejantys-gyvunai-sokinejantis-sodas\/","og_locale":"lv_LV","og_type":"article","og_title":"VIGA PolarB mediniai \u0161okin\u0117jantys gyv\u016bnai \u201e\u0160okin\u0117jantis sodas\u201c","og_description":"VIGA PolarB mediniai \u0161okin\u0117jantys gyv\u016bnai \u201e\u0160okin\u0117jantis sodas\u201c - KidsPlay. Did\u017eiausias vaik\u0173 \u017eaisl\u0173 pasirinkimas.","og_url":"https:\/\/kidsplay.lt\/lv\/products\/viga-polarb-mediniai-sokinejantys-gyvunai-sokinejantis-sodas\/","og_site_name":"KidsPlay","article_publisher":"https:\/\/www.facebook.com\/www.kidsplay.lt","article_modified_time":"2026-04-20T15:30:03+00:00","og_image":[{"width":2560,"height":2560,"url":"https:\/\/kidsplay.lt\/wp-content\/uploads\/2026\/04\/VIGA-PolarB-mediniai-sokinejantys-gyvunai-\u201eSokinejantis-sodas.jpg","type":"image\/jpeg"}],"twitter_card":"summary_large_image","twitter_misc":{"Est. reading time":"1 min\u016bte"},"schema":{"@context":"https:\/\/schema.org","@graph":[{"@type":"WebPage","@id":"https:\/\/kidsplay.lt\/produktas\/viga-polarb-mediniai-sokinejantys-gyvunai-sokinejantis-sodas\/","url":"https:\/\/kidsplay.lt\/produktas\/viga-polarb-mediniai-sokinejantys-gyvunai-sokinejantis-sodas\/","name":"VIGA PolarB mediniai \u0161okin\u0117jantys gyv\u016bnai \u201e\u0160okin\u0117jantis sodas\u201c","isPartOf":{"@id":"https:\/\/kidsplay.lt\/#website"},"primaryImageOfPage":{"@id":"https:\/\/kidsplay.lt\/produktas\/viga-polarb-mediniai-sokinejantys-gyvunai-sokinejantis-sodas\/#primaryimage"},"image":{"@id":"https:\/\/kidsplay.lt\/produktas\/viga-polarb-mediniai-sokinejantys-gyvunai-sokinejantis-sodas\/#primaryimage"},"thumbnailUrl":"https:\/\/kidsplay.lt\/wp-content\/uploads\/2026\/04\/VIGA-PolarB-mediniai-sokinejantys-gyvunai-\u201eSokinejantis-sodas.jpg","datePublished":"2026-04-20T04:07:11+00:00","dateModified":"2026-04-20T15:30:03+00:00","description":"VIGA PolarB mediniai \u0161okin\u0117jantys gyv\u016bnai \u201e\u0160okin\u0117jantis sodas\u201c - KidsPlay. Did\u017eiausias vaik\u0173 \u017eaisl\u0173 pasirinkimas.","breadcrumb":{"@id":"https:\/\/kidsplay.lt\/produktas\/viga-polarb-mediniai-sokinejantys-gyvunai-sokinejantis-sodas\/#breadcrumb"},"inLanguage":"lv-LV","potentialAction":[{"@type":"ReadAction","target":["https:\/\/kidsplay.lt\/produktas\/viga-polarb-mediniai-sokinejantys-gyvunai-sokinejantis-sodas\/"]}]},{"@type":"ImageObject","inLanguage":"lv-LV","@id":"https:\/\/kidsplay.lt\/produktas\/viga-polarb-mediniai-sokinejantys-gyvunai-sokinejantis-sodas\/#primaryimage","url":"https:\/\/kidsplay.lt\/wp-content\/uploads\/2026\/04\/VIGA-PolarB-mediniai-sokinejantys-gyvunai-\u201eSokinejantis-sodas.jpg","contentUrl":"https:\/\/kidsplay.lt\/wp-content\/uploads\/2026\/04\/VIGA-PolarB-mediniai-sokinejantys-gyvunai-\u201eSokinejantis-sodas.jpg","width":2560,"height":2560,"caption":"VIGA PolarB mediniai \u0161okin\u0117jantys gyv\u016bnai \u201e\u0160okin\u0117jantis sodas\u201c"},{"@type":"BreadcrumbList","@id":"https:\/\/kidsplay.lt\/produktas\/viga-polarb-mediniai-sokinejantys-gyvunai-sokinejantis-sodas\/#breadcrumb","itemListElement":[{"@type":"ListItem","position":1,"name":"Pagrindinis","item":"https:\/\/kidsplay.lt\/"},{"@type":"ListItem","position":2,"name":"Parduotuv\u0117","item":"https:\/\/kidsplay.lt\/parduotuve\/"},{"@type":"ListItem","position":3,"name":"VIGA PolarB mediniai \u0161okin\u0117jantys gyv\u016bnai \u201e\u0160okin\u0117jantis sodas\u201c"}]},{"@type":"WebSite","@id":"https:\/\/kidsplay.lt\/#website","url":"https:\/\/kidsplay.lt\/","name":"B\u0113rnu sp\u0113les.lv","description":"\u012evairios prek\u0117s vaikams","publisher":{"@id":"https:\/\/kidsplay.lt\/#organization"},"alternateName":"Kidsplay","potentialAction":[{"@type":"SearchAction","target":{"@type":"EntryPoint","urlTemplate":"https:\/\/kidsplay.lt\/?s={search_term_string}"},"query-input":{"@type":"PropertyValueSpecification","valueRequired":true,"valueName":"search_term_string"}}],"inLanguage":"lv-LV"},{"@type":"Organization","@id":"https:\/\/kidsplay.lt\/#organization","name":"B\u0113rnu sp\u0113le","url":"https:\/\/kidsplay.lt\/","logo":{"@type":"ImageObject","inLanguage":"lv-LV","@id":"https:\/\/kidsplay.lt\/#\/schema\/logo\/image\/","url":"https:\/\/kidsplay.lt\/wp-content\/uploads\/2023\/07\/kidsplay-logo.png","contentUrl":"https:\/\/kidsplay.lt\/wp-content\/uploads\/2023\/07\/kidsplay-logo.png","width":451,"height":98,"caption":"KidsPlay"},"image":{"@id":"https:\/\/kidsplay.lt\/#\/schema\/logo\/image\/"},"sameAs":["https:\/\/www.facebook.com\/www.kidsplay.lt"]}]}},"_links":{"self":[{"href":"https:\/\/kidsplay.lt\/lv\/wp-json\/wp\/v2\/product\/106341","targetHints":{"allow":["GET"]}}],"collection":[{"href":"https:\/\/kidsplay.lt\/lv\/wp-json\/wp\/v2\/product"}],"about":[{"href":"https:\/\/kidsplay.lt\/lv\/wp-json\/wp\/v2\/types\/product"}],"version-history":[{"count":1,"href":"https:\/\/kidsplay.lt\/lv\/wp-json\/wp\/v2\/product\/106341\/revisions"}],"predecessor-version":[{"id":106342,"href":"https:\/\/kidsplay.lt\/lv\/wp-json\/wp\/v2\/product\/106341\/revisions\/106342"}],"wp:featuredmedia":[{"embeddable":true,"href":"https:\/\/kidsplay.lt\/lv\/wp-json\/wp\/v2\/media\/106343"}],"wp:attachment":[{"href":"https:\/\/kidsplay.lt\/lv\/wp-json\/wp\/v2\/media?parent=106341"}],"wp:term":[{"taxonomy":"product_brand","embeddable":true,"href":"https:\/\/kidsplay.lt\/lv\/wp-json\/wp\/v2\/product_brand?post=106341"},{"taxonomy":"product_cat","embeddable":true,"href":"https:\/\/kidsplay.lt\/lv\/wp-json\/wp\/v2\/product_cat?post=106341"},{"taxonomy":"product_tag","embeddable":true,"href":"https:\/\/kidsplay.lt\/lv\/wp-json\/wp\/v2\/product_tag?post=106341"}],"curies":[{"name":"wp","href":"https:\/\/api.w.org\/{rel}","templated":true}]}}