{"id":106348,"date":"2026-04-20T07:07:34","date_gmt":"2026-04-20T04:07:34","guid":{"rendered":"https:\/\/kidsplay.lt\/produktas\/viga-polarb-arkties-gyvunu-balansavimo-deliones-zaidimas\/"},"modified":"2026-04-20T18:30:03","modified_gmt":"2026-04-20T15:30:03","slug":"viga-polarb-arkties-gyvunu-balansavimo-deliones-zaidimas","status":"publish","type":"product","link":"https:\/\/kidsplay.lt\/lv\/products\/viga-polarb-arkties-gyvunu-balansavimo-deliones-zaidimas\/","title":{"rendered":"VIGA PolarB Arkties gyv\u016bn\u0173 balansavimo d\u0117lion\u0117s \u017eaidimas"},"content":{"rendered":"<p>VIGA PolarB Arkties gyv\u016bn\u0173 balansavimo \u017eaidimas yra \u012fg\u016bd\u017eius lavinantis ir edukacinis \u017eaislas, skirtas vaikams nuo 18 m\u0117nesi\u0173 am\u017eiaus. Jis sukurtas motorini\u0173 \u012fg\u016bd\u017ei\u0173 lavinimui.<br \/>\n\u017daidim\u0105 sudaro 12 kalad\u0117li\u0173, balansavimo pagrindas ir kauliukas. \u017daidimo esm\u0117 \u2013 suderinti kauliuko spalv\u0105 su kalad\u0117l\u0117s spalva ir taip sud\u0117lioti kalad\u0117les, kad konstrukcija i\u0161laikyt\u0173 pusiausvyr\u0105. Tai n\u0117ra lengva, nes pagrindas nuolat svyruoja. \u0160is \u017eaislas suteikia puiki\u0105 patirt\u012f. Gyv\u016bn\u0173 formos detal\u0117s patraukia kiekvieno ma\u017eylio d\u0117mes\u012f. \u017daidimas skatina login\u012f m\u0105stym\u0105 ir gyv\u016bn\u0173 pa\u017einim\u0105. Elementai pritaikyti ma\u017eoms rankoms. A\u0161tri\u0173 kamp\u0173 nebuvimas u\u017etikrina saug\u0173 \u017eaidim\u0105.<br \/>\nFunkcijas:<\/p>\n<p> \t\u017eaislas skirtas vaikams nuo 18 m\u0117nesi\u0173 am\u017eiaus<br \/>\n \trinkinyje yra 12 kalad\u0117li\u0173, balansavimo pagrindas ir kauliukas<br \/>\n \tpagamintas i\u0161 med\u017eio<br \/>\n \trinkinys yra 100 % saugus aplinkai ir vaikams<\/p>","protected":false},"excerpt":{"rendered":"<p>VIGA PolarB Arkties gyv\u016bn\u0173 balansavimo \u017eaidimas yra \u012fg\u016bd\u017eius lavinantis ir edukacinis \u017eaislas, skirtas vaikams nuo 18 m\u0117nesi\u0173 am\u017eiaus. Jis sukurtas<\/p>","protected":false},"featured_media":106350,"template":"","meta":{"_acf_changed":false,"_glsr_average":0,"_glsr_ranking":0,"_glsr_reviews":0},"product_brand":[],"product_cat":[884,883],"product_tag":[],"class_list":{"0":"post-106348","1":"product","2":"type-product","3":"status-publish","4":"has-post-thumbnail","6":"product_cat-edukaciniai-lavinamieji-mediniai-zaislai","7":"product_cat-mediniai-zaislai-2","8":"\"style=\"background-color: #2ecc711c;\"","10":"first","11":"instock","12":"purchasable","13":"product-type-simple"},"acf":[],"yoast_head":"<!-- This site is optimized with the Yoast SEO plugin v27.4 - https:\/\/yoast.com\/product\/yoast-seo-wordpress\/ -->\n<title>VIGA PolarB Arkties gyv\u016bn\u0173 balansavimo d\u0117lion\u0117s \u017eaidimas<\/title>\n<meta name=\"description\" content=\"VIGA PolarB Arkties gyv\u016bn\u0173 balansavimo d\u0117lion\u0117s \u017eaidimas - KidsPlay. Did\u017eiausias vaik\u0173 \u017eaisl\u0173 pasirinkimas.\" \/>\n<meta name=\"robots\" content=\"index, follow, max-snippet:-1, max-image-preview:large, max-video-preview:-1\" \/>\n<link rel=\"canonical\" href=\"https:\/\/kidsplay.lt\/lv\/products\/viga-polarb-arkties-gyvunu-balansavimo-deliones-zaidimas\/\" \/>\n<meta property=\"og:locale\" content=\"lv_LV\" \/>\n<meta property=\"og:type\" content=\"article\" \/>\n<meta property=\"og:title\" content=\"VIGA PolarB Arkties gyv\u016bn\u0173 balansavimo d\u0117lion\u0117s \u017eaidimas\" \/>\n<meta property=\"og:description\" content=\"VIGA PolarB Arkties gyv\u016bn\u0173 balansavimo d\u0117lion\u0117s \u017eaidimas - KidsPlay. Did\u017eiausias vaik\u0173 \u017eaisl\u0173 pasirinkimas.\" \/>\n<meta property=\"og:url\" content=\"https:\/\/kidsplay.lt\/lv\/products\/viga-polarb-arkties-gyvunu-balansavimo-deliones-zaidimas\/\" \/>\n<meta property=\"og:site_name\" content=\"KidsPlay\" \/>\n<meta property=\"article:publisher\" content=\"https:\/\/www.facebook.com\/www.kidsplay.lt\" \/>\n<meta property=\"article:modified_time\" content=\"2026-04-20T15:30:03+00:00\" \/>\n<meta property=\"og:image\" content=\"https:\/\/kidsplay.lt\/wp-content\/uploads\/2026\/04\/VIGA-PolarB-Arkties-gyvunu-balansavimo-deliones-zaidimas-800x800.png\" \/>\n\t<meta property=\"og:image:width\" content=\"800\" \/>\n\t<meta property=\"og:image:height\" content=\"800\" \/>\n\t<meta property=\"og:image:type\" content=\"image\/png\" \/>\n<meta name=\"twitter:card\" content=\"summary_large_image\" \/>\n<meta name=\"twitter:label1\" content=\"Est. reading time\" \/>\n\t<meta name=\"twitter:data1\" content=\"1 min\u016bte\" \/>\n<script type=\"application\/ld+json\" class=\"yoast-schema-graph\">{\"@context\":\"https:\\\/\\\/schema.org\",\"@graph\":[{\"@type\":\"WebPage\",\"@id\":\"https:\\\/\\\/kidsplay.lt\\\/produktas\\\/viga-polarb-arkties-gyvunu-balansavimo-deliones-zaidimas\\\/\",\"url\":\"https:\\\/\\\/kidsplay.lt\\\/produktas\\\/viga-polarb-arkties-gyvunu-balansavimo-deliones-zaidimas\\\/\",\"name\":\"VIGA PolarB Arkties gyv\u016bn\u0173 balansavimo d\u0117lion\u0117s \u017eaidimas\",\"isPartOf\":{\"@id\":\"https:\\\/\\\/kidsplay.lt\\\/#website\"},\"primaryImageOfPage\":{\"@id\":\"https:\\\/\\\/kidsplay.lt\\\/produktas\\\/viga-polarb-arkties-gyvunu-balansavimo-deliones-zaidimas\\\/#primaryimage\"},\"image\":{\"@id\":\"https:\\\/\\\/kidsplay.lt\\\/produktas\\\/viga-polarb-arkties-gyvunu-balansavimo-deliones-zaidimas\\\/#primaryimage\"},\"thumbnailUrl\":\"https:\\\/\\\/kidsplay.lt\\\/wp-content\\\/uploads\\\/2026\\\/04\\\/VIGA-PolarB-Arkties-gyvunu-balansavimo-deliones-zaidimas.png\",\"datePublished\":\"2026-04-20T04:07:34+00:00\",\"dateModified\":\"2026-04-20T15:30:03+00:00\",\"description\":\"VIGA PolarB Arkties gyv\u016bn\u0173 balansavimo d\u0117lion\u0117s \u017eaidimas - KidsPlay. Did\u017eiausias vaik\u0173 \u017eaisl\u0173 pasirinkimas.\",\"breadcrumb\":{\"@id\":\"https:\\\/\\\/kidsplay.lt\\\/produktas\\\/viga-polarb-arkties-gyvunu-balansavimo-deliones-zaidimas\\\/#breadcrumb\"},\"inLanguage\":\"lv-LV\",\"potentialAction\":[{\"@type\":\"ReadAction\",\"target\":[\"https:\\\/\\\/kidsplay.lt\\\/produktas\\\/viga-polarb-arkties-gyvunu-balansavimo-deliones-zaidimas\\\/\"]}]},{\"@type\":\"ImageObject\",\"inLanguage\":\"lv-LV\",\"@id\":\"https:\\\/\\\/kidsplay.lt\\\/produktas\\\/viga-polarb-arkties-gyvunu-balansavimo-deliones-zaidimas\\\/#primaryimage\",\"url\":\"https:\\\/\\\/kidsplay.lt\\\/wp-content\\\/uploads\\\/2026\\\/04\\\/VIGA-PolarB-Arkties-gyvunu-balansavimo-deliones-zaidimas.png\",\"contentUrl\":\"https:\\\/\\\/kidsplay.lt\\\/wp-content\\\/uploads\\\/2026\\\/04\\\/VIGA-PolarB-Arkties-gyvunu-balansavimo-deliones-zaidimas.png\",\"width\":2560,\"height\":2560,\"caption\":\"VIGA PolarB Arkties gyv\u016bn\u0173 balansavimo d\u0117lion\u0117s \u017eaidimas\"},{\"@type\":\"BreadcrumbList\",\"@id\":\"https:\\\/\\\/kidsplay.lt\\\/produktas\\\/viga-polarb-arkties-gyvunu-balansavimo-deliones-zaidimas\\\/#breadcrumb\",\"itemListElement\":[{\"@type\":\"ListItem\",\"position\":1,\"name\":\"Pagrindinis\",\"item\":\"https:\\\/\\\/kidsplay.lt\\\/\"},{\"@type\":\"ListItem\",\"position\":2,\"name\":\"Parduotuv\u0117\",\"item\":\"https:\\\/\\\/kidsplay.lt\\\/parduotuve\\\/\"},{\"@type\":\"ListItem\",\"position\":3,\"name\":\"VIGA PolarB Arkties gyv\u016bn\u0173 balansavimo d\u0117lion\u0117s \u017eaidimas\"}]},{\"@type\":\"WebSite\",\"@id\":\"https:\\\/\\\/kidsplay.lt\\\/#website\",\"url\":\"https:\\\/\\\/kidsplay.lt\\\/\",\"name\":\"Kidsplay.lt\",\"description\":\"\u012evairios prek\u0117s vaikams\",\"publisher\":{\"@id\":\"https:\\\/\\\/kidsplay.lt\\\/#organization\"},\"alternateName\":\"Kidsplay\",\"potentialAction\":[{\"@type\":\"SearchAction\",\"target\":{\"@type\":\"EntryPoint\",\"urlTemplate\":\"https:\\\/\\\/kidsplay.lt\\\/?s={search_term_string}\"},\"query-input\":{\"@type\":\"PropertyValueSpecification\",\"valueRequired\":true,\"valueName\":\"search_term_string\"}}],\"inLanguage\":\"lv-LV\"},{\"@type\":\"Organization\",\"@id\":\"https:\\\/\\\/kidsplay.lt\\\/#organization\",\"name\":\"KidsPlay\",\"url\":\"https:\\\/\\\/kidsplay.lt\\\/\",\"logo\":{\"@type\":\"ImageObject\",\"inLanguage\":\"lv-LV\",\"@id\":\"https:\\\/\\\/kidsplay.lt\\\/#\\\/schema\\\/logo\\\/image\\\/\",\"url\":\"https:\\\/\\\/kidsplay.lt\\\/wp-content\\\/uploads\\\/2023\\\/07\\\/kidsplay-logo.png\",\"contentUrl\":\"https:\\\/\\\/kidsplay.lt\\\/wp-content\\\/uploads\\\/2023\\\/07\\\/kidsplay-logo.png\",\"width\":451,\"height\":98,\"caption\":\"KidsPlay\"},\"image\":{\"@id\":\"https:\\\/\\\/kidsplay.lt\\\/#\\\/schema\\\/logo\\\/image\\\/\"},\"sameAs\":[\"https:\\\/\\\/www.facebook.com\\\/www.kidsplay.lt\"]}]}<\/script>\n<!-- \/ Yoast SEO plugin. -->","yoast_head_json":{"title":"VIGA PolarB Arkties gyv\u016bn\u0173 balansavimo d\u0117lion\u0117s \u017eaidimas","description":"VIGA PolarB Arkties gyv\u016bn\u0173 balansavimo d\u0117lion\u0117s \u017eaidimas - KidsPlay. Did\u017eiausias vaik\u0173 \u017eaisl\u0173 pasirinkimas.","robots":{"index":"index","follow":"follow","max-snippet":"max-snippet:-1","max-image-preview":"max-image-preview:large","max-video-preview":"max-video-preview:-1"},"canonical":"https:\/\/kidsplay.lt\/lv\/products\/viga-polarb-arkties-gyvunu-balansavimo-deliones-zaidimas\/","og_locale":"lv_LV","og_type":"article","og_title":"VIGA PolarB Arkties gyv\u016bn\u0173 balansavimo d\u0117lion\u0117s \u017eaidimas","og_description":"VIGA PolarB Arkties gyv\u016bn\u0173 balansavimo d\u0117lion\u0117s \u017eaidimas - KidsPlay. Did\u017eiausias vaik\u0173 \u017eaisl\u0173 pasirinkimas.","og_url":"https:\/\/kidsplay.lt\/lv\/products\/viga-polarb-arkties-gyvunu-balansavimo-deliones-zaidimas\/","og_site_name":"KidsPlay","article_publisher":"https:\/\/www.facebook.com\/www.kidsplay.lt","article_modified_time":"2026-04-20T15:30:03+00:00","og_image":[{"width":800,"height":800,"url":"https:\/\/kidsplay.lt\/wp-content\/uploads\/2026\/04\/VIGA-PolarB-Arkties-gyvunu-balansavimo-deliones-zaidimas-800x800.png","type":"image\/png"}],"twitter_card":"summary_large_image","twitter_misc":{"Est. reading time":"1 min\u016bte"},"schema":{"@context":"https:\/\/schema.org","@graph":[{"@type":"WebPage","@id":"https:\/\/kidsplay.lt\/produktas\/viga-polarb-arkties-gyvunu-balansavimo-deliones-zaidimas\/","url":"https:\/\/kidsplay.lt\/produktas\/viga-polarb-arkties-gyvunu-balansavimo-deliones-zaidimas\/","name":"VIGA PolarB Arkties gyv\u016bn\u0173 balansavimo d\u0117lion\u0117s \u017eaidimas","isPartOf":{"@id":"https:\/\/kidsplay.lt\/#website"},"primaryImageOfPage":{"@id":"https:\/\/kidsplay.lt\/produktas\/viga-polarb-arkties-gyvunu-balansavimo-deliones-zaidimas\/#primaryimage"},"image":{"@id":"https:\/\/kidsplay.lt\/produktas\/viga-polarb-arkties-gyvunu-balansavimo-deliones-zaidimas\/#primaryimage"},"thumbnailUrl":"https:\/\/kidsplay.lt\/wp-content\/uploads\/2026\/04\/VIGA-PolarB-Arkties-gyvunu-balansavimo-deliones-zaidimas.png","datePublished":"2026-04-20T04:07:34+00:00","dateModified":"2026-04-20T15:30:03+00:00","description":"VIGA PolarB Arkties gyv\u016bn\u0173 balansavimo d\u0117lion\u0117s \u017eaidimas - KidsPlay. Did\u017eiausias vaik\u0173 \u017eaisl\u0173 pasirinkimas.","breadcrumb":{"@id":"https:\/\/kidsplay.lt\/produktas\/viga-polarb-arkties-gyvunu-balansavimo-deliones-zaidimas\/#breadcrumb"},"inLanguage":"lv-LV","potentialAction":[{"@type":"ReadAction","target":["https:\/\/kidsplay.lt\/produktas\/viga-polarb-arkties-gyvunu-balansavimo-deliones-zaidimas\/"]}]},{"@type":"ImageObject","inLanguage":"lv-LV","@id":"https:\/\/kidsplay.lt\/produktas\/viga-polarb-arkties-gyvunu-balansavimo-deliones-zaidimas\/#primaryimage","url":"https:\/\/kidsplay.lt\/wp-content\/uploads\/2026\/04\/VIGA-PolarB-Arkties-gyvunu-balansavimo-deliones-zaidimas.png","contentUrl":"https:\/\/kidsplay.lt\/wp-content\/uploads\/2026\/04\/VIGA-PolarB-Arkties-gyvunu-balansavimo-deliones-zaidimas.png","width":2560,"height":2560,"caption":"VIGA PolarB Arkties gyv\u016bn\u0173 balansavimo d\u0117lion\u0117s \u017eaidimas"},{"@type":"BreadcrumbList","@id":"https:\/\/kidsplay.lt\/produktas\/viga-polarb-arkties-gyvunu-balansavimo-deliones-zaidimas\/#breadcrumb","itemListElement":[{"@type":"ListItem","position":1,"name":"Pagrindinis","item":"https:\/\/kidsplay.lt\/"},{"@type":"ListItem","position":2,"name":"Parduotuv\u0117","item":"https:\/\/kidsplay.lt\/parduotuve\/"},{"@type":"ListItem","position":3,"name":"VIGA PolarB Arkties gyv\u016bn\u0173 balansavimo d\u0117lion\u0117s \u017eaidimas"}]},{"@type":"WebSite","@id":"https:\/\/kidsplay.lt\/#website","url":"https:\/\/kidsplay.lt\/","name":"B\u0113rnu sp\u0113les.lv","description":"\u012evairios prek\u0117s vaikams","publisher":{"@id":"https:\/\/kidsplay.lt\/#organization"},"alternateName":"Kidsplay","potentialAction":[{"@type":"SearchAction","target":{"@type":"EntryPoint","urlTemplate":"https:\/\/kidsplay.lt\/?s={search_term_string}"},"query-input":{"@type":"PropertyValueSpecification","valueRequired":true,"valueName":"search_term_string"}}],"inLanguage":"lv-LV"},{"@type":"Organization","@id":"https:\/\/kidsplay.lt\/#organization","name":"B\u0113rnu sp\u0113le","url":"https:\/\/kidsplay.lt\/","logo":{"@type":"ImageObject","inLanguage":"lv-LV","@id":"https:\/\/kidsplay.lt\/#\/schema\/logo\/image\/","url":"https:\/\/kidsplay.lt\/wp-content\/uploads\/2023\/07\/kidsplay-logo.png","contentUrl":"https:\/\/kidsplay.lt\/wp-content\/uploads\/2023\/07\/kidsplay-logo.png","width":451,"height":98,"caption":"KidsPlay"},"image":{"@id":"https:\/\/kidsplay.lt\/#\/schema\/logo\/image\/"},"sameAs":["https:\/\/www.facebook.com\/www.kidsplay.lt"]}]}},"_links":{"self":[{"href":"https:\/\/kidsplay.lt\/lv\/wp-json\/wp\/v2\/product\/106348","targetHints":{"allow":["GET"]}}],"collection":[{"href":"https:\/\/kidsplay.lt\/lv\/wp-json\/wp\/v2\/product"}],"about":[{"href":"https:\/\/kidsplay.lt\/lv\/wp-json\/wp\/v2\/types\/product"}],"version-history":[{"count":1,"href":"https:\/\/kidsplay.lt\/lv\/wp-json\/wp\/v2\/product\/106348\/revisions"}],"predecessor-version":[{"id":106349,"href":"https:\/\/kidsplay.lt\/lv\/wp-json\/wp\/v2\/product\/106348\/revisions\/106349"}],"wp:featuredmedia":[{"embeddable":true,"href":"https:\/\/kidsplay.lt\/lv\/wp-json\/wp\/v2\/media\/106350"}],"wp:attachment":[{"href":"https:\/\/kidsplay.lt\/lv\/wp-json\/wp\/v2\/media?parent=106348"}],"wp:term":[{"taxonomy":"product_brand","embeddable":true,"href":"https:\/\/kidsplay.lt\/lv\/wp-json\/wp\/v2\/product_brand?post=106348"},{"taxonomy":"product_cat","embeddable":true,"href":"https:\/\/kidsplay.lt\/lv\/wp-json\/wp\/v2\/product_cat?post=106348"},{"taxonomy":"product_tag","embeddable":true,"href":"https:\/\/kidsplay.lt\/lv\/wp-json\/wp\/v2\/product_tag?post=106348"}],"curies":[{"name":"wp","href":"https:\/\/api.w.org\/{rel}","templated":true}]}}