{"id":106355,"date":"2026-04-20T07:08:11","date_gmt":"2026-04-20T04:08:11","guid":{"rendered":"https:\/\/kidsplay.lt\/produktas\/viga-medinis-zaidimas-sokinejantys-gyvunai-nojaus-arka\/"},"modified":"2026-04-20T18:30:04","modified_gmt":"2026-04-20T15:30:04","slug":"viga-medinis-zaidimas-sokinejantys-gyvunai-nojaus-arka","status":"publish","type":"product","link":"https:\/\/kidsplay.lt\/lv\/products\/viga-medinis-zaidimas-sokinejantys-gyvunai-nojaus-arka\/","title":{"rendered":"VIGA medinis \u017eaidimas \u201e\u0160okin\u0117jantys gyv\u016bnai \u2013 Nojaus arka\u201c"},"content":{"rendered":"<p>Mediniai \u0161okin\u0117jantys gyv\u016bnai i\u0161 \u017einomos \u201eViga\u201c kompanijos \u2013 \u017eaislas, kur\u012f pamils kiekvienas vaikas. Ry\u0161kios spalvos ir mieli gyv\u016bn\u0117liai skatina ma\u017eylius \u017eaisti. \u0160is \u017eaislas lavina ir gerina rank\u0173\u2013aki\u0173 koordinacij\u0105. Vaiko u\u017eduotis \u2013 \u201ei\u0161\u0161auti\u201c gyv\u016bn\u0117lius paspaud\u017eiant j\u0173 galvutes, kurios yra pritvirtintos prie spalvingo medinio pagrindo. \u017dirafa, be\u017ed\u017eion\u0117, li\u016btas ir zebras \u0161ypsosi vaikui, kviesdami \u017eaisti. Tuo pa\u010diu vaikas gali mokytis atpa\u017einti gyv\u016bnus bei spalvas. D\u0117l esteti\u0161kos pakuot\u0117s \u017eaislas puikiai tinka dovanai.<br \/>\nRaksturojums:<\/p>\n<p> \tPaspaudus gyv\u016bno galvut\u0119, jis i\u0161\u0161oka<br \/>\n \tVaikas susipa\u017e\u012fsta su Nojaus arkos gyv\u016bnais \u2013 \u017eirafa, be\u017ed\u017eione, li\u016btu ir zebru<br \/>\n \t\u017daislas moko veiksmo ir reakcijos principo<br \/>\n \tRy\u0161kios spalvos<br \/>\n \tEsteti\u0161ka pakuot\u0117<br \/>\n \tRinkin\u012f sudaro pagrindas ir 4 medin\u0117s lazdel\u0117s su gyv\u016bn\u0173 atvaizdais<br \/>\n \tPagaminta i\u0161 auk\u0161\u010diausios kokyb\u0117s med\u017eiag\u0173<br \/>\n \tNuda\u017eyta netoksi\u0161kais, vaikams saugiais da\u017eais<\/p>","protected":false},"excerpt":{"rendered":"<p>Mediniai \u0161okin\u0117jantys gyv\u016bnai i\u0161 \u017einomos \u201eViga\u201c kompanijos \u2013 \u017eaislas, kur\u012f pamils kiekvienas vaikas. Ry\u0161kios spalvos ir mieli gyv\u016bn\u0117liai skatina ma\u017eylius<\/p>","protected":false},"featured_media":106357,"template":"","meta":{"_acf_changed":false,"_glsr_average":0,"_glsr_ranking":0,"_glsr_reviews":0},"product_brand":[],"product_cat":[884,883],"product_tag":[],"class_list":{"0":"post-106355","1":"product","2":"type-product","3":"status-publish","4":"has-post-thumbnail","6":"product_cat-edukaciniai-lavinamieji-mediniai-zaislai","7":"product_cat-mediniai-zaislai-2","8":"\"style=\"background-color: #2ecc711c;\"","10":"first","11":"instock","12":"purchasable","13":"product-type-simple"},"acf":[],"yoast_head":"<!-- This site is optimized with the Yoast SEO plugin v27.4 - https:\/\/yoast.com\/product\/yoast-seo-wordpress\/ -->\n<title>VIGA medinis \u017eaidimas \u201e\u0160okin\u0117jantys gyv\u016bnai \u2013 Nojaus arka\u201c<\/title>\n<meta name=\"description\" content=\"VIGA medinis \u017eaidimas \u201e\u0160okin\u0117jantys gyv\u016bnai \u2013 Nojaus arka\u201c - KidsPlay. Did\u017eiausias vaik\u0173 \u017eaisl\u0173 pasirinkimas.\" \/>\n<meta name=\"robots\" content=\"index, follow, max-snippet:-1, max-image-preview:large, max-video-preview:-1\" \/>\n<link rel=\"canonical\" href=\"https:\/\/kidsplay.lt\/lv\/products\/viga-medinis-zaidimas-sokinejantys-gyvunai-nojaus-arka\/\" \/>\n<meta property=\"og:locale\" content=\"lv_LV\" \/>\n<meta property=\"og:type\" content=\"article\" \/>\n<meta property=\"og:title\" content=\"VIGA medinis \u017eaidimas \u201e\u0160okin\u0117jantys gyv\u016bnai \u2013 Nojaus arka\u201c\" \/>\n<meta property=\"og:description\" content=\"VIGA medinis \u017eaidimas \u201e\u0160okin\u0117jantys gyv\u016bnai \u2013 Nojaus arka\u201c - KidsPlay. Did\u017eiausias vaik\u0173 \u017eaisl\u0173 pasirinkimas.\" \/>\n<meta property=\"og:url\" content=\"https:\/\/kidsplay.lt\/lv\/products\/viga-medinis-zaidimas-sokinejantys-gyvunai-nojaus-arka\/\" \/>\n<meta property=\"og:site_name\" content=\"KidsPlay\" \/>\n<meta property=\"article:publisher\" content=\"https:\/\/www.facebook.com\/www.kidsplay.lt\" \/>\n<meta property=\"article:modified_time\" content=\"2026-04-20T15:30:04+00:00\" \/>\n<meta property=\"og:image\" content=\"https:\/\/kidsplay.lt\/wp-content\/uploads\/2026\/04\/VIGA-medinis-zaidimas-\u201eSokinejantys-gyvunai-\u2013-Nojaus-arka.jpg\" \/>\n\t<meta property=\"og:image:width\" content=\"1781\" \/>\n\t<meta property=\"og:image:height\" content=\"1781\" \/>\n\t<meta property=\"og:image:type\" content=\"image\/jpeg\" \/>\n<meta name=\"twitter:card\" content=\"summary_large_image\" \/>\n<meta name=\"twitter:label1\" content=\"Est. reading time\" \/>\n\t<meta name=\"twitter:data1\" content=\"1 min\u016bte\" \/>\n<script type=\"application\/ld+json\" class=\"yoast-schema-graph\">{\"@context\":\"https:\\\/\\\/schema.org\",\"@graph\":[{\"@type\":\"WebPage\",\"@id\":\"https:\\\/\\\/kidsplay.lt\\\/produktas\\\/viga-medinis-zaidimas-sokinejantys-gyvunai-nojaus-arka\\\/\",\"url\":\"https:\\\/\\\/kidsplay.lt\\\/produktas\\\/viga-medinis-zaidimas-sokinejantys-gyvunai-nojaus-arka\\\/\",\"name\":\"VIGA medinis \u017eaidimas \u201e\u0160okin\u0117jantys gyv\u016bnai \u2013 Nojaus arka\u201c\",\"isPartOf\":{\"@id\":\"https:\\\/\\\/kidsplay.lt\\\/#website\"},\"primaryImageOfPage\":{\"@id\":\"https:\\\/\\\/kidsplay.lt\\\/produktas\\\/viga-medinis-zaidimas-sokinejantys-gyvunai-nojaus-arka\\\/#primaryimage\"},\"image\":{\"@id\":\"https:\\\/\\\/kidsplay.lt\\\/produktas\\\/viga-medinis-zaidimas-sokinejantys-gyvunai-nojaus-arka\\\/#primaryimage\"},\"thumbnailUrl\":\"https:\\\/\\\/kidsplay.lt\\\/wp-content\\\/uploads\\\/2026\\\/04\\\/VIGA-medinis-zaidimas-\u201eSokinejantys-gyvunai-\u2013-Nojaus-arka.jpg\",\"datePublished\":\"2026-04-20T04:08:11+00:00\",\"dateModified\":\"2026-04-20T15:30:04+00:00\",\"description\":\"VIGA medinis \u017eaidimas \u201e\u0160okin\u0117jantys gyv\u016bnai \u2013 Nojaus arka\u201c - KidsPlay. Did\u017eiausias vaik\u0173 \u017eaisl\u0173 pasirinkimas.\",\"breadcrumb\":{\"@id\":\"https:\\\/\\\/kidsplay.lt\\\/produktas\\\/viga-medinis-zaidimas-sokinejantys-gyvunai-nojaus-arka\\\/#breadcrumb\"},\"inLanguage\":\"lv-LV\",\"potentialAction\":[{\"@type\":\"ReadAction\",\"target\":[\"https:\\\/\\\/kidsplay.lt\\\/produktas\\\/viga-medinis-zaidimas-sokinejantys-gyvunai-nojaus-arka\\\/\"]}]},{\"@type\":\"ImageObject\",\"inLanguage\":\"lv-LV\",\"@id\":\"https:\\\/\\\/kidsplay.lt\\\/produktas\\\/viga-medinis-zaidimas-sokinejantys-gyvunai-nojaus-arka\\\/#primaryimage\",\"url\":\"https:\\\/\\\/kidsplay.lt\\\/wp-content\\\/uploads\\\/2026\\\/04\\\/VIGA-medinis-zaidimas-\u201eSokinejantys-gyvunai-\u2013-Nojaus-arka.jpg\",\"contentUrl\":\"https:\\\/\\\/kidsplay.lt\\\/wp-content\\\/uploads\\\/2026\\\/04\\\/VIGA-medinis-zaidimas-\u201eSokinejantys-gyvunai-\u2013-Nojaus-arka.jpg\",\"width\":1781,\"height\":1781,\"caption\":\"VIGA medinis \u017eaidimas \u201e\u0160okin\u0117jantys gyv\u016bnai \u2013 Nojaus arka\u201c\"},{\"@type\":\"BreadcrumbList\",\"@id\":\"https:\\\/\\\/kidsplay.lt\\\/produktas\\\/viga-medinis-zaidimas-sokinejantys-gyvunai-nojaus-arka\\\/#breadcrumb\",\"itemListElement\":[{\"@type\":\"ListItem\",\"position\":1,\"name\":\"Pagrindinis\",\"item\":\"https:\\\/\\\/kidsplay.lt\\\/\"},{\"@type\":\"ListItem\",\"position\":2,\"name\":\"Parduotuv\u0117\",\"item\":\"https:\\\/\\\/kidsplay.lt\\\/parduotuve\\\/\"},{\"@type\":\"ListItem\",\"position\":3,\"name\":\"VIGA medinis \u017eaidimas \u201e\u0160okin\u0117jantys gyv\u016bnai \u2013 Nojaus arka\u201c\"}]},{\"@type\":\"WebSite\",\"@id\":\"https:\\\/\\\/kidsplay.lt\\\/#website\",\"url\":\"https:\\\/\\\/kidsplay.lt\\\/\",\"name\":\"Kidsplay.lt\",\"description\":\"\u012evairios prek\u0117s vaikams\",\"publisher\":{\"@id\":\"https:\\\/\\\/kidsplay.lt\\\/#organization\"},\"alternateName\":\"Kidsplay\",\"potentialAction\":[{\"@type\":\"SearchAction\",\"target\":{\"@type\":\"EntryPoint\",\"urlTemplate\":\"https:\\\/\\\/kidsplay.lt\\\/?s={search_term_string}\"},\"query-input\":{\"@type\":\"PropertyValueSpecification\",\"valueRequired\":true,\"valueName\":\"search_term_string\"}}],\"inLanguage\":\"lv-LV\"},{\"@type\":\"Organization\",\"@id\":\"https:\\\/\\\/kidsplay.lt\\\/#organization\",\"name\":\"KidsPlay\",\"url\":\"https:\\\/\\\/kidsplay.lt\\\/\",\"logo\":{\"@type\":\"ImageObject\",\"inLanguage\":\"lv-LV\",\"@id\":\"https:\\\/\\\/kidsplay.lt\\\/#\\\/schema\\\/logo\\\/image\\\/\",\"url\":\"https:\\\/\\\/kidsplay.lt\\\/wp-content\\\/uploads\\\/2023\\\/07\\\/kidsplay-logo.png\",\"contentUrl\":\"https:\\\/\\\/kidsplay.lt\\\/wp-content\\\/uploads\\\/2023\\\/07\\\/kidsplay-logo.png\",\"width\":451,\"height\":98,\"caption\":\"KidsPlay\"},\"image\":{\"@id\":\"https:\\\/\\\/kidsplay.lt\\\/#\\\/schema\\\/logo\\\/image\\\/\"},\"sameAs\":[\"https:\\\/\\\/www.facebook.com\\\/www.kidsplay.lt\"]}]}<\/script>\n<!-- \/ Yoast SEO plugin. -->","yoast_head_json":{"title":"VIGA medinis \u017eaidimas \u201e\u0160okin\u0117jantys gyv\u016bnai \u2013 Nojaus arka\u201c","description":"VIGA medinis \u017eaidimas \u201e\u0160okin\u0117jantys gyv\u016bnai \u2013 Nojaus arka\u201c - KidsPlay. Did\u017eiausias vaik\u0173 \u017eaisl\u0173 pasirinkimas.","robots":{"index":"index","follow":"follow","max-snippet":"max-snippet:-1","max-image-preview":"max-image-preview:large","max-video-preview":"max-video-preview:-1"},"canonical":"https:\/\/kidsplay.lt\/lv\/products\/viga-medinis-zaidimas-sokinejantys-gyvunai-nojaus-arka\/","og_locale":"lv_LV","og_type":"article","og_title":"VIGA medinis \u017eaidimas \u201e\u0160okin\u0117jantys gyv\u016bnai \u2013 Nojaus arka\u201c","og_description":"VIGA medinis \u017eaidimas \u201e\u0160okin\u0117jantys gyv\u016bnai \u2013 Nojaus arka\u201c - KidsPlay. Did\u017eiausias vaik\u0173 \u017eaisl\u0173 pasirinkimas.","og_url":"https:\/\/kidsplay.lt\/lv\/products\/viga-medinis-zaidimas-sokinejantys-gyvunai-nojaus-arka\/","og_site_name":"KidsPlay","article_publisher":"https:\/\/www.facebook.com\/www.kidsplay.lt","article_modified_time":"2026-04-20T15:30:04+00:00","og_image":[{"width":1781,"height":1781,"url":"https:\/\/kidsplay.lt\/wp-content\/uploads\/2026\/04\/VIGA-medinis-zaidimas-\u201eSokinejantys-gyvunai-\u2013-Nojaus-arka.jpg","type":"image\/jpeg"}],"twitter_card":"summary_large_image","twitter_misc":{"Est. reading time":"1 min\u016bte"},"schema":{"@context":"https:\/\/schema.org","@graph":[{"@type":"WebPage","@id":"https:\/\/kidsplay.lt\/produktas\/viga-medinis-zaidimas-sokinejantys-gyvunai-nojaus-arka\/","url":"https:\/\/kidsplay.lt\/produktas\/viga-medinis-zaidimas-sokinejantys-gyvunai-nojaus-arka\/","name":"VIGA medinis \u017eaidimas \u201e\u0160okin\u0117jantys gyv\u016bnai \u2013 Nojaus arka\u201c","isPartOf":{"@id":"https:\/\/kidsplay.lt\/#website"},"primaryImageOfPage":{"@id":"https:\/\/kidsplay.lt\/produktas\/viga-medinis-zaidimas-sokinejantys-gyvunai-nojaus-arka\/#primaryimage"},"image":{"@id":"https:\/\/kidsplay.lt\/produktas\/viga-medinis-zaidimas-sokinejantys-gyvunai-nojaus-arka\/#primaryimage"},"thumbnailUrl":"https:\/\/kidsplay.lt\/wp-content\/uploads\/2026\/04\/VIGA-medinis-zaidimas-\u201eSokinejantys-gyvunai-\u2013-Nojaus-arka.jpg","datePublished":"2026-04-20T04:08:11+00:00","dateModified":"2026-04-20T15:30:04+00:00","description":"VIGA medinis \u017eaidimas \u201e\u0160okin\u0117jantys gyv\u016bnai \u2013 Nojaus arka\u201c - KidsPlay. Did\u017eiausias vaik\u0173 \u017eaisl\u0173 pasirinkimas.","breadcrumb":{"@id":"https:\/\/kidsplay.lt\/produktas\/viga-medinis-zaidimas-sokinejantys-gyvunai-nojaus-arka\/#breadcrumb"},"inLanguage":"lv-LV","potentialAction":[{"@type":"ReadAction","target":["https:\/\/kidsplay.lt\/produktas\/viga-medinis-zaidimas-sokinejantys-gyvunai-nojaus-arka\/"]}]},{"@type":"ImageObject","inLanguage":"lv-LV","@id":"https:\/\/kidsplay.lt\/produktas\/viga-medinis-zaidimas-sokinejantys-gyvunai-nojaus-arka\/#primaryimage","url":"https:\/\/kidsplay.lt\/wp-content\/uploads\/2026\/04\/VIGA-medinis-zaidimas-\u201eSokinejantys-gyvunai-\u2013-Nojaus-arka.jpg","contentUrl":"https:\/\/kidsplay.lt\/wp-content\/uploads\/2026\/04\/VIGA-medinis-zaidimas-\u201eSokinejantys-gyvunai-\u2013-Nojaus-arka.jpg","width":1781,"height":1781,"caption":"VIGA medinis \u017eaidimas \u201e\u0160okin\u0117jantys gyv\u016bnai \u2013 Nojaus arka\u201c"},{"@type":"BreadcrumbList","@id":"https:\/\/kidsplay.lt\/produktas\/viga-medinis-zaidimas-sokinejantys-gyvunai-nojaus-arka\/#breadcrumb","itemListElement":[{"@type":"ListItem","position":1,"name":"Pagrindinis","item":"https:\/\/kidsplay.lt\/"},{"@type":"ListItem","position":2,"name":"Parduotuv\u0117","item":"https:\/\/kidsplay.lt\/parduotuve\/"},{"@type":"ListItem","position":3,"name":"VIGA medinis \u017eaidimas \u201e\u0160okin\u0117jantys gyv\u016bnai \u2013 Nojaus arka\u201c"}]},{"@type":"WebSite","@id":"https:\/\/kidsplay.lt\/#website","url":"https:\/\/kidsplay.lt\/","name":"B\u0113rnu sp\u0113les.lv","description":"\u012evairios prek\u0117s vaikams","publisher":{"@id":"https:\/\/kidsplay.lt\/#organization"},"alternateName":"Kidsplay","potentialAction":[{"@type":"SearchAction","target":{"@type":"EntryPoint","urlTemplate":"https:\/\/kidsplay.lt\/?s={search_term_string}"},"query-input":{"@type":"PropertyValueSpecification","valueRequired":true,"valueName":"search_term_string"}}],"inLanguage":"lv-LV"},{"@type":"Organization","@id":"https:\/\/kidsplay.lt\/#organization","name":"B\u0113rnu sp\u0113le","url":"https:\/\/kidsplay.lt\/","logo":{"@type":"ImageObject","inLanguage":"lv-LV","@id":"https:\/\/kidsplay.lt\/#\/schema\/logo\/image\/","url":"https:\/\/kidsplay.lt\/wp-content\/uploads\/2023\/07\/kidsplay-logo.png","contentUrl":"https:\/\/kidsplay.lt\/wp-content\/uploads\/2023\/07\/kidsplay-logo.png","width":451,"height":98,"caption":"KidsPlay"},"image":{"@id":"https:\/\/kidsplay.lt\/#\/schema\/logo\/image\/"},"sameAs":["https:\/\/www.facebook.com\/www.kidsplay.lt"]}]}},"_links":{"self":[{"href":"https:\/\/kidsplay.lt\/lv\/wp-json\/wp\/v2\/product\/106355","targetHints":{"allow":["GET"]}}],"collection":[{"href":"https:\/\/kidsplay.lt\/lv\/wp-json\/wp\/v2\/product"}],"about":[{"href":"https:\/\/kidsplay.lt\/lv\/wp-json\/wp\/v2\/types\/product"}],"version-history":[{"count":1,"href":"https:\/\/kidsplay.lt\/lv\/wp-json\/wp\/v2\/product\/106355\/revisions"}],"predecessor-version":[{"id":106356,"href":"https:\/\/kidsplay.lt\/lv\/wp-json\/wp\/v2\/product\/106355\/revisions\/106356"}],"wp:featuredmedia":[{"embeddable":true,"href":"https:\/\/kidsplay.lt\/lv\/wp-json\/wp\/v2\/media\/106357"}],"wp:attachment":[{"href":"https:\/\/kidsplay.lt\/lv\/wp-json\/wp\/v2\/media?parent=106355"}],"wp:term":[{"taxonomy":"product_brand","embeddable":true,"href":"https:\/\/kidsplay.lt\/lv\/wp-json\/wp\/v2\/product_brand?post=106355"},{"taxonomy":"product_cat","embeddable":true,"href":"https:\/\/kidsplay.lt\/lv\/wp-json\/wp\/v2\/product_cat?post=106355"},{"taxonomy":"product_tag","embeddable":true,"href":"https:\/\/kidsplay.lt\/lv\/wp-json\/wp\/v2\/product_tag?post=106355"}],"curies":[{"name":"wp","href":"https:\/\/api.w.org\/{rel}","templated":true}]}}