{"id":106369,"date":"2026-04-20T07:09:04","date_gmt":"2026-04-20T04:09:04","guid":{"rendered":"https:\/\/kidsplay.lt\/produktas\/viga-magnetukai-ukio-draugai-kurybiskas-zaidimas-su-ukio-gyvunais\/"},"modified":"2026-04-20T07:09:15","modified_gmt":"2026-04-20T04:09:15","slug":"viga-magnetukai-ukio-draugai-kurybiskas-zaidimas-su-ukio-gyvunais","status":"publish","type":"product","link":"https:\/\/kidsplay.lt\/lv\/products\/viga-magnetukai-ukio-draugai-kurybiskas-zaidimas-su-ukio-gyvunais\/","title":{"rendered":"VIGA magnetukai \u201e\u016akio draugai\u201c \u2013 k\u016brybi\u0161kas \u017eaidimas su \u016bkio gyv\u016bnais"},"content":{"rendered":"<p>Susipa\u017einkite su mielais \u016bkio gyv\u016bnais \u2013 \u201eVIGA\u201c mediniais magnetukais! \u0160is 20 dali\u0173 rinkinys skatina \u017eaisti ant bet kokio magnetinio pavir\u0161iaus \u2013 \u0161aldytuvo, baltos lentos ar specialaus \u017eaidim\u0173 kilim\u0117lio. Vaikai gali kurti scenas, pasakoti savo istorijas ir tyrin\u0117ti \u016bkio gyv\u016bn\u0173 pasaul\u012f. Spalvingos ir patvarios detal\u0117s yra lengvos, patogios ma\u017eoms rankyt\u0117ms. Tai puikus rinkinys, lavinantis k\u016brybi\u0161kum\u0105, kalbinius \u012fg\u016bd\u017eius ir smulki\u0105j\u0105 motorik\u0105.<br \/>\nRaksturojums:<\/p>\n<p> \tMedin\u0117s magnetin\u0117s fig\u016br\u0117l\u0117s su \u016bkio gyv\u016bnais<br \/>\n \tRy\u0161k\u016bs, i\u0161rai\u0161kingi ra\u0161tai, pritraukiantys vaik\u0173 d\u0117mes\u012f<br \/>\n \tMagnetin\u0117 nugar\u0117l\u0117 leid\u017eia pritvirtinti prie bet kokio metalinio pavir\u0161iaus<br \/>\n \tSkatina k\u016brybi\u0161kumo ir kalbos \u012fg\u016bd\u017ei\u0173 vystym\u0105si<br \/>\n \tLengva laikyti spalvingoje d\u0117\u017eut\u0117je<\/p>","protected":false},"excerpt":{"rendered":"<p>Susipa\u017einkite su mielais \u016bkio gyv\u016bnais \u2013 \u201eVIGA\u201c mediniais magnetukais! \u0160is 20 dali\u0173 rinkinys skatina \u017eaisti ant bet kokio magnetinio pavir\u0161iaus<\/p>","protected":false},"featured_media":106371,"template":"","meta":{"_acf_changed":false,"_glsr_average":0,"_glsr_ranking":0,"_glsr_reviews":0},"product_brand":[],"product_cat":[1051,1050],"product_tag":[],"class_list":{"0":"post-106369","1":"product","2":"type-product","3":"status-publish","4":"has-post-thumbnail","6":"product_cat-edukaciniai-lavinamieji-mediniai-zaislai-mediniai-zaislai","7":"product_cat-mediniai-zaislai","8":"\"style=\"background-color: #2ecc711c;\"","10":"first","11":"instock","12":"purchasable","13":"product-type-simple"},"acf":[],"yoast_head":"<!-- This site is optimized with the Yoast SEO plugin v27.4 - https:\/\/yoast.com\/product\/yoast-seo-wordpress\/ -->\n<title>VIGA magnetukai \u201e\u016akio draugai\u201c \u2013 k\u016brybi\u0161kas \u017eaidimas su \u016bkio gyv\u016bnais<\/title>\n<meta name=\"description\" content=\"VIGA magnetukai \u201e\u016akio draugai\u201c \u2013 k\u016brybi\u0161kas \u017eaidimas su \u016bkio gyv\u016bnais - KidsPlay. Did\u017eiausias vaik\u0173 \u017eaisl\u0173 pasirinkimas.\" \/>\n<meta name=\"robots\" content=\"index, follow, max-snippet:-1, max-image-preview:large, max-video-preview:-1\" \/>\n<link rel=\"canonical\" href=\"https:\/\/kidsplay.lt\/lv\/products\/viga-magnetukai-ukio-draugai-kurybiskas-zaidimas-su-ukio-gyvunais\/\" \/>\n<meta property=\"og:locale\" content=\"lv_LV\" \/>\n<meta property=\"og:type\" content=\"article\" \/>\n<meta property=\"og:title\" content=\"VIGA magnetukai \u201e\u016akio draugai\u201c \u2013 k\u016brybi\u0161kas \u017eaidimas su \u016bkio gyv\u016bnais\" \/>\n<meta property=\"og:description\" content=\"VIGA magnetukai \u201e\u016akio draugai\u201c \u2013 k\u016brybi\u0161kas \u017eaidimas su \u016bkio gyv\u016bnais - KidsPlay. Did\u017eiausias vaik\u0173 \u017eaisl\u0173 pasirinkimas.\" \/>\n<meta property=\"og:url\" content=\"https:\/\/kidsplay.lt\/lv\/products\/viga-magnetukai-ukio-draugai-kurybiskas-zaidimas-su-ukio-gyvunais\/\" \/>\n<meta property=\"og:site_name\" content=\"KidsPlay\" \/>\n<meta property=\"article:publisher\" content=\"https:\/\/www.facebook.com\/www.kidsplay.lt\" \/>\n<meta property=\"article:modified_time\" content=\"2026-04-20T04:09:15+00:00\" \/>\n<meta property=\"og:image\" content=\"https:\/\/kidsplay.lt\/wp-content\/uploads\/2026\/04\/VIGA-magnetukai-\u201eUkio-draugai-\u2013-kurybiskas-zaidimas-su-ukio-gyvunais.jpg\" \/>\n\t<meta property=\"og:image:width\" content=\"1000\" \/>\n\t<meta property=\"og:image:height\" content=\"1000\" \/>\n\t<meta property=\"og:image:type\" content=\"image\/jpeg\" \/>\n<meta name=\"twitter:card\" content=\"summary_large_image\" \/>\n<meta name=\"twitter:label1\" content=\"Est. reading time\" \/>\n\t<meta name=\"twitter:data1\" content=\"1 min\u016bte\" \/>\n<script type=\"application\/ld+json\" class=\"yoast-schema-graph\">{\"@context\":\"https:\\\/\\\/schema.org\",\"@graph\":[{\"@type\":\"WebPage\",\"@id\":\"https:\\\/\\\/kidsplay.lt\\\/produktas\\\/viga-magnetukai-ukio-draugai-kurybiskas-zaidimas-su-ukio-gyvunais\\\/\",\"url\":\"https:\\\/\\\/kidsplay.lt\\\/produktas\\\/viga-magnetukai-ukio-draugai-kurybiskas-zaidimas-su-ukio-gyvunais\\\/\",\"name\":\"VIGA magnetukai \u201e\u016akio draugai\u201c \u2013 k\u016brybi\u0161kas \u017eaidimas su \u016bkio gyv\u016bnais\",\"isPartOf\":{\"@id\":\"https:\\\/\\\/kidsplay.lt\\\/#website\"},\"primaryImageOfPage\":{\"@id\":\"https:\\\/\\\/kidsplay.lt\\\/produktas\\\/viga-magnetukai-ukio-draugai-kurybiskas-zaidimas-su-ukio-gyvunais\\\/#primaryimage\"},\"image\":{\"@id\":\"https:\\\/\\\/kidsplay.lt\\\/produktas\\\/viga-magnetukai-ukio-draugai-kurybiskas-zaidimas-su-ukio-gyvunais\\\/#primaryimage\"},\"thumbnailUrl\":\"https:\\\/\\\/kidsplay.lt\\\/wp-content\\\/uploads\\\/2026\\\/04\\\/VIGA-magnetukai-\u201eUkio-draugai-\u2013-kurybiskas-zaidimas-su-ukio-gyvunais.jpg\",\"datePublished\":\"2026-04-20T04:09:04+00:00\",\"dateModified\":\"2026-04-20T04:09:15+00:00\",\"description\":\"VIGA magnetukai \u201e\u016akio draugai\u201c \u2013 k\u016brybi\u0161kas \u017eaidimas su \u016bkio gyv\u016bnais - KidsPlay. Did\u017eiausias vaik\u0173 \u017eaisl\u0173 pasirinkimas.\",\"breadcrumb\":{\"@id\":\"https:\\\/\\\/kidsplay.lt\\\/produktas\\\/viga-magnetukai-ukio-draugai-kurybiskas-zaidimas-su-ukio-gyvunais\\\/#breadcrumb\"},\"inLanguage\":\"lv-LV\",\"potentialAction\":[{\"@type\":\"ReadAction\",\"target\":[\"https:\\\/\\\/kidsplay.lt\\\/produktas\\\/viga-magnetukai-ukio-draugai-kurybiskas-zaidimas-su-ukio-gyvunais\\\/\"]}]},{\"@type\":\"ImageObject\",\"inLanguage\":\"lv-LV\",\"@id\":\"https:\\\/\\\/kidsplay.lt\\\/produktas\\\/viga-magnetukai-ukio-draugai-kurybiskas-zaidimas-su-ukio-gyvunais\\\/#primaryimage\",\"url\":\"https:\\\/\\\/kidsplay.lt\\\/wp-content\\\/uploads\\\/2026\\\/04\\\/VIGA-magnetukai-\u201eUkio-draugai-\u2013-kurybiskas-zaidimas-su-ukio-gyvunais.jpg\",\"contentUrl\":\"https:\\\/\\\/kidsplay.lt\\\/wp-content\\\/uploads\\\/2026\\\/04\\\/VIGA-magnetukai-\u201eUkio-draugai-\u2013-kurybiskas-zaidimas-su-ukio-gyvunais.jpg\",\"width\":1000,\"height\":1000,\"caption\":\"VIGA magnetukai \u201e\u016akio draugai\u201c \u2013 k\u016brybi\u0161kas \u017eaidimas su \u016bkio gyv\u016bnais\"},{\"@type\":\"BreadcrumbList\",\"@id\":\"https:\\\/\\\/kidsplay.lt\\\/produktas\\\/viga-magnetukai-ukio-draugai-kurybiskas-zaidimas-su-ukio-gyvunais\\\/#breadcrumb\",\"itemListElement\":[{\"@type\":\"ListItem\",\"position\":1,\"name\":\"Pagrindinis\",\"item\":\"https:\\\/\\\/kidsplay.lt\\\/\"},{\"@type\":\"ListItem\",\"position\":2,\"name\":\"Parduotuv\u0117\",\"item\":\"https:\\\/\\\/kidsplay.lt\\\/parduotuve\\\/\"},{\"@type\":\"ListItem\",\"position\":3,\"name\":\"VIGA magnetukai \u201e\u016akio draugai\u201c \u2013 k\u016brybi\u0161kas \u017eaidimas su \u016bkio gyv\u016bnais\"}]},{\"@type\":\"WebSite\",\"@id\":\"https:\\\/\\\/kidsplay.lt\\\/#website\",\"url\":\"https:\\\/\\\/kidsplay.lt\\\/\",\"name\":\"Kidsplay.lt\",\"description\":\"\u012evairios prek\u0117s vaikams\",\"publisher\":{\"@id\":\"https:\\\/\\\/kidsplay.lt\\\/#organization\"},\"alternateName\":\"Kidsplay\",\"potentialAction\":[{\"@type\":\"SearchAction\",\"target\":{\"@type\":\"EntryPoint\",\"urlTemplate\":\"https:\\\/\\\/kidsplay.lt\\\/?s={search_term_string}\"},\"query-input\":{\"@type\":\"PropertyValueSpecification\",\"valueRequired\":true,\"valueName\":\"search_term_string\"}}],\"inLanguage\":\"lv-LV\"},{\"@type\":\"Organization\",\"@id\":\"https:\\\/\\\/kidsplay.lt\\\/#organization\",\"name\":\"KidsPlay\",\"url\":\"https:\\\/\\\/kidsplay.lt\\\/\",\"logo\":{\"@type\":\"ImageObject\",\"inLanguage\":\"lv-LV\",\"@id\":\"https:\\\/\\\/kidsplay.lt\\\/#\\\/schema\\\/logo\\\/image\\\/\",\"url\":\"https:\\\/\\\/kidsplay.lt\\\/wp-content\\\/uploads\\\/2023\\\/07\\\/kidsplay-logo.png\",\"contentUrl\":\"https:\\\/\\\/kidsplay.lt\\\/wp-content\\\/uploads\\\/2023\\\/07\\\/kidsplay-logo.png\",\"width\":451,\"height\":98,\"caption\":\"KidsPlay\"},\"image\":{\"@id\":\"https:\\\/\\\/kidsplay.lt\\\/#\\\/schema\\\/logo\\\/image\\\/\"},\"sameAs\":[\"https:\\\/\\\/www.facebook.com\\\/www.kidsplay.lt\"]}]}<\/script>\n<!-- \/ Yoast SEO plugin. -->","yoast_head_json":{"title":"VIGA magnetukai \u201e\u016akio draugai\u201c \u2013 k\u016brybi\u0161kas \u017eaidimas su \u016bkio gyv\u016bnais","description":"VIGA magnetukai \u201e\u016akio draugai\u201c \u2013 k\u016brybi\u0161kas \u017eaidimas su \u016bkio gyv\u016bnais - KidsPlay. Did\u017eiausias vaik\u0173 \u017eaisl\u0173 pasirinkimas.","robots":{"index":"index","follow":"follow","max-snippet":"max-snippet:-1","max-image-preview":"max-image-preview:large","max-video-preview":"max-video-preview:-1"},"canonical":"https:\/\/kidsplay.lt\/lv\/products\/viga-magnetukai-ukio-draugai-kurybiskas-zaidimas-su-ukio-gyvunais\/","og_locale":"lv_LV","og_type":"article","og_title":"VIGA magnetukai \u201e\u016akio draugai\u201c \u2013 k\u016brybi\u0161kas \u017eaidimas su \u016bkio gyv\u016bnais","og_description":"VIGA magnetukai \u201e\u016akio draugai\u201c \u2013 k\u016brybi\u0161kas \u017eaidimas su \u016bkio gyv\u016bnais - KidsPlay. Did\u017eiausias vaik\u0173 \u017eaisl\u0173 pasirinkimas.","og_url":"https:\/\/kidsplay.lt\/lv\/products\/viga-magnetukai-ukio-draugai-kurybiskas-zaidimas-su-ukio-gyvunais\/","og_site_name":"KidsPlay","article_publisher":"https:\/\/www.facebook.com\/www.kidsplay.lt","article_modified_time":"2026-04-20T04:09:15+00:00","og_image":[{"width":1000,"height":1000,"url":"https:\/\/kidsplay.lt\/wp-content\/uploads\/2026\/04\/VIGA-magnetukai-\u201eUkio-draugai-\u2013-kurybiskas-zaidimas-su-ukio-gyvunais.jpg","type":"image\/jpeg"}],"twitter_card":"summary_large_image","twitter_misc":{"Est. reading time":"1 min\u016bte"},"schema":{"@context":"https:\/\/schema.org","@graph":[{"@type":"WebPage","@id":"https:\/\/kidsplay.lt\/produktas\/viga-magnetukai-ukio-draugai-kurybiskas-zaidimas-su-ukio-gyvunais\/","url":"https:\/\/kidsplay.lt\/produktas\/viga-magnetukai-ukio-draugai-kurybiskas-zaidimas-su-ukio-gyvunais\/","name":"VIGA magnetukai \u201e\u016akio draugai\u201c \u2013 k\u016brybi\u0161kas \u017eaidimas su \u016bkio gyv\u016bnais","isPartOf":{"@id":"https:\/\/kidsplay.lt\/#website"},"primaryImageOfPage":{"@id":"https:\/\/kidsplay.lt\/produktas\/viga-magnetukai-ukio-draugai-kurybiskas-zaidimas-su-ukio-gyvunais\/#primaryimage"},"image":{"@id":"https:\/\/kidsplay.lt\/produktas\/viga-magnetukai-ukio-draugai-kurybiskas-zaidimas-su-ukio-gyvunais\/#primaryimage"},"thumbnailUrl":"https:\/\/kidsplay.lt\/wp-content\/uploads\/2026\/04\/VIGA-magnetukai-\u201eUkio-draugai-\u2013-kurybiskas-zaidimas-su-ukio-gyvunais.jpg","datePublished":"2026-04-20T04:09:04+00:00","dateModified":"2026-04-20T04:09:15+00:00","description":"VIGA magnetukai \u201e\u016akio draugai\u201c \u2013 k\u016brybi\u0161kas \u017eaidimas su \u016bkio gyv\u016bnais - KidsPlay. Did\u017eiausias vaik\u0173 \u017eaisl\u0173 pasirinkimas.","breadcrumb":{"@id":"https:\/\/kidsplay.lt\/produktas\/viga-magnetukai-ukio-draugai-kurybiskas-zaidimas-su-ukio-gyvunais\/#breadcrumb"},"inLanguage":"lv-LV","potentialAction":[{"@type":"ReadAction","target":["https:\/\/kidsplay.lt\/produktas\/viga-magnetukai-ukio-draugai-kurybiskas-zaidimas-su-ukio-gyvunais\/"]}]},{"@type":"ImageObject","inLanguage":"lv-LV","@id":"https:\/\/kidsplay.lt\/produktas\/viga-magnetukai-ukio-draugai-kurybiskas-zaidimas-su-ukio-gyvunais\/#primaryimage","url":"https:\/\/kidsplay.lt\/wp-content\/uploads\/2026\/04\/VIGA-magnetukai-\u201eUkio-draugai-\u2013-kurybiskas-zaidimas-su-ukio-gyvunais.jpg","contentUrl":"https:\/\/kidsplay.lt\/wp-content\/uploads\/2026\/04\/VIGA-magnetukai-\u201eUkio-draugai-\u2013-kurybiskas-zaidimas-su-ukio-gyvunais.jpg","width":1000,"height":1000,"caption":"VIGA magnetukai \u201e\u016akio draugai\u201c \u2013 k\u016brybi\u0161kas \u017eaidimas su \u016bkio gyv\u016bnais"},{"@type":"BreadcrumbList","@id":"https:\/\/kidsplay.lt\/produktas\/viga-magnetukai-ukio-draugai-kurybiskas-zaidimas-su-ukio-gyvunais\/#breadcrumb","itemListElement":[{"@type":"ListItem","position":1,"name":"Pagrindinis","item":"https:\/\/kidsplay.lt\/"},{"@type":"ListItem","position":2,"name":"Parduotuv\u0117","item":"https:\/\/kidsplay.lt\/parduotuve\/"},{"@type":"ListItem","position":3,"name":"VIGA magnetukai \u201e\u016akio draugai\u201c \u2013 k\u016brybi\u0161kas \u017eaidimas su \u016bkio gyv\u016bnais"}]},{"@type":"WebSite","@id":"https:\/\/kidsplay.lt\/#website","url":"https:\/\/kidsplay.lt\/","name":"B\u0113rnu sp\u0113les.lv","description":"\u012evairios prek\u0117s vaikams","publisher":{"@id":"https:\/\/kidsplay.lt\/#organization"},"alternateName":"Kidsplay","potentialAction":[{"@type":"SearchAction","target":{"@type":"EntryPoint","urlTemplate":"https:\/\/kidsplay.lt\/?s={search_term_string}"},"query-input":{"@type":"PropertyValueSpecification","valueRequired":true,"valueName":"search_term_string"}}],"inLanguage":"lv-LV"},{"@type":"Organization","@id":"https:\/\/kidsplay.lt\/#organization","name":"B\u0113rnu sp\u0113le","url":"https:\/\/kidsplay.lt\/","logo":{"@type":"ImageObject","inLanguage":"lv-LV","@id":"https:\/\/kidsplay.lt\/#\/schema\/logo\/image\/","url":"https:\/\/kidsplay.lt\/wp-content\/uploads\/2023\/07\/kidsplay-logo.png","contentUrl":"https:\/\/kidsplay.lt\/wp-content\/uploads\/2023\/07\/kidsplay-logo.png","width":451,"height":98,"caption":"KidsPlay"},"image":{"@id":"https:\/\/kidsplay.lt\/#\/schema\/logo\/image\/"},"sameAs":["https:\/\/www.facebook.com\/www.kidsplay.lt"]}]}},"_links":{"self":[{"href":"https:\/\/kidsplay.lt\/lv\/wp-json\/wp\/v2\/product\/106369","targetHints":{"allow":["GET"]}}],"collection":[{"href":"https:\/\/kidsplay.lt\/lv\/wp-json\/wp\/v2\/product"}],"about":[{"href":"https:\/\/kidsplay.lt\/lv\/wp-json\/wp\/v2\/types\/product"}],"version-history":[{"count":1,"href":"https:\/\/kidsplay.lt\/lv\/wp-json\/wp\/v2\/product\/106369\/revisions"}],"predecessor-version":[{"id":106370,"href":"https:\/\/kidsplay.lt\/lv\/wp-json\/wp\/v2\/product\/106369\/revisions\/106370"}],"wp:featuredmedia":[{"embeddable":true,"href":"https:\/\/kidsplay.lt\/lv\/wp-json\/wp\/v2\/media\/106371"}],"wp:attachment":[{"href":"https:\/\/kidsplay.lt\/lv\/wp-json\/wp\/v2\/media?parent=106369"}],"wp:term":[{"taxonomy":"product_brand","embeddable":true,"href":"https:\/\/kidsplay.lt\/lv\/wp-json\/wp\/v2\/product_brand?post=106369"},{"taxonomy":"product_cat","embeddable":true,"href":"https:\/\/kidsplay.lt\/lv\/wp-json\/wp\/v2\/product_cat?post=106369"},{"taxonomy":"product_tag","embeddable":true,"href":"https:\/\/kidsplay.lt\/lv\/wp-json\/wp\/v2\/product_tag?post=106369"}],"curies":[{"name":"wp","href":"https:\/\/api.w.org\/{rel}","templated":true}]}}