{"id":106375,"date":"2026-04-20T07:09:20","date_gmt":"2026-04-20T04:09:20","guid":{"rendered":"https:\/\/kidsplay.lt\/produktas\/viga-polarb-mediniai-blokeliai-montessori-gyvunai\/"},"modified":"2026-04-20T18:30:04","modified_gmt":"2026-04-20T15:30:04","slug":"viga-polarb-mediniai-blokeliai-montessori-gyvunai","status":"publish","type":"product","link":"https:\/\/kidsplay.lt\/lv\/products\/viga-polarb-mediniai-blokeliai-montessori-gyvunai\/","title":{"rendered":"VIGA PolarB mediniai blokeliai \u201eMontessori\u201c gyv\u016bnai"},"content":{"rendered":"<p>\u0160is sensorini\u0173 blokeli\u0173 rinkinys i\u0161 \u201eVIGA PolarB\u201c prek\u0117s \u017eenklo skatina konstravimo \u017eaidimus, tiksling\u0105 veikl\u0105, k\u016brybi\u0161kum\u0105 ir problem\u0173 sprendim\u0105. Vaikai gali pasijusti architektais, statydami miesto statinius. Blokeliai taip pat skatina tyrin\u0117jim\u0105 \u2013 gav\u0119 \u0161iuos \u012fvairius blokelius, vaikai juos ap\u017ei\u016bri ir analizuoja i\u0161 vis\u0173 pusi\u0173. Toks \u017eaidimas lavina erdvin\u012f suvokim\u0105, padeda mokytis spalv\u0173, form\u0173, dyd\u017ei\u0173 ir funkcij\u0173.<br \/>\nRaksturojums:<\/p>\n<p> \tRinkin\u012f sudaro 50 medini\u0173 detali\u0173<br \/>\n \tProduktas nuda\u017eytas netoksi\u0161kais, vaikams saugiais da\u017eais<br \/>\n \tSmagus ir edukacinis \u2013 skatina konstravimo ir tyrin\u0117jimo \u017eaidimus<br \/>\n \tSaugus ir patvarus<\/p>","protected":false},"excerpt":{"rendered":"<p>\u0160is sensorini\u0173 blokeli\u0173 rinkinys i\u0161 \u201eVIGA PolarB\u201c prek\u0117s \u017eenklo skatina konstravimo \u017eaidimus, tiksling\u0105 veikl\u0105, k\u016brybi\u0161kum\u0105 ir problem\u0173 sprendim\u0105. Vaikai gali<\/p>","protected":false},"featured_media":106377,"template":"","meta":{"_acf_changed":false,"_glsr_average":0,"_glsr_ranking":0,"_glsr_reviews":0},"product_brand":[],"product_cat":[1051,1050],"product_tag":[],"class_list":{"0":"post-106375","1":"product","2":"type-product","3":"status-publish","4":"has-post-thumbnail","6":"product_cat-edukaciniai-lavinamieji-mediniai-zaislai-mediniai-zaislai","7":"product_cat-mediniai-zaislai","8":"\"style=\"background-color: #2ecc711c;\"","10":"first","11":"instock","12":"purchasable","13":"product-type-simple"},"acf":[],"yoast_head":"<!-- This site is optimized with the Yoast SEO plugin v27.4 - https:\/\/yoast.com\/product\/yoast-seo-wordpress\/ -->\n<title>VIGA PolarB mediniai blokeliai \u201eMontessori\u201c gyv\u016bnai<\/title>\n<meta name=\"description\" content=\"VIGA PolarB mediniai blokeliai \u201eMontessori\u201c gyv\u016bnai - KidsPlay. Did\u017eiausias vaik\u0173 \u017eaisl\u0173 pasirinkimas.\" \/>\n<meta name=\"robots\" content=\"index, follow, max-snippet:-1, max-image-preview:large, max-video-preview:-1\" \/>\n<link rel=\"canonical\" href=\"https:\/\/kidsplay.lt\/lv\/products\/viga-polarb-mediniai-blokeliai-montessori-gyvunai\/\" \/>\n<meta property=\"og:locale\" content=\"lv_LV\" \/>\n<meta property=\"og:type\" content=\"article\" \/>\n<meta property=\"og:title\" content=\"VIGA PolarB mediniai blokeliai \u201eMontessori\u201c gyv\u016bnai\" \/>\n<meta property=\"og:description\" content=\"VIGA PolarB mediniai blokeliai \u201eMontessori\u201c gyv\u016bnai - KidsPlay. Did\u017eiausias vaik\u0173 \u017eaisl\u0173 pasirinkimas.\" \/>\n<meta property=\"og:url\" content=\"https:\/\/kidsplay.lt\/lv\/products\/viga-polarb-mediniai-blokeliai-montessori-gyvunai\/\" \/>\n<meta property=\"og:site_name\" content=\"KidsPlay\" \/>\n<meta property=\"article:publisher\" content=\"https:\/\/www.facebook.com\/www.kidsplay.lt\" \/>\n<meta property=\"article:modified_time\" content=\"2026-04-20T15:30:04+00:00\" \/>\n<meta property=\"og:image\" content=\"https:\/\/kidsplay.lt\/wp-content\/uploads\/2026\/04\/VIGA-PolarB-mediniai-blokeliai-\u201eMontessori-gyvunai.jpg\" \/>\n\t<meta property=\"og:image:width\" content=\"2560\" \/>\n\t<meta property=\"og:image:height\" content=\"2560\" \/>\n\t<meta property=\"og:image:type\" content=\"image\/jpeg\" \/>\n<meta name=\"twitter:card\" content=\"summary_large_image\" \/>\n<script type=\"application\/ld+json\" class=\"yoast-schema-graph\">{\"@context\":\"https:\\\/\\\/schema.org\",\"@graph\":[{\"@type\":\"WebPage\",\"@id\":\"https:\\\/\\\/kidsplay.lt\\\/produktas\\\/viga-polarb-mediniai-blokeliai-montessori-gyvunai\\\/\",\"url\":\"https:\\\/\\\/kidsplay.lt\\\/produktas\\\/viga-polarb-mediniai-blokeliai-montessori-gyvunai\\\/\",\"name\":\"VIGA PolarB mediniai blokeliai \u201eMontessori\u201c gyv\u016bnai\",\"isPartOf\":{\"@id\":\"https:\\\/\\\/kidsplay.lt\\\/#website\"},\"primaryImageOfPage\":{\"@id\":\"https:\\\/\\\/kidsplay.lt\\\/produktas\\\/viga-polarb-mediniai-blokeliai-montessori-gyvunai\\\/#primaryimage\"},\"image\":{\"@id\":\"https:\\\/\\\/kidsplay.lt\\\/produktas\\\/viga-polarb-mediniai-blokeliai-montessori-gyvunai\\\/#primaryimage\"},\"thumbnailUrl\":\"https:\\\/\\\/kidsplay.lt\\\/wp-content\\\/uploads\\\/2026\\\/04\\\/VIGA-PolarB-mediniai-blokeliai-\u201eMontessori-gyvunai.jpg\",\"datePublished\":\"2026-04-20T04:09:20+00:00\",\"dateModified\":\"2026-04-20T15:30:04+00:00\",\"description\":\"VIGA PolarB mediniai blokeliai \u201eMontessori\u201c gyv\u016bnai - KidsPlay. Did\u017eiausias vaik\u0173 \u017eaisl\u0173 pasirinkimas.\",\"breadcrumb\":{\"@id\":\"https:\\\/\\\/kidsplay.lt\\\/produktas\\\/viga-polarb-mediniai-blokeliai-montessori-gyvunai\\\/#breadcrumb\"},\"inLanguage\":\"lv-LV\",\"potentialAction\":[{\"@type\":\"ReadAction\",\"target\":[\"https:\\\/\\\/kidsplay.lt\\\/produktas\\\/viga-polarb-mediniai-blokeliai-montessori-gyvunai\\\/\"]}]},{\"@type\":\"ImageObject\",\"inLanguage\":\"lv-LV\",\"@id\":\"https:\\\/\\\/kidsplay.lt\\\/produktas\\\/viga-polarb-mediniai-blokeliai-montessori-gyvunai\\\/#primaryimage\",\"url\":\"https:\\\/\\\/kidsplay.lt\\\/wp-content\\\/uploads\\\/2026\\\/04\\\/VIGA-PolarB-mediniai-blokeliai-\u201eMontessori-gyvunai.jpg\",\"contentUrl\":\"https:\\\/\\\/kidsplay.lt\\\/wp-content\\\/uploads\\\/2026\\\/04\\\/VIGA-PolarB-mediniai-blokeliai-\u201eMontessori-gyvunai.jpg\",\"width\":2560,\"height\":2560,\"caption\":\"VIGA PolarB mediniai blokeliai \u201eMontessori\u201c gyv\u016bnai\"},{\"@type\":\"BreadcrumbList\",\"@id\":\"https:\\\/\\\/kidsplay.lt\\\/produktas\\\/viga-polarb-mediniai-blokeliai-montessori-gyvunai\\\/#breadcrumb\",\"itemListElement\":[{\"@type\":\"ListItem\",\"position\":1,\"name\":\"Pagrindinis\",\"item\":\"https:\\\/\\\/kidsplay.lt\\\/\"},{\"@type\":\"ListItem\",\"position\":2,\"name\":\"Parduotuv\u0117\",\"item\":\"https:\\\/\\\/kidsplay.lt\\\/parduotuve\\\/\"},{\"@type\":\"ListItem\",\"position\":3,\"name\":\"VIGA PolarB mediniai blokeliai \u201eMontessori\u201c gyv\u016bnai\"}]},{\"@type\":\"WebSite\",\"@id\":\"https:\\\/\\\/kidsplay.lt\\\/#website\",\"url\":\"https:\\\/\\\/kidsplay.lt\\\/\",\"name\":\"Kidsplay.lt\",\"description\":\"\u012evairios prek\u0117s vaikams\",\"publisher\":{\"@id\":\"https:\\\/\\\/kidsplay.lt\\\/#organization\"},\"alternateName\":\"Kidsplay\",\"potentialAction\":[{\"@type\":\"SearchAction\",\"target\":{\"@type\":\"EntryPoint\",\"urlTemplate\":\"https:\\\/\\\/kidsplay.lt\\\/?s={search_term_string}\"},\"query-input\":{\"@type\":\"PropertyValueSpecification\",\"valueRequired\":true,\"valueName\":\"search_term_string\"}}],\"inLanguage\":\"lv-LV\"},{\"@type\":\"Organization\",\"@id\":\"https:\\\/\\\/kidsplay.lt\\\/#organization\",\"name\":\"KidsPlay\",\"url\":\"https:\\\/\\\/kidsplay.lt\\\/\",\"logo\":{\"@type\":\"ImageObject\",\"inLanguage\":\"lv-LV\",\"@id\":\"https:\\\/\\\/kidsplay.lt\\\/#\\\/schema\\\/logo\\\/image\\\/\",\"url\":\"https:\\\/\\\/kidsplay.lt\\\/wp-content\\\/uploads\\\/2023\\\/07\\\/kidsplay-logo.png\",\"contentUrl\":\"https:\\\/\\\/kidsplay.lt\\\/wp-content\\\/uploads\\\/2023\\\/07\\\/kidsplay-logo.png\",\"width\":451,\"height\":98,\"caption\":\"KidsPlay\"},\"image\":{\"@id\":\"https:\\\/\\\/kidsplay.lt\\\/#\\\/schema\\\/logo\\\/image\\\/\"},\"sameAs\":[\"https:\\\/\\\/www.facebook.com\\\/www.kidsplay.lt\"]}]}<\/script>\n<!-- \/ Yoast SEO plugin. -->","yoast_head_json":{"title":"VIGA PolarB mediniai blokeliai \u201eMontessori\u201c gyv\u016bnai","description":"VIGA PolarB mediniai blokeliai \u201eMontessori\u201c gyv\u016bnai - KidsPlay. Did\u017eiausias vaik\u0173 \u017eaisl\u0173 pasirinkimas.","robots":{"index":"index","follow":"follow","max-snippet":"max-snippet:-1","max-image-preview":"max-image-preview:large","max-video-preview":"max-video-preview:-1"},"canonical":"https:\/\/kidsplay.lt\/lv\/products\/viga-polarb-mediniai-blokeliai-montessori-gyvunai\/","og_locale":"lv_LV","og_type":"article","og_title":"VIGA PolarB mediniai blokeliai \u201eMontessori\u201c gyv\u016bnai","og_description":"VIGA PolarB mediniai blokeliai \u201eMontessori\u201c gyv\u016bnai - KidsPlay. Did\u017eiausias vaik\u0173 \u017eaisl\u0173 pasirinkimas.","og_url":"https:\/\/kidsplay.lt\/lv\/products\/viga-polarb-mediniai-blokeliai-montessori-gyvunai\/","og_site_name":"KidsPlay","article_publisher":"https:\/\/www.facebook.com\/www.kidsplay.lt","article_modified_time":"2026-04-20T15:30:04+00:00","og_image":[{"width":2560,"height":2560,"url":"https:\/\/kidsplay.lt\/wp-content\/uploads\/2026\/04\/VIGA-PolarB-mediniai-blokeliai-\u201eMontessori-gyvunai.jpg","type":"image\/jpeg"}],"twitter_card":"summary_large_image","schema":{"@context":"https:\/\/schema.org","@graph":[{"@type":"WebPage","@id":"https:\/\/kidsplay.lt\/produktas\/viga-polarb-mediniai-blokeliai-montessori-gyvunai\/","url":"https:\/\/kidsplay.lt\/produktas\/viga-polarb-mediniai-blokeliai-montessori-gyvunai\/","name":"VIGA PolarB mediniai blokeliai \u201eMontessori\u201c gyv\u016bnai","isPartOf":{"@id":"https:\/\/kidsplay.lt\/#website"},"primaryImageOfPage":{"@id":"https:\/\/kidsplay.lt\/produktas\/viga-polarb-mediniai-blokeliai-montessori-gyvunai\/#primaryimage"},"image":{"@id":"https:\/\/kidsplay.lt\/produktas\/viga-polarb-mediniai-blokeliai-montessori-gyvunai\/#primaryimage"},"thumbnailUrl":"https:\/\/kidsplay.lt\/wp-content\/uploads\/2026\/04\/VIGA-PolarB-mediniai-blokeliai-\u201eMontessori-gyvunai.jpg","datePublished":"2026-04-20T04:09:20+00:00","dateModified":"2026-04-20T15:30:04+00:00","description":"VIGA PolarB mediniai blokeliai \u201eMontessori\u201c gyv\u016bnai - KidsPlay. Did\u017eiausias vaik\u0173 \u017eaisl\u0173 pasirinkimas.","breadcrumb":{"@id":"https:\/\/kidsplay.lt\/produktas\/viga-polarb-mediniai-blokeliai-montessori-gyvunai\/#breadcrumb"},"inLanguage":"lv-LV","potentialAction":[{"@type":"ReadAction","target":["https:\/\/kidsplay.lt\/produktas\/viga-polarb-mediniai-blokeliai-montessori-gyvunai\/"]}]},{"@type":"ImageObject","inLanguage":"lv-LV","@id":"https:\/\/kidsplay.lt\/produktas\/viga-polarb-mediniai-blokeliai-montessori-gyvunai\/#primaryimage","url":"https:\/\/kidsplay.lt\/wp-content\/uploads\/2026\/04\/VIGA-PolarB-mediniai-blokeliai-\u201eMontessori-gyvunai.jpg","contentUrl":"https:\/\/kidsplay.lt\/wp-content\/uploads\/2026\/04\/VIGA-PolarB-mediniai-blokeliai-\u201eMontessori-gyvunai.jpg","width":2560,"height":2560,"caption":"VIGA PolarB mediniai blokeliai \u201eMontessori\u201c gyv\u016bnai"},{"@type":"BreadcrumbList","@id":"https:\/\/kidsplay.lt\/produktas\/viga-polarb-mediniai-blokeliai-montessori-gyvunai\/#breadcrumb","itemListElement":[{"@type":"ListItem","position":1,"name":"Pagrindinis","item":"https:\/\/kidsplay.lt\/"},{"@type":"ListItem","position":2,"name":"Parduotuv\u0117","item":"https:\/\/kidsplay.lt\/parduotuve\/"},{"@type":"ListItem","position":3,"name":"VIGA PolarB mediniai blokeliai \u201eMontessori\u201c gyv\u016bnai"}]},{"@type":"WebSite","@id":"https:\/\/kidsplay.lt\/#website","url":"https:\/\/kidsplay.lt\/","name":"B\u0113rnu sp\u0113les.lv","description":"\u012evairios prek\u0117s vaikams","publisher":{"@id":"https:\/\/kidsplay.lt\/#organization"},"alternateName":"Kidsplay","potentialAction":[{"@type":"SearchAction","target":{"@type":"EntryPoint","urlTemplate":"https:\/\/kidsplay.lt\/?s={search_term_string}"},"query-input":{"@type":"PropertyValueSpecification","valueRequired":true,"valueName":"search_term_string"}}],"inLanguage":"lv-LV"},{"@type":"Organization","@id":"https:\/\/kidsplay.lt\/#organization","name":"B\u0113rnu sp\u0113le","url":"https:\/\/kidsplay.lt\/","logo":{"@type":"ImageObject","inLanguage":"lv-LV","@id":"https:\/\/kidsplay.lt\/#\/schema\/logo\/image\/","url":"https:\/\/kidsplay.lt\/wp-content\/uploads\/2023\/07\/kidsplay-logo.png","contentUrl":"https:\/\/kidsplay.lt\/wp-content\/uploads\/2023\/07\/kidsplay-logo.png","width":451,"height":98,"caption":"KidsPlay"},"image":{"@id":"https:\/\/kidsplay.lt\/#\/schema\/logo\/image\/"},"sameAs":["https:\/\/www.facebook.com\/www.kidsplay.lt"]}]}},"_links":{"self":[{"href":"https:\/\/kidsplay.lt\/lv\/wp-json\/wp\/v2\/product\/106375","targetHints":{"allow":["GET"]}}],"collection":[{"href":"https:\/\/kidsplay.lt\/lv\/wp-json\/wp\/v2\/product"}],"about":[{"href":"https:\/\/kidsplay.lt\/lv\/wp-json\/wp\/v2\/types\/product"}],"version-history":[{"count":1,"href":"https:\/\/kidsplay.lt\/lv\/wp-json\/wp\/v2\/product\/106375\/revisions"}],"predecessor-version":[{"id":106376,"href":"https:\/\/kidsplay.lt\/lv\/wp-json\/wp\/v2\/product\/106375\/revisions\/106376"}],"wp:featuredmedia":[{"embeddable":true,"href":"https:\/\/kidsplay.lt\/lv\/wp-json\/wp\/v2\/media\/106377"}],"wp:attachment":[{"href":"https:\/\/kidsplay.lt\/lv\/wp-json\/wp\/v2\/media?parent=106375"}],"wp:term":[{"taxonomy":"product_brand","embeddable":true,"href":"https:\/\/kidsplay.lt\/lv\/wp-json\/wp\/v2\/product_brand?post=106375"},{"taxonomy":"product_cat","embeddable":true,"href":"https:\/\/kidsplay.lt\/lv\/wp-json\/wp\/v2\/product_cat?post=106375"},{"taxonomy":"product_tag","embeddable":true,"href":"https:\/\/kidsplay.lt\/lv\/wp-json\/wp\/v2\/product_tag?post=106375"}],"curies":[{"name":"wp","href":"https:\/\/api.w.org\/{rel}","templated":true}]}}