{"id":106506,"date":"2026-04-20T11:23:46","date_gmt":"2026-04-20T08:23:46","guid":{"rendered":"https:\/\/kidsplay.lt\/produktas\/papuosalu-kurimo-grozio-rinkinys-dezuteje\/"},"modified":"2026-04-21T13:21:41","modified_gmt":"2026-04-21T10:21:41","slug":"papuosalu-kurimo-grozio-rinkinys-dezuteje","status":"publish","type":"product","link":"https:\/\/kidsplay.lt\/lv\/products\/papuosalu-kurimo-grozio-rinkinys-dezuteje\/","title":{"rendered":"Rotu veido\u0161anas skaistumkop\u0161anas komplekts kast\u012bt\u0113"},"content":{"rendered":"<p>Rotu veido\u0161anas skaistumkop\u0161anas komplekts kast\u012bt\u0113 \u2013 krelles, kuloni, auskari un aksesu\u0101ri mazajiem meistariem (6+)<\/p>\n<p>\u0160is rotaslietu veido\u0161anas skaistumkop\u0161anas komplekts ir \u012bsts d\u0101rgumu kr\u0101tuve b\u0113rniem, kuriem pat\u012bk rad\u012bt, dekor\u0113t un izpaust savu stilu. Elegantaj\u0101 roz\u0101 kast\u012bt\u0113 ir viss nepiecie\u0161amais, lai izveidotu rokasspr\u0101dzes, kaklarotas, kulonus un matu aksesu\u0101rus.<\/p>\n<p>Komplekt\u0101 ir daudz p\u0113rl\u012b\u0161u, piekari\u0146u un dekor\u0101ciju, kas \u013cauj izveidot neskait\u0101mas da\u017e\u0101das rotaslietas. Iek\u013cautas 3 kr\u0101su aukli\u0146as (roz\u0101, za\u013ca, zila) un mak\u0161\u0137eraukla, kas sniedz v\u0113l vair\u0101k rado\u0161u iesp\u0113ju.<\/p>\n<p>Turkl\u0101t komplekt\u0101 ietilpst m\u012bl\u012bgas gumijas lentes un matu spr\u0101dzes, lai b\u0113rni var\u0113tu rad\u012bt ne tikai rotaslietas, bet ar\u012b stil\u012bgus matu aksesu\u0101rus. Ir pieejami ar\u012b 6 da\u017e\u0101du dizainu auskari ar piekaramiem elementiem, kurus var n\u0113s\u0101t pat bez p\u012brsinga - tie ir piestiprin\u0101ti ar klipsi.<\/p>\n<p>Kastes iek\u0161pus\u0113 ir ieb\u016bv\u0113ts spogulis, bet \u0101rpus\u0113 divi ri\u0146\u0137i \u0137\u0113d\u012btes pakarin\u0101\u0161anai, t\u0101p\u0113c komplektu var n\u0113s\u0101t k\u0101 elegantu rokassomi\u0146u. T\u0101 ir ne tikai sp\u0113le, bet ar\u012b lielisks l\u012bdzeklis motorisko prasmju, rado\u0161uma, est\u0113tisk\u0101s uztveres un pa\u0161izpausmes att\u012bst\u012b\u0161anai.<\/p>\n<p>Priek\u0161roc\u012bbas:<br \/>\n\u2714\ufe0f Daudz kre\u013c\u013cu un kulonu \u2013 bezgal\u012bgas rado\u0161\u0101s iesp\u0113jas \u2714\ufe0f 3 kr\u0101sainas aukli\u0146as + mak\u0161\u0137eraukla \u2714\ufe0f 6 piekaramo auskaru dizaini \u2013 piem\u0113roti bez p\u012brsinga \u2714\ufe0f Matu saites un spr\u0101dzes \u2013 papildu aksesu\u0101ri \u2714\ufe0f Spogulis kast\u012btes iek\u0161pus\u0113 \u2714\ufe0f \u0136\u0113d\u012btes \u0101r\u0113jie gredzeni \u2013 var n\u0113s\u0101t k\u0101 rokassomi\u0146u \u2714\ufe0f Att\u012bsta rado\u0161umu, motorisk\u0101s prasmes un est\u0113tiku \u2714\ufe0f CE un EN71 sertifik\u0101ti<\/p>\n<p>Tehniskie dati:<\/p>\n<p> \tIepakojuma izm\u0113rs: 20 \u00d7 18 \u00d7 7,5 cm<br \/>\n \tVecums: no 6 gadu vecuma<br \/>\n \tSertifik\u0101ti: CE, EN71<\/p>\n<p>Komplekt\u0101 ietilpst:<\/p>\n<p> \tRoz\u0101 kaste ar spoguli<br \/>\n \tP\u0113rl\u012btes un kuloni<br \/>\n \t3 kr\u0101sainas auklas<br \/>\n \tL\u012bnija<br \/>\n \tMatu saites un spr\u0101dzes<br \/>\n \t6 nokareni auskari<br \/>\n \tZelta \u0137\u0113d\u012bte kastes n\u0113s\u0101\u0161anai<br \/>\n \tIepakojums<\/p>","protected":false},"excerpt":{"rendered":"<p>Papuo\u0161al\u0173 K\u016brimo Gro\u017eio Rinkinys D\u0117\u017eut\u0117je \u2013 Karoliukai, Pakabukai, Auskarai Ir Aksesuarai Ma\u017eosioms K\u016br\u0117joms (6+) \u0160is papuo\u0161al\u0173 k\u016brimo gro\u017eio rinkinys \u2013<\/p>","protected":false},"featured_media":106508,"template":"","meta":{"_acf_changed":false,"_glsr_average":0,"_glsr_ranking":0,"_glsr_reviews":0},"product_brand":[],"product_cat":[1056,1055],"product_tag":[],"class_list":{"0":"post-106506","1":"product","2":"type-product","3":"status-publish","4":"has-post-thumbnail","6":"product_cat-mada-ir-grozis-vaidmenu-zaidimai","7":"product_cat-vaidmenu-zaidimai","8":"\"style=\"background-color: #2ecc711c;\"","10":"first","11":"instock","12":"purchasable","13":"product-type-simple"},"acf":[],"yoast_head":"<!-- This site is optimized with the Yoast SEO plugin v27.4 - https:\/\/yoast.com\/product\/yoast-seo-wordpress\/ -->\n<title>Papuo\u0161al\u0173 k\u016brimo gro\u017eio rinkinys d\u0117\u017eut\u0117je<\/title>\n<meta name=\"description\" content=\"Papuo\u0161al\u0173 k\u016brimo gro\u017eio rinkinys d\u0117\u017eut\u0117je - KidsPlay. Did\u017eiausias vaik\u0173 \u017eaisl\u0173 pasirinkimas.\" \/>\n<meta name=\"robots\" content=\"index, follow, max-snippet:-1, max-image-preview:large, max-video-preview:-1\" \/>\n<link rel=\"canonical\" href=\"https:\/\/kidsplay.lt\/lv\/products\/papuosalu-kurimo-grozio-rinkinys-dezuteje\/\" \/>\n<meta property=\"og:locale\" content=\"lv_LV\" \/>\n<meta property=\"og:type\" content=\"article\" \/>\n<meta property=\"og:title\" content=\"Papuo\u0161al\u0173 k\u016brimo gro\u017eio rinkinys d\u0117\u017eut\u0117je\" \/>\n<meta property=\"og:description\" content=\"Papuo\u0161al\u0173 k\u016brimo gro\u017eio rinkinys d\u0117\u017eut\u0117je - KidsPlay. Did\u017eiausias vaik\u0173 \u017eaisl\u0173 pasirinkimas.\" \/>\n<meta property=\"og:url\" content=\"https:\/\/kidsplay.lt\/lv\/products\/papuosalu-kurimo-grozio-rinkinys-dezuteje\/\" \/>\n<meta property=\"og:site_name\" content=\"KidsPlay\" \/>\n<meta property=\"article:publisher\" content=\"https:\/\/www.facebook.com\/www.kidsplay.lt\" \/>\n<meta property=\"article:modified_time\" content=\"2026-04-21T10:21:41+00:00\" \/>\n<meta property=\"og:image\" content=\"https:\/\/kidsplay.lt\/wp-content\/uploads\/2026\/04\/Papuosalu-kurimo-grozio-rinkinys-dezuteje.png\" \/>\n\t<meta property=\"og:image:width\" content=\"1000\" \/>\n\t<meta property=\"og:image:height\" content=\"707\" \/>\n\t<meta property=\"og:image:type\" content=\"image\/png\" \/>\n<meta name=\"twitter:card\" content=\"summary_large_image\" \/>\n<meta name=\"twitter:label1\" content=\"Est. reading time\" \/>\n\t<meta name=\"twitter:data1\" content=\"1 min\u016bte\" \/>\n<script type=\"application\/ld+json\" class=\"yoast-schema-graph\">{\"@context\":\"https:\\\/\\\/schema.org\",\"@graph\":[{\"@type\":\"WebPage\",\"@id\":\"https:\\\/\\\/kidsplay.lt\\\/produktas\\\/papuosalu-kurimo-grozio-rinkinys-dezuteje\\\/\",\"url\":\"https:\\\/\\\/kidsplay.lt\\\/produktas\\\/papuosalu-kurimo-grozio-rinkinys-dezuteje\\\/\",\"name\":\"Papuo\u0161al\u0173 k\u016brimo gro\u017eio rinkinys d\u0117\u017eut\u0117je\",\"isPartOf\":{\"@id\":\"https:\\\/\\\/kidsplay.lt\\\/#website\"},\"primaryImageOfPage\":{\"@id\":\"https:\\\/\\\/kidsplay.lt\\\/produktas\\\/papuosalu-kurimo-grozio-rinkinys-dezuteje\\\/#primaryimage\"},\"image\":{\"@id\":\"https:\\\/\\\/kidsplay.lt\\\/produktas\\\/papuosalu-kurimo-grozio-rinkinys-dezuteje\\\/#primaryimage\"},\"thumbnailUrl\":\"https:\\\/\\\/kidsplay.lt\\\/wp-content\\\/uploads\\\/2026\\\/04\\\/Papuosalu-kurimo-grozio-rinkinys-dezuteje.png\",\"datePublished\":\"2026-04-20T08:23:46+00:00\",\"dateModified\":\"2026-04-21T10:21:41+00:00\",\"description\":\"Papuo\u0161al\u0173 k\u016brimo gro\u017eio rinkinys d\u0117\u017eut\u0117je - KidsPlay. Did\u017eiausias vaik\u0173 \u017eaisl\u0173 pasirinkimas.\",\"breadcrumb\":{\"@id\":\"https:\\\/\\\/kidsplay.lt\\\/produktas\\\/papuosalu-kurimo-grozio-rinkinys-dezuteje\\\/#breadcrumb\"},\"inLanguage\":\"lv-LV\",\"potentialAction\":[{\"@type\":\"ReadAction\",\"target\":[\"https:\\\/\\\/kidsplay.lt\\\/produktas\\\/papuosalu-kurimo-grozio-rinkinys-dezuteje\\\/\"]}]},{\"@type\":\"ImageObject\",\"inLanguage\":\"lv-LV\",\"@id\":\"https:\\\/\\\/kidsplay.lt\\\/produktas\\\/papuosalu-kurimo-grozio-rinkinys-dezuteje\\\/#primaryimage\",\"url\":\"https:\\\/\\\/kidsplay.lt\\\/wp-content\\\/uploads\\\/2026\\\/04\\\/Papuosalu-kurimo-grozio-rinkinys-dezuteje.png\",\"contentUrl\":\"https:\\\/\\\/kidsplay.lt\\\/wp-content\\\/uploads\\\/2026\\\/04\\\/Papuosalu-kurimo-grozio-rinkinys-dezuteje.png\",\"width\":1000,\"height\":707,\"caption\":\"Papuo\u0161al\u0173 k\u016brimo gro\u017eio rinkinys d\u0117\u017eut\u0117je\"},{\"@type\":\"BreadcrumbList\",\"@id\":\"https:\\\/\\\/kidsplay.lt\\\/produktas\\\/papuosalu-kurimo-grozio-rinkinys-dezuteje\\\/#breadcrumb\",\"itemListElement\":[{\"@type\":\"ListItem\",\"position\":1,\"name\":\"Pagrindinis\",\"item\":\"https:\\\/\\\/kidsplay.lt\\\/\"},{\"@type\":\"ListItem\",\"position\":2,\"name\":\"Parduotuv\u0117\",\"item\":\"https:\\\/\\\/kidsplay.lt\\\/parduotuve\\\/\"},{\"@type\":\"ListItem\",\"position\":3,\"name\":\"Papuo\u0161al\u0173 k\u016brimo gro\u017eio rinkinys d\u0117\u017eut\u0117je\"}]},{\"@type\":\"WebSite\",\"@id\":\"https:\\\/\\\/kidsplay.lt\\\/#website\",\"url\":\"https:\\\/\\\/kidsplay.lt\\\/\",\"name\":\"Kidsplay.lt\",\"description\":\"\u012evairios prek\u0117s vaikams\",\"publisher\":{\"@id\":\"https:\\\/\\\/kidsplay.lt\\\/#organization\"},\"alternateName\":\"Kidsplay\",\"potentialAction\":[{\"@type\":\"SearchAction\",\"target\":{\"@type\":\"EntryPoint\",\"urlTemplate\":\"https:\\\/\\\/kidsplay.lt\\\/?s={search_term_string}\"},\"query-input\":{\"@type\":\"PropertyValueSpecification\",\"valueRequired\":true,\"valueName\":\"search_term_string\"}}],\"inLanguage\":\"lv-LV\"},{\"@type\":\"Organization\",\"@id\":\"https:\\\/\\\/kidsplay.lt\\\/#organization\",\"name\":\"KidsPlay\",\"url\":\"https:\\\/\\\/kidsplay.lt\\\/\",\"logo\":{\"@type\":\"ImageObject\",\"inLanguage\":\"lv-LV\",\"@id\":\"https:\\\/\\\/kidsplay.lt\\\/#\\\/schema\\\/logo\\\/image\\\/\",\"url\":\"https:\\\/\\\/kidsplay.lt\\\/wp-content\\\/uploads\\\/2023\\\/07\\\/kidsplay-logo.png\",\"contentUrl\":\"https:\\\/\\\/kidsplay.lt\\\/wp-content\\\/uploads\\\/2023\\\/07\\\/kidsplay-logo.png\",\"width\":451,\"height\":98,\"caption\":\"KidsPlay\"},\"image\":{\"@id\":\"https:\\\/\\\/kidsplay.lt\\\/#\\\/schema\\\/logo\\\/image\\\/\"},\"sameAs\":[\"https:\\\/\\\/www.facebook.com\\\/www.kidsplay.lt\"]}]}<\/script>\n<!-- \/ Yoast SEO plugin. -->","yoast_head_json":{"title":"Rotu veido\u0161anas skaistumkop\u0161anas komplekts kast\u012bt\u0113","description":"Papuo\u0161al\u0173 k\u016brimo gro\u017eio rinkinys d\u0117\u017eut\u0117je - KidsPlay. Did\u017eiausias vaik\u0173 \u017eaisl\u0173 pasirinkimas.","robots":{"index":"index","follow":"follow","max-snippet":"max-snippet:-1","max-image-preview":"max-image-preview:large","max-video-preview":"max-video-preview:-1"},"canonical":"https:\/\/kidsplay.lt\/lv\/products\/papuosalu-kurimo-grozio-rinkinys-dezuteje\/","og_locale":"lv_LV","og_type":"article","og_title":"Papuo\u0161al\u0173 k\u016brimo gro\u017eio rinkinys d\u0117\u017eut\u0117je","og_description":"Papuo\u0161al\u0173 k\u016brimo gro\u017eio rinkinys d\u0117\u017eut\u0117je - KidsPlay. Did\u017eiausias vaik\u0173 \u017eaisl\u0173 pasirinkimas.","og_url":"https:\/\/kidsplay.lt\/lv\/products\/papuosalu-kurimo-grozio-rinkinys-dezuteje\/","og_site_name":"KidsPlay","article_publisher":"https:\/\/www.facebook.com\/www.kidsplay.lt","article_modified_time":"2026-04-21T10:21:41+00:00","og_image":[{"width":1000,"height":707,"url":"https:\/\/kidsplay.lt\/wp-content\/uploads\/2026\/04\/Papuosalu-kurimo-grozio-rinkinys-dezuteje.png","type":"image\/png"}],"twitter_card":"summary_large_image","twitter_misc":{"Est. reading time":"1 min\u016bte"},"schema":{"@context":"https:\/\/schema.org","@graph":[{"@type":"WebPage","@id":"https:\/\/kidsplay.lt\/produktas\/papuosalu-kurimo-grozio-rinkinys-dezuteje\/","url":"https:\/\/kidsplay.lt\/produktas\/papuosalu-kurimo-grozio-rinkinys-dezuteje\/","name":"Rotu veido\u0161anas skaistumkop\u0161anas komplekts kast\u012bt\u0113","isPartOf":{"@id":"https:\/\/kidsplay.lt\/#website"},"primaryImageOfPage":{"@id":"https:\/\/kidsplay.lt\/produktas\/papuosalu-kurimo-grozio-rinkinys-dezuteje\/#primaryimage"},"image":{"@id":"https:\/\/kidsplay.lt\/produktas\/papuosalu-kurimo-grozio-rinkinys-dezuteje\/#primaryimage"},"thumbnailUrl":"https:\/\/kidsplay.lt\/wp-content\/uploads\/2026\/04\/Papuosalu-kurimo-grozio-rinkinys-dezuteje.png","datePublished":"2026-04-20T08:23:46+00:00","dateModified":"2026-04-21T10:21:41+00:00","description":"Papuo\u0161al\u0173 k\u016brimo gro\u017eio rinkinys d\u0117\u017eut\u0117je - KidsPlay. Did\u017eiausias vaik\u0173 \u017eaisl\u0173 pasirinkimas.","breadcrumb":{"@id":"https:\/\/kidsplay.lt\/produktas\/papuosalu-kurimo-grozio-rinkinys-dezuteje\/#breadcrumb"},"inLanguage":"lv-LV","potentialAction":[{"@type":"ReadAction","target":["https:\/\/kidsplay.lt\/produktas\/papuosalu-kurimo-grozio-rinkinys-dezuteje\/"]}]},{"@type":"ImageObject","inLanguage":"lv-LV","@id":"https:\/\/kidsplay.lt\/produktas\/papuosalu-kurimo-grozio-rinkinys-dezuteje\/#primaryimage","url":"https:\/\/kidsplay.lt\/wp-content\/uploads\/2026\/04\/Papuosalu-kurimo-grozio-rinkinys-dezuteje.png","contentUrl":"https:\/\/kidsplay.lt\/wp-content\/uploads\/2026\/04\/Papuosalu-kurimo-grozio-rinkinys-dezuteje.png","width":1000,"height":707,"caption":"Papuo\u0161al\u0173 k\u016brimo gro\u017eio rinkinys d\u0117\u017eut\u0117je"},{"@type":"BreadcrumbList","@id":"https:\/\/kidsplay.lt\/produktas\/papuosalu-kurimo-grozio-rinkinys-dezuteje\/#breadcrumb","itemListElement":[{"@type":"ListItem","position":1,"name":"Pagrindinis","item":"https:\/\/kidsplay.lt\/"},{"@type":"ListItem","position":2,"name":"Parduotuv\u0117","item":"https:\/\/kidsplay.lt\/parduotuve\/"},{"@type":"ListItem","position":3,"name":"Papuo\u0161al\u0173 k\u016brimo gro\u017eio rinkinys d\u0117\u017eut\u0117je"}]},{"@type":"WebSite","@id":"https:\/\/kidsplay.lt\/#website","url":"https:\/\/kidsplay.lt\/","name":"B\u0113rnu sp\u0113les.lv","description":"\u012evairios prek\u0117s vaikams","publisher":{"@id":"https:\/\/kidsplay.lt\/#organization"},"alternateName":"Kidsplay","potentialAction":[{"@type":"SearchAction","target":{"@type":"EntryPoint","urlTemplate":"https:\/\/kidsplay.lt\/?s={search_term_string}"},"query-input":{"@type":"PropertyValueSpecification","valueRequired":true,"valueName":"search_term_string"}}],"inLanguage":"lv-LV"},{"@type":"Organization","@id":"https:\/\/kidsplay.lt\/#organization","name":"B\u0113rnu sp\u0113le","url":"https:\/\/kidsplay.lt\/","logo":{"@type":"ImageObject","inLanguage":"lv-LV","@id":"https:\/\/kidsplay.lt\/#\/schema\/logo\/image\/","url":"https:\/\/kidsplay.lt\/wp-content\/uploads\/2023\/07\/kidsplay-logo.png","contentUrl":"https:\/\/kidsplay.lt\/wp-content\/uploads\/2023\/07\/kidsplay-logo.png","width":451,"height":98,"caption":"KidsPlay"},"image":{"@id":"https:\/\/kidsplay.lt\/#\/schema\/logo\/image\/"},"sameAs":["https:\/\/www.facebook.com\/www.kidsplay.lt"]}]}},"_links":{"self":[{"href":"https:\/\/kidsplay.lt\/lv\/wp-json\/wp\/v2\/product\/106506","targetHints":{"allow":["GET"]}}],"collection":[{"href":"https:\/\/kidsplay.lt\/lv\/wp-json\/wp\/v2\/product"}],"about":[{"href":"https:\/\/kidsplay.lt\/lv\/wp-json\/wp\/v2\/types\/product"}],"version-history":[{"count":1,"href":"https:\/\/kidsplay.lt\/lv\/wp-json\/wp\/v2\/product\/106506\/revisions"}],"predecessor-version":[{"id":106507,"href":"https:\/\/kidsplay.lt\/lv\/wp-json\/wp\/v2\/product\/106506\/revisions\/106507"}],"wp:featuredmedia":[{"embeddable":true,"href":"https:\/\/kidsplay.lt\/lv\/wp-json\/wp\/v2\/media\/106508"}],"wp:attachment":[{"href":"https:\/\/kidsplay.lt\/lv\/wp-json\/wp\/v2\/media?parent=106506"}],"wp:term":[{"taxonomy":"product_brand","embeddable":true,"href":"https:\/\/kidsplay.lt\/lv\/wp-json\/wp\/v2\/product_brand?post=106506"},{"taxonomy":"product_cat","embeddable":true,"href":"https:\/\/kidsplay.lt\/lv\/wp-json\/wp\/v2\/product_cat?post=106506"},{"taxonomy":"product_tag","embeddable":true,"href":"https:\/\/kidsplay.lt\/lv\/wp-json\/wp\/v2\/product_tag?post=106506"}],"curies":[{"name":"wp","href":"https:\/\/api.w.org\/{rel}","templated":true}]}}