{"id":106734,"date":"2026-04-20T18:29:37","date_gmt":"2026-04-20T15:29:37","guid":{"rendered":"https:\/\/kidsplay.lt\/produktas\/cisternos-sunkvezimis-su-vandens-siurbimu-sviesomis-ir-garsais-baltas-ir-raudonas\/"},"modified":"2026-04-20T18:29:40","modified_gmt":"2026-04-20T15:29:40","slug":"cisternos-sunkvezimis-su-vandens-siurbimu-sviesomis-ir-garsais-baltas-ir-raudonas","status":"publish","type":"product","link":"https:\/\/kidsplay.lt\/lv\/products\/cisternos-sunkvezimis-su-vandens-siurbimu-sviesomis-ir-garsais-baltas-ir-raudonas\/","title":{"rendered":"Cisternos sunkve\u017eimis su vandens siurbimu, \u0161viesomis ir garsais, baltas ir raudonas"},"content":{"rendered":"<p>\u0160is cisternos sunkve\u017eimis yra realisti\u0161kas \u017eaislas, kuris prad\u017eiugins kiekvien\u0105 ma\u017e\u0105 automobili\u0173 gerb\u0117j\u0105. \u0160i didel\u0117 transporto priemon\u0117, pagaminta itin kruop\u0161\u010diai atkreipiant d\u0117mes\u012f \u012f detales, turi \u0161viesos ir garso efektus, tod\u0117l \u017eaidimas tampa dar \u012fdomesnis. Atidarius duris ir paspaudus vair\u0105, vaikas i\u0161girs tikrovi\u0161k\u0105 garso signal\u0105, suteikiant\u012f \u017eaidimui autenti\u0161kumo.<br \/>\nPapildoma pramoga \u2013 talpa, kuri\u0105 galima pripildyti vandeniu ir v\u0117liau j\u012f i\u0161pumpuoti specialiu mygtuku, esan\u010diu ant transporto priemon\u0117s stogo. Tai leid\u017eia imituoti kuro transportavimo ir i\u0161krovimo scenas, taip lavinant vaik\u0173 k\u016brybi\u0161kum\u0105, vaizduot\u0119 ir smulki\u0105j\u0105 motorik\u0105.<br \/>\n\u012esp\u016bdingas transporto priemon\u0117s dydis daro j\u0105 puikiu pasirinkimu tiek \u017eaidimui, tiek kolekcionavimui. Tai puiki dovanos id\u0117ja, suteiksianti valand\u0173 valandas pramog\u0173 ir nukelsianti vaik\u0105 \u012f tikr\u0173 keli\u0173 nuotyki\u0173 pasaul\u012f.<br \/>\nSPECIFIKACIJOS:<br \/>\nTransporto priemon\u0117s matmenys: 61 x 18 x 10,5 cmPakuot\u0117s matmenys: 65 x 22 x 13 cmMaitinimas: 3 x AG13 baterijos (\u012ftrauktos)Funkcijos: \u0161viesos ir garso efektai, garso signalas spaud\u017eiant vair\u0105Papildoma funkcija: galimyb\u0117 pripildyti bak\u0105 vandeniu ir j\u012f i\u0161pumpuoti mygtuku ant stogoMed\u017eiaga: vaikams saugus plastikas<br \/>\nRINKINIO TURINYS:<br \/>\nCisternos sunkve\u017eimisAG13 baterijos (3 vnt.)<\/p>","protected":false},"excerpt":{"rendered":"<p>\u0160is cisternos sunkve\u017eimis yra realisti\u0161kas \u017eaislas, kuris prad\u017eiugins kiekvien\u0105 ma\u017e\u0105 automobili\u0173 gerb\u0117j\u0105. \u0160i didel\u0117 transporto priemon\u0117, pagaminta itin kruop\u0161\u010diai atkreipiant<\/p>","protected":false},"featured_media":106735,"template":"","meta":{"_acf_changed":false,"_glsr_average":0,"_glsr_ranking":0,"_glsr_reviews":0},"product_brand":[],"product_cat":[448,229],"product_tag":[],"class_list":{"0":"post-106734","1":"product","2":"type-product","3":"status-publish","4":"has-post-thumbnail","6":"product_cat-automobiliai-ir-transportas","7":"product_cat-zaislai-vaikams","8":"\"style=\"background-color: #2ecc711c;\"","10":"first","11":"instock","12":"purchasable","13":"product-type-simple"},"acf":[],"yoast_head":"<!-- This site is optimized with the Yoast SEO plugin v27.4 - https:\/\/yoast.com\/product\/yoast-seo-wordpress\/ -->\n<title>Cisternos sunkve\u017eimis su vandens siurbimu, \u0161viesomis ir garsais, baltas ir raudonas<\/title>\n<meta name=\"description\" content=\"Cisternos sunkve\u017eimis su vandens siurbimu, \u0161viesomis ir garsais, baltas ir raudonas - KidsPlay. Did\u017eiausias vaik\u0173 \u017eaisl\u0173 pasirinkimas.\" \/>\n<meta name=\"robots\" content=\"index, follow, max-snippet:-1, max-image-preview:large, max-video-preview:-1\" \/>\n<link rel=\"canonical\" href=\"https:\/\/kidsplay.lt\/lv\/products\/cisternos-sunkvezimis-su-vandens-siurbimu-sviesomis-ir-garsais-baltas-ir-raudonas\/\" \/>\n<meta property=\"og:locale\" content=\"lv_LV\" \/>\n<meta property=\"og:type\" content=\"article\" \/>\n<meta property=\"og:title\" content=\"Cisternos sunkve\u017eimis su vandens siurbimu, \u0161viesomis ir garsais, baltas ir raudonas\" \/>\n<meta property=\"og:description\" content=\"Cisternos sunkve\u017eimis su vandens siurbimu, \u0161viesomis ir garsais, baltas ir raudonas - KidsPlay. Did\u017eiausias vaik\u0173 \u017eaisl\u0173 pasirinkimas.\" \/>\n<meta property=\"og:url\" content=\"https:\/\/kidsplay.lt\/lv\/products\/cisternos-sunkvezimis-su-vandens-siurbimu-sviesomis-ir-garsais-baltas-ir-raudonas\/\" \/>\n<meta property=\"og:site_name\" content=\"KidsPlay\" \/>\n<meta property=\"article:publisher\" content=\"https:\/\/www.facebook.com\/www.kidsplay.lt\" \/>\n<meta property=\"article:modified_time\" content=\"2026-04-20T15:29:40+00:00\" \/>\n<meta property=\"og:image\" content=\"https:\/\/kidsplay.lt\/wp-content\/uploads\/2026\/04\/Cisternos-sunkvezimis-su-vandens-siurbimu-sviesomis-ir-garsais-baltas-ir-raudonas.jpg\" \/>\n\t<meta property=\"og:image:width\" content=\"1000\" \/>\n\t<meta property=\"og:image:height\" content=\"1000\" \/>\n\t<meta property=\"og:image:type\" content=\"image\/jpeg\" \/>\n<meta name=\"twitter:card\" content=\"summary_large_image\" \/>\n<meta name=\"twitter:label1\" content=\"Est. reading time\" \/>\n\t<meta name=\"twitter:data1\" content=\"1 min\u016bte\" \/>\n<script type=\"application\/ld+json\" class=\"yoast-schema-graph\">{\"@context\":\"https:\\\/\\\/schema.org\",\"@graph\":[{\"@type\":\"WebPage\",\"@id\":\"https:\\\/\\\/kidsplay.lt\\\/produktas\\\/cisternos-sunkvezimis-su-vandens-siurbimu-sviesomis-ir-garsais-baltas-ir-raudonas\\\/\",\"url\":\"https:\\\/\\\/kidsplay.lt\\\/produktas\\\/cisternos-sunkvezimis-su-vandens-siurbimu-sviesomis-ir-garsais-baltas-ir-raudonas\\\/\",\"name\":\"Cisternos sunkve\u017eimis su vandens siurbimu, \u0161viesomis ir garsais, baltas ir raudonas\",\"isPartOf\":{\"@id\":\"https:\\\/\\\/kidsplay.lt\\\/#website\"},\"primaryImageOfPage\":{\"@id\":\"https:\\\/\\\/kidsplay.lt\\\/produktas\\\/cisternos-sunkvezimis-su-vandens-siurbimu-sviesomis-ir-garsais-baltas-ir-raudonas\\\/#primaryimage\"},\"image\":{\"@id\":\"https:\\\/\\\/kidsplay.lt\\\/produktas\\\/cisternos-sunkvezimis-su-vandens-siurbimu-sviesomis-ir-garsais-baltas-ir-raudonas\\\/#primaryimage\"},\"thumbnailUrl\":\"https:\\\/\\\/kidsplay.lt\\\/wp-content\\\/uploads\\\/2026\\\/04\\\/Cisternos-sunkvezimis-su-vandens-siurbimu-sviesomis-ir-garsais-baltas-ir-raudonas.jpg\",\"datePublished\":\"2026-04-20T15:29:37+00:00\",\"dateModified\":\"2026-04-20T15:29:40+00:00\",\"description\":\"Cisternos sunkve\u017eimis su vandens siurbimu, \u0161viesomis ir garsais, baltas ir raudonas - KidsPlay. Did\u017eiausias vaik\u0173 \u017eaisl\u0173 pasirinkimas.\",\"breadcrumb\":{\"@id\":\"https:\\\/\\\/kidsplay.lt\\\/produktas\\\/cisternos-sunkvezimis-su-vandens-siurbimu-sviesomis-ir-garsais-baltas-ir-raudonas\\\/#breadcrumb\"},\"inLanguage\":\"lv-LV\",\"potentialAction\":[{\"@type\":\"ReadAction\",\"target\":[\"https:\\\/\\\/kidsplay.lt\\\/produktas\\\/cisternos-sunkvezimis-su-vandens-siurbimu-sviesomis-ir-garsais-baltas-ir-raudonas\\\/\"]}]},{\"@type\":\"ImageObject\",\"inLanguage\":\"lv-LV\",\"@id\":\"https:\\\/\\\/kidsplay.lt\\\/produktas\\\/cisternos-sunkvezimis-su-vandens-siurbimu-sviesomis-ir-garsais-baltas-ir-raudonas\\\/#primaryimage\",\"url\":\"https:\\\/\\\/kidsplay.lt\\\/wp-content\\\/uploads\\\/2026\\\/04\\\/Cisternos-sunkvezimis-su-vandens-siurbimu-sviesomis-ir-garsais-baltas-ir-raudonas.jpg\",\"contentUrl\":\"https:\\\/\\\/kidsplay.lt\\\/wp-content\\\/uploads\\\/2026\\\/04\\\/Cisternos-sunkvezimis-su-vandens-siurbimu-sviesomis-ir-garsais-baltas-ir-raudonas.jpg\",\"width\":1000,\"height\":1000,\"caption\":\"Cisternos sunkve\u017eimis su vandens siurbimu\"},{\"@type\":\"BreadcrumbList\",\"@id\":\"https:\\\/\\\/kidsplay.lt\\\/produktas\\\/cisternos-sunkvezimis-su-vandens-siurbimu-sviesomis-ir-garsais-baltas-ir-raudonas\\\/#breadcrumb\",\"itemListElement\":[{\"@type\":\"ListItem\",\"position\":1,\"name\":\"Pagrindinis\",\"item\":\"https:\\\/\\\/kidsplay.lt\\\/\"},{\"@type\":\"ListItem\",\"position\":2,\"name\":\"Parduotuv\u0117\",\"item\":\"https:\\\/\\\/kidsplay.lt\\\/parduotuve\\\/\"},{\"@type\":\"ListItem\",\"position\":3,\"name\":\"Cisternos sunkve\u017eimis su vandens siurbimu, \u0161viesomis ir garsais, baltas ir raudonas\"}]},{\"@type\":\"WebSite\",\"@id\":\"https:\\\/\\\/kidsplay.lt\\\/#website\",\"url\":\"https:\\\/\\\/kidsplay.lt\\\/\",\"name\":\"Kidsplay.lt\",\"description\":\"\u012evairios prek\u0117s vaikams\",\"publisher\":{\"@id\":\"https:\\\/\\\/kidsplay.lt\\\/#organization\"},\"alternateName\":\"Kidsplay\",\"potentialAction\":[{\"@type\":\"SearchAction\",\"target\":{\"@type\":\"EntryPoint\",\"urlTemplate\":\"https:\\\/\\\/kidsplay.lt\\\/?s={search_term_string}\"},\"query-input\":{\"@type\":\"PropertyValueSpecification\",\"valueRequired\":true,\"valueName\":\"search_term_string\"}}],\"inLanguage\":\"lv-LV\"},{\"@type\":\"Organization\",\"@id\":\"https:\\\/\\\/kidsplay.lt\\\/#organization\",\"name\":\"KidsPlay\",\"url\":\"https:\\\/\\\/kidsplay.lt\\\/\",\"logo\":{\"@type\":\"ImageObject\",\"inLanguage\":\"lv-LV\",\"@id\":\"https:\\\/\\\/kidsplay.lt\\\/#\\\/schema\\\/logo\\\/image\\\/\",\"url\":\"https:\\\/\\\/kidsplay.lt\\\/wp-content\\\/uploads\\\/2023\\\/07\\\/kidsplay-logo.png\",\"contentUrl\":\"https:\\\/\\\/kidsplay.lt\\\/wp-content\\\/uploads\\\/2023\\\/07\\\/kidsplay-logo.png\",\"width\":451,\"height\":98,\"caption\":\"KidsPlay\"},\"image\":{\"@id\":\"https:\\\/\\\/kidsplay.lt\\\/#\\\/schema\\\/logo\\\/image\\\/\"},\"sameAs\":[\"https:\\\/\\\/www.facebook.com\\\/www.kidsplay.lt\"]}]}<\/script>\n<!-- \/ Yoast SEO plugin. -->","yoast_head_json":{"title":"Cisternos sunkve\u017eimis su vandens siurbimu, \u0161viesomis ir garsais, baltas ir raudonas","description":"Cisternos sunkve\u017eimis su vandens siurbimu, \u0161viesomis ir garsais, baltas ir raudonas - KidsPlay. Did\u017eiausias vaik\u0173 \u017eaisl\u0173 pasirinkimas.","robots":{"index":"index","follow":"follow","max-snippet":"max-snippet:-1","max-image-preview":"max-image-preview:large","max-video-preview":"max-video-preview:-1"},"canonical":"https:\/\/kidsplay.lt\/lv\/products\/cisternos-sunkvezimis-su-vandens-siurbimu-sviesomis-ir-garsais-baltas-ir-raudonas\/","og_locale":"lv_LV","og_type":"article","og_title":"Cisternos sunkve\u017eimis su vandens siurbimu, \u0161viesomis ir garsais, baltas ir raudonas","og_description":"Cisternos sunkve\u017eimis su vandens siurbimu, \u0161viesomis ir garsais, baltas ir raudonas - KidsPlay. Did\u017eiausias vaik\u0173 \u017eaisl\u0173 pasirinkimas.","og_url":"https:\/\/kidsplay.lt\/lv\/products\/cisternos-sunkvezimis-su-vandens-siurbimu-sviesomis-ir-garsais-baltas-ir-raudonas\/","og_site_name":"KidsPlay","article_publisher":"https:\/\/www.facebook.com\/www.kidsplay.lt","article_modified_time":"2026-04-20T15:29:40+00:00","og_image":[{"width":1000,"height":1000,"url":"https:\/\/kidsplay.lt\/wp-content\/uploads\/2026\/04\/Cisternos-sunkvezimis-su-vandens-siurbimu-sviesomis-ir-garsais-baltas-ir-raudonas.jpg","type":"image\/jpeg"}],"twitter_card":"summary_large_image","twitter_misc":{"Est. reading time":"1 min\u016bte"},"schema":{"@context":"https:\/\/schema.org","@graph":[{"@type":"WebPage","@id":"https:\/\/kidsplay.lt\/produktas\/cisternos-sunkvezimis-su-vandens-siurbimu-sviesomis-ir-garsais-baltas-ir-raudonas\/","url":"https:\/\/kidsplay.lt\/produktas\/cisternos-sunkvezimis-su-vandens-siurbimu-sviesomis-ir-garsais-baltas-ir-raudonas\/","name":"Cisternos sunkve\u017eimis su vandens siurbimu, \u0161viesomis ir garsais, baltas ir raudonas","isPartOf":{"@id":"https:\/\/kidsplay.lt\/#website"},"primaryImageOfPage":{"@id":"https:\/\/kidsplay.lt\/produktas\/cisternos-sunkvezimis-su-vandens-siurbimu-sviesomis-ir-garsais-baltas-ir-raudonas\/#primaryimage"},"image":{"@id":"https:\/\/kidsplay.lt\/produktas\/cisternos-sunkvezimis-su-vandens-siurbimu-sviesomis-ir-garsais-baltas-ir-raudonas\/#primaryimage"},"thumbnailUrl":"https:\/\/kidsplay.lt\/wp-content\/uploads\/2026\/04\/Cisternos-sunkvezimis-su-vandens-siurbimu-sviesomis-ir-garsais-baltas-ir-raudonas.jpg","datePublished":"2026-04-20T15:29:37+00:00","dateModified":"2026-04-20T15:29:40+00:00","description":"Cisternos sunkve\u017eimis su vandens siurbimu, \u0161viesomis ir garsais, baltas ir raudonas - KidsPlay. Did\u017eiausias vaik\u0173 \u017eaisl\u0173 pasirinkimas.","breadcrumb":{"@id":"https:\/\/kidsplay.lt\/produktas\/cisternos-sunkvezimis-su-vandens-siurbimu-sviesomis-ir-garsais-baltas-ir-raudonas\/#breadcrumb"},"inLanguage":"lv-LV","potentialAction":[{"@type":"ReadAction","target":["https:\/\/kidsplay.lt\/produktas\/cisternos-sunkvezimis-su-vandens-siurbimu-sviesomis-ir-garsais-baltas-ir-raudonas\/"]}]},{"@type":"ImageObject","inLanguage":"lv-LV","@id":"https:\/\/kidsplay.lt\/produktas\/cisternos-sunkvezimis-su-vandens-siurbimu-sviesomis-ir-garsais-baltas-ir-raudonas\/#primaryimage","url":"https:\/\/kidsplay.lt\/wp-content\/uploads\/2026\/04\/Cisternos-sunkvezimis-su-vandens-siurbimu-sviesomis-ir-garsais-baltas-ir-raudonas.jpg","contentUrl":"https:\/\/kidsplay.lt\/wp-content\/uploads\/2026\/04\/Cisternos-sunkvezimis-su-vandens-siurbimu-sviesomis-ir-garsais-baltas-ir-raudonas.jpg","width":1000,"height":1000,"caption":"Cisternos sunkve\u017eimis su vandens siurbimu"},{"@type":"BreadcrumbList","@id":"https:\/\/kidsplay.lt\/produktas\/cisternos-sunkvezimis-su-vandens-siurbimu-sviesomis-ir-garsais-baltas-ir-raudonas\/#breadcrumb","itemListElement":[{"@type":"ListItem","position":1,"name":"Pagrindinis","item":"https:\/\/kidsplay.lt\/"},{"@type":"ListItem","position":2,"name":"Parduotuv\u0117","item":"https:\/\/kidsplay.lt\/parduotuve\/"},{"@type":"ListItem","position":3,"name":"Cisternos sunkve\u017eimis su vandens siurbimu, \u0161viesomis ir garsais, baltas ir raudonas"}]},{"@type":"WebSite","@id":"https:\/\/kidsplay.lt\/#website","url":"https:\/\/kidsplay.lt\/","name":"B\u0113rnu sp\u0113les.lv","description":"\u012evairios prek\u0117s vaikams","publisher":{"@id":"https:\/\/kidsplay.lt\/#organization"},"alternateName":"Kidsplay","potentialAction":[{"@type":"SearchAction","target":{"@type":"EntryPoint","urlTemplate":"https:\/\/kidsplay.lt\/?s={search_term_string}"},"query-input":{"@type":"PropertyValueSpecification","valueRequired":true,"valueName":"search_term_string"}}],"inLanguage":"lv-LV"},{"@type":"Organization","@id":"https:\/\/kidsplay.lt\/#organization","name":"B\u0113rnu sp\u0113le","url":"https:\/\/kidsplay.lt\/","logo":{"@type":"ImageObject","inLanguage":"lv-LV","@id":"https:\/\/kidsplay.lt\/#\/schema\/logo\/image\/","url":"https:\/\/kidsplay.lt\/wp-content\/uploads\/2023\/07\/kidsplay-logo.png","contentUrl":"https:\/\/kidsplay.lt\/wp-content\/uploads\/2023\/07\/kidsplay-logo.png","width":451,"height":98,"caption":"KidsPlay"},"image":{"@id":"https:\/\/kidsplay.lt\/#\/schema\/logo\/image\/"},"sameAs":["https:\/\/www.facebook.com\/www.kidsplay.lt"]}]}},"_links":{"self":[{"href":"https:\/\/kidsplay.lt\/lv\/wp-json\/wp\/v2\/product\/106734","targetHints":{"allow":["GET"]}}],"collection":[{"href":"https:\/\/kidsplay.lt\/lv\/wp-json\/wp\/v2\/product"}],"about":[{"href":"https:\/\/kidsplay.lt\/lv\/wp-json\/wp\/v2\/types\/product"}],"version-history":[{"count":0,"href":"https:\/\/kidsplay.lt\/lv\/wp-json\/wp\/v2\/product\/106734\/revisions"}],"wp:featuredmedia":[{"embeddable":true,"href":"https:\/\/kidsplay.lt\/lv\/wp-json\/wp\/v2\/media\/106735"}],"wp:attachment":[{"href":"https:\/\/kidsplay.lt\/lv\/wp-json\/wp\/v2\/media?parent=106734"}],"wp:term":[{"taxonomy":"product_brand","embeddable":true,"href":"https:\/\/kidsplay.lt\/lv\/wp-json\/wp\/v2\/product_brand?post=106734"},{"taxonomy":"product_cat","embeddable":true,"href":"https:\/\/kidsplay.lt\/lv\/wp-json\/wp\/v2\/product_cat?post=106734"},{"taxonomy":"product_tag","embeddable":true,"href":"https:\/\/kidsplay.lt\/lv\/wp-json\/wp\/v2\/product_tag?post=106734"}],"curies":[{"name":"wp","href":"https:\/\/api.w.org\/{rel}","templated":true}]}}