{"id":106739,"date":"2026-04-20T18:29:40","date_gmt":"2026-04-20T15:29:40","guid":{"rendered":"https:\/\/kidsplay.lt\/produktas\/lora-sunkvezimis-vilkiko-rinkinys-su-4-automobiliais-atidaromomis-durimis-sviesomis-ir-garsais\/"},"modified":"2026-04-20T18:29:44","modified_gmt":"2026-04-20T15:29:44","slug":"lora-sunkvezimis-vilkiko-rinkinys-su-4-automobiliais-atidaromomis-durimis-sviesomis-ir-garsais","status":"publish","type":"product","link":"https:\/\/kidsplay.lt\/lv\/products\/lora-sunkvezimis-vilkiko-rinkinys-su-4-automobiliais-atidaromomis-durimis-sviesomis-ir-garsais\/","title":{"rendered":"Lora sunkve\u017eimis \u2013 vilkiko rinkinys su 4 automobiliais, atidaromomis durimis, \u0161viesomis ir garsais"},"content":{"rendered":"<p>\u0160is didelis sunkve\u017eimis \u2013 vilkikas su keturiais automobiliais yra rinkinys, kuris prad\u017eiugins kiekvien\u0105 ma\u017e\u0105 automobili\u0173 gerb\u0117j\u0105. Realisti\u0161ka i\u0161vaizda, \u0161viesos ir garso efektai bei papildomi automobiliai \u017eaidim\u0105 paver\u010dia kupinu \u012fsp\u016bd\u017ei\u0173 ir k\u016brybi\u0161k\u0173 scenarij\u0173.<br \/>\nVilkikas yra \u012fsp\u016bdingo 57 cm ilgio, tod\u0117l suteikia dar \u012fdomesn\u0119 \u017eaidimo patirt\u012f. Jame \u012frengti \u0161viesos ir garso efektai, kurie sustiprina realisti\u0161kumo poj\u016bt\u012f ir leid\u017eia vaikams pasijausti tikrais sunkve\u017eimio vairuotojais. Keturios spalvotos keleivin\u0117s ma\u0161in\u0117l\u0117s puikiai tinka perve\u017eimui, taip pat gali b\u016bti naudojamos atskirai \u017eaidimui.<br \/>\nTransporto priemon\u0117 pagaminta i\u0161 auk\u0161tos kokyb\u0117s med\u017eiag\u0173, atspari\u0173 intensyviam naudojimui. \u0160is \u017eaislas lavina vaik\u0173 vaizduot\u0119, k\u016brybi\u0161kum\u0105 ir smulki\u0105j\u0105 motorik\u0105, suteikdamas daug smagaus \u017eaidimo laiko.<br \/>\nSPECIFIKACIJOS:<br \/>\nPriekabos matmenys: 57 x 19 x 10,5 cmPakuot\u0117s matmenys: 60 x 24,5 x 14 cmFunkcijos: \u0161viesos ir garso efektaiMaitinimas: 3 x AG13 baterijos (\u012ftrauktos)Med\u017eiaga: auk\u0161tos kokyb\u0117s plastikasSpalva: balta ir oran\u017ein\u0117 priekaba + 4 spalvoti automobiliai<br \/>\nRINKINIO TURINYS:<br \/>\nSunkve\u017eimis \u2013 priekaba su \u0161viesos ir garso efektais4 spalvoti keleiviniai automobiliai3 x AG13 baterijosOriginali pakuot\u0117<\/p>","protected":false},"excerpt":{"rendered":"<p>\u0160is didelis sunkve\u017eimis \u2013 vilkikas su keturiais automobiliais yra rinkinys, kuris prad\u017eiugins kiekvien\u0105 ma\u017e\u0105 automobili\u0173 gerb\u0117j\u0105. Realisti\u0161ka i\u0161vaizda, \u0161viesos ir<\/p>","protected":false},"featured_media":106740,"template":"","meta":{"_acf_changed":false,"_glsr_average":0,"_glsr_ranking":0,"_glsr_reviews":0},"product_brand":[],"product_cat":[448,229],"product_tag":[],"class_list":{"0":"post-106739","1":"product","2":"type-product","3":"status-publish","4":"has-post-thumbnail","6":"product_cat-automobiliai-ir-transportas","7":"product_cat-zaislai-vaikams","8":"\"style=\"background-color: #2ecc711c;\"","10":"first","11":"instock","12":"purchasable","13":"product-type-simple"},"acf":[],"yoast_head":"<!-- This site is optimized with the Yoast SEO plugin v27.4 - https:\/\/yoast.com\/product\/yoast-seo-wordpress\/ -->\n<title>Lora sunkve\u017eimis \u2013 vilkiko rinkinys su 4 automobiliais, atidaromomis durimis, \u0161viesomis ir garsais<\/title>\n<meta name=\"description\" content=\"Lora sunkve\u017eimis \u2013 vilkiko rinkinys su 4 automobiliais, atidaromomis durimis, \u0161viesomis ir garsais - KidsPlay. Did\u017eiausias vaik\u0173 \u017eaisl\u0173 pasirinkimas.\" \/>\n<meta name=\"robots\" content=\"index, follow, max-snippet:-1, max-image-preview:large, max-video-preview:-1\" \/>\n<link rel=\"canonical\" href=\"https:\/\/kidsplay.lt\/lv\/products\/lora-sunkvezimis-vilkiko-rinkinys-su-4-automobiliais-atidaromomis-durimis-sviesomis-ir-garsais\/\" \/>\n<meta property=\"og:locale\" content=\"lv_LV\" \/>\n<meta property=\"og:type\" content=\"article\" \/>\n<meta property=\"og:title\" content=\"Lora sunkve\u017eimis \u2013 vilkiko rinkinys su 4 automobiliais, atidaromomis durimis, \u0161viesomis ir garsais\" \/>\n<meta property=\"og:description\" content=\"Lora sunkve\u017eimis \u2013 vilkiko rinkinys su 4 automobiliais, atidaromomis durimis, \u0161viesomis ir garsais - KidsPlay. Did\u017eiausias vaik\u0173 \u017eaisl\u0173 pasirinkimas.\" \/>\n<meta property=\"og:url\" content=\"https:\/\/kidsplay.lt\/lv\/products\/lora-sunkvezimis-vilkiko-rinkinys-su-4-automobiliais-atidaromomis-durimis-sviesomis-ir-garsais\/\" \/>\n<meta property=\"og:site_name\" content=\"KidsPlay\" \/>\n<meta property=\"article:publisher\" content=\"https:\/\/www.facebook.com\/www.kidsplay.lt\" \/>\n<meta property=\"article:modified_time\" content=\"2026-04-20T15:29:44+00:00\" \/>\n<meta property=\"og:image\" content=\"https:\/\/kidsplay.lt\/wp-content\/uploads\/2026\/04\/Lora-sunkvezimis-\u2013-vilkiko-rinkinys-su-4-automobiliais-atidaromomis-durimis-sviesomis-ir-garsais.jpg\" \/>\n\t<meta property=\"og:image:width\" content=\"1000\" \/>\n\t<meta property=\"og:image:height\" content=\"1000\" \/>\n\t<meta property=\"og:image:type\" content=\"image\/jpeg\" \/>\n<meta name=\"twitter:card\" content=\"summary_large_image\" \/>\n<meta name=\"twitter:label1\" content=\"Est. reading time\" \/>\n\t<meta name=\"twitter:data1\" content=\"1 min\u016bte\" \/>\n<script type=\"application\/ld+json\" class=\"yoast-schema-graph\">{\"@context\":\"https:\\\/\\\/schema.org\",\"@graph\":[{\"@type\":\"WebPage\",\"@id\":\"https:\\\/\\\/kidsplay.lt\\\/produktas\\\/lora-sunkvezimis-vilkiko-rinkinys-su-4-automobiliais-atidaromomis-durimis-sviesomis-ir-garsais\\\/\",\"url\":\"https:\\\/\\\/kidsplay.lt\\\/produktas\\\/lora-sunkvezimis-vilkiko-rinkinys-su-4-automobiliais-atidaromomis-durimis-sviesomis-ir-garsais\\\/\",\"name\":\"Lora sunkve\u017eimis \u2013 vilkiko rinkinys su 4 automobiliais, atidaromomis durimis, \u0161viesomis ir garsais\",\"isPartOf\":{\"@id\":\"https:\\\/\\\/kidsplay.lt\\\/#website\"},\"primaryImageOfPage\":{\"@id\":\"https:\\\/\\\/kidsplay.lt\\\/produktas\\\/lora-sunkvezimis-vilkiko-rinkinys-su-4-automobiliais-atidaromomis-durimis-sviesomis-ir-garsais\\\/#primaryimage\"},\"image\":{\"@id\":\"https:\\\/\\\/kidsplay.lt\\\/produktas\\\/lora-sunkvezimis-vilkiko-rinkinys-su-4-automobiliais-atidaromomis-durimis-sviesomis-ir-garsais\\\/#primaryimage\"},\"thumbnailUrl\":\"https:\\\/\\\/kidsplay.lt\\\/wp-content\\\/uploads\\\/2026\\\/04\\\/Lora-sunkvezimis-\u2013-vilkiko-rinkinys-su-4-automobiliais-atidaromomis-durimis-sviesomis-ir-garsais.jpg\",\"datePublished\":\"2026-04-20T15:29:40+00:00\",\"dateModified\":\"2026-04-20T15:29:44+00:00\",\"description\":\"Lora sunkve\u017eimis \u2013 vilkiko rinkinys su 4 automobiliais, atidaromomis durimis, \u0161viesomis ir garsais - KidsPlay. Did\u017eiausias vaik\u0173 \u017eaisl\u0173 pasirinkimas.\",\"breadcrumb\":{\"@id\":\"https:\\\/\\\/kidsplay.lt\\\/produktas\\\/lora-sunkvezimis-vilkiko-rinkinys-su-4-automobiliais-atidaromomis-durimis-sviesomis-ir-garsais\\\/#breadcrumb\"},\"inLanguage\":\"lv-LV\",\"potentialAction\":[{\"@type\":\"ReadAction\",\"target\":[\"https:\\\/\\\/kidsplay.lt\\\/produktas\\\/lora-sunkvezimis-vilkiko-rinkinys-su-4-automobiliais-atidaromomis-durimis-sviesomis-ir-garsais\\\/\"]}]},{\"@type\":\"ImageObject\",\"inLanguage\":\"lv-LV\",\"@id\":\"https:\\\/\\\/kidsplay.lt\\\/produktas\\\/lora-sunkvezimis-vilkiko-rinkinys-su-4-automobiliais-atidaromomis-durimis-sviesomis-ir-garsais\\\/#primaryimage\",\"url\":\"https:\\\/\\\/kidsplay.lt\\\/wp-content\\\/uploads\\\/2026\\\/04\\\/Lora-sunkvezimis-\u2013-vilkiko-rinkinys-su-4-automobiliais-atidaromomis-durimis-sviesomis-ir-garsais.jpg\",\"contentUrl\":\"https:\\\/\\\/kidsplay.lt\\\/wp-content\\\/uploads\\\/2026\\\/04\\\/Lora-sunkvezimis-\u2013-vilkiko-rinkinys-su-4-automobiliais-atidaromomis-durimis-sviesomis-ir-garsais.jpg\",\"width\":1000,\"height\":1000,\"caption\":\"Lora sunkve\u017eimis \u2013 vilkiko rinkinys su 4 automobiliais\"},{\"@type\":\"BreadcrumbList\",\"@id\":\"https:\\\/\\\/kidsplay.lt\\\/produktas\\\/lora-sunkvezimis-vilkiko-rinkinys-su-4-automobiliais-atidaromomis-durimis-sviesomis-ir-garsais\\\/#breadcrumb\",\"itemListElement\":[{\"@type\":\"ListItem\",\"position\":1,\"name\":\"Pagrindinis\",\"item\":\"https:\\\/\\\/kidsplay.lt\\\/\"},{\"@type\":\"ListItem\",\"position\":2,\"name\":\"Parduotuv\u0117\",\"item\":\"https:\\\/\\\/kidsplay.lt\\\/parduotuve\\\/\"},{\"@type\":\"ListItem\",\"position\":3,\"name\":\"Lora sunkve\u017eimis \u2013 vilkiko rinkinys su 4 automobiliais, atidaromomis durimis, \u0161viesomis ir garsais\"}]},{\"@type\":\"WebSite\",\"@id\":\"https:\\\/\\\/kidsplay.lt\\\/#website\",\"url\":\"https:\\\/\\\/kidsplay.lt\\\/\",\"name\":\"Kidsplay.lt\",\"description\":\"\u012evairios prek\u0117s vaikams\",\"publisher\":{\"@id\":\"https:\\\/\\\/kidsplay.lt\\\/#organization\"},\"alternateName\":\"Kidsplay\",\"potentialAction\":[{\"@type\":\"SearchAction\",\"target\":{\"@type\":\"EntryPoint\",\"urlTemplate\":\"https:\\\/\\\/kidsplay.lt\\\/?s={search_term_string}\"},\"query-input\":{\"@type\":\"PropertyValueSpecification\",\"valueRequired\":true,\"valueName\":\"search_term_string\"}}],\"inLanguage\":\"lv-LV\"},{\"@type\":\"Organization\",\"@id\":\"https:\\\/\\\/kidsplay.lt\\\/#organization\",\"name\":\"KidsPlay\",\"url\":\"https:\\\/\\\/kidsplay.lt\\\/\",\"logo\":{\"@type\":\"ImageObject\",\"inLanguage\":\"lv-LV\",\"@id\":\"https:\\\/\\\/kidsplay.lt\\\/#\\\/schema\\\/logo\\\/image\\\/\",\"url\":\"https:\\\/\\\/kidsplay.lt\\\/wp-content\\\/uploads\\\/2023\\\/07\\\/kidsplay-logo.png\",\"contentUrl\":\"https:\\\/\\\/kidsplay.lt\\\/wp-content\\\/uploads\\\/2023\\\/07\\\/kidsplay-logo.png\",\"width\":451,\"height\":98,\"caption\":\"KidsPlay\"},\"image\":{\"@id\":\"https:\\\/\\\/kidsplay.lt\\\/#\\\/schema\\\/logo\\\/image\\\/\"},\"sameAs\":[\"https:\\\/\\\/www.facebook.com\\\/www.kidsplay.lt\"]}]}<\/script>\n<!-- \/ Yoast SEO plugin. -->","yoast_head_json":{"title":"Lora sunkve\u017eimis \u2013 vilkiko rinkinys su 4 automobiliais, atidaromomis durimis, \u0161viesomis ir garsais","description":"Lora sunkve\u017eimis \u2013 vilkiko rinkinys su 4 automobiliais, atidaromomis durimis, \u0161viesomis ir garsais - KidsPlay. Did\u017eiausias vaik\u0173 \u017eaisl\u0173 pasirinkimas.","robots":{"index":"index","follow":"follow","max-snippet":"max-snippet:-1","max-image-preview":"max-image-preview:large","max-video-preview":"max-video-preview:-1"},"canonical":"https:\/\/kidsplay.lt\/lv\/products\/lora-sunkvezimis-vilkiko-rinkinys-su-4-automobiliais-atidaromomis-durimis-sviesomis-ir-garsais\/","og_locale":"lv_LV","og_type":"article","og_title":"Lora sunkve\u017eimis \u2013 vilkiko rinkinys su 4 automobiliais, atidaromomis durimis, \u0161viesomis ir garsais","og_description":"Lora sunkve\u017eimis \u2013 vilkiko rinkinys su 4 automobiliais, atidaromomis durimis, \u0161viesomis ir garsais - KidsPlay. Did\u017eiausias vaik\u0173 \u017eaisl\u0173 pasirinkimas.","og_url":"https:\/\/kidsplay.lt\/lv\/products\/lora-sunkvezimis-vilkiko-rinkinys-su-4-automobiliais-atidaromomis-durimis-sviesomis-ir-garsais\/","og_site_name":"KidsPlay","article_publisher":"https:\/\/www.facebook.com\/www.kidsplay.lt","article_modified_time":"2026-04-20T15:29:44+00:00","og_image":[{"width":1000,"height":1000,"url":"https:\/\/kidsplay.lt\/wp-content\/uploads\/2026\/04\/Lora-sunkvezimis-\u2013-vilkiko-rinkinys-su-4-automobiliais-atidaromomis-durimis-sviesomis-ir-garsais.jpg","type":"image\/jpeg"}],"twitter_card":"summary_large_image","twitter_misc":{"Est. reading time":"1 min\u016bte"},"schema":{"@context":"https:\/\/schema.org","@graph":[{"@type":"WebPage","@id":"https:\/\/kidsplay.lt\/produktas\/lora-sunkvezimis-vilkiko-rinkinys-su-4-automobiliais-atidaromomis-durimis-sviesomis-ir-garsais\/","url":"https:\/\/kidsplay.lt\/produktas\/lora-sunkvezimis-vilkiko-rinkinys-su-4-automobiliais-atidaromomis-durimis-sviesomis-ir-garsais\/","name":"Lora sunkve\u017eimis \u2013 vilkiko rinkinys su 4 automobiliais, atidaromomis durimis, \u0161viesomis ir garsais","isPartOf":{"@id":"https:\/\/kidsplay.lt\/#website"},"primaryImageOfPage":{"@id":"https:\/\/kidsplay.lt\/produktas\/lora-sunkvezimis-vilkiko-rinkinys-su-4-automobiliais-atidaromomis-durimis-sviesomis-ir-garsais\/#primaryimage"},"image":{"@id":"https:\/\/kidsplay.lt\/produktas\/lora-sunkvezimis-vilkiko-rinkinys-su-4-automobiliais-atidaromomis-durimis-sviesomis-ir-garsais\/#primaryimage"},"thumbnailUrl":"https:\/\/kidsplay.lt\/wp-content\/uploads\/2026\/04\/Lora-sunkvezimis-\u2013-vilkiko-rinkinys-su-4-automobiliais-atidaromomis-durimis-sviesomis-ir-garsais.jpg","datePublished":"2026-04-20T15:29:40+00:00","dateModified":"2026-04-20T15:29:44+00:00","description":"Lora sunkve\u017eimis \u2013 vilkiko rinkinys su 4 automobiliais, atidaromomis durimis, \u0161viesomis ir garsais - KidsPlay. Did\u017eiausias vaik\u0173 \u017eaisl\u0173 pasirinkimas.","breadcrumb":{"@id":"https:\/\/kidsplay.lt\/produktas\/lora-sunkvezimis-vilkiko-rinkinys-su-4-automobiliais-atidaromomis-durimis-sviesomis-ir-garsais\/#breadcrumb"},"inLanguage":"lv-LV","potentialAction":[{"@type":"ReadAction","target":["https:\/\/kidsplay.lt\/produktas\/lora-sunkvezimis-vilkiko-rinkinys-su-4-automobiliais-atidaromomis-durimis-sviesomis-ir-garsais\/"]}]},{"@type":"ImageObject","inLanguage":"lv-LV","@id":"https:\/\/kidsplay.lt\/produktas\/lora-sunkvezimis-vilkiko-rinkinys-su-4-automobiliais-atidaromomis-durimis-sviesomis-ir-garsais\/#primaryimage","url":"https:\/\/kidsplay.lt\/wp-content\/uploads\/2026\/04\/Lora-sunkvezimis-\u2013-vilkiko-rinkinys-su-4-automobiliais-atidaromomis-durimis-sviesomis-ir-garsais.jpg","contentUrl":"https:\/\/kidsplay.lt\/wp-content\/uploads\/2026\/04\/Lora-sunkvezimis-\u2013-vilkiko-rinkinys-su-4-automobiliais-atidaromomis-durimis-sviesomis-ir-garsais.jpg","width":1000,"height":1000,"caption":"Lora sunkve\u017eimis \u2013 vilkiko rinkinys su 4 automobiliais"},{"@type":"BreadcrumbList","@id":"https:\/\/kidsplay.lt\/produktas\/lora-sunkvezimis-vilkiko-rinkinys-su-4-automobiliais-atidaromomis-durimis-sviesomis-ir-garsais\/#breadcrumb","itemListElement":[{"@type":"ListItem","position":1,"name":"Pagrindinis","item":"https:\/\/kidsplay.lt\/"},{"@type":"ListItem","position":2,"name":"Parduotuv\u0117","item":"https:\/\/kidsplay.lt\/parduotuve\/"},{"@type":"ListItem","position":3,"name":"Lora sunkve\u017eimis \u2013 vilkiko rinkinys su 4 automobiliais, atidaromomis durimis, \u0161viesomis ir garsais"}]},{"@type":"WebSite","@id":"https:\/\/kidsplay.lt\/#website","url":"https:\/\/kidsplay.lt\/","name":"B\u0113rnu sp\u0113les.lv","description":"\u012evairios prek\u0117s vaikams","publisher":{"@id":"https:\/\/kidsplay.lt\/#organization"},"alternateName":"Kidsplay","potentialAction":[{"@type":"SearchAction","target":{"@type":"EntryPoint","urlTemplate":"https:\/\/kidsplay.lt\/?s={search_term_string}"},"query-input":{"@type":"PropertyValueSpecification","valueRequired":true,"valueName":"search_term_string"}}],"inLanguage":"lv-LV"},{"@type":"Organization","@id":"https:\/\/kidsplay.lt\/#organization","name":"B\u0113rnu sp\u0113le","url":"https:\/\/kidsplay.lt\/","logo":{"@type":"ImageObject","inLanguage":"lv-LV","@id":"https:\/\/kidsplay.lt\/#\/schema\/logo\/image\/","url":"https:\/\/kidsplay.lt\/wp-content\/uploads\/2023\/07\/kidsplay-logo.png","contentUrl":"https:\/\/kidsplay.lt\/wp-content\/uploads\/2023\/07\/kidsplay-logo.png","width":451,"height":98,"caption":"KidsPlay"},"image":{"@id":"https:\/\/kidsplay.lt\/#\/schema\/logo\/image\/"},"sameAs":["https:\/\/www.facebook.com\/www.kidsplay.lt"]}]}},"_links":{"self":[{"href":"https:\/\/kidsplay.lt\/lv\/wp-json\/wp\/v2\/product\/106739","targetHints":{"allow":["GET"]}}],"collection":[{"href":"https:\/\/kidsplay.lt\/lv\/wp-json\/wp\/v2\/product"}],"about":[{"href":"https:\/\/kidsplay.lt\/lv\/wp-json\/wp\/v2\/types\/product"}],"version-history":[{"count":0,"href":"https:\/\/kidsplay.lt\/lv\/wp-json\/wp\/v2\/product\/106739\/revisions"}],"wp:featuredmedia":[{"embeddable":true,"href":"https:\/\/kidsplay.lt\/lv\/wp-json\/wp\/v2\/media\/106740"}],"wp:attachment":[{"href":"https:\/\/kidsplay.lt\/lv\/wp-json\/wp\/v2\/media?parent=106739"}],"wp:term":[{"taxonomy":"product_brand","embeddable":true,"href":"https:\/\/kidsplay.lt\/lv\/wp-json\/wp\/v2\/product_brand?post=106739"},{"taxonomy":"product_cat","embeddable":true,"href":"https:\/\/kidsplay.lt\/lv\/wp-json\/wp\/v2\/product_cat?post=106739"},{"taxonomy":"product_tag","embeddable":true,"href":"https:\/\/kidsplay.lt\/lv\/wp-json\/wp\/v2\/product_tag?post=106739"}],"curies":[{"name":"wp","href":"https:\/\/api.w.org\/{rel}","templated":true}]}}