{"id":106750,"date":"2026-04-20T18:29:48","date_gmt":"2026-04-20T15:29:48","guid":{"rendered":"https:\/\/kidsplay.lt\/produktas\/rc-nuotoliniu-budu-valdomas-lenktyninis-automobilis-110-su-sviesomis-garsais-ir-vandens-garu-funkcija-melynas\/"},"modified":"2026-04-20T18:29:53","modified_gmt":"2026-04-20T15:29:53","slug":"rc-nuotoliniu-budu-valdomas-lenktyninis-automobilis-110-su-sviesomis-garsais-ir-vandens-garu-funkcija-melynas","status":"publish","type":"product","link":"https:\/\/kidsplay.lt\/lv\/products\/rc-nuotoliniu-budu-valdomas-lenktyninis-automobilis-110-su-sviesomis-garsais-ir-vandens-garu-funkcija-melynas\/","title":{"rendered":"RC nuotoliniu b\u016bdu valdomas lenktyninis automobilis 1:10, su \u0161viesomis, garsais ir vandens gar\u0173 funkcija, m\u0117lynas"},"content":{"rendered":"<p>I\u0161skirtinis F-Spray lenktyninis nuotoliniu b\u016bdu valdomas automobilis puikiai tinka vaikams ir paaugliams, m\u0117gstantiems greit\u012f ir \u012fsp\u016bdingus efektus. \u0160is 1:10 mastelio modelis turi moderni\u0105 2,4 GHz valdymo sistem\u0105, u\u017etikrinan\u010di\u0105 stabil\u0173 ry\u0161\u012f ir galimyb\u0119 vienu metu \u017eaisti su keliais automobiliais be trikd\u017ei\u0173.<br \/>\nDinami\u0161kas dizainas, sporti\u0161kas siluetas ir agresyvi spalv\u0173 gama suteikia modeliui itin \u012fsp\u016bding\u0105 i\u0161vaizd\u0105. Did\u017eiausia atrakcija \u2013 gar\u0173 efektas, kuris va\u017eiuojant sklinda i\u0161 automobilio galo, pabr\u0117\u017edamas sportin\u012f charakter\u012f ir suteikdamas realisti\u0161kumo.<br \/>\nAutomobilis gali suktis 360\u00b0 kampu ir jud\u0117ti \u012f visas puses d\u0117l specialios rat\u0173 konstrukcijos. Integruotos LED \u0161viesos dar labiau sustiprina \u017eaidimo \u012fsp\u016bd\u017eius, ypa\u010d tamsoje.<br \/>\nMaitinamas 3,7 V \u012fkraunama baterija (\u012ftraukta), kuri kraunama USB laidu. Nuotolinio valdymo pultui reikalingos 2 x AA baterijos (ne\u012ftrauktos). Tai puiki dovana, lavinanti vaiko reakcij\u0105, vikrum\u0105 ir vaizduot\u0119.<br \/>\nSPECIFIKACIJOS:<br \/>\nMastelis: 1:10Valdymas: 2,4 GHzFunkcijos: va\u017eiavimas visomis kryptimis, 360\u00b0 apsisukimas, gar\u0173 efektas, LED ap\u0161vietimasAutomobilio maitinimas: 3,7 V Li-ion baterija (\u012ftraukta)Nuotolinio valdymo maitinimas: 2 x 1,5 V AA baterijos (ne\u012ftrauktos)Automobilio matmenys: 33,5 x 15 x 11,5 cmPakuot\u0117s matmenys: 45,5 x 20,5 x 17,5 cmMed\u017eiagos: plastikas, elektroniniai komponentaiDa\u017enis: 2,4 GHz \u2013 be trikd\u017ei\u0173, leid\u017eia \u017eaisti keliems automobiliams vienu metuSpecial\u016bs efektai: LED \u0161viesos, garai (pripild\u017eius bakel\u012f vandeniu)<br \/>\nRINKINIO TURINYS:<br \/>\nF-Spray lenktyninis automobilis2,4 GHz nuotolinio valdymo pultas3,7 V Li-ion baterijaUSB kroviklisVandens pildymo buteliukasNaudojimo instrukcija<\/p>","protected":false},"excerpt":{"rendered":"<p>I\u0161skirtinis F-Spray lenktyninis nuotoliniu b\u016bdu valdomas automobilis puikiai tinka vaikams ir paaugliams, m\u0117gstantiems greit\u012f ir \u012fsp\u016bdingus efektus. \u0160is 1:10 mastelio<\/p>","protected":false},"featured_media":106751,"template":"","meta":{"_acf_changed":false,"_glsr_average":0,"_glsr_ranking":0,"_glsr_reviews":0},"product_brand":[],"product_cat":[447,229],"product_tag":[],"class_list":{"0":"post-106750","1":"product","2":"type-product","3":"status-publish","4":"has-post-thumbnail","6":"product_cat-rc-zaislai","7":"product_cat-zaislai-vaikams","8":"\"style=\"background-color: #2ecc711c;\"","10":"first","11":"instock","12":"purchasable","13":"product-type-simple"},"acf":[],"yoast_head":"<!-- This site is optimized with the Yoast SEO plugin v27.4 - https:\/\/yoast.com\/product\/yoast-seo-wordpress\/ -->\n<title>RC nuotoliniu b\u016bdu valdomas lenktyninis automobilis 1:10, su \u0161viesomis, garsais ir vandens gar\u0173 funkcija, m\u0117lynas<\/title>\n<meta name=\"description\" content=\"RC nuotoliniu b\u016bdu valdomas lenktyninis automobilis 1:10, su \u0161viesomis, garsais ir vandens gar\u0173 funkcija, m\u0117lynas - KidsPlay. Did\u017eiausias vaik\u0173 \u017eaisl\u0173 pasirinkimas.\" \/>\n<meta name=\"robots\" content=\"index, follow, max-snippet:-1, max-image-preview:large, max-video-preview:-1\" \/>\n<link rel=\"canonical\" href=\"https:\/\/kidsplay.lt\/lv\/products\/rc-nuotoliniu-budu-valdomas-lenktyninis-automobilis-110-su-sviesomis-garsais-ir-vandens-garu-funkcija-melynas\/\" \/>\n<meta property=\"og:locale\" content=\"lv_LV\" \/>\n<meta property=\"og:type\" content=\"article\" \/>\n<meta property=\"og:title\" content=\"RC nuotoliniu b\u016bdu valdomas lenktyninis automobilis 1:10, su \u0161viesomis, garsais ir vandens gar\u0173 funkcija, m\u0117lynas\" \/>\n<meta property=\"og:description\" content=\"RC nuotoliniu b\u016bdu valdomas lenktyninis automobilis 1:10, su \u0161viesomis, garsais ir vandens gar\u0173 funkcija, m\u0117lynas - KidsPlay. Did\u017eiausias vaik\u0173 \u017eaisl\u0173 pasirinkimas.\" \/>\n<meta property=\"og:url\" content=\"https:\/\/kidsplay.lt\/lv\/products\/rc-nuotoliniu-budu-valdomas-lenktyninis-automobilis-110-su-sviesomis-garsais-ir-vandens-garu-funkcija-melynas\/\" \/>\n<meta property=\"og:site_name\" content=\"KidsPlay\" \/>\n<meta property=\"article:publisher\" content=\"https:\/\/www.facebook.com\/www.kidsplay.lt\" \/>\n<meta property=\"article:modified_time\" content=\"2026-04-20T15:29:53+00:00\" \/>\n<meta property=\"og:image\" content=\"https:\/\/kidsplay.lt\/wp-content\/uploads\/2026\/04\/RC-nuotoliniu-budu-valdomas-lenktyninis-automobilis-110-su-sviesomis-garsais-ir-vandens-garu-funkcija-melynas.jpg\" \/>\n\t<meta property=\"og:image:width\" content=\"1000\" \/>\n\t<meta property=\"og:image:height\" content=\"1000\" \/>\n\t<meta property=\"og:image:type\" content=\"image\/jpeg\" \/>\n<meta name=\"twitter:card\" content=\"summary_large_image\" \/>\n<meta name=\"twitter:label1\" content=\"Est. reading time\" \/>\n\t<meta name=\"twitter:data1\" content=\"1 min\u016bte\" \/>\n<script type=\"application\/ld+json\" class=\"yoast-schema-graph\">{\"@context\":\"https:\\\/\\\/schema.org\",\"@graph\":[{\"@type\":\"WebPage\",\"@id\":\"https:\\\/\\\/kidsplay.lt\\\/produktas\\\/rc-nuotoliniu-budu-valdomas-lenktyninis-automobilis-110-su-sviesomis-garsais-ir-vandens-garu-funkcija-melynas\\\/\",\"url\":\"https:\\\/\\\/kidsplay.lt\\\/produktas\\\/rc-nuotoliniu-budu-valdomas-lenktyninis-automobilis-110-su-sviesomis-garsais-ir-vandens-garu-funkcija-melynas\\\/\",\"name\":\"RC nuotoliniu b\u016bdu valdomas lenktyninis automobilis 1:10, su \u0161viesomis, garsais ir vandens gar\u0173 funkcija, m\u0117lynas\",\"isPartOf\":{\"@id\":\"https:\\\/\\\/kidsplay.lt\\\/#website\"},\"primaryImageOfPage\":{\"@id\":\"https:\\\/\\\/kidsplay.lt\\\/produktas\\\/rc-nuotoliniu-budu-valdomas-lenktyninis-automobilis-110-su-sviesomis-garsais-ir-vandens-garu-funkcija-melynas\\\/#primaryimage\"},\"image\":{\"@id\":\"https:\\\/\\\/kidsplay.lt\\\/produktas\\\/rc-nuotoliniu-budu-valdomas-lenktyninis-automobilis-110-su-sviesomis-garsais-ir-vandens-garu-funkcija-melynas\\\/#primaryimage\"},\"thumbnailUrl\":\"https:\\\/\\\/kidsplay.lt\\\/wp-content\\\/uploads\\\/2026\\\/04\\\/RC-nuotoliniu-budu-valdomas-lenktyninis-automobilis-110-su-sviesomis-garsais-ir-vandens-garu-funkcija-melynas.jpg\",\"datePublished\":\"2026-04-20T15:29:48+00:00\",\"dateModified\":\"2026-04-20T15:29:53+00:00\",\"description\":\"RC nuotoliniu b\u016bdu valdomas lenktyninis automobilis 1:10, su \u0161viesomis, garsais ir vandens gar\u0173 funkcija, m\u0117lynas - KidsPlay. Did\u017eiausias vaik\u0173 \u017eaisl\u0173 pasirinkimas.\",\"breadcrumb\":{\"@id\":\"https:\\\/\\\/kidsplay.lt\\\/produktas\\\/rc-nuotoliniu-budu-valdomas-lenktyninis-automobilis-110-su-sviesomis-garsais-ir-vandens-garu-funkcija-melynas\\\/#breadcrumb\"},\"inLanguage\":\"lv-LV\",\"potentialAction\":[{\"@type\":\"ReadAction\",\"target\":[\"https:\\\/\\\/kidsplay.lt\\\/produktas\\\/rc-nuotoliniu-budu-valdomas-lenktyninis-automobilis-110-su-sviesomis-garsais-ir-vandens-garu-funkcija-melynas\\\/\"]}]},{\"@type\":\"ImageObject\",\"inLanguage\":\"lv-LV\",\"@id\":\"https:\\\/\\\/kidsplay.lt\\\/produktas\\\/rc-nuotoliniu-budu-valdomas-lenktyninis-automobilis-110-su-sviesomis-garsais-ir-vandens-garu-funkcija-melynas\\\/#primaryimage\",\"url\":\"https:\\\/\\\/kidsplay.lt\\\/wp-content\\\/uploads\\\/2026\\\/04\\\/RC-nuotoliniu-budu-valdomas-lenktyninis-automobilis-110-su-sviesomis-garsais-ir-vandens-garu-funkcija-melynas.jpg\",\"contentUrl\":\"https:\\\/\\\/kidsplay.lt\\\/wp-content\\\/uploads\\\/2026\\\/04\\\/RC-nuotoliniu-budu-valdomas-lenktyninis-automobilis-110-su-sviesomis-garsais-ir-vandens-garu-funkcija-melynas.jpg\",\"width\":1000,\"height\":1000,\"caption\":\"RC nuotoliniu b\u016bdu valdomas lenktyninis automobilis 1:10\"},{\"@type\":\"BreadcrumbList\",\"@id\":\"https:\\\/\\\/kidsplay.lt\\\/produktas\\\/rc-nuotoliniu-budu-valdomas-lenktyninis-automobilis-110-su-sviesomis-garsais-ir-vandens-garu-funkcija-melynas\\\/#breadcrumb\",\"itemListElement\":[{\"@type\":\"ListItem\",\"position\":1,\"name\":\"Pagrindinis\",\"item\":\"https:\\\/\\\/kidsplay.lt\\\/\"},{\"@type\":\"ListItem\",\"position\":2,\"name\":\"Parduotuv\u0117\",\"item\":\"https:\\\/\\\/kidsplay.lt\\\/parduotuve\\\/\"},{\"@type\":\"ListItem\",\"position\":3,\"name\":\"RC nuotoliniu b\u016bdu valdomas lenktyninis automobilis 1:10, su \u0161viesomis, garsais ir vandens gar\u0173 funkcija, m\u0117lynas\"}]},{\"@type\":\"WebSite\",\"@id\":\"https:\\\/\\\/kidsplay.lt\\\/#website\",\"url\":\"https:\\\/\\\/kidsplay.lt\\\/\",\"name\":\"Kidsplay.lt\",\"description\":\"\u012evairios prek\u0117s vaikams\",\"publisher\":{\"@id\":\"https:\\\/\\\/kidsplay.lt\\\/#organization\"},\"alternateName\":\"Kidsplay\",\"potentialAction\":[{\"@type\":\"SearchAction\",\"target\":{\"@type\":\"EntryPoint\",\"urlTemplate\":\"https:\\\/\\\/kidsplay.lt\\\/?s={search_term_string}\"},\"query-input\":{\"@type\":\"PropertyValueSpecification\",\"valueRequired\":true,\"valueName\":\"search_term_string\"}}],\"inLanguage\":\"lv-LV\"},{\"@type\":\"Organization\",\"@id\":\"https:\\\/\\\/kidsplay.lt\\\/#organization\",\"name\":\"KidsPlay\",\"url\":\"https:\\\/\\\/kidsplay.lt\\\/\",\"logo\":{\"@type\":\"ImageObject\",\"inLanguage\":\"lv-LV\",\"@id\":\"https:\\\/\\\/kidsplay.lt\\\/#\\\/schema\\\/logo\\\/image\\\/\",\"url\":\"https:\\\/\\\/kidsplay.lt\\\/wp-content\\\/uploads\\\/2023\\\/07\\\/kidsplay-logo.png\",\"contentUrl\":\"https:\\\/\\\/kidsplay.lt\\\/wp-content\\\/uploads\\\/2023\\\/07\\\/kidsplay-logo.png\",\"width\":451,\"height\":98,\"caption\":\"KidsPlay\"},\"image\":{\"@id\":\"https:\\\/\\\/kidsplay.lt\\\/#\\\/schema\\\/logo\\\/image\\\/\"},\"sameAs\":[\"https:\\\/\\\/www.facebook.com\\\/www.kidsplay.lt\"]}]}<\/script>\n<!-- \/ Yoast SEO plugin. -->","yoast_head_json":{"title":"RC nuotoliniu b\u016bdu valdomas lenktyninis automobilis 1:10, su \u0161viesomis, garsais ir vandens gar\u0173 funkcija, m\u0117lynas","description":"RC nuotoliniu b\u016bdu valdomas lenktyninis automobilis 1:10, su \u0161viesomis, garsais ir vandens gar\u0173 funkcija, m\u0117lynas - KidsPlay. Did\u017eiausias vaik\u0173 \u017eaisl\u0173 pasirinkimas.","robots":{"index":"index","follow":"follow","max-snippet":"max-snippet:-1","max-image-preview":"max-image-preview:large","max-video-preview":"max-video-preview:-1"},"canonical":"https:\/\/kidsplay.lt\/lv\/products\/rc-nuotoliniu-budu-valdomas-lenktyninis-automobilis-110-su-sviesomis-garsais-ir-vandens-garu-funkcija-melynas\/","og_locale":"lv_LV","og_type":"article","og_title":"RC nuotoliniu b\u016bdu valdomas lenktyninis automobilis 1:10, su \u0161viesomis, garsais ir vandens gar\u0173 funkcija, m\u0117lynas","og_description":"RC nuotoliniu b\u016bdu valdomas lenktyninis automobilis 1:10, su \u0161viesomis, garsais ir vandens gar\u0173 funkcija, m\u0117lynas - KidsPlay. Did\u017eiausias vaik\u0173 \u017eaisl\u0173 pasirinkimas.","og_url":"https:\/\/kidsplay.lt\/lv\/products\/rc-nuotoliniu-budu-valdomas-lenktyninis-automobilis-110-su-sviesomis-garsais-ir-vandens-garu-funkcija-melynas\/","og_site_name":"KidsPlay","article_publisher":"https:\/\/www.facebook.com\/www.kidsplay.lt","article_modified_time":"2026-04-20T15:29:53+00:00","og_image":[{"width":1000,"height":1000,"url":"https:\/\/kidsplay.lt\/wp-content\/uploads\/2026\/04\/RC-nuotoliniu-budu-valdomas-lenktyninis-automobilis-110-su-sviesomis-garsais-ir-vandens-garu-funkcija-melynas.jpg","type":"image\/jpeg"}],"twitter_card":"summary_large_image","twitter_misc":{"Est. reading time":"1 min\u016bte"},"schema":{"@context":"https:\/\/schema.org","@graph":[{"@type":"WebPage","@id":"https:\/\/kidsplay.lt\/produktas\/rc-nuotoliniu-budu-valdomas-lenktyninis-automobilis-110-su-sviesomis-garsais-ir-vandens-garu-funkcija-melynas\/","url":"https:\/\/kidsplay.lt\/produktas\/rc-nuotoliniu-budu-valdomas-lenktyninis-automobilis-110-su-sviesomis-garsais-ir-vandens-garu-funkcija-melynas\/","name":"RC nuotoliniu b\u016bdu valdomas lenktyninis automobilis 1:10, su \u0161viesomis, garsais ir vandens gar\u0173 funkcija, m\u0117lynas","isPartOf":{"@id":"https:\/\/kidsplay.lt\/#website"},"primaryImageOfPage":{"@id":"https:\/\/kidsplay.lt\/produktas\/rc-nuotoliniu-budu-valdomas-lenktyninis-automobilis-110-su-sviesomis-garsais-ir-vandens-garu-funkcija-melynas\/#primaryimage"},"image":{"@id":"https:\/\/kidsplay.lt\/produktas\/rc-nuotoliniu-budu-valdomas-lenktyninis-automobilis-110-su-sviesomis-garsais-ir-vandens-garu-funkcija-melynas\/#primaryimage"},"thumbnailUrl":"https:\/\/kidsplay.lt\/wp-content\/uploads\/2026\/04\/RC-nuotoliniu-budu-valdomas-lenktyninis-automobilis-110-su-sviesomis-garsais-ir-vandens-garu-funkcija-melynas.jpg","datePublished":"2026-04-20T15:29:48+00:00","dateModified":"2026-04-20T15:29:53+00:00","description":"RC nuotoliniu b\u016bdu valdomas lenktyninis automobilis 1:10, su \u0161viesomis, garsais ir vandens gar\u0173 funkcija, m\u0117lynas - KidsPlay. Did\u017eiausias vaik\u0173 \u017eaisl\u0173 pasirinkimas.","breadcrumb":{"@id":"https:\/\/kidsplay.lt\/produktas\/rc-nuotoliniu-budu-valdomas-lenktyninis-automobilis-110-su-sviesomis-garsais-ir-vandens-garu-funkcija-melynas\/#breadcrumb"},"inLanguage":"lv-LV","potentialAction":[{"@type":"ReadAction","target":["https:\/\/kidsplay.lt\/produktas\/rc-nuotoliniu-budu-valdomas-lenktyninis-automobilis-110-su-sviesomis-garsais-ir-vandens-garu-funkcija-melynas\/"]}]},{"@type":"ImageObject","inLanguage":"lv-LV","@id":"https:\/\/kidsplay.lt\/produktas\/rc-nuotoliniu-budu-valdomas-lenktyninis-automobilis-110-su-sviesomis-garsais-ir-vandens-garu-funkcija-melynas\/#primaryimage","url":"https:\/\/kidsplay.lt\/wp-content\/uploads\/2026\/04\/RC-nuotoliniu-budu-valdomas-lenktyninis-automobilis-110-su-sviesomis-garsais-ir-vandens-garu-funkcija-melynas.jpg","contentUrl":"https:\/\/kidsplay.lt\/wp-content\/uploads\/2026\/04\/RC-nuotoliniu-budu-valdomas-lenktyninis-automobilis-110-su-sviesomis-garsais-ir-vandens-garu-funkcija-melynas.jpg","width":1000,"height":1000,"caption":"RC nuotoliniu b\u016bdu valdomas lenktyninis automobilis 1:10"},{"@type":"BreadcrumbList","@id":"https:\/\/kidsplay.lt\/produktas\/rc-nuotoliniu-budu-valdomas-lenktyninis-automobilis-110-su-sviesomis-garsais-ir-vandens-garu-funkcija-melynas\/#breadcrumb","itemListElement":[{"@type":"ListItem","position":1,"name":"Pagrindinis","item":"https:\/\/kidsplay.lt\/"},{"@type":"ListItem","position":2,"name":"Parduotuv\u0117","item":"https:\/\/kidsplay.lt\/parduotuve\/"},{"@type":"ListItem","position":3,"name":"RC nuotoliniu b\u016bdu valdomas lenktyninis automobilis 1:10, su \u0161viesomis, garsais ir vandens gar\u0173 funkcija, m\u0117lynas"}]},{"@type":"WebSite","@id":"https:\/\/kidsplay.lt\/#website","url":"https:\/\/kidsplay.lt\/","name":"B\u0113rnu sp\u0113les.lv","description":"\u012evairios prek\u0117s vaikams","publisher":{"@id":"https:\/\/kidsplay.lt\/#organization"},"alternateName":"Kidsplay","potentialAction":[{"@type":"SearchAction","target":{"@type":"EntryPoint","urlTemplate":"https:\/\/kidsplay.lt\/?s={search_term_string}"},"query-input":{"@type":"PropertyValueSpecification","valueRequired":true,"valueName":"search_term_string"}}],"inLanguage":"lv-LV"},{"@type":"Organization","@id":"https:\/\/kidsplay.lt\/#organization","name":"B\u0113rnu sp\u0113le","url":"https:\/\/kidsplay.lt\/","logo":{"@type":"ImageObject","inLanguage":"lv-LV","@id":"https:\/\/kidsplay.lt\/#\/schema\/logo\/image\/","url":"https:\/\/kidsplay.lt\/wp-content\/uploads\/2023\/07\/kidsplay-logo.png","contentUrl":"https:\/\/kidsplay.lt\/wp-content\/uploads\/2023\/07\/kidsplay-logo.png","width":451,"height":98,"caption":"KidsPlay"},"image":{"@id":"https:\/\/kidsplay.lt\/#\/schema\/logo\/image\/"},"sameAs":["https:\/\/www.facebook.com\/www.kidsplay.lt"]}]}},"_links":{"self":[{"href":"https:\/\/kidsplay.lt\/lv\/wp-json\/wp\/v2\/product\/106750","targetHints":{"allow":["GET"]}}],"collection":[{"href":"https:\/\/kidsplay.lt\/lv\/wp-json\/wp\/v2\/product"}],"about":[{"href":"https:\/\/kidsplay.lt\/lv\/wp-json\/wp\/v2\/types\/product"}],"version-history":[{"count":0,"href":"https:\/\/kidsplay.lt\/lv\/wp-json\/wp\/v2\/product\/106750\/revisions"}],"wp:featuredmedia":[{"embeddable":true,"href":"https:\/\/kidsplay.lt\/lv\/wp-json\/wp\/v2\/media\/106751"}],"wp:attachment":[{"href":"https:\/\/kidsplay.lt\/lv\/wp-json\/wp\/v2\/media?parent=106750"}],"wp:term":[{"taxonomy":"product_brand","embeddable":true,"href":"https:\/\/kidsplay.lt\/lv\/wp-json\/wp\/v2\/product_brand?post=106750"},{"taxonomy":"product_cat","embeddable":true,"href":"https:\/\/kidsplay.lt\/lv\/wp-json\/wp\/v2\/product_cat?post=106750"},{"taxonomy":"product_tag","embeddable":true,"href":"https:\/\/kidsplay.lt\/lv\/wp-json\/wp\/v2\/product_tag?post=106750"}],"curies":[{"name":"wp","href":"https:\/\/api.w.org\/{rel}","templated":true}]}}