{"id":106762,"date":"2026-04-20T18:30:07","date_gmt":"2026-04-20T15:30:07","guid":{"rendered":"https:\/\/kidsplay.lt\/produktas\/mazojo-sefo-rinkinys-puodai-indai-maisto-produktai\/"},"modified":"2026-04-20T18:30:16","modified_gmt":"2026-04-20T15:30:16","slug":"mazojo-sefo-rinkinys-puodai-indai-maisto-produktai","status":"publish","type":"product","link":"https:\/\/kidsplay.lt\/lv\/products\/mazojo-sefo-rinkinys-puodai-indai-maisto-produktai\/","title":{"rendered":"Ma\u017eojo \u0161efo rinkinys \u2013 puodai, indai, maisto produktai"},"content":{"rendered":"<p>MA\u017dOJO \u0160EFO RINKINYS \u2013 PUODAI, INDAI, MAISTO PRODUKTAI (33 ELEMENTAI) \u2b50<br \/>\nRinkinys ma\u017eiesiems vir\u0117jams, si\u016blantis 33 elementus \u017eaidimui ir mokymuisi gaminti maist\u0105. Lavina vaiko kulinarinius, smulki\u0105j\u0105 motorik\u0105 ir socialinius \u012fg\u016bd\u017eius, u\u017etikrinant saug\u0173 ir k\u016brybi\u0161k\u0105 \u017eaidim\u0105.<br \/>\n\u2b50 PAGRINDIN\u0116S PRODUKTO SAVYB\u0116S<br \/>\n\u2705 33 element\u0173 rinkinysPuodai, keptuv\u0117, virdulys, lentel\u0117s, \u012fvair\u016bs aksesuarai ir maisto produktai.<br \/>\n\u2705 Saugus gaminimasLyg\u016bs kra\u0161tai ir tvirtos med\u017eiagos u\u017etikrina saugum\u0105 \u017eaidimo metu.<br \/>\n\u2705 Smulkiosios motorikos lavinimasMoko tikslumo ir k\u016brybi\u0161kumo \u201egaminant patiekalus\u201c.<br \/>\n\u2705 UniversalumasPuikiai tinka tiek individualiam, tiek grupiniam \u017eaidimui, lavina socialinius \u012fg\u016bd\u017eius.<br \/>\n\u2b50 SPECIFIKACIJA<br \/>\nPakuot\u0117s matmenys: 23,5 x 23,5 x 13 cmSertifikatai ir saugos standartai: CE, EN71Am\u017eius: 3+<br \/>\n\u2b50 RINKINIO TURINYS<br \/>\nPuodai, keptuv\u0117, virdulys, pjaustymo lentel\u0117s, peiliai, gal\u0105stuvas, maisto produktai, prieskoni\u0173 indeliai<\/p>","protected":false},"excerpt":{"rendered":"<p>MA\u017dOJO \u0160EFO RINKINYS \u2013 PUODAI, INDAI, MAISTO PRODUKTAI (33 ELEMENTAI) \u2b50 Rinkinys ma\u017eiesiems vir\u0117jams, si\u016blantis 33 elementus \u017eaidimui ir mokymuisi<\/p>","protected":false},"featured_media":106763,"template":"","meta":{"_acf_changed":false,"_glsr_average":0,"_glsr_ranking":0,"_glsr_reviews":0},"product_brand":[],"product_cat":[399,229],"product_tag":[],"class_list":{"0":"post-106762","1":"product","2":"type-product","3":"status-publish","4":"has-post-thumbnail","6":"product_cat-vaidmenu-zaidimai-2","7":"product_cat-zaislai-vaikams","8":"\"style=\"background-color: #2ecc711c;\"","10":"first","11":"instock","12":"purchasable","13":"product-type-simple"},"acf":[],"yoast_head":"<!-- This site is optimized with the Yoast SEO plugin v27.4 - https:\/\/yoast.com\/product\/yoast-seo-wordpress\/ -->\n<title>Ma\u017eojo \u0161efo rinkinys \u2013 puodai, indai, maisto produktai<\/title>\n<meta name=\"description\" content=\"Ma\u017eojo \u0161efo rinkinys \u2013 puodai, indai, maisto produktai - KidsPlay. Did\u017eiausias vaik\u0173 \u017eaisl\u0173 pasirinkimas.\" \/>\n<meta name=\"robots\" content=\"index, follow, max-snippet:-1, max-image-preview:large, max-video-preview:-1\" \/>\n<link rel=\"canonical\" href=\"https:\/\/kidsplay.lt\/lv\/products\/mazojo-sefo-rinkinys-puodai-indai-maisto-produktai\/\" \/>\n<meta property=\"og:locale\" content=\"lv_LV\" \/>\n<meta property=\"og:type\" content=\"article\" \/>\n<meta property=\"og:title\" content=\"Ma\u017eojo \u0161efo rinkinys \u2013 puodai, indai, maisto produktai\" \/>\n<meta property=\"og:description\" content=\"Ma\u017eojo \u0161efo rinkinys \u2013 puodai, indai, maisto produktai - KidsPlay. Did\u017eiausias vaik\u0173 \u017eaisl\u0173 pasirinkimas.\" \/>\n<meta property=\"og:url\" content=\"https:\/\/kidsplay.lt\/lv\/products\/mazojo-sefo-rinkinys-puodai-indai-maisto-produktai\/\" \/>\n<meta property=\"og:site_name\" content=\"KidsPlay\" \/>\n<meta property=\"article:publisher\" content=\"https:\/\/www.facebook.com\/www.kidsplay.lt\" \/>\n<meta property=\"article:modified_time\" content=\"2026-04-20T15:30:16+00:00\" \/>\n<meta property=\"og:image\" content=\"https:\/\/kidsplay.lt\/wp-content\/uploads\/2026\/04\/Mazojo-sefo-rinkinys-\u2013-puodai-indai-maisto-produktai.png\" \/>\n\t<meta property=\"og:image:width\" content=\"1000\" \/>\n\t<meta property=\"og:image:height\" content=\"707\" \/>\n\t<meta property=\"og:image:type\" content=\"image\/png\" \/>\n<meta name=\"twitter:card\" content=\"summary_large_image\" \/>\n<meta name=\"twitter:label1\" content=\"Est. reading time\" \/>\n\t<meta name=\"twitter:data1\" content=\"1 min\u016bte\" \/>\n<script type=\"application\/ld+json\" class=\"yoast-schema-graph\">{\"@context\":\"https:\\\/\\\/schema.org\",\"@graph\":[{\"@type\":\"WebPage\",\"@id\":\"https:\\\/\\\/kidsplay.lt\\\/produktas\\\/mazojo-sefo-rinkinys-puodai-indai-maisto-produktai\\\/\",\"url\":\"https:\\\/\\\/kidsplay.lt\\\/produktas\\\/mazojo-sefo-rinkinys-puodai-indai-maisto-produktai\\\/\",\"name\":\"Ma\u017eojo \u0161efo rinkinys \u2013 puodai, indai, maisto produktai\",\"isPartOf\":{\"@id\":\"https:\\\/\\\/kidsplay.lt\\\/#website\"},\"primaryImageOfPage\":{\"@id\":\"https:\\\/\\\/kidsplay.lt\\\/produktas\\\/mazojo-sefo-rinkinys-puodai-indai-maisto-produktai\\\/#primaryimage\"},\"image\":{\"@id\":\"https:\\\/\\\/kidsplay.lt\\\/produktas\\\/mazojo-sefo-rinkinys-puodai-indai-maisto-produktai\\\/#primaryimage\"},\"thumbnailUrl\":\"https:\\\/\\\/kidsplay.lt\\\/wp-content\\\/uploads\\\/2026\\\/04\\\/Mazojo-sefo-rinkinys-\u2013-puodai-indai-maisto-produktai.png\",\"datePublished\":\"2026-04-20T15:30:07+00:00\",\"dateModified\":\"2026-04-20T15:30:16+00:00\",\"description\":\"Ma\u017eojo \u0161efo rinkinys \u2013 puodai, indai, maisto produktai - KidsPlay. Did\u017eiausias vaik\u0173 \u017eaisl\u0173 pasirinkimas.\",\"breadcrumb\":{\"@id\":\"https:\\\/\\\/kidsplay.lt\\\/produktas\\\/mazojo-sefo-rinkinys-puodai-indai-maisto-produktai\\\/#breadcrumb\"},\"inLanguage\":\"lv-LV\",\"potentialAction\":[{\"@type\":\"ReadAction\",\"target\":[\"https:\\\/\\\/kidsplay.lt\\\/produktas\\\/mazojo-sefo-rinkinys-puodai-indai-maisto-produktai\\\/\"]}]},{\"@type\":\"ImageObject\",\"inLanguage\":\"lv-LV\",\"@id\":\"https:\\\/\\\/kidsplay.lt\\\/produktas\\\/mazojo-sefo-rinkinys-puodai-indai-maisto-produktai\\\/#primaryimage\",\"url\":\"https:\\\/\\\/kidsplay.lt\\\/wp-content\\\/uploads\\\/2026\\\/04\\\/Mazojo-sefo-rinkinys-\u2013-puodai-indai-maisto-produktai.png\",\"contentUrl\":\"https:\\\/\\\/kidsplay.lt\\\/wp-content\\\/uploads\\\/2026\\\/04\\\/Mazojo-sefo-rinkinys-\u2013-puodai-indai-maisto-produktai.png\",\"width\":1000,\"height\":707,\"caption\":\"Ma\u017eojo \u0161efo rinkinys \u2013 puodai\"},{\"@type\":\"BreadcrumbList\",\"@id\":\"https:\\\/\\\/kidsplay.lt\\\/produktas\\\/mazojo-sefo-rinkinys-puodai-indai-maisto-produktai\\\/#breadcrumb\",\"itemListElement\":[{\"@type\":\"ListItem\",\"position\":1,\"name\":\"Pagrindinis\",\"item\":\"https:\\\/\\\/kidsplay.lt\\\/\"},{\"@type\":\"ListItem\",\"position\":2,\"name\":\"Parduotuv\u0117\",\"item\":\"https:\\\/\\\/kidsplay.lt\\\/parduotuve\\\/\"},{\"@type\":\"ListItem\",\"position\":3,\"name\":\"Ma\u017eojo \u0161efo rinkinys \u2013 puodai, indai, maisto produktai\"}]},{\"@type\":\"WebSite\",\"@id\":\"https:\\\/\\\/kidsplay.lt\\\/#website\",\"url\":\"https:\\\/\\\/kidsplay.lt\\\/\",\"name\":\"Kidsplay.lt\",\"description\":\"\u012evairios prek\u0117s vaikams\",\"publisher\":{\"@id\":\"https:\\\/\\\/kidsplay.lt\\\/#organization\"},\"alternateName\":\"Kidsplay\",\"potentialAction\":[{\"@type\":\"SearchAction\",\"target\":{\"@type\":\"EntryPoint\",\"urlTemplate\":\"https:\\\/\\\/kidsplay.lt\\\/?s={search_term_string}\"},\"query-input\":{\"@type\":\"PropertyValueSpecification\",\"valueRequired\":true,\"valueName\":\"search_term_string\"}}],\"inLanguage\":\"lv-LV\"},{\"@type\":\"Organization\",\"@id\":\"https:\\\/\\\/kidsplay.lt\\\/#organization\",\"name\":\"KidsPlay\",\"url\":\"https:\\\/\\\/kidsplay.lt\\\/\",\"logo\":{\"@type\":\"ImageObject\",\"inLanguage\":\"lv-LV\",\"@id\":\"https:\\\/\\\/kidsplay.lt\\\/#\\\/schema\\\/logo\\\/image\\\/\",\"url\":\"https:\\\/\\\/kidsplay.lt\\\/wp-content\\\/uploads\\\/2023\\\/07\\\/kidsplay-logo.png\",\"contentUrl\":\"https:\\\/\\\/kidsplay.lt\\\/wp-content\\\/uploads\\\/2023\\\/07\\\/kidsplay-logo.png\",\"width\":451,\"height\":98,\"caption\":\"KidsPlay\"},\"image\":{\"@id\":\"https:\\\/\\\/kidsplay.lt\\\/#\\\/schema\\\/logo\\\/image\\\/\"},\"sameAs\":[\"https:\\\/\\\/www.facebook.com\\\/www.kidsplay.lt\"]}]}<\/script>\n<!-- \/ Yoast SEO plugin. -->","yoast_head_json":{"title":"Ma\u017eojo \u0161efo rinkinys \u2013 puodai, indai, maisto produktai","description":"Ma\u017eojo \u0161efo rinkinys \u2013 puodai, indai, maisto produktai - KidsPlay. Did\u017eiausias vaik\u0173 \u017eaisl\u0173 pasirinkimas.","robots":{"index":"index","follow":"follow","max-snippet":"max-snippet:-1","max-image-preview":"max-image-preview:large","max-video-preview":"max-video-preview:-1"},"canonical":"https:\/\/kidsplay.lt\/lv\/products\/mazojo-sefo-rinkinys-puodai-indai-maisto-produktai\/","og_locale":"lv_LV","og_type":"article","og_title":"Ma\u017eojo \u0161efo rinkinys \u2013 puodai, indai, maisto produktai","og_description":"Ma\u017eojo \u0161efo rinkinys \u2013 puodai, indai, maisto produktai - KidsPlay. Did\u017eiausias vaik\u0173 \u017eaisl\u0173 pasirinkimas.","og_url":"https:\/\/kidsplay.lt\/lv\/products\/mazojo-sefo-rinkinys-puodai-indai-maisto-produktai\/","og_site_name":"KidsPlay","article_publisher":"https:\/\/www.facebook.com\/www.kidsplay.lt","article_modified_time":"2026-04-20T15:30:16+00:00","og_image":[{"width":1000,"height":707,"url":"https:\/\/kidsplay.lt\/wp-content\/uploads\/2026\/04\/Mazojo-sefo-rinkinys-\u2013-puodai-indai-maisto-produktai.png","type":"image\/png"}],"twitter_card":"summary_large_image","twitter_misc":{"Est. reading time":"1 min\u016bte"},"schema":{"@context":"https:\/\/schema.org","@graph":[{"@type":"WebPage","@id":"https:\/\/kidsplay.lt\/produktas\/mazojo-sefo-rinkinys-puodai-indai-maisto-produktai\/","url":"https:\/\/kidsplay.lt\/produktas\/mazojo-sefo-rinkinys-puodai-indai-maisto-produktai\/","name":"Ma\u017eojo \u0161efo rinkinys \u2013 puodai, indai, maisto produktai","isPartOf":{"@id":"https:\/\/kidsplay.lt\/#website"},"primaryImageOfPage":{"@id":"https:\/\/kidsplay.lt\/produktas\/mazojo-sefo-rinkinys-puodai-indai-maisto-produktai\/#primaryimage"},"image":{"@id":"https:\/\/kidsplay.lt\/produktas\/mazojo-sefo-rinkinys-puodai-indai-maisto-produktai\/#primaryimage"},"thumbnailUrl":"https:\/\/kidsplay.lt\/wp-content\/uploads\/2026\/04\/Mazojo-sefo-rinkinys-\u2013-puodai-indai-maisto-produktai.png","datePublished":"2026-04-20T15:30:07+00:00","dateModified":"2026-04-20T15:30:16+00:00","description":"Ma\u017eojo \u0161efo rinkinys \u2013 puodai, indai, maisto produktai - KidsPlay. Did\u017eiausias vaik\u0173 \u017eaisl\u0173 pasirinkimas.","breadcrumb":{"@id":"https:\/\/kidsplay.lt\/produktas\/mazojo-sefo-rinkinys-puodai-indai-maisto-produktai\/#breadcrumb"},"inLanguage":"lv-LV","potentialAction":[{"@type":"ReadAction","target":["https:\/\/kidsplay.lt\/produktas\/mazojo-sefo-rinkinys-puodai-indai-maisto-produktai\/"]}]},{"@type":"ImageObject","inLanguage":"lv-LV","@id":"https:\/\/kidsplay.lt\/produktas\/mazojo-sefo-rinkinys-puodai-indai-maisto-produktai\/#primaryimage","url":"https:\/\/kidsplay.lt\/wp-content\/uploads\/2026\/04\/Mazojo-sefo-rinkinys-\u2013-puodai-indai-maisto-produktai.png","contentUrl":"https:\/\/kidsplay.lt\/wp-content\/uploads\/2026\/04\/Mazojo-sefo-rinkinys-\u2013-puodai-indai-maisto-produktai.png","width":1000,"height":707,"caption":"Ma\u017eojo \u0161efo rinkinys \u2013 puodai"},{"@type":"BreadcrumbList","@id":"https:\/\/kidsplay.lt\/produktas\/mazojo-sefo-rinkinys-puodai-indai-maisto-produktai\/#breadcrumb","itemListElement":[{"@type":"ListItem","position":1,"name":"Pagrindinis","item":"https:\/\/kidsplay.lt\/"},{"@type":"ListItem","position":2,"name":"Parduotuv\u0117","item":"https:\/\/kidsplay.lt\/parduotuve\/"},{"@type":"ListItem","position":3,"name":"Ma\u017eojo \u0161efo rinkinys \u2013 puodai, indai, maisto produktai"}]},{"@type":"WebSite","@id":"https:\/\/kidsplay.lt\/#website","url":"https:\/\/kidsplay.lt\/","name":"B\u0113rnu sp\u0113les.lv","description":"\u012evairios prek\u0117s vaikams","publisher":{"@id":"https:\/\/kidsplay.lt\/#organization"},"alternateName":"Kidsplay","potentialAction":[{"@type":"SearchAction","target":{"@type":"EntryPoint","urlTemplate":"https:\/\/kidsplay.lt\/?s={search_term_string}"},"query-input":{"@type":"PropertyValueSpecification","valueRequired":true,"valueName":"search_term_string"}}],"inLanguage":"lv-LV"},{"@type":"Organization","@id":"https:\/\/kidsplay.lt\/#organization","name":"B\u0113rnu sp\u0113le","url":"https:\/\/kidsplay.lt\/","logo":{"@type":"ImageObject","inLanguage":"lv-LV","@id":"https:\/\/kidsplay.lt\/#\/schema\/logo\/image\/","url":"https:\/\/kidsplay.lt\/wp-content\/uploads\/2023\/07\/kidsplay-logo.png","contentUrl":"https:\/\/kidsplay.lt\/wp-content\/uploads\/2023\/07\/kidsplay-logo.png","width":451,"height":98,"caption":"KidsPlay"},"image":{"@id":"https:\/\/kidsplay.lt\/#\/schema\/logo\/image\/"},"sameAs":["https:\/\/www.facebook.com\/www.kidsplay.lt"]}]}},"_links":{"self":[{"href":"https:\/\/kidsplay.lt\/lv\/wp-json\/wp\/v2\/product\/106762","targetHints":{"allow":["GET"]}}],"collection":[{"href":"https:\/\/kidsplay.lt\/lv\/wp-json\/wp\/v2\/product"}],"about":[{"href":"https:\/\/kidsplay.lt\/lv\/wp-json\/wp\/v2\/types\/product"}],"version-history":[{"count":0,"href":"https:\/\/kidsplay.lt\/lv\/wp-json\/wp\/v2\/product\/106762\/revisions"}],"wp:featuredmedia":[{"embeddable":true,"href":"https:\/\/kidsplay.lt\/lv\/wp-json\/wp\/v2\/media\/106763"}],"wp:attachment":[{"href":"https:\/\/kidsplay.lt\/lv\/wp-json\/wp\/v2\/media?parent=106762"}],"wp:term":[{"taxonomy":"product_brand","embeddable":true,"href":"https:\/\/kidsplay.lt\/lv\/wp-json\/wp\/v2\/product_brand?post=106762"},{"taxonomy":"product_cat","embeddable":true,"href":"https:\/\/kidsplay.lt\/lv\/wp-json\/wp\/v2\/product_cat?post=106762"},{"taxonomy":"product_tag","embeddable":true,"href":"https:\/\/kidsplay.lt\/lv\/wp-json\/wp\/v2\/product_tag?post=106762"}],"curies":[{"name":"wp","href":"https:\/\/api.w.org\/{rel}","templated":true}]}}