{"id":106813,"date":"2026-04-21T07:29:39","date_gmt":"2026-04-21T04:29:39","guid":{"rendered":"https:\/\/kidsplay.lt\/produktas\/sokanti-prisukama-vistele-pliusine-geltona\/"},"modified":"2026-04-23T18:29:30","modified_gmt":"2026-04-23T15:29:30","slug":"sokanti-prisukama-vistele-pliusine-geltona","status":"publish","type":"product","link":"https:\/\/kidsplay.lt\/lv\/products\/sokanti-prisukama-vistele-pliusine-geltona\/","title":{"rendered":"\u0160okanti prisukama vi\u0161tel\u0117 pliu\u0161in\u0117, geltona"},"content":{"rendered":"<p>Geltona prisukama \u0161okin\u0117janti vi\u0161tel\u0117. Tai ne tik smagi dekoracija ir puiki dovana vaikams, bet ir elementas, suteikiantis \u017eavesio bet kokiam interjerui.<br \/>\nJos lengvas, animacinis dizainas daro j\u0105 itin patraukli\u0105. Prisukus mechanizm\u0105, vi\u0161tel\u0117 pradeda linksmai \u0161okin\u0117ti, suteikdama daug d\u017eiaugsmo tiek vaikams, tiek suaugusiems.<br \/>\n\u0160ios mielos vi\u0161tel\u0117s puikiai papildo bet koki\u0105 erdv\u0119, suteikdamos jai d\u017eiaugsmo ir \u0161ypsen\u0173.<br \/>\nBe to, j\u0173 mechanin\u0117 funkcija daro jas ne tik esteti\u0161komis dekoracijomis, bet ir interaktyviais \u017eaislais, galin\u010diais suteikti daug pramogos ir linksmybi\u0173. D\u0117l j\u0173 kiekvienas interjeras tampa jaukesnis ir malonesnis visiems nam\u0173 gyventojams.<br \/>\nVi\u0161tel\u0117s matmenys:<br \/>\n8 cm x 6,5 cm x 5,5 cm<\/p>","protected":false},"excerpt":{"rendered":"<p>Geltona prisukama \u0161okin\u0117janti vi\u0161tel\u0117. Tai ne tik smagi dekoracija ir puiki dovana vaikams, bet ir elementas, suteikiantis \u017eavesio bet kokiam<\/p>","protected":false},"featured_media":106815,"template":"","meta":{"_acf_changed":false,"_glsr_average":0,"_glsr_ranking":0,"_glsr_reviews":0},"product_brand":[],"product_cat":[229],"product_tag":[],"class_list":{"0":"post-106813","1":"product","2":"type-product","3":"status-publish","4":"has-post-thumbnail","6":"product_cat-zaislai-vaikams","7":"\"style=\"background-color: #2ecc711c;\"","9":"first","10":"instock","11":"purchasable","12":"product-type-simple"},"acf":[],"yoast_head":"<!-- This site is optimized with the Yoast SEO plugin v27.4 - https:\/\/yoast.com\/product\/yoast-seo-wordpress\/ -->\n<title>\u0160okanti prisukama vi\u0161tel\u0117 pliu\u0161in\u0117, geltona<\/title>\n<meta name=\"description\" content=\"\u0160okanti prisukama vi\u0161tel\u0117 pliu\u0161in\u0117, geltona - KidsPlay. Did\u017eiausias vaik\u0173 \u017eaisl\u0173 pasirinkimas.\" \/>\n<meta name=\"robots\" content=\"index, follow, max-snippet:-1, max-image-preview:large, max-video-preview:-1\" \/>\n<link rel=\"canonical\" href=\"https:\/\/kidsplay.lt\/lv\/products\/sokanti-prisukama-vistele-pliusine-geltona\/\" \/>\n<meta property=\"og:locale\" content=\"lv_LV\" \/>\n<meta property=\"og:type\" content=\"article\" \/>\n<meta property=\"og:title\" content=\"\u0160okanti prisukama vi\u0161tel\u0117 pliu\u0161in\u0117, geltona\" \/>\n<meta property=\"og:description\" content=\"\u0160okanti prisukama vi\u0161tel\u0117 pliu\u0161in\u0117, geltona - KidsPlay. Did\u017eiausias vaik\u0173 \u017eaisl\u0173 pasirinkimas.\" \/>\n<meta property=\"og:url\" content=\"https:\/\/kidsplay.lt\/lv\/products\/sokanti-prisukama-vistele-pliusine-geltona\/\" \/>\n<meta property=\"og:site_name\" content=\"KidsPlay\" \/>\n<meta property=\"article:publisher\" content=\"https:\/\/www.facebook.com\/www.kidsplay.lt\" \/>\n<meta property=\"article:modified_time\" content=\"2026-04-23T15:29:30+00:00\" \/>\n<meta property=\"og:image\" content=\"https:\/\/kidsplay.lt\/wp-content\/uploads\/2026\/04\/Sokanti-prisukama-vistele-pliusine-geltona.png\" \/>\n\t<meta property=\"og:image:width\" content=\"1000\" \/>\n\t<meta property=\"og:image:height\" content=\"707\" \/>\n\t<meta property=\"og:image:type\" content=\"image\/png\" \/>\n<meta name=\"twitter:card\" content=\"summary_large_image\" \/>\n<meta name=\"twitter:label1\" content=\"Est. reading time\" \/>\n\t<meta name=\"twitter:data1\" content=\"1 min\u016bte\" \/>\n<script type=\"application\/ld+json\" class=\"yoast-schema-graph\">{\"@context\":\"https:\\\/\\\/schema.org\",\"@graph\":[{\"@type\":\"WebPage\",\"@id\":\"https:\\\/\\\/kidsplay.lt\\\/produktas\\\/sokanti-prisukama-vistele-pliusine-geltona\\\/\",\"url\":\"https:\\\/\\\/kidsplay.lt\\\/produktas\\\/sokanti-prisukama-vistele-pliusine-geltona\\\/\",\"name\":\"\u0160okanti prisukama vi\u0161tel\u0117 pliu\u0161in\u0117, geltona\",\"isPartOf\":{\"@id\":\"https:\\\/\\\/kidsplay.lt\\\/#website\"},\"primaryImageOfPage\":{\"@id\":\"https:\\\/\\\/kidsplay.lt\\\/produktas\\\/sokanti-prisukama-vistele-pliusine-geltona\\\/#primaryimage\"},\"image\":{\"@id\":\"https:\\\/\\\/kidsplay.lt\\\/produktas\\\/sokanti-prisukama-vistele-pliusine-geltona\\\/#primaryimage\"},\"thumbnailUrl\":\"https:\\\/\\\/kidsplay.lt\\\/wp-content\\\/uploads\\\/2026\\\/04\\\/Sokanti-prisukama-vistele-pliusine-geltona.png\",\"datePublished\":\"2026-04-21T04:29:39+00:00\",\"dateModified\":\"2026-04-23T15:29:30+00:00\",\"description\":\"\u0160okanti prisukama vi\u0161tel\u0117 pliu\u0161in\u0117, geltona - KidsPlay. Did\u017eiausias vaik\u0173 \u017eaisl\u0173 pasirinkimas.\",\"breadcrumb\":{\"@id\":\"https:\\\/\\\/kidsplay.lt\\\/produktas\\\/sokanti-prisukama-vistele-pliusine-geltona\\\/#breadcrumb\"},\"inLanguage\":\"lv-LV\",\"potentialAction\":[{\"@type\":\"ReadAction\",\"target\":[\"https:\\\/\\\/kidsplay.lt\\\/produktas\\\/sokanti-prisukama-vistele-pliusine-geltona\\\/\"]}]},{\"@type\":\"ImageObject\",\"inLanguage\":\"lv-LV\",\"@id\":\"https:\\\/\\\/kidsplay.lt\\\/produktas\\\/sokanti-prisukama-vistele-pliusine-geltona\\\/#primaryimage\",\"url\":\"https:\\\/\\\/kidsplay.lt\\\/wp-content\\\/uploads\\\/2026\\\/04\\\/Sokanti-prisukama-vistele-pliusine-geltona.png\",\"contentUrl\":\"https:\\\/\\\/kidsplay.lt\\\/wp-content\\\/uploads\\\/2026\\\/04\\\/Sokanti-prisukama-vistele-pliusine-geltona.png\",\"width\":1000,\"height\":707,\"caption\":\"\u0160okanti prisukama vi\u0161tel\u0117 pliu\u0161in\u0117\"},{\"@type\":\"BreadcrumbList\",\"@id\":\"https:\\\/\\\/kidsplay.lt\\\/produktas\\\/sokanti-prisukama-vistele-pliusine-geltona\\\/#breadcrumb\",\"itemListElement\":[{\"@type\":\"ListItem\",\"position\":1,\"name\":\"Pagrindinis\",\"item\":\"https:\\\/\\\/kidsplay.lt\\\/\"},{\"@type\":\"ListItem\",\"position\":2,\"name\":\"Parduotuv\u0117\",\"item\":\"https:\\\/\\\/kidsplay.lt\\\/parduotuve\\\/\"},{\"@type\":\"ListItem\",\"position\":3,\"name\":\"\u0160okanti prisukama vi\u0161tel\u0117 pliu\u0161in\u0117, geltona\"}]},{\"@type\":\"WebSite\",\"@id\":\"https:\\\/\\\/kidsplay.lt\\\/#website\",\"url\":\"https:\\\/\\\/kidsplay.lt\\\/\",\"name\":\"Kidsplay.lt\",\"description\":\"\u012evairios prek\u0117s vaikams\",\"publisher\":{\"@id\":\"https:\\\/\\\/kidsplay.lt\\\/#organization\"},\"alternateName\":\"Kidsplay\",\"potentialAction\":[{\"@type\":\"SearchAction\",\"target\":{\"@type\":\"EntryPoint\",\"urlTemplate\":\"https:\\\/\\\/kidsplay.lt\\\/?s={search_term_string}\"},\"query-input\":{\"@type\":\"PropertyValueSpecification\",\"valueRequired\":true,\"valueName\":\"search_term_string\"}}],\"inLanguage\":\"lv-LV\"},{\"@type\":\"Organization\",\"@id\":\"https:\\\/\\\/kidsplay.lt\\\/#organization\",\"name\":\"KidsPlay\",\"url\":\"https:\\\/\\\/kidsplay.lt\\\/\",\"logo\":{\"@type\":\"ImageObject\",\"inLanguage\":\"lv-LV\",\"@id\":\"https:\\\/\\\/kidsplay.lt\\\/#\\\/schema\\\/logo\\\/image\\\/\",\"url\":\"https:\\\/\\\/kidsplay.lt\\\/wp-content\\\/uploads\\\/2023\\\/07\\\/kidsplay-logo.png\",\"contentUrl\":\"https:\\\/\\\/kidsplay.lt\\\/wp-content\\\/uploads\\\/2023\\\/07\\\/kidsplay-logo.png\",\"width\":451,\"height\":98,\"caption\":\"KidsPlay\"},\"image\":{\"@id\":\"https:\\\/\\\/kidsplay.lt\\\/#\\\/schema\\\/logo\\\/image\\\/\"},\"sameAs\":[\"https:\\\/\\\/www.facebook.com\\\/www.kidsplay.lt\"]}]}<\/script>\n<!-- \/ Yoast SEO plugin. -->","yoast_head_json":{"title":"\u0160okanti prisukama vi\u0161tel\u0117 pliu\u0161in\u0117, geltona","description":"\u0160okanti prisukama vi\u0161tel\u0117 pliu\u0161in\u0117, geltona - KidsPlay. Did\u017eiausias vaik\u0173 \u017eaisl\u0173 pasirinkimas.","robots":{"index":"index","follow":"follow","max-snippet":"max-snippet:-1","max-image-preview":"max-image-preview:large","max-video-preview":"max-video-preview:-1"},"canonical":"https:\/\/kidsplay.lt\/lv\/products\/sokanti-prisukama-vistele-pliusine-geltona\/","og_locale":"lv_LV","og_type":"article","og_title":"\u0160okanti prisukama vi\u0161tel\u0117 pliu\u0161in\u0117, geltona","og_description":"\u0160okanti prisukama vi\u0161tel\u0117 pliu\u0161in\u0117, geltona - KidsPlay. Did\u017eiausias vaik\u0173 \u017eaisl\u0173 pasirinkimas.","og_url":"https:\/\/kidsplay.lt\/lv\/products\/sokanti-prisukama-vistele-pliusine-geltona\/","og_site_name":"KidsPlay","article_publisher":"https:\/\/www.facebook.com\/www.kidsplay.lt","article_modified_time":"2026-04-23T15:29:30+00:00","og_image":[{"width":1000,"height":707,"url":"https:\/\/kidsplay.lt\/wp-content\/uploads\/2026\/04\/Sokanti-prisukama-vistele-pliusine-geltona.png","type":"image\/png"}],"twitter_card":"summary_large_image","twitter_misc":{"Est. reading time":"1 min\u016bte"},"schema":{"@context":"https:\/\/schema.org","@graph":[{"@type":"WebPage","@id":"https:\/\/kidsplay.lt\/produktas\/sokanti-prisukama-vistele-pliusine-geltona\/","url":"https:\/\/kidsplay.lt\/produktas\/sokanti-prisukama-vistele-pliusine-geltona\/","name":"\u0160okanti prisukama vi\u0161tel\u0117 pliu\u0161in\u0117, geltona","isPartOf":{"@id":"https:\/\/kidsplay.lt\/#website"},"primaryImageOfPage":{"@id":"https:\/\/kidsplay.lt\/produktas\/sokanti-prisukama-vistele-pliusine-geltona\/#primaryimage"},"image":{"@id":"https:\/\/kidsplay.lt\/produktas\/sokanti-prisukama-vistele-pliusine-geltona\/#primaryimage"},"thumbnailUrl":"https:\/\/kidsplay.lt\/wp-content\/uploads\/2026\/04\/Sokanti-prisukama-vistele-pliusine-geltona.png","datePublished":"2026-04-21T04:29:39+00:00","dateModified":"2026-04-23T15:29:30+00:00","description":"\u0160okanti prisukama vi\u0161tel\u0117 pliu\u0161in\u0117, geltona - KidsPlay. Did\u017eiausias vaik\u0173 \u017eaisl\u0173 pasirinkimas.","breadcrumb":{"@id":"https:\/\/kidsplay.lt\/produktas\/sokanti-prisukama-vistele-pliusine-geltona\/#breadcrumb"},"inLanguage":"lv-LV","potentialAction":[{"@type":"ReadAction","target":["https:\/\/kidsplay.lt\/produktas\/sokanti-prisukama-vistele-pliusine-geltona\/"]}]},{"@type":"ImageObject","inLanguage":"lv-LV","@id":"https:\/\/kidsplay.lt\/produktas\/sokanti-prisukama-vistele-pliusine-geltona\/#primaryimage","url":"https:\/\/kidsplay.lt\/wp-content\/uploads\/2026\/04\/Sokanti-prisukama-vistele-pliusine-geltona.png","contentUrl":"https:\/\/kidsplay.lt\/wp-content\/uploads\/2026\/04\/Sokanti-prisukama-vistele-pliusine-geltona.png","width":1000,"height":707,"caption":"\u0160okanti prisukama vi\u0161tel\u0117 pliu\u0161in\u0117"},{"@type":"BreadcrumbList","@id":"https:\/\/kidsplay.lt\/produktas\/sokanti-prisukama-vistele-pliusine-geltona\/#breadcrumb","itemListElement":[{"@type":"ListItem","position":1,"name":"Pagrindinis","item":"https:\/\/kidsplay.lt\/"},{"@type":"ListItem","position":2,"name":"Parduotuv\u0117","item":"https:\/\/kidsplay.lt\/parduotuve\/"},{"@type":"ListItem","position":3,"name":"\u0160okanti prisukama vi\u0161tel\u0117 pliu\u0161in\u0117, geltona"}]},{"@type":"WebSite","@id":"https:\/\/kidsplay.lt\/#website","url":"https:\/\/kidsplay.lt\/","name":"B\u0113rnu sp\u0113les.lv","description":"\u012evairios prek\u0117s vaikams","publisher":{"@id":"https:\/\/kidsplay.lt\/#organization"},"alternateName":"Kidsplay","potentialAction":[{"@type":"SearchAction","target":{"@type":"EntryPoint","urlTemplate":"https:\/\/kidsplay.lt\/?s={search_term_string}"},"query-input":{"@type":"PropertyValueSpecification","valueRequired":true,"valueName":"search_term_string"}}],"inLanguage":"lv-LV"},{"@type":"Organization","@id":"https:\/\/kidsplay.lt\/#organization","name":"B\u0113rnu sp\u0113le","url":"https:\/\/kidsplay.lt\/","logo":{"@type":"ImageObject","inLanguage":"lv-LV","@id":"https:\/\/kidsplay.lt\/#\/schema\/logo\/image\/","url":"https:\/\/kidsplay.lt\/wp-content\/uploads\/2023\/07\/kidsplay-logo.png","contentUrl":"https:\/\/kidsplay.lt\/wp-content\/uploads\/2023\/07\/kidsplay-logo.png","width":451,"height":98,"caption":"KidsPlay"},"image":{"@id":"https:\/\/kidsplay.lt\/#\/schema\/logo\/image\/"},"sameAs":["https:\/\/www.facebook.com\/www.kidsplay.lt"]}]}},"_links":{"self":[{"href":"https:\/\/kidsplay.lt\/lv\/wp-json\/wp\/v2\/product\/106813","targetHints":{"allow":["GET"]}}],"collection":[{"href":"https:\/\/kidsplay.lt\/lv\/wp-json\/wp\/v2\/product"}],"about":[{"href":"https:\/\/kidsplay.lt\/lv\/wp-json\/wp\/v2\/types\/product"}],"version-history":[{"count":1,"href":"https:\/\/kidsplay.lt\/lv\/wp-json\/wp\/v2\/product\/106813\/revisions"}],"predecessor-version":[{"id":106814,"href":"https:\/\/kidsplay.lt\/lv\/wp-json\/wp\/v2\/product\/106813\/revisions\/106814"}],"wp:featuredmedia":[{"embeddable":true,"href":"https:\/\/kidsplay.lt\/lv\/wp-json\/wp\/v2\/media\/106815"}],"wp:attachment":[{"href":"https:\/\/kidsplay.lt\/lv\/wp-json\/wp\/v2\/media?parent=106813"}],"wp:term":[{"taxonomy":"product_brand","embeddable":true,"href":"https:\/\/kidsplay.lt\/lv\/wp-json\/wp\/v2\/product_brand?post=106813"},{"taxonomy":"product_cat","embeddable":true,"href":"https:\/\/kidsplay.lt\/lv\/wp-json\/wp\/v2\/product_cat?post=106813"},{"taxonomy":"product_tag","embeddable":true,"href":"https:\/\/kidsplay.lt\/lv\/wp-json\/wp\/v2\/product_tag?post=106813"}],"curies":[{"name":"wp","href":"https:\/\/api.w.org\/{rel}","templated":true}]}}