{"id":106818,"date":"2026-04-21T07:29:46","date_gmt":"2026-04-21T04:29:46","guid":{"rendered":"https:\/\/kidsplay.lt\/produktas\/nuotoliniu-budu-valdomas-transformuojamas-automobilis-robotas-110-melynas-valdymas-gestais\/"},"modified":"2026-04-21T18:29:32","modified_gmt":"2026-04-21T15:29:32","slug":"nuotoliniu-budu-valdomas-transformuojamas-automobilis-robotas-110-melynas-valdymas-gestais","status":"publish","type":"product","link":"https:\/\/kidsplay.lt\/lv\/products\/nuotoliniu-budu-valdomas-transformuojamas-automobilis-robotas-110-melynas-valdymas-gestais\/","title":{"rendered":"Nuotoliniu b\u016bdu valdomas transformuojamas automobilis-robotas 1:10, m\u0117lynas, valdymas gestais"},"content":{"rendered":"<p>Pristatome revoliucin\u012f nuotoliniu b\u016bdu valdom\u0105 RC robot\u0105-automobil\u012f 1:10 mastelio, eleganti\u0161kos m\u0117lynos spalvos \u2013 tai sportinio automobilio tobulumo ir \u012fsp\u016bdingos transformacijos \u012f robot\u0105 derinys. Jo dizainas i\u0161siskiria detaliu ir realisti\u0161ku sportinio automobilio \u012fvaizd\u017eiu.<br \/>\n\u0160iame rinkinyje yra nuotolinio valdymo pultas, kuriuo galima ne tik valdyti dinami\u0161k\u0105 automobilio jud\u0117jim\u0105, bet ir transformuoti j\u012f \u012f \u012fsp\u016bding\u0105 robot\u0105. Transformacijos procesas yra ne tik funkcionalus, bet ir \u012fsp\u016bdingas, lydimas garso bei \u0161viesos efekt\u0173, suteikian\u010di\u0173 dar daugiau \u012fsp\u016bd\u017ei\u0173.<br \/>\nBe to, komplekte yra rie\u0161o apyrank\u0117, kuri leid\u017eia valdyti \u017eaisl\u0105 gestais. \u0160is futuristinis sprendimas suteikia dar interaktyvesn\u012f ir \u012fdomesn\u012f \u017eaidim\u0105.<br \/>\nNuotoliniu b\u016bdu valdomas sportinis automobilis lavina rank\u0173 \u012fg\u016bd\u017eius ir koordinacij\u0105, o transformacija \u012f robot\u0105 skatina k\u016brybi\u0161kum\u0105 ir vaizduot\u0119.<br \/>\nPrisijunk prie \u0161io inovatyvaus \u017eaidimo ir patirk nauj\u0105 interaktyvios pramogos lyg\u012f!<br \/>\nAutomobilis-robotas maitinamas 6 V 800 mAh baterija (\u012ftraukta \u012f rinkin\u012f).Kroviklis taip pat \u012ftrauktas.Nuotolinio valdymo pultas maitinamas 2 x 1,5 V AA baterijomis (ne\u012ftrauktos).Apyrank\u0117 maitinama 3 V baterija (\u012ftraukta).<br \/>\nAutomobilio matmenys: 47,5 x 19,5 x 12 cmNuotolinio valdymo pulto matmenys: 14 x 12 x 4,5 cm<\/p>","protected":false},"excerpt":{"rendered":"<p>Pristatome revoliucin\u012f nuotoliniu b\u016bdu valdom\u0105 RC robot\u0105-automobil\u012f 1:10 mastelio, eleganti\u0161kos m\u0117lynos spalvos \u2013 tai sportinio automobilio tobulumo ir \u012fsp\u016bdingos transformacijos<\/p>","protected":false},"featured_media":106820,"template":"","meta":{"_acf_changed":false,"_glsr_average":0,"_glsr_ranking":0,"_glsr_reviews":0},"product_brand":[],"product_cat":[447,229],"product_tag":[],"class_list":{"0":"post-106818","1":"product","2":"type-product","3":"status-publish","4":"has-post-thumbnail","6":"product_cat-rc-zaislai","7":"product_cat-zaislai-vaikams","8":"\"style=\"background-color: #2ecc711c;\"","10":"first","11":"instock","12":"purchasable","13":"product-type-simple"},"acf":[],"yoast_head":"<!-- This site is optimized with the Yoast SEO plugin v27.4 - https:\/\/yoast.com\/product\/yoast-seo-wordpress\/ -->\n<title>Nuotoliniu b\u016bdu valdomas transformuojamas automobilis-robotas 1:10, m\u0117lynas, valdymas gestais<\/title>\n<meta name=\"description\" content=\"Nuotoliniu b\u016bdu valdomas transformuojamas automobilis-robotas 1:10, m\u0117lynas, valdymas gestais - KidsPlay. Did\u017eiausias vaik\u0173 \u017eaisl\u0173 pasirinkimas.\" \/>\n<meta name=\"robots\" content=\"index, follow, max-snippet:-1, max-image-preview:large, max-video-preview:-1\" \/>\n<link rel=\"canonical\" href=\"https:\/\/kidsplay.lt\/lv\/products\/nuotoliniu-budu-valdomas-transformuojamas-automobilis-robotas-110-melynas-valdymas-gestais\/\" \/>\n<meta property=\"og:locale\" content=\"lv_LV\" \/>\n<meta property=\"og:type\" content=\"article\" \/>\n<meta property=\"og:title\" content=\"Nuotoliniu b\u016bdu valdomas transformuojamas automobilis-robotas 1:10, m\u0117lynas, valdymas gestais\" \/>\n<meta property=\"og:description\" content=\"Nuotoliniu b\u016bdu valdomas transformuojamas automobilis-robotas 1:10, m\u0117lynas, valdymas gestais - KidsPlay. Did\u017eiausias vaik\u0173 \u017eaisl\u0173 pasirinkimas.\" \/>\n<meta property=\"og:url\" content=\"https:\/\/kidsplay.lt\/lv\/products\/nuotoliniu-budu-valdomas-transformuojamas-automobilis-robotas-110-melynas-valdymas-gestais\/\" \/>\n<meta property=\"og:site_name\" content=\"KidsPlay\" \/>\n<meta property=\"article:publisher\" content=\"https:\/\/www.facebook.com\/www.kidsplay.lt\" \/>\n<meta property=\"article:modified_time\" content=\"2026-04-21T15:29:32+00:00\" \/>\n<meta property=\"og:image\" content=\"https:\/\/kidsplay.lt\/wp-content\/uploads\/2026\/04\/Nuotoliniu-budu-valdomas-transformuojamas-automobilis-robotas-110-melynas-valdymas-gestais.jpg\" \/>\n\t<meta property=\"og:image:width\" content=\"1000\" \/>\n\t<meta property=\"og:image:height\" content=\"750\" \/>\n\t<meta property=\"og:image:type\" content=\"image\/jpeg\" \/>\n<meta name=\"twitter:card\" content=\"summary_large_image\" \/>\n<meta name=\"twitter:label1\" content=\"Est. reading time\" \/>\n\t<meta name=\"twitter:data1\" content=\"1 min\u016bte\" \/>\n<script type=\"application\/ld+json\" class=\"yoast-schema-graph\">{\"@context\":\"https:\\\/\\\/schema.org\",\"@graph\":[{\"@type\":\"WebPage\",\"@id\":\"https:\\\/\\\/kidsplay.lt\\\/produktas\\\/nuotoliniu-budu-valdomas-transformuojamas-automobilis-robotas-110-melynas-valdymas-gestais\\\/\",\"url\":\"https:\\\/\\\/kidsplay.lt\\\/produktas\\\/nuotoliniu-budu-valdomas-transformuojamas-automobilis-robotas-110-melynas-valdymas-gestais\\\/\",\"name\":\"Nuotoliniu b\u016bdu valdomas transformuojamas automobilis-robotas 1:10, m\u0117lynas, valdymas gestais\",\"isPartOf\":{\"@id\":\"https:\\\/\\\/kidsplay.lt\\\/#website\"},\"primaryImageOfPage\":{\"@id\":\"https:\\\/\\\/kidsplay.lt\\\/produktas\\\/nuotoliniu-budu-valdomas-transformuojamas-automobilis-robotas-110-melynas-valdymas-gestais\\\/#primaryimage\"},\"image\":{\"@id\":\"https:\\\/\\\/kidsplay.lt\\\/produktas\\\/nuotoliniu-budu-valdomas-transformuojamas-automobilis-robotas-110-melynas-valdymas-gestais\\\/#primaryimage\"},\"thumbnailUrl\":\"https:\\\/\\\/kidsplay.lt\\\/wp-content\\\/uploads\\\/2026\\\/04\\\/Nuotoliniu-budu-valdomas-transformuojamas-automobilis-robotas-110-melynas-valdymas-gestais.jpg\",\"datePublished\":\"2026-04-21T04:29:46+00:00\",\"dateModified\":\"2026-04-21T15:29:32+00:00\",\"description\":\"Nuotoliniu b\u016bdu valdomas transformuojamas automobilis-robotas 1:10, m\u0117lynas, valdymas gestais - KidsPlay. Did\u017eiausias vaik\u0173 \u017eaisl\u0173 pasirinkimas.\",\"breadcrumb\":{\"@id\":\"https:\\\/\\\/kidsplay.lt\\\/produktas\\\/nuotoliniu-budu-valdomas-transformuojamas-automobilis-robotas-110-melynas-valdymas-gestais\\\/#breadcrumb\"},\"inLanguage\":\"lv-LV\",\"potentialAction\":[{\"@type\":\"ReadAction\",\"target\":[\"https:\\\/\\\/kidsplay.lt\\\/produktas\\\/nuotoliniu-budu-valdomas-transformuojamas-automobilis-robotas-110-melynas-valdymas-gestais\\\/\"]}]},{\"@type\":\"ImageObject\",\"inLanguage\":\"lv-LV\",\"@id\":\"https:\\\/\\\/kidsplay.lt\\\/produktas\\\/nuotoliniu-budu-valdomas-transformuojamas-automobilis-robotas-110-melynas-valdymas-gestais\\\/#primaryimage\",\"url\":\"https:\\\/\\\/kidsplay.lt\\\/wp-content\\\/uploads\\\/2026\\\/04\\\/Nuotoliniu-budu-valdomas-transformuojamas-automobilis-robotas-110-melynas-valdymas-gestais.jpg\",\"contentUrl\":\"https:\\\/\\\/kidsplay.lt\\\/wp-content\\\/uploads\\\/2026\\\/04\\\/Nuotoliniu-budu-valdomas-transformuojamas-automobilis-robotas-110-melynas-valdymas-gestais.jpg\",\"width\":1000,\"height\":750,\"caption\":\"Nuotoliniu b\u016bdu valdomas transformuojamas automobilis-robotas 1:10\"},{\"@type\":\"BreadcrumbList\",\"@id\":\"https:\\\/\\\/kidsplay.lt\\\/produktas\\\/nuotoliniu-budu-valdomas-transformuojamas-automobilis-robotas-110-melynas-valdymas-gestais\\\/#breadcrumb\",\"itemListElement\":[{\"@type\":\"ListItem\",\"position\":1,\"name\":\"Pagrindinis\",\"item\":\"https:\\\/\\\/kidsplay.lt\\\/\"},{\"@type\":\"ListItem\",\"position\":2,\"name\":\"Parduotuv\u0117\",\"item\":\"https:\\\/\\\/kidsplay.lt\\\/parduotuve\\\/\"},{\"@type\":\"ListItem\",\"position\":3,\"name\":\"Nuotoliniu b\u016bdu valdomas transformuojamas automobilis-robotas 1:10, m\u0117lynas, valdymas gestais\"}]},{\"@type\":\"WebSite\",\"@id\":\"https:\\\/\\\/kidsplay.lt\\\/#website\",\"url\":\"https:\\\/\\\/kidsplay.lt\\\/\",\"name\":\"Kidsplay.lt\",\"description\":\"\u012evairios prek\u0117s vaikams\",\"publisher\":{\"@id\":\"https:\\\/\\\/kidsplay.lt\\\/#organization\"},\"alternateName\":\"Kidsplay\",\"potentialAction\":[{\"@type\":\"SearchAction\",\"target\":{\"@type\":\"EntryPoint\",\"urlTemplate\":\"https:\\\/\\\/kidsplay.lt\\\/?s={search_term_string}\"},\"query-input\":{\"@type\":\"PropertyValueSpecification\",\"valueRequired\":true,\"valueName\":\"search_term_string\"}}],\"inLanguage\":\"lv-LV\"},{\"@type\":\"Organization\",\"@id\":\"https:\\\/\\\/kidsplay.lt\\\/#organization\",\"name\":\"KidsPlay\",\"url\":\"https:\\\/\\\/kidsplay.lt\\\/\",\"logo\":{\"@type\":\"ImageObject\",\"inLanguage\":\"lv-LV\",\"@id\":\"https:\\\/\\\/kidsplay.lt\\\/#\\\/schema\\\/logo\\\/image\\\/\",\"url\":\"https:\\\/\\\/kidsplay.lt\\\/wp-content\\\/uploads\\\/2023\\\/07\\\/kidsplay-logo.png\",\"contentUrl\":\"https:\\\/\\\/kidsplay.lt\\\/wp-content\\\/uploads\\\/2023\\\/07\\\/kidsplay-logo.png\",\"width\":451,\"height\":98,\"caption\":\"KidsPlay\"},\"image\":{\"@id\":\"https:\\\/\\\/kidsplay.lt\\\/#\\\/schema\\\/logo\\\/image\\\/\"},\"sameAs\":[\"https:\\\/\\\/www.facebook.com\\\/www.kidsplay.lt\"]}]}<\/script>\n<!-- \/ Yoast SEO plugin. -->","yoast_head_json":{"title":"Nuotoliniu b\u016bdu valdomas transformuojamas automobilis-robotas 1:10, m\u0117lynas, valdymas gestais","description":"Nuotoliniu b\u016bdu valdomas transformuojamas automobilis-robotas 1:10, m\u0117lynas, valdymas gestais - KidsPlay. Did\u017eiausias vaik\u0173 \u017eaisl\u0173 pasirinkimas.","robots":{"index":"index","follow":"follow","max-snippet":"max-snippet:-1","max-image-preview":"max-image-preview:large","max-video-preview":"max-video-preview:-1"},"canonical":"https:\/\/kidsplay.lt\/lv\/products\/nuotoliniu-budu-valdomas-transformuojamas-automobilis-robotas-110-melynas-valdymas-gestais\/","og_locale":"lv_LV","og_type":"article","og_title":"Nuotoliniu b\u016bdu valdomas transformuojamas automobilis-robotas 1:10, m\u0117lynas, valdymas gestais","og_description":"Nuotoliniu b\u016bdu valdomas transformuojamas automobilis-robotas 1:10, m\u0117lynas, valdymas gestais - KidsPlay. Did\u017eiausias vaik\u0173 \u017eaisl\u0173 pasirinkimas.","og_url":"https:\/\/kidsplay.lt\/lv\/products\/nuotoliniu-budu-valdomas-transformuojamas-automobilis-robotas-110-melynas-valdymas-gestais\/","og_site_name":"KidsPlay","article_publisher":"https:\/\/www.facebook.com\/www.kidsplay.lt","article_modified_time":"2026-04-21T15:29:32+00:00","og_image":[{"width":1000,"height":750,"url":"https:\/\/kidsplay.lt\/wp-content\/uploads\/2026\/04\/Nuotoliniu-budu-valdomas-transformuojamas-automobilis-robotas-110-melynas-valdymas-gestais.jpg","type":"image\/jpeg"}],"twitter_card":"summary_large_image","twitter_misc":{"Est. reading time":"1 min\u016bte"},"schema":{"@context":"https:\/\/schema.org","@graph":[{"@type":"WebPage","@id":"https:\/\/kidsplay.lt\/produktas\/nuotoliniu-budu-valdomas-transformuojamas-automobilis-robotas-110-melynas-valdymas-gestais\/","url":"https:\/\/kidsplay.lt\/produktas\/nuotoliniu-budu-valdomas-transformuojamas-automobilis-robotas-110-melynas-valdymas-gestais\/","name":"Nuotoliniu b\u016bdu valdomas transformuojamas automobilis-robotas 1:10, m\u0117lynas, valdymas gestais","isPartOf":{"@id":"https:\/\/kidsplay.lt\/#website"},"primaryImageOfPage":{"@id":"https:\/\/kidsplay.lt\/produktas\/nuotoliniu-budu-valdomas-transformuojamas-automobilis-robotas-110-melynas-valdymas-gestais\/#primaryimage"},"image":{"@id":"https:\/\/kidsplay.lt\/produktas\/nuotoliniu-budu-valdomas-transformuojamas-automobilis-robotas-110-melynas-valdymas-gestais\/#primaryimage"},"thumbnailUrl":"https:\/\/kidsplay.lt\/wp-content\/uploads\/2026\/04\/Nuotoliniu-budu-valdomas-transformuojamas-automobilis-robotas-110-melynas-valdymas-gestais.jpg","datePublished":"2026-04-21T04:29:46+00:00","dateModified":"2026-04-21T15:29:32+00:00","description":"Nuotoliniu b\u016bdu valdomas transformuojamas automobilis-robotas 1:10, m\u0117lynas, valdymas gestais - KidsPlay. Did\u017eiausias vaik\u0173 \u017eaisl\u0173 pasirinkimas.","breadcrumb":{"@id":"https:\/\/kidsplay.lt\/produktas\/nuotoliniu-budu-valdomas-transformuojamas-automobilis-robotas-110-melynas-valdymas-gestais\/#breadcrumb"},"inLanguage":"lv-LV","potentialAction":[{"@type":"ReadAction","target":["https:\/\/kidsplay.lt\/produktas\/nuotoliniu-budu-valdomas-transformuojamas-automobilis-robotas-110-melynas-valdymas-gestais\/"]}]},{"@type":"ImageObject","inLanguage":"lv-LV","@id":"https:\/\/kidsplay.lt\/produktas\/nuotoliniu-budu-valdomas-transformuojamas-automobilis-robotas-110-melynas-valdymas-gestais\/#primaryimage","url":"https:\/\/kidsplay.lt\/wp-content\/uploads\/2026\/04\/Nuotoliniu-budu-valdomas-transformuojamas-automobilis-robotas-110-melynas-valdymas-gestais.jpg","contentUrl":"https:\/\/kidsplay.lt\/wp-content\/uploads\/2026\/04\/Nuotoliniu-budu-valdomas-transformuojamas-automobilis-robotas-110-melynas-valdymas-gestais.jpg","width":1000,"height":750,"caption":"Nuotoliniu b\u016bdu valdomas transformuojamas automobilis-robotas 1:10"},{"@type":"BreadcrumbList","@id":"https:\/\/kidsplay.lt\/produktas\/nuotoliniu-budu-valdomas-transformuojamas-automobilis-robotas-110-melynas-valdymas-gestais\/#breadcrumb","itemListElement":[{"@type":"ListItem","position":1,"name":"Pagrindinis","item":"https:\/\/kidsplay.lt\/"},{"@type":"ListItem","position":2,"name":"Parduotuv\u0117","item":"https:\/\/kidsplay.lt\/parduotuve\/"},{"@type":"ListItem","position":3,"name":"Nuotoliniu b\u016bdu valdomas transformuojamas automobilis-robotas 1:10, m\u0117lynas, valdymas gestais"}]},{"@type":"WebSite","@id":"https:\/\/kidsplay.lt\/#website","url":"https:\/\/kidsplay.lt\/","name":"B\u0113rnu sp\u0113les.lv","description":"\u012evairios prek\u0117s vaikams","publisher":{"@id":"https:\/\/kidsplay.lt\/#organization"},"alternateName":"Kidsplay","potentialAction":[{"@type":"SearchAction","target":{"@type":"EntryPoint","urlTemplate":"https:\/\/kidsplay.lt\/?s={search_term_string}"},"query-input":{"@type":"PropertyValueSpecification","valueRequired":true,"valueName":"search_term_string"}}],"inLanguage":"lv-LV"},{"@type":"Organization","@id":"https:\/\/kidsplay.lt\/#organization","name":"B\u0113rnu sp\u0113le","url":"https:\/\/kidsplay.lt\/","logo":{"@type":"ImageObject","inLanguage":"lv-LV","@id":"https:\/\/kidsplay.lt\/#\/schema\/logo\/image\/","url":"https:\/\/kidsplay.lt\/wp-content\/uploads\/2023\/07\/kidsplay-logo.png","contentUrl":"https:\/\/kidsplay.lt\/wp-content\/uploads\/2023\/07\/kidsplay-logo.png","width":451,"height":98,"caption":"KidsPlay"},"image":{"@id":"https:\/\/kidsplay.lt\/#\/schema\/logo\/image\/"},"sameAs":["https:\/\/www.facebook.com\/www.kidsplay.lt"]}]}},"_links":{"self":[{"href":"https:\/\/kidsplay.lt\/lv\/wp-json\/wp\/v2\/product\/106818","targetHints":{"allow":["GET"]}}],"collection":[{"href":"https:\/\/kidsplay.lt\/lv\/wp-json\/wp\/v2\/product"}],"about":[{"href":"https:\/\/kidsplay.lt\/lv\/wp-json\/wp\/v2\/types\/product"}],"version-history":[{"count":1,"href":"https:\/\/kidsplay.lt\/lv\/wp-json\/wp\/v2\/product\/106818\/revisions"}],"predecessor-version":[{"id":106819,"href":"https:\/\/kidsplay.lt\/lv\/wp-json\/wp\/v2\/product\/106818\/revisions\/106819"}],"wp:featuredmedia":[{"embeddable":true,"href":"https:\/\/kidsplay.lt\/lv\/wp-json\/wp\/v2\/media\/106820"}],"wp:attachment":[{"href":"https:\/\/kidsplay.lt\/lv\/wp-json\/wp\/v2\/media?parent=106818"}],"wp:term":[{"taxonomy":"product_brand","embeddable":true,"href":"https:\/\/kidsplay.lt\/lv\/wp-json\/wp\/v2\/product_brand?post=106818"},{"taxonomy":"product_cat","embeddable":true,"href":"https:\/\/kidsplay.lt\/lv\/wp-json\/wp\/v2\/product_cat?post=106818"},{"taxonomy":"product_tag","embeddable":true,"href":"https:\/\/kidsplay.lt\/lv\/wp-json\/wp\/v2\/product_tag?post=106818"}],"curies":[{"name":"wp","href":"https:\/\/api.w.org\/{rel}","templated":true}]}}