{"id":106825,"date":"2026-04-21T07:29:52","date_gmt":"2026-04-21T04:29:52","guid":{"rendered":"https:\/\/kidsplay.lt\/produktas\/bekeles-ugniagesiu-automobilis-raudonas-atidaromos-durys-garsai-ir-sviesos\/"},"modified":"2026-04-21T18:29:33","modified_gmt":"2026-04-21T15:29:33","slug":"bekeles-ugniagesiu-automobilis-raudonas-atidaromos-durys-garsai-ir-sviesos","status":"publish","type":"product","link":"https:\/\/kidsplay.lt\/lv\/products\/bekeles-ugniagesiu-automobilis-raudonas-atidaromos-durys-garsai-ir-sviesos\/","title":{"rendered":"Bekel\u0117s ugniagesi\u0173 automobilis raudonas, atidaromos durys, garsai ir \u0161viesos"},"content":{"rendered":"<p>Pristatome 1:14 mastelio ugniagesi\u0173 bekel\u0117s automobil\u012f \u2013 \u017eaisl\u0105, kuris tikrai prad\u017eiugins kiekvien\u0105 ma\u017e\u0105j\u012f nuotyki\u0173 ie\u0161kotoj\u0105. Tai interaktyvi transporto priemon\u0117, kuri ne tik suteikia pramog\u0105, bet ir lavina vaiko vaizduot\u0119. D\u0117l atidarom\u0173 dur\u0173, \u0161viesos ir garso efekt\u0173 tai puikus pasirinkimas \u012fdomiam \u017eaidimui \u012fvairiuose pavir\u0161iuose.<br \/>\n\u2b50 PAGRINDIN\u0116S PRODUKTO SAVYB\u0116S<br \/>\n\u2705 Traukimo atgal pavara (Pull-Back)U\u017etenka patraukti automobil\u012f atgal ir paleisti \u2013 jis nuva\u017eiuoja dideliu grei\u010diu, suteikdamas smag\u0173 \u017eaidim\u0105 ant \u012fvairi\u0173 pavir\u0161i\u0173.<br \/>\n\u2705 Atidaromos durys\u017daislas turi atidaromas duris, kurios suteikia papildomos s\u0105veikos ir skatina k\u016brybi\u0161kum\u0105.<br \/>\n\u2705 \u0160viesos ir garso efektaiLED \u0161viesos automobilio priekyje ir sirenos garsas, paspaudus mygtuk\u0105 ant stogo, suteikia \u017eaidimui realisti\u0161kumo.<br \/>\n\u2705 Guminiai ratai su protektoriumiRatai u\u017etikrina ger\u0105 sukibim\u0105 ir leid\u017eia \u017eaisti tiek viduje, tiek lauke, net ir sud\u0117tingesniais pavir\u0161iais.<br \/>\n\u2b50 SPECIFIKACIJA<br \/>\nAutomobilio matmenys: 24 x 13,5 x 10 cmPakuot\u0117s matmenys: 29 x 12,5 x 12,5 cmSertifikatai ir saugos standartai: CE, EN71Am\u017eius: nuo 3 met\u0173<br \/>\n\u2b50 RINKINIO TURINYS<br \/>\nUgniagesi\u0173 bekel\u0117s automobilis<\/p>","protected":false},"excerpt":{"rendered":"<p>Pristatome 1:14 mastelio ugniagesi\u0173 bekel\u0117s automobil\u012f \u2013 \u017eaisl\u0105, kuris tikrai prad\u017eiugins kiekvien\u0105 ma\u017e\u0105j\u012f nuotyki\u0173 ie\u0161kotoj\u0105. Tai interaktyvi transporto priemon\u0117, kuri<\/p>","protected":false},"featured_media":106827,"template":"","meta":{"_acf_changed":false,"_glsr_average":0,"_glsr_ranking":0,"_glsr_reviews":0},"product_brand":[],"product_cat":[448,229],"product_tag":[],"class_list":{"0":"post-106825","1":"product","2":"type-product","3":"status-publish","4":"has-post-thumbnail","6":"product_cat-automobiliai-ir-transportas","7":"product_cat-zaislai-vaikams","8":"\"style=\"background-color: #2ecc711c;\"","10":"first","11":"instock","12":"purchasable","13":"product-type-simple"},"acf":[],"yoast_head":"<!-- This site is optimized with the Yoast SEO plugin v27.4 - https:\/\/yoast.com\/product\/yoast-seo-wordpress\/ -->\n<title>Bekel\u0117s ugniagesi\u0173 automobilis raudonas, atidaromos durys, garsai ir \u0161viesos<\/title>\n<meta name=\"description\" content=\"Bekel\u0117s ugniagesi\u0173 automobilis raudonas, atidaromos durys, garsai ir \u0161viesos - KidsPlay. Did\u017eiausias vaik\u0173 \u017eaisl\u0173 pasirinkimas.\" \/>\n<meta name=\"robots\" content=\"index, follow, max-snippet:-1, max-image-preview:large, max-video-preview:-1\" \/>\n<link rel=\"canonical\" href=\"https:\/\/kidsplay.lt\/lv\/products\/bekeles-ugniagesiu-automobilis-raudonas-atidaromos-durys-garsai-ir-sviesos\/\" \/>\n<meta property=\"og:locale\" content=\"lv_LV\" \/>\n<meta property=\"og:type\" content=\"article\" \/>\n<meta property=\"og:title\" content=\"Bekel\u0117s ugniagesi\u0173 automobilis raudonas, atidaromos durys, garsai ir \u0161viesos\" \/>\n<meta property=\"og:description\" content=\"Bekel\u0117s ugniagesi\u0173 automobilis raudonas, atidaromos durys, garsai ir \u0161viesos - KidsPlay. Did\u017eiausias vaik\u0173 \u017eaisl\u0173 pasirinkimas.\" \/>\n<meta property=\"og:url\" content=\"https:\/\/kidsplay.lt\/lv\/products\/bekeles-ugniagesiu-automobilis-raudonas-atidaromos-durys-garsai-ir-sviesos\/\" \/>\n<meta property=\"og:site_name\" content=\"KidsPlay\" \/>\n<meta property=\"article:publisher\" content=\"https:\/\/www.facebook.com\/www.kidsplay.lt\" \/>\n<meta property=\"article:modified_time\" content=\"2026-04-21T15:29:33+00:00\" \/>\n<meta property=\"og:image\" content=\"https:\/\/kidsplay.lt\/wp-content\/uploads\/2026\/04\/Bekeles-ugniagesiu-automobilis-raudonas-atidaromos-durys-garsai-ir-sviesos.png\" \/>\n\t<meta property=\"og:image:width\" content=\"1000\" \/>\n\t<meta property=\"og:image:height\" content=\"707\" \/>\n\t<meta property=\"og:image:type\" content=\"image\/png\" \/>\n<meta name=\"twitter:card\" content=\"summary_large_image\" \/>\n<meta name=\"twitter:label1\" content=\"Est. reading time\" \/>\n\t<meta name=\"twitter:data1\" content=\"1 min\u016bte\" \/>\n<script type=\"application\/ld+json\" class=\"yoast-schema-graph\">{\"@context\":\"https:\\\/\\\/schema.org\",\"@graph\":[{\"@type\":\"WebPage\",\"@id\":\"https:\\\/\\\/kidsplay.lt\\\/produktas\\\/bekeles-ugniagesiu-automobilis-raudonas-atidaromos-durys-garsai-ir-sviesos\\\/\",\"url\":\"https:\\\/\\\/kidsplay.lt\\\/produktas\\\/bekeles-ugniagesiu-automobilis-raudonas-atidaromos-durys-garsai-ir-sviesos\\\/\",\"name\":\"Bekel\u0117s ugniagesi\u0173 automobilis raudonas, atidaromos durys, garsai ir \u0161viesos\",\"isPartOf\":{\"@id\":\"https:\\\/\\\/kidsplay.lt\\\/#website\"},\"primaryImageOfPage\":{\"@id\":\"https:\\\/\\\/kidsplay.lt\\\/produktas\\\/bekeles-ugniagesiu-automobilis-raudonas-atidaromos-durys-garsai-ir-sviesos\\\/#primaryimage\"},\"image\":{\"@id\":\"https:\\\/\\\/kidsplay.lt\\\/produktas\\\/bekeles-ugniagesiu-automobilis-raudonas-atidaromos-durys-garsai-ir-sviesos\\\/#primaryimage\"},\"thumbnailUrl\":\"https:\\\/\\\/kidsplay.lt\\\/wp-content\\\/uploads\\\/2026\\\/04\\\/Bekeles-ugniagesiu-automobilis-raudonas-atidaromos-durys-garsai-ir-sviesos.png\",\"datePublished\":\"2026-04-21T04:29:52+00:00\",\"dateModified\":\"2026-04-21T15:29:33+00:00\",\"description\":\"Bekel\u0117s ugniagesi\u0173 automobilis raudonas, atidaromos durys, garsai ir \u0161viesos - KidsPlay. Did\u017eiausias vaik\u0173 \u017eaisl\u0173 pasirinkimas.\",\"breadcrumb\":{\"@id\":\"https:\\\/\\\/kidsplay.lt\\\/produktas\\\/bekeles-ugniagesiu-automobilis-raudonas-atidaromos-durys-garsai-ir-sviesos\\\/#breadcrumb\"},\"inLanguage\":\"lv-LV\",\"potentialAction\":[{\"@type\":\"ReadAction\",\"target\":[\"https:\\\/\\\/kidsplay.lt\\\/produktas\\\/bekeles-ugniagesiu-automobilis-raudonas-atidaromos-durys-garsai-ir-sviesos\\\/\"]}]},{\"@type\":\"ImageObject\",\"inLanguage\":\"lv-LV\",\"@id\":\"https:\\\/\\\/kidsplay.lt\\\/produktas\\\/bekeles-ugniagesiu-automobilis-raudonas-atidaromos-durys-garsai-ir-sviesos\\\/#primaryimage\",\"url\":\"https:\\\/\\\/kidsplay.lt\\\/wp-content\\\/uploads\\\/2026\\\/04\\\/Bekeles-ugniagesiu-automobilis-raudonas-atidaromos-durys-garsai-ir-sviesos.png\",\"contentUrl\":\"https:\\\/\\\/kidsplay.lt\\\/wp-content\\\/uploads\\\/2026\\\/04\\\/Bekeles-ugniagesiu-automobilis-raudonas-atidaromos-durys-garsai-ir-sviesos.png\",\"width\":1000,\"height\":707,\"caption\":\"Bekel\u0117s ugniagesi\u0173 automobilis raudonas\"},{\"@type\":\"BreadcrumbList\",\"@id\":\"https:\\\/\\\/kidsplay.lt\\\/produktas\\\/bekeles-ugniagesiu-automobilis-raudonas-atidaromos-durys-garsai-ir-sviesos\\\/#breadcrumb\",\"itemListElement\":[{\"@type\":\"ListItem\",\"position\":1,\"name\":\"Pagrindinis\",\"item\":\"https:\\\/\\\/kidsplay.lt\\\/\"},{\"@type\":\"ListItem\",\"position\":2,\"name\":\"Parduotuv\u0117\",\"item\":\"https:\\\/\\\/kidsplay.lt\\\/parduotuve\\\/\"},{\"@type\":\"ListItem\",\"position\":3,\"name\":\"Bekel\u0117s ugniagesi\u0173 automobilis raudonas, atidaromos durys, garsai ir \u0161viesos\"}]},{\"@type\":\"WebSite\",\"@id\":\"https:\\\/\\\/kidsplay.lt\\\/#website\",\"url\":\"https:\\\/\\\/kidsplay.lt\\\/\",\"name\":\"Kidsplay.lt\",\"description\":\"\u012evairios prek\u0117s vaikams\",\"publisher\":{\"@id\":\"https:\\\/\\\/kidsplay.lt\\\/#organization\"},\"alternateName\":\"Kidsplay\",\"potentialAction\":[{\"@type\":\"SearchAction\",\"target\":{\"@type\":\"EntryPoint\",\"urlTemplate\":\"https:\\\/\\\/kidsplay.lt\\\/?s={search_term_string}\"},\"query-input\":{\"@type\":\"PropertyValueSpecification\",\"valueRequired\":true,\"valueName\":\"search_term_string\"}}],\"inLanguage\":\"lv-LV\"},{\"@type\":\"Organization\",\"@id\":\"https:\\\/\\\/kidsplay.lt\\\/#organization\",\"name\":\"KidsPlay\",\"url\":\"https:\\\/\\\/kidsplay.lt\\\/\",\"logo\":{\"@type\":\"ImageObject\",\"inLanguage\":\"lv-LV\",\"@id\":\"https:\\\/\\\/kidsplay.lt\\\/#\\\/schema\\\/logo\\\/image\\\/\",\"url\":\"https:\\\/\\\/kidsplay.lt\\\/wp-content\\\/uploads\\\/2023\\\/07\\\/kidsplay-logo.png\",\"contentUrl\":\"https:\\\/\\\/kidsplay.lt\\\/wp-content\\\/uploads\\\/2023\\\/07\\\/kidsplay-logo.png\",\"width\":451,\"height\":98,\"caption\":\"KidsPlay\"},\"image\":{\"@id\":\"https:\\\/\\\/kidsplay.lt\\\/#\\\/schema\\\/logo\\\/image\\\/\"},\"sameAs\":[\"https:\\\/\\\/www.facebook.com\\\/www.kidsplay.lt\"]}]}<\/script>\n<!-- \/ Yoast SEO plugin. -->","yoast_head_json":{"title":"Bekel\u0117s ugniagesi\u0173 automobilis raudonas, atidaromos durys, garsai ir \u0161viesos","description":"Bekel\u0117s ugniagesi\u0173 automobilis raudonas, atidaromos durys, garsai ir \u0161viesos - KidsPlay. Did\u017eiausias vaik\u0173 \u017eaisl\u0173 pasirinkimas.","robots":{"index":"index","follow":"follow","max-snippet":"max-snippet:-1","max-image-preview":"max-image-preview:large","max-video-preview":"max-video-preview:-1"},"canonical":"https:\/\/kidsplay.lt\/lv\/products\/bekeles-ugniagesiu-automobilis-raudonas-atidaromos-durys-garsai-ir-sviesos\/","og_locale":"lv_LV","og_type":"article","og_title":"Bekel\u0117s ugniagesi\u0173 automobilis raudonas, atidaromos durys, garsai ir \u0161viesos","og_description":"Bekel\u0117s ugniagesi\u0173 automobilis raudonas, atidaromos durys, garsai ir \u0161viesos - KidsPlay. Did\u017eiausias vaik\u0173 \u017eaisl\u0173 pasirinkimas.","og_url":"https:\/\/kidsplay.lt\/lv\/products\/bekeles-ugniagesiu-automobilis-raudonas-atidaromos-durys-garsai-ir-sviesos\/","og_site_name":"KidsPlay","article_publisher":"https:\/\/www.facebook.com\/www.kidsplay.lt","article_modified_time":"2026-04-21T15:29:33+00:00","og_image":[{"width":1000,"height":707,"url":"https:\/\/kidsplay.lt\/wp-content\/uploads\/2026\/04\/Bekeles-ugniagesiu-automobilis-raudonas-atidaromos-durys-garsai-ir-sviesos.png","type":"image\/png"}],"twitter_card":"summary_large_image","twitter_misc":{"Est. reading time":"1 min\u016bte"},"schema":{"@context":"https:\/\/schema.org","@graph":[{"@type":"WebPage","@id":"https:\/\/kidsplay.lt\/produktas\/bekeles-ugniagesiu-automobilis-raudonas-atidaromos-durys-garsai-ir-sviesos\/","url":"https:\/\/kidsplay.lt\/produktas\/bekeles-ugniagesiu-automobilis-raudonas-atidaromos-durys-garsai-ir-sviesos\/","name":"Bekel\u0117s ugniagesi\u0173 automobilis raudonas, atidaromos durys, garsai ir \u0161viesos","isPartOf":{"@id":"https:\/\/kidsplay.lt\/#website"},"primaryImageOfPage":{"@id":"https:\/\/kidsplay.lt\/produktas\/bekeles-ugniagesiu-automobilis-raudonas-atidaromos-durys-garsai-ir-sviesos\/#primaryimage"},"image":{"@id":"https:\/\/kidsplay.lt\/produktas\/bekeles-ugniagesiu-automobilis-raudonas-atidaromos-durys-garsai-ir-sviesos\/#primaryimage"},"thumbnailUrl":"https:\/\/kidsplay.lt\/wp-content\/uploads\/2026\/04\/Bekeles-ugniagesiu-automobilis-raudonas-atidaromos-durys-garsai-ir-sviesos.png","datePublished":"2026-04-21T04:29:52+00:00","dateModified":"2026-04-21T15:29:33+00:00","description":"Bekel\u0117s ugniagesi\u0173 automobilis raudonas, atidaromos durys, garsai ir \u0161viesos - KidsPlay. Did\u017eiausias vaik\u0173 \u017eaisl\u0173 pasirinkimas.","breadcrumb":{"@id":"https:\/\/kidsplay.lt\/produktas\/bekeles-ugniagesiu-automobilis-raudonas-atidaromos-durys-garsai-ir-sviesos\/#breadcrumb"},"inLanguage":"lv-LV","potentialAction":[{"@type":"ReadAction","target":["https:\/\/kidsplay.lt\/produktas\/bekeles-ugniagesiu-automobilis-raudonas-atidaromos-durys-garsai-ir-sviesos\/"]}]},{"@type":"ImageObject","inLanguage":"lv-LV","@id":"https:\/\/kidsplay.lt\/produktas\/bekeles-ugniagesiu-automobilis-raudonas-atidaromos-durys-garsai-ir-sviesos\/#primaryimage","url":"https:\/\/kidsplay.lt\/wp-content\/uploads\/2026\/04\/Bekeles-ugniagesiu-automobilis-raudonas-atidaromos-durys-garsai-ir-sviesos.png","contentUrl":"https:\/\/kidsplay.lt\/wp-content\/uploads\/2026\/04\/Bekeles-ugniagesiu-automobilis-raudonas-atidaromos-durys-garsai-ir-sviesos.png","width":1000,"height":707,"caption":"Bekel\u0117s ugniagesi\u0173 automobilis raudonas"},{"@type":"BreadcrumbList","@id":"https:\/\/kidsplay.lt\/produktas\/bekeles-ugniagesiu-automobilis-raudonas-atidaromos-durys-garsai-ir-sviesos\/#breadcrumb","itemListElement":[{"@type":"ListItem","position":1,"name":"Pagrindinis","item":"https:\/\/kidsplay.lt\/"},{"@type":"ListItem","position":2,"name":"Parduotuv\u0117","item":"https:\/\/kidsplay.lt\/parduotuve\/"},{"@type":"ListItem","position":3,"name":"Bekel\u0117s ugniagesi\u0173 automobilis raudonas, atidaromos durys, garsai ir \u0161viesos"}]},{"@type":"WebSite","@id":"https:\/\/kidsplay.lt\/#website","url":"https:\/\/kidsplay.lt\/","name":"B\u0113rnu sp\u0113les.lv","description":"\u012evairios prek\u0117s vaikams","publisher":{"@id":"https:\/\/kidsplay.lt\/#organization"},"alternateName":"Kidsplay","potentialAction":[{"@type":"SearchAction","target":{"@type":"EntryPoint","urlTemplate":"https:\/\/kidsplay.lt\/?s={search_term_string}"},"query-input":{"@type":"PropertyValueSpecification","valueRequired":true,"valueName":"search_term_string"}}],"inLanguage":"lv-LV"},{"@type":"Organization","@id":"https:\/\/kidsplay.lt\/#organization","name":"B\u0113rnu sp\u0113le","url":"https:\/\/kidsplay.lt\/","logo":{"@type":"ImageObject","inLanguage":"lv-LV","@id":"https:\/\/kidsplay.lt\/#\/schema\/logo\/image\/","url":"https:\/\/kidsplay.lt\/wp-content\/uploads\/2023\/07\/kidsplay-logo.png","contentUrl":"https:\/\/kidsplay.lt\/wp-content\/uploads\/2023\/07\/kidsplay-logo.png","width":451,"height":98,"caption":"KidsPlay"},"image":{"@id":"https:\/\/kidsplay.lt\/#\/schema\/logo\/image\/"},"sameAs":["https:\/\/www.facebook.com\/www.kidsplay.lt"]}]}},"_links":{"self":[{"href":"https:\/\/kidsplay.lt\/lv\/wp-json\/wp\/v2\/product\/106825","targetHints":{"allow":["GET"]}}],"collection":[{"href":"https:\/\/kidsplay.lt\/lv\/wp-json\/wp\/v2\/product"}],"about":[{"href":"https:\/\/kidsplay.lt\/lv\/wp-json\/wp\/v2\/types\/product"}],"version-history":[{"count":1,"href":"https:\/\/kidsplay.lt\/lv\/wp-json\/wp\/v2\/product\/106825\/revisions"}],"predecessor-version":[{"id":106826,"href":"https:\/\/kidsplay.lt\/lv\/wp-json\/wp\/v2\/product\/106825\/revisions\/106826"}],"wp:featuredmedia":[{"embeddable":true,"href":"https:\/\/kidsplay.lt\/lv\/wp-json\/wp\/v2\/media\/106827"}],"wp:attachment":[{"href":"https:\/\/kidsplay.lt\/lv\/wp-json\/wp\/v2\/media?parent=106825"}],"wp:term":[{"taxonomy":"product_brand","embeddable":true,"href":"https:\/\/kidsplay.lt\/lv\/wp-json\/wp\/v2\/product_brand?post=106825"},{"taxonomy":"product_cat","embeddable":true,"href":"https:\/\/kidsplay.lt\/lv\/wp-json\/wp\/v2\/product_cat?post=106825"},{"taxonomy":"product_tag","embeddable":true,"href":"https:\/\/kidsplay.lt\/lv\/wp-json\/wp\/v2\/product_tag?post=106825"}],"curies":[{"name":"wp","href":"https:\/\/api.w.org\/{rel}","templated":true}]}}