{"id":106831,"date":"2026-04-21T07:30:07","date_gmt":"2026-04-21T04:30:07","guid":{"rendered":"https:\/\/kidsplay.lt\/produktas\/vaikiska-lele-anlily-princese-ilgi-sviesus-plaukai-tiara-rozine-suknele\/"},"modified":"2026-04-21T18:29:33","modified_gmt":"2026-04-21T15:29:33","slug":"vaikiska-lele-anlily-princese-ilgi-sviesus-plaukai-tiara-rozine-suknele","status":"publish","type":"product","link":"https:\/\/kidsplay.lt\/lv\/products\/vaikiska-lele-anlily-princese-ilgi-sviesus-plaukai-tiara-rozine-suknele\/","title":{"rendered":"Vaiki\u0161ka l\u0117l\u0117 Anlily princes\u0117, ilgi \u0161vies\u016bs plaukai, tiara, ro\u017ein\u0117 suknel\u0117"},"content":{"rendered":"<p>M\u016bs\u0173 internetin\u0117je parduotuv\u0117je pristatome i\u0161skirtin\u0119 l\u0117l\u0119 \u2013 princes\u0119 Anlily, kuri prad\u017eiugins kiekvien\u0105 vaik\u0105. L\u0117l\u0117s dydis 30 cm x 7 cm x 5 cm, ji yra tikra mados ikona.<br \/>\nL\u0117l\u0117 vilki gra\u017ei\u0105 ro\u017ein\u0119 vakarin\u0119 suknel\u0119, dekoruot\u0105 tiuliu ir blizgu\u010diais, kurie suteikia jai stiling\u0105 ir eleganti\u0161k\u0105 i\u0161vaizd\u0105. Ta\u010diau tai dar ne viskas!<br \/>\nAnlily l\u0117l\u0117 turi ilgus \u0161viesius plaukus, su\u0161ukuotus \u012f uodeg\u0117l\u0119, bei m\u0117lynas akis, kurios suteikia jai ypatingo \u017eavesio. Vaikas gali j\u0105 \u0161ukuoti, puo\u0161ti ir kurti \u012fvairias \u0161ukuosenas, taip lavindamas k\u016brybi\u0161kum\u0105. L\u0117l\u0117s plaukuose yra ro\u017ein\u0117 tiara, o kakl\u0105 puo\u0161ia gra\u017eus ro\u017einis v\u0117rinys.<br \/>\nPakuot\u0117s matmenys yra 32 cm x 11 cm x 5 cm. Tai puiki dovana vaikams, m\u0117gstantiems mad\u0105 ir k\u016brybi\u0161k\u0105 \u017eaidim\u0105. Anlily l\u0117l\u0117 \u2013 nuotyki\u0173 palydov\u0117 ir \u017eaidim\u0173 draug\u0117, leid\u017eianti kurti savo istorijas.<br \/>\nL\u0117l\u0117s matmenys:<br \/>\n30 cm x 7 cm x 5 cm<\/p>","protected":false},"excerpt":{"rendered":"<p>M\u016bs\u0173 internetin\u0117je parduotuv\u0117je pristatome i\u0161skirtin\u0119 l\u0117l\u0119 \u2013 princes\u0119 Anlily, kuri prad\u017eiugins kiekvien\u0105 vaik\u0105. L\u0117l\u0117s dydis 30 cm x 7 cm<\/p>","protected":false},"featured_media":106833,"template":"","meta":{"_acf_changed":false,"_glsr_average":0,"_glsr_ranking":0,"_glsr_reviews":0},"product_brand":[],"product_cat":[443,229],"product_tag":[],"class_list":{"0":"post-106831","1":"product","2":"type-product","3":"status-publish","4":"has-post-thumbnail","6":"product_cat-leles-ir-priedai","7":"product_cat-zaislai-vaikams","8":"\"style=\"background-color: #2ecc711c;\"","10":"first","11":"instock","12":"purchasable","13":"product-type-simple"},"acf":[],"yoast_head":"<!-- This site is optimized with the Yoast SEO plugin v27.4 - https:\/\/yoast.com\/product\/yoast-seo-wordpress\/ -->\n<title>Vaiki\u0161ka l\u0117l\u0117 Anlily princes\u0117, ilgi \u0161vies\u016bs plaukai, tiara, ro\u017ein\u0117 suknel\u0117<\/title>\n<meta name=\"description\" content=\"Vaiki\u0161ka l\u0117l\u0117 Anlily princes\u0117, ilgi \u0161vies\u016bs plaukai, tiara, ro\u017ein\u0117 suknel\u0117 - KidsPlay. Did\u017eiausias vaik\u0173 \u017eaisl\u0173 pasirinkimas.\" \/>\n<meta name=\"robots\" content=\"index, follow, max-snippet:-1, max-image-preview:large, max-video-preview:-1\" \/>\n<link rel=\"canonical\" href=\"https:\/\/kidsplay.lt\/lv\/products\/vaikiska-lele-anlily-princese-ilgi-sviesus-plaukai-tiara-rozine-suknele\/\" \/>\n<meta property=\"og:locale\" content=\"lv_LV\" \/>\n<meta property=\"og:type\" content=\"article\" \/>\n<meta property=\"og:title\" content=\"Vaiki\u0161ka l\u0117l\u0117 Anlily princes\u0117, ilgi \u0161vies\u016bs plaukai, tiara, ro\u017ein\u0117 suknel\u0117\" \/>\n<meta property=\"og:description\" content=\"Vaiki\u0161ka l\u0117l\u0117 Anlily princes\u0117, ilgi \u0161vies\u016bs plaukai, tiara, ro\u017ein\u0117 suknel\u0117 - KidsPlay. Did\u017eiausias vaik\u0173 \u017eaisl\u0173 pasirinkimas.\" \/>\n<meta property=\"og:url\" content=\"https:\/\/kidsplay.lt\/lv\/products\/vaikiska-lele-anlily-princese-ilgi-sviesus-plaukai-tiara-rozine-suknele\/\" \/>\n<meta property=\"og:site_name\" content=\"KidsPlay\" \/>\n<meta property=\"article:publisher\" content=\"https:\/\/www.facebook.com\/www.kidsplay.lt\" \/>\n<meta property=\"article:modified_time\" content=\"2026-04-21T15:29:33+00:00\" \/>\n<meta property=\"og:image\" content=\"https:\/\/kidsplay.lt\/wp-content\/uploads\/2026\/04\/Vaikiska-lele-Anlily-princese-ilgi-sviesus-plaukai-tiara-rozine-suknele.jpg\" \/>\n\t<meta property=\"og:image:width\" content=\"1000\" \/>\n\t<meta property=\"og:image:height\" content=\"750\" \/>\n\t<meta property=\"og:image:type\" content=\"image\/jpeg\" \/>\n<meta name=\"twitter:card\" content=\"summary_large_image\" \/>\n<meta name=\"twitter:label1\" content=\"Est. reading time\" \/>\n\t<meta name=\"twitter:data1\" content=\"1 min\u016bte\" \/>\n<script type=\"application\/ld+json\" class=\"yoast-schema-graph\">{\"@context\":\"https:\\\/\\\/schema.org\",\"@graph\":[{\"@type\":\"WebPage\",\"@id\":\"https:\\\/\\\/kidsplay.lt\\\/produktas\\\/vaikiska-lele-anlily-princese-ilgi-sviesus-plaukai-tiara-rozine-suknele\\\/\",\"url\":\"https:\\\/\\\/kidsplay.lt\\\/produktas\\\/vaikiska-lele-anlily-princese-ilgi-sviesus-plaukai-tiara-rozine-suknele\\\/\",\"name\":\"Vaiki\u0161ka l\u0117l\u0117 Anlily princes\u0117, ilgi \u0161vies\u016bs plaukai, tiara, ro\u017ein\u0117 suknel\u0117\",\"isPartOf\":{\"@id\":\"https:\\\/\\\/kidsplay.lt\\\/#website\"},\"primaryImageOfPage\":{\"@id\":\"https:\\\/\\\/kidsplay.lt\\\/produktas\\\/vaikiska-lele-anlily-princese-ilgi-sviesus-plaukai-tiara-rozine-suknele\\\/#primaryimage\"},\"image\":{\"@id\":\"https:\\\/\\\/kidsplay.lt\\\/produktas\\\/vaikiska-lele-anlily-princese-ilgi-sviesus-plaukai-tiara-rozine-suknele\\\/#primaryimage\"},\"thumbnailUrl\":\"https:\\\/\\\/kidsplay.lt\\\/wp-content\\\/uploads\\\/2026\\\/04\\\/Vaikiska-lele-Anlily-princese-ilgi-sviesus-plaukai-tiara-rozine-suknele.jpg\",\"datePublished\":\"2026-04-21T04:30:07+00:00\",\"dateModified\":\"2026-04-21T15:29:33+00:00\",\"description\":\"Vaiki\u0161ka l\u0117l\u0117 Anlily princes\u0117, ilgi \u0161vies\u016bs plaukai, tiara, ro\u017ein\u0117 suknel\u0117 - KidsPlay. Did\u017eiausias vaik\u0173 \u017eaisl\u0173 pasirinkimas.\",\"breadcrumb\":{\"@id\":\"https:\\\/\\\/kidsplay.lt\\\/produktas\\\/vaikiska-lele-anlily-princese-ilgi-sviesus-plaukai-tiara-rozine-suknele\\\/#breadcrumb\"},\"inLanguage\":\"lv-LV\",\"potentialAction\":[{\"@type\":\"ReadAction\",\"target\":[\"https:\\\/\\\/kidsplay.lt\\\/produktas\\\/vaikiska-lele-anlily-princese-ilgi-sviesus-plaukai-tiara-rozine-suknele\\\/\"]}]},{\"@type\":\"ImageObject\",\"inLanguage\":\"lv-LV\",\"@id\":\"https:\\\/\\\/kidsplay.lt\\\/produktas\\\/vaikiska-lele-anlily-princese-ilgi-sviesus-plaukai-tiara-rozine-suknele\\\/#primaryimage\",\"url\":\"https:\\\/\\\/kidsplay.lt\\\/wp-content\\\/uploads\\\/2026\\\/04\\\/Vaikiska-lele-Anlily-princese-ilgi-sviesus-plaukai-tiara-rozine-suknele.jpg\",\"contentUrl\":\"https:\\\/\\\/kidsplay.lt\\\/wp-content\\\/uploads\\\/2026\\\/04\\\/Vaikiska-lele-Anlily-princese-ilgi-sviesus-plaukai-tiara-rozine-suknele.jpg\",\"width\":1000,\"height\":750,\"caption\":\"Vaiki\u0161ka l\u0117l\u0117 Anlily princes\u0117\"},{\"@type\":\"BreadcrumbList\",\"@id\":\"https:\\\/\\\/kidsplay.lt\\\/produktas\\\/vaikiska-lele-anlily-princese-ilgi-sviesus-plaukai-tiara-rozine-suknele\\\/#breadcrumb\",\"itemListElement\":[{\"@type\":\"ListItem\",\"position\":1,\"name\":\"Pagrindinis\",\"item\":\"https:\\\/\\\/kidsplay.lt\\\/\"},{\"@type\":\"ListItem\",\"position\":2,\"name\":\"Parduotuv\u0117\",\"item\":\"https:\\\/\\\/kidsplay.lt\\\/parduotuve\\\/\"},{\"@type\":\"ListItem\",\"position\":3,\"name\":\"Vaiki\u0161ka l\u0117l\u0117 Anlily princes\u0117, ilgi \u0161vies\u016bs plaukai, tiara, ro\u017ein\u0117 suknel\u0117\"}]},{\"@type\":\"WebSite\",\"@id\":\"https:\\\/\\\/kidsplay.lt\\\/#website\",\"url\":\"https:\\\/\\\/kidsplay.lt\\\/\",\"name\":\"Kidsplay.lt\",\"description\":\"\u012evairios prek\u0117s vaikams\",\"publisher\":{\"@id\":\"https:\\\/\\\/kidsplay.lt\\\/#organization\"},\"alternateName\":\"Kidsplay\",\"potentialAction\":[{\"@type\":\"SearchAction\",\"target\":{\"@type\":\"EntryPoint\",\"urlTemplate\":\"https:\\\/\\\/kidsplay.lt\\\/?s={search_term_string}\"},\"query-input\":{\"@type\":\"PropertyValueSpecification\",\"valueRequired\":true,\"valueName\":\"search_term_string\"}}],\"inLanguage\":\"lv-LV\"},{\"@type\":\"Organization\",\"@id\":\"https:\\\/\\\/kidsplay.lt\\\/#organization\",\"name\":\"KidsPlay\",\"url\":\"https:\\\/\\\/kidsplay.lt\\\/\",\"logo\":{\"@type\":\"ImageObject\",\"inLanguage\":\"lv-LV\",\"@id\":\"https:\\\/\\\/kidsplay.lt\\\/#\\\/schema\\\/logo\\\/image\\\/\",\"url\":\"https:\\\/\\\/kidsplay.lt\\\/wp-content\\\/uploads\\\/2023\\\/07\\\/kidsplay-logo.png\",\"contentUrl\":\"https:\\\/\\\/kidsplay.lt\\\/wp-content\\\/uploads\\\/2023\\\/07\\\/kidsplay-logo.png\",\"width\":451,\"height\":98,\"caption\":\"KidsPlay\"},\"image\":{\"@id\":\"https:\\\/\\\/kidsplay.lt\\\/#\\\/schema\\\/logo\\\/image\\\/\"},\"sameAs\":[\"https:\\\/\\\/www.facebook.com\\\/www.kidsplay.lt\"]}]}<\/script>\n<!-- \/ Yoast SEO plugin. -->","yoast_head_json":{"title":"Vaiki\u0161ka l\u0117l\u0117 Anlily princes\u0117, ilgi \u0161vies\u016bs plaukai, tiara, ro\u017ein\u0117 suknel\u0117","description":"Vaiki\u0161ka l\u0117l\u0117 Anlily princes\u0117, ilgi \u0161vies\u016bs plaukai, tiara, ro\u017ein\u0117 suknel\u0117 - KidsPlay. Did\u017eiausias vaik\u0173 \u017eaisl\u0173 pasirinkimas.","robots":{"index":"index","follow":"follow","max-snippet":"max-snippet:-1","max-image-preview":"max-image-preview:large","max-video-preview":"max-video-preview:-1"},"canonical":"https:\/\/kidsplay.lt\/lv\/products\/vaikiska-lele-anlily-princese-ilgi-sviesus-plaukai-tiara-rozine-suknele\/","og_locale":"lv_LV","og_type":"article","og_title":"Vaiki\u0161ka l\u0117l\u0117 Anlily princes\u0117, ilgi \u0161vies\u016bs plaukai, tiara, ro\u017ein\u0117 suknel\u0117","og_description":"Vaiki\u0161ka l\u0117l\u0117 Anlily princes\u0117, ilgi \u0161vies\u016bs plaukai, tiara, ro\u017ein\u0117 suknel\u0117 - KidsPlay. Did\u017eiausias vaik\u0173 \u017eaisl\u0173 pasirinkimas.","og_url":"https:\/\/kidsplay.lt\/lv\/products\/vaikiska-lele-anlily-princese-ilgi-sviesus-plaukai-tiara-rozine-suknele\/","og_site_name":"KidsPlay","article_publisher":"https:\/\/www.facebook.com\/www.kidsplay.lt","article_modified_time":"2026-04-21T15:29:33+00:00","og_image":[{"width":1000,"height":750,"url":"https:\/\/kidsplay.lt\/wp-content\/uploads\/2026\/04\/Vaikiska-lele-Anlily-princese-ilgi-sviesus-plaukai-tiara-rozine-suknele.jpg","type":"image\/jpeg"}],"twitter_card":"summary_large_image","twitter_misc":{"Est. reading time":"1 min\u016bte"},"schema":{"@context":"https:\/\/schema.org","@graph":[{"@type":"WebPage","@id":"https:\/\/kidsplay.lt\/produktas\/vaikiska-lele-anlily-princese-ilgi-sviesus-plaukai-tiara-rozine-suknele\/","url":"https:\/\/kidsplay.lt\/produktas\/vaikiska-lele-anlily-princese-ilgi-sviesus-plaukai-tiara-rozine-suknele\/","name":"Vaiki\u0161ka l\u0117l\u0117 Anlily princes\u0117, ilgi \u0161vies\u016bs plaukai, tiara, ro\u017ein\u0117 suknel\u0117","isPartOf":{"@id":"https:\/\/kidsplay.lt\/#website"},"primaryImageOfPage":{"@id":"https:\/\/kidsplay.lt\/produktas\/vaikiska-lele-anlily-princese-ilgi-sviesus-plaukai-tiara-rozine-suknele\/#primaryimage"},"image":{"@id":"https:\/\/kidsplay.lt\/produktas\/vaikiska-lele-anlily-princese-ilgi-sviesus-plaukai-tiara-rozine-suknele\/#primaryimage"},"thumbnailUrl":"https:\/\/kidsplay.lt\/wp-content\/uploads\/2026\/04\/Vaikiska-lele-Anlily-princese-ilgi-sviesus-plaukai-tiara-rozine-suknele.jpg","datePublished":"2026-04-21T04:30:07+00:00","dateModified":"2026-04-21T15:29:33+00:00","description":"Vaiki\u0161ka l\u0117l\u0117 Anlily princes\u0117, ilgi \u0161vies\u016bs plaukai, tiara, ro\u017ein\u0117 suknel\u0117 - KidsPlay. Did\u017eiausias vaik\u0173 \u017eaisl\u0173 pasirinkimas.","breadcrumb":{"@id":"https:\/\/kidsplay.lt\/produktas\/vaikiska-lele-anlily-princese-ilgi-sviesus-plaukai-tiara-rozine-suknele\/#breadcrumb"},"inLanguage":"lv-LV","potentialAction":[{"@type":"ReadAction","target":["https:\/\/kidsplay.lt\/produktas\/vaikiska-lele-anlily-princese-ilgi-sviesus-plaukai-tiara-rozine-suknele\/"]}]},{"@type":"ImageObject","inLanguage":"lv-LV","@id":"https:\/\/kidsplay.lt\/produktas\/vaikiska-lele-anlily-princese-ilgi-sviesus-plaukai-tiara-rozine-suknele\/#primaryimage","url":"https:\/\/kidsplay.lt\/wp-content\/uploads\/2026\/04\/Vaikiska-lele-Anlily-princese-ilgi-sviesus-plaukai-tiara-rozine-suknele.jpg","contentUrl":"https:\/\/kidsplay.lt\/wp-content\/uploads\/2026\/04\/Vaikiska-lele-Anlily-princese-ilgi-sviesus-plaukai-tiara-rozine-suknele.jpg","width":1000,"height":750,"caption":"Vaiki\u0161ka l\u0117l\u0117 Anlily princes\u0117"},{"@type":"BreadcrumbList","@id":"https:\/\/kidsplay.lt\/produktas\/vaikiska-lele-anlily-princese-ilgi-sviesus-plaukai-tiara-rozine-suknele\/#breadcrumb","itemListElement":[{"@type":"ListItem","position":1,"name":"Pagrindinis","item":"https:\/\/kidsplay.lt\/"},{"@type":"ListItem","position":2,"name":"Parduotuv\u0117","item":"https:\/\/kidsplay.lt\/parduotuve\/"},{"@type":"ListItem","position":3,"name":"Vaiki\u0161ka l\u0117l\u0117 Anlily princes\u0117, ilgi \u0161vies\u016bs plaukai, tiara, ro\u017ein\u0117 suknel\u0117"}]},{"@type":"WebSite","@id":"https:\/\/kidsplay.lt\/#website","url":"https:\/\/kidsplay.lt\/","name":"B\u0113rnu sp\u0113les.lv","description":"\u012evairios prek\u0117s vaikams","publisher":{"@id":"https:\/\/kidsplay.lt\/#organization"},"alternateName":"Kidsplay","potentialAction":[{"@type":"SearchAction","target":{"@type":"EntryPoint","urlTemplate":"https:\/\/kidsplay.lt\/?s={search_term_string}"},"query-input":{"@type":"PropertyValueSpecification","valueRequired":true,"valueName":"search_term_string"}}],"inLanguage":"lv-LV"},{"@type":"Organization","@id":"https:\/\/kidsplay.lt\/#organization","name":"B\u0113rnu sp\u0113le","url":"https:\/\/kidsplay.lt\/","logo":{"@type":"ImageObject","inLanguage":"lv-LV","@id":"https:\/\/kidsplay.lt\/#\/schema\/logo\/image\/","url":"https:\/\/kidsplay.lt\/wp-content\/uploads\/2023\/07\/kidsplay-logo.png","contentUrl":"https:\/\/kidsplay.lt\/wp-content\/uploads\/2023\/07\/kidsplay-logo.png","width":451,"height":98,"caption":"KidsPlay"},"image":{"@id":"https:\/\/kidsplay.lt\/#\/schema\/logo\/image\/"},"sameAs":["https:\/\/www.facebook.com\/www.kidsplay.lt"]}]}},"_links":{"self":[{"href":"https:\/\/kidsplay.lt\/lv\/wp-json\/wp\/v2\/product\/106831","targetHints":{"allow":["GET"]}}],"collection":[{"href":"https:\/\/kidsplay.lt\/lv\/wp-json\/wp\/v2\/product"}],"about":[{"href":"https:\/\/kidsplay.lt\/lv\/wp-json\/wp\/v2\/types\/product"}],"version-history":[{"count":1,"href":"https:\/\/kidsplay.lt\/lv\/wp-json\/wp\/v2\/product\/106831\/revisions"}],"predecessor-version":[{"id":106832,"href":"https:\/\/kidsplay.lt\/lv\/wp-json\/wp\/v2\/product\/106831\/revisions\/106832"}],"wp:featuredmedia":[{"embeddable":true,"href":"https:\/\/kidsplay.lt\/lv\/wp-json\/wp\/v2\/media\/106833"}],"wp:attachment":[{"href":"https:\/\/kidsplay.lt\/lv\/wp-json\/wp\/v2\/media?parent=106831"}],"wp:term":[{"taxonomy":"product_brand","embeddable":true,"href":"https:\/\/kidsplay.lt\/lv\/wp-json\/wp\/v2\/product_brand?post=106831"},{"taxonomy":"product_cat","embeddable":true,"href":"https:\/\/kidsplay.lt\/lv\/wp-json\/wp\/v2\/product_cat?post=106831"},{"taxonomy":"product_tag","embeddable":true,"href":"https:\/\/kidsplay.lt\/lv\/wp-json\/wp\/v2\/product_tag?post=106831"}],"curies":[{"name":"wp","href":"https:\/\/api.w.org\/{rel}","templated":true}]}}