{"id":106837,"date":"2026-04-21T07:30:13","date_gmt":"2026-04-21T04:30:13","guid":{"rendered":"https:\/\/kidsplay.lt\/produktas\/ugniagesiu-sunkvezimis-su-issukamais-priedais-raudonas\/"},"modified":"2026-04-23T15:17:34","modified_gmt":"2026-04-23T12:17:34","slug":"ugniagesiu-sunkvezimis-su-issukamais-priedais-raudonas","status":"publish","type":"product","link":"https:\/\/kidsplay.lt\/lv\/products\/ugniagesiu-sunkvezimis-su-issukamais-priedais-raudonas\/","title":{"rendered":"Ugniagesi\u0173 sunkve\u017eimis su i\u0161sukamais priedais, raudonas"},"content":{"rendered":"<p>Tai \u012fdomus modelis, nukeliantis vaikus \u012f heroj\u0173 pasaul\u012f, kurie gelbsti \u017emones avarin\u0117se situacijose. Tai ne tik \u017eaislas, bet ir priemon\u0117 lavinti vaizduot\u0119 bei k\u016brybi\u0161kum\u0105.<br \/>\n\u0160i \u012fsp\u016bdinga transporto priemon\u0117 atkartoja tikr\u0105 ugniagesi\u0173 sunkve\u017eimio i\u0161vaizd\u0105. Ji turi didelius ratus, kurie u\u017etikrina stabilum\u0105 net ir dinami\u0161ko \u017eaidimo metu. Atidaromos durys ir judamos kop\u0117\u010dios suteikia papildomo realisti\u0161kumo bei leid\u017eia imituoti gelb\u0117jimo operacijas.<br \/>\nTrinties pavara leid\u017eia lengvai pajudinti automobil\u012f past\u016bmus j\u012f \u012f priek\u012f. Be to, kop\u0117\u010dios sukasi ir i\u0161sitiesia, tod\u0117l galima pritaikyti jas \u012fvairiems \u017eaidimo scenarijams.<br \/>\n\u017daislas taip pat turi vandens \u012fpylimo funkcij\u0105, leid\u017eian\u010di\u0105 vaikams pasijusti tikrais ugniagesiais gesinant gaisr\u0105. Tai skatina k\u016brybi\u0161kum\u0105 ir scenarij\u0173 k\u016brim\u0105.<br \/>\nPapildoma funkcija \u2013 galimyb\u0117 patiems i\u0161sukti ir sukti detales. Rinkinyje yra atsuktuvas su dviem kei\u010diamais antgaliais, padedantis tai atlikti.<br \/>\nBe to, transporto priemon\u0117 turi keturis skirtingus garsus ir spalvotas \u0161viesas, kurios \u012fjungiamos mygtukais ant stogo. Tai suteikia dar daugiau realisti\u0161kumo.<br \/>\nVisa konstrukcija pagaminta i\u0161 tvirto plastiko, u\u017etikrinan\u010dio ilgaam\u017ei\u0161kum\u0105.<br \/>\nTai ne tik pramoga, bet ir mokymasis bei vaizduot\u0117s lavinimas \u2013 puiki dovana ma\u017eiesiems herojams.<br \/>\nRINKINIO TURINYS:<br \/>\nUgniagesi\u0173 sunkve\u017eimisAtsuktuvas su dviem antgaliais<br \/>\nTRANSPORTO PRIEMON\u0116S MATMENYS:<br \/>\n34 x 18 x 9,5 cm<br \/>\nProduktas turi CE sertifikat\u0105 ir atitinka EN71 standart\u0105. Skirtas vaikams nuo 3 met\u0173 am\u017eiaus.<\/p>","protected":false},"excerpt":{"rendered":"<p>Tai \u012fdomus modelis, nukeliantis vaikus \u012f heroj\u0173 pasaul\u012f, kurie gelbsti \u017emones avarin\u0117se situacijose. Tai ne tik \u017eaislas, bet ir priemon\u0117<\/p>","protected":false},"featured_media":106839,"template":"","meta":{"_acf_changed":false,"_glsr_average":0,"_glsr_ranking":0,"_glsr_reviews":0},"product_brand":[],"product_cat":[448,229],"product_tag":[],"class_list":{"0":"post-106837","1":"product","2":"type-product","3":"status-publish","4":"has-post-thumbnail","6":"product_cat-automobiliai-ir-transportas","7":"product_cat-zaislai-vaikams","8":"\"style=\"background-color: #2ecc711c;\"","10":"first","11":"instock","12":"purchasable","13":"product-type-simple"},"acf":[],"yoast_head":"<!-- This site is optimized with the Yoast SEO plugin v27.4 - https:\/\/yoast.com\/product\/yoast-seo-wordpress\/ -->\n<title>Ugniagesi\u0173 sunkve\u017eimis su i\u0161sukamais priedais, raudonas<\/title>\n<meta name=\"description\" content=\"Ugniagesi\u0173 sunkve\u017eimis su i\u0161sukamais priedais, raudonas - KidsPlay. Did\u017eiausias vaik\u0173 \u017eaisl\u0173 pasirinkimas.\" \/>\n<meta name=\"robots\" content=\"index, follow, max-snippet:-1, max-image-preview:large, max-video-preview:-1\" \/>\n<link rel=\"canonical\" href=\"https:\/\/kidsplay.lt\/lv\/products\/ugniagesiu-sunkvezimis-su-issukamais-priedais-raudonas\/\" \/>\n<meta property=\"og:locale\" content=\"lv_LV\" \/>\n<meta property=\"og:type\" content=\"article\" \/>\n<meta property=\"og:title\" content=\"Ugniagesi\u0173 sunkve\u017eimis su i\u0161sukamais priedais, raudonas\" \/>\n<meta property=\"og:description\" content=\"Ugniagesi\u0173 sunkve\u017eimis su i\u0161sukamais priedais, raudonas - KidsPlay. Did\u017eiausias vaik\u0173 \u017eaisl\u0173 pasirinkimas.\" \/>\n<meta property=\"og:url\" content=\"https:\/\/kidsplay.lt\/lv\/products\/ugniagesiu-sunkvezimis-su-issukamais-priedais-raudonas\/\" \/>\n<meta property=\"og:site_name\" content=\"KidsPlay\" \/>\n<meta property=\"article:publisher\" content=\"https:\/\/www.facebook.com\/www.kidsplay.lt\" \/>\n<meta property=\"article:modified_time\" content=\"2026-04-23T12:17:34+00:00\" \/>\n<meta property=\"og:image\" content=\"https:\/\/kidsplay.lt\/wp-content\/uploads\/2026\/04\/Ugniagesiu-sunkvezimis-su-issukamais-priedais-raudonas.jpg\" \/>\n\t<meta property=\"og:image:width\" content=\"1000\" \/>\n\t<meta property=\"og:image:height\" content=\"750\" \/>\n\t<meta property=\"og:image:type\" content=\"image\/jpeg\" \/>\n<meta name=\"twitter:card\" content=\"summary_large_image\" \/>\n<meta name=\"twitter:label1\" content=\"Est. reading time\" \/>\n\t<meta name=\"twitter:data1\" content=\"1 min\u016bte\" \/>\n<script type=\"application\/ld+json\" class=\"yoast-schema-graph\">{\"@context\":\"https:\\\/\\\/schema.org\",\"@graph\":[{\"@type\":\"WebPage\",\"@id\":\"https:\\\/\\\/kidsplay.lt\\\/produktas\\\/ugniagesiu-sunkvezimis-su-issukamais-priedais-raudonas\\\/\",\"url\":\"https:\\\/\\\/kidsplay.lt\\\/produktas\\\/ugniagesiu-sunkvezimis-su-issukamais-priedais-raudonas\\\/\",\"name\":\"Ugniagesi\u0173 sunkve\u017eimis su i\u0161sukamais priedais, raudonas\",\"isPartOf\":{\"@id\":\"https:\\\/\\\/kidsplay.lt\\\/#website\"},\"primaryImageOfPage\":{\"@id\":\"https:\\\/\\\/kidsplay.lt\\\/produktas\\\/ugniagesiu-sunkvezimis-su-issukamais-priedais-raudonas\\\/#primaryimage\"},\"image\":{\"@id\":\"https:\\\/\\\/kidsplay.lt\\\/produktas\\\/ugniagesiu-sunkvezimis-su-issukamais-priedais-raudonas\\\/#primaryimage\"},\"thumbnailUrl\":\"https:\\\/\\\/kidsplay.lt\\\/wp-content\\\/uploads\\\/2026\\\/04\\\/Ugniagesiu-sunkvezimis-su-issukamais-priedais-raudonas.jpg\",\"datePublished\":\"2026-04-21T04:30:13+00:00\",\"dateModified\":\"2026-04-23T12:17:34+00:00\",\"description\":\"Ugniagesi\u0173 sunkve\u017eimis su i\u0161sukamais priedais, raudonas - KidsPlay. Did\u017eiausias vaik\u0173 \u017eaisl\u0173 pasirinkimas.\",\"breadcrumb\":{\"@id\":\"https:\\\/\\\/kidsplay.lt\\\/produktas\\\/ugniagesiu-sunkvezimis-su-issukamais-priedais-raudonas\\\/#breadcrumb\"},\"inLanguage\":\"lv-LV\",\"potentialAction\":[{\"@type\":\"ReadAction\",\"target\":[\"https:\\\/\\\/kidsplay.lt\\\/produktas\\\/ugniagesiu-sunkvezimis-su-issukamais-priedais-raudonas\\\/\"]}]},{\"@type\":\"ImageObject\",\"inLanguage\":\"lv-LV\",\"@id\":\"https:\\\/\\\/kidsplay.lt\\\/produktas\\\/ugniagesiu-sunkvezimis-su-issukamais-priedais-raudonas\\\/#primaryimage\",\"url\":\"https:\\\/\\\/kidsplay.lt\\\/wp-content\\\/uploads\\\/2026\\\/04\\\/Ugniagesiu-sunkvezimis-su-issukamais-priedais-raudonas.jpg\",\"contentUrl\":\"https:\\\/\\\/kidsplay.lt\\\/wp-content\\\/uploads\\\/2026\\\/04\\\/Ugniagesiu-sunkvezimis-su-issukamais-priedais-raudonas.jpg\",\"width\":1000,\"height\":750,\"caption\":\"Ugniagesi\u0173 sunkve\u017eimis su i\u0161sukamais priedais\"},{\"@type\":\"BreadcrumbList\",\"@id\":\"https:\\\/\\\/kidsplay.lt\\\/produktas\\\/ugniagesiu-sunkvezimis-su-issukamais-priedais-raudonas\\\/#breadcrumb\",\"itemListElement\":[{\"@type\":\"ListItem\",\"position\":1,\"name\":\"Pagrindinis\",\"item\":\"https:\\\/\\\/kidsplay.lt\\\/\"},{\"@type\":\"ListItem\",\"position\":2,\"name\":\"Parduotuv\u0117\",\"item\":\"https:\\\/\\\/kidsplay.lt\\\/parduotuve\\\/\"},{\"@type\":\"ListItem\",\"position\":3,\"name\":\"Ugniagesi\u0173 sunkve\u017eimis su i\u0161sukamais priedais, raudonas\"}]},{\"@type\":\"WebSite\",\"@id\":\"https:\\\/\\\/kidsplay.lt\\\/#website\",\"url\":\"https:\\\/\\\/kidsplay.lt\\\/\",\"name\":\"Kidsplay.lt\",\"description\":\"\u012evairios prek\u0117s vaikams\",\"publisher\":{\"@id\":\"https:\\\/\\\/kidsplay.lt\\\/#organization\"},\"alternateName\":\"Kidsplay\",\"potentialAction\":[{\"@type\":\"SearchAction\",\"target\":{\"@type\":\"EntryPoint\",\"urlTemplate\":\"https:\\\/\\\/kidsplay.lt\\\/?s={search_term_string}\"},\"query-input\":{\"@type\":\"PropertyValueSpecification\",\"valueRequired\":true,\"valueName\":\"search_term_string\"}}],\"inLanguage\":\"lv-LV\"},{\"@type\":\"Organization\",\"@id\":\"https:\\\/\\\/kidsplay.lt\\\/#organization\",\"name\":\"KidsPlay\",\"url\":\"https:\\\/\\\/kidsplay.lt\\\/\",\"logo\":{\"@type\":\"ImageObject\",\"inLanguage\":\"lv-LV\",\"@id\":\"https:\\\/\\\/kidsplay.lt\\\/#\\\/schema\\\/logo\\\/image\\\/\",\"url\":\"https:\\\/\\\/kidsplay.lt\\\/wp-content\\\/uploads\\\/2023\\\/07\\\/kidsplay-logo.png\",\"contentUrl\":\"https:\\\/\\\/kidsplay.lt\\\/wp-content\\\/uploads\\\/2023\\\/07\\\/kidsplay-logo.png\",\"width\":451,\"height\":98,\"caption\":\"KidsPlay\"},\"image\":{\"@id\":\"https:\\\/\\\/kidsplay.lt\\\/#\\\/schema\\\/logo\\\/image\\\/\"},\"sameAs\":[\"https:\\\/\\\/www.facebook.com\\\/www.kidsplay.lt\"]}]}<\/script>\n<!-- \/ Yoast SEO plugin. -->","yoast_head_json":{"title":"Ugniagesi\u0173 sunkve\u017eimis su i\u0161sukamais priedais, raudonas","description":"Ugniagesi\u0173 sunkve\u017eimis su i\u0161sukamais priedais, raudonas - KidsPlay. Did\u017eiausias vaik\u0173 \u017eaisl\u0173 pasirinkimas.","robots":{"index":"index","follow":"follow","max-snippet":"max-snippet:-1","max-image-preview":"max-image-preview:large","max-video-preview":"max-video-preview:-1"},"canonical":"https:\/\/kidsplay.lt\/lv\/products\/ugniagesiu-sunkvezimis-su-issukamais-priedais-raudonas\/","og_locale":"lv_LV","og_type":"article","og_title":"Ugniagesi\u0173 sunkve\u017eimis su i\u0161sukamais priedais, raudonas","og_description":"Ugniagesi\u0173 sunkve\u017eimis su i\u0161sukamais priedais, raudonas - KidsPlay. Did\u017eiausias vaik\u0173 \u017eaisl\u0173 pasirinkimas.","og_url":"https:\/\/kidsplay.lt\/lv\/products\/ugniagesiu-sunkvezimis-su-issukamais-priedais-raudonas\/","og_site_name":"KidsPlay","article_publisher":"https:\/\/www.facebook.com\/www.kidsplay.lt","article_modified_time":"2026-04-23T12:17:34+00:00","og_image":[{"width":1000,"height":750,"url":"https:\/\/kidsplay.lt\/wp-content\/uploads\/2026\/04\/Ugniagesiu-sunkvezimis-su-issukamais-priedais-raudonas.jpg","type":"image\/jpeg"}],"twitter_card":"summary_large_image","twitter_misc":{"Est. reading time":"1 min\u016bte"},"schema":{"@context":"https:\/\/schema.org","@graph":[{"@type":"WebPage","@id":"https:\/\/kidsplay.lt\/produktas\/ugniagesiu-sunkvezimis-su-issukamais-priedais-raudonas\/","url":"https:\/\/kidsplay.lt\/produktas\/ugniagesiu-sunkvezimis-su-issukamais-priedais-raudonas\/","name":"Ugniagesi\u0173 sunkve\u017eimis su i\u0161sukamais priedais, raudonas","isPartOf":{"@id":"https:\/\/kidsplay.lt\/#website"},"primaryImageOfPage":{"@id":"https:\/\/kidsplay.lt\/produktas\/ugniagesiu-sunkvezimis-su-issukamais-priedais-raudonas\/#primaryimage"},"image":{"@id":"https:\/\/kidsplay.lt\/produktas\/ugniagesiu-sunkvezimis-su-issukamais-priedais-raudonas\/#primaryimage"},"thumbnailUrl":"https:\/\/kidsplay.lt\/wp-content\/uploads\/2026\/04\/Ugniagesiu-sunkvezimis-su-issukamais-priedais-raudonas.jpg","datePublished":"2026-04-21T04:30:13+00:00","dateModified":"2026-04-23T12:17:34+00:00","description":"Ugniagesi\u0173 sunkve\u017eimis su i\u0161sukamais priedais, raudonas - KidsPlay. Did\u017eiausias vaik\u0173 \u017eaisl\u0173 pasirinkimas.","breadcrumb":{"@id":"https:\/\/kidsplay.lt\/produktas\/ugniagesiu-sunkvezimis-su-issukamais-priedais-raudonas\/#breadcrumb"},"inLanguage":"lv-LV","potentialAction":[{"@type":"ReadAction","target":["https:\/\/kidsplay.lt\/produktas\/ugniagesiu-sunkvezimis-su-issukamais-priedais-raudonas\/"]}]},{"@type":"ImageObject","inLanguage":"lv-LV","@id":"https:\/\/kidsplay.lt\/produktas\/ugniagesiu-sunkvezimis-su-issukamais-priedais-raudonas\/#primaryimage","url":"https:\/\/kidsplay.lt\/wp-content\/uploads\/2026\/04\/Ugniagesiu-sunkvezimis-su-issukamais-priedais-raudonas.jpg","contentUrl":"https:\/\/kidsplay.lt\/wp-content\/uploads\/2026\/04\/Ugniagesiu-sunkvezimis-su-issukamais-priedais-raudonas.jpg","width":1000,"height":750,"caption":"Ugniagesi\u0173 sunkve\u017eimis su i\u0161sukamais priedais"},{"@type":"BreadcrumbList","@id":"https:\/\/kidsplay.lt\/produktas\/ugniagesiu-sunkvezimis-su-issukamais-priedais-raudonas\/#breadcrumb","itemListElement":[{"@type":"ListItem","position":1,"name":"Pagrindinis","item":"https:\/\/kidsplay.lt\/"},{"@type":"ListItem","position":2,"name":"Parduotuv\u0117","item":"https:\/\/kidsplay.lt\/parduotuve\/"},{"@type":"ListItem","position":3,"name":"Ugniagesi\u0173 sunkve\u017eimis su i\u0161sukamais priedais, raudonas"}]},{"@type":"WebSite","@id":"https:\/\/kidsplay.lt\/#website","url":"https:\/\/kidsplay.lt\/","name":"B\u0113rnu sp\u0113les.lv","description":"\u012evairios prek\u0117s vaikams","publisher":{"@id":"https:\/\/kidsplay.lt\/#organization"},"alternateName":"Kidsplay","potentialAction":[{"@type":"SearchAction","target":{"@type":"EntryPoint","urlTemplate":"https:\/\/kidsplay.lt\/?s={search_term_string}"},"query-input":{"@type":"PropertyValueSpecification","valueRequired":true,"valueName":"search_term_string"}}],"inLanguage":"lv-LV"},{"@type":"Organization","@id":"https:\/\/kidsplay.lt\/#organization","name":"B\u0113rnu sp\u0113le","url":"https:\/\/kidsplay.lt\/","logo":{"@type":"ImageObject","inLanguage":"lv-LV","@id":"https:\/\/kidsplay.lt\/#\/schema\/logo\/image\/","url":"https:\/\/kidsplay.lt\/wp-content\/uploads\/2023\/07\/kidsplay-logo.png","contentUrl":"https:\/\/kidsplay.lt\/wp-content\/uploads\/2023\/07\/kidsplay-logo.png","width":451,"height":98,"caption":"KidsPlay"},"image":{"@id":"https:\/\/kidsplay.lt\/#\/schema\/logo\/image\/"},"sameAs":["https:\/\/www.facebook.com\/www.kidsplay.lt"]}]}},"_links":{"self":[{"href":"https:\/\/kidsplay.lt\/lv\/wp-json\/wp\/v2\/product\/106837","targetHints":{"allow":["GET"]}}],"collection":[{"href":"https:\/\/kidsplay.lt\/lv\/wp-json\/wp\/v2\/product"}],"about":[{"href":"https:\/\/kidsplay.lt\/lv\/wp-json\/wp\/v2\/types\/product"}],"version-history":[{"count":1,"href":"https:\/\/kidsplay.lt\/lv\/wp-json\/wp\/v2\/product\/106837\/revisions"}],"predecessor-version":[{"id":106838,"href":"https:\/\/kidsplay.lt\/lv\/wp-json\/wp\/v2\/product\/106837\/revisions\/106838"}],"wp:featuredmedia":[{"embeddable":true,"href":"https:\/\/kidsplay.lt\/lv\/wp-json\/wp\/v2\/media\/106839"}],"wp:attachment":[{"href":"https:\/\/kidsplay.lt\/lv\/wp-json\/wp\/v2\/media?parent=106837"}],"wp:term":[{"taxonomy":"product_brand","embeddable":true,"href":"https:\/\/kidsplay.lt\/lv\/wp-json\/wp\/v2\/product_brand?post=106837"},{"taxonomy":"product_cat","embeddable":true,"href":"https:\/\/kidsplay.lt\/lv\/wp-json\/wp\/v2\/product_cat?post=106837"},{"taxonomy":"product_tag","embeddable":true,"href":"https:\/\/kidsplay.lt\/lv\/wp-json\/wp\/v2\/product_tag?post=106837"}],"curies":[{"name":"wp","href":"https:\/\/api.w.org\/{rel}","templated":true}]}}