{"id":106844,"date":"2026-04-21T07:30:19","date_gmt":"2026-04-21T04:30:19","guid":{"rendered":"https:\/\/kidsplay.lt\/produktas\/elektrinis-vandens-sautuvas-2in1-streles-zalias\/"},"modified":"2026-04-21T18:29:34","modified_gmt":"2026-04-21T15:29:34","slug":"elektrinis-vandens-sautuvas-2in1-streles-zalias","status":"publish","type":"product","link":"https:\/\/kidsplay.lt\/lv\/products\/elektrinis-vandens-sautuvas-2in1-streles-zalias\/","title":{"rendered":"Elektrinis vandens \u0161autuvas, 2in1 str\u0117l\u0117s, \u017ealias"},"content":{"rendered":"<p>Pristatome i\u0161skirtin\u012f 2-in-1 vandens rutuliuk\u0173 ir str\u0117li\u0173 \u0161autuv\u0105, kuris suteiks daug d\u017eiaugsmo tiek vaikams, tiek suaugusiems. \u0160is daugiafunkcis \u012frenginys apjungia du populiarius \u0161audymo b\u016bdus: vandens rutuliukus ir str\u0117les su siurbtukais, tod\u0117l puikiai tinka \u012fvairioms pramogoms lauke ar namuose.<br \/>\n\u0160autuvas i\u0161siskiria dinami\u0161komis spalvomis \u2013 jis yra intensyviai \u017ealios spalvos, suteikian\u010dios energijos ir patrauklumo. Papildomai dekoruotas sidabrin\u0117mis detal\u0117mis, kurios suteikia futuristin\u0119 ir moderni\u0105 i\u0161vaizd\u0105. Be to, visa konstrukcija papuo\u0161ta grafiti stiliaus elementais, suteikian\u010diais urbanistin\u012f charakter\u012f ir i\u0161skirtin\u012f stili\u0173.<br \/>\nVienas pagrindini\u0173 privalum\u0173 \u2013 permatomas vandens rutuliuk\u0173 talpos rezervuaras. Tai leid\u017eia lengvai matyti likusios \u201eamunicijos\u201c kiek\u012f ir laiku papildyti, nenutraukiant \u017eaidimo.<br \/>\n2-in-1 \u0161autuvas suteikia didel\u012f universalum\u0105 \u2013 galima \u0161audyti tiek vandens rutuliukais, tiek str\u0117l\u0117mis su siurbtukais. Tai leid\u017eia pritaikyti \u017eaidim\u0105 pagal situacij\u0105 ir nuotaik\u0105.<br \/>\nRinkinyje yra vandens rutuliukai ir 2 str\u0117l\u0117s su siurbtukais. Str\u0117l\u0117s puikiai tinka taikiniams \u2013 jos prilimpa prie lygi\u0173 pavir\u0161i\u0173, tod\u0117l galima kurti \u012fvairius \u017eaidimo scenarijus ir var\u017eybas.<br \/>\n\u0160autuvas maitinamas 3,7 V 500 mAh baterija (\u012ftraukta). Kroviklis taip pat yra komplekte.<br \/>\n\u0160autuvo matmenys: 27 x 15,5 x 4 cm<br \/>\nProduktas turi CE sertifikat\u0105 ir atitinka EN71 standart\u0105.<\/p>","protected":false},"excerpt":{"rendered":"<p>Pristatome i\u0161skirtin\u012f 2-in-1 vandens rutuliuk\u0173 ir str\u0117li\u0173 \u0161autuv\u0105, kuris suteiks daug d\u017eiaugsmo tiek vaikams, tiek suaugusiems. \u0160is daugiafunkcis \u012frenginys apjungia<\/p>","protected":false},"featured_media":106846,"template":"","meta":{"_acf_changed":false,"_glsr_average":0,"_glsr_ranking":0,"_glsr_reviews":0},"product_brand":[],"product_cat":[457,229],"product_tag":[],"class_list":{"0":"post-106844","1":"product","2":"type-product","3":"status-publish","4":"has-post-thumbnail","6":"product_cat-sautuvai","7":"product_cat-zaislai-vaikams","8":"\"style=\"background-color: #2ecc711c;\"","10":"first","11":"instock","12":"purchasable","13":"product-type-simple"},"acf":[],"yoast_head":"<!-- This site is optimized with the Yoast SEO plugin v27.4 - https:\/\/yoast.com\/product\/yoast-seo-wordpress\/ -->\n<title>Elektrinis vandens \u0161autuvas, 2in1 str\u0117l\u0117s, \u017ealias<\/title>\n<meta name=\"description\" content=\"Elektrinis vandens \u0161autuvas, 2in1 str\u0117l\u0117s, \u017ealias - KidsPlay. Did\u017eiausias vaik\u0173 \u017eaisl\u0173 pasirinkimas.\" \/>\n<meta name=\"robots\" content=\"index, follow, max-snippet:-1, max-image-preview:large, max-video-preview:-1\" \/>\n<link rel=\"canonical\" href=\"https:\/\/kidsplay.lt\/lv\/products\/elektrinis-vandens-sautuvas-2in1-streles-zalias\/\" \/>\n<meta property=\"og:locale\" content=\"lv_LV\" \/>\n<meta property=\"og:type\" content=\"article\" \/>\n<meta property=\"og:title\" content=\"Elektrinis vandens \u0161autuvas, 2in1 str\u0117l\u0117s, \u017ealias\" \/>\n<meta property=\"og:description\" content=\"Elektrinis vandens \u0161autuvas, 2in1 str\u0117l\u0117s, \u017ealias - KidsPlay. Did\u017eiausias vaik\u0173 \u017eaisl\u0173 pasirinkimas.\" \/>\n<meta property=\"og:url\" content=\"https:\/\/kidsplay.lt\/lv\/products\/elektrinis-vandens-sautuvas-2in1-streles-zalias\/\" \/>\n<meta property=\"og:site_name\" content=\"KidsPlay\" \/>\n<meta property=\"article:publisher\" content=\"https:\/\/www.facebook.com\/www.kidsplay.lt\" \/>\n<meta property=\"article:modified_time\" content=\"2026-04-21T15:29:34+00:00\" \/>\n<meta property=\"og:image\" content=\"https:\/\/kidsplay.lt\/wp-content\/uploads\/2026\/04\/Elektrinis-vandens-sautuvas-2in1-streles-zalias.png\" \/>\n\t<meta property=\"og:image:width\" content=\"1000\" \/>\n\t<meta property=\"og:image:height\" content=\"707\" \/>\n\t<meta property=\"og:image:type\" content=\"image\/png\" \/>\n<meta name=\"twitter:card\" content=\"summary_large_image\" \/>\n<meta name=\"twitter:label1\" content=\"Est. reading time\" \/>\n\t<meta name=\"twitter:data1\" content=\"1 min\u016bte\" \/>\n<script type=\"application\/ld+json\" class=\"yoast-schema-graph\">{\"@context\":\"https:\\\/\\\/schema.org\",\"@graph\":[{\"@type\":\"WebPage\",\"@id\":\"https:\\\/\\\/kidsplay.lt\\\/produktas\\\/elektrinis-vandens-sautuvas-2in1-streles-zalias\\\/\",\"url\":\"https:\\\/\\\/kidsplay.lt\\\/produktas\\\/elektrinis-vandens-sautuvas-2in1-streles-zalias\\\/\",\"name\":\"Elektrinis vandens \u0161autuvas, 2in1 str\u0117l\u0117s, \u017ealias\",\"isPartOf\":{\"@id\":\"https:\\\/\\\/kidsplay.lt\\\/#website\"},\"primaryImageOfPage\":{\"@id\":\"https:\\\/\\\/kidsplay.lt\\\/produktas\\\/elektrinis-vandens-sautuvas-2in1-streles-zalias\\\/#primaryimage\"},\"image\":{\"@id\":\"https:\\\/\\\/kidsplay.lt\\\/produktas\\\/elektrinis-vandens-sautuvas-2in1-streles-zalias\\\/#primaryimage\"},\"thumbnailUrl\":\"https:\\\/\\\/kidsplay.lt\\\/wp-content\\\/uploads\\\/2026\\\/04\\\/Elektrinis-vandens-sautuvas-2in1-streles-zalias.png\",\"datePublished\":\"2026-04-21T04:30:19+00:00\",\"dateModified\":\"2026-04-21T15:29:34+00:00\",\"description\":\"Elektrinis vandens \u0161autuvas, 2in1 str\u0117l\u0117s, \u017ealias - KidsPlay. Did\u017eiausias vaik\u0173 \u017eaisl\u0173 pasirinkimas.\",\"breadcrumb\":{\"@id\":\"https:\\\/\\\/kidsplay.lt\\\/produktas\\\/elektrinis-vandens-sautuvas-2in1-streles-zalias\\\/#breadcrumb\"},\"inLanguage\":\"lv-LV\",\"potentialAction\":[{\"@type\":\"ReadAction\",\"target\":[\"https:\\\/\\\/kidsplay.lt\\\/produktas\\\/elektrinis-vandens-sautuvas-2in1-streles-zalias\\\/\"]}]},{\"@type\":\"ImageObject\",\"inLanguage\":\"lv-LV\",\"@id\":\"https:\\\/\\\/kidsplay.lt\\\/produktas\\\/elektrinis-vandens-sautuvas-2in1-streles-zalias\\\/#primaryimage\",\"url\":\"https:\\\/\\\/kidsplay.lt\\\/wp-content\\\/uploads\\\/2026\\\/04\\\/Elektrinis-vandens-sautuvas-2in1-streles-zalias.png\",\"contentUrl\":\"https:\\\/\\\/kidsplay.lt\\\/wp-content\\\/uploads\\\/2026\\\/04\\\/Elektrinis-vandens-sautuvas-2in1-streles-zalias.png\",\"width\":1000,\"height\":707,\"caption\":\"Elektrinis vandens \u0161autuvas\"},{\"@type\":\"BreadcrumbList\",\"@id\":\"https:\\\/\\\/kidsplay.lt\\\/produktas\\\/elektrinis-vandens-sautuvas-2in1-streles-zalias\\\/#breadcrumb\",\"itemListElement\":[{\"@type\":\"ListItem\",\"position\":1,\"name\":\"Pagrindinis\",\"item\":\"https:\\\/\\\/kidsplay.lt\\\/\"},{\"@type\":\"ListItem\",\"position\":2,\"name\":\"Parduotuv\u0117\",\"item\":\"https:\\\/\\\/kidsplay.lt\\\/parduotuve\\\/\"},{\"@type\":\"ListItem\",\"position\":3,\"name\":\"Elektrinis vandens \u0161autuvas, 2in1 str\u0117l\u0117s, \u017ealias\"}]},{\"@type\":\"WebSite\",\"@id\":\"https:\\\/\\\/kidsplay.lt\\\/#website\",\"url\":\"https:\\\/\\\/kidsplay.lt\\\/\",\"name\":\"Kidsplay.lt\",\"description\":\"\u012evairios prek\u0117s vaikams\",\"publisher\":{\"@id\":\"https:\\\/\\\/kidsplay.lt\\\/#organization\"},\"alternateName\":\"Kidsplay\",\"potentialAction\":[{\"@type\":\"SearchAction\",\"target\":{\"@type\":\"EntryPoint\",\"urlTemplate\":\"https:\\\/\\\/kidsplay.lt\\\/?s={search_term_string}\"},\"query-input\":{\"@type\":\"PropertyValueSpecification\",\"valueRequired\":true,\"valueName\":\"search_term_string\"}}],\"inLanguage\":\"lv-LV\"},{\"@type\":\"Organization\",\"@id\":\"https:\\\/\\\/kidsplay.lt\\\/#organization\",\"name\":\"KidsPlay\",\"url\":\"https:\\\/\\\/kidsplay.lt\\\/\",\"logo\":{\"@type\":\"ImageObject\",\"inLanguage\":\"lv-LV\",\"@id\":\"https:\\\/\\\/kidsplay.lt\\\/#\\\/schema\\\/logo\\\/image\\\/\",\"url\":\"https:\\\/\\\/kidsplay.lt\\\/wp-content\\\/uploads\\\/2023\\\/07\\\/kidsplay-logo.png\",\"contentUrl\":\"https:\\\/\\\/kidsplay.lt\\\/wp-content\\\/uploads\\\/2023\\\/07\\\/kidsplay-logo.png\",\"width\":451,\"height\":98,\"caption\":\"KidsPlay\"},\"image\":{\"@id\":\"https:\\\/\\\/kidsplay.lt\\\/#\\\/schema\\\/logo\\\/image\\\/\"},\"sameAs\":[\"https:\\\/\\\/www.facebook.com\\\/www.kidsplay.lt\"]}]}<\/script>\n<!-- \/ Yoast SEO plugin. -->","yoast_head_json":{"title":"Elektrinis vandens \u0161autuvas, 2in1 str\u0117l\u0117s, \u017ealias","description":"Elektrinis vandens \u0161autuvas, 2in1 str\u0117l\u0117s, \u017ealias - KidsPlay. Did\u017eiausias vaik\u0173 \u017eaisl\u0173 pasirinkimas.","robots":{"index":"index","follow":"follow","max-snippet":"max-snippet:-1","max-image-preview":"max-image-preview:large","max-video-preview":"max-video-preview:-1"},"canonical":"https:\/\/kidsplay.lt\/lv\/products\/elektrinis-vandens-sautuvas-2in1-streles-zalias\/","og_locale":"lv_LV","og_type":"article","og_title":"Elektrinis vandens \u0161autuvas, 2in1 str\u0117l\u0117s, \u017ealias","og_description":"Elektrinis vandens \u0161autuvas, 2in1 str\u0117l\u0117s, \u017ealias - KidsPlay. Did\u017eiausias vaik\u0173 \u017eaisl\u0173 pasirinkimas.","og_url":"https:\/\/kidsplay.lt\/lv\/products\/elektrinis-vandens-sautuvas-2in1-streles-zalias\/","og_site_name":"KidsPlay","article_publisher":"https:\/\/www.facebook.com\/www.kidsplay.lt","article_modified_time":"2026-04-21T15:29:34+00:00","og_image":[{"width":1000,"height":707,"url":"https:\/\/kidsplay.lt\/wp-content\/uploads\/2026\/04\/Elektrinis-vandens-sautuvas-2in1-streles-zalias.png","type":"image\/png"}],"twitter_card":"summary_large_image","twitter_misc":{"Est. reading time":"1 min\u016bte"},"schema":{"@context":"https:\/\/schema.org","@graph":[{"@type":"WebPage","@id":"https:\/\/kidsplay.lt\/produktas\/elektrinis-vandens-sautuvas-2in1-streles-zalias\/","url":"https:\/\/kidsplay.lt\/produktas\/elektrinis-vandens-sautuvas-2in1-streles-zalias\/","name":"Elektrinis vandens \u0161autuvas, 2in1 str\u0117l\u0117s, \u017ealias","isPartOf":{"@id":"https:\/\/kidsplay.lt\/#website"},"primaryImageOfPage":{"@id":"https:\/\/kidsplay.lt\/produktas\/elektrinis-vandens-sautuvas-2in1-streles-zalias\/#primaryimage"},"image":{"@id":"https:\/\/kidsplay.lt\/produktas\/elektrinis-vandens-sautuvas-2in1-streles-zalias\/#primaryimage"},"thumbnailUrl":"https:\/\/kidsplay.lt\/wp-content\/uploads\/2026\/04\/Elektrinis-vandens-sautuvas-2in1-streles-zalias.png","datePublished":"2026-04-21T04:30:19+00:00","dateModified":"2026-04-21T15:29:34+00:00","description":"Elektrinis vandens \u0161autuvas, 2in1 str\u0117l\u0117s, \u017ealias - KidsPlay. Did\u017eiausias vaik\u0173 \u017eaisl\u0173 pasirinkimas.","breadcrumb":{"@id":"https:\/\/kidsplay.lt\/produktas\/elektrinis-vandens-sautuvas-2in1-streles-zalias\/#breadcrumb"},"inLanguage":"lv-LV","potentialAction":[{"@type":"ReadAction","target":["https:\/\/kidsplay.lt\/produktas\/elektrinis-vandens-sautuvas-2in1-streles-zalias\/"]}]},{"@type":"ImageObject","inLanguage":"lv-LV","@id":"https:\/\/kidsplay.lt\/produktas\/elektrinis-vandens-sautuvas-2in1-streles-zalias\/#primaryimage","url":"https:\/\/kidsplay.lt\/wp-content\/uploads\/2026\/04\/Elektrinis-vandens-sautuvas-2in1-streles-zalias.png","contentUrl":"https:\/\/kidsplay.lt\/wp-content\/uploads\/2026\/04\/Elektrinis-vandens-sautuvas-2in1-streles-zalias.png","width":1000,"height":707,"caption":"Elektrinis vandens \u0161autuvas"},{"@type":"BreadcrumbList","@id":"https:\/\/kidsplay.lt\/produktas\/elektrinis-vandens-sautuvas-2in1-streles-zalias\/#breadcrumb","itemListElement":[{"@type":"ListItem","position":1,"name":"Pagrindinis","item":"https:\/\/kidsplay.lt\/"},{"@type":"ListItem","position":2,"name":"Parduotuv\u0117","item":"https:\/\/kidsplay.lt\/parduotuve\/"},{"@type":"ListItem","position":3,"name":"Elektrinis vandens \u0161autuvas, 2in1 str\u0117l\u0117s, \u017ealias"}]},{"@type":"WebSite","@id":"https:\/\/kidsplay.lt\/#website","url":"https:\/\/kidsplay.lt\/","name":"B\u0113rnu sp\u0113les.lv","description":"\u012evairios prek\u0117s vaikams","publisher":{"@id":"https:\/\/kidsplay.lt\/#organization"},"alternateName":"Kidsplay","potentialAction":[{"@type":"SearchAction","target":{"@type":"EntryPoint","urlTemplate":"https:\/\/kidsplay.lt\/?s={search_term_string}"},"query-input":{"@type":"PropertyValueSpecification","valueRequired":true,"valueName":"search_term_string"}}],"inLanguage":"lv-LV"},{"@type":"Organization","@id":"https:\/\/kidsplay.lt\/#organization","name":"B\u0113rnu sp\u0113le","url":"https:\/\/kidsplay.lt\/","logo":{"@type":"ImageObject","inLanguage":"lv-LV","@id":"https:\/\/kidsplay.lt\/#\/schema\/logo\/image\/","url":"https:\/\/kidsplay.lt\/wp-content\/uploads\/2023\/07\/kidsplay-logo.png","contentUrl":"https:\/\/kidsplay.lt\/wp-content\/uploads\/2023\/07\/kidsplay-logo.png","width":451,"height":98,"caption":"KidsPlay"},"image":{"@id":"https:\/\/kidsplay.lt\/#\/schema\/logo\/image\/"},"sameAs":["https:\/\/www.facebook.com\/www.kidsplay.lt"]}]}},"_links":{"self":[{"href":"https:\/\/kidsplay.lt\/lv\/wp-json\/wp\/v2\/product\/106844","targetHints":{"allow":["GET"]}}],"collection":[{"href":"https:\/\/kidsplay.lt\/lv\/wp-json\/wp\/v2\/product"}],"about":[{"href":"https:\/\/kidsplay.lt\/lv\/wp-json\/wp\/v2\/types\/product"}],"version-history":[{"count":1,"href":"https:\/\/kidsplay.lt\/lv\/wp-json\/wp\/v2\/product\/106844\/revisions"}],"predecessor-version":[{"id":106845,"href":"https:\/\/kidsplay.lt\/lv\/wp-json\/wp\/v2\/product\/106844\/revisions\/106845"}],"wp:featuredmedia":[{"embeddable":true,"href":"https:\/\/kidsplay.lt\/lv\/wp-json\/wp\/v2\/media\/106846"}],"wp:attachment":[{"href":"https:\/\/kidsplay.lt\/lv\/wp-json\/wp\/v2\/media?parent=106844"}],"wp:term":[{"taxonomy":"product_brand","embeddable":true,"href":"https:\/\/kidsplay.lt\/lv\/wp-json\/wp\/v2\/product_brand?post=106844"},{"taxonomy":"product_cat","embeddable":true,"href":"https:\/\/kidsplay.lt\/lv\/wp-json\/wp\/v2\/product_cat?post=106844"},{"taxonomy":"product_tag","embeddable":true,"href":"https:\/\/kidsplay.lt\/lv\/wp-json\/wp\/v2\/product_tag?post=106844"}],"curies":[{"name":"wp","href":"https:\/\/api.w.org\/{rel}","templated":true}]}}