{"id":107085,"date":"2026-04-21T08:40:57","date_gmt":"2026-04-21T05:40:57","guid":{"rendered":"https:\/\/kidsplay.lt\/produktas\/boruzele-sodo-fontanas-vandens-zaislas\/"},"modified":"2026-04-21T13:16:10","modified_gmt":"2026-04-21T10:16:10","slug":"boruzele-sodo-fontanas-vandens-zaislas","status":"publish","type":"product","link":"https:\/\/kidsplay.lt\/lv\/products\/boruzele-sodo-fontanas-vandens-zaislas\/","title":{"rendered":"Boru\u017e\u0117l\u0117 sodo fontanas vandens \u017eaislas"},"content":{"rendered":"<p>Sodo Vandens Fontanas Boru\u017e\u0117l\u0117 \u2013 Interaktyvus Purk\u0161tuvas Kar\u0161toms Dienoms, Judanti Ir Pur\u0161kianti Visomis Kryptimis (8+)<\/p>\n<p>\u0160i \u017ealia boru\u017e\u0117l\u0117\u2013purk\u0161tuvas yra nepakei\u010diama vasaros pramoga vaikams. Prijungus prie sodo \u017earnos, boru\u017e\u0117l\u0117 \u201eatgyja\u201c \u2013 pradeda jud\u0117ti ir purk\u0161ti vanden\u012f \u012f visas puses, sukurdamas gaivinant\u012f, \u017eaisming\u0105 ir vizualiai \u012fsp\u016bding\u0105 fontan\u0105.<\/p>\n<p>Tai ne tik puikus b\u016bdas atsiv\u0117sinti kar\u0161tomis dienomis, bet ir interaktyvi veikla, kuri skatina vaikus jud\u0117ti, b\u0117gioti, juoktis ir tyrin\u0117ti. Auk\u0161tos kokyb\u0117s med\u017eiagos ir esteti\u0161kas dizainas daro boru\u017e\u0117l\u0119 ne tik funkcionalia, bet ir patrauklia sodo detale.<\/p>\n<p>Vasaros popiet\u0117s su \u0161iuo purk\u0161tuvu tampa kupinos d\u017eiaugsmo, aktyvumo ir nepamir\u0161tam\u0173 akimirk\u0173.<\/p>\n<p>Priek\u0161roc\u012bbas:<br \/>\n\u2714\ufe0f Judanti ir pur\u0161kianti boru\u017e\u0117l\u0117 \u2013 dinami\u0161ka pramoga \u2714\ufe0f Pur\u0161kia vanden\u012f \u012f visas puses \u2714\ufe0f Lengvai prijungiama prie sodo \u017earnos \u2714\ufe0f Skatina aktyv\u0173 \u017eaidim\u0105 lauke \u2714\ufe0f Auk\u0161tos kokyb\u0117s, esteti\u0161kas dizainas \u2714\ufe0f CE ir EN71 sertifikatai<\/p>\n<p>Tehniskie dati:<\/p>\n<p> \tBoru\u017e\u0117l\u0117s dydis: 14,5 \u00d7 15,5 \u00d7 8 cm<br \/>\n \tPakuot\u0117s dydis: 17 \u00d7 16 \u00d7 11,5 cm<br \/>\n \tVecums: no 8 gadu vecuma<br \/>\n \tSertifik\u0101ti: CE, EN71<\/p>\n<p>Komplekt\u0101 ietilpst:<\/p>\n<p> \tVandens purk\u0161tuvas boru\u017e\u0117l\u0117<br \/>\n \tPakuot\u0117<\/p>","protected":false},"excerpt":{"rendered":"<p>Sodo Vandens Fontanas Boru\u017e\u0117l\u0117 \u2013 Interaktyvus Purk\u0161tuvas Kar\u0161toms Dienoms, Judanti Ir Pur\u0161kianti Visomis Kryptimis (8+) \u0160i \u017ealia boru\u017e\u0117l\u0117\u2013purk\u0161tuvas yra nepakei\u010diama<\/p>","protected":false},"featured_media":107087,"template":"","meta":{"_acf_changed":false,"_glsr_average":0,"_glsr_ranking":0,"_glsr_reviews":0},"product_brand":[],"product_cat":[233,390],"product_tag":[],"class_list":{"0":"post-107085","1":"product","2":"type-product","3":"status-publish","4":"has-post-thumbnail","6":"product_cat-lauko-pramogos","7":"product_cat-vandens-pramogos","8":"\"style=\"background-color: #2ecc711c;\"","10":"first","11":"instock","12":"purchasable","13":"product-type-simple"},"acf":[],"yoast_head":"<!-- This site is optimized with the Yoast SEO plugin v27.4 - https:\/\/yoast.com\/product\/yoast-seo-wordpress\/ -->\n<title>Boru\u017e\u0117l\u0117 sodo fontanas vandens \u017eaislas<\/title>\n<meta name=\"description\" content=\"Boru\u017e\u0117l\u0117 sodo fontanas vandens \u017eaislas - KidsPlay. Did\u017eiausias vaik\u0173 \u017eaisl\u0173 pasirinkimas.\" \/>\n<meta name=\"robots\" content=\"index, follow, max-snippet:-1, max-image-preview:large, max-video-preview:-1\" \/>\n<link rel=\"canonical\" href=\"https:\/\/kidsplay.lt\/lv\/products\/boruzele-sodo-fontanas-vandens-zaislas\/\" \/>\n<meta property=\"og:locale\" content=\"lv_LV\" \/>\n<meta property=\"og:type\" content=\"article\" \/>\n<meta property=\"og:title\" content=\"Boru\u017e\u0117l\u0117 sodo fontanas vandens \u017eaislas\" \/>\n<meta property=\"og:description\" content=\"Boru\u017e\u0117l\u0117 sodo fontanas vandens \u017eaislas - KidsPlay. Did\u017eiausias vaik\u0173 \u017eaisl\u0173 pasirinkimas.\" \/>\n<meta property=\"og:url\" content=\"https:\/\/kidsplay.lt\/lv\/products\/boruzele-sodo-fontanas-vandens-zaislas\/\" \/>\n<meta property=\"og:site_name\" content=\"KidsPlay\" \/>\n<meta property=\"article:publisher\" content=\"https:\/\/www.facebook.com\/www.kidsplay.lt\" \/>\n<meta property=\"article:modified_time\" content=\"2026-04-21T10:16:10+00:00\" \/>\n<meta property=\"og:image\" content=\"https:\/\/kidsplay.lt\/wp-content\/uploads\/2026\/04\/Boruzele-sodo-fontanas-vandens-zaislas.png\" \/>\n\t<meta property=\"og:image:width\" content=\"1000\" \/>\n\t<meta property=\"og:image:height\" content=\"707\" \/>\n\t<meta property=\"og:image:type\" content=\"image\/png\" \/>\n<meta name=\"twitter:card\" content=\"summary_large_image\" \/>\n<meta name=\"twitter:label1\" content=\"Est. reading time\" \/>\n\t<meta name=\"twitter:data1\" content=\"1 min\u016bte\" \/>\n<script type=\"application\/ld+json\" class=\"yoast-schema-graph\">{\"@context\":\"https:\\\/\\\/schema.org\",\"@graph\":[{\"@type\":\"WebPage\",\"@id\":\"https:\\\/\\\/kidsplay.lt\\\/produktas\\\/boruzele-sodo-fontanas-vandens-zaislas\\\/\",\"url\":\"https:\\\/\\\/kidsplay.lt\\\/produktas\\\/boruzele-sodo-fontanas-vandens-zaislas\\\/\",\"name\":\"Boru\u017e\u0117l\u0117 sodo fontanas vandens \u017eaislas\",\"isPartOf\":{\"@id\":\"https:\\\/\\\/kidsplay.lt\\\/#website\"},\"primaryImageOfPage\":{\"@id\":\"https:\\\/\\\/kidsplay.lt\\\/produktas\\\/boruzele-sodo-fontanas-vandens-zaislas\\\/#primaryimage\"},\"image\":{\"@id\":\"https:\\\/\\\/kidsplay.lt\\\/produktas\\\/boruzele-sodo-fontanas-vandens-zaislas\\\/#primaryimage\"},\"thumbnailUrl\":\"https:\\\/\\\/kidsplay.lt\\\/wp-content\\\/uploads\\\/2026\\\/04\\\/Boruzele-sodo-fontanas-vandens-zaislas.png\",\"datePublished\":\"2026-04-21T05:40:57+00:00\",\"dateModified\":\"2026-04-21T10:16:10+00:00\",\"description\":\"Boru\u017e\u0117l\u0117 sodo fontanas vandens \u017eaislas - KidsPlay. Did\u017eiausias vaik\u0173 \u017eaisl\u0173 pasirinkimas.\",\"breadcrumb\":{\"@id\":\"https:\\\/\\\/kidsplay.lt\\\/produktas\\\/boruzele-sodo-fontanas-vandens-zaislas\\\/#breadcrumb\"},\"inLanguage\":\"lv-LV\",\"potentialAction\":[{\"@type\":\"ReadAction\",\"target\":[\"https:\\\/\\\/kidsplay.lt\\\/produktas\\\/boruzele-sodo-fontanas-vandens-zaislas\\\/\"]}]},{\"@type\":\"ImageObject\",\"inLanguage\":\"lv-LV\",\"@id\":\"https:\\\/\\\/kidsplay.lt\\\/produktas\\\/boruzele-sodo-fontanas-vandens-zaislas\\\/#primaryimage\",\"url\":\"https:\\\/\\\/kidsplay.lt\\\/wp-content\\\/uploads\\\/2026\\\/04\\\/Boruzele-sodo-fontanas-vandens-zaislas.png\",\"contentUrl\":\"https:\\\/\\\/kidsplay.lt\\\/wp-content\\\/uploads\\\/2026\\\/04\\\/Boruzele-sodo-fontanas-vandens-zaislas.png\",\"width\":1000,\"height\":707,\"caption\":\"Boru\u017e\u0117l\u0117 sodo fontanas vandens \u017eaislas\"},{\"@type\":\"BreadcrumbList\",\"@id\":\"https:\\\/\\\/kidsplay.lt\\\/produktas\\\/boruzele-sodo-fontanas-vandens-zaislas\\\/#breadcrumb\",\"itemListElement\":[{\"@type\":\"ListItem\",\"position\":1,\"name\":\"Pagrindinis\",\"item\":\"https:\\\/\\\/kidsplay.lt\\\/\"},{\"@type\":\"ListItem\",\"position\":2,\"name\":\"Parduotuv\u0117\",\"item\":\"https:\\\/\\\/kidsplay.lt\\\/parduotuve\\\/\"},{\"@type\":\"ListItem\",\"position\":3,\"name\":\"Boru\u017e\u0117l\u0117 sodo fontanas vandens \u017eaislas\"}]},{\"@type\":\"WebSite\",\"@id\":\"https:\\\/\\\/kidsplay.lt\\\/#website\",\"url\":\"https:\\\/\\\/kidsplay.lt\\\/\",\"name\":\"Kidsplay.lt\",\"description\":\"\u012evairios prek\u0117s vaikams\",\"publisher\":{\"@id\":\"https:\\\/\\\/kidsplay.lt\\\/#organization\"},\"alternateName\":\"Kidsplay\",\"potentialAction\":[{\"@type\":\"SearchAction\",\"target\":{\"@type\":\"EntryPoint\",\"urlTemplate\":\"https:\\\/\\\/kidsplay.lt\\\/?s={search_term_string}\"},\"query-input\":{\"@type\":\"PropertyValueSpecification\",\"valueRequired\":true,\"valueName\":\"search_term_string\"}}],\"inLanguage\":\"lv-LV\"},{\"@type\":\"Organization\",\"@id\":\"https:\\\/\\\/kidsplay.lt\\\/#organization\",\"name\":\"KidsPlay\",\"url\":\"https:\\\/\\\/kidsplay.lt\\\/\",\"logo\":{\"@type\":\"ImageObject\",\"inLanguage\":\"lv-LV\",\"@id\":\"https:\\\/\\\/kidsplay.lt\\\/#\\\/schema\\\/logo\\\/image\\\/\",\"url\":\"https:\\\/\\\/kidsplay.lt\\\/wp-content\\\/uploads\\\/2023\\\/07\\\/kidsplay-logo.png\",\"contentUrl\":\"https:\\\/\\\/kidsplay.lt\\\/wp-content\\\/uploads\\\/2023\\\/07\\\/kidsplay-logo.png\",\"width\":451,\"height\":98,\"caption\":\"KidsPlay\"},\"image\":{\"@id\":\"https:\\\/\\\/kidsplay.lt\\\/#\\\/schema\\\/logo\\\/image\\\/\"},\"sameAs\":[\"https:\\\/\\\/www.facebook.com\\\/www.kidsplay.lt\"]}]}<\/script>\n<!-- \/ Yoast SEO plugin. -->","yoast_head_json":{"title":"Boru\u017e\u0117l\u0117 sodo fontanas vandens \u017eaislas","description":"Boru\u017e\u0117l\u0117 sodo fontanas vandens \u017eaislas - KidsPlay. Did\u017eiausias vaik\u0173 \u017eaisl\u0173 pasirinkimas.","robots":{"index":"index","follow":"follow","max-snippet":"max-snippet:-1","max-image-preview":"max-image-preview:large","max-video-preview":"max-video-preview:-1"},"canonical":"https:\/\/kidsplay.lt\/lv\/products\/boruzele-sodo-fontanas-vandens-zaislas\/","og_locale":"lv_LV","og_type":"article","og_title":"Boru\u017e\u0117l\u0117 sodo fontanas vandens \u017eaislas","og_description":"Boru\u017e\u0117l\u0117 sodo fontanas vandens \u017eaislas - KidsPlay. Did\u017eiausias vaik\u0173 \u017eaisl\u0173 pasirinkimas.","og_url":"https:\/\/kidsplay.lt\/lv\/products\/boruzele-sodo-fontanas-vandens-zaislas\/","og_site_name":"KidsPlay","article_publisher":"https:\/\/www.facebook.com\/www.kidsplay.lt","article_modified_time":"2026-04-21T10:16:10+00:00","og_image":[{"width":1000,"height":707,"url":"https:\/\/kidsplay.lt\/wp-content\/uploads\/2026\/04\/Boruzele-sodo-fontanas-vandens-zaislas.png","type":"image\/png"}],"twitter_card":"summary_large_image","twitter_misc":{"Est. reading time":"1 min\u016bte"},"schema":{"@context":"https:\/\/schema.org","@graph":[{"@type":"WebPage","@id":"https:\/\/kidsplay.lt\/produktas\/boruzele-sodo-fontanas-vandens-zaislas\/","url":"https:\/\/kidsplay.lt\/produktas\/boruzele-sodo-fontanas-vandens-zaislas\/","name":"Boru\u017e\u0117l\u0117 sodo fontanas vandens \u017eaislas","isPartOf":{"@id":"https:\/\/kidsplay.lt\/#website"},"primaryImageOfPage":{"@id":"https:\/\/kidsplay.lt\/produktas\/boruzele-sodo-fontanas-vandens-zaislas\/#primaryimage"},"image":{"@id":"https:\/\/kidsplay.lt\/produktas\/boruzele-sodo-fontanas-vandens-zaislas\/#primaryimage"},"thumbnailUrl":"https:\/\/kidsplay.lt\/wp-content\/uploads\/2026\/04\/Boruzele-sodo-fontanas-vandens-zaislas.png","datePublished":"2026-04-21T05:40:57+00:00","dateModified":"2026-04-21T10:16:10+00:00","description":"Boru\u017e\u0117l\u0117 sodo fontanas vandens \u017eaislas - KidsPlay. Did\u017eiausias vaik\u0173 \u017eaisl\u0173 pasirinkimas.","breadcrumb":{"@id":"https:\/\/kidsplay.lt\/produktas\/boruzele-sodo-fontanas-vandens-zaislas\/#breadcrumb"},"inLanguage":"lv-LV","potentialAction":[{"@type":"ReadAction","target":["https:\/\/kidsplay.lt\/produktas\/boruzele-sodo-fontanas-vandens-zaislas\/"]}]},{"@type":"ImageObject","inLanguage":"lv-LV","@id":"https:\/\/kidsplay.lt\/produktas\/boruzele-sodo-fontanas-vandens-zaislas\/#primaryimage","url":"https:\/\/kidsplay.lt\/wp-content\/uploads\/2026\/04\/Boruzele-sodo-fontanas-vandens-zaislas.png","contentUrl":"https:\/\/kidsplay.lt\/wp-content\/uploads\/2026\/04\/Boruzele-sodo-fontanas-vandens-zaislas.png","width":1000,"height":707,"caption":"Boru\u017e\u0117l\u0117 sodo fontanas vandens \u017eaislas"},{"@type":"BreadcrumbList","@id":"https:\/\/kidsplay.lt\/produktas\/boruzele-sodo-fontanas-vandens-zaislas\/#breadcrumb","itemListElement":[{"@type":"ListItem","position":1,"name":"Pagrindinis","item":"https:\/\/kidsplay.lt\/"},{"@type":"ListItem","position":2,"name":"Parduotuv\u0117","item":"https:\/\/kidsplay.lt\/parduotuve\/"},{"@type":"ListItem","position":3,"name":"Boru\u017e\u0117l\u0117 sodo fontanas vandens \u017eaislas"}]},{"@type":"WebSite","@id":"https:\/\/kidsplay.lt\/#website","url":"https:\/\/kidsplay.lt\/","name":"B\u0113rnu sp\u0113les.lv","description":"\u012evairios prek\u0117s vaikams","publisher":{"@id":"https:\/\/kidsplay.lt\/#organization"},"alternateName":"Kidsplay","potentialAction":[{"@type":"SearchAction","target":{"@type":"EntryPoint","urlTemplate":"https:\/\/kidsplay.lt\/?s={search_term_string}"},"query-input":{"@type":"PropertyValueSpecification","valueRequired":true,"valueName":"search_term_string"}}],"inLanguage":"lv-LV"},{"@type":"Organization","@id":"https:\/\/kidsplay.lt\/#organization","name":"B\u0113rnu sp\u0113le","url":"https:\/\/kidsplay.lt\/","logo":{"@type":"ImageObject","inLanguage":"lv-LV","@id":"https:\/\/kidsplay.lt\/#\/schema\/logo\/image\/","url":"https:\/\/kidsplay.lt\/wp-content\/uploads\/2023\/07\/kidsplay-logo.png","contentUrl":"https:\/\/kidsplay.lt\/wp-content\/uploads\/2023\/07\/kidsplay-logo.png","width":451,"height":98,"caption":"KidsPlay"},"image":{"@id":"https:\/\/kidsplay.lt\/#\/schema\/logo\/image\/"},"sameAs":["https:\/\/www.facebook.com\/www.kidsplay.lt"]}]}},"_links":{"self":[{"href":"https:\/\/kidsplay.lt\/lv\/wp-json\/wp\/v2\/product\/107085","targetHints":{"allow":["GET"]}}],"collection":[{"href":"https:\/\/kidsplay.lt\/lv\/wp-json\/wp\/v2\/product"}],"about":[{"href":"https:\/\/kidsplay.lt\/lv\/wp-json\/wp\/v2\/types\/product"}],"version-history":[{"count":1,"href":"https:\/\/kidsplay.lt\/lv\/wp-json\/wp\/v2\/product\/107085\/revisions"}],"predecessor-version":[{"id":107086,"href":"https:\/\/kidsplay.lt\/lv\/wp-json\/wp\/v2\/product\/107085\/revisions\/107086"}],"wp:featuredmedia":[{"embeddable":true,"href":"https:\/\/kidsplay.lt\/lv\/wp-json\/wp\/v2\/media\/107087"}],"wp:attachment":[{"href":"https:\/\/kidsplay.lt\/lv\/wp-json\/wp\/v2\/media?parent=107085"}],"wp:term":[{"taxonomy":"product_brand","embeddable":true,"href":"https:\/\/kidsplay.lt\/lv\/wp-json\/wp\/v2\/product_brand?post=107085"},{"taxonomy":"product_cat","embeddable":true,"href":"https:\/\/kidsplay.lt\/lv\/wp-json\/wp\/v2\/product_cat?post=107085"},{"taxonomy":"product_tag","embeddable":true,"href":"https:\/\/kidsplay.lt\/lv\/wp-json\/wp\/v2\/product_tag?post=107085"}],"curies":[{"name":"wp","href":"https:\/\/api.w.org\/{rel}","templated":true}]}}