{"id":108460,"date":"2026-04-24T07:55:04","date_gmt":"2026-04-24T04:55:04","guid":{"rendered":"https:\/\/kidsplay.lt\/produktas\/rolly-toys-traktoriaus-priekaba-rollytrailer-su-atsidaranciais-sonais\/"},"modified":"2026-04-24T07:55:09","modified_gmt":"2026-04-24T04:55:09","slug":"rolly-toys-traktoriaus-priekaba-rollytrailer-su-atsidaranciais-sonais","status":"publish","type":"product","link":"https:\/\/kidsplay.lt\/lv\/products\/rolly-toys-traktoriaus-priekaba-rollytrailer-su-atsidaranciais-sonais\/","title":{"rendered":"\u201eRolly Toys\u201c traktoriaus priekaba \u201erollyTrailer\u201c su atsidaran\u010diais \u0161onais"},"content":{"rendered":"<p>\u0160i \u201eRolly Toys\u201c priekaba \u2013 tai tvirtas ir funkcionalus traktoriaus priedas, skirtas realisti\u0161kam \u016bkio \u017eaidimui. D\u0117l atsidaran\u010di\u0173 \u0161on\u0173 ir vienaa\u0161\u0117s konstrukcijos ji leid\u017eia vaikams patogiai krauti ir i\u0161krauti \u201ekrovinius\u201c, taip dar labiau \u012ftraukiant \u012f vaidmen\u0173 \u017eaidim\u0105.<br \/>\nFunkcijas:<\/p>\n<p> \tAtidaromi nuleid\u017eiami \u0161oniniai bortai<br \/>\n \tVienaa\u0161\u0117 priekaba<br \/>\n \tSuderinama su visais \u201eRolly Toys\u201c traktoriais su prikabinimo kilpa<br \/>\n \tTvirta ir patvari konstrukcija<br \/>\n \tRealisti\u0161kas dizainas<br \/>\n \tVokie\u010di\u0173 gamintojo kokyb\u0117<\/p>\n<p>I\u0161matavimai:<\/p>\n<p> \tIlgis: 62 cm<br \/>\n \tPlotis: 46 cm<br \/>\n \tAuk\u0161tis: 37 cm<br \/>\n \tSvoris: 3,1 kg<\/p>","protected":false},"excerpt":{"rendered":"<p>\u0160i \u201eRolly Toys\u201c priekaba \u2013 tai tvirtas ir funkcionalus traktoriaus priedas, skirtas realisti\u0161kam \u016bkio \u017eaidimui. D\u0117l atsidaran\u010di\u0173 \u0161on\u0173 ir vienaa\u0161\u0117s<\/p>","protected":false},"featured_media":108462,"template":"","meta":{"_acf_changed":false,"_glsr_average":0,"_glsr_ranking":0,"_glsr_reviews":0},"product_brand":[],"product_cat":[237,433],"product_tag":[],"class_list":{"0":"post-108460","1":"product","2":"type-product","3":"status-publish","4":"has-post-thumbnail","6":"product_cat-judejimo-priemones","7":"product_cat-priedai-judejimo-priemones","8":"\"style=\"background-color: #2ecc711c;\"","10":"first","11":"instock","12":"purchasable","13":"product-type-simple"},"acf":[],"yoast_head":"<!-- This site is optimized with the Yoast SEO plugin v27.4 - https:\/\/yoast.com\/product\/yoast-seo-wordpress\/ -->\n<title>\u201eRolly Toys\u201c traktoriaus priekaba \u201erollyTrailer\u201c su atsidaran\u010diais \u0161onais<\/title>\n<meta name=\"description\" content=\"\u201eRolly Toys\u201c traktoriaus priekaba \u201erollyTrailer\u201c su atsidaran\u010diais \u0161onais - KidsPlay. Did\u017eiausias vaik\u0173 \u017eaisl\u0173 pasirinkimas.\" \/>\n<meta name=\"robots\" content=\"index, follow, max-snippet:-1, max-image-preview:large, max-video-preview:-1\" \/>\n<link rel=\"canonical\" href=\"https:\/\/kidsplay.lt\/lv\/products\/rolly-toys-traktoriaus-priekaba-rollytrailer-su-atsidaranciais-sonais\/\" \/>\n<meta property=\"og:locale\" content=\"lv_LV\" \/>\n<meta property=\"og:type\" content=\"article\" \/>\n<meta property=\"og:title\" content=\"\u201eRolly Toys\u201c traktoriaus priekaba \u201erollyTrailer\u201c su atsidaran\u010diais \u0161onais\" \/>\n<meta property=\"og:description\" content=\"\u201eRolly Toys\u201c traktoriaus priekaba \u201erollyTrailer\u201c su atsidaran\u010diais \u0161onais - KidsPlay. Did\u017eiausias vaik\u0173 \u017eaisl\u0173 pasirinkimas.\" \/>\n<meta property=\"og:url\" content=\"https:\/\/kidsplay.lt\/lv\/products\/rolly-toys-traktoriaus-priekaba-rollytrailer-su-atsidaranciais-sonais\/\" \/>\n<meta property=\"og:site_name\" content=\"KidsPlay\" \/>\n<meta property=\"article:publisher\" content=\"https:\/\/www.facebook.com\/www.kidsplay.lt\" \/>\n<meta property=\"article:modified_time\" content=\"2026-04-24T04:55:09+00:00\" \/>\n<meta property=\"og:image\" content=\"https:\/\/kidsplay.lt\/wp-content\/uploads\/2026\/04\/\u201eRolly-Toys-traktoriaus-priekaba-\u201erollyTrailer-su-atsidaranciais-sonais.jpg\" \/>\n\t<meta property=\"og:image:width\" content=\"2560\" \/>\n\t<meta property=\"og:image:height\" content=\"2560\" \/>\n\t<meta property=\"og:image:type\" content=\"image\/jpeg\" \/>\n<meta name=\"twitter:card\" content=\"summary_large_image\" \/>\n<script type=\"application\/ld+json\" class=\"yoast-schema-graph\">{\"@context\":\"https:\\\/\\\/schema.org\",\"@graph\":[{\"@type\":\"WebPage\",\"@id\":\"https:\\\/\\\/kidsplay.lt\\\/produktas\\\/rolly-toys-traktoriaus-priekaba-rollytrailer-su-atsidaranciais-sonais\\\/\",\"url\":\"https:\\\/\\\/kidsplay.lt\\\/produktas\\\/rolly-toys-traktoriaus-priekaba-rollytrailer-su-atsidaranciais-sonais\\\/\",\"name\":\"\u201eRolly Toys\u201c traktoriaus priekaba \u201erollyTrailer\u201c su atsidaran\u010diais \u0161onais\",\"isPartOf\":{\"@id\":\"https:\\\/\\\/kidsplay.lt\\\/#website\"},\"primaryImageOfPage\":{\"@id\":\"https:\\\/\\\/kidsplay.lt\\\/produktas\\\/rolly-toys-traktoriaus-priekaba-rollytrailer-su-atsidaranciais-sonais\\\/#primaryimage\"},\"image\":{\"@id\":\"https:\\\/\\\/kidsplay.lt\\\/produktas\\\/rolly-toys-traktoriaus-priekaba-rollytrailer-su-atsidaranciais-sonais\\\/#primaryimage\"},\"thumbnailUrl\":\"https:\\\/\\\/kidsplay.lt\\\/wp-content\\\/uploads\\\/2026\\\/04\\\/\u201eRolly-Toys-traktoriaus-priekaba-\u201erollyTrailer-su-atsidaranciais-sonais.jpg\",\"datePublished\":\"2026-04-24T04:55:04+00:00\",\"dateModified\":\"2026-04-24T04:55:09+00:00\",\"description\":\"\u201eRolly Toys\u201c traktoriaus priekaba \u201erollyTrailer\u201c su atsidaran\u010diais \u0161onais - KidsPlay. Did\u017eiausias vaik\u0173 \u017eaisl\u0173 pasirinkimas.\",\"breadcrumb\":{\"@id\":\"https:\\\/\\\/kidsplay.lt\\\/produktas\\\/rolly-toys-traktoriaus-priekaba-rollytrailer-su-atsidaranciais-sonais\\\/#breadcrumb\"},\"inLanguage\":\"lv-LV\",\"potentialAction\":[{\"@type\":\"ReadAction\",\"target\":[\"https:\\\/\\\/kidsplay.lt\\\/produktas\\\/rolly-toys-traktoriaus-priekaba-rollytrailer-su-atsidaranciais-sonais\\\/\"]}]},{\"@type\":\"ImageObject\",\"inLanguage\":\"lv-LV\",\"@id\":\"https:\\\/\\\/kidsplay.lt\\\/produktas\\\/rolly-toys-traktoriaus-priekaba-rollytrailer-su-atsidaranciais-sonais\\\/#primaryimage\",\"url\":\"https:\\\/\\\/kidsplay.lt\\\/wp-content\\\/uploads\\\/2026\\\/04\\\/\u201eRolly-Toys-traktoriaus-priekaba-\u201erollyTrailer-su-atsidaranciais-sonais.jpg\",\"contentUrl\":\"https:\\\/\\\/kidsplay.lt\\\/wp-content\\\/uploads\\\/2026\\\/04\\\/\u201eRolly-Toys-traktoriaus-priekaba-\u201erollyTrailer-su-atsidaranciais-sonais.jpg\",\"width\":2560,\"height\":2560,\"caption\":\"\u201eRolly Toys\u201c traktoriaus priekaba \u201erollyTrailer\u201c su atsidaran\u010diais \u0161onais\"},{\"@type\":\"BreadcrumbList\",\"@id\":\"https:\\\/\\\/kidsplay.lt\\\/produktas\\\/rolly-toys-traktoriaus-priekaba-rollytrailer-su-atsidaranciais-sonais\\\/#breadcrumb\",\"itemListElement\":[{\"@type\":\"ListItem\",\"position\":1,\"name\":\"Pagrindinis\",\"item\":\"https:\\\/\\\/kidsplay.lt\\\/\"},{\"@type\":\"ListItem\",\"position\":2,\"name\":\"Parduotuv\u0117\",\"item\":\"https:\\\/\\\/kidsplay.lt\\\/parduotuve\\\/\"},{\"@type\":\"ListItem\",\"position\":3,\"name\":\"\u201eRolly Toys\u201c traktoriaus priekaba \u201erollyTrailer\u201c su atsidaran\u010diais \u0161onais\"}]},{\"@type\":\"WebSite\",\"@id\":\"https:\\\/\\\/kidsplay.lt\\\/#website\",\"url\":\"https:\\\/\\\/kidsplay.lt\\\/\",\"name\":\"Kidsplay.lt\",\"description\":\"\u012evairios prek\u0117s vaikams\",\"publisher\":{\"@id\":\"https:\\\/\\\/kidsplay.lt\\\/#organization\"},\"alternateName\":\"Kidsplay\",\"potentialAction\":[{\"@type\":\"SearchAction\",\"target\":{\"@type\":\"EntryPoint\",\"urlTemplate\":\"https:\\\/\\\/kidsplay.lt\\\/?s={search_term_string}\"},\"query-input\":{\"@type\":\"PropertyValueSpecification\",\"valueRequired\":true,\"valueName\":\"search_term_string\"}}],\"inLanguage\":\"lv-LV\"},{\"@type\":\"Organization\",\"@id\":\"https:\\\/\\\/kidsplay.lt\\\/#organization\",\"name\":\"KidsPlay\",\"url\":\"https:\\\/\\\/kidsplay.lt\\\/\",\"logo\":{\"@type\":\"ImageObject\",\"inLanguage\":\"lv-LV\",\"@id\":\"https:\\\/\\\/kidsplay.lt\\\/#\\\/schema\\\/logo\\\/image\\\/\",\"url\":\"https:\\\/\\\/kidsplay.lt\\\/wp-content\\\/uploads\\\/2023\\\/07\\\/kidsplay-logo.png\",\"contentUrl\":\"https:\\\/\\\/kidsplay.lt\\\/wp-content\\\/uploads\\\/2023\\\/07\\\/kidsplay-logo.png\",\"width\":451,\"height\":98,\"caption\":\"KidsPlay\"},\"image\":{\"@id\":\"https:\\\/\\\/kidsplay.lt\\\/#\\\/schema\\\/logo\\\/image\\\/\"},\"sameAs\":[\"https:\\\/\\\/www.facebook.com\\\/www.kidsplay.lt\"]}]}<\/script>\n<!-- \/ Yoast SEO plugin. -->","yoast_head_json":{"title":"\u201eRolly Toys\u201c traktoriaus priekaba \u201erollyTrailer\u201c su atsidaran\u010diais \u0161onais","description":"\u201eRolly Toys\u201c traktoriaus priekaba \u201erollyTrailer\u201c su atsidaran\u010diais \u0161onais - KidsPlay. Did\u017eiausias vaik\u0173 \u017eaisl\u0173 pasirinkimas.","robots":{"index":"index","follow":"follow","max-snippet":"max-snippet:-1","max-image-preview":"max-image-preview:large","max-video-preview":"max-video-preview:-1"},"canonical":"https:\/\/kidsplay.lt\/lv\/products\/rolly-toys-traktoriaus-priekaba-rollytrailer-su-atsidaranciais-sonais\/","og_locale":"lv_LV","og_type":"article","og_title":"\u201eRolly Toys\u201c traktoriaus priekaba \u201erollyTrailer\u201c su atsidaran\u010diais \u0161onais","og_description":"\u201eRolly Toys\u201c traktoriaus priekaba \u201erollyTrailer\u201c su atsidaran\u010diais \u0161onais - KidsPlay. Did\u017eiausias vaik\u0173 \u017eaisl\u0173 pasirinkimas.","og_url":"https:\/\/kidsplay.lt\/lv\/products\/rolly-toys-traktoriaus-priekaba-rollytrailer-su-atsidaranciais-sonais\/","og_site_name":"KidsPlay","article_publisher":"https:\/\/www.facebook.com\/www.kidsplay.lt","article_modified_time":"2026-04-24T04:55:09+00:00","og_image":[{"width":2560,"height":2560,"url":"https:\/\/kidsplay.lt\/wp-content\/uploads\/2026\/04\/\u201eRolly-Toys-traktoriaus-priekaba-\u201erollyTrailer-su-atsidaranciais-sonais.jpg","type":"image\/jpeg"}],"twitter_card":"summary_large_image","schema":{"@context":"https:\/\/schema.org","@graph":[{"@type":"WebPage","@id":"https:\/\/kidsplay.lt\/produktas\/rolly-toys-traktoriaus-priekaba-rollytrailer-su-atsidaranciais-sonais\/","url":"https:\/\/kidsplay.lt\/produktas\/rolly-toys-traktoriaus-priekaba-rollytrailer-su-atsidaranciais-sonais\/","name":"\u201eRolly Toys\u201c traktoriaus priekaba \u201erollyTrailer\u201c su atsidaran\u010diais \u0161onais","isPartOf":{"@id":"https:\/\/kidsplay.lt\/#website"},"primaryImageOfPage":{"@id":"https:\/\/kidsplay.lt\/produktas\/rolly-toys-traktoriaus-priekaba-rollytrailer-su-atsidaranciais-sonais\/#primaryimage"},"image":{"@id":"https:\/\/kidsplay.lt\/produktas\/rolly-toys-traktoriaus-priekaba-rollytrailer-su-atsidaranciais-sonais\/#primaryimage"},"thumbnailUrl":"https:\/\/kidsplay.lt\/wp-content\/uploads\/2026\/04\/\u201eRolly-Toys-traktoriaus-priekaba-\u201erollyTrailer-su-atsidaranciais-sonais.jpg","datePublished":"2026-04-24T04:55:04+00:00","dateModified":"2026-04-24T04:55:09+00:00","description":"\u201eRolly Toys\u201c traktoriaus priekaba \u201erollyTrailer\u201c su atsidaran\u010diais \u0161onais - KidsPlay. Did\u017eiausias vaik\u0173 \u017eaisl\u0173 pasirinkimas.","breadcrumb":{"@id":"https:\/\/kidsplay.lt\/produktas\/rolly-toys-traktoriaus-priekaba-rollytrailer-su-atsidaranciais-sonais\/#breadcrumb"},"inLanguage":"lv-LV","potentialAction":[{"@type":"ReadAction","target":["https:\/\/kidsplay.lt\/produktas\/rolly-toys-traktoriaus-priekaba-rollytrailer-su-atsidaranciais-sonais\/"]}]},{"@type":"ImageObject","inLanguage":"lv-LV","@id":"https:\/\/kidsplay.lt\/produktas\/rolly-toys-traktoriaus-priekaba-rollytrailer-su-atsidaranciais-sonais\/#primaryimage","url":"https:\/\/kidsplay.lt\/wp-content\/uploads\/2026\/04\/\u201eRolly-Toys-traktoriaus-priekaba-\u201erollyTrailer-su-atsidaranciais-sonais.jpg","contentUrl":"https:\/\/kidsplay.lt\/wp-content\/uploads\/2026\/04\/\u201eRolly-Toys-traktoriaus-priekaba-\u201erollyTrailer-su-atsidaranciais-sonais.jpg","width":2560,"height":2560,"caption":"\u201eRolly Toys\u201c traktoriaus priekaba \u201erollyTrailer\u201c su atsidaran\u010diais \u0161onais"},{"@type":"BreadcrumbList","@id":"https:\/\/kidsplay.lt\/produktas\/rolly-toys-traktoriaus-priekaba-rollytrailer-su-atsidaranciais-sonais\/#breadcrumb","itemListElement":[{"@type":"ListItem","position":1,"name":"Pagrindinis","item":"https:\/\/kidsplay.lt\/"},{"@type":"ListItem","position":2,"name":"Parduotuv\u0117","item":"https:\/\/kidsplay.lt\/parduotuve\/"},{"@type":"ListItem","position":3,"name":"\u201eRolly Toys\u201c traktoriaus priekaba \u201erollyTrailer\u201c su atsidaran\u010diais \u0161onais"}]},{"@type":"WebSite","@id":"https:\/\/kidsplay.lt\/#website","url":"https:\/\/kidsplay.lt\/","name":"B\u0113rnu sp\u0113les.lv","description":"\u012evairios prek\u0117s vaikams","publisher":{"@id":"https:\/\/kidsplay.lt\/#organization"},"alternateName":"Kidsplay","potentialAction":[{"@type":"SearchAction","target":{"@type":"EntryPoint","urlTemplate":"https:\/\/kidsplay.lt\/?s={search_term_string}"},"query-input":{"@type":"PropertyValueSpecification","valueRequired":true,"valueName":"search_term_string"}}],"inLanguage":"lv-LV"},{"@type":"Organization","@id":"https:\/\/kidsplay.lt\/#organization","name":"B\u0113rnu sp\u0113le","url":"https:\/\/kidsplay.lt\/","logo":{"@type":"ImageObject","inLanguage":"lv-LV","@id":"https:\/\/kidsplay.lt\/#\/schema\/logo\/image\/","url":"https:\/\/kidsplay.lt\/wp-content\/uploads\/2023\/07\/kidsplay-logo.png","contentUrl":"https:\/\/kidsplay.lt\/wp-content\/uploads\/2023\/07\/kidsplay-logo.png","width":451,"height":98,"caption":"KidsPlay"},"image":{"@id":"https:\/\/kidsplay.lt\/#\/schema\/logo\/image\/"},"sameAs":["https:\/\/www.facebook.com\/www.kidsplay.lt"]}]}},"_links":{"self":[{"href":"https:\/\/kidsplay.lt\/lv\/wp-json\/wp\/v2\/product\/108460","targetHints":{"allow":["GET"]}}],"collection":[{"href":"https:\/\/kidsplay.lt\/lv\/wp-json\/wp\/v2\/product"}],"about":[{"href":"https:\/\/kidsplay.lt\/lv\/wp-json\/wp\/v2\/types\/product"}],"version-history":[{"count":1,"href":"https:\/\/kidsplay.lt\/lv\/wp-json\/wp\/v2\/product\/108460\/revisions"}],"predecessor-version":[{"id":108461,"href":"https:\/\/kidsplay.lt\/lv\/wp-json\/wp\/v2\/product\/108460\/revisions\/108461"}],"wp:featuredmedia":[{"embeddable":true,"href":"https:\/\/kidsplay.lt\/lv\/wp-json\/wp\/v2\/media\/108462"}],"wp:attachment":[{"href":"https:\/\/kidsplay.lt\/lv\/wp-json\/wp\/v2\/media?parent=108460"}],"wp:term":[{"taxonomy":"product_brand","embeddable":true,"href":"https:\/\/kidsplay.lt\/lv\/wp-json\/wp\/v2\/product_brand?post=108460"},{"taxonomy":"product_cat","embeddable":true,"href":"https:\/\/kidsplay.lt\/lv\/wp-json\/wp\/v2\/product_cat?post=108460"},{"taxonomy":"product_tag","embeddable":true,"href":"https:\/\/kidsplay.lt\/lv\/wp-json\/wp\/v2\/product_tag?post=108460"}],"curies":[{"name":"wp","href":"https:\/\/api.w.org\/{rel}","templated":true}]}}