{"id":108464,"date":"2026-04-24T07:55:12","date_gmt":"2026-04-24T04:55:12","guid":{"rendered":"https:\/\/kidsplay.lt\/produktas\/woopie-baby-2-in-1-projektorius-ir-migdukas-pliusinis-hipopotamas\/"},"modified":"2026-04-24T07:55:29","modified_gmt":"2026-04-24T04:55:29","slug":"woopie-baby-2-in-1-projektorius-ir-migdukas-pliusinis-hipopotamas","status":"publish","type":"product","link":"https:\/\/kidsplay.lt\/lv\/products\/woopie-baby-2-in-1-projektorius-ir-migdukas-pliusinis-hipopotamas\/","title":{"rendered":"\u201eWOOPIE BABY\u201c 2-in-1 projektorius ir migdukas \u2013 pliu\u0161inis hipopotamas"},"content":{"rendered":"<p>\u0160is \u201eWOOPIE BABY\u201c hipopotamas \u2013 tai mink\u0161tas pliu\u0161inis migdukas su projektoriaus ir muzikos funkcijomis, sukurtas pad\u0117ti vaikui lengviau u\u017emigti ir jaustis saugiai. Jis projektuoja raminan\u010dius vaizdus ant lub\u0173 ir groja lop\u0161ines bei gamtos garsus, kurdamas jauki\u0105 miego atmosfer\u0105.<br \/>\nFunkcijas:<\/p>\n<p> \tSkirtas k\u016bdikiams ir ma\u017eiems vaikams<br \/>\n \t2-in-1 funkcija: pliu\u0161inis \u017eaislas + projektorius<br \/>\n \tProjektuoja \u017evaig\u017edes, m\u0117nul\u012f ir planetas<br \/>\n \tSpalvas kei\u010diantys \u0161viesos efektai<br \/>\n \tLop\u0161in\u0117s ir gamtos garsai fone<br \/>\n \tDaugiau nei 10 skirting\u0173 lop\u0161ini\u0173<br \/>\n \tMuzika groja iki ~20 minu\u010di\u0173<br \/>\n \t2 garsumo lygiai<br \/>\n \tI\u0161imamas mechanizmas \u2013 galima plauti \u017eaisl\u0105<br \/>\n \tMink\u0161tas, saugus, su medvilniniu u\u017epildu<br \/>\n \tMaitinimas: 3 x AAA baterijos (nepridedamos)<\/p>","protected":false},"excerpt":{"rendered":"<p>\u0160is \u201eWOOPIE BABY\u201c hipopotamas \u2013 tai mink\u0161tas pliu\u0161inis migdukas su projektoriaus ir muzikos funkcijomis, sukurtas pad\u0117ti vaikui lengviau u\u017emigti ir<\/p>","protected":false},"featured_media":108466,"template":"","meta":{"_acf_changed":false,"_glsr_average":0,"_glsr_ranking":0,"_glsr_reviews":0},"product_brand":[],"product_cat":[396,458],"product_tag":[],"class_list":{"0":"post-108464","1":"product","2":"type-product","3":"status-publish","4":"has-post-thumbnail","6":"product_cat-kudikiu-zaislai-vaikams2","7":"product_cat-ramiam-uzmigimui","8":"\"style=\"background-color: #2ecc711c;\"","10":"first","11":"instock","12":"purchasable","13":"product-type-simple"},"acf":[],"yoast_head":"<!-- This site is optimized with the Yoast SEO plugin v27.4 - https:\/\/yoast.com\/product\/yoast-seo-wordpress\/ -->\n<title>\u201eWOOPIE BABY\u201c 2-in-1 projektorius ir migdukas \u2013 pliu\u0161inis hipopotamas<\/title>\n<meta name=\"description\" content=\"\u201eWOOPIE BABY\u201c 2-in-1 projektorius ir migdukas \u2013 pliu\u0161inis hipopotamas - KidsPlay. Did\u017eiausias vaik\u0173 \u017eaisl\u0173 pasirinkimas.\" \/>\n<meta name=\"robots\" content=\"index, follow, max-snippet:-1, max-image-preview:large, max-video-preview:-1\" \/>\n<link rel=\"canonical\" href=\"https:\/\/kidsplay.lt\/lv\/products\/woopie-baby-2-in-1-projektorius-ir-migdukas-pliusinis-hipopotamas\/\" \/>\n<meta property=\"og:locale\" content=\"lv_LV\" \/>\n<meta property=\"og:type\" content=\"article\" \/>\n<meta property=\"og:title\" content=\"\u201eWOOPIE BABY\u201c 2-in-1 projektorius ir migdukas \u2013 pliu\u0161inis hipopotamas\" \/>\n<meta property=\"og:description\" content=\"\u201eWOOPIE BABY\u201c 2-in-1 projektorius ir migdukas \u2013 pliu\u0161inis hipopotamas - KidsPlay. Did\u017eiausias vaik\u0173 \u017eaisl\u0173 pasirinkimas.\" \/>\n<meta property=\"og:url\" content=\"https:\/\/kidsplay.lt\/lv\/products\/woopie-baby-2-in-1-projektorius-ir-migdukas-pliusinis-hipopotamas\/\" \/>\n<meta property=\"og:site_name\" content=\"KidsPlay\" \/>\n<meta property=\"article:publisher\" content=\"https:\/\/www.facebook.com\/www.kidsplay.lt\" \/>\n<meta property=\"article:modified_time\" content=\"2026-04-24T04:55:29+00:00\" \/>\n<meta property=\"og:image\" content=\"https:\/\/kidsplay.lt\/wp-content\/uploads\/2026\/04\/\u201eWOOPIE-BABY-2-in-1-projektorius-ir-migdukas-\u2013-pliusinis-hipopotamas.jpg\" \/>\n\t<meta property=\"og:image:width\" content=\"2500\" \/>\n\t<meta property=\"og:image:height\" content=\"2500\" \/>\n\t<meta property=\"og:image:type\" content=\"image\/jpeg\" \/>\n<meta name=\"twitter:card\" content=\"summary_large_image\" \/>\n<meta name=\"twitter:label1\" content=\"Est. reading time\" \/>\n\t<meta name=\"twitter:data1\" content=\"1 min\u016bte\" \/>\n<script type=\"application\/ld+json\" class=\"yoast-schema-graph\">{\"@context\":\"https:\\\/\\\/schema.org\",\"@graph\":[{\"@type\":\"WebPage\",\"@id\":\"https:\\\/\\\/kidsplay.lt\\\/produktas\\\/woopie-baby-2-in-1-projektorius-ir-migdukas-pliusinis-hipopotamas\\\/\",\"url\":\"https:\\\/\\\/kidsplay.lt\\\/produktas\\\/woopie-baby-2-in-1-projektorius-ir-migdukas-pliusinis-hipopotamas\\\/\",\"name\":\"\u201eWOOPIE BABY\u201c 2-in-1 projektorius ir migdukas \u2013 pliu\u0161inis hipopotamas\",\"isPartOf\":{\"@id\":\"https:\\\/\\\/kidsplay.lt\\\/#website\"},\"primaryImageOfPage\":{\"@id\":\"https:\\\/\\\/kidsplay.lt\\\/produktas\\\/woopie-baby-2-in-1-projektorius-ir-migdukas-pliusinis-hipopotamas\\\/#primaryimage\"},\"image\":{\"@id\":\"https:\\\/\\\/kidsplay.lt\\\/produktas\\\/woopie-baby-2-in-1-projektorius-ir-migdukas-pliusinis-hipopotamas\\\/#primaryimage\"},\"thumbnailUrl\":\"https:\\\/\\\/kidsplay.lt\\\/wp-content\\\/uploads\\\/2026\\\/04\\\/\u201eWOOPIE-BABY-2-in-1-projektorius-ir-migdukas-\u2013-pliusinis-hipopotamas.jpg\",\"datePublished\":\"2026-04-24T04:55:12+00:00\",\"dateModified\":\"2026-04-24T04:55:29+00:00\",\"description\":\"\u201eWOOPIE BABY\u201c 2-in-1 projektorius ir migdukas \u2013 pliu\u0161inis hipopotamas - KidsPlay. Did\u017eiausias vaik\u0173 \u017eaisl\u0173 pasirinkimas.\",\"breadcrumb\":{\"@id\":\"https:\\\/\\\/kidsplay.lt\\\/produktas\\\/woopie-baby-2-in-1-projektorius-ir-migdukas-pliusinis-hipopotamas\\\/#breadcrumb\"},\"inLanguage\":\"lv-LV\",\"potentialAction\":[{\"@type\":\"ReadAction\",\"target\":[\"https:\\\/\\\/kidsplay.lt\\\/produktas\\\/woopie-baby-2-in-1-projektorius-ir-migdukas-pliusinis-hipopotamas\\\/\"]}]},{\"@type\":\"ImageObject\",\"inLanguage\":\"lv-LV\",\"@id\":\"https:\\\/\\\/kidsplay.lt\\\/produktas\\\/woopie-baby-2-in-1-projektorius-ir-migdukas-pliusinis-hipopotamas\\\/#primaryimage\",\"url\":\"https:\\\/\\\/kidsplay.lt\\\/wp-content\\\/uploads\\\/2026\\\/04\\\/\u201eWOOPIE-BABY-2-in-1-projektorius-ir-migdukas-\u2013-pliusinis-hipopotamas.jpg\",\"contentUrl\":\"https:\\\/\\\/kidsplay.lt\\\/wp-content\\\/uploads\\\/2026\\\/04\\\/\u201eWOOPIE-BABY-2-in-1-projektorius-ir-migdukas-\u2013-pliusinis-hipopotamas.jpg\",\"width\":2500,\"height\":2500,\"caption\":\"\u201eWOOPIE BABY\u201c 2-in-1 projektorius ir migdukas \u2013 pliu\u0161inis hipopotamas\"},{\"@type\":\"BreadcrumbList\",\"@id\":\"https:\\\/\\\/kidsplay.lt\\\/produktas\\\/woopie-baby-2-in-1-projektorius-ir-migdukas-pliusinis-hipopotamas\\\/#breadcrumb\",\"itemListElement\":[{\"@type\":\"ListItem\",\"position\":1,\"name\":\"Pagrindinis\",\"item\":\"https:\\\/\\\/kidsplay.lt\\\/\"},{\"@type\":\"ListItem\",\"position\":2,\"name\":\"Parduotuv\u0117\",\"item\":\"https:\\\/\\\/kidsplay.lt\\\/parduotuve\\\/\"},{\"@type\":\"ListItem\",\"position\":3,\"name\":\"\u201eWOOPIE BABY\u201c 2-in-1 projektorius ir migdukas \u2013 pliu\u0161inis hipopotamas\"}]},{\"@type\":\"WebSite\",\"@id\":\"https:\\\/\\\/kidsplay.lt\\\/#website\",\"url\":\"https:\\\/\\\/kidsplay.lt\\\/\",\"name\":\"Kidsplay.lt\",\"description\":\"\u012evairios prek\u0117s vaikams\",\"publisher\":{\"@id\":\"https:\\\/\\\/kidsplay.lt\\\/#organization\"},\"alternateName\":\"Kidsplay\",\"potentialAction\":[{\"@type\":\"SearchAction\",\"target\":{\"@type\":\"EntryPoint\",\"urlTemplate\":\"https:\\\/\\\/kidsplay.lt\\\/?s={search_term_string}\"},\"query-input\":{\"@type\":\"PropertyValueSpecification\",\"valueRequired\":true,\"valueName\":\"search_term_string\"}}],\"inLanguage\":\"lv-LV\"},{\"@type\":\"Organization\",\"@id\":\"https:\\\/\\\/kidsplay.lt\\\/#organization\",\"name\":\"KidsPlay\",\"url\":\"https:\\\/\\\/kidsplay.lt\\\/\",\"logo\":{\"@type\":\"ImageObject\",\"inLanguage\":\"lv-LV\",\"@id\":\"https:\\\/\\\/kidsplay.lt\\\/#\\\/schema\\\/logo\\\/image\\\/\",\"url\":\"https:\\\/\\\/kidsplay.lt\\\/wp-content\\\/uploads\\\/2023\\\/07\\\/kidsplay-logo.png\",\"contentUrl\":\"https:\\\/\\\/kidsplay.lt\\\/wp-content\\\/uploads\\\/2023\\\/07\\\/kidsplay-logo.png\",\"width\":451,\"height\":98,\"caption\":\"KidsPlay\"},\"image\":{\"@id\":\"https:\\\/\\\/kidsplay.lt\\\/#\\\/schema\\\/logo\\\/image\\\/\"},\"sameAs\":[\"https:\\\/\\\/www.facebook.com\\\/www.kidsplay.lt\"]}]}<\/script>\n<!-- \/ Yoast SEO plugin. -->","yoast_head_json":{"title":"\u201eWOOPIE BABY\u201c 2-in-1 projektorius ir migdukas \u2013 pliu\u0161inis hipopotamas","description":"\u201eWOOPIE BABY\u201c 2-in-1 projektorius ir migdukas \u2013 pliu\u0161inis hipopotamas - KidsPlay. Did\u017eiausias vaik\u0173 \u017eaisl\u0173 pasirinkimas.","robots":{"index":"index","follow":"follow","max-snippet":"max-snippet:-1","max-image-preview":"max-image-preview:large","max-video-preview":"max-video-preview:-1"},"canonical":"https:\/\/kidsplay.lt\/lv\/products\/woopie-baby-2-in-1-projektorius-ir-migdukas-pliusinis-hipopotamas\/","og_locale":"lv_LV","og_type":"article","og_title":"\u201eWOOPIE BABY\u201c 2-in-1 projektorius ir migdukas \u2013 pliu\u0161inis hipopotamas","og_description":"\u201eWOOPIE BABY\u201c 2-in-1 projektorius ir migdukas \u2013 pliu\u0161inis hipopotamas - KidsPlay. Did\u017eiausias vaik\u0173 \u017eaisl\u0173 pasirinkimas.","og_url":"https:\/\/kidsplay.lt\/lv\/products\/woopie-baby-2-in-1-projektorius-ir-migdukas-pliusinis-hipopotamas\/","og_site_name":"KidsPlay","article_publisher":"https:\/\/www.facebook.com\/www.kidsplay.lt","article_modified_time":"2026-04-24T04:55:29+00:00","og_image":[{"width":2500,"height":2500,"url":"https:\/\/kidsplay.lt\/wp-content\/uploads\/2026\/04\/\u201eWOOPIE-BABY-2-in-1-projektorius-ir-migdukas-\u2013-pliusinis-hipopotamas.jpg","type":"image\/jpeg"}],"twitter_card":"summary_large_image","twitter_misc":{"Est. reading time":"1 min\u016bte"},"schema":{"@context":"https:\/\/schema.org","@graph":[{"@type":"WebPage","@id":"https:\/\/kidsplay.lt\/produktas\/woopie-baby-2-in-1-projektorius-ir-migdukas-pliusinis-hipopotamas\/","url":"https:\/\/kidsplay.lt\/produktas\/woopie-baby-2-in-1-projektorius-ir-migdukas-pliusinis-hipopotamas\/","name":"\u201eWOOPIE BABY\u201c 2-in-1 projektorius ir migdukas \u2013 pliu\u0161inis hipopotamas","isPartOf":{"@id":"https:\/\/kidsplay.lt\/#website"},"primaryImageOfPage":{"@id":"https:\/\/kidsplay.lt\/produktas\/woopie-baby-2-in-1-projektorius-ir-migdukas-pliusinis-hipopotamas\/#primaryimage"},"image":{"@id":"https:\/\/kidsplay.lt\/produktas\/woopie-baby-2-in-1-projektorius-ir-migdukas-pliusinis-hipopotamas\/#primaryimage"},"thumbnailUrl":"https:\/\/kidsplay.lt\/wp-content\/uploads\/2026\/04\/\u201eWOOPIE-BABY-2-in-1-projektorius-ir-migdukas-\u2013-pliusinis-hipopotamas.jpg","datePublished":"2026-04-24T04:55:12+00:00","dateModified":"2026-04-24T04:55:29+00:00","description":"\u201eWOOPIE BABY\u201c 2-in-1 projektorius ir migdukas \u2013 pliu\u0161inis hipopotamas - KidsPlay. Did\u017eiausias vaik\u0173 \u017eaisl\u0173 pasirinkimas.","breadcrumb":{"@id":"https:\/\/kidsplay.lt\/produktas\/woopie-baby-2-in-1-projektorius-ir-migdukas-pliusinis-hipopotamas\/#breadcrumb"},"inLanguage":"lv-LV","potentialAction":[{"@type":"ReadAction","target":["https:\/\/kidsplay.lt\/produktas\/woopie-baby-2-in-1-projektorius-ir-migdukas-pliusinis-hipopotamas\/"]}]},{"@type":"ImageObject","inLanguage":"lv-LV","@id":"https:\/\/kidsplay.lt\/produktas\/woopie-baby-2-in-1-projektorius-ir-migdukas-pliusinis-hipopotamas\/#primaryimage","url":"https:\/\/kidsplay.lt\/wp-content\/uploads\/2026\/04\/\u201eWOOPIE-BABY-2-in-1-projektorius-ir-migdukas-\u2013-pliusinis-hipopotamas.jpg","contentUrl":"https:\/\/kidsplay.lt\/wp-content\/uploads\/2026\/04\/\u201eWOOPIE-BABY-2-in-1-projektorius-ir-migdukas-\u2013-pliusinis-hipopotamas.jpg","width":2500,"height":2500,"caption":"\u201eWOOPIE BABY\u201c 2-in-1 projektorius ir migdukas \u2013 pliu\u0161inis hipopotamas"},{"@type":"BreadcrumbList","@id":"https:\/\/kidsplay.lt\/produktas\/woopie-baby-2-in-1-projektorius-ir-migdukas-pliusinis-hipopotamas\/#breadcrumb","itemListElement":[{"@type":"ListItem","position":1,"name":"Pagrindinis","item":"https:\/\/kidsplay.lt\/"},{"@type":"ListItem","position":2,"name":"Parduotuv\u0117","item":"https:\/\/kidsplay.lt\/parduotuve\/"},{"@type":"ListItem","position":3,"name":"\u201eWOOPIE BABY\u201c 2-in-1 projektorius ir migdukas \u2013 pliu\u0161inis hipopotamas"}]},{"@type":"WebSite","@id":"https:\/\/kidsplay.lt\/#website","url":"https:\/\/kidsplay.lt\/","name":"B\u0113rnu sp\u0113les.lv","description":"\u012evairios prek\u0117s vaikams","publisher":{"@id":"https:\/\/kidsplay.lt\/#organization"},"alternateName":"Kidsplay","potentialAction":[{"@type":"SearchAction","target":{"@type":"EntryPoint","urlTemplate":"https:\/\/kidsplay.lt\/?s={search_term_string}"},"query-input":{"@type":"PropertyValueSpecification","valueRequired":true,"valueName":"search_term_string"}}],"inLanguage":"lv-LV"},{"@type":"Organization","@id":"https:\/\/kidsplay.lt\/#organization","name":"B\u0113rnu sp\u0113le","url":"https:\/\/kidsplay.lt\/","logo":{"@type":"ImageObject","inLanguage":"lv-LV","@id":"https:\/\/kidsplay.lt\/#\/schema\/logo\/image\/","url":"https:\/\/kidsplay.lt\/wp-content\/uploads\/2023\/07\/kidsplay-logo.png","contentUrl":"https:\/\/kidsplay.lt\/wp-content\/uploads\/2023\/07\/kidsplay-logo.png","width":451,"height":98,"caption":"KidsPlay"},"image":{"@id":"https:\/\/kidsplay.lt\/#\/schema\/logo\/image\/"},"sameAs":["https:\/\/www.facebook.com\/www.kidsplay.lt"]}]}},"_links":{"self":[{"href":"https:\/\/kidsplay.lt\/lv\/wp-json\/wp\/v2\/product\/108464","targetHints":{"allow":["GET"]}}],"collection":[{"href":"https:\/\/kidsplay.lt\/lv\/wp-json\/wp\/v2\/product"}],"about":[{"href":"https:\/\/kidsplay.lt\/lv\/wp-json\/wp\/v2\/types\/product"}],"version-history":[{"count":1,"href":"https:\/\/kidsplay.lt\/lv\/wp-json\/wp\/v2\/product\/108464\/revisions"}],"predecessor-version":[{"id":108465,"href":"https:\/\/kidsplay.lt\/lv\/wp-json\/wp\/v2\/product\/108464\/revisions\/108465"}],"wp:featuredmedia":[{"embeddable":true,"href":"https:\/\/kidsplay.lt\/lv\/wp-json\/wp\/v2\/media\/108466"}],"wp:attachment":[{"href":"https:\/\/kidsplay.lt\/lv\/wp-json\/wp\/v2\/media?parent=108464"}],"wp:term":[{"taxonomy":"product_brand","embeddable":true,"href":"https:\/\/kidsplay.lt\/lv\/wp-json\/wp\/v2\/product_brand?post=108464"},{"taxonomy":"product_cat","embeddable":true,"href":"https:\/\/kidsplay.lt\/lv\/wp-json\/wp\/v2\/product_cat?post=108464"},{"taxonomy":"product_tag","embeddable":true,"href":"https:\/\/kidsplay.lt\/lv\/wp-json\/wp\/v2\/product_tag?post=108464"}],"curies":[{"name":"wp","href":"https:\/\/api.w.org\/{rel}","templated":true}]}}