{"id":108471,"date":"2026-04-24T07:55:32","date_gmt":"2026-04-24T04:55:32","guid":{"rendered":"https:\/\/kidsplay.lt\/produktas\/woopie-baby-interaktyvus-pliusinis-zaislas-kudikiams-su-sviesa-ir-garsu-miegantis-suniukas\/"},"modified":"2026-04-24T07:56:03","modified_gmt":"2026-04-24T04:56:03","slug":"woopie-baby-interaktyvus-pliusinis-zaislas-kudikiams-su-sviesa-ir-garsu-miegantis-suniukas","status":"publish","type":"product","link":"https:\/\/kidsplay.lt\/lv\/products\/woopie-baby-interaktyvus-pliusinis-zaislas-kudikiams-su-sviesa-ir-garsu-miegantis-suniukas\/","title":{"rendered":"\u201eWOOPIE BABY\u201c interaktyvus pliu\u0161inis \u017eaislas k\u016bdikiams su \u0161viesa ir garsu \u2013 miegantis \u0161uniukas"},"content":{"rendered":"<p>\u0160is mink\u0161tas \u201eWOOPIE BABY\u201c pliu\u0161inis \u0161uniukas sukurtas pad\u0117ti vaikui nusiraminti ir lengviau u\u017emigti. Jis groja lop\u0161in\u0119 ir skleid\u017eia \u0161velnius \u0161viesos efektus, kurie sukuria rami\u0105, jauki\u0105 atmosfer\u0105. D\u0117l mink\u0161to audinio ir medvilninio u\u017epildo \u017eaislas yra saugus net patiems ma\u017eiausiems.<br \/>\nFunkcijas:<\/p>\n<p> \tSkirtas k\u016bdikiams<br \/>\n \tMink\u0161tas pliu\u0161inis miegantis \u0161uniukas<br \/>\n \tLop\u0161in\u0117s (garso) funkcija<br \/>\n \t\u0160veln\u016bs \u0161viesos efektai<br \/>\n \tPagamintas i\u0161 mink\u0161tos, saugios med\u017eiagos su medvilniniu u\u017epildu<br \/>\n \tI\u0161imamas mechanizmas \u2013 galima saugiai i\u0161plauti \u017eaisl\u0105<br \/>\n \tMaitinimas: 2 x AG13 baterijos<\/p>","protected":false},"excerpt":{"rendered":"<p>\u0160is mink\u0161tas \u201eWOOPIE BABY\u201c pliu\u0161inis \u0161uniukas sukurtas pad\u0117ti vaikui nusiraminti ir lengviau u\u017emigti. Jis groja lop\u0161in\u0119 ir skleid\u017eia \u0161velnius \u0161viesos<\/p>","protected":false},"featured_media":108473,"template":"","meta":{"_acf_changed":false,"_glsr_average":0,"_glsr_ranking":0,"_glsr_reviews":0},"product_brand":[],"product_cat":[396,458],"product_tag":[],"class_list":{"0":"post-108471","1":"product","2":"type-product","3":"status-publish","4":"has-post-thumbnail","6":"product_cat-kudikiu-zaislai-vaikams2","7":"product_cat-ramiam-uzmigimui","8":"\"style=\"background-color: #2ecc711c;\"","10":"first","11":"instock","12":"purchasable","13":"product-type-simple"},"acf":[],"yoast_head":"<!-- This site is optimized with the Yoast SEO plugin v27.4 - https:\/\/yoast.com\/product\/yoast-seo-wordpress\/ -->\n<title>\u201eWOOPIE BABY\u201c interaktyvus pliu\u0161inis \u017eaislas k\u016bdikiams su \u0161viesa ir garsu \u2013 miegantis \u0161uniukas<\/title>\n<meta name=\"description\" content=\"\u201eWOOPIE BABY\u201c interaktyvus pliu\u0161inis \u017eaislas k\u016bdikiams su \u0161viesa ir garsu \u2013 miegantis \u0161uniukas - KidsPlay. Did\u017eiausias vaik\u0173 \u017eaisl\u0173 pasirinkimas.\" \/>\n<meta name=\"robots\" content=\"index, follow, max-snippet:-1, max-image-preview:large, max-video-preview:-1\" \/>\n<link rel=\"canonical\" href=\"https:\/\/kidsplay.lt\/lv\/products\/woopie-baby-interaktyvus-pliusinis-zaislas-kudikiams-su-sviesa-ir-garsu-miegantis-suniukas\/\" \/>\n<meta property=\"og:locale\" content=\"lv_LV\" \/>\n<meta property=\"og:type\" content=\"article\" \/>\n<meta property=\"og:title\" content=\"\u201eWOOPIE BABY\u201c interaktyvus pliu\u0161inis \u017eaislas k\u016bdikiams su \u0161viesa ir garsu \u2013 miegantis \u0161uniukas\" \/>\n<meta property=\"og:description\" content=\"\u201eWOOPIE BABY\u201c interaktyvus pliu\u0161inis \u017eaislas k\u016bdikiams su \u0161viesa ir garsu \u2013 miegantis \u0161uniukas - KidsPlay. Did\u017eiausias vaik\u0173 \u017eaisl\u0173 pasirinkimas.\" \/>\n<meta property=\"og:url\" content=\"https:\/\/kidsplay.lt\/lv\/products\/woopie-baby-interaktyvus-pliusinis-zaislas-kudikiams-su-sviesa-ir-garsu-miegantis-suniukas\/\" \/>\n<meta property=\"og:site_name\" content=\"KidsPlay\" \/>\n<meta property=\"article:publisher\" content=\"https:\/\/www.facebook.com\/www.kidsplay.lt\" \/>\n<meta property=\"article:modified_time\" content=\"2026-04-24T04:56:03+00:00\" \/>\n<meta property=\"og:image\" content=\"https:\/\/kidsplay.lt\/wp-content\/uploads\/2026\/04\/\u201eWOOPIE-BABY-interaktyvus-pliusinis-zaislas-kudikiams-su-sviesa-ir-garsu-\u2013-miegantis-suniukas-800x800.png\" \/>\n\t<meta property=\"og:image:width\" content=\"800\" \/>\n\t<meta property=\"og:image:height\" content=\"800\" \/>\n\t<meta property=\"og:image:type\" content=\"image\/png\" \/>\n<meta name=\"twitter:card\" content=\"summary_large_image\" \/>\n<script type=\"application\/ld+json\" class=\"yoast-schema-graph\">{\"@context\":\"https:\\\/\\\/schema.org\",\"@graph\":[{\"@type\":\"WebPage\",\"@id\":\"https:\\\/\\\/kidsplay.lt\\\/produktas\\\/woopie-baby-interaktyvus-pliusinis-zaislas-kudikiams-su-sviesa-ir-garsu-miegantis-suniukas\\\/\",\"url\":\"https:\\\/\\\/kidsplay.lt\\\/produktas\\\/woopie-baby-interaktyvus-pliusinis-zaislas-kudikiams-su-sviesa-ir-garsu-miegantis-suniukas\\\/\",\"name\":\"\u201eWOOPIE BABY\u201c interaktyvus pliu\u0161inis \u017eaislas k\u016bdikiams su \u0161viesa ir garsu \u2013 miegantis \u0161uniukas\",\"isPartOf\":{\"@id\":\"https:\\\/\\\/kidsplay.lt\\\/#website\"},\"primaryImageOfPage\":{\"@id\":\"https:\\\/\\\/kidsplay.lt\\\/produktas\\\/woopie-baby-interaktyvus-pliusinis-zaislas-kudikiams-su-sviesa-ir-garsu-miegantis-suniukas\\\/#primaryimage\"},\"image\":{\"@id\":\"https:\\\/\\\/kidsplay.lt\\\/produktas\\\/woopie-baby-interaktyvus-pliusinis-zaislas-kudikiams-su-sviesa-ir-garsu-miegantis-suniukas\\\/#primaryimage\"},\"thumbnailUrl\":\"https:\\\/\\\/kidsplay.lt\\\/wp-content\\\/uploads\\\/2026\\\/04\\\/\u201eWOOPIE-BABY-interaktyvus-pliusinis-zaislas-kudikiams-su-sviesa-ir-garsu-\u2013-miegantis-suniukas.png\",\"datePublished\":\"2026-04-24T04:55:32+00:00\",\"dateModified\":\"2026-04-24T04:56:03+00:00\",\"description\":\"\u201eWOOPIE BABY\u201c interaktyvus pliu\u0161inis \u017eaislas k\u016bdikiams su \u0161viesa ir garsu \u2013 miegantis \u0161uniukas - KidsPlay. Did\u017eiausias vaik\u0173 \u017eaisl\u0173 pasirinkimas.\",\"breadcrumb\":{\"@id\":\"https:\\\/\\\/kidsplay.lt\\\/produktas\\\/woopie-baby-interaktyvus-pliusinis-zaislas-kudikiams-su-sviesa-ir-garsu-miegantis-suniukas\\\/#breadcrumb\"},\"inLanguage\":\"lv-LV\",\"potentialAction\":[{\"@type\":\"ReadAction\",\"target\":[\"https:\\\/\\\/kidsplay.lt\\\/produktas\\\/woopie-baby-interaktyvus-pliusinis-zaislas-kudikiams-su-sviesa-ir-garsu-miegantis-suniukas\\\/\"]}]},{\"@type\":\"ImageObject\",\"inLanguage\":\"lv-LV\",\"@id\":\"https:\\\/\\\/kidsplay.lt\\\/produktas\\\/woopie-baby-interaktyvus-pliusinis-zaislas-kudikiams-su-sviesa-ir-garsu-miegantis-suniukas\\\/#primaryimage\",\"url\":\"https:\\\/\\\/kidsplay.lt\\\/wp-content\\\/uploads\\\/2026\\\/04\\\/\u201eWOOPIE-BABY-interaktyvus-pliusinis-zaislas-kudikiams-su-sviesa-ir-garsu-\u2013-miegantis-suniukas.png\",\"contentUrl\":\"https:\\\/\\\/kidsplay.lt\\\/wp-content\\\/uploads\\\/2026\\\/04\\\/\u201eWOOPIE-BABY-interaktyvus-pliusinis-zaislas-kudikiams-su-sviesa-ir-garsu-\u2013-miegantis-suniukas.png\",\"width\":2560,\"height\":2560,\"caption\":\"\u201eWOOPIE BABY\u201c interaktyvus pliu\u0161inis \u017eaislas k\u016bdikiams su \u0161viesa ir garsu \u2013 miegantis \u0161uniukas\"},{\"@type\":\"BreadcrumbList\",\"@id\":\"https:\\\/\\\/kidsplay.lt\\\/produktas\\\/woopie-baby-interaktyvus-pliusinis-zaislas-kudikiams-su-sviesa-ir-garsu-miegantis-suniukas\\\/#breadcrumb\",\"itemListElement\":[{\"@type\":\"ListItem\",\"position\":1,\"name\":\"Pagrindinis\",\"item\":\"https:\\\/\\\/kidsplay.lt\\\/\"},{\"@type\":\"ListItem\",\"position\":2,\"name\":\"Parduotuv\u0117\",\"item\":\"https:\\\/\\\/kidsplay.lt\\\/parduotuve\\\/\"},{\"@type\":\"ListItem\",\"position\":3,\"name\":\"\u201eWOOPIE BABY\u201c interaktyvus pliu\u0161inis \u017eaislas k\u016bdikiams su \u0161viesa ir garsu \u2013 miegantis \u0161uniukas\"}]},{\"@type\":\"WebSite\",\"@id\":\"https:\\\/\\\/kidsplay.lt\\\/#website\",\"url\":\"https:\\\/\\\/kidsplay.lt\\\/\",\"name\":\"Kidsplay.lt\",\"description\":\"\u012evairios prek\u0117s vaikams\",\"publisher\":{\"@id\":\"https:\\\/\\\/kidsplay.lt\\\/#organization\"},\"alternateName\":\"Kidsplay\",\"potentialAction\":[{\"@type\":\"SearchAction\",\"target\":{\"@type\":\"EntryPoint\",\"urlTemplate\":\"https:\\\/\\\/kidsplay.lt\\\/?s={search_term_string}\"},\"query-input\":{\"@type\":\"PropertyValueSpecification\",\"valueRequired\":true,\"valueName\":\"search_term_string\"}}],\"inLanguage\":\"lv-LV\"},{\"@type\":\"Organization\",\"@id\":\"https:\\\/\\\/kidsplay.lt\\\/#organization\",\"name\":\"KidsPlay\",\"url\":\"https:\\\/\\\/kidsplay.lt\\\/\",\"logo\":{\"@type\":\"ImageObject\",\"inLanguage\":\"lv-LV\",\"@id\":\"https:\\\/\\\/kidsplay.lt\\\/#\\\/schema\\\/logo\\\/image\\\/\",\"url\":\"https:\\\/\\\/kidsplay.lt\\\/wp-content\\\/uploads\\\/2023\\\/07\\\/kidsplay-logo.png\",\"contentUrl\":\"https:\\\/\\\/kidsplay.lt\\\/wp-content\\\/uploads\\\/2023\\\/07\\\/kidsplay-logo.png\",\"width\":451,\"height\":98,\"caption\":\"KidsPlay\"},\"image\":{\"@id\":\"https:\\\/\\\/kidsplay.lt\\\/#\\\/schema\\\/logo\\\/image\\\/\"},\"sameAs\":[\"https:\\\/\\\/www.facebook.com\\\/www.kidsplay.lt\"]}]}<\/script>\n<!-- \/ Yoast SEO plugin. -->","yoast_head_json":{"title":"\u201eWOOPIE BABY\u201c interaktyvus pliu\u0161inis \u017eaislas k\u016bdikiams su \u0161viesa ir garsu \u2013 miegantis \u0161uniukas","description":"\u201eWOOPIE BABY\u201c interaktyvus pliu\u0161inis \u017eaislas k\u016bdikiams su \u0161viesa ir garsu \u2013 miegantis \u0161uniukas - KidsPlay. Did\u017eiausias vaik\u0173 \u017eaisl\u0173 pasirinkimas.","robots":{"index":"index","follow":"follow","max-snippet":"max-snippet:-1","max-image-preview":"max-image-preview:large","max-video-preview":"max-video-preview:-1"},"canonical":"https:\/\/kidsplay.lt\/lv\/products\/woopie-baby-interaktyvus-pliusinis-zaislas-kudikiams-su-sviesa-ir-garsu-miegantis-suniukas\/","og_locale":"lv_LV","og_type":"article","og_title":"\u201eWOOPIE BABY\u201c interaktyvus pliu\u0161inis \u017eaislas k\u016bdikiams su \u0161viesa ir garsu \u2013 miegantis \u0161uniukas","og_description":"\u201eWOOPIE BABY\u201c interaktyvus pliu\u0161inis \u017eaislas k\u016bdikiams su \u0161viesa ir garsu \u2013 miegantis \u0161uniukas - KidsPlay. Did\u017eiausias vaik\u0173 \u017eaisl\u0173 pasirinkimas.","og_url":"https:\/\/kidsplay.lt\/lv\/products\/woopie-baby-interaktyvus-pliusinis-zaislas-kudikiams-su-sviesa-ir-garsu-miegantis-suniukas\/","og_site_name":"KidsPlay","article_publisher":"https:\/\/www.facebook.com\/www.kidsplay.lt","article_modified_time":"2026-04-24T04:56:03+00:00","og_image":[{"width":800,"height":800,"url":"https:\/\/kidsplay.lt\/wp-content\/uploads\/2026\/04\/\u201eWOOPIE-BABY-interaktyvus-pliusinis-zaislas-kudikiams-su-sviesa-ir-garsu-\u2013-miegantis-suniukas-800x800.png","type":"image\/png"}],"twitter_card":"summary_large_image","schema":{"@context":"https:\/\/schema.org","@graph":[{"@type":"WebPage","@id":"https:\/\/kidsplay.lt\/produktas\/woopie-baby-interaktyvus-pliusinis-zaislas-kudikiams-su-sviesa-ir-garsu-miegantis-suniukas\/","url":"https:\/\/kidsplay.lt\/produktas\/woopie-baby-interaktyvus-pliusinis-zaislas-kudikiams-su-sviesa-ir-garsu-miegantis-suniukas\/","name":"\u201eWOOPIE BABY\u201c interaktyvus pliu\u0161inis \u017eaislas k\u016bdikiams su \u0161viesa ir garsu \u2013 miegantis \u0161uniukas","isPartOf":{"@id":"https:\/\/kidsplay.lt\/#website"},"primaryImageOfPage":{"@id":"https:\/\/kidsplay.lt\/produktas\/woopie-baby-interaktyvus-pliusinis-zaislas-kudikiams-su-sviesa-ir-garsu-miegantis-suniukas\/#primaryimage"},"image":{"@id":"https:\/\/kidsplay.lt\/produktas\/woopie-baby-interaktyvus-pliusinis-zaislas-kudikiams-su-sviesa-ir-garsu-miegantis-suniukas\/#primaryimage"},"thumbnailUrl":"https:\/\/kidsplay.lt\/wp-content\/uploads\/2026\/04\/\u201eWOOPIE-BABY-interaktyvus-pliusinis-zaislas-kudikiams-su-sviesa-ir-garsu-\u2013-miegantis-suniukas.png","datePublished":"2026-04-24T04:55:32+00:00","dateModified":"2026-04-24T04:56:03+00:00","description":"\u201eWOOPIE BABY\u201c interaktyvus pliu\u0161inis \u017eaislas k\u016bdikiams su \u0161viesa ir garsu \u2013 miegantis \u0161uniukas - KidsPlay. Did\u017eiausias vaik\u0173 \u017eaisl\u0173 pasirinkimas.","breadcrumb":{"@id":"https:\/\/kidsplay.lt\/produktas\/woopie-baby-interaktyvus-pliusinis-zaislas-kudikiams-su-sviesa-ir-garsu-miegantis-suniukas\/#breadcrumb"},"inLanguage":"lv-LV","potentialAction":[{"@type":"ReadAction","target":["https:\/\/kidsplay.lt\/produktas\/woopie-baby-interaktyvus-pliusinis-zaislas-kudikiams-su-sviesa-ir-garsu-miegantis-suniukas\/"]}]},{"@type":"ImageObject","inLanguage":"lv-LV","@id":"https:\/\/kidsplay.lt\/produktas\/woopie-baby-interaktyvus-pliusinis-zaislas-kudikiams-su-sviesa-ir-garsu-miegantis-suniukas\/#primaryimage","url":"https:\/\/kidsplay.lt\/wp-content\/uploads\/2026\/04\/\u201eWOOPIE-BABY-interaktyvus-pliusinis-zaislas-kudikiams-su-sviesa-ir-garsu-\u2013-miegantis-suniukas.png","contentUrl":"https:\/\/kidsplay.lt\/wp-content\/uploads\/2026\/04\/\u201eWOOPIE-BABY-interaktyvus-pliusinis-zaislas-kudikiams-su-sviesa-ir-garsu-\u2013-miegantis-suniukas.png","width":2560,"height":2560,"caption":"\u201eWOOPIE BABY\u201c interaktyvus pliu\u0161inis \u017eaislas k\u016bdikiams su \u0161viesa ir garsu \u2013 miegantis \u0161uniukas"},{"@type":"BreadcrumbList","@id":"https:\/\/kidsplay.lt\/produktas\/woopie-baby-interaktyvus-pliusinis-zaislas-kudikiams-su-sviesa-ir-garsu-miegantis-suniukas\/#breadcrumb","itemListElement":[{"@type":"ListItem","position":1,"name":"Pagrindinis","item":"https:\/\/kidsplay.lt\/"},{"@type":"ListItem","position":2,"name":"Parduotuv\u0117","item":"https:\/\/kidsplay.lt\/parduotuve\/"},{"@type":"ListItem","position":3,"name":"\u201eWOOPIE BABY\u201c interaktyvus pliu\u0161inis \u017eaislas k\u016bdikiams su \u0161viesa ir garsu \u2013 miegantis \u0161uniukas"}]},{"@type":"WebSite","@id":"https:\/\/kidsplay.lt\/#website","url":"https:\/\/kidsplay.lt\/","name":"B\u0113rnu sp\u0113les.lv","description":"\u012evairios prek\u0117s vaikams","publisher":{"@id":"https:\/\/kidsplay.lt\/#organization"},"alternateName":"Kidsplay","potentialAction":[{"@type":"SearchAction","target":{"@type":"EntryPoint","urlTemplate":"https:\/\/kidsplay.lt\/?s={search_term_string}"},"query-input":{"@type":"PropertyValueSpecification","valueRequired":true,"valueName":"search_term_string"}}],"inLanguage":"lv-LV"},{"@type":"Organization","@id":"https:\/\/kidsplay.lt\/#organization","name":"B\u0113rnu sp\u0113le","url":"https:\/\/kidsplay.lt\/","logo":{"@type":"ImageObject","inLanguage":"lv-LV","@id":"https:\/\/kidsplay.lt\/#\/schema\/logo\/image\/","url":"https:\/\/kidsplay.lt\/wp-content\/uploads\/2023\/07\/kidsplay-logo.png","contentUrl":"https:\/\/kidsplay.lt\/wp-content\/uploads\/2023\/07\/kidsplay-logo.png","width":451,"height":98,"caption":"KidsPlay"},"image":{"@id":"https:\/\/kidsplay.lt\/#\/schema\/logo\/image\/"},"sameAs":["https:\/\/www.facebook.com\/www.kidsplay.lt"]}]}},"_links":{"self":[{"href":"https:\/\/kidsplay.lt\/lv\/wp-json\/wp\/v2\/product\/108471","targetHints":{"allow":["GET"]}}],"collection":[{"href":"https:\/\/kidsplay.lt\/lv\/wp-json\/wp\/v2\/product"}],"about":[{"href":"https:\/\/kidsplay.lt\/lv\/wp-json\/wp\/v2\/types\/product"}],"version-history":[{"count":1,"href":"https:\/\/kidsplay.lt\/lv\/wp-json\/wp\/v2\/product\/108471\/revisions"}],"predecessor-version":[{"id":108472,"href":"https:\/\/kidsplay.lt\/lv\/wp-json\/wp\/v2\/product\/108471\/revisions\/108472"}],"wp:featuredmedia":[{"embeddable":true,"href":"https:\/\/kidsplay.lt\/lv\/wp-json\/wp\/v2\/media\/108473"}],"wp:attachment":[{"href":"https:\/\/kidsplay.lt\/lv\/wp-json\/wp\/v2\/media?parent=108471"}],"wp:term":[{"taxonomy":"product_brand","embeddable":true,"href":"https:\/\/kidsplay.lt\/lv\/wp-json\/wp\/v2\/product_brand?post=108471"},{"taxonomy":"product_cat","embeddable":true,"href":"https:\/\/kidsplay.lt\/lv\/wp-json\/wp\/v2\/product_cat?post=108471"},{"taxonomy":"product_tag","embeddable":true,"href":"https:\/\/kidsplay.lt\/lv\/wp-json\/wp\/v2\/product_tag?post=108471"}],"curies":[{"name":"wp","href":"https:\/\/api.w.org\/{rel}","templated":true}]}}