{"id":108492,"date":"2026-04-24T07:56:55","date_gmt":"2026-04-24T04:56:55","guid":{"rendered":"https:\/\/kidsplay.lt\/produktas\/viga-polarb-medinis-zalias-traukinys-su-vagonais-ir-kaladelemis\/"},"modified":"2026-04-24T07:57:11","modified_gmt":"2026-04-24T04:57:11","slug":"viga-polarb-medinis-zalias-traukinys-su-vagonais-ir-kaladelemis","status":"publish","type":"product","link":"https:\/\/kidsplay.lt\/lv\/products\/viga-polarb-medinis-zalias-traukinys-su-vagonais-ir-kaladelemis\/","title":{"rendered":"\u201eVIGA PolarB\u201c medinis \u017ealias traukinys su vagonais ir kalad\u0117l\u0117mis"},"content":{"rendered":"<p>\u0160is \u201eVIGA PolarB\u201c medinis traukinys \u2013 tai lavinamasis \u017eaislas, suteikiantis vaikams daug k\u016brybi\u0161ko ir smagaus \u017eaidimo galimybi\u0173. Rinkin\u012f sudaro trys vagonai ir 14 skirting\u0173 form\u0173 kalad\u0117li\u0173, kurias galima laisvai derinti ir kurti \u012fvairias kombinacijas. Vaikai gali \u017eaisti su vagonais kartu arba atskirai, lavindami vaizduot\u0119 ir smulki\u0105j\u0105 motorik\u0105.<br \/>\nFunkcijas:<\/p>\n<p> \tParedz\u0113ts b\u0113rniem no 18 m\u0113ne\u0161u vecuma.<br \/>\n \t3 vagonai ir 14 kalad\u0117li\u0173<br \/>\n \tSkirting\u0173 form\u0173 kalad\u0117l\u0117s k\u016brybi\u0161kam \u017eaidimui<br \/>\n \tSubtilios, ramios spalvos<br \/>\n \tPatogios, lengvai suimamos detal\u0117s<br \/>\n \tPagamintas i\u0161 med\u017eio<br \/>\n \tDa\u017eytas saugiais, vaikams ir aplinkai nekenksmingais da\u017eais<\/p>","protected":false},"excerpt":{"rendered":"<p>\u0160is \u201eVIGA PolarB\u201c medinis traukinys \u2013 tai lavinamasis \u017eaislas, suteikiantis vaikams daug k\u016brybi\u0161ko ir smagaus \u017eaidimo galimybi\u0173. Rinkin\u012f sudaro trys<\/p>","protected":false},"featured_media":108494,"template":"","meta":{"_acf_changed":false,"_glsr_average":0,"_glsr_ranking":0,"_glsr_reviews":0},"product_brand":[],"product_cat":[891,883],"product_tag":[],"class_list":{"0":"post-108492","1":"product","2":"type-product","3":"status-publish","4":"has-post-thumbnail","6":"product_cat-medines-transporto-priemones","7":"product_cat-mediniai-zaislai-2","8":"\"style=\"background-color: #2ecc711c;\"","10":"first","11":"instock","12":"purchasable","13":"product-type-simple"},"acf":[],"yoast_head":"<!-- This site is optimized with the Yoast SEO plugin v27.4 - https:\/\/yoast.com\/product\/yoast-seo-wordpress\/ -->\n<title>\u201eVIGA PolarB\u201c medinis \u017ealias traukinys su vagonais ir kalad\u0117l\u0117mis<\/title>\n<meta name=\"description\" content=\"\u201eVIGA PolarB\u201c medinis \u017ealias traukinys su vagonais ir kalad\u0117l\u0117mis - KidsPlay. Did\u017eiausias vaik\u0173 \u017eaisl\u0173 pasirinkimas.\" \/>\n<meta name=\"robots\" content=\"index, follow, max-snippet:-1, max-image-preview:large, max-video-preview:-1\" \/>\n<link rel=\"canonical\" href=\"https:\/\/kidsplay.lt\/lv\/products\/viga-polarb-medinis-zalias-traukinys-su-vagonais-ir-kaladelemis\/\" \/>\n<meta property=\"og:locale\" content=\"lv_LV\" \/>\n<meta property=\"og:type\" content=\"article\" \/>\n<meta property=\"og:title\" content=\"\u201eVIGA PolarB\u201c medinis \u017ealias traukinys su vagonais ir kalad\u0117l\u0117mis\" \/>\n<meta property=\"og:description\" content=\"\u201eVIGA PolarB\u201c medinis \u017ealias traukinys su vagonais ir kalad\u0117l\u0117mis - KidsPlay. Did\u017eiausias vaik\u0173 \u017eaisl\u0173 pasirinkimas.\" \/>\n<meta property=\"og:url\" content=\"https:\/\/kidsplay.lt\/lv\/products\/viga-polarb-medinis-zalias-traukinys-su-vagonais-ir-kaladelemis\/\" \/>\n<meta property=\"og:site_name\" content=\"KidsPlay\" \/>\n<meta property=\"article:publisher\" content=\"https:\/\/www.facebook.com\/www.kidsplay.lt\" \/>\n<meta property=\"article:modified_time\" content=\"2026-04-24T04:57:11+00:00\" \/>\n<meta property=\"og:image\" content=\"https:\/\/kidsplay.lt\/wp-content\/uploads\/2026\/04\/\u201eVIGA-PolarB-medinis-zalias-traukinys-su-vagonais-ir-kaladelemis.jpg\" \/>\n\t<meta property=\"og:image:width\" content=\"2560\" \/>\n\t<meta property=\"og:image:height\" content=\"2560\" \/>\n\t<meta property=\"og:image:type\" content=\"image\/jpeg\" \/>\n<meta name=\"twitter:card\" content=\"summary_large_image\" \/>\n<script type=\"application\/ld+json\" class=\"yoast-schema-graph\">{\"@context\":\"https:\\\/\\\/schema.org\",\"@graph\":[{\"@type\":\"WebPage\",\"@id\":\"https:\\\/\\\/kidsplay.lt\\\/produktas\\\/viga-polarb-medinis-zalias-traukinys-su-vagonais-ir-kaladelemis\\\/\",\"url\":\"https:\\\/\\\/kidsplay.lt\\\/produktas\\\/viga-polarb-medinis-zalias-traukinys-su-vagonais-ir-kaladelemis\\\/\",\"name\":\"\u201eVIGA PolarB\u201c medinis \u017ealias traukinys su vagonais ir kalad\u0117l\u0117mis\",\"isPartOf\":{\"@id\":\"https:\\\/\\\/kidsplay.lt\\\/#website\"},\"primaryImageOfPage\":{\"@id\":\"https:\\\/\\\/kidsplay.lt\\\/produktas\\\/viga-polarb-medinis-zalias-traukinys-su-vagonais-ir-kaladelemis\\\/#primaryimage\"},\"image\":{\"@id\":\"https:\\\/\\\/kidsplay.lt\\\/produktas\\\/viga-polarb-medinis-zalias-traukinys-su-vagonais-ir-kaladelemis\\\/#primaryimage\"},\"thumbnailUrl\":\"https:\\\/\\\/kidsplay.lt\\\/wp-content\\\/uploads\\\/2026\\\/04\\\/\u201eVIGA-PolarB-medinis-zalias-traukinys-su-vagonais-ir-kaladelemis.jpg\",\"datePublished\":\"2026-04-24T04:56:55+00:00\",\"dateModified\":\"2026-04-24T04:57:11+00:00\",\"description\":\"\u201eVIGA PolarB\u201c medinis \u017ealias traukinys su vagonais ir kalad\u0117l\u0117mis - KidsPlay. Did\u017eiausias vaik\u0173 \u017eaisl\u0173 pasirinkimas.\",\"breadcrumb\":{\"@id\":\"https:\\\/\\\/kidsplay.lt\\\/produktas\\\/viga-polarb-medinis-zalias-traukinys-su-vagonais-ir-kaladelemis\\\/#breadcrumb\"},\"inLanguage\":\"lv-LV\",\"potentialAction\":[{\"@type\":\"ReadAction\",\"target\":[\"https:\\\/\\\/kidsplay.lt\\\/produktas\\\/viga-polarb-medinis-zalias-traukinys-su-vagonais-ir-kaladelemis\\\/\"]}]},{\"@type\":\"ImageObject\",\"inLanguage\":\"lv-LV\",\"@id\":\"https:\\\/\\\/kidsplay.lt\\\/produktas\\\/viga-polarb-medinis-zalias-traukinys-su-vagonais-ir-kaladelemis\\\/#primaryimage\",\"url\":\"https:\\\/\\\/kidsplay.lt\\\/wp-content\\\/uploads\\\/2026\\\/04\\\/\u201eVIGA-PolarB-medinis-zalias-traukinys-su-vagonais-ir-kaladelemis.jpg\",\"contentUrl\":\"https:\\\/\\\/kidsplay.lt\\\/wp-content\\\/uploads\\\/2026\\\/04\\\/\u201eVIGA-PolarB-medinis-zalias-traukinys-su-vagonais-ir-kaladelemis.jpg\",\"width\":2560,\"height\":2560,\"caption\":\"\u201eVIGA PolarB\u201c medinis \u017ealias traukinys su vagonais ir kalad\u0117l\u0117mis\"},{\"@type\":\"BreadcrumbList\",\"@id\":\"https:\\\/\\\/kidsplay.lt\\\/produktas\\\/viga-polarb-medinis-zalias-traukinys-su-vagonais-ir-kaladelemis\\\/#breadcrumb\",\"itemListElement\":[{\"@type\":\"ListItem\",\"position\":1,\"name\":\"Pagrindinis\",\"item\":\"https:\\\/\\\/kidsplay.lt\\\/\"},{\"@type\":\"ListItem\",\"position\":2,\"name\":\"Parduotuv\u0117\",\"item\":\"https:\\\/\\\/kidsplay.lt\\\/parduotuve\\\/\"},{\"@type\":\"ListItem\",\"position\":3,\"name\":\"\u201eVIGA PolarB\u201c medinis \u017ealias traukinys su vagonais ir kalad\u0117l\u0117mis\"}]},{\"@type\":\"WebSite\",\"@id\":\"https:\\\/\\\/kidsplay.lt\\\/#website\",\"url\":\"https:\\\/\\\/kidsplay.lt\\\/\",\"name\":\"Kidsplay.lt\",\"description\":\"\u012evairios prek\u0117s vaikams\",\"publisher\":{\"@id\":\"https:\\\/\\\/kidsplay.lt\\\/#organization\"},\"alternateName\":\"Kidsplay\",\"potentialAction\":[{\"@type\":\"SearchAction\",\"target\":{\"@type\":\"EntryPoint\",\"urlTemplate\":\"https:\\\/\\\/kidsplay.lt\\\/?s={search_term_string}\"},\"query-input\":{\"@type\":\"PropertyValueSpecification\",\"valueRequired\":true,\"valueName\":\"search_term_string\"}}],\"inLanguage\":\"lv-LV\"},{\"@type\":\"Organization\",\"@id\":\"https:\\\/\\\/kidsplay.lt\\\/#organization\",\"name\":\"KidsPlay\",\"url\":\"https:\\\/\\\/kidsplay.lt\\\/\",\"logo\":{\"@type\":\"ImageObject\",\"inLanguage\":\"lv-LV\",\"@id\":\"https:\\\/\\\/kidsplay.lt\\\/#\\\/schema\\\/logo\\\/image\\\/\",\"url\":\"https:\\\/\\\/kidsplay.lt\\\/wp-content\\\/uploads\\\/2023\\\/07\\\/kidsplay-logo.png\",\"contentUrl\":\"https:\\\/\\\/kidsplay.lt\\\/wp-content\\\/uploads\\\/2023\\\/07\\\/kidsplay-logo.png\",\"width\":451,\"height\":98,\"caption\":\"KidsPlay\"},\"image\":{\"@id\":\"https:\\\/\\\/kidsplay.lt\\\/#\\\/schema\\\/logo\\\/image\\\/\"},\"sameAs\":[\"https:\\\/\\\/www.facebook.com\\\/www.kidsplay.lt\"]}]}<\/script>\n<!-- \/ Yoast SEO plugin. -->","yoast_head_json":{"title":"\u201eVIGA PolarB\u201c medinis \u017ealias traukinys su vagonais ir kalad\u0117l\u0117mis","description":"\u201eVIGA PolarB\u201c medinis \u017ealias traukinys su vagonais ir kalad\u0117l\u0117mis - KidsPlay. Did\u017eiausias vaik\u0173 \u017eaisl\u0173 pasirinkimas.","robots":{"index":"index","follow":"follow","max-snippet":"max-snippet:-1","max-image-preview":"max-image-preview:large","max-video-preview":"max-video-preview:-1"},"canonical":"https:\/\/kidsplay.lt\/lv\/products\/viga-polarb-medinis-zalias-traukinys-su-vagonais-ir-kaladelemis\/","og_locale":"lv_LV","og_type":"article","og_title":"\u201eVIGA PolarB\u201c medinis \u017ealias traukinys su vagonais ir kalad\u0117l\u0117mis","og_description":"\u201eVIGA PolarB\u201c medinis \u017ealias traukinys su vagonais ir kalad\u0117l\u0117mis - KidsPlay. Did\u017eiausias vaik\u0173 \u017eaisl\u0173 pasirinkimas.","og_url":"https:\/\/kidsplay.lt\/lv\/products\/viga-polarb-medinis-zalias-traukinys-su-vagonais-ir-kaladelemis\/","og_site_name":"KidsPlay","article_publisher":"https:\/\/www.facebook.com\/www.kidsplay.lt","article_modified_time":"2026-04-24T04:57:11+00:00","og_image":[{"width":2560,"height":2560,"url":"https:\/\/kidsplay.lt\/wp-content\/uploads\/2026\/04\/\u201eVIGA-PolarB-medinis-zalias-traukinys-su-vagonais-ir-kaladelemis.jpg","type":"image\/jpeg"}],"twitter_card":"summary_large_image","schema":{"@context":"https:\/\/schema.org","@graph":[{"@type":"WebPage","@id":"https:\/\/kidsplay.lt\/produktas\/viga-polarb-medinis-zalias-traukinys-su-vagonais-ir-kaladelemis\/","url":"https:\/\/kidsplay.lt\/produktas\/viga-polarb-medinis-zalias-traukinys-su-vagonais-ir-kaladelemis\/","name":"\u201eVIGA PolarB\u201c medinis \u017ealias traukinys su vagonais ir kalad\u0117l\u0117mis","isPartOf":{"@id":"https:\/\/kidsplay.lt\/#website"},"primaryImageOfPage":{"@id":"https:\/\/kidsplay.lt\/produktas\/viga-polarb-medinis-zalias-traukinys-su-vagonais-ir-kaladelemis\/#primaryimage"},"image":{"@id":"https:\/\/kidsplay.lt\/produktas\/viga-polarb-medinis-zalias-traukinys-su-vagonais-ir-kaladelemis\/#primaryimage"},"thumbnailUrl":"https:\/\/kidsplay.lt\/wp-content\/uploads\/2026\/04\/\u201eVIGA-PolarB-medinis-zalias-traukinys-su-vagonais-ir-kaladelemis.jpg","datePublished":"2026-04-24T04:56:55+00:00","dateModified":"2026-04-24T04:57:11+00:00","description":"\u201eVIGA PolarB\u201c medinis \u017ealias traukinys su vagonais ir kalad\u0117l\u0117mis - KidsPlay. Did\u017eiausias vaik\u0173 \u017eaisl\u0173 pasirinkimas.","breadcrumb":{"@id":"https:\/\/kidsplay.lt\/produktas\/viga-polarb-medinis-zalias-traukinys-su-vagonais-ir-kaladelemis\/#breadcrumb"},"inLanguage":"lv-LV","potentialAction":[{"@type":"ReadAction","target":["https:\/\/kidsplay.lt\/produktas\/viga-polarb-medinis-zalias-traukinys-su-vagonais-ir-kaladelemis\/"]}]},{"@type":"ImageObject","inLanguage":"lv-LV","@id":"https:\/\/kidsplay.lt\/produktas\/viga-polarb-medinis-zalias-traukinys-su-vagonais-ir-kaladelemis\/#primaryimage","url":"https:\/\/kidsplay.lt\/wp-content\/uploads\/2026\/04\/\u201eVIGA-PolarB-medinis-zalias-traukinys-su-vagonais-ir-kaladelemis.jpg","contentUrl":"https:\/\/kidsplay.lt\/wp-content\/uploads\/2026\/04\/\u201eVIGA-PolarB-medinis-zalias-traukinys-su-vagonais-ir-kaladelemis.jpg","width":2560,"height":2560,"caption":"\u201eVIGA PolarB\u201c medinis \u017ealias traukinys su vagonais ir kalad\u0117l\u0117mis"},{"@type":"BreadcrumbList","@id":"https:\/\/kidsplay.lt\/produktas\/viga-polarb-medinis-zalias-traukinys-su-vagonais-ir-kaladelemis\/#breadcrumb","itemListElement":[{"@type":"ListItem","position":1,"name":"Pagrindinis","item":"https:\/\/kidsplay.lt\/"},{"@type":"ListItem","position":2,"name":"Parduotuv\u0117","item":"https:\/\/kidsplay.lt\/parduotuve\/"},{"@type":"ListItem","position":3,"name":"\u201eVIGA PolarB\u201c medinis \u017ealias traukinys su vagonais ir kalad\u0117l\u0117mis"}]},{"@type":"WebSite","@id":"https:\/\/kidsplay.lt\/#website","url":"https:\/\/kidsplay.lt\/","name":"B\u0113rnu sp\u0113les.lv","description":"\u012evairios prek\u0117s vaikams","publisher":{"@id":"https:\/\/kidsplay.lt\/#organization"},"alternateName":"Kidsplay","potentialAction":[{"@type":"SearchAction","target":{"@type":"EntryPoint","urlTemplate":"https:\/\/kidsplay.lt\/?s={search_term_string}"},"query-input":{"@type":"PropertyValueSpecification","valueRequired":true,"valueName":"search_term_string"}}],"inLanguage":"lv-LV"},{"@type":"Organization","@id":"https:\/\/kidsplay.lt\/#organization","name":"B\u0113rnu sp\u0113le","url":"https:\/\/kidsplay.lt\/","logo":{"@type":"ImageObject","inLanguage":"lv-LV","@id":"https:\/\/kidsplay.lt\/#\/schema\/logo\/image\/","url":"https:\/\/kidsplay.lt\/wp-content\/uploads\/2023\/07\/kidsplay-logo.png","contentUrl":"https:\/\/kidsplay.lt\/wp-content\/uploads\/2023\/07\/kidsplay-logo.png","width":451,"height":98,"caption":"KidsPlay"},"image":{"@id":"https:\/\/kidsplay.lt\/#\/schema\/logo\/image\/"},"sameAs":["https:\/\/www.facebook.com\/www.kidsplay.lt"]}]}},"_links":{"self":[{"href":"https:\/\/kidsplay.lt\/lv\/wp-json\/wp\/v2\/product\/108492","targetHints":{"allow":["GET"]}}],"collection":[{"href":"https:\/\/kidsplay.lt\/lv\/wp-json\/wp\/v2\/product"}],"about":[{"href":"https:\/\/kidsplay.lt\/lv\/wp-json\/wp\/v2\/types\/product"}],"version-history":[{"count":1,"href":"https:\/\/kidsplay.lt\/lv\/wp-json\/wp\/v2\/product\/108492\/revisions"}],"predecessor-version":[{"id":108493,"href":"https:\/\/kidsplay.lt\/lv\/wp-json\/wp\/v2\/product\/108492\/revisions\/108493"}],"wp:featuredmedia":[{"embeddable":true,"href":"https:\/\/kidsplay.lt\/lv\/wp-json\/wp\/v2\/media\/108494"}],"wp:attachment":[{"href":"https:\/\/kidsplay.lt\/lv\/wp-json\/wp\/v2\/media?parent=108492"}],"wp:term":[{"taxonomy":"product_brand","embeddable":true,"href":"https:\/\/kidsplay.lt\/lv\/wp-json\/wp\/v2\/product_brand?post=108492"},{"taxonomy":"product_cat","embeddable":true,"href":"https:\/\/kidsplay.lt\/lv\/wp-json\/wp\/v2\/product_cat?post=108492"},{"taxonomy":"product_tag","embeddable":true,"href":"https:\/\/kidsplay.lt\/lv\/wp-json\/wp\/v2\/product_tag?post=108492"}],"curies":[{"name":"wp","href":"https:\/\/api.w.org\/{rel}","templated":true}]}}