{"id":108513,"date":"2026-04-24T07:57:40","date_gmt":"2026-04-24T04:57:40","guid":{"rendered":"https:\/\/kidsplay.lt\/produktas\/woopie-baby-vonios-zaislas-ciaupo-dusas-fontanas-antis\/"},"modified":"2026-04-24T07:57:53","modified_gmt":"2026-04-24T04:57:53","slug":"woopie-baby-vonios-zaislas-ciaupo-dusas-fontanas-antis","status":"publish","type":"product","link":"https:\/\/kidsplay.lt\/lv\/products\/woopie-baby-vonios-zaislas-ciaupo-dusas-fontanas-antis\/","title":{"rendered":"\u201eWOOPIE BABY\u201c vonios \u017eaislas \u2013 \u010diaupo du\u0161as fontanas \u201eAntis\u201c"},"content":{"rendered":"<p>\u0160is \u201eWOOPIE\u201c vonios \u017eaislas suteikia vaikui smag\u0173 ir interaktyv\u0173 maudymosi laik\u0105. Pilant vanden\u012f \u012f piltuv\u0117lius, aktyvuojami besisukantys elementai, kurie pradeda suktis ir ta\u0161kytis, sukurdami \u012fdom\u0173 vandens efekt\u0105. Taip pat yra mini du\u0161as, kur\u012f vaikas gali \u012fjungti paspausdamas ant\u012f. Papildomas puodelis su perpylimo funkcija skatina smalsum\u0105 ir lavina poj\u016b\u010dius.<br \/>\n\u017daislas tvirtinamas prie vonios ar sienos siurbtukais, tod\u0117l yra stabilus ir patogus naudoti. Vandens cirkuliacijos sistema u\u017etikrina nuolatin\u012f \u017eaidim\u0105 be pertrauk\u0173.<br \/>\nFunkcijas:<\/p>\n<p> \tParedz\u0113ts b\u0113rniem no 18 m\u0113ne\u0161u vecuma.<br \/>\n \tInteraktyvus vonios \u017eaislas su vandens efektais<br \/>\n \tBesisukantys elementai pilant vanden\u012f<br \/>\n \tMini du\u0161o funkcija, aktyvuojama paspaudus<br \/>\n \tPuodelis su perpylimo (overflow) funkcija<br \/>\n \tTvirtinamas siurbtukais prie sienos ar vonios<br \/>\n \tAuk\u0161tos kokyb\u0117s, kruop\u0161\u010diai pagamintas<\/p>","protected":false},"excerpt":{"rendered":"<p>\u0160is \u201eWOOPIE\u201c vonios \u017eaislas suteikia vaikui smag\u0173 ir interaktyv\u0173 maudymosi laik\u0105. Pilant vanden\u012f \u012f piltuv\u0117lius, aktyvuojami besisukantys elementai, kurie pradeda<\/p>","protected":false},"featured_media":108515,"template":"","meta":{"_acf_changed":false,"_glsr_average":0,"_glsr_ranking":0,"_glsr_reviews":0},"product_brand":[],"product_cat":[440,229],"product_tag":[],"class_list":{"0":"post-108513","1":"product","2":"type-product","3":"status-publish","4":"has-post-thumbnail","6":"product_cat-vonios-zaislai","7":"product_cat-zaislai-vaikams","8":"\"style=\"background-color: #2ecc711c;\"","10":"first","11":"instock","12":"purchasable","13":"product-type-simple"},"acf":[],"yoast_head":"<!-- This site is optimized with the Yoast SEO plugin v27.4 - https:\/\/yoast.com\/product\/yoast-seo-wordpress\/ -->\n<title>\u201eWOOPIE BABY\u201c vonios \u017eaislas \u2013 \u010diaupo du\u0161as fontanas \u201eAntis\u201c<\/title>\n<meta name=\"description\" content=\"\u201eWOOPIE BABY\u201c vonios \u017eaislas \u2013 \u010diaupo du\u0161as fontanas \u201eAntis\u201c - KidsPlay. Did\u017eiausias vaik\u0173 \u017eaisl\u0173 pasirinkimas.\" \/>\n<meta name=\"robots\" content=\"index, follow, max-snippet:-1, max-image-preview:large, max-video-preview:-1\" \/>\n<link rel=\"canonical\" href=\"https:\/\/kidsplay.lt\/lv\/products\/woopie-baby-vonios-zaislas-ciaupo-dusas-fontanas-antis\/\" \/>\n<meta property=\"og:locale\" content=\"lv_LV\" \/>\n<meta property=\"og:type\" content=\"article\" \/>\n<meta property=\"og:title\" content=\"\u201eWOOPIE BABY\u201c vonios \u017eaislas \u2013 \u010diaupo du\u0161as fontanas \u201eAntis\u201c\" \/>\n<meta property=\"og:description\" content=\"\u201eWOOPIE BABY\u201c vonios \u017eaislas \u2013 \u010diaupo du\u0161as fontanas \u201eAntis\u201c - KidsPlay. Did\u017eiausias vaik\u0173 \u017eaisl\u0173 pasirinkimas.\" \/>\n<meta property=\"og:url\" content=\"https:\/\/kidsplay.lt\/lv\/products\/woopie-baby-vonios-zaislas-ciaupo-dusas-fontanas-antis\/\" \/>\n<meta property=\"og:site_name\" content=\"KidsPlay\" \/>\n<meta property=\"article:publisher\" content=\"https:\/\/www.facebook.com\/www.kidsplay.lt\" \/>\n<meta property=\"article:modified_time\" content=\"2026-04-24T04:57:53+00:00\" \/>\n<meta property=\"og:image\" content=\"https:\/\/kidsplay.lt\/wp-content\/uploads\/2026\/04\/\u201eWOOPIE-BABY-vonios-zaislas-\u2013-ciaupo-dusas-fontanas-\u201eAntis.jpg\" \/>\n\t<meta property=\"og:image:width\" content=\"1000\" \/>\n\t<meta property=\"og:image:height\" content=\"1000\" \/>\n\t<meta property=\"og:image:type\" content=\"image\/jpeg\" \/>\n<meta name=\"twitter:card\" content=\"summary_large_image\" \/>\n<meta name=\"twitter:label1\" content=\"Est. reading time\" \/>\n\t<meta name=\"twitter:data1\" content=\"1 min\u016bte\" \/>\n<script type=\"application\/ld+json\" class=\"yoast-schema-graph\">{\"@context\":\"https:\\\/\\\/schema.org\",\"@graph\":[{\"@type\":\"WebPage\",\"@id\":\"https:\\\/\\\/kidsplay.lt\\\/produktas\\\/woopie-baby-vonios-zaislas-ciaupo-dusas-fontanas-antis\\\/\",\"url\":\"https:\\\/\\\/kidsplay.lt\\\/produktas\\\/woopie-baby-vonios-zaislas-ciaupo-dusas-fontanas-antis\\\/\",\"name\":\"\u201eWOOPIE BABY\u201c vonios \u017eaislas \u2013 \u010diaupo du\u0161as fontanas \u201eAntis\u201c\",\"isPartOf\":{\"@id\":\"https:\\\/\\\/kidsplay.lt\\\/#website\"},\"primaryImageOfPage\":{\"@id\":\"https:\\\/\\\/kidsplay.lt\\\/produktas\\\/woopie-baby-vonios-zaislas-ciaupo-dusas-fontanas-antis\\\/#primaryimage\"},\"image\":{\"@id\":\"https:\\\/\\\/kidsplay.lt\\\/produktas\\\/woopie-baby-vonios-zaislas-ciaupo-dusas-fontanas-antis\\\/#primaryimage\"},\"thumbnailUrl\":\"https:\\\/\\\/kidsplay.lt\\\/wp-content\\\/uploads\\\/2026\\\/04\\\/\u201eWOOPIE-BABY-vonios-zaislas-\u2013-ciaupo-dusas-fontanas-\u201eAntis.jpg\",\"datePublished\":\"2026-04-24T04:57:40+00:00\",\"dateModified\":\"2026-04-24T04:57:53+00:00\",\"description\":\"\u201eWOOPIE BABY\u201c vonios \u017eaislas \u2013 \u010diaupo du\u0161as fontanas \u201eAntis\u201c - KidsPlay. Did\u017eiausias vaik\u0173 \u017eaisl\u0173 pasirinkimas.\",\"breadcrumb\":{\"@id\":\"https:\\\/\\\/kidsplay.lt\\\/produktas\\\/woopie-baby-vonios-zaislas-ciaupo-dusas-fontanas-antis\\\/#breadcrumb\"},\"inLanguage\":\"lv-LV\",\"potentialAction\":[{\"@type\":\"ReadAction\",\"target\":[\"https:\\\/\\\/kidsplay.lt\\\/produktas\\\/woopie-baby-vonios-zaislas-ciaupo-dusas-fontanas-antis\\\/\"]}]},{\"@type\":\"ImageObject\",\"inLanguage\":\"lv-LV\",\"@id\":\"https:\\\/\\\/kidsplay.lt\\\/produktas\\\/woopie-baby-vonios-zaislas-ciaupo-dusas-fontanas-antis\\\/#primaryimage\",\"url\":\"https:\\\/\\\/kidsplay.lt\\\/wp-content\\\/uploads\\\/2026\\\/04\\\/\u201eWOOPIE-BABY-vonios-zaislas-\u2013-ciaupo-dusas-fontanas-\u201eAntis.jpg\",\"contentUrl\":\"https:\\\/\\\/kidsplay.lt\\\/wp-content\\\/uploads\\\/2026\\\/04\\\/\u201eWOOPIE-BABY-vonios-zaislas-\u2013-ciaupo-dusas-fontanas-\u201eAntis.jpg\",\"width\":1000,\"height\":1000,\"caption\":\"\u201eWOOPIE BABY\u201c vonios \u017eaislas \u2013 \u010diaupo du\u0161as fontanas \u201eAntis\u201c\"},{\"@type\":\"BreadcrumbList\",\"@id\":\"https:\\\/\\\/kidsplay.lt\\\/produktas\\\/woopie-baby-vonios-zaislas-ciaupo-dusas-fontanas-antis\\\/#breadcrumb\",\"itemListElement\":[{\"@type\":\"ListItem\",\"position\":1,\"name\":\"Pagrindinis\",\"item\":\"https:\\\/\\\/kidsplay.lt\\\/\"},{\"@type\":\"ListItem\",\"position\":2,\"name\":\"Parduotuv\u0117\",\"item\":\"https:\\\/\\\/kidsplay.lt\\\/parduotuve\\\/\"},{\"@type\":\"ListItem\",\"position\":3,\"name\":\"\u201eWOOPIE BABY\u201c vonios \u017eaislas \u2013 \u010diaupo du\u0161as fontanas \u201eAntis\u201c\"}]},{\"@type\":\"WebSite\",\"@id\":\"https:\\\/\\\/kidsplay.lt\\\/#website\",\"url\":\"https:\\\/\\\/kidsplay.lt\\\/\",\"name\":\"Kidsplay.lt\",\"description\":\"\u012evairios prek\u0117s vaikams\",\"publisher\":{\"@id\":\"https:\\\/\\\/kidsplay.lt\\\/#organization\"},\"alternateName\":\"Kidsplay\",\"potentialAction\":[{\"@type\":\"SearchAction\",\"target\":{\"@type\":\"EntryPoint\",\"urlTemplate\":\"https:\\\/\\\/kidsplay.lt\\\/?s={search_term_string}\"},\"query-input\":{\"@type\":\"PropertyValueSpecification\",\"valueRequired\":true,\"valueName\":\"search_term_string\"}}],\"inLanguage\":\"lv-LV\"},{\"@type\":\"Organization\",\"@id\":\"https:\\\/\\\/kidsplay.lt\\\/#organization\",\"name\":\"KidsPlay\",\"url\":\"https:\\\/\\\/kidsplay.lt\\\/\",\"logo\":{\"@type\":\"ImageObject\",\"inLanguage\":\"lv-LV\",\"@id\":\"https:\\\/\\\/kidsplay.lt\\\/#\\\/schema\\\/logo\\\/image\\\/\",\"url\":\"https:\\\/\\\/kidsplay.lt\\\/wp-content\\\/uploads\\\/2023\\\/07\\\/kidsplay-logo.png\",\"contentUrl\":\"https:\\\/\\\/kidsplay.lt\\\/wp-content\\\/uploads\\\/2023\\\/07\\\/kidsplay-logo.png\",\"width\":451,\"height\":98,\"caption\":\"KidsPlay\"},\"image\":{\"@id\":\"https:\\\/\\\/kidsplay.lt\\\/#\\\/schema\\\/logo\\\/image\\\/\"},\"sameAs\":[\"https:\\\/\\\/www.facebook.com\\\/www.kidsplay.lt\"]}]}<\/script>\n<!-- \/ Yoast SEO plugin. -->","yoast_head_json":{"title":"\u201eWOOPIE BABY\u201c vonios \u017eaislas \u2013 \u010diaupo du\u0161as fontanas \u201eAntis\u201c","description":"\u201eWOOPIE BABY\u201c vonios \u017eaislas \u2013 \u010diaupo du\u0161as fontanas \u201eAntis\u201c - KidsPlay. Did\u017eiausias vaik\u0173 \u017eaisl\u0173 pasirinkimas.","robots":{"index":"index","follow":"follow","max-snippet":"max-snippet:-1","max-image-preview":"max-image-preview:large","max-video-preview":"max-video-preview:-1"},"canonical":"https:\/\/kidsplay.lt\/lv\/products\/woopie-baby-vonios-zaislas-ciaupo-dusas-fontanas-antis\/","og_locale":"lv_LV","og_type":"article","og_title":"\u201eWOOPIE BABY\u201c vonios \u017eaislas \u2013 \u010diaupo du\u0161as fontanas \u201eAntis\u201c","og_description":"\u201eWOOPIE BABY\u201c vonios \u017eaislas \u2013 \u010diaupo du\u0161as fontanas \u201eAntis\u201c - KidsPlay. Did\u017eiausias vaik\u0173 \u017eaisl\u0173 pasirinkimas.","og_url":"https:\/\/kidsplay.lt\/lv\/products\/woopie-baby-vonios-zaislas-ciaupo-dusas-fontanas-antis\/","og_site_name":"KidsPlay","article_publisher":"https:\/\/www.facebook.com\/www.kidsplay.lt","article_modified_time":"2026-04-24T04:57:53+00:00","og_image":[{"width":1000,"height":1000,"url":"https:\/\/kidsplay.lt\/wp-content\/uploads\/2026\/04\/\u201eWOOPIE-BABY-vonios-zaislas-\u2013-ciaupo-dusas-fontanas-\u201eAntis.jpg","type":"image\/jpeg"}],"twitter_card":"summary_large_image","twitter_misc":{"Est. reading time":"1 min\u016bte"},"schema":{"@context":"https:\/\/schema.org","@graph":[{"@type":"WebPage","@id":"https:\/\/kidsplay.lt\/produktas\/woopie-baby-vonios-zaislas-ciaupo-dusas-fontanas-antis\/","url":"https:\/\/kidsplay.lt\/produktas\/woopie-baby-vonios-zaislas-ciaupo-dusas-fontanas-antis\/","name":"\u201eWOOPIE BABY\u201c vonios \u017eaislas \u2013 \u010diaupo du\u0161as fontanas \u201eAntis\u201c","isPartOf":{"@id":"https:\/\/kidsplay.lt\/#website"},"primaryImageOfPage":{"@id":"https:\/\/kidsplay.lt\/produktas\/woopie-baby-vonios-zaislas-ciaupo-dusas-fontanas-antis\/#primaryimage"},"image":{"@id":"https:\/\/kidsplay.lt\/produktas\/woopie-baby-vonios-zaislas-ciaupo-dusas-fontanas-antis\/#primaryimage"},"thumbnailUrl":"https:\/\/kidsplay.lt\/wp-content\/uploads\/2026\/04\/\u201eWOOPIE-BABY-vonios-zaislas-\u2013-ciaupo-dusas-fontanas-\u201eAntis.jpg","datePublished":"2026-04-24T04:57:40+00:00","dateModified":"2026-04-24T04:57:53+00:00","description":"\u201eWOOPIE BABY\u201c vonios \u017eaislas \u2013 \u010diaupo du\u0161as fontanas \u201eAntis\u201c - KidsPlay. Did\u017eiausias vaik\u0173 \u017eaisl\u0173 pasirinkimas.","breadcrumb":{"@id":"https:\/\/kidsplay.lt\/produktas\/woopie-baby-vonios-zaislas-ciaupo-dusas-fontanas-antis\/#breadcrumb"},"inLanguage":"lv-LV","potentialAction":[{"@type":"ReadAction","target":["https:\/\/kidsplay.lt\/produktas\/woopie-baby-vonios-zaislas-ciaupo-dusas-fontanas-antis\/"]}]},{"@type":"ImageObject","inLanguage":"lv-LV","@id":"https:\/\/kidsplay.lt\/produktas\/woopie-baby-vonios-zaislas-ciaupo-dusas-fontanas-antis\/#primaryimage","url":"https:\/\/kidsplay.lt\/wp-content\/uploads\/2026\/04\/\u201eWOOPIE-BABY-vonios-zaislas-\u2013-ciaupo-dusas-fontanas-\u201eAntis.jpg","contentUrl":"https:\/\/kidsplay.lt\/wp-content\/uploads\/2026\/04\/\u201eWOOPIE-BABY-vonios-zaislas-\u2013-ciaupo-dusas-fontanas-\u201eAntis.jpg","width":1000,"height":1000,"caption":"\u201eWOOPIE BABY\u201c vonios \u017eaislas \u2013 \u010diaupo du\u0161as fontanas \u201eAntis\u201c"},{"@type":"BreadcrumbList","@id":"https:\/\/kidsplay.lt\/produktas\/woopie-baby-vonios-zaislas-ciaupo-dusas-fontanas-antis\/#breadcrumb","itemListElement":[{"@type":"ListItem","position":1,"name":"Pagrindinis","item":"https:\/\/kidsplay.lt\/"},{"@type":"ListItem","position":2,"name":"Parduotuv\u0117","item":"https:\/\/kidsplay.lt\/parduotuve\/"},{"@type":"ListItem","position":3,"name":"\u201eWOOPIE BABY\u201c vonios \u017eaislas \u2013 \u010diaupo du\u0161as fontanas \u201eAntis\u201c"}]},{"@type":"WebSite","@id":"https:\/\/kidsplay.lt\/#website","url":"https:\/\/kidsplay.lt\/","name":"B\u0113rnu sp\u0113les.lv","description":"\u012evairios prek\u0117s vaikams","publisher":{"@id":"https:\/\/kidsplay.lt\/#organization"},"alternateName":"Kidsplay","potentialAction":[{"@type":"SearchAction","target":{"@type":"EntryPoint","urlTemplate":"https:\/\/kidsplay.lt\/?s={search_term_string}"},"query-input":{"@type":"PropertyValueSpecification","valueRequired":true,"valueName":"search_term_string"}}],"inLanguage":"lv-LV"},{"@type":"Organization","@id":"https:\/\/kidsplay.lt\/#organization","name":"B\u0113rnu sp\u0113le","url":"https:\/\/kidsplay.lt\/","logo":{"@type":"ImageObject","inLanguage":"lv-LV","@id":"https:\/\/kidsplay.lt\/#\/schema\/logo\/image\/","url":"https:\/\/kidsplay.lt\/wp-content\/uploads\/2023\/07\/kidsplay-logo.png","contentUrl":"https:\/\/kidsplay.lt\/wp-content\/uploads\/2023\/07\/kidsplay-logo.png","width":451,"height":98,"caption":"KidsPlay"},"image":{"@id":"https:\/\/kidsplay.lt\/#\/schema\/logo\/image\/"},"sameAs":["https:\/\/www.facebook.com\/www.kidsplay.lt"]}]}},"_links":{"self":[{"href":"https:\/\/kidsplay.lt\/lv\/wp-json\/wp\/v2\/product\/108513","targetHints":{"allow":["GET"]}}],"collection":[{"href":"https:\/\/kidsplay.lt\/lv\/wp-json\/wp\/v2\/product"}],"about":[{"href":"https:\/\/kidsplay.lt\/lv\/wp-json\/wp\/v2\/types\/product"}],"version-history":[{"count":1,"href":"https:\/\/kidsplay.lt\/lv\/wp-json\/wp\/v2\/product\/108513\/revisions"}],"predecessor-version":[{"id":108514,"href":"https:\/\/kidsplay.lt\/lv\/wp-json\/wp\/v2\/product\/108513\/revisions\/108514"}],"wp:featuredmedia":[{"embeddable":true,"href":"https:\/\/kidsplay.lt\/lv\/wp-json\/wp\/v2\/media\/108515"}],"wp:attachment":[{"href":"https:\/\/kidsplay.lt\/lv\/wp-json\/wp\/v2\/media?parent=108513"}],"wp:term":[{"taxonomy":"product_brand","embeddable":true,"href":"https:\/\/kidsplay.lt\/lv\/wp-json\/wp\/v2\/product_brand?post=108513"},{"taxonomy":"product_cat","embeddable":true,"href":"https:\/\/kidsplay.lt\/lv\/wp-json\/wp\/v2\/product_cat?post=108513"},{"taxonomy":"product_tag","embeddable":true,"href":"https:\/\/kidsplay.lt\/lv\/wp-json\/wp\/v2\/product_tag?post=108513"}],"curies":[{"name":"wp","href":"https:\/\/api.w.org\/{rel}","templated":true}]}}