{"id":108520,"date":"2026-04-24T07:57:56","date_gmt":"2026-04-24T04:57:56","guid":{"rendered":"https:\/\/kidsplay.lt\/produktas\/woopie-vonios-ir-papludimio-zaislas-laistytuvas-krokodilas\/"},"modified":"2026-04-24T13:45:57","modified_gmt":"2026-04-24T10:45:57","slug":"woopie-vonios-ir-papludimio-zaislas-laistytuvas-krokodilas","status":"publish","type":"product","link":"https:\/\/kidsplay.lt\/lv\/products\/woopie-vonios-ir-papludimio-zaislas-laistytuvas-krokodilas\/","title":{"rendered":"\u201eWOOPIE\u201c vonios ir papl\u016bdimio \u017eaislas \u2013 laistytuvas krokodilas"},"content":{"rendered":"<p>\u201eWOOPIE\u201c krokodilo formos laistytuvas \u2013 vonios \u017eaislas<br \/>\n\u0160is \u201eWOOPIE\u201c vonios \u017eaislas \u2013 tai linksmas, spalvingas krokodilo formos laistytuvas, kuris kiekvien\u0105 maudyn\u0119 paver\u010dia smagia vandens pramoga. D\u0117l draugi\u0161kos i\u0161vaizdos ir ry\u0161ki\u0173 spalv\u0173 jis i\u0161 karto patraukia vaiko d\u0117mes\u012f ir skatina k\u016brybi\u0161k\u0105 \u017eaidim\u0105 tiek vonioje, tiek lauke \u2013 sode, sm\u0117lio d\u0117\u017e\u0117je ar papl\u016bdimyje.<br \/>\nFunkcijas:<\/p>\n<p>Skirtas vaikams nuo 3 met\u0173<br \/>\nKrokodilo formos laistytuvas<br \/>\nPaprastas ir intuityvus naudojimas ma\u017eiems vaikams<br \/>\nPatvari ir tvirta konstrukcija<br \/>\nPatogi, ergonomi\u0161ka rankena<br \/>\nUniversalus naudojimas: vonia, baseinas, sm\u0117lio d\u0117\u017e\u0117, sodas<br \/>\nSpalva parenkama atsitiktinai<\/p>\n<p>Komplekt\u0101 ietilpst:<\/p>\n<p>1 krokodilo formos laistytuvas<\/p>","protected":false},"excerpt":{"rendered":"<p>\u201eWOOPIE\u201c krokodilo formos laistytuvas \u2013 vonios \u017eaislas \u0160is \u201eWOOPIE\u201c vonios \u017eaislas \u2013 tai linksmas, spalvingas krokodilo formos laistytuvas, kuris kiekvien\u0105<\/p>","protected":false},"featured_media":108522,"template":"","meta":{"_acf_changed":false,"_glsr_average":0,"_glsr_ranking":0,"_glsr_reviews":0},"product_brand":[],"product_cat":[440,229],"product_tag":[],"class_list":{"0":"post-108520","1":"product","2":"type-product","3":"status-publish","4":"has-post-thumbnail","6":"product_cat-vonios-zaislai","7":"product_cat-zaislai-vaikams","8":"\"style=\"background-color: #2ecc711c;\"","10":"first","11":"instock","12":"purchasable","13":"product-type-simple"},"acf":[],"yoast_head":"<!-- This site is optimized with the Yoast SEO plugin v27.4 - https:\/\/yoast.com\/product\/yoast-seo-wordpress\/ -->\n<title>\u201eWOOPIE\u201c vonios ir papl\u016bdimio \u017eaislas \u2013 laistytuvas krokodilas<\/title>\n<meta name=\"description\" content=\"\u201eWOOPIE\u201c vonios ir papl\u016bdimio \u017eaislas \u2013 laistytuvas krokodilas - KidsPlay. Did\u017eiausias vaik\u0173 \u017eaisl\u0173 pasirinkimas.\" \/>\n<meta name=\"robots\" content=\"index, follow, max-snippet:-1, max-image-preview:large, max-video-preview:-1\" \/>\n<link rel=\"canonical\" href=\"https:\/\/kidsplay.lt\/lv\/products\/woopie-vonios-ir-papludimio-zaislas-laistytuvas-krokodilas\/\" \/>\n<meta property=\"og:locale\" content=\"lv_LV\" \/>\n<meta property=\"og:type\" content=\"article\" \/>\n<meta property=\"og:title\" content=\"\u201eWOOPIE\u201c vonios ir papl\u016bdimio \u017eaislas \u2013 laistytuvas krokodilas\" \/>\n<meta property=\"og:description\" content=\"\u201eWOOPIE\u201c vonios ir papl\u016bdimio \u017eaislas \u2013 laistytuvas krokodilas - KidsPlay. Did\u017eiausias vaik\u0173 \u017eaisl\u0173 pasirinkimas.\" \/>\n<meta property=\"og:url\" content=\"https:\/\/kidsplay.lt\/lv\/products\/woopie-vonios-ir-papludimio-zaislas-laistytuvas-krokodilas\/\" \/>\n<meta property=\"og:site_name\" content=\"KidsPlay\" \/>\n<meta property=\"article:publisher\" content=\"https:\/\/www.facebook.com\/www.kidsplay.lt\" \/>\n<meta property=\"article:modified_time\" content=\"2026-04-24T10:45:57+00:00\" \/>\n<meta property=\"og:image\" content=\"https:\/\/kidsplay.lt\/wp-content\/uploads\/2026\/04\/\u201eWOOPIE-vonios-ir-papludimio-zaislas-\u2013-laistytuvas-krokodilas.jpg\" \/>\n\t<meta property=\"og:image:width\" content=\"2560\" \/>\n\t<meta property=\"og:image:height\" content=\"2560\" \/>\n\t<meta property=\"og:image:type\" content=\"image\/jpeg\" \/>\n<meta name=\"twitter:card\" content=\"summary_large_image\" \/>\n<meta name=\"twitter:label1\" content=\"Est. reading time\" \/>\n\t<meta name=\"twitter:data1\" content=\"1 min\u016bte\" \/>\n<script type=\"application\/ld+json\" class=\"yoast-schema-graph\">{\"@context\":\"https:\\\/\\\/schema.org\",\"@graph\":[{\"@type\":\"WebPage\",\"@id\":\"https:\\\/\\\/kidsplay.lt\\\/produktas\\\/woopie-vonios-ir-papludimio-zaislas-laistytuvas-krokodilas\\\/\",\"url\":\"https:\\\/\\\/kidsplay.lt\\\/produktas\\\/woopie-vonios-ir-papludimio-zaislas-laistytuvas-krokodilas\\\/\",\"name\":\"\u201eWOOPIE\u201c vonios ir papl\u016bdimio \u017eaislas \u2013 laistytuvas krokodilas\",\"isPartOf\":{\"@id\":\"https:\\\/\\\/kidsplay.lt\\\/#website\"},\"primaryImageOfPage\":{\"@id\":\"https:\\\/\\\/kidsplay.lt\\\/produktas\\\/woopie-vonios-ir-papludimio-zaislas-laistytuvas-krokodilas\\\/#primaryimage\"},\"image\":{\"@id\":\"https:\\\/\\\/kidsplay.lt\\\/produktas\\\/woopie-vonios-ir-papludimio-zaislas-laistytuvas-krokodilas\\\/#primaryimage\"},\"thumbnailUrl\":\"https:\\\/\\\/kidsplay.lt\\\/wp-content\\\/uploads\\\/2026\\\/04\\\/\u201eWOOPIE-vonios-ir-papludimio-zaislas-\u2013-laistytuvas-krokodilas.jpg\",\"datePublished\":\"2026-04-24T04:57:56+00:00\",\"dateModified\":\"2026-04-24T10:45:57+00:00\",\"description\":\"\u201eWOOPIE\u201c vonios ir papl\u016bdimio \u017eaislas \u2013 laistytuvas krokodilas - KidsPlay. Did\u017eiausias vaik\u0173 \u017eaisl\u0173 pasirinkimas.\",\"breadcrumb\":{\"@id\":\"https:\\\/\\\/kidsplay.lt\\\/produktas\\\/woopie-vonios-ir-papludimio-zaislas-laistytuvas-krokodilas\\\/#breadcrumb\"},\"inLanguage\":\"lv-LV\",\"potentialAction\":[{\"@type\":\"ReadAction\",\"target\":[\"https:\\\/\\\/kidsplay.lt\\\/produktas\\\/woopie-vonios-ir-papludimio-zaislas-laistytuvas-krokodilas\\\/\"]}]},{\"@type\":\"ImageObject\",\"inLanguage\":\"lv-LV\",\"@id\":\"https:\\\/\\\/kidsplay.lt\\\/produktas\\\/woopie-vonios-ir-papludimio-zaislas-laistytuvas-krokodilas\\\/#primaryimage\",\"url\":\"https:\\\/\\\/kidsplay.lt\\\/wp-content\\\/uploads\\\/2026\\\/04\\\/\u201eWOOPIE-vonios-ir-papludimio-zaislas-\u2013-laistytuvas-krokodilas.jpg\",\"contentUrl\":\"https:\\\/\\\/kidsplay.lt\\\/wp-content\\\/uploads\\\/2026\\\/04\\\/\u201eWOOPIE-vonios-ir-papludimio-zaislas-\u2013-laistytuvas-krokodilas.jpg\",\"width\":2560,\"height\":2560,\"caption\":\"\u201eWOOPIE\u201c vonios ir papl\u016bdimio \u017eaislas \u2013 laistytuvas krokodilas\"},{\"@type\":\"BreadcrumbList\",\"@id\":\"https:\\\/\\\/kidsplay.lt\\\/produktas\\\/woopie-vonios-ir-papludimio-zaislas-laistytuvas-krokodilas\\\/#breadcrumb\",\"itemListElement\":[{\"@type\":\"ListItem\",\"position\":1,\"name\":\"Pagrindinis\",\"item\":\"https:\\\/\\\/kidsplay.lt\\\/\"},{\"@type\":\"ListItem\",\"position\":2,\"name\":\"Parduotuv\u0117\",\"item\":\"https:\\\/\\\/kidsplay.lt\\\/parduotuve\\\/\"},{\"@type\":\"ListItem\",\"position\":3,\"name\":\"\u201eWOOPIE\u201c vonios ir papl\u016bdimio \u017eaislas \u2013 laistytuvas krokodilas\"}]},{\"@type\":\"WebSite\",\"@id\":\"https:\\\/\\\/kidsplay.lt\\\/#website\",\"url\":\"https:\\\/\\\/kidsplay.lt\\\/\",\"name\":\"Kidsplay.lt\",\"description\":\"\u012evairios prek\u0117s vaikams\",\"publisher\":{\"@id\":\"https:\\\/\\\/kidsplay.lt\\\/#organization\"},\"alternateName\":\"Kidsplay\",\"potentialAction\":[{\"@type\":\"SearchAction\",\"target\":{\"@type\":\"EntryPoint\",\"urlTemplate\":\"https:\\\/\\\/kidsplay.lt\\\/?s={search_term_string}\"},\"query-input\":{\"@type\":\"PropertyValueSpecification\",\"valueRequired\":true,\"valueName\":\"search_term_string\"}}],\"inLanguage\":\"lv-LV\"},{\"@type\":\"Organization\",\"@id\":\"https:\\\/\\\/kidsplay.lt\\\/#organization\",\"name\":\"KidsPlay\",\"url\":\"https:\\\/\\\/kidsplay.lt\\\/\",\"logo\":{\"@type\":\"ImageObject\",\"inLanguage\":\"lv-LV\",\"@id\":\"https:\\\/\\\/kidsplay.lt\\\/#\\\/schema\\\/logo\\\/image\\\/\",\"url\":\"https:\\\/\\\/kidsplay.lt\\\/wp-content\\\/uploads\\\/2023\\\/07\\\/kidsplay-logo.png\",\"contentUrl\":\"https:\\\/\\\/kidsplay.lt\\\/wp-content\\\/uploads\\\/2023\\\/07\\\/kidsplay-logo.png\",\"width\":451,\"height\":98,\"caption\":\"KidsPlay\"},\"image\":{\"@id\":\"https:\\\/\\\/kidsplay.lt\\\/#\\\/schema\\\/logo\\\/image\\\/\"},\"sameAs\":[\"https:\\\/\\\/www.facebook.com\\\/www.kidsplay.lt\"]}]}<\/script>\n<!-- \/ Yoast SEO plugin. -->","yoast_head_json":{"title":"\u201eWOOPIE\u201c vonios ir papl\u016bdimio \u017eaislas \u2013 laistytuvas krokodilas","description":"\u201eWOOPIE\u201c vonios ir papl\u016bdimio \u017eaislas \u2013 laistytuvas krokodilas - KidsPlay. Did\u017eiausias vaik\u0173 \u017eaisl\u0173 pasirinkimas.","robots":{"index":"index","follow":"follow","max-snippet":"max-snippet:-1","max-image-preview":"max-image-preview:large","max-video-preview":"max-video-preview:-1"},"canonical":"https:\/\/kidsplay.lt\/lv\/products\/woopie-vonios-ir-papludimio-zaislas-laistytuvas-krokodilas\/","og_locale":"lv_LV","og_type":"article","og_title":"\u201eWOOPIE\u201c vonios ir papl\u016bdimio \u017eaislas \u2013 laistytuvas krokodilas","og_description":"\u201eWOOPIE\u201c vonios ir papl\u016bdimio \u017eaislas \u2013 laistytuvas krokodilas - KidsPlay. Did\u017eiausias vaik\u0173 \u017eaisl\u0173 pasirinkimas.","og_url":"https:\/\/kidsplay.lt\/lv\/products\/woopie-vonios-ir-papludimio-zaislas-laistytuvas-krokodilas\/","og_site_name":"KidsPlay","article_publisher":"https:\/\/www.facebook.com\/www.kidsplay.lt","article_modified_time":"2026-04-24T10:45:57+00:00","og_image":[{"width":2560,"height":2560,"url":"https:\/\/kidsplay.lt\/wp-content\/uploads\/2026\/04\/\u201eWOOPIE-vonios-ir-papludimio-zaislas-\u2013-laistytuvas-krokodilas.jpg","type":"image\/jpeg"}],"twitter_card":"summary_large_image","twitter_misc":{"Est. reading time":"1 min\u016bte"},"schema":{"@context":"https:\/\/schema.org","@graph":[{"@type":"WebPage","@id":"https:\/\/kidsplay.lt\/produktas\/woopie-vonios-ir-papludimio-zaislas-laistytuvas-krokodilas\/","url":"https:\/\/kidsplay.lt\/produktas\/woopie-vonios-ir-papludimio-zaislas-laistytuvas-krokodilas\/","name":"\u201eWOOPIE\u201c vonios ir papl\u016bdimio \u017eaislas \u2013 laistytuvas krokodilas","isPartOf":{"@id":"https:\/\/kidsplay.lt\/#website"},"primaryImageOfPage":{"@id":"https:\/\/kidsplay.lt\/produktas\/woopie-vonios-ir-papludimio-zaislas-laistytuvas-krokodilas\/#primaryimage"},"image":{"@id":"https:\/\/kidsplay.lt\/produktas\/woopie-vonios-ir-papludimio-zaislas-laistytuvas-krokodilas\/#primaryimage"},"thumbnailUrl":"https:\/\/kidsplay.lt\/wp-content\/uploads\/2026\/04\/\u201eWOOPIE-vonios-ir-papludimio-zaislas-\u2013-laistytuvas-krokodilas.jpg","datePublished":"2026-04-24T04:57:56+00:00","dateModified":"2026-04-24T10:45:57+00:00","description":"\u201eWOOPIE\u201c vonios ir papl\u016bdimio \u017eaislas \u2013 laistytuvas krokodilas - KidsPlay. Did\u017eiausias vaik\u0173 \u017eaisl\u0173 pasirinkimas.","breadcrumb":{"@id":"https:\/\/kidsplay.lt\/produktas\/woopie-vonios-ir-papludimio-zaislas-laistytuvas-krokodilas\/#breadcrumb"},"inLanguage":"lv-LV","potentialAction":[{"@type":"ReadAction","target":["https:\/\/kidsplay.lt\/produktas\/woopie-vonios-ir-papludimio-zaislas-laistytuvas-krokodilas\/"]}]},{"@type":"ImageObject","inLanguage":"lv-LV","@id":"https:\/\/kidsplay.lt\/produktas\/woopie-vonios-ir-papludimio-zaislas-laistytuvas-krokodilas\/#primaryimage","url":"https:\/\/kidsplay.lt\/wp-content\/uploads\/2026\/04\/\u201eWOOPIE-vonios-ir-papludimio-zaislas-\u2013-laistytuvas-krokodilas.jpg","contentUrl":"https:\/\/kidsplay.lt\/wp-content\/uploads\/2026\/04\/\u201eWOOPIE-vonios-ir-papludimio-zaislas-\u2013-laistytuvas-krokodilas.jpg","width":2560,"height":2560,"caption":"\u201eWOOPIE\u201c vonios ir papl\u016bdimio \u017eaislas \u2013 laistytuvas krokodilas"},{"@type":"BreadcrumbList","@id":"https:\/\/kidsplay.lt\/produktas\/woopie-vonios-ir-papludimio-zaislas-laistytuvas-krokodilas\/#breadcrumb","itemListElement":[{"@type":"ListItem","position":1,"name":"Pagrindinis","item":"https:\/\/kidsplay.lt\/"},{"@type":"ListItem","position":2,"name":"Parduotuv\u0117","item":"https:\/\/kidsplay.lt\/parduotuve\/"},{"@type":"ListItem","position":3,"name":"\u201eWOOPIE\u201c vonios ir papl\u016bdimio \u017eaislas \u2013 laistytuvas krokodilas"}]},{"@type":"WebSite","@id":"https:\/\/kidsplay.lt\/#website","url":"https:\/\/kidsplay.lt\/","name":"B\u0113rnu sp\u0113les.lv","description":"\u012evairios prek\u0117s vaikams","publisher":{"@id":"https:\/\/kidsplay.lt\/#organization"},"alternateName":"Kidsplay","potentialAction":[{"@type":"SearchAction","target":{"@type":"EntryPoint","urlTemplate":"https:\/\/kidsplay.lt\/?s={search_term_string}"},"query-input":{"@type":"PropertyValueSpecification","valueRequired":true,"valueName":"search_term_string"}}],"inLanguage":"lv-LV"},{"@type":"Organization","@id":"https:\/\/kidsplay.lt\/#organization","name":"B\u0113rnu sp\u0113le","url":"https:\/\/kidsplay.lt\/","logo":{"@type":"ImageObject","inLanguage":"lv-LV","@id":"https:\/\/kidsplay.lt\/#\/schema\/logo\/image\/","url":"https:\/\/kidsplay.lt\/wp-content\/uploads\/2023\/07\/kidsplay-logo.png","contentUrl":"https:\/\/kidsplay.lt\/wp-content\/uploads\/2023\/07\/kidsplay-logo.png","width":451,"height":98,"caption":"KidsPlay"},"image":{"@id":"https:\/\/kidsplay.lt\/#\/schema\/logo\/image\/"},"sameAs":["https:\/\/www.facebook.com\/www.kidsplay.lt"]}]}},"_links":{"self":[{"href":"https:\/\/kidsplay.lt\/lv\/wp-json\/wp\/v2\/product\/108520","targetHints":{"allow":["GET"]}}],"collection":[{"href":"https:\/\/kidsplay.lt\/lv\/wp-json\/wp\/v2\/product"}],"about":[{"href":"https:\/\/kidsplay.lt\/lv\/wp-json\/wp\/v2\/types\/product"}],"version-history":[{"count":2,"href":"https:\/\/kidsplay.lt\/lv\/wp-json\/wp\/v2\/product\/108520\/revisions"}],"predecessor-version":[{"id":108881,"href":"https:\/\/kidsplay.lt\/lv\/wp-json\/wp\/v2\/product\/108520\/revisions\/108881"}],"wp:featuredmedia":[{"embeddable":true,"href":"https:\/\/kidsplay.lt\/lv\/wp-json\/wp\/v2\/media\/108522"}],"wp:attachment":[{"href":"https:\/\/kidsplay.lt\/lv\/wp-json\/wp\/v2\/media?parent=108520"}],"wp:term":[{"taxonomy":"product_brand","embeddable":true,"href":"https:\/\/kidsplay.lt\/lv\/wp-json\/wp\/v2\/product_brand?post=108520"},{"taxonomy":"product_cat","embeddable":true,"href":"https:\/\/kidsplay.lt\/lv\/wp-json\/wp\/v2\/product_cat?post=108520"},{"taxonomy":"product_tag","embeddable":true,"href":"https:\/\/kidsplay.lt\/lv\/wp-json\/wp\/v2\/product_tag?post=108520"}],"curies":[{"name":"wp","href":"https:\/\/api.w.org\/{rel}","templated":true}]}}