{"id":108534,"date":"2026-04-24T07:58:24","date_gmt":"2026-04-24T04:58:24","guid":{"rendered":"https:\/\/kidsplay.lt\/produktas\/woopie-guminis-sokinejimo-zaislas-arkliukas-pompa\/"},"modified":"2026-04-24T07:58:38","modified_gmt":"2026-04-24T04:58:38","slug":"woopie-guminis-sokinejimo-zaislas-arkliukas-pompa","status":"publish","type":"product","link":"https:\/\/kidsplay.lt\/lv\/products\/woopie-guminis-sokinejimo-zaislas-arkliukas-pompa\/","title":{"rendered":"\u201eWOOPIE gumijas l\u0113k\u0101\u0161anas rota\u013clieta - \u0161\u016bpu\u013czirgs + pumpis"},"content":{"rendered":"<p>\u201eWOOPIE\u201c pripu\u010diamas \u0161okin\u0117jimo arkliukas \u2013 tai linksmas ir aktyvus \u017eaislas, suteikiantis vaikams daug d\u017eiaugsmo \u0161okin\u0117jant ir judant. Ergonomi\u0161ka forma leid\u017eia ma\u017eyliams saugiai \u0161okin\u0117ti, tuo pa\u010diu lavinant motorinius \u012fg\u016bd\u017eius ir pusiausvyr\u0105. \u017daislas skatina savaranki\u0161k\u0105 \u017eaidim\u0105, bet taip pat tinka ir \u017eaidimui su t\u0117vais ar draugais.<br \/>\nFunkcijas:<\/p>\n<p> \tSkirta vaikams nuo 12 m\u0117n.<br \/>\n \tMaksimali apkrova iki 45 kg<br \/>\n \tPrip\u016btimo sl\u0117gis: 0.3\u20130.4 bar<br \/>\n \tMielas rudos spalvos arkliuko dizainas su balnu ir kamanomis<br \/>\n \tPagamintas i\u0161 auk\u0161tos kokyb\u0117s, netoksi\u0161ko ir patvaraus PVC<br \/>\n \tStabili konstrukcija u\u017etikrina saugum\u0105 \u0161okin\u0117jant<br \/>\n \tLengvai pripu\u010diamas<br \/>\n \tPatvarus ir saugus naudojimui<\/p>\n<p>Komplekt\u0101 ietilpst:<\/p>\n<p> \tPripu\u010diamas \u0161okin\u0117jimo arkliukas<br \/>\n \tPompa<\/p>\n<p>I\u0161matavimai:<\/p>\n<p> \tIlgis: 58 cm<br \/>\n \tPlatums: 28 cm<br \/>\n \tAuk\u0161tis su ragais: 49 cm<br \/>\n \tAuk\u0161tis (iki aus\u0173\/rag\u0173): 41 cm<br \/>\n \tS\u0117dyn\u0117s auk\u0161tis: 26 cm<br \/>\n \tS\u0117dyn\u0117s plotis: 23 cm<\/p>","protected":false},"excerpt":{"rendered":"<p>\u201eWOOPIE\u201c pripu\u010diamas \u0161okin\u0117jimo arkliukas \u2013 tai linksmas ir aktyvus \u017eaislas, suteikiantis vaikams daug d\u017eiaugsmo \u0161okin\u0117jant ir judant. Ergonomi\u0161ka forma leid\u017eia<\/p>","protected":false},"featured_media":108536,"template":"","meta":{"_acf_changed":false,"_glsr_average":0,"_glsr_ranking":0,"_glsr_reviews":0},"product_brand":[],"product_cat":[375,229],"product_tag":[],"class_list":{"0":"post-108534","1":"product","2":"type-product","3":"status-publish","4":"has-post-thumbnail","6":"product_cat-pliusiniai-zaislai","7":"product_cat-zaislai-vaikams","8":"\"style=\"background-color: #2ecc711c;\"","10":"first","11":"instock","12":"purchasable","13":"product-type-simple"},"acf":[],"yoast_head":"<!-- This site is optimized with the Yoast SEO plugin v27.4 - https:\/\/yoast.com\/product\/yoast-seo-wordpress\/ -->\n<title>\u201eWOOPIE\u201c guminis \u0161okin\u0117jimo \u017eaislas \u2013 arkliukas + pompa<\/title>\n<meta name=\"description\" content=\"\u201eWOOPIE\u201c guminis \u0161okin\u0117jimo \u017eaislas \u2013 arkliukas + pompa - KidsPlay. Did\u017eiausias vaik\u0173 \u017eaisl\u0173 pasirinkimas.\" \/>\n<meta name=\"robots\" content=\"index, follow, max-snippet:-1, max-image-preview:large, max-video-preview:-1\" \/>\n<link rel=\"canonical\" href=\"https:\/\/kidsplay.lt\/lv\/products\/woopie-guminis-sokinejimo-zaislas-arkliukas-pompa\/\" \/>\n<meta property=\"og:locale\" content=\"lv_LV\" \/>\n<meta property=\"og:type\" content=\"article\" \/>\n<meta property=\"og:title\" content=\"\u201eWOOPIE\u201c guminis \u0161okin\u0117jimo \u017eaislas \u2013 arkliukas + pompa\" \/>\n<meta property=\"og:description\" content=\"\u201eWOOPIE\u201c guminis \u0161okin\u0117jimo \u017eaislas \u2013 arkliukas + pompa - KidsPlay. Did\u017eiausias vaik\u0173 \u017eaisl\u0173 pasirinkimas.\" \/>\n<meta property=\"og:url\" content=\"https:\/\/kidsplay.lt\/lv\/products\/woopie-guminis-sokinejimo-zaislas-arkliukas-pompa\/\" \/>\n<meta property=\"og:site_name\" content=\"KidsPlay\" \/>\n<meta property=\"article:publisher\" content=\"https:\/\/www.facebook.com\/www.kidsplay.lt\" \/>\n<meta property=\"article:modified_time\" content=\"2026-04-24T04:58:38+00:00\" \/>\n<meta property=\"og:image\" content=\"https:\/\/kidsplay.lt\/wp-content\/uploads\/2026\/04\/\u201eWOOPIE-guminis-sokinejimo-zaislas-\u2013-arkliukas-pompa.jpg\" \/>\n\t<meta property=\"og:image:width\" content=\"1000\" \/>\n\t<meta property=\"og:image:height\" content=\"1000\" \/>\n\t<meta property=\"og:image:type\" content=\"image\/jpeg\" \/>\n<meta name=\"twitter:card\" content=\"summary_large_image\" \/>\n<meta name=\"twitter:label1\" content=\"Est. reading time\" \/>\n\t<meta name=\"twitter:data1\" content=\"1 min\u016bte\" \/>\n<script type=\"application\/ld+json\" class=\"yoast-schema-graph\">{\"@context\":\"https:\\\/\\\/schema.org\",\"@graph\":[{\"@type\":\"WebPage\",\"@id\":\"https:\\\/\\\/kidsplay.lt\\\/produktas\\\/woopie-guminis-sokinejimo-zaislas-arkliukas-pompa\\\/\",\"url\":\"https:\\\/\\\/kidsplay.lt\\\/produktas\\\/woopie-guminis-sokinejimo-zaislas-arkliukas-pompa\\\/\",\"name\":\"\u201eWOOPIE\u201c guminis \u0161okin\u0117jimo \u017eaislas \u2013 arkliukas + pompa\",\"isPartOf\":{\"@id\":\"https:\\\/\\\/kidsplay.lt\\\/#website\"},\"primaryImageOfPage\":{\"@id\":\"https:\\\/\\\/kidsplay.lt\\\/produktas\\\/woopie-guminis-sokinejimo-zaislas-arkliukas-pompa\\\/#primaryimage\"},\"image\":{\"@id\":\"https:\\\/\\\/kidsplay.lt\\\/produktas\\\/woopie-guminis-sokinejimo-zaislas-arkliukas-pompa\\\/#primaryimage\"},\"thumbnailUrl\":\"https:\\\/\\\/kidsplay.lt\\\/wp-content\\\/uploads\\\/2026\\\/04\\\/\u201eWOOPIE-guminis-sokinejimo-zaislas-\u2013-arkliukas-pompa.jpg\",\"datePublished\":\"2026-04-24T04:58:24+00:00\",\"dateModified\":\"2026-04-24T04:58:38+00:00\",\"description\":\"\u201eWOOPIE\u201c guminis \u0161okin\u0117jimo \u017eaislas \u2013 arkliukas + pompa - KidsPlay. Did\u017eiausias vaik\u0173 \u017eaisl\u0173 pasirinkimas.\",\"breadcrumb\":{\"@id\":\"https:\\\/\\\/kidsplay.lt\\\/produktas\\\/woopie-guminis-sokinejimo-zaislas-arkliukas-pompa\\\/#breadcrumb\"},\"inLanguage\":\"lv-LV\",\"potentialAction\":[{\"@type\":\"ReadAction\",\"target\":[\"https:\\\/\\\/kidsplay.lt\\\/produktas\\\/woopie-guminis-sokinejimo-zaislas-arkliukas-pompa\\\/\"]}]},{\"@type\":\"ImageObject\",\"inLanguage\":\"lv-LV\",\"@id\":\"https:\\\/\\\/kidsplay.lt\\\/produktas\\\/woopie-guminis-sokinejimo-zaislas-arkliukas-pompa\\\/#primaryimage\",\"url\":\"https:\\\/\\\/kidsplay.lt\\\/wp-content\\\/uploads\\\/2026\\\/04\\\/\u201eWOOPIE-guminis-sokinejimo-zaislas-\u2013-arkliukas-pompa.jpg\",\"contentUrl\":\"https:\\\/\\\/kidsplay.lt\\\/wp-content\\\/uploads\\\/2026\\\/04\\\/\u201eWOOPIE-guminis-sokinejimo-zaislas-\u2013-arkliukas-pompa.jpg\",\"width\":1000,\"height\":1000,\"caption\":\"\u201eWOOPIE\u201c guminis \u0161okin\u0117jimo \u017eaislas \u2013 arkliukas + pompa\"},{\"@type\":\"BreadcrumbList\",\"@id\":\"https:\\\/\\\/kidsplay.lt\\\/produktas\\\/woopie-guminis-sokinejimo-zaislas-arkliukas-pompa\\\/#breadcrumb\",\"itemListElement\":[{\"@type\":\"ListItem\",\"position\":1,\"name\":\"Pagrindinis\",\"item\":\"https:\\\/\\\/kidsplay.lt\\\/\"},{\"@type\":\"ListItem\",\"position\":2,\"name\":\"Parduotuv\u0117\",\"item\":\"https:\\\/\\\/kidsplay.lt\\\/parduotuve\\\/\"},{\"@type\":\"ListItem\",\"position\":3,\"name\":\"\u201eWOOPIE\u201c guminis \u0161okin\u0117jimo \u017eaislas \u2013 arkliukas + pompa\"}]},{\"@type\":\"WebSite\",\"@id\":\"https:\\\/\\\/kidsplay.lt\\\/#website\",\"url\":\"https:\\\/\\\/kidsplay.lt\\\/\",\"name\":\"Kidsplay.lt\",\"description\":\"\u012evairios prek\u0117s vaikams\",\"publisher\":{\"@id\":\"https:\\\/\\\/kidsplay.lt\\\/#organization\"},\"alternateName\":\"Kidsplay\",\"potentialAction\":[{\"@type\":\"SearchAction\",\"target\":{\"@type\":\"EntryPoint\",\"urlTemplate\":\"https:\\\/\\\/kidsplay.lt\\\/?s={search_term_string}\"},\"query-input\":{\"@type\":\"PropertyValueSpecification\",\"valueRequired\":true,\"valueName\":\"search_term_string\"}}],\"inLanguage\":\"lv-LV\"},{\"@type\":\"Organization\",\"@id\":\"https:\\\/\\\/kidsplay.lt\\\/#organization\",\"name\":\"KidsPlay\",\"url\":\"https:\\\/\\\/kidsplay.lt\\\/\",\"logo\":{\"@type\":\"ImageObject\",\"inLanguage\":\"lv-LV\",\"@id\":\"https:\\\/\\\/kidsplay.lt\\\/#\\\/schema\\\/logo\\\/image\\\/\",\"url\":\"https:\\\/\\\/kidsplay.lt\\\/wp-content\\\/uploads\\\/2023\\\/07\\\/kidsplay-logo.png\",\"contentUrl\":\"https:\\\/\\\/kidsplay.lt\\\/wp-content\\\/uploads\\\/2023\\\/07\\\/kidsplay-logo.png\",\"width\":451,\"height\":98,\"caption\":\"KidsPlay\"},\"image\":{\"@id\":\"https:\\\/\\\/kidsplay.lt\\\/#\\\/schema\\\/logo\\\/image\\\/\"},\"sameAs\":[\"https:\\\/\\\/www.facebook.com\\\/www.kidsplay.lt\"]}]}<\/script>\n<!-- \/ Yoast SEO plugin. -->","yoast_head_json":{"title":"\u201eWOOPIE gumijas l\u0113k\u0101\u0161anas rota\u013clieta - \u0161\u016bpu\u013czirgs + pumpis","description":"\u201eWOOPIE\u201c guminis \u0161okin\u0117jimo \u017eaislas \u2013 arkliukas + pompa - KidsPlay. Did\u017eiausias vaik\u0173 \u017eaisl\u0173 pasirinkimas.","robots":{"index":"index","follow":"follow","max-snippet":"max-snippet:-1","max-image-preview":"max-image-preview:large","max-video-preview":"max-video-preview:-1"},"canonical":"https:\/\/kidsplay.lt\/lv\/products\/woopie-guminis-sokinejimo-zaislas-arkliukas-pompa\/","og_locale":"lv_LV","og_type":"article","og_title":"\u201eWOOPIE\u201c guminis \u0161okin\u0117jimo \u017eaislas \u2013 arkliukas + pompa","og_description":"\u201eWOOPIE\u201c guminis \u0161okin\u0117jimo \u017eaislas \u2013 arkliukas + pompa - KidsPlay. Did\u017eiausias vaik\u0173 \u017eaisl\u0173 pasirinkimas.","og_url":"https:\/\/kidsplay.lt\/lv\/products\/woopie-guminis-sokinejimo-zaislas-arkliukas-pompa\/","og_site_name":"KidsPlay","article_publisher":"https:\/\/www.facebook.com\/www.kidsplay.lt","article_modified_time":"2026-04-24T04:58:38+00:00","og_image":[{"width":1000,"height":1000,"url":"https:\/\/kidsplay.lt\/wp-content\/uploads\/2026\/04\/\u201eWOOPIE-guminis-sokinejimo-zaislas-\u2013-arkliukas-pompa.jpg","type":"image\/jpeg"}],"twitter_card":"summary_large_image","twitter_misc":{"Est. reading time":"1 min\u016bte"},"schema":{"@context":"https:\/\/schema.org","@graph":[{"@type":"WebPage","@id":"https:\/\/kidsplay.lt\/produktas\/woopie-guminis-sokinejimo-zaislas-arkliukas-pompa\/","url":"https:\/\/kidsplay.lt\/produktas\/woopie-guminis-sokinejimo-zaislas-arkliukas-pompa\/","name":"\u201eWOOPIE gumijas l\u0113k\u0101\u0161anas rota\u013clieta - \u0161\u016bpu\u013czirgs + pumpis","isPartOf":{"@id":"https:\/\/kidsplay.lt\/#website"},"primaryImageOfPage":{"@id":"https:\/\/kidsplay.lt\/produktas\/woopie-guminis-sokinejimo-zaislas-arkliukas-pompa\/#primaryimage"},"image":{"@id":"https:\/\/kidsplay.lt\/produktas\/woopie-guminis-sokinejimo-zaislas-arkliukas-pompa\/#primaryimage"},"thumbnailUrl":"https:\/\/kidsplay.lt\/wp-content\/uploads\/2026\/04\/\u201eWOOPIE-guminis-sokinejimo-zaislas-\u2013-arkliukas-pompa.jpg","datePublished":"2026-04-24T04:58:24+00:00","dateModified":"2026-04-24T04:58:38+00:00","description":"\u201eWOOPIE\u201c guminis \u0161okin\u0117jimo \u017eaislas \u2013 arkliukas + pompa - KidsPlay. Did\u017eiausias vaik\u0173 \u017eaisl\u0173 pasirinkimas.","breadcrumb":{"@id":"https:\/\/kidsplay.lt\/produktas\/woopie-guminis-sokinejimo-zaislas-arkliukas-pompa\/#breadcrumb"},"inLanguage":"lv-LV","potentialAction":[{"@type":"ReadAction","target":["https:\/\/kidsplay.lt\/produktas\/woopie-guminis-sokinejimo-zaislas-arkliukas-pompa\/"]}]},{"@type":"ImageObject","inLanguage":"lv-LV","@id":"https:\/\/kidsplay.lt\/produktas\/woopie-guminis-sokinejimo-zaislas-arkliukas-pompa\/#primaryimage","url":"https:\/\/kidsplay.lt\/wp-content\/uploads\/2026\/04\/\u201eWOOPIE-guminis-sokinejimo-zaislas-\u2013-arkliukas-pompa.jpg","contentUrl":"https:\/\/kidsplay.lt\/wp-content\/uploads\/2026\/04\/\u201eWOOPIE-guminis-sokinejimo-zaislas-\u2013-arkliukas-pompa.jpg","width":1000,"height":1000,"caption":"\u201eWOOPIE\u201c guminis \u0161okin\u0117jimo \u017eaislas \u2013 arkliukas + pompa"},{"@type":"BreadcrumbList","@id":"https:\/\/kidsplay.lt\/produktas\/woopie-guminis-sokinejimo-zaislas-arkliukas-pompa\/#breadcrumb","itemListElement":[{"@type":"ListItem","position":1,"name":"Pagrindinis","item":"https:\/\/kidsplay.lt\/"},{"@type":"ListItem","position":2,"name":"Parduotuv\u0117","item":"https:\/\/kidsplay.lt\/parduotuve\/"},{"@type":"ListItem","position":3,"name":"\u201eWOOPIE\u201c guminis \u0161okin\u0117jimo \u017eaislas \u2013 arkliukas + pompa"}]},{"@type":"WebSite","@id":"https:\/\/kidsplay.lt\/#website","url":"https:\/\/kidsplay.lt\/","name":"B\u0113rnu sp\u0113les.lv","description":"\u012evairios prek\u0117s vaikams","publisher":{"@id":"https:\/\/kidsplay.lt\/#organization"},"alternateName":"Kidsplay","potentialAction":[{"@type":"SearchAction","target":{"@type":"EntryPoint","urlTemplate":"https:\/\/kidsplay.lt\/?s={search_term_string}"},"query-input":{"@type":"PropertyValueSpecification","valueRequired":true,"valueName":"search_term_string"}}],"inLanguage":"lv-LV"},{"@type":"Organization","@id":"https:\/\/kidsplay.lt\/#organization","name":"B\u0113rnu sp\u0113le","url":"https:\/\/kidsplay.lt\/","logo":{"@type":"ImageObject","inLanguage":"lv-LV","@id":"https:\/\/kidsplay.lt\/#\/schema\/logo\/image\/","url":"https:\/\/kidsplay.lt\/wp-content\/uploads\/2023\/07\/kidsplay-logo.png","contentUrl":"https:\/\/kidsplay.lt\/wp-content\/uploads\/2023\/07\/kidsplay-logo.png","width":451,"height":98,"caption":"KidsPlay"},"image":{"@id":"https:\/\/kidsplay.lt\/#\/schema\/logo\/image\/"},"sameAs":["https:\/\/www.facebook.com\/www.kidsplay.lt"]}]}},"_links":{"self":[{"href":"https:\/\/kidsplay.lt\/lv\/wp-json\/wp\/v2\/product\/108534","targetHints":{"allow":["GET"]}}],"collection":[{"href":"https:\/\/kidsplay.lt\/lv\/wp-json\/wp\/v2\/product"}],"about":[{"href":"https:\/\/kidsplay.lt\/lv\/wp-json\/wp\/v2\/types\/product"}],"version-history":[{"count":1,"href":"https:\/\/kidsplay.lt\/lv\/wp-json\/wp\/v2\/product\/108534\/revisions"}],"predecessor-version":[{"id":108535,"href":"https:\/\/kidsplay.lt\/lv\/wp-json\/wp\/v2\/product\/108534\/revisions\/108535"}],"wp:featuredmedia":[{"embeddable":true,"href":"https:\/\/kidsplay.lt\/lv\/wp-json\/wp\/v2\/media\/108536"}],"wp:attachment":[{"href":"https:\/\/kidsplay.lt\/lv\/wp-json\/wp\/v2\/media?parent=108534"}],"wp:term":[{"taxonomy":"product_brand","embeddable":true,"href":"https:\/\/kidsplay.lt\/lv\/wp-json\/wp\/v2\/product_brand?post=108534"},{"taxonomy":"product_cat","embeddable":true,"href":"https:\/\/kidsplay.lt\/lv\/wp-json\/wp\/v2\/product_cat?post=108534"},{"taxonomy":"product_tag","embeddable":true,"href":"https:\/\/kidsplay.lt\/lv\/wp-json\/wp\/v2\/product_tag?post=108534"}],"curies":[{"name":"wp","href":"https:\/\/api.w.org\/{rel}","templated":true}]}}