{"id":108541,"date":"2026-04-24T07:58:48","date_gmt":"2026-04-24T04:58:48","guid":{"rendered":"https:\/\/kidsplay.lt\/produktas\/woopie-magnetine-spalvinimo-lenta-su-zymekliu-2-violetiniai-antspaudai\/"},"modified":"2026-04-24T07:59:16","modified_gmt":"2026-04-24T04:59:16","slug":"woopie-magnetine-spalvinimo-lenta-su-zymekliu-2-violetiniai-antspaudai","status":"publish","type":"product","link":"https:\/\/kidsplay.lt\/lv\/products\/woopie-magnetine-spalvinimo-lenta-su-zymekliu-2-violetiniai-antspaudai\/","title":{"rendered":"\u201eWOOPIE magn\u0113tisk\u0101 kr\u0101sojam\u0101 t\u0101fele ar mar\u0137ieri + 2 violeti z\u012bmogi"},"content":{"rendered":"<p>\u201eWOOPIE\u201c magnetin\u0117 pie\u0161imo lenta (Scribble Board) \u2013 tai k\u016brybi\u0161kas \u017eaislas, suteikiantis valand\u0173 valandas \u012ftraukian\u010dio \u017eaidimo. Lenta skatina vaikus ra\u0161yti ir pie\u0161ti, o pats procesas padeda atsipalaiduoti ir nusiraminti. D\u0117l specialaus slankiklio pie\u0161iniai lengvai i\u0161trinami, tod\u0117l galima kurti neribot\u0105 kiek\u012f nauj\u0173 vaizd\u0173. Komplekte esantis \u201emaginis\u201c ra\u0161iklis ir 2 antspaudai dar labiau praturtina k\u016bryb\u0105. Patogi rankena leid\u017eia lent\u0105 lengvai ne\u0161iotis bet kur.<br \/>\nFunkcijas:<\/p>\n<p> \tB\u0113rniem no 3 gadu vecuma<br \/>\n \tSkatina pie\u0161im\u0105 ir ankstyv\u0105 ra\u0161ym\u0105<br \/>\n \tGalimyb\u0117 kurti neribot\u0105 kiek\u012f pie\u0161ini\u0173<br \/>\n \tLengvai i\u0161trinama sistema su slankikliu<br \/>\n \tPatogi ne\u0161iojimo rankena<br \/>\n \tLieliski piem\u0113rots d\u0101vanai<\/p>\n<p>Komplekt\u0101 ietilpst:<\/p>\n<p> \tLenta su slankikliu<br \/>\n \tSpecialus \u201emaginis\u201c ra\u0161iklis<br \/>\n \t2 antspaudai<\/p>","protected":false},"excerpt":{"rendered":"<p>\u201eWOOPIE\u201c magnetin\u0117 pie\u0161imo lenta (Scribble Board) \u2013 tai k\u016brybi\u0161kas \u017eaislas, suteikiantis valand\u0173 valandas \u012ftraukian\u010dio \u017eaidimo. Lenta skatina vaikus ra\u0161yti ir<\/p>","protected":false},"featured_media":108543,"template":"","meta":{"_acf_changed":false,"_glsr_average":0,"_glsr_ranking":0,"_glsr_reviews":0},"product_brand":[],"product_cat":[388,229],"product_tag":[],"class_list":{"0":"post-108541","1":"product","2":"type-product","3":"status-publish","4":"has-post-thumbnail","6":"product_cat-edukaciniai-lavinamieji-zaislai","7":"product_cat-zaislai-vaikams","8":"\"style=\"background-color: #2ecc711c;\"","10":"first","11":"instock","12":"purchasable","13":"product-type-simple"},"acf":[],"yoast_head":"<!-- This site is optimized with the Yoast SEO plugin v27.4 - https:\/\/yoast.com\/product\/yoast-seo-wordpress\/ -->\n<title>\u201eWOOPIE\u201c magnetin\u0117 spalvinimo lenta su \u017eymekliu + 2 violetiniai antspaudai<\/title>\n<meta name=\"description\" content=\"\u201eWOOPIE\u201c magnetin\u0117 spalvinimo lenta su \u017eymekliu + 2 violetiniai antspaudai - KidsPlay. Did\u017eiausias vaik\u0173 \u017eaisl\u0173 pasirinkimas.\" \/>\n<meta name=\"robots\" content=\"index, follow, max-snippet:-1, max-image-preview:large, max-video-preview:-1\" \/>\n<link rel=\"canonical\" href=\"https:\/\/kidsplay.lt\/lv\/products\/woopie-magnetine-spalvinimo-lenta-su-zymekliu-2-violetiniai-antspaudai\/\" \/>\n<meta property=\"og:locale\" content=\"lv_LV\" \/>\n<meta property=\"og:type\" content=\"article\" \/>\n<meta property=\"og:title\" content=\"\u201eWOOPIE\u201c magnetin\u0117 spalvinimo lenta su \u017eymekliu + 2 violetiniai antspaudai\" \/>\n<meta property=\"og:description\" content=\"\u201eWOOPIE\u201c magnetin\u0117 spalvinimo lenta su \u017eymekliu + 2 violetiniai antspaudai - KidsPlay. Did\u017eiausias vaik\u0173 \u017eaisl\u0173 pasirinkimas.\" \/>\n<meta property=\"og:url\" content=\"https:\/\/kidsplay.lt\/lv\/products\/woopie-magnetine-spalvinimo-lenta-su-zymekliu-2-violetiniai-antspaudai\/\" \/>\n<meta property=\"og:site_name\" content=\"KidsPlay\" \/>\n<meta property=\"article:publisher\" content=\"https:\/\/www.facebook.com\/www.kidsplay.lt\" \/>\n<meta property=\"article:modified_time\" content=\"2026-04-24T04:59:16+00:00\" \/>\n<meta property=\"og:image\" content=\"https:\/\/kidsplay.lt\/wp-content\/uploads\/2026\/04\/\u201eWOOPIE-magnetine-spalvinimo-lenta-su-zymekliu-2-violetiniai-antspaudai-800x800.png\" \/>\n\t<meta property=\"og:image:width\" content=\"800\" \/>\n\t<meta property=\"og:image:height\" content=\"800\" \/>\n\t<meta property=\"og:image:type\" content=\"image\/png\" \/>\n<meta name=\"twitter:card\" content=\"summary_large_image\" \/>\n<meta name=\"twitter:label1\" content=\"Est. reading time\" \/>\n\t<meta name=\"twitter:data1\" content=\"1 min\u016bte\" \/>\n<script type=\"application\/ld+json\" class=\"yoast-schema-graph\">{\"@context\":\"https:\\\/\\\/schema.org\",\"@graph\":[{\"@type\":\"WebPage\",\"@id\":\"https:\\\/\\\/kidsplay.lt\\\/produktas\\\/woopie-magnetine-spalvinimo-lenta-su-zymekliu-2-violetiniai-antspaudai\\\/\",\"url\":\"https:\\\/\\\/kidsplay.lt\\\/produktas\\\/woopie-magnetine-spalvinimo-lenta-su-zymekliu-2-violetiniai-antspaudai\\\/\",\"name\":\"\u201eWOOPIE\u201c magnetin\u0117 spalvinimo lenta su \u017eymekliu + 2 violetiniai antspaudai\",\"isPartOf\":{\"@id\":\"https:\\\/\\\/kidsplay.lt\\\/#website\"},\"primaryImageOfPage\":{\"@id\":\"https:\\\/\\\/kidsplay.lt\\\/produktas\\\/woopie-magnetine-spalvinimo-lenta-su-zymekliu-2-violetiniai-antspaudai\\\/#primaryimage\"},\"image\":{\"@id\":\"https:\\\/\\\/kidsplay.lt\\\/produktas\\\/woopie-magnetine-spalvinimo-lenta-su-zymekliu-2-violetiniai-antspaudai\\\/#primaryimage\"},\"thumbnailUrl\":\"https:\\\/\\\/kidsplay.lt\\\/wp-content\\\/uploads\\\/2026\\\/04\\\/\u201eWOOPIE-magnetine-spalvinimo-lenta-su-zymekliu-2-violetiniai-antspaudai.png\",\"datePublished\":\"2026-04-24T04:58:48+00:00\",\"dateModified\":\"2026-04-24T04:59:16+00:00\",\"description\":\"\u201eWOOPIE\u201c magnetin\u0117 spalvinimo lenta su \u017eymekliu + 2 violetiniai antspaudai - KidsPlay. Did\u017eiausias vaik\u0173 \u017eaisl\u0173 pasirinkimas.\",\"breadcrumb\":{\"@id\":\"https:\\\/\\\/kidsplay.lt\\\/produktas\\\/woopie-magnetine-spalvinimo-lenta-su-zymekliu-2-violetiniai-antspaudai\\\/#breadcrumb\"},\"inLanguage\":\"lv-LV\",\"potentialAction\":[{\"@type\":\"ReadAction\",\"target\":[\"https:\\\/\\\/kidsplay.lt\\\/produktas\\\/woopie-magnetine-spalvinimo-lenta-su-zymekliu-2-violetiniai-antspaudai\\\/\"]}]},{\"@type\":\"ImageObject\",\"inLanguage\":\"lv-LV\",\"@id\":\"https:\\\/\\\/kidsplay.lt\\\/produktas\\\/woopie-magnetine-spalvinimo-lenta-su-zymekliu-2-violetiniai-antspaudai\\\/#primaryimage\",\"url\":\"https:\\\/\\\/kidsplay.lt\\\/wp-content\\\/uploads\\\/2026\\\/04\\\/\u201eWOOPIE-magnetine-spalvinimo-lenta-su-zymekliu-2-violetiniai-antspaudai.png\",\"contentUrl\":\"https:\\\/\\\/kidsplay.lt\\\/wp-content\\\/uploads\\\/2026\\\/04\\\/\u201eWOOPIE-magnetine-spalvinimo-lenta-su-zymekliu-2-violetiniai-antspaudai.png\",\"width\":2560,\"height\":2560,\"caption\":\"\u201eWOOPIE\u201c magnetin\u0117 spalvinimo lenta su \u017eymekliu + 2 violetiniai antspaudai\"},{\"@type\":\"BreadcrumbList\",\"@id\":\"https:\\\/\\\/kidsplay.lt\\\/produktas\\\/woopie-magnetine-spalvinimo-lenta-su-zymekliu-2-violetiniai-antspaudai\\\/#breadcrumb\",\"itemListElement\":[{\"@type\":\"ListItem\",\"position\":1,\"name\":\"Pagrindinis\",\"item\":\"https:\\\/\\\/kidsplay.lt\\\/\"},{\"@type\":\"ListItem\",\"position\":2,\"name\":\"Parduotuv\u0117\",\"item\":\"https:\\\/\\\/kidsplay.lt\\\/parduotuve\\\/\"},{\"@type\":\"ListItem\",\"position\":3,\"name\":\"\u201eWOOPIE\u201c magnetin\u0117 spalvinimo lenta su \u017eymekliu + 2 violetiniai antspaudai\"}]},{\"@type\":\"WebSite\",\"@id\":\"https:\\\/\\\/kidsplay.lt\\\/#website\",\"url\":\"https:\\\/\\\/kidsplay.lt\\\/\",\"name\":\"Kidsplay.lt\",\"description\":\"\u012evairios prek\u0117s vaikams\",\"publisher\":{\"@id\":\"https:\\\/\\\/kidsplay.lt\\\/#organization\"},\"alternateName\":\"Kidsplay\",\"potentialAction\":[{\"@type\":\"SearchAction\",\"target\":{\"@type\":\"EntryPoint\",\"urlTemplate\":\"https:\\\/\\\/kidsplay.lt\\\/?s={search_term_string}\"},\"query-input\":{\"@type\":\"PropertyValueSpecification\",\"valueRequired\":true,\"valueName\":\"search_term_string\"}}],\"inLanguage\":\"lv-LV\"},{\"@type\":\"Organization\",\"@id\":\"https:\\\/\\\/kidsplay.lt\\\/#organization\",\"name\":\"KidsPlay\",\"url\":\"https:\\\/\\\/kidsplay.lt\\\/\",\"logo\":{\"@type\":\"ImageObject\",\"inLanguage\":\"lv-LV\",\"@id\":\"https:\\\/\\\/kidsplay.lt\\\/#\\\/schema\\\/logo\\\/image\\\/\",\"url\":\"https:\\\/\\\/kidsplay.lt\\\/wp-content\\\/uploads\\\/2023\\\/07\\\/kidsplay-logo.png\",\"contentUrl\":\"https:\\\/\\\/kidsplay.lt\\\/wp-content\\\/uploads\\\/2023\\\/07\\\/kidsplay-logo.png\",\"width\":451,\"height\":98,\"caption\":\"KidsPlay\"},\"image\":{\"@id\":\"https:\\\/\\\/kidsplay.lt\\\/#\\\/schema\\\/logo\\\/image\\\/\"},\"sameAs\":[\"https:\\\/\\\/www.facebook.com\\\/www.kidsplay.lt\"]}]}<\/script>\n<!-- \/ Yoast SEO plugin. -->","yoast_head_json":{"title":"\u201eWOOPIE magn\u0113tisk\u0101 kr\u0101sojam\u0101 t\u0101fele ar mar\u0137ieri + 2 violeti z\u012bmogi","description":"\u201eWOOPIE\u201c magnetin\u0117 spalvinimo lenta su \u017eymekliu + 2 violetiniai antspaudai - KidsPlay. Did\u017eiausias vaik\u0173 \u017eaisl\u0173 pasirinkimas.","robots":{"index":"index","follow":"follow","max-snippet":"max-snippet:-1","max-image-preview":"max-image-preview:large","max-video-preview":"max-video-preview:-1"},"canonical":"https:\/\/kidsplay.lt\/lv\/products\/woopie-magnetine-spalvinimo-lenta-su-zymekliu-2-violetiniai-antspaudai\/","og_locale":"lv_LV","og_type":"article","og_title":"\u201eWOOPIE\u201c magnetin\u0117 spalvinimo lenta su \u017eymekliu + 2 violetiniai antspaudai","og_description":"\u201eWOOPIE\u201c magnetin\u0117 spalvinimo lenta su \u017eymekliu + 2 violetiniai antspaudai - KidsPlay. Did\u017eiausias vaik\u0173 \u017eaisl\u0173 pasirinkimas.","og_url":"https:\/\/kidsplay.lt\/lv\/products\/woopie-magnetine-spalvinimo-lenta-su-zymekliu-2-violetiniai-antspaudai\/","og_site_name":"KidsPlay","article_publisher":"https:\/\/www.facebook.com\/www.kidsplay.lt","article_modified_time":"2026-04-24T04:59:16+00:00","og_image":[{"width":800,"height":800,"url":"https:\/\/kidsplay.lt\/wp-content\/uploads\/2026\/04\/\u201eWOOPIE-magnetine-spalvinimo-lenta-su-zymekliu-2-violetiniai-antspaudai-800x800.png","type":"image\/png"}],"twitter_card":"summary_large_image","twitter_misc":{"Est. reading time":"1 min\u016bte"},"schema":{"@context":"https:\/\/schema.org","@graph":[{"@type":"WebPage","@id":"https:\/\/kidsplay.lt\/produktas\/woopie-magnetine-spalvinimo-lenta-su-zymekliu-2-violetiniai-antspaudai\/","url":"https:\/\/kidsplay.lt\/produktas\/woopie-magnetine-spalvinimo-lenta-su-zymekliu-2-violetiniai-antspaudai\/","name":"\u201eWOOPIE magn\u0113tisk\u0101 kr\u0101sojam\u0101 t\u0101fele ar mar\u0137ieri + 2 violeti z\u012bmogi","isPartOf":{"@id":"https:\/\/kidsplay.lt\/#website"},"primaryImageOfPage":{"@id":"https:\/\/kidsplay.lt\/produktas\/woopie-magnetine-spalvinimo-lenta-su-zymekliu-2-violetiniai-antspaudai\/#primaryimage"},"image":{"@id":"https:\/\/kidsplay.lt\/produktas\/woopie-magnetine-spalvinimo-lenta-su-zymekliu-2-violetiniai-antspaudai\/#primaryimage"},"thumbnailUrl":"https:\/\/kidsplay.lt\/wp-content\/uploads\/2026\/04\/\u201eWOOPIE-magnetine-spalvinimo-lenta-su-zymekliu-2-violetiniai-antspaudai.png","datePublished":"2026-04-24T04:58:48+00:00","dateModified":"2026-04-24T04:59:16+00:00","description":"\u201eWOOPIE\u201c magnetin\u0117 spalvinimo lenta su \u017eymekliu + 2 violetiniai antspaudai - KidsPlay. Did\u017eiausias vaik\u0173 \u017eaisl\u0173 pasirinkimas.","breadcrumb":{"@id":"https:\/\/kidsplay.lt\/produktas\/woopie-magnetine-spalvinimo-lenta-su-zymekliu-2-violetiniai-antspaudai\/#breadcrumb"},"inLanguage":"lv-LV","potentialAction":[{"@type":"ReadAction","target":["https:\/\/kidsplay.lt\/produktas\/woopie-magnetine-spalvinimo-lenta-su-zymekliu-2-violetiniai-antspaudai\/"]}]},{"@type":"ImageObject","inLanguage":"lv-LV","@id":"https:\/\/kidsplay.lt\/produktas\/woopie-magnetine-spalvinimo-lenta-su-zymekliu-2-violetiniai-antspaudai\/#primaryimage","url":"https:\/\/kidsplay.lt\/wp-content\/uploads\/2026\/04\/\u201eWOOPIE-magnetine-spalvinimo-lenta-su-zymekliu-2-violetiniai-antspaudai.png","contentUrl":"https:\/\/kidsplay.lt\/wp-content\/uploads\/2026\/04\/\u201eWOOPIE-magnetine-spalvinimo-lenta-su-zymekliu-2-violetiniai-antspaudai.png","width":2560,"height":2560,"caption":"\u201eWOOPIE\u201c magnetin\u0117 spalvinimo lenta su \u017eymekliu + 2 violetiniai antspaudai"},{"@type":"BreadcrumbList","@id":"https:\/\/kidsplay.lt\/produktas\/woopie-magnetine-spalvinimo-lenta-su-zymekliu-2-violetiniai-antspaudai\/#breadcrumb","itemListElement":[{"@type":"ListItem","position":1,"name":"Pagrindinis","item":"https:\/\/kidsplay.lt\/"},{"@type":"ListItem","position":2,"name":"Parduotuv\u0117","item":"https:\/\/kidsplay.lt\/parduotuve\/"},{"@type":"ListItem","position":3,"name":"\u201eWOOPIE\u201c magnetin\u0117 spalvinimo lenta su \u017eymekliu + 2 violetiniai antspaudai"}]},{"@type":"WebSite","@id":"https:\/\/kidsplay.lt\/#website","url":"https:\/\/kidsplay.lt\/","name":"B\u0113rnu sp\u0113les.lv","description":"\u012evairios prek\u0117s vaikams","publisher":{"@id":"https:\/\/kidsplay.lt\/#organization"},"alternateName":"Kidsplay","potentialAction":[{"@type":"SearchAction","target":{"@type":"EntryPoint","urlTemplate":"https:\/\/kidsplay.lt\/?s={search_term_string}"},"query-input":{"@type":"PropertyValueSpecification","valueRequired":true,"valueName":"search_term_string"}}],"inLanguage":"lv-LV"},{"@type":"Organization","@id":"https:\/\/kidsplay.lt\/#organization","name":"B\u0113rnu sp\u0113le","url":"https:\/\/kidsplay.lt\/","logo":{"@type":"ImageObject","inLanguage":"lv-LV","@id":"https:\/\/kidsplay.lt\/#\/schema\/logo\/image\/","url":"https:\/\/kidsplay.lt\/wp-content\/uploads\/2023\/07\/kidsplay-logo.png","contentUrl":"https:\/\/kidsplay.lt\/wp-content\/uploads\/2023\/07\/kidsplay-logo.png","width":451,"height":98,"caption":"KidsPlay"},"image":{"@id":"https:\/\/kidsplay.lt\/#\/schema\/logo\/image\/"},"sameAs":["https:\/\/www.facebook.com\/www.kidsplay.lt"]}]}},"_links":{"self":[{"href":"https:\/\/kidsplay.lt\/lv\/wp-json\/wp\/v2\/product\/108541","targetHints":{"allow":["GET"]}}],"collection":[{"href":"https:\/\/kidsplay.lt\/lv\/wp-json\/wp\/v2\/product"}],"about":[{"href":"https:\/\/kidsplay.lt\/lv\/wp-json\/wp\/v2\/types\/product"}],"version-history":[{"count":1,"href":"https:\/\/kidsplay.lt\/lv\/wp-json\/wp\/v2\/product\/108541\/revisions"}],"predecessor-version":[{"id":108542,"href":"https:\/\/kidsplay.lt\/lv\/wp-json\/wp\/v2\/product\/108541\/revisions\/108542"}],"wp:featuredmedia":[{"embeddable":true,"href":"https:\/\/kidsplay.lt\/lv\/wp-json\/wp\/v2\/media\/108543"}],"wp:attachment":[{"href":"https:\/\/kidsplay.lt\/lv\/wp-json\/wp\/v2\/media?parent=108541"}],"wp:term":[{"taxonomy":"product_brand","embeddable":true,"href":"https:\/\/kidsplay.lt\/lv\/wp-json\/wp\/v2\/product_brand?post=108541"},{"taxonomy":"product_cat","embeddable":true,"href":"https:\/\/kidsplay.lt\/lv\/wp-json\/wp\/v2\/product_cat?post=108541"},{"taxonomy":"product_tag","embeddable":true,"href":"https:\/\/kidsplay.lt\/lv\/wp-json\/wp\/v2\/product_tag?post=108541"}],"curies":[{"name":"wp","href":"https:\/\/api.w.org\/{rel}","templated":true}]}}