{"id":108555,"date":"2026-04-24T07:59:52","date_gmt":"2026-04-24T04:59:52","guid":{"rendered":"https:\/\/kidsplay.lt\/produktas\/woopie-kinetinio-smelio-rinkinys-ukis-lagamine-su-traktoriumi-ir-gyvunais-1500-g\/"},"modified":"2026-04-24T08:00:06","modified_gmt":"2026-04-24T05:00:06","slug":"woopie-kinetinio-smelio-rinkinys-ukis-lagamine-su-traktoriumi-ir-gyvunais-1500-g","status":"publish","type":"product","link":"https:\/\/kidsplay.lt\/lv\/products\/woopie-kinetinio-smelio-rinkinys-ukis-lagamine-su-traktoriumi-ir-gyvunais-1500-g\/","title":{"rendered":"\u201eWOOPIE kin\u0113tisko smil\u0161u komplekts &quot;Ferma \u010demod\u0101n\u0101&quot; ar traktoru un dz\u012bvniekiem, 1500 g"},"content":{"rendered":"<p>\u201eWoopie\u201c kinetinio sm\u0117lio rinkinys \u201e\u016akis lagamine\u201c \u2013 tai unikalus pasirinkimas ma\u017eiesiems gamtos ir kaimo gyvenimo gerb\u0117jams. \u0160is didelis sensorinis rinkinys (sensory box) turi net 1500 g rudos spalvos kinetinio sm\u0117lio, puikiai imituojan\u010dio dirbam\u0105 \u017eem\u0119. Visa komplektacija supakuota \u012f didel\u012f \u017eali\u0105 lagamin\u0105 su rankena, kuris tarnauja kaip ne\u0161iojama sm\u0117lio d\u0117\u017e\u0117 ir laikymo d\u0117\u017e\u0117 viename.<br \/>\nVaikai gali kurti savo \u016bk\u012f naudodami gausyb\u0119 pried\u0173: \u017eali\u0105 traktori\u0173, \u016bkinink\u0173 fig\u016br\u0117les, \u016bkio pastatus ir \u012fvairius gyv\u016bnus \u2013 karv\u0119, arkl\u012f, av\u012f, kiaul\u0119 ir kitus. Sm\u0117lis yra mink\u0161tas, malonus liesti ir lengvai formuojamas, tod\u0117l leid\u017eia valand\u0173 valandas kurti ir \u017eaisti. Po \u017eaidimo visk\u0105 patogu susid\u0117ti \u012f lagamin\u0105.<br \/>\nFunkcijas:<\/p>\n<p> \tB\u0113rniem no 3 gadu vecuma<br \/>\n \t1500 g kinetinio sm\u0117lio, imituojan\u010dio \u017eem\u0119<br \/>\n \tSm\u0117lis saugus, mink\u0161tas ir nei\u0161d\u017ei\u016bsta<br \/>\n \tViskas supakuota tvirtame \u017ealiame lagamine su rankena<br \/>\n \tLagaminas naudojamas kaip \u017eaidimo pagrindas ir saugojimo d\u0117\u017e\u0117<br \/>\n \tPagrindin\u0117 tema \u2013 \u016bkis, kaimo gyvenimas, gyv\u016bnai ir \u017eemdirbyst\u0117<\/p>\n<p>Komplekt\u0101 ietilpst:<\/p>\n<p> \t\u017dalias lagaminas \/ \u017eaidimo d\u0117\u017e\u0117<br \/>\n \t1500 g rudo kinetinio sm\u0117lio<br \/>\n \t\u016akinis traktorius<br \/>\n \t4 \u016bkinink\u0173 fig\u016br\u0117l\u0117s<br \/>\n \tGyv\u016bn\u0173 fig\u016br\u0117l\u0117s (arklys, karv\u0117, avis, kiaul\u0117, o\u017eka, \u0161uo, kat\u0117, triu\u0161is)<br \/>\n \t2 tvoros elementai<br \/>\n \t1 karutis<br \/>\n \t\u016akio \u012frankiai: \u0161ak\u0117s, gr\u0117bliai, pieno bidonai, kibiras<br \/>\n \t6 mai\u0161eliai<\/p>","protected":false},"excerpt":{"rendered":"<p>\u201eWoopie\u201c kinetinio sm\u0117lio rinkinys \u201e\u016akis lagamine\u201c \u2013 tai unikalus pasirinkimas ma\u017eiesiems gamtos ir kaimo gyvenimo gerb\u0117jams. \u0160is didelis sensorinis rinkinys<\/p>","protected":false},"featured_media":108557,"template":"","meta":{"_acf_changed":false,"_glsr_average":0,"_glsr_ranking":0,"_glsr_reviews":0},"product_brand":[],"product_cat":[388,229],"product_tag":[],"class_list":{"0":"post-108555","1":"product","2":"type-product","3":"status-publish","4":"has-post-thumbnail","6":"product_cat-edukaciniai-lavinamieji-zaislai","7":"product_cat-zaislai-vaikams","8":"\"style=\"background-color: #2ecc711c;\"","10":"first","11":"instock","12":"purchasable","13":"product-type-simple"},"acf":[],"yoast_head":"<!-- This site is optimized with the Yoast SEO plugin v27.4 - https:\/\/yoast.com\/product\/yoast-seo-wordpress\/ -->\n<title>\u201eWOOPIE\u201c kinetinio sm\u0117lio rinkinys \u201e\u016akis lagamine\u201c su traktoriumi ir gyv\u016bnais, 1500 g<\/title>\n<meta name=\"description\" content=\"\u201eWOOPIE\u201c kinetinio sm\u0117lio rinkinys \u201e\u016akis lagamine\u201c su traktoriumi ir gyv\u016bnais, 1500 g - KidsPlay. Did\u017eiausias vaik\u0173 \u017eaisl\u0173 pasirinkimas.\" \/>\n<meta name=\"robots\" content=\"index, follow, max-snippet:-1, max-image-preview:large, max-video-preview:-1\" \/>\n<link rel=\"canonical\" href=\"https:\/\/kidsplay.lt\/lv\/products\/woopie-kinetinio-smelio-rinkinys-ukis-lagamine-su-traktoriumi-ir-gyvunais-1500-g\/\" \/>\n<meta property=\"og:locale\" content=\"lv_LV\" \/>\n<meta property=\"og:type\" content=\"article\" \/>\n<meta property=\"og:title\" content=\"\u201eWOOPIE\u201c kinetinio sm\u0117lio rinkinys \u201e\u016akis lagamine\u201c su traktoriumi ir gyv\u016bnais, 1500 g\" \/>\n<meta property=\"og:description\" content=\"\u201eWOOPIE\u201c kinetinio sm\u0117lio rinkinys \u201e\u016akis lagamine\u201c su traktoriumi ir gyv\u016bnais, 1500 g - KidsPlay. Did\u017eiausias vaik\u0173 \u017eaisl\u0173 pasirinkimas.\" \/>\n<meta property=\"og:url\" content=\"https:\/\/kidsplay.lt\/lv\/products\/woopie-kinetinio-smelio-rinkinys-ukis-lagamine-su-traktoriumi-ir-gyvunais-1500-g\/\" \/>\n<meta property=\"og:site_name\" content=\"KidsPlay\" \/>\n<meta property=\"article:publisher\" content=\"https:\/\/www.facebook.com\/www.kidsplay.lt\" \/>\n<meta property=\"article:modified_time\" content=\"2026-04-24T05:00:06+00:00\" \/>\n<meta property=\"og:image\" content=\"https:\/\/kidsplay.lt\/wp-content\/uploads\/2026\/04\/\u201eWOOPIE-kinetinio-smelio-rinkinys-\u201eUkis-lagamine-su-traktoriumi-ir-gyvunais-1500-g.jpg\" \/>\n\t<meta property=\"og:image:width\" content=\"1000\" \/>\n\t<meta property=\"og:image:height\" content=\"1000\" \/>\n\t<meta property=\"og:image:type\" content=\"image\/jpeg\" \/>\n<meta name=\"twitter:card\" content=\"summary_large_image\" \/>\n<meta name=\"twitter:label1\" content=\"Est. reading time\" \/>\n\t<meta name=\"twitter:data1\" content=\"1 min\u016bte\" \/>\n<script type=\"application\/ld+json\" class=\"yoast-schema-graph\">{\"@context\":\"https:\\\/\\\/schema.org\",\"@graph\":[{\"@type\":\"WebPage\",\"@id\":\"https:\\\/\\\/kidsplay.lt\\\/produktas\\\/woopie-kinetinio-smelio-rinkinys-ukis-lagamine-su-traktoriumi-ir-gyvunais-1500-g\\\/\",\"url\":\"https:\\\/\\\/kidsplay.lt\\\/produktas\\\/woopie-kinetinio-smelio-rinkinys-ukis-lagamine-su-traktoriumi-ir-gyvunais-1500-g\\\/\",\"name\":\"\u201eWOOPIE\u201c kinetinio sm\u0117lio rinkinys \u201e\u016akis lagamine\u201c su traktoriumi ir gyv\u016bnais, 1500 g\",\"isPartOf\":{\"@id\":\"https:\\\/\\\/kidsplay.lt\\\/#website\"},\"primaryImageOfPage\":{\"@id\":\"https:\\\/\\\/kidsplay.lt\\\/produktas\\\/woopie-kinetinio-smelio-rinkinys-ukis-lagamine-su-traktoriumi-ir-gyvunais-1500-g\\\/#primaryimage\"},\"image\":{\"@id\":\"https:\\\/\\\/kidsplay.lt\\\/produktas\\\/woopie-kinetinio-smelio-rinkinys-ukis-lagamine-su-traktoriumi-ir-gyvunais-1500-g\\\/#primaryimage\"},\"thumbnailUrl\":\"https:\\\/\\\/kidsplay.lt\\\/wp-content\\\/uploads\\\/2026\\\/04\\\/\u201eWOOPIE-kinetinio-smelio-rinkinys-\u201eUkis-lagamine-su-traktoriumi-ir-gyvunais-1500-g.jpg\",\"datePublished\":\"2026-04-24T04:59:52+00:00\",\"dateModified\":\"2026-04-24T05:00:06+00:00\",\"description\":\"\u201eWOOPIE\u201c kinetinio sm\u0117lio rinkinys \u201e\u016akis lagamine\u201c su traktoriumi ir gyv\u016bnais, 1500 g - KidsPlay. Did\u017eiausias vaik\u0173 \u017eaisl\u0173 pasirinkimas.\",\"breadcrumb\":{\"@id\":\"https:\\\/\\\/kidsplay.lt\\\/produktas\\\/woopie-kinetinio-smelio-rinkinys-ukis-lagamine-su-traktoriumi-ir-gyvunais-1500-g\\\/#breadcrumb\"},\"inLanguage\":\"lv-LV\",\"potentialAction\":[{\"@type\":\"ReadAction\",\"target\":[\"https:\\\/\\\/kidsplay.lt\\\/produktas\\\/woopie-kinetinio-smelio-rinkinys-ukis-lagamine-su-traktoriumi-ir-gyvunais-1500-g\\\/\"]}]},{\"@type\":\"ImageObject\",\"inLanguage\":\"lv-LV\",\"@id\":\"https:\\\/\\\/kidsplay.lt\\\/produktas\\\/woopie-kinetinio-smelio-rinkinys-ukis-lagamine-su-traktoriumi-ir-gyvunais-1500-g\\\/#primaryimage\",\"url\":\"https:\\\/\\\/kidsplay.lt\\\/wp-content\\\/uploads\\\/2026\\\/04\\\/\u201eWOOPIE-kinetinio-smelio-rinkinys-\u201eUkis-lagamine-su-traktoriumi-ir-gyvunais-1500-g.jpg\",\"contentUrl\":\"https:\\\/\\\/kidsplay.lt\\\/wp-content\\\/uploads\\\/2026\\\/04\\\/\u201eWOOPIE-kinetinio-smelio-rinkinys-\u201eUkis-lagamine-su-traktoriumi-ir-gyvunais-1500-g.jpg\",\"width\":1000,\"height\":1000,\"caption\":\"\u201eWOOPIE\u201c kinetinio sm\u0117lio rinkinys \u201e\u016akis lagamine\u201c su traktoriumi ir gyv\u016bnais\"},{\"@type\":\"BreadcrumbList\",\"@id\":\"https:\\\/\\\/kidsplay.lt\\\/produktas\\\/woopie-kinetinio-smelio-rinkinys-ukis-lagamine-su-traktoriumi-ir-gyvunais-1500-g\\\/#breadcrumb\",\"itemListElement\":[{\"@type\":\"ListItem\",\"position\":1,\"name\":\"Pagrindinis\",\"item\":\"https:\\\/\\\/kidsplay.lt\\\/\"},{\"@type\":\"ListItem\",\"position\":2,\"name\":\"Parduotuv\u0117\",\"item\":\"https:\\\/\\\/kidsplay.lt\\\/parduotuve\\\/\"},{\"@type\":\"ListItem\",\"position\":3,\"name\":\"\u201eWOOPIE\u201c kinetinio sm\u0117lio rinkinys \u201e\u016akis lagamine\u201c su traktoriumi ir gyv\u016bnais, 1500 g\"}]},{\"@type\":\"WebSite\",\"@id\":\"https:\\\/\\\/kidsplay.lt\\\/#website\",\"url\":\"https:\\\/\\\/kidsplay.lt\\\/\",\"name\":\"Kidsplay.lt\",\"description\":\"\u012evairios prek\u0117s vaikams\",\"publisher\":{\"@id\":\"https:\\\/\\\/kidsplay.lt\\\/#organization\"},\"alternateName\":\"Kidsplay\",\"potentialAction\":[{\"@type\":\"SearchAction\",\"target\":{\"@type\":\"EntryPoint\",\"urlTemplate\":\"https:\\\/\\\/kidsplay.lt\\\/?s={search_term_string}\"},\"query-input\":{\"@type\":\"PropertyValueSpecification\",\"valueRequired\":true,\"valueName\":\"search_term_string\"}}],\"inLanguage\":\"lv-LV\"},{\"@type\":\"Organization\",\"@id\":\"https:\\\/\\\/kidsplay.lt\\\/#organization\",\"name\":\"KidsPlay\",\"url\":\"https:\\\/\\\/kidsplay.lt\\\/\",\"logo\":{\"@type\":\"ImageObject\",\"inLanguage\":\"lv-LV\",\"@id\":\"https:\\\/\\\/kidsplay.lt\\\/#\\\/schema\\\/logo\\\/image\\\/\",\"url\":\"https:\\\/\\\/kidsplay.lt\\\/wp-content\\\/uploads\\\/2023\\\/07\\\/kidsplay-logo.png\",\"contentUrl\":\"https:\\\/\\\/kidsplay.lt\\\/wp-content\\\/uploads\\\/2023\\\/07\\\/kidsplay-logo.png\",\"width\":451,\"height\":98,\"caption\":\"KidsPlay\"},\"image\":{\"@id\":\"https:\\\/\\\/kidsplay.lt\\\/#\\\/schema\\\/logo\\\/image\\\/\"},\"sameAs\":[\"https:\\\/\\\/www.facebook.com\\\/www.kidsplay.lt\"]}]}<\/script>\n<!-- \/ Yoast SEO plugin. -->","yoast_head_json":{"title":"\u201eWOOPIE kin\u0113tisko smil\u0161u komplekts &quot;Ferma \u010demod\u0101n\u0101&quot; ar traktoru un dz\u012bvniekiem, 1500 g","description":"\u201eWOOPIE\u201c kinetinio sm\u0117lio rinkinys \u201e\u016akis lagamine\u201c su traktoriumi ir gyv\u016bnais, 1500 g - KidsPlay. Did\u017eiausias vaik\u0173 \u017eaisl\u0173 pasirinkimas.","robots":{"index":"index","follow":"follow","max-snippet":"max-snippet:-1","max-image-preview":"max-image-preview:large","max-video-preview":"max-video-preview:-1"},"canonical":"https:\/\/kidsplay.lt\/lv\/products\/woopie-kinetinio-smelio-rinkinys-ukis-lagamine-su-traktoriumi-ir-gyvunais-1500-g\/","og_locale":"lv_LV","og_type":"article","og_title":"\u201eWOOPIE\u201c kinetinio sm\u0117lio rinkinys \u201e\u016akis lagamine\u201c su traktoriumi ir gyv\u016bnais, 1500 g","og_description":"\u201eWOOPIE\u201c kinetinio sm\u0117lio rinkinys \u201e\u016akis lagamine\u201c su traktoriumi ir gyv\u016bnais, 1500 g - KidsPlay. Did\u017eiausias vaik\u0173 \u017eaisl\u0173 pasirinkimas.","og_url":"https:\/\/kidsplay.lt\/lv\/products\/woopie-kinetinio-smelio-rinkinys-ukis-lagamine-su-traktoriumi-ir-gyvunais-1500-g\/","og_site_name":"KidsPlay","article_publisher":"https:\/\/www.facebook.com\/www.kidsplay.lt","article_modified_time":"2026-04-24T05:00:06+00:00","og_image":[{"width":1000,"height":1000,"url":"https:\/\/kidsplay.lt\/wp-content\/uploads\/2026\/04\/\u201eWOOPIE-kinetinio-smelio-rinkinys-\u201eUkis-lagamine-su-traktoriumi-ir-gyvunais-1500-g.jpg","type":"image\/jpeg"}],"twitter_card":"summary_large_image","twitter_misc":{"Est. reading time":"1 min\u016bte"},"schema":{"@context":"https:\/\/schema.org","@graph":[{"@type":"WebPage","@id":"https:\/\/kidsplay.lt\/produktas\/woopie-kinetinio-smelio-rinkinys-ukis-lagamine-su-traktoriumi-ir-gyvunais-1500-g\/","url":"https:\/\/kidsplay.lt\/produktas\/woopie-kinetinio-smelio-rinkinys-ukis-lagamine-su-traktoriumi-ir-gyvunais-1500-g\/","name":"\u201eWOOPIE kin\u0113tisko smil\u0161u komplekts &quot;Ferma \u010demod\u0101n\u0101&quot; ar traktoru un dz\u012bvniekiem, 1500 g","isPartOf":{"@id":"https:\/\/kidsplay.lt\/#website"},"primaryImageOfPage":{"@id":"https:\/\/kidsplay.lt\/produktas\/woopie-kinetinio-smelio-rinkinys-ukis-lagamine-su-traktoriumi-ir-gyvunais-1500-g\/#primaryimage"},"image":{"@id":"https:\/\/kidsplay.lt\/produktas\/woopie-kinetinio-smelio-rinkinys-ukis-lagamine-su-traktoriumi-ir-gyvunais-1500-g\/#primaryimage"},"thumbnailUrl":"https:\/\/kidsplay.lt\/wp-content\/uploads\/2026\/04\/\u201eWOOPIE-kinetinio-smelio-rinkinys-\u201eUkis-lagamine-su-traktoriumi-ir-gyvunais-1500-g.jpg","datePublished":"2026-04-24T04:59:52+00:00","dateModified":"2026-04-24T05:00:06+00:00","description":"\u201eWOOPIE\u201c kinetinio sm\u0117lio rinkinys \u201e\u016akis lagamine\u201c su traktoriumi ir gyv\u016bnais, 1500 g - KidsPlay. Did\u017eiausias vaik\u0173 \u017eaisl\u0173 pasirinkimas.","breadcrumb":{"@id":"https:\/\/kidsplay.lt\/produktas\/woopie-kinetinio-smelio-rinkinys-ukis-lagamine-su-traktoriumi-ir-gyvunais-1500-g\/#breadcrumb"},"inLanguage":"lv-LV","potentialAction":[{"@type":"ReadAction","target":["https:\/\/kidsplay.lt\/produktas\/woopie-kinetinio-smelio-rinkinys-ukis-lagamine-su-traktoriumi-ir-gyvunais-1500-g\/"]}]},{"@type":"ImageObject","inLanguage":"lv-LV","@id":"https:\/\/kidsplay.lt\/produktas\/woopie-kinetinio-smelio-rinkinys-ukis-lagamine-su-traktoriumi-ir-gyvunais-1500-g\/#primaryimage","url":"https:\/\/kidsplay.lt\/wp-content\/uploads\/2026\/04\/\u201eWOOPIE-kinetinio-smelio-rinkinys-\u201eUkis-lagamine-su-traktoriumi-ir-gyvunais-1500-g.jpg","contentUrl":"https:\/\/kidsplay.lt\/wp-content\/uploads\/2026\/04\/\u201eWOOPIE-kinetinio-smelio-rinkinys-\u201eUkis-lagamine-su-traktoriumi-ir-gyvunais-1500-g.jpg","width":1000,"height":1000,"caption":"\u201eWOOPIE\u201c kinetinio sm\u0117lio rinkinys \u201e\u016akis lagamine\u201c su traktoriumi ir gyv\u016bnais"},{"@type":"BreadcrumbList","@id":"https:\/\/kidsplay.lt\/produktas\/woopie-kinetinio-smelio-rinkinys-ukis-lagamine-su-traktoriumi-ir-gyvunais-1500-g\/#breadcrumb","itemListElement":[{"@type":"ListItem","position":1,"name":"Pagrindinis","item":"https:\/\/kidsplay.lt\/"},{"@type":"ListItem","position":2,"name":"Parduotuv\u0117","item":"https:\/\/kidsplay.lt\/parduotuve\/"},{"@type":"ListItem","position":3,"name":"\u201eWOOPIE\u201c kinetinio sm\u0117lio rinkinys \u201e\u016akis lagamine\u201c su traktoriumi ir gyv\u016bnais, 1500 g"}]},{"@type":"WebSite","@id":"https:\/\/kidsplay.lt\/#website","url":"https:\/\/kidsplay.lt\/","name":"B\u0113rnu sp\u0113les.lv","description":"\u012evairios prek\u0117s vaikams","publisher":{"@id":"https:\/\/kidsplay.lt\/#organization"},"alternateName":"Kidsplay","potentialAction":[{"@type":"SearchAction","target":{"@type":"EntryPoint","urlTemplate":"https:\/\/kidsplay.lt\/?s={search_term_string}"},"query-input":{"@type":"PropertyValueSpecification","valueRequired":true,"valueName":"search_term_string"}}],"inLanguage":"lv-LV"},{"@type":"Organization","@id":"https:\/\/kidsplay.lt\/#organization","name":"B\u0113rnu sp\u0113le","url":"https:\/\/kidsplay.lt\/","logo":{"@type":"ImageObject","inLanguage":"lv-LV","@id":"https:\/\/kidsplay.lt\/#\/schema\/logo\/image\/","url":"https:\/\/kidsplay.lt\/wp-content\/uploads\/2023\/07\/kidsplay-logo.png","contentUrl":"https:\/\/kidsplay.lt\/wp-content\/uploads\/2023\/07\/kidsplay-logo.png","width":451,"height":98,"caption":"KidsPlay"},"image":{"@id":"https:\/\/kidsplay.lt\/#\/schema\/logo\/image\/"},"sameAs":["https:\/\/www.facebook.com\/www.kidsplay.lt"]}]}},"_links":{"self":[{"href":"https:\/\/kidsplay.lt\/lv\/wp-json\/wp\/v2\/product\/108555","targetHints":{"allow":["GET"]}}],"collection":[{"href":"https:\/\/kidsplay.lt\/lv\/wp-json\/wp\/v2\/product"}],"about":[{"href":"https:\/\/kidsplay.lt\/lv\/wp-json\/wp\/v2\/types\/product"}],"version-history":[{"count":1,"href":"https:\/\/kidsplay.lt\/lv\/wp-json\/wp\/v2\/product\/108555\/revisions"}],"predecessor-version":[{"id":108556,"href":"https:\/\/kidsplay.lt\/lv\/wp-json\/wp\/v2\/product\/108555\/revisions\/108556"}],"wp:featuredmedia":[{"embeddable":true,"href":"https:\/\/kidsplay.lt\/lv\/wp-json\/wp\/v2\/media\/108557"}],"wp:attachment":[{"href":"https:\/\/kidsplay.lt\/lv\/wp-json\/wp\/v2\/media?parent=108555"}],"wp:term":[{"taxonomy":"product_brand","embeddable":true,"href":"https:\/\/kidsplay.lt\/lv\/wp-json\/wp\/v2\/product_brand?post=108555"},{"taxonomy":"product_cat","embeddable":true,"href":"https:\/\/kidsplay.lt\/lv\/wp-json\/wp\/v2\/product_cat?post=108555"},{"taxonomy":"product_tag","embeddable":true,"href":"https:\/\/kidsplay.lt\/lv\/wp-json\/wp\/v2\/product_tag?post=108555"}],"curies":[{"name":"wp","href":"https:\/\/api.w.org\/{rel}","templated":true}]}}