{"id":108562,"date":"2026-04-24T08:00:10","date_gmt":"2026-04-24T05:00:10","guid":{"rendered":"https:\/\/kidsplay.lt\/produktas\/woopie-kinetinio-smelio-rinkinys-statybu-aikstele-lagamine-su-transporto-priemonemis-1-kg\/"},"modified":"2026-04-24T08:00:21","modified_gmt":"2026-04-24T05:00:21","slug":"woopie-kinetinio-smelio-rinkinys-statybu-aikstele-lagamine-su-transporto-priemonemis-1-kg","status":"publish","type":"product","link":"https:\/\/kidsplay.lt\/lv\/products\/woopie-kinetinio-smelio-rinkinys-statybu-aikstele-lagamine-su-transporto-priemonemis-1-kg\/","title":{"rendered":"\u201eWOOPIE kin\u0113tisko smil\u0161u komplekts &quot;B\u016bvlaukums \u010demod\u0101n\u0101&quot; ar transportl\u012bdzek\u013ciem, 1 kg"},"content":{"rendered":"<p>\u201eWoopie\u201c kinetinio sm\u0117lio rinkinys \u201eStatyb\u0173 aik\u0161tel\u0117 lagamine\u201c \u2013 tai svajoni\u0173 \u017eaislas kiekvienam ma\u017eajam in\u017einieriui ir statybin\u0117s technikos gerb\u0117jui. \u0160is ne\u0161iojamas rinkinys pakelia \u017eaidim\u0105 sm\u0117lyje \u012f nauj\u0105 lyg\u012f, si\u016blydamas piln\u0105 statyb\u0173 aik\u0161tel\u0119 patogiame lagamine. Viduje yra net 1000 g nat\u016bralios spalvos kinetinio sm\u0117lio, puikiai imituojan\u010dio grunt\u0105 dideliems statiniams. Vaikai gali valdyti statybas naudodami rinkinyje esan\u010dias transporto priemones, tokias kaip ekskavatorius, buldozeris ir savivartis. Daugyb\u0117 pried\u0173, darbinink\u0173 fig\u016br\u0117l\u0117s ir \u012fsp\u0117jamieji \u017eenklai suteikia \u017eaidimui dar daugiau realizmo. Sm\u0117lis yra mink\u0161tas, malonus liesti ir lengvai formuojamas, tod\u0117l galima kurti tvirtas konstrukcijas. Po \u017eaidimo visa statyb\u0173 aik\u0161tel\u0117 greitai susideda \u012f lagamin\u0105, kur\u012f patogu laikyti ir transportuoti.<br \/>\nFunkcijas:<\/p>\n<p> \tB\u0113rniem no 3 gadu vecuma<br \/>\n \tRinkinyje 1000 g sm\u0117lio spalvos kinetinio sm\u0117lio<br \/>\n \tSm\u0117lis turi kinetines savybes \u2013 \u201eteka\u201c ir nei\u0161d\u017ei\u016bsta<br \/>\n \tViskas supakuota geltoname lagamine su rankena, kuris taip pat naudojamas kaip \u017eaidimo pagrindas<br \/>\n \tPagrindin\u0117 tema \u2013 statyb\u0173 aik\u0161tel\u0117 ir in\u017einerin\u0117 technika<\/p>\n<p>Komplekt\u0101 ietilpst:<\/p>\n<p> \tGeltonas lagaminas laikymui ir \u017eaidimui<br \/>\n \t1000 g kinetinio sm\u0117lio<br \/>\n \t3 statybin\u0117s transporto priemon\u0117s<br \/>\n \t4 darbinink\u0173 fig\u016br\u0117l\u0117s<br \/>\n \tKelio ir \u012fsp\u0117jamieji \u017eenklai (k\u016bgiai, u\u017etvaros)<br \/>\n \t2 dekoratyviniai med\u017eiai (delnin\u0117s)<br \/>\n \tSm\u0117lio \u012frankiai: kastuvas, gr\u0117blys \/ mentel\u0117, rankinis volas<\/p>","protected":false},"excerpt":{"rendered":"<p>\u201eWoopie\u201c kinetinio sm\u0117lio rinkinys \u201eStatyb\u0173 aik\u0161tel\u0117 lagamine\u201c \u2013 tai svajoni\u0173 \u017eaislas kiekvienam ma\u017eajam in\u017einieriui ir statybin\u0117s technikos gerb\u0117jui. \u0160is ne\u0161iojamas<\/p>","protected":false},"featured_media":108564,"template":"","meta":{"_acf_changed":false,"_glsr_average":0,"_glsr_ranking":0,"_glsr_reviews":0},"product_brand":[],"product_cat":[388,229],"product_tag":[],"class_list":{"0":"post-108562","1":"product","2":"type-product","3":"status-publish","4":"has-post-thumbnail","6":"product_cat-edukaciniai-lavinamieji-zaislai","7":"product_cat-zaislai-vaikams","8":"\"style=\"background-color: #2ecc711c;\"","10":"first","11":"instock","12":"purchasable","13":"product-type-simple"},"acf":[],"yoast_head":"<!-- This site is optimized with the Yoast SEO plugin v27.4 - https:\/\/yoast.com\/product\/yoast-seo-wordpress\/ -->\n<title>\u201eWOOPIE\u201c kinetinio sm\u0117lio rinkinys \u201eStatyb\u0173 aik\u0161tel\u0117 lagamine\u201c su transporto priemon\u0117mis, 1 kg<\/title>\n<meta name=\"description\" content=\"\u201eWOOPIE\u201c kinetinio sm\u0117lio rinkinys \u201eStatyb\u0173 aik\u0161tel\u0117 lagamine\u201c su transporto priemon\u0117mis, 1 kg - KidsPlay. Did\u017eiausias vaik\u0173 \u017eaisl\u0173 pasirinkimas.\" \/>\n<meta name=\"robots\" content=\"index, follow, max-snippet:-1, max-image-preview:large, max-video-preview:-1\" \/>\n<link rel=\"canonical\" href=\"https:\/\/kidsplay.lt\/lv\/products\/woopie-kinetinio-smelio-rinkinys-statybu-aikstele-lagamine-su-transporto-priemonemis-1-kg\/\" \/>\n<meta property=\"og:locale\" content=\"lv_LV\" \/>\n<meta property=\"og:type\" content=\"article\" \/>\n<meta property=\"og:title\" content=\"\u201eWOOPIE\u201c kinetinio sm\u0117lio rinkinys \u201eStatyb\u0173 aik\u0161tel\u0117 lagamine\u201c su transporto priemon\u0117mis, 1 kg\" \/>\n<meta property=\"og:description\" content=\"\u201eWOOPIE\u201c kinetinio sm\u0117lio rinkinys \u201eStatyb\u0173 aik\u0161tel\u0117 lagamine\u201c su transporto priemon\u0117mis, 1 kg - KidsPlay. Did\u017eiausias vaik\u0173 \u017eaisl\u0173 pasirinkimas.\" \/>\n<meta property=\"og:url\" content=\"https:\/\/kidsplay.lt\/lv\/products\/woopie-kinetinio-smelio-rinkinys-statybu-aikstele-lagamine-su-transporto-priemonemis-1-kg\/\" \/>\n<meta property=\"og:site_name\" content=\"KidsPlay\" \/>\n<meta property=\"article:publisher\" content=\"https:\/\/www.facebook.com\/www.kidsplay.lt\" \/>\n<meta property=\"article:modified_time\" content=\"2026-04-24T05:00:21+00:00\" \/>\n<meta property=\"og:image\" content=\"https:\/\/kidsplay.lt\/wp-content\/uploads\/2026\/04\/\u201eWOOPIE-kinetinio-smelio-rinkinys-\u201eStatybu-aikstele-lagamine-su-transporto-priemonemis-1-kg.jpg\" \/>\n\t<meta property=\"og:image:width\" content=\"1000\" \/>\n\t<meta property=\"og:image:height\" content=\"1000\" \/>\n\t<meta property=\"og:image:type\" content=\"image\/jpeg\" \/>\n<meta name=\"twitter:card\" content=\"summary_large_image\" \/>\n<meta name=\"twitter:label1\" content=\"Est. reading time\" \/>\n\t<meta name=\"twitter:data1\" content=\"1 min\u016bte\" \/>\n<script type=\"application\/ld+json\" class=\"yoast-schema-graph\">{\"@context\":\"https:\\\/\\\/schema.org\",\"@graph\":[{\"@type\":\"WebPage\",\"@id\":\"https:\\\/\\\/kidsplay.lt\\\/produktas\\\/woopie-kinetinio-smelio-rinkinys-statybu-aikstele-lagamine-su-transporto-priemonemis-1-kg\\\/\",\"url\":\"https:\\\/\\\/kidsplay.lt\\\/produktas\\\/woopie-kinetinio-smelio-rinkinys-statybu-aikstele-lagamine-su-transporto-priemonemis-1-kg\\\/\",\"name\":\"\u201eWOOPIE\u201c kinetinio sm\u0117lio rinkinys \u201eStatyb\u0173 aik\u0161tel\u0117 lagamine\u201c su transporto priemon\u0117mis, 1 kg\",\"isPartOf\":{\"@id\":\"https:\\\/\\\/kidsplay.lt\\\/#website\"},\"primaryImageOfPage\":{\"@id\":\"https:\\\/\\\/kidsplay.lt\\\/produktas\\\/woopie-kinetinio-smelio-rinkinys-statybu-aikstele-lagamine-su-transporto-priemonemis-1-kg\\\/#primaryimage\"},\"image\":{\"@id\":\"https:\\\/\\\/kidsplay.lt\\\/produktas\\\/woopie-kinetinio-smelio-rinkinys-statybu-aikstele-lagamine-su-transporto-priemonemis-1-kg\\\/#primaryimage\"},\"thumbnailUrl\":\"https:\\\/\\\/kidsplay.lt\\\/wp-content\\\/uploads\\\/2026\\\/04\\\/\u201eWOOPIE-kinetinio-smelio-rinkinys-\u201eStatybu-aikstele-lagamine-su-transporto-priemonemis-1-kg.jpg\",\"datePublished\":\"2026-04-24T05:00:10+00:00\",\"dateModified\":\"2026-04-24T05:00:21+00:00\",\"description\":\"\u201eWOOPIE\u201c kinetinio sm\u0117lio rinkinys \u201eStatyb\u0173 aik\u0161tel\u0117 lagamine\u201c su transporto priemon\u0117mis, 1 kg - KidsPlay. Did\u017eiausias vaik\u0173 \u017eaisl\u0173 pasirinkimas.\",\"breadcrumb\":{\"@id\":\"https:\\\/\\\/kidsplay.lt\\\/produktas\\\/woopie-kinetinio-smelio-rinkinys-statybu-aikstele-lagamine-su-transporto-priemonemis-1-kg\\\/#breadcrumb\"},\"inLanguage\":\"lv-LV\",\"potentialAction\":[{\"@type\":\"ReadAction\",\"target\":[\"https:\\\/\\\/kidsplay.lt\\\/produktas\\\/woopie-kinetinio-smelio-rinkinys-statybu-aikstele-lagamine-su-transporto-priemonemis-1-kg\\\/\"]}]},{\"@type\":\"ImageObject\",\"inLanguage\":\"lv-LV\",\"@id\":\"https:\\\/\\\/kidsplay.lt\\\/produktas\\\/woopie-kinetinio-smelio-rinkinys-statybu-aikstele-lagamine-su-transporto-priemonemis-1-kg\\\/#primaryimage\",\"url\":\"https:\\\/\\\/kidsplay.lt\\\/wp-content\\\/uploads\\\/2026\\\/04\\\/\u201eWOOPIE-kinetinio-smelio-rinkinys-\u201eStatybu-aikstele-lagamine-su-transporto-priemonemis-1-kg.jpg\",\"contentUrl\":\"https:\\\/\\\/kidsplay.lt\\\/wp-content\\\/uploads\\\/2026\\\/04\\\/\u201eWOOPIE-kinetinio-smelio-rinkinys-\u201eStatybu-aikstele-lagamine-su-transporto-priemonemis-1-kg.jpg\",\"width\":1000,\"height\":1000,\"caption\":\"\u201eWOOPIE\u201c kinetinio sm\u0117lio rinkinys \u201eStatyb\u0173 aik\u0161tel\u0117 lagamine\u201c su transporto priemon\u0117mis\"},{\"@type\":\"BreadcrumbList\",\"@id\":\"https:\\\/\\\/kidsplay.lt\\\/produktas\\\/woopie-kinetinio-smelio-rinkinys-statybu-aikstele-lagamine-su-transporto-priemonemis-1-kg\\\/#breadcrumb\",\"itemListElement\":[{\"@type\":\"ListItem\",\"position\":1,\"name\":\"Pagrindinis\",\"item\":\"https:\\\/\\\/kidsplay.lt\\\/\"},{\"@type\":\"ListItem\",\"position\":2,\"name\":\"Parduotuv\u0117\",\"item\":\"https:\\\/\\\/kidsplay.lt\\\/parduotuve\\\/\"},{\"@type\":\"ListItem\",\"position\":3,\"name\":\"\u201eWOOPIE\u201c kinetinio sm\u0117lio rinkinys \u201eStatyb\u0173 aik\u0161tel\u0117 lagamine\u201c su transporto priemon\u0117mis, 1 kg\"}]},{\"@type\":\"WebSite\",\"@id\":\"https:\\\/\\\/kidsplay.lt\\\/#website\",\"url\":\"https:\\\/\\\/kidsplay.lt\\\/\",\"name\":\"Kidsplay.lt\",\"description\":\"\u012evairios prek\u0117s vaikams\",\"publisher\":{\"@id\":\"https:\\\/\\\/kidsplay.lt\\\/#organization\"},\"alternateName\":\"Kidsplay\",\"potentialAction\":[{\"@type\":\"SearchAction\",\"target\":{\"@type\":\"EntryPoint\",\"urlTemplate\":\"https:\\\/\\\/kidsplay.lt\\\/?s={search_term_string}\"},\"query-input\":{\"@type\":\"PropertyValueSpecification\",\"valueRequired\":true,\"valueName\":\"search_term_string\"}}],\"inLanguage\":\"lv-LV\"},{\"@type\":\"Organization\",\"@id\":\"https:\\\/\\\/kidsplay.lt\\\/#organization\",\"name\":\"KidsPlay\",\"url\":\"https:\\\/\\\/kidsplay.lt\\\/\",\"logo\":{\"@type\":\"ImageObject\",\"inLanguage\":\"lv-LV\",\"@id\":\"https:\\\/\\\/kidsplay.lt\\\/#\\\/schema\\\/logo\\\/image\\\/\",\"url\":\"https:\\\/\\\/kidsplay.lt\\\/wp-content\\\/uploads\\\/2023\\\/07\\\/kidsplay-logo.png\",\"contentUrl\":\"https:\\\/\\\/kidsplay.lt\\\/wp-content\\\/uploads\\\/2023\\\/07\\\/kidsplay-logo.png\",\"width\":451,\"height\":98,\"caption\":\"KidsPlay\"},\"image\":{\"@id\":\"https:\\\/\\\/kidsplay.lt\\\/#\\\/schema\\\/logo\\\/image\\\/\"},\"sameAs\":[\"https:\\\/\\\/www.facebook.com\\\/www.kidsplay.lt\"]}]}<\/script>\n<!-- \/ Yoast SEO plugin. -->","yoast_head_json":{"title":"\u201eWOOPIE kin\u0113tisko smil\u0161u komplekts &quot;B\u016bvlaukums \u010demod\u0101n\u0101&quot; ar transportl\u012bdzek\u013ciem, 1 kg","description":"\u201eWOOPIE\u201c kinetinio sm\u0117lio rinkinys \u201eStatyb\u0173 aik\u0161tel\u0117 lagamine\u201c su transporto priemon\u0117mis, 1 kg - KidsPlay. Did\u017eiausias vaik\u0173 \u017eaisl\u0173 pasirinkimas.","robots":{"index":"index","follow":"follow","max-snippet":"max-snippet:-1","max-image-preview":"max-image-preview:large","max-video-preview":"max-video-preview:-1"},"canonical":"https:\/\/kidsplay.lt\/lv\/products\/woopie-kinetinio-smelio-rinkinys-statybu-aikstele-lagamine-su-transporto-priemonemis-1-kg\/","og_locale":"lv_LV","og_type":"article","og_title":"\u201eWOOPIE\u201c kinetinio sm\u0117lio rinkinys \u201eStatyb\u0173 aik\u0161tel\u0117 lagamine\u201c su transporto priemon\u0117mis, 1 kg","og_description":"\u201eWOOPIE\u201c kinetinio sm\u0117lio rinkinys \u201eStatyb\u0173 aik\u0161tel\u0117 lagamine\u201c su transporto priemon\u0117mis, 1 kg - KidsPlay. Did\u017eiausias vaik\u0173 \u017eaisl\u0173 pasirinkimas.","og_url":"https:\/\/kidsplay.lt\/lv\/products\/woopie-kinetinio-smelio-rinkinys-statybu-aikstele-lagamine-su-transporto-priemonemis-1-kg\/","og_site_name":"KidsPlay","article_publisher":"https:\/\/www.facebook.com\/www.kidsplay.lt","article_modified_time":"2026-04-24T05:00:21+00:00","og_image":[{"width":1000,"height":1000,"url":"https:\/\/kidsplay.lt\/wp-content\/uploads\/2026\/04\/\u201eWOOPIE-kinetinio-smelio-rinkinys-\u201eStatybu-aikstele-lagamine-su-transporto-priemonemis-1-kg.jpg","type":"image\/jpeg"}],"twitter_card":"summary_large_image","twitter_misc":{"Est. reading time":"1 min\u016bte"},"schema":{"@context":"https:\/\/schema.org","@graph":[{"@type":"WebPage","@id":"https:\/\/kidsplay.lt\/produktas\/woopie-kinetinio-smelio-rinkinys-statybu-aikstele-lagamine-su-transporto-priemonemis-1-kg\/","url":"https:\/\/kidsplay.lt\/produktas\/woopie-kinetinio-smelio-rinkinys-statybu-aikstele-lagamine-su-transporto-priemonemis-1-kg\/","name":"\u201eWOOPIE kin\u0113tisko smil\u0161u komplekts &quot;B\u016bvlaukums \u010demod\u0101n\u0101&quot; ar transportl\u012bdzek\u013ciem, 1 kg","isPartOf":{"@id":"https:\/\/kidsplay.lt\/#website"},"primaryImageOfPage":{"@id":"https:\/\/kidsplay.lt\/produktas\/woopie-kinetinio-smelio-rinkinys-statybu-aikstele-lagamine-su-transporto-priemonemis-1-kg\/#primaryimage"},"image":{"@id":"https:\/\/kidsplay.lt\/produktas\/woopie-kinetinio-smelio-rinkinys-statybu-aikstele-lagamine-su-transporto-priemonemis-1-kg\/#primaryimage"},"thumbnailUrl":"https:\/\/kidsplay.lt\/wp-content\/uploads\/2026\/04\/\u201eWOOPIE-kinetinio-smelio-rinkinys-\u201eStatybu-aikstele-lagamine-su-transporto-priemonemis-1-kg.jpg","datePublished":"2026-04-24T05:00:10+00:00","dateModified":"2026-04-24T05:00:21+00:00","description":"\u201eWOOPIE\u201c kinetinio sm\u0117lio rinkinys \u201eStatyb\u0173 aik\u0161tel\u0117 lagamine\u201c su transporto priemon\u0117mis, 1 kg - KidsPlay. Did\u017eiausias vaik\u0173 \u017eaisl\u0173 pasirinkimas.","breadcrumb":{"@id":"https:\/\/kidsplay.lt\/produktas\/woopie-kinetinio-smelio-rinkinys-statybu-aikstele-lagamine-su-transporto-priemonemis-1-kg\/#breadcrumb"},"inLanguage":"lv-LV","potentialAction":[{"@type":"ReadAction","target":["https:\/\/kidsplay.lt\/produktas\/woopie-kinetinio-smelio-rinkinys-statybu-aikstele-lagamine-su-transporto-priemonemis-1-kg\/"]}]},{"@type":"ImageObject","inLanguage":"lv-LV","@id":"https:\/\/kidsplay.lt\/produktas\/woopie-kinetinio-smelio-rinkinys-statybu-aikstele-lagamine-su-transporto-priemonemis-1-kg\/#primaryimage","url":"https:\/\/kidsplay.lt\/wp-content\/uploads\/2026\/04\/\u201eWOOPIE-kinetinio-smelio-rinkinys-\u201eStatybu-aikstele-lagamine-su-transporto-priemonemis-1-kg.jpg","contentUrl":"https:\/\/kidsplay.lt\/wp-content\/uploads\/2026\/04\/\u201eWOOPIE-kinetinio-smelio-rinkinys-\u201eStatybu-aikstele-lagamine-su-transporto-priemonemis-1-kg.jpg","width":1000,"height":1000,"caption":"\u201eWOOPIE\u201c kinetinio sm\u0117lio rinkinys \u201eStatyb\u0173 aik\u0161tel\u0117 lagamine\u201c su transporto priemon\u0117mis"},{"@type":"BreadcrumbList","@id":"https:\/\/kidsplay.lt\/produktas\/woopie-kinetinio-smelio-rinkinys-statybu-aikstele-lagamine-su-transporto-priemonemis-1-kg\/#breadcrumb","itemListElement":[{"@type":"ListItem","position":1,"name":"Pagrindinis","item":"https:\/\/kidsplay.lt\/"},{"@type":"ListItem","position":2,"name":"Parduotuv\u0117","item":"https:\/\/kidsplay.lt\/parduotuve\/"},{"@type":"ListItem","position":3,"name":"\u201eWOOPIE\u201c kinetinio sm\u0117lio rinkinys \u201eStatyb\u0173 aik\u0161tel\u0117 lagamine\u201c su transporto priemon\u0117mis, 1 kg"}]},{"@type":"WebSite","@id":"https:\/\/kidsplay.lt\/#website","url":"https:\/\/kidsplay.lt\/","name":"B\u0113rnu sp\u0113les.lv","description":"\u012evairios prek\u0117s vaikams","publisher":{"@id":"https:\/\/kidsplay.lt\/#organization"},"alternateName":"Kidsplay","potentialAction":[{"@type":"SearchAction","target":{"@type":"EntryPoint","urlTemplate":"https:\/\/kidsplay.lt\/?s={search_term_string}"},"query-input":{"@type":"PropertyValueSpecification","valueRequired":true,"valueName":"search_term_string"}}],"inLanguage":"lv-LV"},{"@type":"Organization","@id":"https:\/\/kidsplay.lt\/#organization","name":"B\u0113rnu sp\u0113le","url":"https:\/\/kidsplay.lt\/","logo":{"@type":"ImageObject","inLanguage":"lv-LV","@id":"https:\/\/kidsplay.lt\/#\/schema\/logo\/image\/","url":"https:\/\/kidsplay.lt\/wp-content\/uploads\/2023\/07\/kidsplay-logo.png","contentUrl":"https:\/\/kidsplay.lt\/wp-content\/uploads\/2023\/07\/kidsplay-logo.png","width":451,"height":98,"caption":"KidsPlay"},"image":{"@id":"https:\/\/kidsplay.lt\/#\/schema\/logo\/image\/"},"sameAs":["https:\/\/www.facebook.com\/www.kidsplay.lt"]}]}},"_links":{"self":[{"href":"https:\/\/kidsplay.lt\/lv\/wp-json\/wp\/v2\/product\/108562","targetHints":{"allow":["GET"]}}],"collection":[{"href":"https:\/\/kidsplay.lt\/lv\/wp-json\/wp\/v2\/product"}],"about":[{"href":"https:\/\/kidsplay.lt\/lv\/wp-json\/wp\/v2\/types\/product"}],"version-history":[{"count":1,"href":"https:\/\/kidsplay.lt\/lv\/wp-json\/wp\/v2\/product\/108562\/revisions"}],"predecessor-version":[{"id":108563,"href":"https:\/\/kidsplay.lt\/lv\/wp-json\/wp\/v2\/product\/108562\/revisions\/108563"}],"wp:featuredmedia":[{"embeddable":true,"href":"https:\/\/kidsplay.lt\/lv\/wp-json\/wp\/v2\/media\/108564"}],"wp:attachment":[{"href":"https:\/\/kidsplay.lt\/lv\/wp-json\/wp\/v2\/media?parent=108562"}],"wp:term":[{"taxonomy":"product_brand","embeddable":true,"href":"https:\/\/kidsplay.lt\/lv\/wp-json\/wp\/v2\/product_brand?post=108562"},{"taxonomy":"product_cat","embeddable":true,"href":"https:\/\/kidsplay.lt\/lv\/wp-json\/wp\/v2\/product_cat?post=108562"},{"taxonomy":"product_tag","embeddable":true,"href":"https:\/\/kidsplay.lt\/lv\/wp-json\/wp\/v2\/product_tag?post=108562"}],"curies":[{"name":"wp","href":"https:\/\/api.w.org\/{rel}","templated":true}]}}