{"id":108568,"date":"2026-04-24T08:00:24","date_gmt":"2026-04-24T05:00:24","guid":{"rendered":"https:\/\/kidsplay.lt\/produktas\/woopie-kinetinio-smelio-rinkinys-ledai-lagamine-1-kg-priedai\/"},"modified":"2026-04-24T08:00:35","modified_gmt":"2026-04-24T05:00:35","slug":"woopie-kinetinio-smelio-rinkinys-ledai-lagamine-1-kg-priedai","status":"publish","type":"product","link":"https:\/\/kidsplay.lt\/lv\/products\/woopie-kinetinio-smelio-rinkinys-ledai-lagamine-1-kg-priedai\/","title":{"rendered":"\u201eWOOPIE kin\u0113tisko smil\u0161u komplekts &quot;Sald\u0113jums kofer\u012b&quot; 1 kg + aksesu\u0101ri"},"content":{"rendered":"<p>\u201eWoopie\u201c kinetinio sm\u0117lio rinkinys \u201eLedai lagamine\u201c \u2013 tai itin k\u016brybi\u0161kas \u017eaislas, kuris nukels vaik\u0105 \u012f sald\u017ei\u0173 fantazij\u0173 pasaul\u012f. \u0160is turtingas rinkinys leid\u017eia sukurti savo led\u0173 parduotuv\u0119 bet kur, nes viskas patogiai supakuota lagamino formoje. Viduje yra 1000 g smulkaus kinetinio sm\u0117lio, kuris yra mink\u0161tas, lengvai formuojamas ir malonus liesti. Vaikai gali kurti \u012fsivaizduojamus ledus, keksiukus ir desertus naudodami spalvingas formeles bei \u012frankius. \u017daidimas su \u0161iuo sm\u0117liu ne tik smagus, bet ir puiki sensorin\u0117 veikla. Po \u017eaidimo visk\u0105 galima patogiai susid\u0117ti \u012f lagamin\u0105 ir pasiimti su savimi. Tai puiki dovana kiekvienam ma\u017eajam k\u016br\u0117jui ir smali\u017eiui.<br \/>\nFunkcijas:<\/p>\n<p> \tB\u0113rniem no 3 gadu vecuma<br \/>\n \tRinkinyje 1000 g kinetinio sm\u0117lio<br \/>\n \tSm\u0117lis mink\u0161tas, lengvai formuojamas ir saugus vaikams<br \/>\n \tViskas supakuota patogiame ro\u017einiame lagamine su rankena<br \/>\n \tPuikiai tinka \u017eaidimui namuose ir kelion\u0117se<br \/>\n \tRy\u0161kios spalvos skatina \u017eaisti<\/p>\n<p>Komplekt\u0101 ietilpst:<\/p>\n<p> \tRo\u017einis lagaminas laikymui<br \/>\n \t2 spalv\u0173 kinetinis sm\u0117lis (m\u0117lynas ir ro\u017einis)<br \/>\n \tLed\u0173 ragelio formel\u0117s<br \/>\n \tLed\u0173 samtelis ir plaktos grietin\u0117l\u0117s formel\u0117s<br \/>\n \tKeksiuk\u0173 formel\u0117s<br \/>\n \tVolas pavir\u0161iui lyginti<br \/>\n \tSaugi mentel\u0117 \/ peiliukas modeliavimui<br \/>\n \t\u0160auk\u0161telis sm\u0117liui<br \/>\n \tMai\u0161eliai sm\u0117lio laikymui<\/p>","protected":false},"excerpt":{"rendered":"<p>\u201eWoopie\u201c kinetinio sm\u0117lio rinkinys \u201eLedai lagamine\u201c \u2013 tai itin k\u016brybi\u0161kas \u017eaislas, kuris nukels vaik\u0105 \u012f sald\u017ei\u0173 fantazij\u0173 pasaul\u012f. \u0160is turtingas<\/p>","protected":false},"featured_media":108570,"template":"","meta":{"_acf_changed":false,"_glsr_average":0,"_glsr_ranking":0,"_glsr_reviews":0},"product_brand":[],"product_cat":[399,229],"product_tag":[],"class_list":{"0":"post-108568","1":"product","2":"type-product","3":"status-publish","4":"has-post-thumbnail","6":"product_cat-vaidmenu-zaidimai-2","7":"product_cat-zaislai-vaikams","8":"\"style=\"background-color: #2ecc711c;\"","10":"first","11":"instock","12":"purchasable","13":"product-type-simple"},"acf":[],"yoast_head":"<!-- This site is optimized with the Yoast SEO plugin v27.4 - https:\/\/yoast.com\/product\/yoast-seo-wordpress\/ -->\n<title>\u201eWOOPIE\u201c kinetinio sm\u0117lio rinkinys \u201eLedai lagamine\u201c 1 kg + priedai<\/title>\n<meta name=\"description\" content=\"\u201eWOOPIE\u201c kinetinio sm\u0117lio rinkinys \u201eLedai lagamine\u201c 1 kg + priedai - KidsPlay. Did\u017eiausias vaik\u0173 \u017eaisl\u0173 pasirinkimas.\" \/>\n<meta name=\"robots\" content=\"index, follow, max-snippet:-1, max-image-preview:large, max-video-preview:-1\" \/>\n<link rel=\"canonical\" href=\"https:\/\/kidsplay.lt\/lv\/products\/woopie-kinetinio-smelio-rinkinys-ledai-lagamine-1-kg-priedai\/\" \/>\n<meta property=\"og:locale\" content=\"lv_LV\" \/>\n<meta property=\"og:type\" content=\"article\" \/>\n<meta property=\"og:title\" content=\"\u201eWOOPIE\u201c kinetinio sm\u0117lio rinkinys \u201eLedai lagamine\u201c 1 kg + priedai\" \/>\n<meta property=\"og:description\" content=\"\u201eWOOPIE\u201c kinetinio sm\u0117lio rinkinys \u201eLedai lagamine\u201c 1 kg + priedai - KidsPlay. Did\u017eiausias vaik\u0173 \u017eaisl\u0173 pasirinkimas.\" \/>\n<meta property=\"og:url\" content=\"https:\/\/kidsplay.lt\/lv\/products\/woopie-kinetinio-smelio-rinkinys-ledai-lagamine-1-kg-priedai\/\" \/>\n<meta property=\"og:site_name\" content=\"KidsPlay\" \/>\n<meta property=\"article:publisher\" content=\"https:\/\/www.facebook.com\/www.kidsplay.lt\" \/>\n<meta property=\"article:modified_time\" content=\"2026-04-24T05:00:35+00:00\" \/>\n<meta property=\"og:image\" content=\"https:\/\/kidsplay.lt\/wp-content\/uploads\/2026\/04\/\u201eWOOPIE-kinetinio-smelio-rinkinys-\u201eLedai-lagamine-1-kg-priedai.jpg\" \/>\n\t<meta property=\"og:image:width\" content=\"1000\" \/>\n\t<meta property=\"og:image:height\" content=\"1000\" \/>\n\t<meta property=\"og:image:type\" content=\"image\/jpeg\" \/>\n<meta name=\"twitter:card\" content=\"summary_large_image\" \/>\n<meta name=\"twitter:label1\" content=\"Est. reading time\" \/>\n\t<meta name=\"twitter:data1\" content=\"1 min\u016bte\" \/>\n<script type=\"application\/ld+json\" class=\"yoast-schema-graph\">{\"@context\":\"https:\\\/\\\/schema.org\",\"@graph\":[{\"@type\":\"WebPage\",\"@id\":\"https:\\\/\\\/kidsplay.lt\\\/produktas\\\/woopie-kinetinio-smelio-rinkinys-ledai-lagamine-1-kg-priedai\\\/\",\"url\":\"https:\\\/\\\/kidsplay.lt\\\/produktas\\\/woopie-kinetinio-smelio-rinkinys-ledai-lagamine-1-kg-priedai\\\/\",\"name\":\"\u201eWOOPIE\u201c kinetinio sm\u0117lio rinkinys \u201eLedai lagamine\u201c 1 kg + priedai\",\"isPartOf\":{\"@id\":\"https:\\\/\\\/kidsplay.lt\\\/#website\"},\"primaryImageOfPage\":{\"@id\":\"https:\\\/\\\/kidsplay.lt\\\/produktas\\\/woopie-kinetinio-smelio-rinkinys-ledai-lagamine-1-kg-priedai\\\/#primaryimage\"},\"image\":{\"@id\":\"https:\\\/\\\/kidsplay.lt\\\/produktas\\\/woopie-kinetinio-smelio-rinkinys-ledai-lagamine-1-kg-priedai\\\/#primaryimage\"},\"thumbnailUrl\":\"https:\\\/\\\/kidsplay.lt\\\/wp-content\\\/uploads\\\/2026\\\/04\\\/\u201eWOOPIE-kinetinio-smelio-rinkinys-\u201eLedai-lagamine-1-kg-priedai.jpg\",\"datePublished\":\"2026-04-24T05:00:24+00:00\",\"dateModified\":\"2026-04-24T05:00:35+00:00\",\"description\":\"\u201eWOOPIE\u201c kinetinio sm\u0117lio rinkinys \u201eLedai lagamine\u201c 1 kg + priedai - KidsPlay. Did\u017eiausias vaik\u0173 \u017eaisl\u0173 pasirinkimas.\",\"breadcrumb\":{\"@id\":\"https:\\\/\\\/kidsplay.lt\\\/produktas\\\/woopie-kinetinio-smelio-rinkinys-ledai-lagamine-1-kg-priedai\\\/#breadcrumb\"},\"inLanguage\":\"lv-LV\",\"potentialAction\":[{\"@type\":\"ReadAction\",\"target\":[\"https:\\\/\\\/kidsplay.lt\\\/produktas\\\/woopie-kinetinio-smelio-rinkinys-ledai-lagamine-1-kg-priedai\\\/\"]}]},{\"@type\":\"ImageObject\",\"inLanguage\":\"lv-LV\",\"@id\":\"https:\\\/\\\/kidsplay.lt\\\/produktas\\\/woopie-kinetinio-smelio-rinkinys-ledai-lagamine-1-kg-priedai\\\/#primaryimage\",\"url\":\"https:\\\/\\\/kidsplay.lt\\\/wp-content\\\/uploads\\\/2026\\\/04\\\/\u201eWOOPIE-kinetinio-smelio-rinkinys-\u201eLedai-lagamine-1-kg-priedai.jpg\",\"contentUrl\":\"https:\\\/\\\/kidsplay.lt\\\/wp-content\\\/uploads\\\/2026\\\/04\\\/\u201eWOOPIE-kinetinio-smelio-rinkinys-\u201eLedai-lagamine-1-kg-priedai.jpg\",\"width\":1000,\"height\":1000,\"caption\":\"\u201eWOOPIE\u201c kinetinio sm\u0117lio rinkinys \u201eLedai lagamine\u201c 1 kg + priedai\"},{\"@type\":\"BreadcrumbList\",\"@id\":\"https:\\\/\\\/kidsplay.lt\\\/produktas\\\/woopie-kinetinio-smelio-rinkinys-ledai-lagamine-1-kg-priedai\\\/#breadcrumb\",\"itemListElement\":[{\"@type\":\"ListItem\",\"position\":1,\"name\":\"Pagrindinis\",\"item\":\"https:\\\/\\\/kidsplay.lt\\\/\"},{\"@type\":\"ListItem\",\"position\":2,\"name\":\"Parduotuv\u0117\",\"item\":\"https:\\\/\\\/kidsplay.lt\\\/parduotuve\\\/\"},{\"@type\":\"ListItem\",\"position\":3,\"name\":\"\u201eWOOPIE\u201c kinetinio sm\u0117lio rinkinys \u201eLedai lagamine\u201c 1 kg + priedai\"}]},{\"@type\":\"WebSite\",\"@id\":\"https:\\\/\\\/kidsplay.lt\\\/#website\",\"url\":\"https:\\\/\\\/kidsplay.lt\\\/\",\"name\":\"Kidsplay.lt\",\"description\":\"\u012evairios prek\u0117s vaikams\",\"publisher\":{\"@id\":\"https:\\\/\\\/kidsplay.lt\\\/#organization\"},\"alternateName\":\"Kidsplay\",\"potentialAction\":[{\"@type\":\"SearchAction\",\"target\":{\"@type\":\"EntryPoint\",\"urlTemplate\":\"https:\\\/\\\/kidsplay.lt\\\/?s={search_term_string}\"},\"query-input\":{\"@type\":\"PropertyValueSpecification\",\"valueRequired\":true,\"valueName\":\"search_term_string\"}}],\"inLanguage\":\"lv-LV\"},{\"@type\":\"Organization\",\"@id\":\"https:\\\/\\\/kidsplay.lt\\\/#organization\",\"name\":\"KidsPlay\",\"url\":\"https:\\\/\\\/kidsplay.lt\\\/\",\"logo\":{\"@type\":\"ImageObject\",\"inLanguage\":\"lv-LV\",\"@id\":\"https:\\\/\\\/kidsplay.lt\\\/#\\\/schema\\\/logo\\\/image\\\/\",\"url\":\"https:\\\/\\\/kidsplay.lt\\\/wp-content\\\/uploads\\\/2023\\\/07\\\/kidsplay-logo.png\",\"contentUrl\":\"https:\\\/\\\/kidsplay.lt\\\/wp-content\\\/uploads\\\/2023\\\/07\\\/kidsplay-logo.png\",\"width\":451,\"height\":98,\"caption\":\"KidsPlay\"},\"image\":{\"@id\":\"https:\\\/\\\/kidsplay.lt\\\/#\\\/schema\\\/logo\\\/image\\\/\"},\"sameAs\":[\"https:\\\/\\\/www.facebook.com\\\/www.kidsplay.lt\"]}]}<\/script>\n<!-- \/ Yoast SEO plugin. -->","yoast_head_json":{"title":"\u201eWOOPIE kin\u0113tisko smil\u0161u komplekts &quot;Sald\u0113jums kofer\u012b&quot; 1 kg + aksesu\u0101ri","description":"\u201eWOOPIE\u201c kinetinio sm\u0117lio rinkinys \u201eLedai lagamine\u201c 1 kg + priedai - KidsPlay. Did\u017eiausias vaik\u0173 \u017eaisl\u0173 pasirinkimas.","robots":{"index":"index","follow":"follow","max-snippet":"max-snippet:-1","max-image-preview":"max-image-preview:large","max-video-preview":"max-video-preview:-1"},"canonical":"https:\/\/kidsplay.lt\/lv\/products\/woopie-kinetinio-smelio-rinkinys-ledai-lagamine-1-kg-priedai\/","og_locale":"lv_LV","og_type":"article","og_title":"\u201eWOOPIE\u201c kinetinio sm\u0117lio rinkinys \u201eLedai lagamine\u201c 1 kg + priedai","og_description":"\u201eWOOPIE\u201c kinetinio sm\u0117lio rinkinys \u201eLedai lagamine\u201c 1 kg + priedai - KidsPlay. Did\u017eiausias vaik\u0173 \u017eaisl\u0173 pasirinkimas.","og_url":"https:\/\/kidsplay.lt\/lv\/products\/woopie-kinetinio-smelio-rinkinys-ledai-lagamine-1-kg-priedai\/","og_site_name":"KidsPlay","article_publisher":"https:\/\/www.facebook.com\/www.kidsplay.lt","article_modified_time":"2026-04-24T05:00:35+00:00","og_image":[{"width":1000,"height":1000,"url":"https:\/\/kidsplay.lt\/wp-content\/uploads\/2026\/04\/\u201eWOOPIE-kinetinio-smelio-rinkinys-\u201eLedai-lagamine-1-kg-priedai.jpg","type":"image\/jpeg"}],"twitter_card":"summary_large_image","twitter_misc":{"Est. reading time":"1 min\u016bte"},"schema":{"@context":"https:\/\/schema.org","@graph":[{"@type":"WebPage","@id":"https:\/\/kidsplay.lt\/produktas\/woopie-kinetinio-smelio-rinkinys-ledai-lagamine-1-kg-priedai\/","url":"https:\/\/kidsplay.lt\/produktas\/woopie-kinetinio-smelio-rinkinys-ledai-lagamine-1-kg-priedai\/","name":"\u201eWOOPIE kin\u0113tisko smil\u0161u komplekts &quot;Sald\u0113jums kofer\u012b&quot; 1 kg + aksesu\u0101ri","isPartOf":{"@id":"https:\/\/kidsplay.lt\/#website"},"primaryImageOfPage":{"@id":"https:\/\/kidsplay.lt\/produktas\/woopie-kinetinio-smelio-rinkinys-ledai-lagamine-1-kg-priedai\/#primaryimage"},"image":{"@id":"https:\/\/kidsplay.lt\/produktas\/woopie-kinetinio-smelio-rinkinys-ledai-lagamine-1-kg-priedai\/#primaryimage"},"thumbnailUrl":"https:\/\/kidsplay.lt\/wp-content\/uploads\/2026\/04\/\u201eWOOPIE-kinetinio-smelio-rinkinys-\u201eLedai-lagamine-1-kg-priedai.jpg","datePublished":"2026-04-24T05:00:24+00:00","dateModified":"2026-04-24T05:00:35+00:00","description":"\u201eWOOPIE\u201c kinetinio sm\u0117lio rinkinys \u201eLedai lagamine\u201c 1 kg + priedai - KidsPlay. Did\u017eiausias vaik\u0173 \u017eaisl\u0173 pasirinkimas.","breadcrumb":{"@id":"https:\/\/kidsplay.lt\/produktas\/woopie-kinetinio-smelio-rinkinys-ledai-lagamine-1-kg-priedai\/#breadcrumb"},"inLanguage":"lv-LV","potentialAction":[{"@type":"ReadAction","target":["https:\/\/kidsplay.lt\/produktas\/woopie-kinetinio-smelio-rinkinys-ledai-lagamine-1-kg-priedai\/"]}]},{"@type":"ImageObject","inLanguage":"lv-LV","@id":"https:\/\/kidsplay.lt\/produktas\/woopie-kinetinio-smelio-rinkinys-ledai-lagamine-1-kg-priedai\/#primaryimage","url":"https:\/\/kidsplay.lt\/wp-content\/uploads\/2026\/04\/\u201eWOOPIE-kinetinio-smelio-rinkinys-\u201eLedai-lagamine-1-kg-priedai.jpg","contentUrl":"https:\/\/kidsplay.lt\/wp-content\/uploads\/2026\/04\/\u201eWOOPIE-kinetinio-smelio-rinkinys-\u201eLedai-lagamine-1-kg-priedai.jpg","width":1000,"height":1000,"caption":"\u201eWOOPIE\u201c kinetinio sm\u0117lio rinkinys \u201eLedai lagamine\u201c 1 kg + priedai"},{"@type":"BreadcrumbList","@id":"https:\/\/kidsplay.lt\/produktas\/woopie-kinetinio-smelio-rinkinys-ledai-lagamine-1-kg-priedai\/#breadcrumb","itemListElement":[{"@type":"ListItem","position":1,"name":"Pagrindinis","item":"https:\/\/kidsplay.lt\/"},{"@type":"ListItem","position":2,"name":"Parduotuv\u0117","item":"https:\/\/kidsplay.lt\/parduotuve\/"},{"@type":"ListItem","position":3,"name":"\u201eWOOPIE\u201c kinetinio sm\u0117lio rinkinys \u201eLedai lagamine\u201c 1 kg + priedai"}]},{"@type":"WebSite","@id":"https:\/\/kidsplay.lt\/#website","url":"https:\/\/kidsplay.lt\/","name":"B\u0113rnu sp\u0113les.lv","description":"\u012evairios prek\u0117s vaikams","publisher":{"@id":"https:\/\/kidsplay.lt\/#organization"},"alternateName":"Kidsplay","potentialAction":[{"@type":"SearchAction","target":{"@type":"EntryPoint","urlTemplate":"https:\/\/kidsplay.lt\/?s={search_term_string}"},"query-input":{"@type":"PropertyValueSpecification","valueRequired":true,"valueName":"search_term_string"}}],"inLanguage":"lv-LV"},{"@type":"Organization","@id":"https:\/\/kidsplay.lt\/#organization","name":"B\u0113rnu sp\u0113le","url":"https:\/\/kidsplay.lt\/","logo":{"@type":"ImageObject","inLanguage":"lv-LV","@id":"https:\/\/kidsplay.lt\/#\/schema\/logo\/image\/","url":"https:\/\/kidsplay.lt\/wp-content\/uploads\/2023\/07\/kidsplay-logo.png","contentUrl":"https:\/\/kidsplay.lt\/wp-content\/uploads\/2023\/07\/kidsplay-logo.png","width":451,"height":98,"caption":"KidsPlay"},"image":{"@id":"https:\/\/kidsplay.lt\/#\/schema\/logo\/image\/"},"sameAs":["https:\/\/www.facebook.com\/www.kidsplay.lt"]}]}},"_links":{"self":[{"href":"https:\/\/kidsplay.lt\/lv\/wp-json\/wp\/v2\/product\/108568","targetHints":{"allow":["GET"]}}],"collection":[{"href":"https:\/\/kidsplay.lt\/lv\/wp-json\/wp\/v2\/product"}],"about":[{"href":"https:\/\/kidsplay.lt\/lv\/wp-json\/wp\/v2\/types\/product"}],"version-history":[{"count":1,"href":"https:\/\/kidsplay.lt\/lv\/wp-json\/wp\/v2\/product\/108568\/revisions"}],"predecessor-version":[{"id":108569,"href":"https:\/\/kidsplay.lt\/lv\/wp-json\/wp\/v2\/product\/108568\/revisions\/108569"}],"wp:featuredmedia":[{"embeddable":true,"href":"https:\/\/kidsplay.lt\/lv\/wp-json\/wp\/v2\/media\/108570"}],"wp:attachment":[{"href":"https:\/\/kidsplay.lt\/lv\/wp-json\/wp\/v2\/media?parent=108568"}],"wp:term":[{"taxonomy":"product_brand","embeddable":true,"href":"https:\/\/kidsplay.lt\/lv\/wp-json\/wp\/v2\/product_brand?post=108568"},{"taxonomy":"product_cat","embeddable":true,"href":"https:\/\/kidsplay.lt\/lv\/wp-json\/wp\/v2\/product_cat?post=108568"},{"taxonomy":"product_tag","embeddable":true,"href":"https:\/\/kidsplay.lt\/lv\/wp-json\/wp\/v2\/product_tag?post=108568"}],"curies":[{"name":"wp","href":"https:\/\/api.w.org\/{rel}","templated":true}]}}